{"id":16423,"date":"2011-02-16T12:13:48","date_gmt":"2011-02-16T12:13:48","guid":{"rendered":"https:\/\/remstim.de\/pague-de-forma-segura-con-paypal\/"},"modified":"2023-10-24T08:21:43","modified_gmt":"2023-10-24T08:21:43","slug":"pague-de-forma-segura-con-paypal","status":"publish","type":"page","link":"https:\/\/remstim.com\/es\/remstim-3000\/pague-de-forma-segura-con-paypal\/","title":{"rendered":"Formas de pago"},"content":{"rendered":"<h1>Tiene a su disposici\u00f3n los siguientes m\u00e9todos de pago:<\/h1>\n<p>&nbsp;<\/p>\n<div id='gallery-1' class='gallery galleryid-16423 gallery-columns-5 gallery-size-medium'><figure class='gallery-item'>\n\t\t\t<div class='gallery-icon landscape'>\n\t\t\t\t<img decoding=\"async\" width=\"300\" height=\"156\" src=\"https:\/\/remstim.com\/wp-content\/uploads\/2023\/09\/Vorkasse-300x156.png\" class=\"attachment-medium size-medium\" alt=\"\" srcset=\"https:\/\/remstim.com\/wp-content\/uploads\/2023\/09\/Vorkasse-300x156.png 300w, https:\/\/remstim.com\/wp-content\/uploads\/2023\/09\/Vorkasse.png 431w\" sizes=\"(max-width: 300px) 100vw, 300px\" \/>\n\t\t\t<\/div><\/figure><figure class='gallery-item'>\n\t\t\t<div class='gallery-icon landscape'>\n\t\t\t\t<img decoding=\"async\" width=\"300\" height=\"139\" src=\"https:\/\/remstim.com\/wp-content\/uploads\/2023\/09\/giropay-300x139.png\" class=\"attachment-medium size-medium\" alt=\"\" srcset=\"https:\/\/remstim.com\/wp-content\/uploads\/2023\/09\/giropay-300x139.png 300w, https:\/\/remstim.com\/wp-content\/uploads\/2023\/09\/giropay-1024x473.png 1024w, https:\/\/remstim.com\/wp-content\/uploads\/2023\/09\/giropay-768x355.png 768w, https:\/\/remstim.com\/wp-content\/uploads\/2023\/09\/giropay-600x277.png 600w, https:\/\/remstim.com\/wp-content\/uploads\/2023\/09\/giropay.png 1280w\" sizes=\"(max-width: 300px) 100vw, 300px\" \/>\n\t\t\t<\/div><\/figure><figure class='gallery-item'>\n\t\t\t<div class='gallery-icon landscape'>\n\t\t\t\t<img fetchpriority=\"high\" decoding=\"async\" width=\"300\" height=\"167\" src=\"https:\/\/remstim.com\/wp-content\/uploads\/2023\/09\/klarna-300x167.png\" class=\"attachment-medium size-medium\" alt=\"\" srcset=\"https:\/\/remstim.com\/wp-content\/uploads\/2023\/09\/klarna-300x167.png 300w, https:\/\/remstim.com\/wp-content\/uploads\/2023\/09\/klarna-1024x570.png 1024w, https:\/\/remstim.com\/wp-content\/uploads\/2023\/09\/klarna-768x427.png 768w, https:\/\/remstim.com\/wp-content\/uploads\/2023\/09\/klarna-600x334.png 600w, https:\/\/remstim.com\/wp-content\/uploads\/2023\/09\/klarna.png 1280w\" sizes=\"(max-width: 300px) 100vw, 300px\" \/>\n\t\t\t<\/div><\/figure><figure class='gallery-item'>\n\t\t\t<div class='gallery-icon landscape'>\n\t\t\t\t<img loading=\"lazy\" decoding=\"async\" width=\"300\" height=\"167\" src=\"https:\/\/remstim.com\/wp-content\/uploads\/2023\/09\/p24-300x167.png\" class=\"attachment-medium size-medium\" alt=\"\" srcset=\"https:\/\/remstim.com\/wp-content\/uploads\/2023\/09\/p24-300x167.png 300w, https:\/\/remstim.com\/wp-content\/uploads\/2023\/09\/p24-768x427.png 768w, https:\/\/remstim.com\/wp-content\/uploads\/2023\/09\/p24-600x333.png 600w, https:\/\/remstim.com\/wp-content\/uploads\/2023\/09\/p24.png 900w\" sizes=\"(max-width: 300px) 100vw, 300px\" \/>\n\t\t\t<\/div><\/figure><figure class='gallery-item'>\n\t\t\t<div class='gallery-icon landscape'>\n\t\t\t\t<img loading=\"lazy\" decoding=\"async\" width=\"300\" height=\"195\" src=\"https:\/\/remstim.com\/wp-content\/uploads\/2023\/09\/eps-300x195.png\" class=\"attachment-medium size-medium\" alt=\"\" srcset=\"https:\/\/remstim.com\/wp-content\/uploads\/2023\/09\/eps-300x195.png 300w, https:\/\/remstim.com\/wp-content\/uploads\/2023\/09\/eps-1024x665.png 1024w, https:\/\/remstim.com\/wp-content\/uploads\/2023\/09\/eps-768x499.png 768w, https:\/\/remstim.com\/wp-content\/uploads\/2023\/09\/eps-1536x997.png 1536w, https:\/\/remstim.com\/wp-content\/uploads\/2023\/09\/eps-2048x1330.png 2048w, https:\/\/remstim.com\/wp-content\/uploads\/2023\/09\/eps-600x390.png 600w\" sizes=\"(max-width: 300px) 100vw, 300px\" \/>\n\t\t\t<\/div><\/figure><figure class='gallery-item'>\n\t\t\t<div class='gallery-icon landscape'>\n\t\t\t\t<img loading=\"lazy\" decoding=\"async\" width=\"263\" height=\"192\" src=\"https:\/\/remstim.com\/wp-content\/uploads\/2023\/09\/Visa.png\" class=\"attachment-medium size-medium\" alt=\"\" \/>\n\t\t\t<\/div><\/figure><figure class='gallery-item'>\n\t\t\t<div class='gallery-icon landscape'>\n\t\t\t\t<img loading=\"lazy\" decoding=\"async\" width=\"268\" height=\"188\" src=\"https:\/\/remstim.com\/wp-content\/uploads\/2023\/09\/mastercard.png\" class=\"attachment-medium size-medium\" alt=\"\" \/>\n\t\t\t<\/div><\/figure><figure class='gallery-item'>\n\t\t\t<div class='gallery-icon landscape'>\n\t\t\t\t<img loading=\"lazy\" decoding=\"async\" width=\"300\" height=\"190\" src=\"https:\/\/remstim.com\/wp-content\/uploads\/2023\/09\/discover-300x190.jpg\" class=\"attachment-medium size-medium\" alt=\"\" srcset=\"https:\/\/remstim.com\/wp-content\/uploads\/2023\/09\/discover-300x190.jpg 300w, https:\/\/remstim.com\/wp-content\/uploads\/2023\/09\/discover.jpg 490w\" sizes=\"(max-width: 300px) 100vw, 300px\" \/>\n\t\t\t<\/div><\/figure><figure class='gallery-item'>\n\t\t\t<div class='gallery-icon landscape'>\n\t\t\t\t<img loading=\"lazy\" decoding=\"async\" width=\"281\" height=\"180\" src=\"https:\/\/remstim.com\/wp-content\/uploads\/2023\/09\/union.png\" class=\"attachment-medium size-medium\" alt=\"\" \/>\n\t\t\t<\/div><\/figure><figure class='gallery-item'>\n\t\t\t<div class='gallery-icon landscape'>\n\t\t\t\t<img loading=\"lazy\" decoding=\"async\" width=\"300\" height=\"141\" src=\"https:\/\/remstim.com\/wp-content\/uploads\/2023\/09\/blik-300x141.png\" class=\"attachment-medium size-medium\" alt=\"\" srcset=\"https:\/\/remstim.com\/wp-content\/uploads\/2023\/09\/blik-300x141.png 300w, https:\/\/remstim.com\/wp-content\/uploads\/2023\/09\/blik-768x361.png 768w, https:\/\/remstim.com\/wp-content\/uploads\/2023\/09\/blik-600x282.png 600w, https:\/\/remstim.com\/wp-content\/uploads\/2023\/09\/blik.png 800w\" sizes=\"(max-width: 300px) 100vw, 300px\" \/>\n\t\t\t<\/div><\/figure><figure class='gallery-item'>\n\t\t\t<div class='gallery-icon landscape'>\n\t\t\t\t<img loading=\"lazy\" decoding=\"async\" width=\"225\" height=\"225\" src=\"https:\/\/remstim.com\/wp-content\/uploads\/2023\/09\/paypal.png\" class=\"attachment-medium size-medium\" alt=\"\" srcset=\"https:\/\/remstim.com\/wp-content\/uploads\/2023\/09\/paypal.png 225w, https:\/\/remstim.com\/wp-content\/uploads\/2023\/09\/paypal-150x150.png 150w, https:\/\/remstim.com\/wp-content\/uploads\/2023\/09\/paypal-100x100.png 100w\" sizes=\"(max-width: 225px) 100vw, 225px\" \/>\n\t\t\t<\/div><\/figure><figure class='gallery-item'>\n\t\t\t<div class='gallery-icon landscape'>\n\t\t\t\t<img loading=\"lazy\" decoding=\"async\" width=\"225\" height=\"225\" src=\"https:\/\/remstim.com\/wp-content\/uploads\/2023\/09\/diners.png\" class=\"attachment-medium size-medium\" alt=\"\" srcset=\"https:\/\/remstim.com\/wp-content\/uploads\/2023\/09\/diners.png 225w, https:\/\/remstim.com\/wp-content\/uploads\/2023\/09\/diners-150x150.png 150w, https:\/\/remstim.com\/wp-content\/uploads\/2023\/09\/diners-100x100.png 100w\" sizes=\"(max-width: 225px) 100vw, 225px\" \/>\n\t\t\t<\/div><\/figure><figure class='gallery-item'>\n\t\t\t<div class='gallery-icon landscape'>\n\t\t\t\t<img loading=\"lazy\" decoding=\"async\" width=\"225\" height=\"225\" src=\"https:\/\/remstim.com\/wp-content\/uploads\/2023\/09\/amex.png\" class=\"attachment-medium size-medium\" alt=\"\" srcset=\"https:\/\/remstim.com\/wp-content\/uploads\/2023\/09\/amex.png 225w, https:\/\/remstim.com\/wp-content\/uploads\/2023\/09\/amex-150x150.png 150w, https:\/\/remstim.com\/wp-content\/uploads\/2023\/09\/amex-100x100.png 100w\" sizes=\"(max-width: 225px) 100vw, 225px\" \/>\n\t\t\t<\/div><\/figure><figure class='gallery-item'>\n\t\t\t<div class='gallery-icon landscape'>\n\t\t\t\t<img loading=\"lazy\" decoding=\"async\" width=\"300\" height=\"231\" src=\"https:\/\/remstim.com\/wp-content\/uploads\/2023\/09\/jcb-300x231.jpg\" class=\"attachment-medium size-medium\" alt=\"\" srcset=\"https:\/\/remstim.com\/wp-content\/uploads\/2023\/09\/jcb-300x231.jpg 300w, https:\/\/remstim.com\/wp-content\/uploads\/2023\/09\/jcb-768x592.jpg 768w, https:\/\/remstim.com\/wp-content\/uploads\/2023\/09\/jcb-600x462.jpg 600w, https:\/\/remstim.com\/wp-content\/uploads\/2023\/09\/jcb.jpg 1024w\" sizes=\"(max-width: 300px) 100vw, 300px\" \/>\n\t\t\t<\/div><\/figure><figure class='gallery-item'>\n\t\t\t<div class='gallery-icon landscape'>\n\t\t\t\t<img loading=\"lazy\" decoding=\"async\" width=\"241\" height=\"209\" src=\"https:\/\/remstim.com\/wp-content\/uploads\/2023\/09\/ideal.png\" class=\"attachment-medium size-medium\" alt=\"\" \/>\n\t\t\t<\/div><\/figure><figure class='gallery-item'>\n\t\t\t<div class='gallery-icon landscape'>\n\t\t\t\t<img loading=\"lazy\" decoding=\"async\" width=\"300\" height=\"213\" src=\"https:\/\/remstim.com\/wp-content\/uploads\/2023\/09\/Bancontact-300x213.png\" class=\"attachment-medium size-medium\" alt=\"\" srcset=\"https:\/\/remstim.com\/wp-content\/uploads\/2023\/09\/Bancontact-300x213.png 300w, https:\/\/remstim.com\/wp-content\/uploads\/2023\/09\/Bancontact-1024x726.png 1024w, https:\/\/remstim.com\/wp-content\/uploads\/2023\/09\/Bancontact-768x544.png 768w, https:\/\/remstim.com\/wp-content\/uploads\/2023\/09\/Bancontact-600x425.png 600w, https:\/\/remstim.com\/wp-content\/uploads\/2023\/09\/Bancontact.png 1280w\" sizes=\"(max-width: 300px) 100vw, 300px\" \/>\n\t\t\t<\/div><\/figure>\n\t\t<\/div>\n\n<p>A excepci\u00f3n del m\u00e9todo de pago prepago \/ transferencia bancaria, los m\u00e9todos de pago se procesan con los proveedores de servicios de pago <a href=\"https:\/\/stripe.com\/de\" target=\"_blank\" rel=\"noopener\">Stripe<\/a> o <a href=\"http:\/\/paypal.com\" target=\"_blank\" rel=\"noopener\">PayPal<\/a>.<\/p>\n<p>Estaremos encantados de responder a sus preguntas. Escr\u00edbanos a: info@remstim.com<\/p>\n<p>Lea nuestra informaci\u00f3n sobre <a href=\"https:\/\/remstim.com\/es\/pie-de-imprenta\/politica-de-privacidad\/\">protecci\u00f3n de datos<\/a>, condiciones <a href=\"https:\/\/remstim.com\/es\/pie-de-imprenta\/condiciones-generales\/\">generales<\/a>, <a href=\"https:\/\/remstim.com\/es\/remstim-3000\/condiciones-de-envio-y-entrega\/\">condiciones de env\u00edo y entrega<\/a> y <a href=\"https:\/\/remstim.com\/es\/pie-de-imprenta\/\">pie de imprenta<\/a>.<\/p>\n","protected":false},"excerpt":{"rendered":"<p>Tiene a su disposici\u00f3n los siguientes m\u00e9todos de pago: &nbsp; A excepci\u00f3n del m\u00e9todo de pago prepago \/ transferencia bancaria, los m\u00e9todos de pago se procesan con los proveedores de servicios de pago Stripe o PayPal. Estaremos encantados de responder a sus preguntas. Escr\u00edbanos a: info@remstim.com Lea nuestra informaci\u00f3n sobre protecci\u00f3n de datos, condiciones generales, [&hellip;]<\/p>\n","protected":false},"author":1,"featured_media":0,"parent":16433,"menu_order":1,"comment_status":"closed","ping_status":"closed","template":"","meta":{"_acf_changed":false,"site-sidebar-layout":"default","site-content-layout":"default","ast-site-content-layout":"default","site-content-style":"default","site-sidebar-style":"default","ast-global-header-display":"","ast-banner-title-visibility":"","ast-main-header-display":"","ast-hfb-above-header-display":"","ast-hfb-below-header-display":"","ast-hfb-mobile-header-display":"","site-post-title":"","ast-breadcrumbs-content":"","ast-featured-img":"","footer-sml-layout":"","ast-disable-related-posts":"","theme-transparent-header-meta":"default","adv-header-id-meta":"","stick-header-meta":"default","header-above-stick-meta":"","header-main-stick-meta":"","header-below-stick-meta":"","astra-migrate-meta-layouts":"default","ast-page-background-enabled":"default","ast-page-background-meta":{"desktop":{"background-color":"var(--ast-global-color-4)","background-image":"","background-repeat":"repeat","background-position":"center center","background-size":"auto","background-attachment":"scroll","background-type":"","background-media":"","overlay-type":"","overlay-color":"","overlay-opacity":"","overlay-gradient":""},"tablet":{"background-color":"","background-image":"","background-repeat":"repeat","background-position":"center center","background-size":"auto","background-attachment":"scroll","background-type":"","background-media":"","overlay-type":"","overlay-color":"","overlay-opacity":"","overlay-gradient":""},"mobile":{"background-color":"","background-image":"","background-repeat":"repeat","background-position":"center center","background-size":"auto","background-attachment":"scroll","background-type":"","background-media":"","overlay-type":"","overlay-color":"","overlay-opacity":"","overlay-gradient":""}},"ast-content-background-meta":{"desktop":{"background-color":"var(--ast-global-color-5)","background-image":"","background-repeat":"repeat","background-position":"center center","background-size":"auto","background-attachment":"scroll","background-type":"","background-media":"","overlay-type":"","overlay-color":"","overlay-opacity":"","overlay-gradient":""},"tablet":{"background-color":"var(--ast-global-color-5)","background-image":"","background-repeat":"repeat","background-position":"center center","background-size":"auto","background-attachment":"scroll","background-type":"","background-media":"","overlay-type":"","overlay-color":"","overlay-opacity":"","overlay-gradient":""},"mobile":{"background-color":"var(--ast-global-color-5)","background-image":"","background-repeat":"repeat","background-position":"center center","background-size":"auto","background-attachment":"scroll","background-type":"","background-media":"","overlay-type":"","overlay-color":"","overlay-opacity":"","overlay-gradient":""}},"footnotes":""},"class_list":["post-16423","page","type-page","status-publish","hentry"],"acf":[],"yoast_head":"<!-- This site is optimized with the Yoast SEO plugin v27.3 - https:\/\/yoast.com\/product\/yoast-seo-wordpress\/ -->\n<title>Formas de pago - EMDR Ger\u00e4t REMSTIM 3000 gegen Stress<\/title>\n<meta name=\"robots\" content=\"noindex, nofollow\" \/>\n<meta property=\"og:locale\" content=\"es_ES\" \/>\n<meta property=\"og:type\" content=\"article\" \/>\n<meta property=\"og:title\" content=\"Formas de pago - EMDR Ger\u00e4t REMSTIM 3000 gegen Stress\" \/>\n<meta property=\"og:description\" content=\"Tiene a su disposici\u00f3n los siguientes m\u00e9todos de pago: &nbsp; A excepci\u00f3n del m\u00e9todo de pago prepago \/ transferencia bancaria, los m\u00e9todos de pago se procesan con los proveedores de servicios de pago Stripe o PayPal. Estaremos encantados de responder a sus preguntas. Escr\u00edbanos a: info@remstim.com Lea nuestra informaci\u00f3n sobre protecci\u00f3n de datos, condiciones generales, [&hellip;]\" \/>\n<meta property=\"og:url\" content=\"https:\/\/remstim.com\/es\/remstim-3000\/pague-de-forma-segura-con-paypal\/\" \/>\n<meta property=\"og:site_name\" content=\"EMDR Ger\u00e4t REMSTIM 3000 gegen Stress\" \/>\n<meta property=\"article:modified_time\" content=\"2023-10-24T08:21:43+00:00\" \/>\n<meta property=\"og:image\" content=\"https:\/\/remstim.com\/wp-content\/uploads\/2023\/09\/Vorkasse-300x156.png\" \/>\n<meta name=\"twitter:label1\" content=\"Tiempo de lectura\" \/>\n\t<meta name=\"twitter:data1\" content=\"3 minutos\" \/>\n<script type=\"application\/ld+json\" class=\"yoast-schema-graph\">{\"@context\":\"https:\\\/\\\/schema.org\",\"@graph\":[{\"@type\":\"WebPage\",\"@id\":\"https:\\\/\\\/remstim.com\\\/es\\\/remstim-3000\\\/pague-de-forma-segura-con-paypal\\\/\",\"url\":\"https:\\\/\\\/remstim.com\\\/es\\\/remstim-3000\\\/pague-de-forma-segura-con-paypal\\\/\",\"name\":\"Formas de pago - EMDR Ger\u00e4t REMSTIM 3000 gegen Stress\",\"isPartOf\":{\"@id\":\"https:\\\/\\\/remstim.com\\\/es\\\/#website\"},\"datePublished\":\"2011-02-16T12:13:48+00:00\",\"dateModified\":\"2023-10-24T08:21:43+00:00\",\"breadcrumb\":{\"@id\":\"https:\\\/\\\/remstim.com\\\/es\\\/remstim-3000\\\/pague-de-forma-segura-con-paypal\\\/#breadcrumb\"},\"inLanguage\":\"es\",\"potentialAction\":[{\"@type\":\"ReadAction\",\"target\":[\"https:\\\/\\\/remstim.com\\\/es\\\/remstim-3000\\\/pague-de-forma-segura-con-paypal\\\/\"]}]},{\"@type\":\"BreadcrumbList\",\"@id\":\"https:\\\/\\\/remstim.com\\\/es\\\/remstim-3000\\\/pague-de-forma-segura-con-paypal\\\/#breadcrumb\",\"itemListElement\":[{\"@type\":\"ListItem\",\"position\":1,\"name\":\"Startseite\",\"item\":\"https:\\\/\\\/remstim.com\\\/es\\\/\"},{\"@type\":\"ListItem\",\"position\":2,\"name\":\"Gafas EMDR REMSTIM 3000\",\"item\":\"https:\\\/\\\/remstim.com\\\/es\\\/remstim-3000\\\/\"},{\"@type\":\"ListItem\",\"position\":3,\"name\":\"Formas de pago\"}]},{\"@type\":\"WebSite\",\"@id\":\"https:\\\/\\\/remstim.com\\\/es\\\/#website\",\"url\":\"https:\\\/\\\/remstim.com\\\/es\\\/\",\"name\":\"EMDR Ger\u00e4t REMSTIM 3000 gegen Stress\",\"description\":\"Wie wir schnell Entspannung finden.\",\"publisher\":{\"@id\":\"https:\\\/\\\/remstim.com\\\/es\\\/#organization\"},\"potentialAction\":[{\"@type\":\"SearchAction\",\"target\":{\"@type\":\"EntryPoint\",\"urlTemplate\":\"https:\\\/\\\/remstim.com\\\/es\\\/?s={search_term_string}\"},\"query-input\":{\"@type\":\"PropertyValueSpecification\",\"valueRequired\":true,\"valueName\":\"search_term_string\"}}],\"inLanguage\":\"es\"},{\"@type\":\"Organization\",\"@id\":\"https:\\\/\\\/remstim.com\\\/es\\\/#organization\",\"name\":\"EMDR Ger\u00e4t REMSTIM 3000 gegen Stress\",\"url\":\"https:\\\/\\\/remstim.com\\\/es\\\/\",\"logo\":{\"@type\":\"ImageObject\",\"inLanguage\":\"es\",\"@id\":\"https:\\\/\\\/remstim.com\\\/es\\\/#\\\/schema\\\/logo\\\/image\\\/\",\"url\":\"https:\\\/\\\/remstim.com\\\/wp-content\\\/uploads\\\/2012\\\/06\\\/REMSTIM-Logo-mit-Untertitel_orange-e1340382850185.png\",\"contentUrl\":\"https:\\\/\\\/remstim.com\\\/wp-content\\\/uploads\\\/2012\\\/06\\\/REMSTIM-Logo-mit-Untertitel_orange-e1340382850185.png\",\"width\":304,\"height\":80,\"caption\":\"EMDR Ger\u00e4t REMSTIM 3000 gegen Stress\"},\"image\":{\"@id\":\"https:\\\/\\\/remstim.com\\\/es\\\/#\\\/schema\\\/logo\\\/image\\\/\"}}]}<\/script>\n<!-- \/ Yoast SEO plugin. -->","yoast_head_json":{"title":"Formas de pago - EMDR Ger\u00e4t REMSTIM 3000 gegen Stress","robots":{"index":"noindex","follow":"nofollow"},"og_locale":"es_ES","og_type":"article","og_title":"Formas de pago - EMDR Ger\u00e4t REMSTIM 3000 gegen Stress","og_description":"Tiene a su disposici\u00f3n los siguientes m\u00e9todos de pago: &nbsp; A excepci\u00f3n del m\u00e9todo de pago prepago \/ transferencia bancaria, los m\u00e9todos de pago se procesan con los proveedores de servicios de pago Stripe o PayPal. Estaremos encantados de responder a sus preguntas. Escr\u00edbanos a: info@remstim.com Lea nuestra informaci\u00f3n sobre protecci\u00f3n de datos, condiciones generales, [&hellip;]","og_url":"https:\/\/remstim.com\/es\/remstim-3000\/pague-de-forma-segura-con-paypal\/","og_site_name":"EMDR Ger\u00e4t REMSTIM 3000 gegen Stress","article_modified_time":"2023-10-24T08:21:43+00:00","og_image":[{"url":"https:\/\/remstim.com\/wp-content\/uploads\/2023\/09\/Vorkasse-300x156.png","type":"","width":"","height":""}],"twitter_misc":{"Tiempo de lectura":"3 minutos"},"schema":{"@context":"https:\/\/schema.org","@graph":[{"@type":"WebPage","@id":"https:\/\/remstim.com\/es\/remstim-3000\/pague-de-forma-segura-con-paypal\/","url":"https:\/\/remstim.com\/es\/remstim-3000\/pague-de-forma-segura-con-paypal\/","name":"Formas de pago - EMDR Ger\u00e4t REMSTIM 3000 gegen Stress","isPartOf":{"@id":"https:\/\/remstim.com\/es\/#website"},"datePublished":"2011-02-16T12:13:48+00:00","dateModified":"2023-10-24T08:21:43+00:00","breadcrumb":{"@id":"https:\/\/remstim.com\/es\/remstim-3000\/pague-de-forma-segura-con-paypal\/#breadcrumb"},"inLanguage":"es","potentialAction":[{"@type":"ReadAction","target":["https:\/\/remstim.com\/es\/remstim-3000\/pague-de-forma-segura-con-paypal\/"]}]},{"@type":"BreadcrumbList","@id":"https:\/\/remstim.com\/es\/remstim-3000\/pague-de-forma-segura-con-paypal\/#breadcrumb","itemListElement":[{"@type":"ListItem","position":1,"name":"Startseite","item":"https:\/\/remstim.com\/es\/"},{"@type":"ListItem","position":2,"name":"Gafas EMDR REMSTIM 3000","item":"https:\/\/remstim.com\/es\/remstim-3000\/"},{"@type":"ListItem","position":3,"name":"Formas de pago"}]},{"@type":"WebSite","@id":"https:\/\/remstim.com\/es\/#website","url":"https:\/\/remstim.com\/es\/","name":"EMDR Ger\u00e4t REMSTIM 3000 gegen Stress","description":"Wie wir schnell Entspannung finden.","publisher":{"@id":"https:\/\/remstim.com\/es\/#organization"},"potentialAction":[{"@type":"SearchAction","target":{"@type":"EntryPoint","urlTemplate":"https:\/\/remstim.com\/es\/?s={search_term_string}"},"query-input":{"@type":"PropertyValueSpecification","valueRequired":true,"valueName":"search_term_string"}}],"inLanguage":"es"},{"@type":"Organization","@id":"https:\/\/remstim.com\/es\/#organization","name":"EMDR Ger\u00e4t REMSTIM 3000 gegen Stress","url":"https:\/\/remstim.com\/es\/","logo":{"@type":"ImageObject","inLanguage":"es","@id":"https:\/\/remstim.com\/es\/#\/schema\/logo\/image\/","url":"https:\/\/remstim.com\/wp-content\/uploads\/2012\/06\/REMSTIM-Logo-mit-Untertitel_orange-e1340382850185.png","contentUrl":"https:\/\/remstim.com\/wp-content\/uploads\/2012\/06\/REMSTIM-Logo-mit-Untertitel_orange-e1340382850185.png","width":304,"height":80,"caption":"EMDR Ger\u00e4t REMSTIM 3000 gegen Stress"},"image":{"@id":"https:\/\/remstim.com\/es\/#\/schema\/logo\/image\/"}}]}},"_links":{"self":[{"href":"https:\/\/remstim.com\/es\/wp-json\/wp\/v2\/pages\/16423","targetHints":{"allow":["GET"]}}],"collection":[{"href":"https:\/\/remstim.com\/es\/wp-json\/wp\/v2\/pages"}],"about":[{"href":"https:\/\/remstim.com\/es\/wp-json\/wp\/v2\/types\/page"}],"author":[{"embeddable":true,"href":"https:\/\/remstim.com\/es\/wp-json\/wp\/v2\/users\/1"}],"replies":[{"embeddable":true,"href":"https:\/\/remstim.com\/es\/wp-json\/wp\/v2\/comments?post=16423"}],"version-history":[{"count":0,"href":"https:\/\/remstim.com\/es\/wp-json\/wp\/v2\/pages\/16423\/revisions"}],"up":[{"embeddable":true,"href":"https:\/\/remstim.com\/es\/wp-json\/wp\/v2\/pages\/16433"}],"wp:attachment":[{"href":"https:\/\/remstim.com\/es\/wp-json\/wp\/v2\/media?parent=16423"}],"curies":[{"name":"wp","href":"https:\/\/api.w.org\/{rel}","templated":true}]}}