{"id":16426,"date":"2011-03-18T17:12:28","date_gmt":"2011-03-18T17:12:28","guid":{"rendered":"https:\/\/remstim.de\/informacion-importante\/"},"modified":"2023-09-15T06:59:09","modified_gmt":"2023-09-15T06:59:09","slug":"informacion-importante","status":"publish","type":"page","link":"https:\/\/remstim.com\/es\/fundamentos-de-la-utilizacion-de-emdr-en-coaching-con-el-remstim-3000\/informacion-importante\/","title":{"rendered":"Informaci\u00f3n importante"},"content":{"rendered":"<h1 style=\"text-align: justify;\">Informaci\u00f3n importante<\/h1>\n<p style=\"text-align: justify;\">El REMSTIM 3000 es un dispositivo de estimulaci\u00f3n del movimiento ocular. El uso del REMSTIM 3000 para estimular los movimientos oculares se entiende como un entrenamiento mental que mejora el rendimiento. No es un procedimiento de diagn\u00f3stico, dispositivo m\u00e9dico, terapia m\u00e9dica o cualquier otra forma de curaci\u00f3n, no trata enfermedades ni s\u00edntomas de enfermedades. No se hacen promesas de curaci\u00f3n, por lo que se crean falsas esperanzas en el usuario.<\/p>\n<p style=\"text-align: justify;\">El uso de REMSTIM 3000 no pretende sustituir el trabajo de un psicoterapeuta, m\u00e9dico o profesional alternativo. Por lo tanto, el tratamiento en curso no debe interrumpirse ni suspenderse, y el futuro tratamiento necesario no debe posponerse ni omitirse por completo.<\/p>\n<p style=\"text-align: justify;\">3. el uso del REMSTIM 3000 no anula en ning\u00fan caso las \u00f3rdenes m\u00e9dicas. La responsabilidad recae enteramente en el usuario.<\/p>\n<p style=\"text-align: justify;\">4. la descripci\u00f3n de estados f\u00edsicos, emocionales y mentales -en particular mediante el uso de palabras como estr\u00e9s, esfuerzo, preocupaci\u00f3n, pena, inquietud, ansiedad, tensi\u00f3n y t\u00e9rminos similares- es aqu\u00ed exclusivamente una descripci\u00f3n del estado de salud de personas sanas dentro de un rango natural de variaci\u00f3n. En ning\u00fan caso se dar\u00e1 la impresi\u00f3n de que las sensibilidades representadas van m\u00e1s all\u00e1 de un cierto grado de deterioro e intentan describir o incluso representar enfermedades, sufrimientos, da\u00f1os corporales o dolencias patol\u00f3gicas.<\/p>\n<p style=\"text-align: justify;\">5. un requisito previo para el usuario es -como suele ocurrir con el coaching- una capacidad de recuperaci\u00f3n mental y f\u00edsica normal.<\/p>\n<p style=\"text-align: justify;\">6. el uso del REMSTIM 3000 no es adecuado en ning\u00fan momento para personas que padezcan o hayan padecido en particular las siguientes enfermedades:<\/p>\n<ul style=\"text-align: justify;\">\n<li>Epilepsia<\/li>\n<li>Enfermedades oculares<\/li>\n<li>Enfermedades cerebro-org\u00e1nicas<\/li>\n<li>Trastornos adictivos<\/li>\n<li>Trastornos disociativos<\/li>\n<li>Trastornos del ego<\/li>\n<\/ul>\n<p style=\"text-align: justify;\">Es libre responsabilidad y decisi\u00f3n del usuario comenzar, continuar o dejar de utilizar el REMSTIM 3000.<\/p>\n<p style=\"text-align: justify;\">8. el uso del REMSTIM 3000 puede provocar emociones intensas transitorias.<\/p>\n<p style=\"text-align: justify;\">9. utilice el REMSTIM 3000 \u00fanicamente para el fin para el que ha sido fabricado. Tenga en cuenta que cuando el REMSTIM 3000 est\u00e1 colocado, llena completamente su campo de visi\u00f3n y bloquea totalmente la visi\u00f3n de su entorno.<\/p>\n<p style=\"text-align: justify;\">El REMSTIM 3000 est\u00e1 destinado al uso personal en posici\u00f3n sentada o tumbada. El REMSTIM 3000 no est\u00e1 destinado a un uso comercial. Se recomiendan hasta 3 aplicaciones consecutivas de 30 segundos cada una.<\/p>\n<p style=\"text-align: justify;\">Si los movimientos oculares se perciben como inc\u00f3modos, especialmente durante las primeras aplicaciones, es necesario optimizar (paso a paso) los ajustes del dispositivo personal de desviaci\u00f3n y\/o velocidad y\/o brillo. En el caso poco frecuente de mareos, n\u00e1useas o dolor ocular, interrumpa la administraci\u00f3n de REMSTIM 3000 y ajuste los par\u00e1metros.<\/p>\n<p style=\"text-align: justify;\">12. el enfoque de los puntos de luz (en funcionamiento) apenas es posible y no es ni una condici\u00f3n prevista ni necesaria para el \u00e9xito de la aplicaci\u00f3n.<\/p>\n<p style=\"text-align: justify;\">El REMSTIM 3000 no es adecuado para su uso por ni\u00f1os y debe mantenerse fuera del alcance de los ni\u00f1os.<\/p>\n<p style=\"text-align: justify;\">14. los materiales utilizados en la fabricaci\u00f3n del REMSTIM 3000 pueden provocar una reacci\u00f3n al\u00e9rgica cut\u00e1nea en usuarios sensibles. En este caso, consulte inmediatamente a un m\u00e9dico.<\/p>\n<p style=\"text-align: justify;\">Si se siguen las instrucciones del fabricante al utilizar y manipular las pilas de bot\u00f3n de litio herm\u00e9ticamente cerradas, son inofensivas o no peligrosas. Si no hay hipersensibilidad a determinadas sustancias (reacciones al\u00e9rgicas), el contacto de la piel con las pilas de bot\u00f3n de litio es inofensivo.<\/p>\n<p style=\"text-align: justify;\">No exponga el REMSTIM 3000 a condiciones clim\u00e1ticas extremas (lluvia, nieve, luz solar, viento).<\/p>\n<p style=\"text-align: justify;\">Proteja el REMSTIM 3000 del agua.<\/p>\n","protected":false},"excerpt":{"rendered":"<p>Informaci\u00f3n importante El REMSTIM 3000 es un dispositivo de estimulaci\u00f3n del movimiento ocular. El uso del REMSTIM 3000 para estimular los movimientos oculares se entiende como un entrenamiento mental que mejora el rendimiento. No es un procedimiento de diagn\u00f3stico, dispositivo m\u00e9dico, terapia m\u00e9dica o cualquier otra forma de curaci\u00f3n, no trata enfermedades ni s\u00edntomas de [&hellip;]<\/p>\n","protected":false},"author":1,"featured_media":0,"parent":16434,"menu_order":5,"comment_status":"closed","ping_status":"closed","template":"","meta":{"_acf_changed":false,"site-sidebar-layout":"default","site-content-layout":"default","ast-site-content-layout":"default","site-content-style":"default","site-sidebar-style":"default","ast-global-header-display":"","ast-banner-title-visibility":"","ast-main-header-display":"","ast-hfb-above-header-display":"","ast-hfb-below-header-display":"","ast-hfb-mobile-header-display":"","site-post-title":"","ast-breadcrumbs-content":"","ast-featured-img":"","footer-sml-layout":"","ast-disable-related-posts":"","theme-transparent-header-meta":"default","adv-header-id-meta":"","stick-header-meta":"default","header-above-stick-meta":"","header-main-stick-meta":"","header-below-stick-meta":"","astra-migrate-meta-layouts":"default","ast-page-background-enabled":"default","ast-page-background-meta":{"desktop":{"background-color":"var(--ast-global-color-4)","background-image":"","background-repeat":"repeat","background-position":"center center","background-size":"auto","background-attachment":"scroll","background-type":"","background-media":"","overlay-type":"","overlay-color":"","overlay-opacity":"","overlay-gradient":""},"tablet":{"background-color":"","background-image":"","background-repeat":"repeat","background-position":"center center","background-size":"auto","background-attachment":"scroll","background-type":"","background-media":"","overlay-type":"","overlay-color":"","overlay-opacity":"","overlay-gradient":""},"mobile":{"background-color":"","background-image":"","background-repeat":"repeat","background-position":"center center","background-size":"auto","background-attachment":"scroll","background-type":"","background-media":"","overlay-type":"","overlay-color":"","overlay-opacity":"","overlay-gradient":""}},"ast-content-background-meta":{"desktop":{"background-color":"var(--ast-global-color-5)","background-image":"","background-repeat":"repeat","background-position":"center center","background-size":"auto","background-attachment":"scroll","background-type":"","background-media":"","overlay-type":"","overlay-color":"","overlay-opacity":"","overlay-gradient":""},"tablet":{"background-color":"var(--ast-global-color-5)","background-image":"","background-repeat":"repeat","background-position":"center center","background-size":"auto","background-attachment":"scroll","background-type":"","background-media":"","overlay-type":"","overlay-color":"","overlay-opacity":"","overlay-gradient":""},"mobile":{"background-color":"var(--ast-global-color-5)","background-image":"","background-repeat":"repeat","background-position":"center center","background-size":"auto","background-attachment":"scroll","background-type":"","background-media":"","overlay-type":"","overlay-color":"","overlay-opacity":"","overlay-gradient":""}},"footnotes":""},"class_list":["post-16426","page","type-page","status-publish","hentry"],"acf":[],"yoast_head":"<!-- This site is optimized with the Yoast SEO plugin v27.3 - https:\/\/yoast.com\/product\/yoast-seo-wordpress\/ -->\n<title>Informaci\u00f3n importante - EMDR Ger\u00e4t REMSTIM 3000 gegen Stress<\/title>\n<meta name=\"robots\" content=\"index, follow, max-snippet:-1, max-image-preview:large, max-video-preview:-1\" \/>\n<link rel=\"canonical\" href=\"https:\/\/remstim.com\/es\/fundamentos-de-la-utilizacion-de-emdr-en-coaching-con-el-remstim-3000\/informacion-importante\/\" \/>\n<meta property=\"og:locale\" content=\"es_ES\" \/>\n<meta property=\"og:type\" content=\"article\" \/>\n<meta property=\"og:title\" content=\"Informaci\u00f3n importante - EMDR Ger\u00e4t REMSTIM 3000 gegen Stress\" \/>\n<meta property=\"og:description\" content=\"Informaci\u00f3n importante El REMSTIM 3000 es un dispositivo de estimulaci\u00f3n del movimiento ocular. El uso del REMSTIM 3000 para estimular los movimientos oculares se entiende como un entrenamiento mental que mejora el rendimiento. No es un procedimiento de diagn\u00f3stico, dispositivo m\u00e9dico, terapia m\u00e9dica o cualquier otra forma de curaci\u00f3n, no trata enfermedades ni s\u00edntomas de [&hellip;]\" \/>\n<meta property=\"og:url\" content=\"https:\/\/remstim.com\/es\/fundamentos-de-la-utilizacion-de-emdr-en-coaching-con-el-remstim-3000\/informacion-importante\/\" \/>\n<meta property=\"og:site_name\" content=\"EMDR Ger\u00e4t REMSTIM 3000 gegen Stress\" \/>\n<meta property=\"article:modified_time\" content=\"2023-09-15T06:59:09+00:00\" \/>\n<meta name=\"twitter:label1\" content=\"Tiempo de lectura\" \/>\n\t<meta name=\"twitter:data1\" content=\"4 minutos\" \/>\n<script type=\"application\/ld+json\" class=\"yoast-schema-graph\">{\"@context\":\"https:\\\/\\\/schema.org\",\"@graph\":[{\"@type\":\"WebPage\",\"@id\":\"https:\\\/\\\/remstim.com\\\/es\\\/fundamentos-de-la-utilizacion-de-emdr-en-coaching-con-el-remstim-3000\\\/informacion-importante\\\/\",\"url\":\"https:\\\/\\\/remstim.com\\\/es\\\/fundamentos-de-la-utilizacion-de-emdr-en-coaching-con-el-remstim-3000\\\/informacion-importante\\\/\",\"name\":\"Informaci\u00f3n importante - EMDR Ger\u00e4t REMSTIM 3000 gegen Stress\",\"isPartOf\":{\"@id\":\"https:\\\/\\\/remstim.com\\\/es\\\/#website\"},\"datePublished\":\"2011-03-18T17:12:28+00:00\",\"dateModified\":\"2023-09-15T06:59:09+00:00\",\"breadcrumb\":{\"@id\":\"https:\\\/\\\/remstim.com\\\/es\\\/fundamentos-de-la-utilizacion-de-emdr-en-coaching-con-el-remstim-3000\\\/informacion-importante\\\/#breadcrumb\"},\"inLanguage\":\"es\",\"potentialAction\":[{\"@type\":\"ReadAction\",\"target\":[\"https:\\\/\\\/remstim.com\\\/es\\\/fundamentos-de-la-utilizacion-de-emdr-en-coaching-con-el-remstim-3000\\\/informacion-importante\\\/\"]}]},{\"@type\":\"BreadcrumbList\",\"@id\":\"https:\\\/\\\/remstim.com\\\/es\\\/fundamentos-de-la-utilizacion-de-emdr-en-coaching-con-el-remstim-3000\\\/informacion-importante\\\/#breadcrumb\",\"itemListElement\":[{\"@type\":\"ListItem\",\"position\":1,\"name\":\"Startseite\",\"item\":\"https:\\\/\\\/remstim.com\\\/es\\\/\"},{\"@type\":\"ListItem\",\"position\":2,\"name\":\"Fundamentos de la utilizaci\u00f3n de EMDR en coaching con el REMSTIM 3000\",\"item\":\"https:\\\/\\\/remstim.com\\\/es\\\/fundamentos-de-la-utilizacion-de-emdr-en-coaching-con-el-remstim-3000\\\/\"},{\"@type\":\"ListItem\",\"position\":3,\"name\":\"Informaci\u00f3n importante\"}]},{\"@type\":\"WebSite\",\"@id\":\"https:\\\/\\\/remstim.com\\\/es\\\/#website\",\"url\":\"https:\\\/\\\/remstim.com\\\/es\\\/\",\"name\":\"EMDR Ger\u00e4t REMSTIM 3000 gegen Stress\",\"description\":\"Wie wir schnell Entspannung finden.\",\"publisher\":{\"@id\":\"https:\\\/\\\/remstim.com\\\/es\\\/#organization\"},\"potentialAction\":[{\"@type\":\"SearchAction\",\"target\":{\"@type\":\"EntryPoint\",\"urlTemplate\":\"https:\\\/\\\/remstim.com\\\/es\\\/?s={search_term_string}\"},\"query-input\":{\"@type\":\"PropertyValueSpecification\",\"valueRequired\":true,\"valueName\":\"search_term_string\"}}],\"inLanguage\":\"es\"},{\"@type\":\"Organization\",\"@id\":\"https:\\\/\\\/remstim.com\\\/es\\\/#organization\",\"name\":\"EMDR Ger\u00e4t REMSTIM 3000 gegen Stress\",\"url\":\"https:\\\/\\\/remstim.com\\\/es\\\/\",\"logo\":{\"@type\":\"ImageObject\",\"inLanguage\":\"es\",\"@id\":\"https:\\\/\\\/remstim.com\\\/es\\\/#\\\/schema\\\/logo\\\/image\\\/\",\"url\":\"https:\\\/\\\/remstim.com\\\/wp-content\\\/uploads\\\/2012\\\/06\\\/REMSTIM-Logo-mit-Untertitel_orange-e1340382850185.png\",\"contentUrl\":\"https:\\\/\\\/remstim.com\\\/wp-content\\\/uploads\\\/2012\\\/06\\\/REMSTIM-Logo-mit-Untertitel_orange-e1340382850185.png\",\"width\":304,\"height\":80,\"caption\":\"EMDR Ger\u00e4t REMSTIM 3000 gegen Stress\"},\"image\":{\"@id\":\"https:\\\/\\\/remstim.com\\\/es\\\/#\\\/schema\\\/logo\\\/image\\\/\"}}]}<\/script>\n<!-- \/ Yoast SEO plugin. -->","yoast_head_json":{"title":"Informaci\u00f3n importante - EMDR Ger\u00e4t REMSTIM 3000 gegen Stress","robots":{"index":"index","follow":"follow","max-snippet":"max-snippet:-1","max-image-preview":"max-image-preview:large","max-video-preview":"max-video-preview:-1"},"canonical":"https:\/\/remstim.com\/es\/fundamentos-de-la-utilizacion-de-emdr-en-coaching-con-el-remstim-3000\/informacion-importante\/","og_locale":"es_ES","og_type":"article","og_title":"Informaci\u00f3n importante - EMDR Ger\u00e4t REMSTIM 3000 gegen Stress","og_description":"Informaci\u00f3n importante El REMSTIM 3000 es un dispositivo de estimulaci\u00f3n del movimiento ocular. El uso del REMSTIM 3000 para estimular los movimientos oculares se entiende como un entrenamiento mental que mejora el rendimiento. No es un procedimiento de diagn\u00f3stico, dispositivo m\u00e9dico, terapia m\u00e9dica o cualquier otra forma de curaci\u00f3n, no trata enfermedades ni s\u00edntomas de [&hellip;]","og_url":"https:\/\/remstim.com\/es\/fundamentos-de-la-utilizacion-de-emdr-en-coaching-con-el-remstim-3000\/informacion-importante\/","og_site_name":"EMDR Ger\u00e4t REMSTIM 3000 gegen Stress","article_modified_time":"2023-09-15T06:59:09+00:00","twitter_misc":{"Tiempo de lectura":"4 minutos"},"schema":{"@context":"https:\/\/schema.org","@graph":[{"@type":"WebPage","@id":"https:\/\/remstim.com\/es\/fundamentos-de-la-utilizacion-de-emdr-en-coaching-con-el-remstim-3000\/informacion-importante\/","url":"https:\/\/remstim.com\/es\/fundamentos-de-la-utilizacion-de-emdr-en-coaching-con-el-remstim-3000\/informacion-importante\/","name":"Informaci\u00f3n importante - EMDR Ger\u00e4t REMSTIM 3000 gegen Stress","isPartOf":{"@id":"https:\/\/remstim.com\/es\/#website"},"datePublished":"2011-03-18T17:12:28+00:00","dateModified":"2023-09-15T06:59:09+00:00","breadcrumb":{"@id":"https:\/\/remstim.com\/es\/fundamentos-de-la-utilizacion-de-emdr-en-coaching-con-el-remstim-3000\/informacion-importante\/#breadcrumb"},"inLanguage":"es","potentialAction":[{"@type":"ReadAction","target":["https:\/\/remstim.com\/es\/fundamentos-de-la-utilizacion-de-emdr-en-coaching-con-el-remstim-3000\/informacion-importante\/"]}]},{"@type":"BreadcrumbList","@id":"https:\/\/remstim.com\/es\/fundamentos-de-la-utilizacion-de-emdr-en-coaching-con-el-remstim-3000\/informacion-importante\/#breadcrumb","itemListElement":[{"@type":"ListItem","position":1,"name":"Startseite","item":"https:\/\/remstim.com\/es\/"},{"@type":"ListItem","position":2,"name":"Fundamentos de la utilizaci\u00f3n de EMDR en coaching con el REMSTIM 3000","item":"https:\/\/remstim.com\/es\/fundamentos-de-la-utilizacion-de-emdr-en-coaching-con-el-remstim-3000\/"},{"@type":"ListItem","position":3,"name":"Informaci\u00f3n importante"}]},{"@type":"WebSite","@id":"https:\/\/remstim.com\/es\/#website","url":"https:\/\/remstim.com\/es\/","name":"EMDR Ger\u00e4t REMSTIM 3000 gegen Stress","description":"Wie wir schnell Entspannung finden.","publisher":{"@id":"https:\/\/remstim.com\/es\/#organization"},"potentialAction":[{"@type":"SearchAction","target":{"@type":"EntryPoint","urlTemplate":"https:\/\/remstim.com\/es\/?s={search_term_string}"},"query-input":{"@type":"PropertyValueSpecification","valueRequired":true,"valueName":"search_term_string"}}],"inLanguage":"es"},{"@type":"Organization","@id":"https:\/\/remstim.com\/es\/#organization","name":"EMDR Ger\u00e4t REMSTIM 3000 gegen Stress","url":"https:\/\/remstim.com\/es\/","logo":{"@type":"ImageObject","inLanguage":"es","@id":"https:\/\/remstim.com\/es\/#\/schema\/logo\/image\/","url":"https:\/\/remstim.com\/wp-content\/uploads\/2012\/06\/REMSTIM-Logo-mit-Untertitel_orange-e1340382850185.png","contentUrl":"https:\/\/remstim.com\/wp-content\/uploads\/2012\/06\/REMSTIM-Logo-mit-Untertitel_orange-e1340382850185.png","width":304,"height":80,"caption":"EMDR Ger\u00e4t REMSTIM 3000 gegen Stress"},"image":{"@id":"https:\/\/remstim.com\/es\/#\/schema\/logo\/image\/"}}]}},"_links":{"self":[{"href":"https:\/\/remstim.com\/es\/wp-json\/wp\/v2\/pages\/16426","targetHints":{"allow":["GET"]}}],"collection":[{"href":"https:\/\/remstim.com\/es\/wp-json\/wp\/v2\/pages"}],"about":[{"href":"https:\/\/remstim.com\/es\/wp-json\/wp\/v2\/types\/page"}],"author":[{"embeddable":true,"href":"https:\/\/remstim.com\/es\/wp-json\/wp\/v2\/users\/1"}],"replies":[{"embeddable":true,"href":"https:\/\/remstim.com\/es\/wp-json\/wp\/v2\/comments?post=16426"}],"version-history":[{"count":0,"href":"https:\/\/remstim.com\/es\/wp-json\/wp\/v2\/pages\/16426\/revisions"}],"up":[{"embeddable":true,"href":"https:\/\/remstim.com\/es\/wp-json\/wp\/v2\/pages\/16434"}],"wp:attachment":[{"href":"https:\/\/remstim.com\/es\/wp-json\/wp\/v2\/media?parent=16426"}],"curies":[{"name":"wp","href":"https:\/\/api.w.org\/{rel}","templated":true}]}}