{"id":16427,"date":"2011-03-14T11:09:48","date_gmt":"2011-03-14T11:09:48","guid":{"rendered":"https:\/\/remstim.de\/areas-de-aplicacion-de-emdr-en-coaching\/"},"modified":"2023-09-15T06:59:08","modified_gmt":"2023-09-15T06:59:08","slug":"areas-de-aplicacion-de-emdr-en-coaching","status":"publish","type":"page","link":"https:\/\/remstim.com\/es\/areas-de-aplicacion-de-emdr-en-coaching\/","title":{"rendered":"\u00c1reas de aplicaci\u00f3n de EMDR en coaching"},"content":{"rendered":"<h1 style=\"text-align: justify;\">\u00c1reas de aplicaci\u00f3n del coaching EMDR<\/h1>\n<p style=\"text-align: justify;\"><img fetchpriority=\"high\" decoding=\"async\" class=\"alignleft wp-image-8131 \" title=\"Coaching EMDR con el REMSTIM 3000\" src=\"https:\/\/remstim.com\/wp-content\/uploads\/2018\/04\/glueckliche-Frau-dank-EMDR-Selbstcoaching-e1524470283930.jpg\" alt=\"Mujer feliz gracias al autocoaching EMDR\" width=\"381\" height=\"254\">La <a href=\"https:\/\/remstim.com\/es\/fundamentos-de-la-utilizacion-de-emdr-en-coaching-con-el-remstim-3000\/estimulacion-de-movimientos-oculares-rapidos\/\">Estimulaci\u00f3n por Movimientos Oculares R\u00e1pidos<\/a> aplicada con la ayuda del <a title=\"REMSTIM 3000\" href=\"https:\/\/remstim.com\/es\/remstim-3000\/\">REMSTIM<\/a> 3000, que se utiliza como intervenci\u00f3n b\u00e1sica en el marco del <a title=\"EMDR en autocoaching\" href=\"https:\/\/remstim.com\/es\/fundamentos-de-la-utilizacion-de-emdr-en-coaching-con-el-remstim-3000\/utilizacion-de-emdr-en-autocoaching-con-el-remstim-3000\/\">m\u00e9todo EMDR<\/a>, puede crear alivio mental y emocional y aumentar el rendimiento en diversas \u00e1reas de aplicaci\u00f3n, as\u00ed como apoyar en la prevenci\u00f3n del agotamiento.<\/p>\n<p style=\"text-align: justify;\">No se trata en primer lugar de comprender y adquirir nuevos conocimientos, sino m\u00e1s bien de &#8220;relajarse&#8221; a partir de lo vivido. Porque a menudo el individuo se encuentra en un callej\u00f3n sin salida mental. En esta situaci\u00f3n, los consejos y los nuevos pensamientos suelen tener un efecto estresante y confuso adicional.<\/p>\n<p style=\"text-align: justify;\">Si, por el contrario, los pensamientos estresantes pierden su amenaza emocional, suelen aparecer la calma y la compostura. El fin de las cavilaciones y los bucles de pensamiento puede conducir as\u00ed a un profundo desapego interior. A menudo aparecen ante nuestros ojos nuevas soluciones y alternativas como por arte de magia.<\/p>\n<p style=\"text-align: justify;\">Con la ayuda del <a href=\"https:\/\/remstim.com\/es\/remstim-3000\/\">REMSTIM<\/a> 3000, la aplicaci\u00f3n de <a href=\"https:\/\/remstim.com\/es\/fundamentos-de-la-utilizacion-de-emdr-en-coaching-con-el-remstim-3000\/estimulacion-de-movimientos-oculares-rapidos\/\">la Estimulaci\u00f3n por Movimientos Oculares R\u00e1pidos<\/a> es r\u00e1pida, f\u00e1cil y correcta. Presta apoyo en numerosos casos.<\/p>\n\t\t<div data-elementor-type=\"section\" data-elementor-id=\"16821\" class=\"elementor elementor-16821 elementor-9748\" data-elementor-post-type=\"elementor_library\">\n\t\t\t\t\t<section class=\"elementor-section elementor-top-section elementor-element elementor-element-3ef49cac elementor-section-full_width elementor-section-height-default elementor-section-height-default\" data-id=\"3ef49cac\" data-element_type=\"section\" data-e-type=\"section\">\n\t\t\t\t\t\t<div class=\"elementor-container elementor-column-gap-no\">\n\t\t\t\t\t<div class=\"elementor-column elementor-col-100 elementor-top-column elementor-element elementor-element-88b794b\" data-id=\"88b794b\" data-element_type=\"column\" data-e-type=\"column\">\n\t\t\t<div class=\"elementor-widget-wrap elementor-element-populated\">\n\t\t\t\t\t\t<section class=\"elementor-section elementor-inner-section elementor-element elementor-element-39cf0032 elementor-section-boxed elementor-section-height-default elementor-section-height-default\" data-id=\"39cf0032\" data-element_type=\"section\" data-e-type=\"section\" data-settings=\"{&quot;background_background&quot;:&quot;classic&quot;}\">\n\t\t\t\t\t\t<div class=\"elementor-container elementor-column-gap-default\">\n\t\t\t\t\t<div class=\"elementor-column elementor-col-100 elementor-inner-column elementor-element elementor-element-24d2522e\" data-id=\"24d2522e\" data-element_type=\"column\" data-e-type=\"column\">\n\t\t\t<div class=\"elementor-widget-wrap elementor-element-populated\">\n\t\t\t\t\t\t<div class=\"elementor-element elementor-element-40127dc3 elementor-widget elementor-widget-heading\" data-id=\"40127dc3\" data-element_type=\"widget\" data-e-type=\"widget\" data-widget_type=\"heading.default\">\n\t\t\t\t<div class=\"elementor-widget-container\">\n\t\t\t\t\t<h2 class=\"elementor-heading-title elementor-size-default\">M\u00e1s informaci\u00f3n sobre los \u00e1mbitos de aplicaci\u00f3n del coaching EMDR<\/h2>\t\t\t\t<\/div>\n\t\t\t\t<\/div>\n\t\t\t\t\t<\/div>\n\t\t<\/div>\n\t\t\t\t\t<\/div>\n\t\t<\/section>\n\t\t\t\t<section class=\"elementor-section elementor-inner-section elementor-element elementor-element-13c6e6e elementor-section-content-top elementor-section-boxed elementor-section-height-default elementor-section-height-default\" data-id=\"13c6e6e\" data-element_type=\"section\" data-e-type=\"section\">\n\t\t\t\t\t\t<div class=\"elementor-container elementor-column-gap-default\">\n\t\t\t\t\t<div class=\"elementor-column elementor-col-100 elementor-inner-column elementor-element elementor-element-5e58d838\" data-id=\"5e58d838\" data-element_type=\"column\" data-e-type=\"column\">\n\t\t\t<div class=\"elementor-widget-wrap elementor-element-populated\">\n\t\t\t\t\t\t<div class=\"elementor-element elementor-element-15b1d0f6 elementor-icon-list--layout-traditional elementor-list-item-link-full_width elementor-widget elementor-widget-icon-list\" data-id=\"15b1d0f6\" data-element_type=\"widget\" data-e-type=\"widget\" data-widget_type=\"icon-list.default\">\n\t\t\t\t<div class=\"elementor-widget-container\">\n\t\t\t\t\t\t\t<ul class=\"elementor-icon-list-items\">\n\t\t\t\t\t\t\t<li class=\"elementor-icon-list-item\">\n\t\t\t\t\t\t\t\t\t\t\t<a href=\"https:\/\/remstim.com\/es\/superar-el-miedo-en-el-autocoaching-emdr-con-las-gafas-emdr-remstim-3000\/\">\n\n\t\t\t\t\t\t\t\t\t\t\t\t<span class=\"elementor-icon-list-icon\">\n\t\t\t\t\t\t\t<i aria-hidden=\"true\" class=\"fas fa-check\"><\/i>\t\t\t\t\t\t<\/span>\n\t\t\t\t\t\t\t\t\t\t<span class=\"elementor-icon-list-text\">Superar los miedos<\/span>\n\t\t\t\t\t\t\t\t\t\t\t<\/a>\n\t\t\t\t\t\t\t\t\t<\/li>\n\t\t\t\t\t\t\t\t<li class=\"elementor-icon-list-item\">\n\t\t\t\t\t\t\t\t\t\t\t<a href=\"https:\/\/remstim.com\/es\/superar-el-desamor-mas-rapido-con-emdr-como-podemos-soportarlo-mas-facilmente\/\">\n\n\t\t\t\t\t\t\t\t\t\t\t\t<span class=\"elementor-icon-list-icon\">\n\t\t\t\t\t\t\t<i aria-hidden=\"true\" class=\"fas fa-check\"><\/i>\t\t\t\t\t\t<\/span>\n\t\t\t\t\t\t\t\t\t\t<span class=\"elementor-icon-list-text\">Superar la angustia m\u00e1s r\u00e1pidamente<\/span>\n\t\t\t\t\t\t\t\t\t\t\t<\/a>\n\t\t\t\t\t\t\t\t\t<\/li>\n\t\t\t\t\t\t\t\t<li class=\"elementor-icon-list-item\">\n\t\t\t\t\t\t\t\t\t\t\t<a href=\"https:\/\/remstim.com\/es\/reducir-el-estres-y-la-tension\/\">\n\n\t\t\t\t\t\t\t\t\t\t\t\t<span class=\"elementor-icon-list-icon\">\n\t\t\t\t\t\t\t<i aria-hidden=\"true\" class=\"fas fa-check\"><\/i>\t\t\t\t\t\t<\/span>\n\t\t\t\t\t\t\t\t\t\t<span class=\"elementor-icon-list-text\">Reducir el estr\u00e9s y la tensi\u00f3n<\/span>\n\t\t\t\t\t\t\t\t\t\t\t<\/a>\n\t\t\t\t\t\t\t\t\t<\/li>\n\t\t\t\t\t\t\t\t<li class=\"elementor-icon-list-item\">\n\t\t\t\t\t\t\t\t\t\t\t<a href=\"https:\/\/remstim.com\/es\/disuelva-usted-mismo-los-bloqueos-mentales-con-emdr-y-el-remstim-3000\/\">\n\n\t\t\t\t\t\t\t\t\t\t\t\t<span class=\"elementor-icon-list-icon\">\n\t\t\t\t\t\t\t<i aria-hidden=\"true\" class=\"fas fa-check\"><\/i>\t\t\t\t\t\t<\/span>\n\t\t\t\t\t\t\t\t\t\t<span class=\"elementor-icon-list-text\">Disuelva usted mismo los bloqueos mentales con EMDR<\/span>\n\t\t\t\t\t\t\t\t\t\t\t<\/a>\n\t\t\t\t\t\t\t\t\t<\/li>\n\t\t\t\t\t\t\t\t<li class=\"elementor-icon-list-item\">\n\t\t\t\t\t\t\t\t\t\t\t<a href=\"https:\/\/remstim.com\/es\/areas-de-aplicacion-de-emdr-en-coaching\/afrontar-la-preocupacion-y-la-tristeza\/\">\n\n\t\t\t\t\t\t\t\t\t\t\t\t<span class=\"elementor-icon-list-icon\">\n\t\t\t\t\t\t\t<i aria-hidden=\"true\" class=\"fas fa-check\"><\/i>\t\t\t\t\t\t<\/span>\n\t\t\t\t\t\t\t\t\t\t<span class=\"elementor-icon-list-text\">Afrontar la preocupaci\u00f3n y la tristeza<\/span>\n\t\t\t\t\t\t\t\t\t\t\t<\/a>\n\t\t\t\t\t\t\t\t\t<\/li>\n\t\t\t\t\t\t\t\t<li class=\"elementor-icon-list-item\">\n\t\t\t\t\t\t\t\t\t\t\t<a href=\"https:\/\/remstim.com\/es\/areas-de-aplicacion-de-emdr-en-coaching\/crear-claridad-de-objetivos-y-resolver-conflictos\/\">\n\n\t\t\t\t\t\t\t\t\t\t\t\t<span class=\"elementor-icon-list-icon\">\n\t\t\t\t\t\t\t<i aria-hidden=\"true\" class=\"fas fa-check\"><\/i>\t\t\t\t\t\t<\/span>\n\t\t\t\t\t\t\t\t\t\t<span class=\"elementor-icon-list-text\">Crear claridad de objetivos y resolver conflictos<\/span>\n\t\t\t\t\t\t\t\t\t\t\t<\/a>\n\t\t\t\t\t\t\t\t\t<\/li>\n\t\t\t\t\t\t\t\t<li class=\"elementor-icon-list-item\">\n\t\t\t\t\t\t\t\t\t\t\t<a href=\"https:\/\/remstim.com\/es\/areas-de-aplicacion-de-emdr-en-coaching\/reforzar-la-propia-imagen-y-la-confianza-en-uno-mismo\/\">\n\n\t\t\t\t\t\t\t\t\t\t\t\t<span class=\"elementor-icon-list-icon\">\n\t\t\t\t\t\t\t<i aria-hidden=\"true\" class=\"fas fa-check\"><\/i>\t\t\t\t\t\t<\/span>\n\t\t\t\t\t\t\t\t\t\t<span class=\"elementor-icon-list-text\">Reforzar la autoestima y la imagen de s\u00ed mismo<\/span>\n\t\t\t\t\t\t\t\t\t\t\t<\/a>\n\t\t\t\t\t\t\t\t\t<\/li>\n\t\t\t\t\t\t\t\t<li class=\"elementor-icon-list-item\">\n\t\t\t\t\t\t\t\t\t\t\t<span class=\"elementor-icon-list-icon\">\n\t\t\t\t\t\t\t<i aria-hidden=\"true\" class=\"fas fa-check\"><\/i>\t\t\t\t\t\t<\/span>\n\t\t\t\t\t\t\t\t\t\t<span class=\"elementor-icon-list-text\">Aumentar la creatividad y la capacidad de resoluci\u00f3n de problemas<\/span>\n\t\t\t\t\t\t\t\t\t<\/li>\n\t\t\t\t\t\t\t\t<li class=\"elementor-icon-list-item\">\n\t\t\t\t\t\t\t\t\t\t\t<span class=\"elementor-icon-list-icon\">\n\t\t\t\t\t\t\t<i aria-hidden=\"true\" class=\"fas fa-check\"><\/i>\t\t\t\t\t\t<\/span>\n\t\t\t\t\t\t\t\t\t\t<span class=\"elementor-icon-list-text\">Aumentar la motivaci\u00f3n y la voluntad de rendimiento<\/span>\n\t\t\t\t\t\t\t\t\t<\/li>\n\t\t\t\t\t\t<\/ul>\n\t\t\t\t\t\t<\/div>\n\t\t\t\t<\/div>\n\t\t\t\t\t<\/div>\n\t\t<\/div>\n\t\t\t\t\t<\/div>\n\t\t<\/section>\n\t\t\t\t\t<\/div>\n\t\t<\/div>\n\t\t\t\t\t<\/div>\n\t\t<\/section>\n\t\t\t\t<\/div>\n\t\t\nLea tambi\u00e9n la <a href=\"https:\/\/remstim.com\/remstim-entdecken\/wichtige-informationen\/\">informaci\u00f3n importante<\/a>.<\/p>\n<hr class=\"divider-html\" style=\"border-top: 1px solid #bbb; margin-top: 30px; margin-bottom: 30px;\">\n<h2>M\u00e1s sobre EMDR<\/h2>\n\t\t<div data-elementor-type=\"section\" data-elementor-id=\"16895\" class=\"elementor elementor-16895 elementor-9751\" data-elementor-post-type=\"elementor_library\">\n\t\t\t\t\t<section class=\"elementor-section elementor-top-section elementor-element elementor-element-61ac7ca3 elementor-section-full_width elementor-section-height-default elementor-section-height-default\" data-id=\"61ac7ca3\" data-element_type=\"section\" data-e-type=\"section\">\n\t\t\t\t\t\t<div class=\"elementor-container elementor-column-gap-no\">\n\t\t\t\t\t<div class=\"elementor-column elementor-col-100 elementor-top-column elementor-element elementor-element-306448c4\" data-id=\"306448c4\" data-element_type=\"column\" data-e-type=\"column\">\n\t\t\t<div class=\"elementor-widget-wrap elementor-element-populated\">\n\t\t\t\t\t\t<section class=\"elementor-section elementor-inner-section elementor-element elementor-element-18cc83c1 elementor-section-full_width elementor-section-height-default elementor-section-height-default\" data-id=\"18cc83c1\" data-element_type=\"section\" data-e-type=\"section\">\n\t\t\t\t\t\t<div class=\"elementor-container elementor-column-gap-default\">\n\t\t\t\t\t<div class=\"elementor-column elementor-col-100 elementor-inner-column elementor-element elementor-element-1b0eb42b\" data-id=\"1b0eb42b\" data-element_type=\"column\" data-e-type=\"column\">\n\t\t\t<div class=\"elementor-widget-wrap elementor-element-populated\">\n\t\t\t\t\t\t\t<\/div>\n\t\t<\/div>\n\t\t\t\t\t<\/div>\n\t\t<\/section>\n\t\t\t\t\t<\/div>\n\t\t<\/div>\n\t\t\t\t\t<\/div>\n\t\t<\/section>\n\t\t\t\t<\/div>\n\t\t\n","protected":false},"excerpt":{"rendered":"<p>\u00c1reas de aplicaci\u00f3n del coaching EMDR La Estimulaci\u00f3n por Movimientos Oculares R\u00e1pidos aplicada con la ayuda del REMSTIM 3000, que se utiliza como intervenci\u00f3n b\u00e1sica en el marco del m\u00e9todo EMDR, puede crear alivio mental y emocional y aumentar el rendimiento en diversas \u00e1reas de aplicaci\u00f3n, as\u00ed como apoyar en la prevenci\u00f3n del agotamiento. No [&hellip;]<\/p>\n","protected":false},"author":1,"featured_media":16353,"parent":0,"menu_order":11,"comment_status":"closed","ping_status":"closed","template":"","meta":{"_acf_changed":false,"site-sidebar-layout":"default","site-content-layout":"default","ast-site-content-layout":"default","site-content-style":"default","site-sidebar-style":"default","ast-global-header-display":"","ast-banner-title-visibility":"","ast-main-header-display":"","ast-hfb-above-header-display":"","ast-hfb-below-header-display":"","ast-hfb-mobile-header-display":"","site-post-title":"","ast-breadcrumbs-content":"","ast-featured-img":"","footer-sml-layout":"","ast-disable-related-posts":"","theme-transparent-header-meta":"default","adv-header-id-meta":"","stick-header-meta":"default","header-above-stick-meta":"","header-main-stick-meta":"","header-below-stick-meta":"","astra-migrate-meta-layouts":"default","ast-page-background-enabled":"default","ast-page-background-meta":{"desktop":{"background-color":"var(--ast-global-color-4)","background-image":"","background-repeat":"repeat","background-position":"center center","background-size":"auto","background-attachment":"scroll","background-type":"","background-media":"","overlay-type":"","overlay-color":"","overlay-opacity":"","overlay-gradient":""},"tablet":{"background-color":"","background-image":"","background-repeat":"repeat","background-position":"center center","background-size":"auto","background-attachment":"scroll","background-type":"","background-media":"","overlay-type":"","overlay-color":"","overlay-opacity":"","overlay-gradient":""},"mobile":{"background-color":"","background-image":"","background-repeat":"repeat","background-position":"center center","background-size":"auto","background-attachment":"scroll","background-type":"","background-media":"","overlay-type":"","overlay-color":"","overlay-opacity":"","overlay-gradient":""}},"ast-content-background-meta":{"desktop":{"background-color":"var(--ast-global-color-5)","background-image":"","background-repeat":"repeat","background-position":"center center","background-size":"auto","background-attachment":"scroll","background-type":"","background-media":"","overlay-type":"","overlay-color":"","overlay-opacity":"","overlay-gradient":""},"tablet":{"background-color":"var(--ast-global-color-5)","background-image":"","background-repeat":"repeat","background-position":"center center","background-size":"auto","background-attachment":"scroll","background-type":"","background-media":"","overlay-type":"","overlay-color":"","overlay-opacity":"","overlay-gradient":""},"mobile":{"background-color":"var(--ast-global-color-5)","background-image":"","background-repeat":"repeat","background-position":"center center","background-size":"auto","background-attachment":"scroll","background-type":"","background-media":"","overlay-type":"","overlay-color":"","overlay-opacity":"","overlay-gradient":""}},"footnotes":""},"class_list":["post-16427","page","type-page","status-publish","has-post-thumbnail","hentry"],"acf":[],"yoast_head":"<!-- This site is optimized with the Yoast SEO plugin v27.3 - https:\/\/yoast.com\/product\/yoast-seo-wordpress\/ -->\n<title>\u00c1reas de aplicaci\u00f3n de EMDR en coaching<\/title>\n<meta name=\"description\" content=\"La Estimulaci\u00f3n por Movimientos Oculares R\u00e1pidos -la intervenci\u00f3n b\u00e1sica de EMDR- puede proporcionar alivio mental y emocional en diversos \u00e1mbitos de aplicaci\u00f3n.\" \/>\n<meta name=\"robots\" content=\"index, follow, max-snippet:-1, max-image-preview:large, max-video-preview:-1\" \/>\n<link rel=\"canonical\" href=\"https:\/\/remstim.com\/es\/areas-de-aplicacion-de-emdr-en-coaching\/\" \/>\n<meta property=\"og:locale\" content=\"es_ES\" \/>\n<meta property=\"og:type\" content=\"article\" \/>\n<meta property=\"og:title\" content=\"\u00c1reas de aplicaci\u00f3n de EMDR en coaching\" \/>\n<meta property=\"og:description\" content=\"La Estimulaci\u00f3n por Movimientos Oculares R\u00e1pidos -la intervenci\u00f3n b\u00e1sica de EMDR- puede proporcionar alivio mental y emocional en diversos \u00e1mbitos de aplicaci\u00f3n.\" \/>\n<meta property=\"og:url\" content=\"https:\/\/remstim.com\/es\/areas-de-aplicacion-de-emdr-en-coaching\/\" \/>\n<meta property=\"og:site_name\" content=\"EMDR Ger\u00e4t REMSTIM 3000 gegen Stress\" \/>\n<meta property=\"article:modified_time\" content=\"2023-09-15T06:59:08+00:00\" \/>\n<meta property=\"og:image\" content=\"https:\/\/remstim.com\/wp-content\/uploads\/2018\/04\/glueckliche-Frau-dank-EMDR-Selbstcoaching-e1524470283930.jpg\" \/>\n\t<meta property=\"og:image:width\" content=\"283\" \/>\n\t<meta property=\"og:image:height\" content=\"283\" \/>\n\t<meta property=\"og:image:type\" content=\"image\/jpeg\" \/>\n<meta name=\"twitter:label1\" content=\"Tiempo de lectura\" \/>\n\t<meta name=\"twitter:data1\" content=\"2 minutos\" \/>\n<script type=\"application\/ld+json\" class=\"yoast-schema-graph\">{\"@context\":\"https:\\\/\\\/schema.org\",\"@graph\":[{\"@type\":\"WebPage\",\"@id\":\"https:\\\/\\\/remstim.com\\\/es\\\/areas-de-aplicacion-de-emdr-en-coaching\\\/\",\"url\":\"https:\\\/\\\/remstim.com\\\/es\\\/areas-de-aplicacion-de-emdr-en-coaching\\\/\",\"name\":\"\u00c1reas de aplicaci\u00f3n de EMDR en coaching\",\"isPartOf\":{\"@id\":\"https:\\\/\\\/remstim.com\\\/es\\\/#website\"},\"primaryImageOfPage\":{\"@id\":\"https:\\\/\\\/remstim.com\\\/es\\\/areas-de-aplicacion-de-emdr-en-coaching\\\/#primaryimage\"},\"image\":{\"@id\":\"https:\\\/\\\/remstim.com\\\/es\\\/areas-de-aplicacion-de-emdr-en-coaching\\\/#primaryimage\"},\"thumbnailUrl\":\"https:\\\/\\\/remstim.com\\\/wp-content\\\/uploads\\\/2018\\\/04\\\/glueckliche-Frau-dank-EMDR-Selbstcoaching-e1524470283930.jpg\",\"datePublished\":\"2011-03-14T11:09:48+00:00\",\"dateModified\":\"2023-09-15T06:59:08+00:00\",\"description\":\"La Estimulaci\u00f3n por Movimientos Oculares R\u00e1pidos -la intervenci\u00f3n b\u00e1sica de EMDR- puede proporcionar alivio mental y emocional en diversos \u00e1mbitos de aplicaci\u00f3n.\",\"breadcrumb\":{\"@id\":\"https:\\\/\\\/remstim.com\\\/es\\\/areas-de-aplicacion-de-emdr-en-coaching\\\/#breadcrumb\"},\"inLanguage\":\"es\",\"potentialAction\":[{\"@type\":\"ReadAction\",\"target\":[\"https:\\\/\\\/remstim.com\\\/es\\\/areas-de-aplicacion-de-emdr-en-coaching\\\/\"]}]},{\"@type\":\"ImageObject\",\"inLanguage\":\"es\",\"@id\":\"https:\\\/\\\/remstim.com\\\/es\\\/areas-de-aplicacion-de-emdr-en-coaching\\\/#primaryimage\",\"url\":\"https:\\\/\\\/remstim.com\\\/wp-content\\\/uploads\\\/2018\\\/04\\\/glueckliche-Frau-dank-EMDR-Selbstcoaching-e1524470283930.jpg\",\"contentUrl\":\"https:\\\/\\\/remstim.com\\\/wp-content\\\/uploads\\\/2018\\\/04\\\/glueckliche-Frau-dank-EMDR-Selbstcoaching-e1524470283930.jpg\",\"width\":283,\"height\":283},{\"@type\":\"BreadcrumbList\",\"@id\":\"https:\\\/\\\/remstim.com\\\/es\\\/areas-de-aplicacion-de-emdr-en-coaching\\\/#breadcrumb\",\"itemListElement\":[{\"@type\":\"ListItem\",\"position\":1,\"name\":\"Startseite\",\"item\":\"https:\\\/\\\/remstim.com\\\/es\\\/\"},{\"@type\":\"ListItem\",\"position\":2,\"name\":\"\u00c1reas de aplicaci\u00f3n de EMDR en coaching\"}]},{\"@type\":\"WebSite\",\"@id\":\"https:\\\/\\\/remstim.com\\\/es\\\/#website\",\"url\":\"https:\\\/\\\/remstim.com\\\/es\\\/\",\"name\":\"EMDR Ger\u00e4t REMSTIM 3000 gegen Stress\",\"description\":\"Wie wir schnell Entspannung finden.\",\"publisher\":{\"@id\":\"https:\\\/\\\/remstim.com\\\/es\\\/#organization\"},\"potentialAction\":[{\"@type\":\"SearchAction\",\"target\":{\"@type\":\"EntryPoint\",\"urlTemplate\":\"https:\\\/\\\/remstim.com\\\/es\\\/?s={search_term_string}\"},\"query-input\":{\"@type\":\"PropertyValueSpecification\",\"valueRequired\":true,\"valueName\":\"search_term_string\"}}],\"inLanguage\":\"es\"},{\"@type\":\"Organization\",\"@id\":\"https:\\\/\\\/remstim.com\\\/es\\\/#organization\",\"name\":\"EMDR Ger\u00e4t REMSTIM 3000 gegen Stress\",\"url\":\"https:\\\/\\\/remstim.com\\\/es\\\/\",\"logo\":{\"@type\":\"ImageObject\",\"inLanguage\":\"es\",\"@id\":\"https:\\\/\\\/remstim.com\\\/es\\\/#\\\/schema\\\/logo\\\/image\\\/\",\"url\":\"https:\\\/\\\/remstim.com\\\/wp-content\\\/uploads\\\/2012\\\/06\\\/REMSTIM-Logo-mit-Untertitel_orange-e1340382850185.png\",\"contentUrl\":\"https:\\\/\\\/remstim.com\\\/wp-content\\\/uploads\\\/2012\\\/06\\\/REMSTIM-Logo-mit-Untertitel_orange-e1340382850185.png\",\"width\":304,\"height\":80,\"caption\":\"EMDR Ger\u00e4t REMSTIM 3000 gegen Stress\"},\"image\":{\"@id\":\"https:\\\/\\\/remstim.com\\\/es\\\/#\\\/schema\\\/logo\\\/image\\\/\"}}]}<\/script>\n<!-- \/ Yoast SEO plugin. -->","yoast_head_json":{"title":"\u00c1reas de aplicaci\u00f3n de EMDR en coaching","description":"La Estimulaci\u00f3n por Movimientos Oculares R\u00e1pidos -la intervenci\u00f3n b\u00e1sica de EMDR- puede proporcionar alivio mental y emocional en diversos \u00e1mbitos de aplicaci\u00f3n.","robots":{"index":"index","follow":"follow","max-snippet":"max-snippet:-1","max-image-preview":"max-image-preview:large","max-video-preview":"max-video-preview:-1"},"canonical":"https:\/\/remstim.com\/es\/areas-de-aplicacion-de-emdr-en-coaching\/","og_locale":"es_ES","og_type":"article","og_title":"\u00c1reas de aplicaci\u00f3n de EMDR en coaching","og_description":"La Estimulaci\u00f3n por Movimientos Oculares R\u00e1pidos -la intervenci\u00f3n b\u00e1sica de EMDR- puede proporcionar alivio mental y emocional en diversos \u00e1mbitos de aplicaci\u00f3n.","og_url":"https:\/\/remstim.com\/es\/areas-de-aplicacion-de-emdr-en-coaching\/","og_site_name":"EMDR Ger\u00e4t REMSTIM 3000 gegen Stress","article_modified_time":"2023-09-15T06:59:08+00:00","og_image":[{"width":283,"height":283,"url":"https:\/\/remstim.com\/wp-content\/uploads\/2018\/04\/glueckliche-Frau-dank-EMDR-Selbstcoaching-e1524470283930.jpg","type":"image\/jpeg"}],"twitter_misc":{"Tiempo de lectura":"2 minutos"},"schema":{"@context":"https:\/\/schema.org","@graph":[{"@type":"WebPage","@id":"https:\/\/remstim.com\/es\/areas-de-aplicacion-de-emdr-en-coaching\/","url":"https:\/\/remstim.com\/es\/areas-de-aplicacion-de-emdr-en-coaching\/","name":"\u00c1reas de aplicaci\u00f3n de EMDR en coaching","isPartOf":{"@id":"https:\/\/remstim.com\/es\/#website"},"primaryImageOfPage":{"@id":"https:\/\/remstim.com\/es\/areas-de-aplicacion-de-emdr-en-coaching\/#primaryimage"},"image":{"@id":"https:\/\/remstim.com\/es\/areas-de-aplicacion-de-emdr-en-coaching\/#primaryimage"},"thumbnailUrl":"https:\/\/remstim.com\/wp-content\/uploads\/2018\/04\/glueckliche-Frau-dank-EMDR-Selbstcoaching-e1524470283930.jpg","datePublished":"2011-03-14T11:09:48+00:00","dateModified":"2023-09-15T06:59:08+00:00","description":"La Estimulaci\u00f3n por Movimientos Oculares R\u00e1pidos -la intervenci\u00f3n b\u00e1sica de EMDR- puede proporcionar alivio mental y emocional en diversos \u00e1mbitos de aplicaci\u00f3n.","breadcrumb":{"@id":"https:\/\/remstim.com\/es\/areas-de-aplicacion-de-emdr-en-coaching\/#breadcrumb"},"inLanguage":"es","potentialAction":[{"@type":"ReadAction","target":["https:\/\/remstim.com\/es\/areas-de-aplicacion-de-emdr-en-coaching\/"]}]},{"@type":"ImageObject","inLanguage":"es","@id":"https:\/\/remstim.com\/es\/areas-de-aplicacion-de-emdr-en-coaching\/#primaryimage","url":"https:\/\/remstim.com\/wp-content\/uploads\/2018\/04\/glueckliche-Frau-dank-EMDR-Selbstcoaching-e1524470283930.jpg","contentUrl":"https:\/\/remstim.com\/wp-content\/uploads\/2018\/04\/glueckliche-Frau-dank-EMDR-Selbstcoaching-e1524470283930.jpg","width":283,"height":283},{"@type":"BreadcrumbList","@id":"https:\/\/remstim.com\/es\/areas-de-aplicacion-de-emdr-en-coaching\/#breadcrumb","itemListElement":[{"@type":"ListItem","position":1,"name":"Startseite","item":"https:\/\/remstim.com\/es\/"},{"@type":"ListItem","position":2,"name":"\u00c1reas de aplicaci\u00f3n de EMDR en coaching"}]},{"@type":"WebSite","@id":"https:\/\/remstim.com\/es\/#website","url":"https:\/\/remstim.com\/es\/","name":"EMDR Ger\u00e4t REMSTIM 3000 gegen Stress","description":"Wie wir schnell Entspannung finden.","publisher":{"@id":"https:\/\/remstim.com\/es\/#organization"},"potentialAction":[{"@type":"SearchAction","target":{"@type":"EntryPoint","urlTemplate":"https:\/\/remstim.com\/es\/?s={search_term_string}"},"query-input":{"@type":"PropertyValueSpecification","valueRequired":true,"valueName":"search_term_string"}}],"inLanguage":"es"},{"@type":"Organization","@id":"https:\/\/remstim.com\/es\/#organization","name":"EMDR Ger\u00e4t REMSTIM 3000 gegen Stress","url":"https:\/\/remstim.com\/es\/","logo":{"@type":"ImageObject","inLanguage":"es","@id":"https:\/\/remstim.com\/es\/#\/schema\/logo\/image\/","url":"https:\/\/remstim.com\/wp-content\/uploads\/2012\/06\/REMSTIM-Logo-mit-Untertitel_orange-e1340382850185.png","contentUrl":"https:\/\/remstim.com\/wp-content\/uploads\/2012\/06\/REMSTIM-Logo-mit-Untertitel_orange-e1340382850185.png","width":304,"height":80,"caption":"EMDR Ger\u00e4t REMSTIM 3000 gegen Stress"},"image":{"@id":"https:\/\/remstim.com\/es\/#\/schema\/logo\/image\/"}}]}},"_links":{"self":[{"href":"https:\/\/remstim.com\/es\/wp-json\/wp\/v2\/pages\/16427","targetHints":{"allow":["GET"]}}],"collection":[{"href":"https:\/\/remstim.com\/es\/wp-json\/wp\/v2\/pages"}],"about":[{"href":"https:\/\/remstim.com\/es\/wp-json\/wp\/v2\/types\/page"}],"author":[{"embeddable":true,"href":"https:\/\/remstim.com\/es\/wp-json\/wp\/v2\/users\/1"}],"replies":[{"embeddable":true,"href":"https:\/\/remstim.com\/es\/wp-json\/wp\/v2\/comments?post=16427"}],"version-history":[{"count":0,"href":"https:\/\/remstim.com\/es\/wp-json\/wp\/v2\/pages\/16427\/revisions"}],"wp:featuredmedia":[{"embeddable":true,"href":"https:\/\/remstim.com\/es\/wp-json\/wp\/v2\/media\/16353"}],"wp:attachment":[{"href":"https:\/\/remstim.com\/es\/wp-json\/wp\/v2\/media?parent=16427"}],"curies":[{"name":"wp","href":"https:\/\/api.w.org\/{rel}","templated":true}]}}