{"id":16430,"date":"2011-02-16T12:12:40","date_gmt":"2011-02-16T12:12:40","guid":{"rendered":"https:\/\/remstim.de\/condiciones-de-envio-y-entrega\/"},"modified":"2023-11-06T19:15:55","modified_gmt":"2023-11-06T19:15:55","slug":"condiciones-de-envio-y-entrega","status":"publish","type":"page","link":"https:\/\/remstim.com\/es\/remstim-3000\/condiciones-de-envio-y-entrega\/","title":{"rendered":"Condiciones de env\u00edo y entrega"},"content":{"rendered":"<h1 style=\"text-align: left;\">Condiciones de env\u00edo y entrega<\/h1>\n<p style=\"text-align: left;\">Su pedido se tramitar\u00e1 inmediatamente y se le entregar\u00e1 una vez efectuado el pago seg\u00fan el plazo de entrega indicado a continuaci\u00f3n.<\/p>\n<p style=\"text-align: left;\">Los gastos de env\u00edo se le cobrar\u00e1n <strong>adem\u00e1s<\/strong> del valor de la mercanc\u00eda.<\/p>\n<table>\n<tbody>\n<tr>\n<th>Zona de entrega<\/th>\n<th style=\"text-align: center;\">Gastos de env\u00edo<\/th>\n<th style=\"text-align: center;\">Plazo de entrega aprox.<\/th>\n<\/tr>\n<tr>\n<td style=\"text-align: center;\">Alemania<\/td>\n<td style=\"text-align: center;\">  5,50 \u20ac*<\/td>\n<td style=\"text-align: center;\">3 &#8211; 4 d\u00edas<\/td>\n<\/tr>\n<tr>\n<td style=\"text-align: center;\">Austria<\/td>\n<td style=\"text-align: center;\">14,00 \u20ac*<\/td>\n<td style=\"text-align: center;\">4 &#8211; 6 d\u00edas<\/td>\n<\/tr>\n<tr>\n<td style=\"text-align: center;\">Francia<\/td>\n<td style=\"text-align: center;\">14,00 \u20ac*<\/td>\n<td style=\"text-align: center;\">4 &#8211; 6 d\u00edas<\/td>\n<\/tr>\n<tr>\n<td style=\"text-align: center;\">Espa\u00f1a<\/td>\n<td style=\"text-align: center;\">14,00 \u20ac*<\/td>\n<td style=\"text-align: center;\">4 &#8211; 6 d\u00edas<\/td>\n<\/tr>\n<tr>\n<td style=\"text-align: center;\">Italia<\/td>\n<td style=\"text-align: center;\">14,00 \u20ac*<\/td>\n<td style=\"text-align: center;\">4 &#8211; 6 d\u00edas<\/td>\n<\/tr>\n<tr>\n<td style=\"text-align: center;\">Pa\u00edses Bajos<\/td>\n<td style=\"text-align: center;\">14,00 \u20ac*<\/td>\n<td style=\"text-align: center;\">4 &#8211; 6 d\u00edas<\/td>\n<\/tr>\n<tr>\n<td style=\"text-align: center;\">Polonia<\/td>\n<td style=\"text-align: center;\">14,00 \u20ac*<\/td>\n<td style=\"text-align: center;\">4 &#8211; 6 d\u00edas<\/td>\n<\/tr>\n<tr>\n<td style=\"text-align: center;\">Luxemburgo<\/td>\n<td style=\"text-align: center;\">14,00 \u20ac*<\/td>\n<td style=\"text-align: center;\">4 &#8211; 6 d\u00edas<\/td>\n<\/tr>\n<tr>\n<td style=\"text-align: center;\">B\u00e9lgica<\/td>\n<td style=\"text-align: center;\">14,00 \u20ac*<\/td>\n<td style=\"text-align: center;\">4 &#8211; 6 d\u00edas<\/td>\n<\/tr>\n<tr>\n<td style=\"text-align: center;\">Suiza<\/td>\n<td style=\"text-align: center;\"><a href=\"https:\/\/remstim.com\/es\/remstim-3000\/no-hay-envios-directos-a-suiza\/\">no hay env\u00edo directo, pero&#8230;<\/a><\/td>\n<td style=\"text-align: center;\"><a href=\"https:\/\/remstim.com\/es\/remstim-3000\/no-hay-envios-directos-a-suiza\/\">m\u00e1s&#8230;<\/a><\/td>\n<\/tr>\n<\/tbody>\n<\/table>\n<p style=\"text-align: left;\">*Gastos de env\u00edo IVA incluido<\/p>\n<h2 class=\"n\">Formas de pago:<\/h2>\n<ul>\n<li>Tarjeta de cr\u00e9dito\n<div>Pago con tarjeta de cr\u00e9dito. Sus datos se encriptan y se transmiten de forma segura. Se aceptan las principales tarjetas de d\u00e9bito y cr\u00e9dito. Estos pagos se realizan con el proveedor de servicios de pago Stripe.<\/div>\n<\/li>\n<li>PayPal (tarjeta de cr\u00e9dito, d\u00e9bito directo, transferencia bancaria)\n<div>Pago mediante PayPal. Tras realizar el pedido, se le redirigir\u00e1 a PayPal, donde podr\u00e1 pagar de forma f\u00e1cil y segura a trav\u00e9s de su cuenta.<\/div>\n<\/li>\n<li>Contra pago anticipado con transferencia bancaria\n<div>Nuestros datos bancarios se mostrar\u00e1n durante el proceso de pedido y se le enviar\u00e1n una vez finalizado el pedido. El suministro y la entrega tendr\u00e1n lugar inmediatamente despu\u00e9s de la recepci\u00f3n del pago. Tenga en cuenta que se celebra un contrato de compraventa vinculante y que, por tanto, est\u00e1 obligado a efectuar el pago. Solicitamos transferencia bancaria en un plazo de 7 d\u00edas, \u00a1gracias!<\/div>\n<\/li>\n<\/ul>\n<h2 style=\"text-align: left;\">Transferencia del riesgo: Para los consumidores, se aplican las disposiciones legales.<\/h2>\n<p style=\"text-align: left;\"><a href=\"https:\/\/remstim.com\/es\/remstim-3000\/\"><img fetchpriority=\"high\" decoding=\"async\" class=\"alignleft wp-image-22015 size-medium\" src=\"https:\/\/remstim.com\/wp-content\/uploads\/2023\/09\/R3-im-Koffer_white-300x250.jpg\" alt=\"Remstim 3000 modelo 2023 con estuche\" width=\"300\" height=\"250\" srcset=\"https:\/\/remstim.com\/wp-content\/uploads\/2023\/09\/R3-im-Koffer_white-300x250.jpg 300w, https:\/\/remstim.com\/wp-content\/uploads\/2023\/09\/R3-im-Koffer_white-600x500.jpg 600w, https:\/\/remstim.com\/wp-content\/uploads\/2023\/09\/R3-im-Koffer_white-1024x853.jpg 1024w, https:\/\/remstim.com\/wp-content\/uploads\/2023\/09\/R3-im-Koffer_white-768x640.jpg 768w, https:\/\/remstim.com\/wp-content\/uploads\/2023\/09\/R3-im-Koffer_white.jpg 1200w\" sizes=\"(max-width: 300px) 100vw, 300px\" \/><\/a>Notif\u00edquenos lo antes posible<a title=\"Pie de imprenta\" href=\"https:\/\/remstim.com\/es\/pie-de-imprenta\/\">(contacto<\/a>) si la entrega est\u00e1 incompleta o da\u00f1ada. Si la caja exterior presenta da\u00f1os visibles, reclame a la empresa de transporte inmediatamente despu\u00e9s de la entrega. Le rogamos que confirme su queja por escrito.<\/p>\n<p style=\"text-align: left;\">Enviamos el <a title=\"REMSTIM 3000\" href=\"https:\/\/remstim.com\/es\/remstim-3000\/\">REMSTIM<\/a> 3000 exclusivamente en su estuche protector para evitar da\u00f1os en la medida de lo posible. Si, a pesar de todo, el <a title=\"REMSTIM 3000\" href=\"https:\/\/remstim.com\/es\/remstim-3000\/\">REMSTIM<\/a> 3000 ha sufrido da\u00f1os durante el transporte, devu\u00e9lvanoslo inmediatamente, junto con el malet\u00edn, las instrucciones de uso y el embalaje exterior original, as\u00ed como la confirmaci\u00f3n de la reclamaci\u00f3n por parte de la empresa de transporte. Recibir\u00e1 la mercanc\u00eda nueva lo antes posible despu\u00e9s de que la recibamos.<\/p>\n","protected":false},"excerpt":{"rendered":"<p>Condiciones de env\u00edo y entrega Su pedido se tramitar\u00e1 inmediatamente y se le entregar\u00e1 una vez efectuado el pago seg\u00fan el plazo de entrega indicado a continuaci\u00f3n. Los gastos de env\u00edo se le cobrar\u00e1n adem\u00e1s del valor de la mercanc\u00eda. Zona de entrega Gastos de env\u00edo Plazo de entrega aprox. Alemania 5,50 \u20ac* 3 &#8211; [&hellip;]<\/p>\n","protected":false},"author":1,"featured_media":0,"parent":16433,"menu_order":4,"comment_status":"closed","ping_status":"closed","template":"","meta":{"_acf_changed":false,"site-sidebar-layout":"default","site-content-layout":"default","ast-site-content-layout":"default","site-content-style":"default","site-sidebar-style":"default","ast-global-header-display":"","ast-banner-title-visibility":"","ast-main-header-display":"","ast-hfb-above-header-display":"","ast-hfb-below-header-display":"","ast-hfb-mobile-header-display":"","site-post-title":"","ast-breadcrumbs-content":"","ast-featured-img":"","footer-sml-layout":"","ast-disable-related-posts":"","theme-transparent-header-meta":"default","adv-header-id-meta":"","stick-header-meta":"default","header-above-stick-meta":"","header-main-stick-meta":"","header-below-stick-meta":"","astra-migrate-meta-layouts":"default","ast-page-background-enabled":"default","ast-page-background-meta":{"desktop":{"background-color":"var(--ast-global-color-4)","background-image":"","background-repeat":"repeat","background-position":"center center","background-size":"auto","background-attachment":"scroll","background-type":"","background-media":"","overlay-type":"","overlay-color":"","overlay-opacity":"","overlay-gradient":""},"tablet":{"background-color":"","background-image":"","background-repeat":"repeat","background-position":"center center","background-size":"auto","background-attachment":"scroll","background-type":"","background-media":"","overlay-type":"","overlay-color":"","overlay-opacity":"","overlay-gradient":""},"mobile":{"background-color":"","background-image":"","background-repeat":"repeat","background-position":"center center","background-size":"auto","background-attachment":"scroll","background-type":"","background-media":"","overlay-type":"","overlay-color":"","overlay-opacity":"","overlay-gradient":""}},"ast-content-background-meta":{"desktop":{"background-color":"var(--ast-global-color-5)","background-image":"","background-repeat":"repeat","background-position":"center center","background-size":"auto","background-attachment":"scroll","background-type":"","background-media":"","overlay-type":"","overlay-color":"","overlay-opacity":"","overlay-gradient":""},"tablet":{"background-color":"var(--ast-global-color-5)","background-image":"","background-repeat":"repeat","background-position":"center center","background-size":"auto","background-attachment":"scroll","background-type":"","background-media":"","overlay-type":"","overlay-color":"","overlay-opacity":"","overlay-gradient":""},"mobile":{"background-color":"var(--ast-global-color-5)","background-image":"","background-repeat":"repeat","background-position":"center center","background-size":"auto","background-attachment":"scroll","background-type":"","background-media":"","overlay-type":"","overlay-color":"","overlay-opacity":"","overlay-gradient":""}},"footnotes":""},"class_list":["post-16430","page","type-page","status-publish","hentry"],"acf":[],"yoast_head":"<!-- This site is optimized with the Yoast SEO plugin v27.3 - https:\/\/yoast.com\/product\/yoast-seo-wordpress\/ -->\n<title>Condiciones de env\u00edo y entrega del dispositivo EMDR REMSTIM 3000<\/title>\n<meta name=\"description\" content=\"Su pedido se tramitar\u00e1 inmediatamente y se le entregar\u00e1 por paquete DHL lo antes posible una vez efectuado el pago.\" \/>\n<meta name=\"robots\" content=\"index, follow, max-snippet:-1, max-image-preview:large, max-video-preview:-1\" \/>\n<link rel=\"canonical\" href=\"https:\/\/remstim.com\/es\/remstim-3000\/condiciones-de-envio-y-entrega\/\" \/>\n<meta property=\"og:locale\" content=\"es_ES\" \/>\n<meta property=\"og:type\" content=\"article\" \/>\n<meta property=\"og:title\" content=\"Condiciones de env\u00edo y entrega del dispositivo EMDR REMSTIM 3000\" \/>\n<meta property=\"og:description\" content=\"Su pedido se tramitar\u00e1 inmediatamente y se le entregar\u00e1 por paquete DHL lo antes posible una vez efectuado el pago.\" \/>\n<meta property=\"og:url\" content=\"https:\/\/remstim.com\/es\/remstim-3000\/condiciones-de-envio-y-entrega\/\" \/>\n<meta property=\"og:site_name\" content=\"EMDR Ger\u00e4t REMSTIM 3000 gegen Stress\" \/>\n<meta property=\"article:modified_time\" content=\"2023-11-06T19:15:55+00:00\" \/>\n<meta property=\"og:image\" content=\"https:\/\/remstim.com\/wp-content\/uploads\/2023\/09\/R3-im-Koffer_white-300x250.jpg\" \/>\n<meta name=\"twitter:label1\" content=\"Tiempo de lectura\" \/>\n\t<meta name=\"twitter:data1\" content=\"2 minutos\" \/>\n<script type=\"application\/ld+json\" class=\"yoast-schema-graph\">{\"@context\":\"https:\\\/\\\/schema.org\",\"@graph\":[{\"@type\":\"WebPage\",\"@id\":\"https:\\\/\\\/remstim.com\\\/es\\\/remstim-3000\\\/condiciones-de-envio-y-entrega\\\/\",\"url\":\"https:\\\/\\\/remstim.com\\\/es\\\/remstim-3000\\\/condiciones-de-envio-y-entrega\\\/\",\"name\":\"Condiciones de env\u00edo y entrega del dispositivo EMDR REMSTIM 3000\",\"isPartOf\":{\"@id\":\"https:\\\/\\\/remstim.com\\\/es\\\/#website\"},\"primaryImageOfPage\":{\"@id\":\"https:\\\/\\\/remstim.com\\\/es\\\/remstim-3000\\\/condiciones-de-envio-y-entrega\\\/#primaryimage\"},\"image\":{\"@id\":\"https:\\\/\\\/remstim.com\\\/es\\\/remstim-3000\\\/condiciones-de-envio-y-entrega\\\/#primaryimage\"},\"thumbnailUrl\":\"https:\\\/\\\/remstim.com\\\/wp-content\\\/uploads\\\/2023\\\/09\\\/R3-im-Koffer_white-300x250.jpg\",\"datePublished\":\"2011-02-16T12:12:40+00:00\",\"dateModified\":\"2023-11-06T19:15:55+00:00\",\"description\":\"Su pedido se tramitar\u00e1 inmediatamente y se le entregar\u00e1 por paquete DHL lo antes posible una vez efectuado el pago.\",\"breadcrumb\":{\"@id\":\"https:\\\/\\\/remstim.com\\\/es\\\/remstim-3000\\\/condiciones-de-envio-y-entrega\\\/#breadcrumb\"},\"inLanguage\":\"es\",\"potentialAction\":[{\"@type\":\"ReadAction\",\"target\":[\"https:\\\/\\\/remstim.com\\\/es\\\/remstim-3000\\\/condiciones-de-envio-y-entrega\\\/\"]}]},{\"@type\":\"ImageObject\",\"inLanguage\":\"es\",\"@id\":\"https:\\\/\\\/remstim.com\\\/es\\\/remstim-3000\\\/condiciones-de-envio-y-entrega\\\/#primaryimage\",\"url\":\"https:\\\/\\\/remstim.com\\\/wp-content\\\/uploads\\\/2023\\\/09\\\/R3-im-Koffer_white-300x250.jpg\",\"contentUrl\":\"https:\\\/\\\/remstim.com\\\/wp-content\\\/uploads\\\/2023\\\/09\\\/R3-im-Koffer_white-300x250.jpg\"},{\"@type\":\"BreadcrumbList\",\"@id\":\"https:\\\/\\\/remstim.com\\\/es\\\/remstim-3000\\\/condiciones-de-envio-y-entrega\\\/#breadcrumb\",\"itemListElement\":[{\"@type\":\"ListItem\",\"position\":1,\"name\":\"Startseite\",\"item\":\"https:\\\/\\\/remstim.com\\\/es\\\/\"},{\"@type\":\"ListItem\",\"position\":2,\"name\":\"Gafas EMDR REMSTIM 3000\",\"item\":\"https:\\\/\\\/remstim.com\\\/es\\\/remstim-3000\\\/\"},{\"@type\":\"ListItem\",\"position\":3,\"name\":\"Condiciones de env\u00edo y entrega\"}]},{\"@type\":\"WebSite\",\"@id\":\"https:\\\/\\\/remstim.com\\\/es\\\/#website\",\"url\":\"https:\\\/\\\/remstim.com\\\/es\\\/\",\"name\":\"EMDR Ger\u00e4t REMSTIM 3000 gegen Stress\",\"description\":\"Wie wir schnell Entspannung finden.\",\"publisher\":{\"@id\":\"https:\\\/\\\/remstim.com\\\/es\\\/#organization\"},\"potentialAction\":[{\"@type\":\"SearchAction\",\"target\":{\"@type\":\"EntryPoint\",\"urlTemplate\":\"https:\\\/\\\/remstim.com\\\/es\\\/?s={search_term_string}\"},\"query-input\":{\"@type\":\"PropertyValueSpecification\",\"valueRequired\":true,\"valueName\":\"search_term_string\"}}],\"inLanguage\":\"es\"},{\"@type\":\"Organization\",\"@id\":\"https:\\\/\\\/remstim.com\\\/es\\\/#organization\",\"name\":\"EMDR Ger\u00e4t REMSTIM 3000 gegen Stress\",\"url\":\"https:\\\/\\\/remstim.com\\\/es\\\/\",\"logo\":{\"@type\":\"ImageObject\",\"inLanguage\":\"es\",\"@id\":\"https:\\\/\\\/remstim.com\\\/es\\\/#\\\/schema\\\/logo\\\/image\\\/\",\"url\":\"https:\\\/\\\/remstim.com\\\/wp-content\\\/uploads\\\/2012\\\/06\\\/REMSTIM-Logo-mit-Untertitel_orange-e1340382850185.png\",\"contentUrl\":\"https:\\\/\\\/remstim.com\\\/wp-content\\\/uploads\\\/2012\\\/06\\\/REMSTIM-Logo-mit-Untertitel_orange-e1340382850185.png\",\"width\":304,\"height\":80,\"caption\":\"EMDR Ger\u00e4t REMSTIM 3000 gegen Stress\"},\"image\":{\"@id\":\"https:\\\/\\\/remstim.com\\\/es\\\/#\\\/schema\\\/logo\\\/image\\\/\"}}]}<\/script>\n<!-- \/ Yoast SEO plugin. -->","yoast_head_json":{"title":"Condiciones de env\u00edo y entrega del dispositivo EMDR REMSTIM 3000","description":"Su pedido se tramitar\u00e1 inmediatamente y se le entregar\u00e1 por paquete DHL lo antes posible una vez efectuado el pago.","robots":{"index":"index","follow":"follow","max-snippet":"max-snippet:-1","max-image-preview":"max-image-preview:large","max-video-preview":"max-video-preview:-1"},"canonical":"https:\/\/remstim.com\/es\/remstim-3000\/condiciones-de-envio-y-entrega\/","og_locale":"es_ES","og_type":"article","og_title":"Condiciones de env\u00edo y entrega del dispositivo EMDR REMSTIM 3000","og_description":"Su pedido se tramitar\u00e1 inmediatamente y se le entregar\u00e1 por paquete DHL lo antes posible una vez efectuado el pago.","og_url":"https:\/\/remstim.com\/es\/remstim-3000\/condiciones-de-envio-y-entrega\/","og_site_name":"EMDR Ger\u00e4t REMSTIM 3000 gegen Stress","article_modified_time":"2023-11-06T19:15:55+00:00","og_image":[{"url":"https:\/\/remstim.com\/wp-content\/uploads\/2023\/09\/R3-im-Koffer_white-300x250.jpg","type":"","width":"","height":""}],"twitter_misc":{"Tiempo de lectura":"2 minutos"},"schema":{"@context":"https:\/\/schema.org","@graph":[{"@type":"WebPage","@id":"https:\/\/remstim.com\/es\/remstim-3000\/condiciones-de-envio-y-entrega\/","url":"https:\/\/remstim.com\/es\/remstim-3000\/condiciones-de-envio-y-entrega\/","name":"Condiciones de env\u00edo y entrega del dispositivo EMDR REMSTIM 3000","isPartOf":{"@id":"https:\/\/remstim.com\/es\/#website"},"primaryImageOfPage":{"@id":"https:\/\/remstim.com\/es\/remstim-3000\/condiciones-de-envio-y-entrega\/#primaryimage"},"image":{"@id":"https:\/\/remstim.com\/es\/remstim-3000\/condiciones-de-envio-y-entrega\/#primaryimage"},"thumbnailUrl":"https:\/\/remstim.com\/wp-content\/uploads\/2023\/09\/R3-im-Koffer_white-300x250.jpg","datePublished":"2011-02-16T12:12:40+00:00","dateModified":"2023-11-06T19:15:55+00:00","description":"Su pedido se tramitar\u00e1 inmediatamente y se le entregar\u00e1 por paquete DHL lo antes posible una vez efectuado el pago.","breadcrumb":{"@id":"https:\/\/remstim.com\/es\/remstim-3000\/condiciones-de-envio-y-entrega\/#breadcrumb"},"inLanguage":"es","potentialAction":[{"@type":"ReadAction","target":["https:\/\/remstim.com\/es\/remstim-3000\/condiciones-de-envio-y-entrega\/"]}]},{"@type":"ImageObject","inLanguage":"es","@id":"https:\/\/remstim.com\/es\/remstim-3000\/condiciones-de-envio-y-entrega\/#primaryimage","url":"https:\/\/remstim.com\/wp-content\/uploads\/2023\/09\/R3-im-Koffer_white-300x250.jpg","contentUrl":"https:\/\/remstim.com\/wp-content\/uploads\/2023\/09\/R3-im-Koffer_white-300x250.jpg"},{"@type":"BreadcrumbList","@id":"https:\/\/remstim.com\/es\/remstim-3000\/condiciones-de-envio-y-entrega\/#breadcrumb","itemListElement":[{"@type":"ListItem","position":1,"name":"Startseite","item":"https:\/\/remstim.com\/es\/"},{"@type":"ListItem","position":2,"name":"Gafas EMDR REMSTIM 3000","item":"https:\/\/remstim.com\/es\/remstim-3000\/"},{"@type":"ListItem","position":3,"name":"Condiciones de env\u00edo y entrega"}]},{"@type":"WebSite","@id":"https:\/\/remstim.com\/es\/#website","url":"https:\/\/remstim.com\/es\/","name":"EMDR Ger\u00e4t REMSTIM 3000 gegen Stress","description":"Wie wir schnell Entspannung finden.","publisher":{"@id":"https:\/\/remstim.com\/es\/#organization"},"potentialAction":[{"@type":"SearchAction","target":{"@type":"EntryPoint","urlTemplate":"https:\/\/remstim.com\/es\/?s={search_term_string}"},"query-input":{"@type":"PropertyValueSpecification","valueRequired":true,"valueName":"search_term_string"}}],"inLanguage":"es"},{"@type":"Organization","@id":"https:\/\/remstim.com\/es\/#organization","name":"EMDR Ger\u00e4t REMSTIM 3000 gegen Stress","url":"https:\/\/remstim.com\/es\/","logo":{"@type":"ImageObject","inLanguage":"es","@id":"https:\/\/remstim.com\/es\/#\/schema\/logo\/image\/","url":"https:\/\/remstim.com\/wp-content\/uploads\/2012\/06\/REMSTIM-Logo-mit-Untertitel_orange-e1340382850185.png","contentUrl":"https:\/\/remstim.com\/wp-content\/uploads\/2012\/06\/REMSTIM-Logo-mit-Untertitel_orange-e1340382850185.png","width":304,"height":80,"caption":"EMDR Ger\u00e4t REMSTIM 3000 gegen Stress"},"image":{"@id":"https:\/\/remstim.com\/es\/#\/schema\/logo\/image\/"}}]}},"_links":{"self":[{"href":"https:\/\/remstim.com\/es\/wp-json\/wp\/v2\/pages\/16430","targetHints":{"allow":["GET"]}}],"collection":[{"href":"https:\/\/remstim.com\/es\/wp-json\/wp\/v2\/pages"}],"about":[{"href":"https:\/\/remstim.com\/es\/wp-json\/wp\/v2\/types\/page"}],"author":[{"embeddable":true,"href":"https:\/\/remstim.com\/es\/wp-json\/wp\/v2\/users\/1"}],"replies":[{"embeddable":true,"href":"https:\/\/remstim.com\/es\/wp-json\/wp\/v2\/comments?post=16430"}],"version-history":[{"count":2,"href":"https:\/\/remstim.com\/es\/wp-json\/wp\/v2\/pages\/16430\/revisions"}],"predecessor-version":[{"id":25788,"href":"https:\/\/remstim.com\/es\/wp-json\/wp\/v2\/pages\/16430\/revisions\/25788"}],"up":[{"embeddable":true,"href":"https:\/\/remstim.com\/es\/wp-json\/wp\/v2\/pages\/16433"}],"wp:attachment":[{"href":"https:\/\/remstim.com\/es\/wp-json\/wp\/v2\/media?parent=16430"}],"curies":[{"name":"wp","href":"https:\/\/api.w.org\/{rel}","templated":true}]}}