{"id":16431,"date":"2010-12-30T03:17:37","date_gmt":"2010-12-30T03:17:37","guid":{"rendered":"https:\/\/remstim.de\/pie-de-imprenta\/"},"modified":"2025-09-22T07:24:24","modified_gmt":"2025-09-22T07:24:24","slug":"pie-de-imprenta","status":"publish","type":"page","link":"https:\/\/remstim.com\/es\/pie-de-imprenta\/","title":{"rendered":"Aviso legal"},"content":{"rendered":"<h1>Puede consultar la consulta de Thomas Buhl aqu\u00ed:<\/h1>\n<p><a href=\"https:\/\/thomasbuhl.de\/\" target=\"_blank\" rel=\"noopener noreferrer\">www.thomasbuhl.de<\/a><\/p>\n<h1>Aviso legal<\/h1>\n<p>Thomas Buhl<br \/>\nTerapeuta de trauma y EMDR<br \/>\nM\u00e9dico alternativo para psicoterapia<br \/>\nAm Dachsbau 59<br \/>\n13503 Berl\u00edn<br \/>\nTel.: 030-398214 19<br \/>\nCorreo electr\u00f3nico:  <a href=\"mailto:info@remstim.de\">info@remstim.de<\/a><\/p>\n<p>N\u00famero de identificaci\u00f3n fiscal: DE321491344<\/p>\n<p>Responsable del contenido seg\u00fan. \u00a7 55 II RStV: Thomas Buhl (direcci\u00f3n v\u00e9ase m\u00e1s arriba)<\/p>\n<ul>\n<li>T\u00edtulo profesional legal: Heilpraktiker f\u00fcr Psychotherapie (concedido en la Rep\u00fablica Federal de Alemania)<\/li>\n<li>Autoridad de control competente: Oficina del Distrito Tempelhof-Sch\u00f6neberg de Berl\u00edn &#8211; Departamento de Sanidad, Rathausstra\u00dfe 27, 12105 Berl\u00edn<a href=\"https:\/\/www.berlin.de\/ba-tempelhof-schoeneberg\/politik-und-verwaltung\/aemter\/gesundheitsamt\/heilpraktikerbereich\/\" target=\"_blank\" rel=\"noopener noreferrer\">(Enlace<\/a>)<\/li>\n<li>Normativa profesional: Ley sobre el ejercicio profesional de la medicina sin certificado m\u00e9dico (Heilpraktikergesetz) y ordenanza de aplicaci\u00f3n: pueden consultarse en Internet en <a href=\"http:\/\/www.gesetze-im-internet.de\/heilprg\/index.html\" target=\"_blank\" rel=\"noopener noreferrer\">http:\/\/www.gesetze-im-internet.de\/heilprg\/index.html<\/a> y <a href=\"http:\/\/www.gesetze-im-internet.de\/heilprgdv_1\/index.html\" target=\"_blank\" rel=\"noopener noreferrer\">http:\/\/www.gesetze-im-internet.de\/heilprgdv_1\/index.html.<\/a><\/li>\n<li>C\u00f3digo de conducta profesional: disponible en Internet en <a href=\"http:\/\/www.heilpraktiker.org\/die-berufsordnung-fuer-heilpraktiker\">http:\/\/www.heilpraktiker.org\/die-berufsordnung-fuer-heilpraktiker<\/a><\/li>\n<\/ul>\n<p><strong>Nota<\/strong>: En el sitio web remstim.com no se ofrecen servicios m\u00e9dicos. Lea la <a href=\"https:\/\/remstim.com\/es\/fundamentos-de-la-utilizacion-de-emdr-en-coaching-con-el-remstim-3000\/informacion-importante\/\">informaci\u00f3n importante al respecto<\/a>.<\/p>\n<p>Privacidad<a title=\"Pol\u00edtica de privacidad\" href=\"https:\/\/remstim.com\/es\/pie-de-imprenta\/politica-de-privacidad\/\">[leer m\u00e1s<\/a>] y aviso legal (disclaimer)<a href=\"https:\/\/remstim.de\/disclaimer-rechtliche-hinweise\/\">[leer m\u00e1s]<\/a><\/p>\n<div class=\"page\" title=\"P\u00e1gina 5\">\n<div class=\"section\">\n<div class=\"layoutArea\">\n<div class=\"column\">\n<p><strong>Resoluci\u00f3n alternativa de litigios de conformidad con el art. 14 p\u00e1rr. 1 Reglamento ODR y \u00a7 36 VSBG:<\/strong><\/p>\n<p>La Comisi\u00f3n Europea ofrece una plataforma para la resoluci\u00f3n de litigios en l\u00ednea (ODR), que puede encontrar en <a href=\"http:\/\/ec.europa.eu\/consumers\/odr\/\" target=\"_blank\" rel=\"noopener noreferrer\">http:\/\/ec.europa.eu\/consumers\/odr\/.<\/a>  No estamos obligados a participar en un procedimiento de resoluci\u00f3n de litigios ante una junta arbitral de consumo y, por lo general, no estamos dispuestos a hacerlo.<\/p>\n<\/div>\n<\/div>\n<\/div>\n<\/div>\n<p>Referencias de las im\u00e1genes y gr\u00e1ficos utilizados<a title=\"Fuentes de im\u00e1genes\" href=\"https:\/\/remstim.com\/es\/pie-de-imprenta\/fuentes-de-imagenes\/\">(leer m\u00e1s<\/a>)<\/p>\n\t\t<div data-elementor-type=\"section\" data-elementor-id=\"16755\" class=\"elementor elementor-16755 elementor-10063\" data-elementor-post-type=\"elementor_library\">\n\t\t\t\t\t<section class=\"elementor-section elementor-top-section elementor-element elementor-element-3e61bf16 elementor-section-full_width elementor-section-height-default elementor-section-height-default\" data-id=\"3e61bf16\" data-element_type=\"section\" data-e-type=\"section\">\n\t\t\t\t\t\t<div class=\"elementor-container elementor-column-gap-no\">\n\t\t\t\t\t<div class=\"elementor-column elementor-col-100 elementor-top-column elementor-element elementor-element-7214daf0\" data-id=\"7214daf0\" data-element_type=\"column\" data-e-type=\"column\">\n\t\t\t<div class=\"elementor-widget-wrap elementor-element-populated\">\n\t\t\t\t\t\t<section class=\"elementor-section elementor-inner-section elementor-element elementor-element-3b447262 elementor-section-boxed elementor-section-height-default elementor-section-height-default\" data-id=\"3b447262\" data-element_type=\"section\" data-e-type=\"section\" data-settings=\"{&quot;background_background&quot;:&quot;classic&quot;}\">\n\t\t\t\t\t\t<div class=\"elementor-container elementor-column-gap-default\">\n\t\t\t\t\t<div class=\"elementor-column elementor-col-100 elementor-inner-column elementor-element elementor-element-3100a7f4\" data-id=\"3100a7f4\" data-element_type=\"column\" data-e-type=\"column\">\n\t\t\t<div class=\"elementor-widget-wrap elementor-element-populated\">\n\t\t\t\t\t\t<div class=\"elementor-element elementor-element-2938a536 elementor-widget elementor-widget-heading\" data-id=\"2938a536\" data-element_type=\"widget\" data-e-type=\"widget\" data-widget_type=\"heading.default\">\n\t\t\t\t<div class=\"elementor-widget-container\">\n\t\t\t\t\t<h2 class=\"elementor-heading-title elementor-size-default\">Derechos de propiedad y registro<\/h2>\t\t\t\t<\/div>\n\t\t\t\t<\/div>\n\t\t\t\t\t<\/div>\n\t\t<\/div>\n\t\t\t\t\t<\/div>\n\t\t<\/section>\n\t\t\t\t<section class=\"elementor-section elementor-inner-section elementor-element elementor-element-46571269 elementor-section-content-top elementor-section-boxed elementor-section-height-default elementor-section-height-default\" data-id=\"46571269\" data-element_type=\"section\" data-e-type=\"section\">\n\t\t\t\t\t\t<div class=\"elementor-container elementor-column-gap-default\">\n\t\t\t\t\t<div class=\"elementor-column elementor-col-100 elementor-inner-column elementor-element elementor-element-17ac7fd5\" data-id=\"17ac7fd5\" data-element_type=\"column\" data-e-type=\"column\">\n\t\t\t<div class=\"elementor-widget-wrap elementor-element-populated\">\n\t\t\t\t\t\t<div class=\"elementor-element elementor-element-6f3d07ef elementor-icon-list--layout-traditional elementor-list-item-link-full_width elementor-widget elementor-widget-icon-list\" data-id=\"6f3d07ef\" data-element_type=\"widget\" data-e-type=\"widget\" data-widget_type=\"icon-list.default\">\n\t\t\t\t<div class=\"elementor-widget-container\">\n\t\t\t\t\t\t\t<ul class=\"elementor-icon-list-items\">\n\t\t\t\t\t\t\t<li class=\"elementor-icon-list-item\">\n\t\t\t\t\t\t\t\t\t\t\t<span class=\"elementor-icon-list-icon\">\n\t\t\t\t\t\t\t<i aria-hidden=\"true\" class=\"far fa-star\"><\/i>\t\t\t\t\t\t<\/span>\n\t\t\t\t\t\t\t\t\t\t<span class=\"elementor-icon-list-text\">remstim\u00ae es una marca legalmente protegida y registrada<\/span>\n\t\t\t\t\t\t\t\t\t<\/li>\n\t\t\t\t\t\t\t\t<li class=\"elementor-icon-list-item\">\n\t\t\t\t\t\t\t\t\t\t\t<span class=\"elementor-icon-list-icon\">\n\t\t\t\t\t\t\t<i aria-hidden=\"true\" class=\"far fa-star\"><\/i>\t\t\t\t\t\t<\/span>\n\t\t\t\t\t\t\t\t\t\t<span class=\"elementor-icon-list-text\">la tecnolog\u00eda del REMSTIM 3000 est\u00e1 legalmente protegida y registrada con el n\u00famero DE 202010014816.2<\/span>\n\t\t\t\t\t\t\t\t\t<\/li>\n\t\t\t\t\t\t\t\t<li class=\"elementor-icon-list-item\">\n\t\t\t\t\t\t\t\t\t\t\t<span class=\"elementor-icon-list-icon\">\n\t\t\t\t\t\t\t<i aria-hidden=\"true\" class=\"far fa-star\"><\/i>\t\t\t\t\t\t<\/span>\n\t\t\t\t\t\t\t\t\t\t<span class=\"elementor-icon-list-text\">WEEE-Reg. n\u00ba DE 83662464<\/span>\n\t\t\t\t\t\t\t\t\t<\/li>\n\t\t\t\t\t\t\t\t<li class=\"elementor-icon-list-item\">\n\t\t\t\t\t\t\t\t\t\t\t<span class=\"elementor-icon-list-icon\">\n\t\t\t\t\t\t\t<i aria-hidden=\"true\" class=\"far fa-star\"><\/i>\t\t\t\t\t\t<\/span>\n\t\t\t\t\t\t\t\t\t\t<span class=\"elementor-icon-list-text\">En lo que respecta a los envases de venta llenados por primera vez con mercanc\u00edas por nosotros y entregados a consumidores finales privados, nuestra empresa se ha adherido al sistema nacional de recogida de Usepac UG, Bremen, para garantizar el cumplimiento de nuestras obligaciones legales de acuerdo con el \u00a7 6 VerpackV.<\/span>\n\t\t\t\t\t\t\t\t\t<\/li>\n\t\t\t\t\t\t<\/ul>\n\t\t\t\t\t\t<\/div>\n\t\t\t\t<\/div>\n\t\t\t\t\t<\/div>\n\t\t<\/div>\n\t\t\t\t\t<\/div>\n\t\t<\/section>\n\t\t\t\t\t<\/div>\n\t\t<\/div>\n\t\t\t\t\t<\/div>\n\t\t<\/section>\n\t\t\t\t<\/div>\n\t\t\n","protected":false},"excerpt":{"rendered":"<p>Puede consultar la consulta de Thomas Buhl aqu\u00ed: www.thomasbuhl.de Aviso legal Thomas Buhl Terapeuta de trauma y EMDR M\u00e9dico alternativo para psicoterapia Am Dachsbau 59 13503 Berl\u00edn Tel.: 030-398214 19 Correo electr\u00f3nico: info@remstim.de N\u00famero de identificaci\u00f3n fiscal: DE321491344 Responsable del contenido seg\u00fan. \u00a7 55 II RStV: Thomas Buhl (direcci\u00f3n v\u00e9ase m\u00e1s arriba) T\u00edtulo profesional legal: [&hellip;]<\/p>\n","protected":false},"author":1,"featured_media":0,"parent":0,"menu_order":28,"comment_status":"closed","ping_status":"closed","template":"","meta":{"_acf_changed":false,"site-sidebar-layout":"default","site-content-layout":"default","ast-site-content-layout":"default","site-content-style":"default","site-sidebar-style":"default","ast-global-header-display":"","ast-banner-title-visibility":"","ast-main-header-display":"","ast-hfb-above-header-display":"","ast-hfb-below-header-display":"","ast-hfb-mobile-header-display":"","site-post-title":"","ast-breadcrumbs-content":"","ast-featured-img":"","footer-sml-layout":"","ast-disable-related-posts":"","theme-transparent-header-meta":"default","adv-header-id-meta":"","stick-header-meta":"default","header-above-stick-meta":"","header-main-stick-meta":"","header-below-stick-meta":"","astra-migrate-meta-layouts":"set","ast-page-background-enabled":"default","ast-page-background-meta":{"desktop":{"background-color":"var(--ast-global-color-4)","background-image":"","background-repeat":"repeat","background-position":"center center","background-size":"auto","background-attachment":"scroll","background-type":"","background-media":"","overlay-type":"","overlay-color":"","overlay-opacity":"","overlay-gradient":""},"tablet":{"background-color":"","background-image":"","background-repeat":"repeat","background-position":"center center","background-size":"auto","background-attachment":"scroll","background-type":"","background-media":"","overlay-type":"","overlay-color":"","overlay-opacity":"","overlay-gradient":""},"mobile":{"background-color":"","background-image":"","background-repeat":"repeat","background-position":"center center","background-size":"auto","background-attachment":"scroll","background-type":"","background-media":"","overlay-type":"","overlay-color":"","overlay-opacity":"","overlay-gradient":""}},"ast-content-background-meta":{"desktop":{"background-color":"var(--ast-global-color-5)","background-image":"","background-repeat":"repeat","background-position":"center center","background-size":"auto","background-attachment":"scroll","background-type":"","background-media":"","overlay-type":"","overlay-color":"","overlay-opacity":"","overlay-gradient":""},"tablet":{"background-color":"var(--ast-global-color-5)","background-image":"","background-repeat":"repeat","background-position":"center center","background-size":"auto","background-attachment":"scroll","background-type":"","background-media":"","overlay-type":"","overlay-color":"","overlay-opacity":"","overlay-gradient":""},"mobile":{"background-color":"var(--ast-global-color-5)","background-image":"","background-repeat":"repeat","background-position":"center center","background-size":"auto","background-attachment":"scroll","background-type":"","background-media":"","overlay-type":"","overlay-color":"","overlay-opacity":"","overlay-gradient":""}},"footnotes":""},"class_list":["post-16431","page","type-page","status-publish","hentry"],"acf":[],"yoast_head":"<!-- This site is optimized with the Yoast SEO plugin v27.4 - https:\/\/yoast.com\/product\/yoast-seo-wordpress\/ -->\n<title>Pie de imprenta<\/title>\n<meta name=\"description\" content=\"Pie de imprenta\" \/>\n<meta name=\"robots\" content=\"noindex, nofollow\" \/>\n<meta property=\"og:locale\" content=\"es_ES\" \/>\n<meta property=\"og:type\" content=\"article\" \/>\n<meta property=\"og:title\" content=\"Pie de imprenta\" \/>\n<meta property=\"og:description\" content=\"Pie de imprenta\" \/>\n<meta property=\"og:url\" content=\"https:\/\/remstim.com\/es\/pie-de-imprenta\/\" \/>\n<meta property=\"og:site_name\" content=\"EMDR Ger\u00e4t REMSTIM 3000 gegen Stress\" \/>\n<meta property=\"article:modified_time\" content=\"2025-09-22T07:24:24+00:00\" \/>\n<meta name=\"twitter:label1\" content=\"Tiempo de lectura\" \/>\n\t<meta name=\"twitter:data1\" content=\"2 minutos\" \/>\n<script type=\"application\/ld+json\" class=\"yoast-schema-graph\">{\"@context\":\"https:\\\/\\\/schema.org\",\"@graph\":[{\"@type\":\"WebPage\",\"@id\":\"https:\\\/\\\/remstim.com\\\/es\\\/pie-de-imprenta\\\/\",\"url\":\"https:\\\/\\\/remstim.com\\\/es\\\/pie-de-imprenta\\\/\",\"name\":\"Pie de imprenta\",\"isPartOf\":{\"@id\":\"https:\\\/\\\/remstim.com\\\/es\\\/#website\"},\"datePublished\":\"2010-12-30T03:17:37+00:00\",\"dateModified\":\"2025-09-22T07:24:24+00:00\",\"description\":\"Pie de imprenta\",\"breadcrumb\":{\"@id\":\"https:\\\/\\\/remstim.com\\\/es\\\/pie-de-imprenta\\\/#breadcrumb\"},\"inLanguage\":\"es\",\"potentialAction\":[{\"@type\":\"ReadAction\",\"target\":[\"https:\\\/\\\/remstim.com\\\/es\\\/pie-de-imprenta\\\/\"]}]},{\"@type\":\"BreadcrumbList\",\"@id\":\"https:\\\/\\\/remstim.com\\\/es\\\/pie-de-imprenta\\\/#breadcrumb\",\"itemListElement\":[{\"@type\":\"ListItem\",\"position\":1,\"name\":\"Startseite\",\"item\":\"https:\\\/\\\/remstim.com\\\/es\\\/\"},{\"@type\":\"ListItem\",\"position\":2,\"name\":\"Aviso legal\"}]},{\"@type\":\"WebSite\",\"@id\":\"https:\\\/\\\/remstim.com\\\/es\\\/#website\",\"url\":\"https:\\\/\\\/remstim.com\\\/es\\\/\",\"name\":\"EMDR Ger\u00e4t REMSTIM 3000 gegen Stress\",\"description\":\"Wie wir schnell Entspannung finden.\",\"publisher\":{\"@id\":\"https:\\\/\\\/remstim.com\\\/es\\\/#organization\"},\"potentialAction\":[{\"@type\":\"SearchAction\",\"target\":{\"@type\":\"EntryPoint\",\"urlTemplate\":\"https:\\\/\\\/remstim.com\\\/es\\\/?s={search_term_string}\"},\"query-input\":{\"@type\":\"PropertyValueSpecification\",\"valueRequired\":true,\"valueName\":\"search_term_string\"}}],\"inLanguage\":\"es\"},{\"@type\":\"Organization\",\"@id\":\"https:\\\/\\\/remstim.com\\\/es\\\/#organization\",\"name\":\"EMDR Ger\u00e4t REMSTIM 3000 gegen Stress\",\"url\":\"https:\\\/\\\/remstim.com\\\/es\\\/\",\"logo\":{\"@type\":\"ImageObject\",\"inLanguage\":\"es\",\"@id\":\"https:\\\/\\\/remstim.com\\\/es\\\/#\\\/schema\\\/logo\\\/image\\\/\",\"url\":\"https:\\\/\\\/remstim.com\\\/wp-content\\\/uploads\\\/2012\\\/06\\\/REMSTIM-Logo-mit-Untertitel_orange-e1340382850185.png\",\"contentUrl\":\"https:\\\/\\\/remstim.com\\\/wp-content\\\/uploads\\\/2012\\\/06\\\/REMSTIM-Logo-mit-Untertitel_orange-e1340382850185.png\",\"width\":304,\"height\":80,\"caption\":\"EMDR Ger\u00e4t REMSTIM 3000 gegen Stress\"},\"image\":{\"@id\":\"https:\\\/\\\/remstim.com\\\/es\\\/#\\\/schema\\\/logo\\\/image\\\/\"}}]}<\/script>\n<!-- \/ Yoast SEO plugin. -->","yoast_head_json":{"title":"Pie de imprenta","description":"Pie de imprenta","robots":{"index":"noindex","follow":"nofollow"},"og_locale":"es_ES","og_type":"article","og_title":"Pie de imprenta","og_description":"Pie de imprenta","og_url":"https:\/\/remstim.com\/es\/pie-de-imprenta\/","og_site_name":"EMDR Ger\u00e4t REMSTIM 3000 gegen Stress","article_modified_time":"2025-09-22T07:24:24+00:00","twitter_misc":{"Tiempo de lectura":"2 minutos"},"schema":{"@context":"https:\/\/schema.org","@graph":[{"@type":"WebPage","@id":"https:\/\/remstim.com\/es\/pie-de-imprenta\/","url":"https:\/\/remstim.com\/es\/pie-de-imprenta\/","name":"Pie de imprenta","isPartOf":{"@id":"https:\/\/remstim.com\/es\/#website"},"datePublished":"2010-12-30T03:17:37+00:00","dateModified":"2025-09-22T07:24:24+00:00","description":"Pie de imprenta","breadcrumb":{"@id":"https:\/\/remstim.com\/es\/pie-de-imprenta\/#breadcrumb"},"inLanguage":"es","potentialAction":[{"@type":"ReadAction","target":["https:\/\/remstim.com\/es\/pie-de-imprenta\/"]}]},{"@type":"BreadcrumbList","@id":"https:\/\/remstim.com\/es\/pie-de-imprenta\/#breadcrumb","itemListElement":[{"@type":"ListItem","position":1,"name":"Startseite","item":"https:\/\/remstim.com\/es\/"},{"@type":"ListItem","position":2,"name":"Aviso legal"}]},{"@type":"WebSite","@id":"https:\/\/remstim.com\/es\/#website","url":"https:\/\/remstim.com\/es\/","name":"EMDR Ger\u00e4t REMSTIM 3000 gegen Stress","description":"Wie wir schnell Entspannung finden.","publisher":{"@id":"https:\/\/remstim.com\/es\/#organization"},"potentialAction":[{"@type":"SearchAction","target":{"@type":"EntryPoint","urlTemplate":"https:\/\/remstim.com\/es\/?s={search_term_string}"},"query-input":{"@type":"PropertyValueSpecification","valueRequired":true,"valueName":"search_term_string"}}],"inLanguage":"es"},{"@type":"Organization","@id":"https:\/\/remstim.com\/es\/#organization","name":"EMDR Ger\u00e4t REMSTIM 3000 gegen Stress","url":"https:\/\/remstim.com\/es\/","logo":{"@type":"ImageObject","inLanguage":"es","@id":"https:\/\/remstim.com\/es\/#\/schema\/logo\/image\/","url":"https:\/\/remstim.com\/wp-content\/uploads\/2012\/06\/REMSTIM-Logo-mit-Untertitel_orange-e1340382850185.png","contentUrl":"https:\/\/remstim.com\/wp-content\/uploads\/2012\/06\/REMSTIM-Logo-mit-Untertitel_orange-e1340382850185.png","width":304,"height":80,"caption":"EMDR Ger\u00e4t REMSTIM 3000 gegen Stress"},"image":{"@id":"https:\/\/remstim.com\/es\/#\/schema\/logo\/image\/"}}]}},"_links":{"self":[{"href":"https:\/\/remstim.com\/es\/wp-json\/wp\/v2\/pages\/16431","targetHints":{"allow":["GET"]}}],"collection":[{"href":"https:\/\/remstim.com\/es\/wp-json\/wp\/v2\/pages"}],"about":[{"href":"https:\/\/remstim.com\/es\/wp-json\/wp\/v2\/types\/page"}],"author":[{"embeddable":true,"href":"https:\/\/remstim.com\/es\/wp-json\/wp\/v2\/users\/1"}],"replies":[{"embeddable":true,"href":"https:\/\/remstim.com\/es\/wp-json\/wp\/v2\/comments?post=16431"}],"version-history":[{"count":2,"href":"https:\/\/remstim.com\/es\/wp-json\/wp\/v2\/pages\/16431\/revisions"}],"predecessor-version":[{"id":27591,"href":"https:\/\/remstim.com\/es\/wp-json\/wp\/v2\/pages\/16431\/revisions\/27591"}],"wp:attachment":[{"href":"https:\/\/remstim.com\/es\/wp-json\/wp\/v2\/media?parent=16431"}],"curies":[{"name":"wp","href":"https:\/\/api.w.org\/{rel}","templated":true}]}}