{"id":16432,"date":"2011-01-27T12:09:11","date_gmt":"2011-01-27T12:09:11","guid":{"rendered":"https:\/\/remstim.de\/pie-de-imprenta\/aviso-legal\/"},"modified":"2023-09-15T07:56:21","modified_gmt":"2023-09-15T07:56:21","slug":"aviso-legal","status":"publish","type":"page","link":"https:\/\/remstim.com\/es\/pie-de-imprenta\/aviso-legal\/","title":{"rendered":"Aviso legal"},"content":{"rendered":"<h1>Aviso legal<\/h1>\n<div>\n<h2 style=\"text-align: justify;\">1. limitaci\u00f3n de responsabilidad<\/h2>\n<p style=\"text-align: justify;\">Los contenidos de este sitio web se han creado con el mayor cuidado posible. El uso de los contenidos del sitio web corre por cuenta y riesgo del usuario. Las contribuciones identificadas por su nombre reflejan la opini\u00f3n del autor respectivo y no siempre la del proveedor. El mero uso del sitio web del proveedor no constituye relaci\u00f3n contractual alguna entre el usuario y el proveedor.<\/p>\n<h2 style=\"text-align: justify;\">2. enlaces externos<\/h2>\n<p style=\"text-align: justify;\">Este sitio web contiene enlaces a sitios web de terceros (&#8220;enlaces externos&#8221;). Estos sitios web est\u00e1n sujetos a la responsabilidad de sus respectivos operadores. Cuando se crearon los enlaces externos por primera vez, el proveedor comprob\u00f3 que el contenido externo no infringiera la ley. En ese momento no se apreciaron infracciones legales. El proveedor no tiene ninguna influencia en el dise\u00f1o actual y futuro ni en el contenido de las p\u00e1ginas enlazadas. La inclusi\u00f3n de enlaces externos no implica que el proveedor adopte como propios los contenidos que subyacen a la referencia o enlace. La supervisi\u00f3n constante de estos enlaces externos no es razonable para el proveedor sin pruebas concretas de infracciones legales. No obstante, dichos enlaces externos se suprimir\u00e1n inmediatamente si se tiene conocimiento de infracciones legales.<\/p>\n<h2 style=\"text-align: justify;\">3. derechos de autor y derechos conexos<\/h2>\n<p style=\"text-align: justify;\">Los contenidos publicados en este sitio web est\u00e1n sujetos a la legislaci\u00f3n alemana sobre derechos de autor y derechos afines. Cualquier uso no permitido por la legislaci\u00f3n alemana sobre derechos de autor y derechos afines requiere el consentimiento previo por escrito del proveedor o del respectivo titular de los derechos. Esto se aplica en particular a la copia, edici\u00f3n, traducci\u00f3n, almacenamiento, procesamiento o reproducci\u00f3n de contenidos en bases de datos u otros medios y sistemas electr\u00f3nicos. Los contenidos y derechos de terceros est\u00e1n marcados como tales. La reproducci\u00f3n o distribuci\u00f3n no autorizada de contenidos individuales o p\u00e1ginas completas no est\u00e1 permitida y est\u00e1 penada por la ley. S\u00f3lo se permite la producci\u00f3n de copias y descargas para uso personal, privado y no comercial.<\/p>\n<p style=\"text-align: justify;\">La visualizaci\u00f3n de este sitio web en marcos externos s\u00f3lo est\u00e1 permitida con autorizaci\u00f3n por escrito.<\/p>\n<h2 style=\"text-align: justify;\">4. condiciones especiales de uso<\/h2>\n<p style=\"text-align: justify;\">En la medida en que las condiciones especiales para usos individuales de este sitio web se desv\u00eden de los n\u00fameros 1. a 3. antes mencionados, esto se indicar\u00e1 expresamente en el lugar apropiado. En este caso, se aplicar\u00e1n las condiciones especiales de uso en cada caso concreto.<\/p>\n<\/div>\n","protected":false},"excerpt":{"rendered":"<p>Aviso legal 1. limitaci\u00f3n de responsabilidad Los contenidos de este sitio web se han creado con el mayor cuidado posible. El uso de los contenidos del sitio web corre por cuenta y riesgo del usuario. Las contribuciones identificadas por su nombre reflejan la opini\u00f3n del autor respectivo y no siempre la del proveedor. El mero [&hellip;]<\/p>\n","protected":false},"author":1,"featured_media":0,"parent":16431,"menu_order":4,"comment_status":"closed","ping_status":"closed","template":"","meta":{"_acf_changed":false,"site-sidebar-layout":"default","site-content-layout":"default","ast-site-content-layout":"default","site-content-style":"default","site-sidebar-style":"default","ast-global-header-display":"","ast-banner-title-visibility":"","ast-main-header-display":"","ast-hfb-above-header-display":"","ast-hfb-below-header-display":"","ast-hfb-mobile-header-display":"","site-post-title":"","ast-breadcrumbs-content":"","ast-featured-img":"","footer-sml-layout":"","ast-disable-related-posts":"","theme-transparent-header-meta":"default","adv-header-id-meta":"","stick-header-meta":"default","header-above-stick-meta":"","header-main-stick-meta":"","header-below-stick-meta":"","astra-migrate-meta-layouts":"default","ast-page-background-enabled":"default","ast-page-background-meta":{"desktop":{"background-color":"var(--ast-global-color-4)","background-image":"","background-repeat":"repeat","background-position":"center center","background-size":"auto","background-attachment":"scroll","background-type":"","background-media":"","overlay-type":"","overlay-color":"","overlay-opacity":"","overlay-gradient":""},"tablet":{"background-color":"","background-image":"","background-repeat":"repeat","background-position":"center center","background-size":"auto","background-attachment":"scroll","background-type":"","background-media":"","overlay-type":"","overlay-color":"","overlay-opacity":"","overlay-gradient":""},"mobile":{"background-color":"","background-image":"","background-repeat":"repeat","background-position":"center center","background-size":"auto","background-attachment":"scroll","background-type":"","background-media":"","overlay-type":"","overlay-color":"","overlay-opacity":"","overlay-gradient":""}},"ast-content-background-meta":{"desktop":{"background-color":"var(--ast-global-color-5)","background-image":"","background-repeat":"repeat","background-position":"center center","background-size":"auto","background-attachment":"scroll","background-type":"","background-media":"","overlay-type":"","overlay-color":"","overlay-opacity":"","overlay-gradient":""},"tablet":{"background-color":"var(--ast-global-color-5)","background-image":"","background-repeat":"repeat","background-position":"center center","background-size":"auto","background-attachment":"scroll","background-type":"","background-media":"","overlay-type":"","overlay-color":"","overlay-opacity":"","overlay-gradient":""},"mobile":{"background-color":"var(--ast-global-color-5)","background-image":"","background-repeat":"repeat","background-position":"center center","background-size":"auto","background-attachment":"scroll","background-type":"","background-media":"","overlay-type":"","overlay-color":"","overlay-opacity":"","overlay-gradient":""}},"footnotes":""},"class_list":["post-16432","page","type-page","status-publish","hentry"],"acf":[],"yoast_head":"<!-- This site is optimized with the Yoast SEO plugin v27.3 - https:\/\/yoast.com\/product\/yoast-seo-wordpress\/ -->\n<title>Aviso legal - EMDR Ger\u00e4t REMSTIM 3000 gegen Stress<\/title>\n<meta name=\"robots\" content=\"index, follow, max-snippet:-1, max-image-preview:large, max-video-preview:-1\" \/>\n<link rel=\"canonical\" href=\"https:\/\/remstim.com\/es\/pie-de-imprenta\/aviso-legal\/\" \/>\n<meta property=\"og:locale\" content=\"es_ES\" \/>\n<meta property=\"og:type\" content=\"article\" \/>\n<meta property=\"og:title\" content=\"Aviso legal - EMDR Ger\u00e4t REMSTIM 3000 gegen Stress\" \/>\n<meta property=\"og:description\" content=\"Aviso legal 1. limitaci\u00f3n de responsabilidad Los contenidos de este sitio web se han creado con el mayor cuidado posible. El uso de los contenidos del sitio web corre por cuenta y riesgo del usuario. Las contribuciones identificadas por su nombre reflejan la opini\u00f3n del autor respectivo y no siempre la del proveedor. El mero [&hellip;]\" \/>\n<meta property=\"og:url\" content=\"https:\/\/remstim.com\/es\/pie-de-imprenta\/aviso-legal\/\" \/>\n<meta property=\"og:site_name\" content=\"EMDR Ger\u00e4t REMSTIM 3000 gegen Stress\" \/>\n<meta property=\"article:modified_time\" content=\"2023-09-15T07:56:21+00:00\" \/>\n<meta name=\"twitter:label1\" content=\"Tiempo de lectura\" \/>\n\t<meta name=\"twitter:data1\" content=\"3 minutos\" \/>\n<script type=\"application\/ld+json\" class=\"yoast-schema-graph\">{\"@context\":\"https:\\\/\\\/schema.org\",\"@graph\":[{\"@type\":\"WebPage\",\"@id\":\"https:\\\/\\\/remstim.com\\\/es\\\/pie-de-imprenta\\\/aviso-legal\\\/\",\"url\":\"https:\\\/\\\/remstim.com\\\/es\\\/pie-de-imprenta\\\/aviso-legal\\\/\",\"name\":\"Aviso legal - EMDR Ger\u00e4t REMSTIM 3000 gegen Stress\",\"isPartOf\":{\"@id\":\"https:\\\/\\\/remstim.com\\\/es\\\/#website\"},\"datePublished\":\"2011-01-27T12:09:11+00:00\",\"dateModified\":\"2023-09-15T07:56:21+00:00\",\"breadcrumb\":{\"@id\":\"https:\\\/\\\/remstim.com\\\/es\\\/pie-de-imprenta\\\/aviso-legal\\\/#breadcrumb\"},\"inLanguage\":\"es\",\"potentialAction\":[{\"@type\":\"ReadAction\",\"target\":[\"https:\\\/\\\/remstim.com\\\/es\\\/pie-de-imprenta\\\/aviso-legal\\\/\"]}]},{\"@type\":\"BreadcrumbList\",\"@id\":\"https:\\\/\\\/remstim.com\\\/es\\\/pie-de-imprenta\\\/aviso-legal\\\/#breadcrumb\",\"itemListElement\":[{\"@type\":\"ListItem\",\"position\":1,\"name\":\"Startseite\",\"item\":\"https:\\\/\\\/remstim.com\\\/es\\\/\"},{\"@type\":\"ListItem\",\"position\":2,\"name\":\"Aviso legal\",\"item\":\"https:\\\/\\\/remstim.com\\\/es\\\/pie-de-imprenta\\\/\"},{\"@type\":\"ListItem\",\"position\":3,\"name\":\"Aviso legal\"}]},{\"@type\":\"WebSite\",\"@id\":\"https:\\\/\\\/remstim.com\\\/es\\\/#website\",\"url\":\"https:\\\/\\\/remstim.com\\\/es\\\/\",\"name\":\"EMDR Ger\u00e4t REMSTIM 3000 gegen Stress\",\"description\":\"Wie wir schnell Entspannung finden.\",\"publisher\":{\"@id\":\"https:\\\/\\\/remstim.com\\\/es\\\/#organization\"},\"potentialAction\":[{\"@type\":\"SearchAction\",\"target\":{\"@type\":\"EntryPoint\",\"urlTemplate\":\"https:\\\/\\\/remstim.com\\\/es\\\/?s={search_term_string}\"},\"query-input\":{\"@type\":\"PropertyValueSpecification\",\"valueRequired\":true,\"valueName\":\"search_term_string\"}}],\"inLanguage\":\"es\"},{\"@type\":\"Organization\",\"@id\":\"https:\\\/\\\/remstim.com\\\/es\\\/#organization\",\"name\":\"EMDR Ger\u00e4t REMSTIM 3000 gegen Stress\",\"url\":\"https:\\\/\\\/remstim.com\\\/es\\\/\",\"logo\":{\"@type\":\"ImageObject\",\"inLanguage\":\"es\",\"@id\":\"https:\\\/\\\/remstim.com\\\/es\\\/#\\\/schema\\\/logo\\\/image\\\/\",\"url\":\"https:\\\/\\\/remstim.com\\\/wp-content\\\/uploads\\\/2012\\\/06\\\/REMSTIM-Logo-mit-Untertitel_orange-e1340382850185.png\",\"contentUrl\":\"https:\\\/\\\/remstim.com\\\/wp-content\\\/uploads\\\/2012\\\/06\\\/REMSTIM-Logo-mit-Untertitel_orange-e1340382850185.png\",\"width\":304,\"height\":80,\"caption\":\"EMDR Ger\u00e4t REMSTIM 3000 gegen Stress\"},\"image\":{\"@id\":\"https:\\\/\\\/remstim.com\\\/es\\\/#\\\/schema\\\/logo\\\/image\\\/\"}}]}<\/script>\n<!-- \/ Yoast SEO plugin. -->","yoast_head_json":{"title":"Aviso legal - EMDR Ger\u00e4t REMSTIM 3000 gegen Stress","robots":{"index":"index","follow":"follow","max-snippet":"max-snippet:-1","max-image-preview":"max-image-preview:large","max-video-preview":"max-video-preview:-1"},"canonical":"https:\/\/remstim.com\/es\/pie-de-imprenta\/aviso-legal\/","og_locale":"es_ES","og_type":"article","og_title":"Aviso legal - EMDR Ger\u00e4t REMSTIM 3000 gegen Stress","og_description":"Aviso legal 1. limitaci\u00f3n de responsabilidad Los contenidos de este sitio web se han creado con el mayor cuidado posible. El uso de los contenidos del sitio web corre por cuenta y riesgo del usuario. Las contribuciones identificadas por su nombre reflejan la opini\u00f3n del autor respectivo y no siempre la del proveedor. El mero [&hellip;]","og_url":"https:\/\/remstim.com\/es\/pie-de-imprenta\/aviso-legal\/","og_site_name":"EMDR Ger\u00e4t REMSTIM 3000 gegen Stress","article_modified_time":"2023-09-15T07:56:21+00:00","twitter_misc":{"Tiempo de lectura":"3 minutos"},"schema":{"@context":"https:\/\/schema.org","@graph":[{"@type":"WebPage","@id":"https:\/\/remstim.com\/es\/pie-de-imprenta\/aviso-legal\/","url":"https:\/\/remstim.com\/es\/pie-de-imprenta\/aviso-legal\/","name":"Aviso legal - EMDR Ger\u00e4t REMSTIM 3000 gegen Stress","isPartOf":{"@id":"https:\/\/remstim.com\/es\/#website"},"datePublished":"2011-01-27T12:09:11+00:00","dateModified":"2023-09-15T07:56:21+00:00","breadcrumb":{"@id":"https:\/\/remstim.com\/es\/pie-de-imprenta\/aviso-legal\/#breadcrumb"},"inLanguage":"es","potentialAction":[{"@type":"ReadAction","target":["https:\/\/remstim.com\/es\/pie-de-imprenta\/aviso-legal\/"]}]},{"@type":"BreadcrumbList","@id":"https:\/\/remstim.com\/es\/pie-de-imprenta\/aviso-legal\/#breadcrumb","itemListElement":[{"@type":"ListItem","position":1,"name":"Startseite","item":"https:\/\/remstim.com\/es\/"},{"@type":"ListItem","position":2,"name":"Aviso legal","item":"https:\/\/remstim.com\/es\/pie-de-imprenta\/"},{"@type":"ListItem","position":3,"name":"Aviso legal"}]},{"@type":"WebSite","@id":"https:\/\/remstim.com\/es\/#website","url":"https:\/\/remstim.com\/es\/","name":"EMDR Ger\u00e4t REMSTIM 3000 gegen Stress","description":"Wie wir schnell Entspannung finden.","publisher":{"@id":"https:\/\/remstim.com\/es\/#organization"},"potentialAction":[{"@type":"SearchAction","target":{"@type":"EntryPoint","urlTemplate":"https:\/\/remstim.com\/es\/?s={search_term_string}"},"query-input":{"@type":"PropertyValueSpecification","valueRequired":true,"valueName":"search_term_string"}}],"inLanguage":"es"},{"@type":"Organization","@id":"https:\/\/remstim.com\/es\/#organization","name":"EMDR Ger\u00e4t REMSTIM 3000 gegen Stress","url":"https:\/\/remstim.com\/es\/","logo":{"@type":"ImageObject","inLanguage":"es","@id":"https:\/\/remstim.com\/es\/#\/schema\/logo\/image\/","url":"https:\/\/remstim.com\/wp-content\/uploads\/2012\/06\/REMSTIM-Logo-mit-Untertitel_orange-e1340382850185.png","contentUrl":"https:\/\/remstim.com\/wp-content\/uploads\/2012\/06\/REMSTIM-Logo-mit-Untertitel_orange-e1340382850185.png","width":304,"height":80,"caption":"EMDR Ger\u00e4t REMSTIM 3000 gegen Stress"},"image":{"@id":"https:\/\/remstim.com\/es\/#\/schema\/logo\/image\/"}}]}},"_links":{"self":[{"href":"https:\/\/remstim.com\/es\/wp-json\/wp\/v2\/pages\/16432","targetHints":{"allow":["GET"]}}],"collection":[{"href":"https:\/\/remstim.com\/es\/wp-json\/wp\/v2\/pages"}],"about":[{"href":"https:\/\/remstim.com\/es\/wp-json\/wp\/v2\/types\/page"}],"author":[{"embeddable":true,"href":"https:\/\/remstim.com\/es\/wp-json\/wp\/v2\/users\/1"}],"replies":[{"embeddable":true,"href":"https:\/\/remstim.com\/es\/wp-json\/wp\/v2\/comments?post=16432"}],"version-history":[{"count":0,"href":"https:\/\/remstim.com\/es\/wp-json\/wp\/v2\/pages\/16432\/revisions"}],"up":[{"embeddable":true,"href":"https:\/\/remstim.com\/es\/wp-json\/wp\/v2\/pages\/16431"}],"wp:attachment":[{"href":"https:\/\/remstim.com\/es\/wp-json\/wp\/v2\/media?parent=16432"}],"curies":[{"name":"wp","href":"https:\/\/api.w.org\/{rel}","templated":true}]}}