{"id":16435,"date":"2011-05-03T15:42:43","date_gmt":"2011-05-03T15:42:43","guid":{"rendered":"https:\/\/remstim.de\/areas-de-aplicacion-de-emdr-en-coaching\/crear-claridad-de-objetivos-y-resolver-conflictos\/"},"modified":"2023-09-15T07:39:52","modified_gmt":"2023-09-15T07:39:52","slug":"crear-claridad-de-objetivos-y-resolver-conflictos","status":"publish","type":"page","link":"https:\/\/remstim.com\/es\/areas-de-aplicacion-de-emdr-en-coaching\/crear-claridad-de-objetivos-y-resolver-conflictos\/","title":{"rendered":"Crear claridad de objetivos y resolver conflictos"},"content":{"rendered":"<h1 style=\"text-align: justify;\">Crear claridad en los objetivos y resolver conflictos con EMDR en autocoaching<\/h1>\n<p style=\"text-align: justify;\">Tener un objetivo claro en mente es una sensaci\u00f3n sublime y motivadora. La visi\u00f3n de un futuro propio cambiado desempe\u00f1a un papel decisivo. T\u00fa mismo transformas tu entorno en el estado deseado. La mera idea de c\u00f3mo se consigue el cambio, el estado final positivo, a trav\u00e9s de la acci\u00f3n personal nos enorgullece.<\/p>\n<p style=\"text-align: justify;\">Un objetivo se forma en nuestra mente: Vemos ante nuestro ojo interior el plazo en el que queremos alcanzarlo. Fijamos objetivos parciales y su grado de cumplimiento. Y nos anticipamos a los posibles obst\u00e1culos que hay que quitar de en medio. Y manos a la obra.<\/p>\n<p style=\"text-align: justify;\">Todo ello repercute en nuestra voluntad de rendimiento y en nuestro bienestar. Los objetivos son importantes para nuestra estabilidad psicol\u00f3gica. Los objetivos nos dan estructura y sentido. Equiparamos su consecuci\u00f3n con la felicidad.<\/p>\n<p style=\"text-align: justify;\">Pero pobre de aquel que ya no tenga objetivos o que a menudo no los alcance. As\u00ed que algunos ya ni siquiera se proponen algo nuevo. Para \u00e9l, la mera idea de otra derrota es demasiado frustrante. Los bloqueos mentales le frenan y crean estrategias astutas para una supuesta protecci\u00f3n.<\/p>\n<p style=\"text-align: justify;\">Luego est\u00e1n los que persiguen un sinf\u00edn de objetivos hasta que se te olvida c\u00f3mo podr\u00edas darte cuenta de que los han conseguido. Y las metas imposibles te protegen de la derrota, pero tampoco te hacen feliz.<\/p>\n<p style=\"text-align: justify;\">La ausencia de ambivalencia es necesaria para un objetivo claro y su cumplimiento. La ambivalencia es el conocido sentimiento de dualidad. Al menos dos cosas, o muchas, son igual de importantes y mucho m\u00e1s cruciales: ninguna de ellas parece compatible con las otras. Las personas que tienen ese sentimiento en su interior rara vez pueden decidirse o intentar ocuparse de todo al mismo tiempo. De este modo, o bien obliga al hombre a la inacci\u00f3n, o bien le impulsa al accionismo.<\/p>\n<p style=\"text-align: justify;\">Psicol\u00f3gicamente, lo percibe como un conflicto. Tanto internamente, con \u00e9l mismo y sus deseos mutuamente excluyentes, como externamente, con los que le rodean, que s\u00f3lo pueden soportar sus titubeos o sus vueltas meneando la cabeza.<\/p>\n<p style=\"text-align: justify;\">Sea cual sea la intensidad con la que uno experimenta la ambig\u00fcedad de sus objetivos, a todo el mundo le gusta recordar lo refrescante que resulta la claridad de sus propios prop\u00f3sitos. Sin dudas ni conflictos, entramos en el camino y damos los primeros pasos sin vacilar.<\/p>\n<p style=\"text-align: justify;\">Mediante la <a href=\"https:\/\/remstim.com\/es\/fundamentos-de-la-utilizacion-de-emdr-en-coaching-con-el-remstim-3000\/estimulacion-de-movimientos-oculares-rapidos\/\">Estimulaci\u00f3n por Movimientos Oculares R\u00e1pidos<\/a> -la intervenci\u00f3n b\u00e1sica de <a title=\"EMDR - Desensibilizaci\u00f3n y Reprocesamiento por Movimientos Oculares\" href=\"https:\/\/remstim.com\/es\/emdr-desensibilizacion-y-reprocesamiento-por-movimientos-oculares\/\">la EMDR-<\/a> es posible calmar los sentimientos exuberantes y reducir las emociones de duda. Incluso la ambivalencia puede dar paso a una nueva capacidad para tomar decisiones y las cosas importantes pueden por fin reconocerse como tales. Todo esto crea espacio para nuevos pensamientos positivos que inspiran nuestras acciones. En esos momentos, los deseos germinan especialmente bien. Las viejas despiertan de nuevo y las impensadas acaban de nacer.<\/p>\n<p style=\"text-align: justify;\">\u00a1Vamos!<\/p>\n<hr class=\"divider-html\" style=\"border-top: 1px solid #bbb; margin-top: 30px; margin-bottom: 30px;\">\n<h2>M\u00e1s sobre EMDR<\/h2>\n\t\t<div data-elementor-type=\"section\" data-elementor-id=\"16822\" class=\"elementor elementor-16822 elementor-9347\" data-elementor-post-type=\"elementor_library\">\n\t\t\t\t\t<section class=\"elementor-section elementor-top-section elementor-element elementor-element-619a94b elementor-section-full_width elementor-section-height-default elementor-section-height-default\" data-id=\"619a94b\" data-element_type=\"section\" data-e-type=\"section\">\n\t\t\t\t\t\t<div class=\"elementor-container elementor-column-gap-no\">\n\t\t\t\t\t<div class=\"elementor-column elementor-col-100 elementor-top-column elementor-element elementor-element-dd78573\" data-id=\"dd78573\" data-element_type=\"column\" data-e-type=\"column\">\n\t\t\t<div class=\"elementor-widget-wrap elementor-element-populated\">\n\t\t\t\t\t\t<section class=\"elementor-section elementor-inner-section elementor-element elementor-element-0209641 elementor-section-full_width elementor-section-height-default elementor-section-height-default\" data-id=\"0209641\" data-element_type=\"section\" data-e-type=\"section\">\n\t\t\t\t\t\t<div class=\"elementor-container elementor-column-gap-default\">\n\t\t\t\t\t<div class=\"elementor-column elementor-col-100 elementor-inner-column elementor-element elementor-element-38da17f\" data-id=\"38da17f\" data-element_type=\"column\" data-e-type=\"column\">\n\t\t\t<div class=\"elementor-widget-wrap elementor-element-populated\">\n\t\t\t\t\t\t\t<\/div>\n\t\t<\/div>\n\t\t\t\t\t<\/div>\n\t\t<\/section>\n\t\t\t\t\t<\/div>\n\t\t<\/div>\n\t\t\t\t\t<\/div>\n\t\t<\/section>\n\t\t\t\t<\/div>\n\t\t\n","protected":false},"excerpt":{"rendered":"<p>Crear claridad en los objetivos y resolver conflictos con EMDR en autocoaching Tener un objetivo claro en mente es una sensaci\u00f3n sublime y motivadora. La visi\u00f3n de un futuro propio cambiado desempe\u00f1a un papel decisivo. T\u00fa mismo transformas tu entorno en el estado deseado. La mera idea de c\u00f3mo se consigue el cambio, el estado [&hellip;]<\/p>\n","protected":false},"author":1,"featured_media":0,"parent":16427,"menu_order":4,"comment_status":"closed","ping_status":"closed","template":"","meta":{"_acf_changed":false,"site-sidebar-layout":"default","site-content-layout":"default","ast-site-content-layout":"default","site-content-style":"default","site-sidebar-style":"default","ast-global-header-display":"","ast-banner-title-visibility":"","ast-main-header-display":"","ast-hfb-above-header-display":"","ast-hfb-below-header-display":"","ast-hfb-mobile-header-display":"","site-post-title":"","ast-breadcrumbs-content":"","ast-featured-img":"","footer-sml-layout":"","ast-disable-related-posts":"","theme-transparent-header-meta":"default","adv-header-id-meta":"","stick-header-meta":"default","header-above-stick-meta":"","header-main-stick-meta":"","header-below-stick-meta":"","astra-migrate-meta-layouts":"default","ast-page-background-enabled":"default","ast-page-background-meta":{"desktop":{"background-color":"var(--ast-global-color-4)","background-image":"","background-repeat":"repeat","background-position":"center center","background-size":"auto","background-attachment":"scroll","background-type":"","background-media":"","overlay-type":"","overlay-color":"","overlay-opacity":"","overlay-gradient":""},"tablet":{"background-color":"","background-image":"","background-repeat":"repeat","background-position":"center center","background-size":"auto","background-attachment":"scroll","background-type":"","background-media":"","overlay-type":"","overlay-color":"","overlay-opacity":"","overlay-gradient":""},"mobile":{"background-color":"","background-image":"","background-repeat":"repeat","background-position":"center center","background-size":"auto","background-attachment":"scroll","background-type":"","background-media":"","overlay-type":"","overlay-color":"","overlay-opacity":"","overlay-gradient":""}},"ast-content-background-meta":{"desktop":{"background-color":"var(--ast-global-color-5)","background-image":"","background-repeat":"repeat","background-position":"center center","background-size":"auto","background-attachment":"scroll","background-type":"","background-media":"","overlay-type":"","overlay-color":"","overlay-opacity":"","overlay-gradient":""},"tablet":{"background-color":"var(--ast-global-color-5)","background-image":"","background-repeat":"repeat","background-position":"center center","background-size":"auto","background-attachment":"scroll","background-type":"","background-media":"","overlay-type":"","overlay-color":"","overlay-opacity":"","overlay-gradient":""},"mobile":{"background-color":"var(--ast-global-color-5)","background-image":"","background-repeat":"repeat","background-position":"center center","background-size":"auto","background-attachment":"scroll","background-type":"","background-media":"","overlay-type":"","overlay-color":"","overlay-opacity":"","overlay-gradient":""}},"footnotes":""},"class_list":["post-16435","page","type-page","status-publish","hentry"],"acf":[],"yoast_head":"<!-- This site is optimized with the Yoast SEO plugin v27.3 - https:\/\/yoast.com\/product\/yoast-seo-wordpress\/ -->\n<title>Crear claridad de objetivos y resolver conflictos - EMDR Ger\u00e4t REMSTIM 3000 gegen Stress<\/title>\n<meta name=\"robots\" content=\"index, follow, max-snippet:-1, max-image-preview:large, max-video-preview:-1\" \/>\n<link rel=\"canonical\" href=\"https:\/\/remstim.com\/es\/areas-de-aplicacion-de-emdr-en-coaching\/crear-claridad-de-objetivos-y-resolver-conflictos\/\" \/>\n<meta property=\"og:locale\" content=\"es_ES\" \/>\n<meta property=\"og:type\" content=\"article\" \/>\n<meta property=\"og:title\" content=\"Crear claridad de objetivos y resolver conflictos - EMDR Ger\u00e4t REMSTIM 3000 gegen Stress\" \/>\n<meta property=\"og:description\" content=\"Crear claridad en los objetivos y resolver conflictos con EMDR en autocoaching Tener un objetivo claro en mente es una sensaci\u00f3n sublime y motivadora. La visi\u00f3n de un futuro propio cambiado desempe\u00f1a un papel decisivo. T\u00fa mismo transformas tu entorno en el estado deseado. La mera idea de c\u00f3mo se consigue el cambio, el estado [&hellip;]\" \/>\n<meta property=\"og:url\" content=\"https:\/\/remstim.com\/es\/areas-de-aplicacion-de-emdr-en-coaching\/crear-claridad-de-objetivos-y-resolver-conflictos\/\" \/>\n<meta property=\"og:site_name\" content=\"EMDR Ger\u00e4t REMSTIM 3000 gegen Stress\" \/>\n<meta property=\"article:modified_time\" content=\"2023-09-15T07:39:52+00:00\" \/>\n<meta name=\"twitter:label1\" content=\"Tiempo de lectura\" \/>\n\t<meta name=\"twitter:data1\" content=\"3 minutos\" \/>\n<script type=\"application\/ld+json\" class=\"yoast-schema-graph\">{\"@context\":\"https:\\\/\\\/schema.org\",\"@graph\":[{\"@type\":\"WebPage\",\"@id\":\"https:\\\/\\\/remstim.com\\\/es\\\/areas-de-aplicacion-de-emdr-en-coaching\\\/crear-claridad-de-objetivos-y-resolver-conflictos\\\/\",\"url\":\"https:\\\/\\\/remstim.com\\\/es\\\/areas-de-aplicacion-de-emdr-en-coaching\\\/crear-claridad-de-objetivos-y-resolver-conflictos\\\/\",\"name\":\"Crear claridad de objetivos y resolver conflictos - EMDR Ger\u00e4t REMSTIM 3000 gegen Stress\",\"isPartOf\":{\"@id\":\"https:\\\/\\\/remstim.com\\\/es\\\/#website\"},\"datePublished\":\"2011-05-03T15:42:43+00:00\",\"dateModified\":\"2023-09-15T07:39:52+00:00\",\"breadcrumb\":{\"@id\":\"https:\\\/\\\/remstim.com\\\/es\\\/areas-de-aplicacion-de-emdr-en-coaching\\\/crear-claridad-de-objetivos-y-resolver-conflictos\\\/#breadcrumb\"},\"inLanguage\":\"es\",\"potentialAction\":[{\"@type\":\"ReadAction\",\"target\":[\"https:\\\/\\\/remstim.com\\\/es\\\/areas-de-aplicacion-de-emdr-en-coaching\\\/crear-claridad-de-objetivos-y-resolver-conflictos\\\/\"]}]},{\"@type\":\"BreadcrumbList\",\"@id\":\"https:\\\/\\\/remstim.com\\\/es\\\/areas-de-aplicacion-de-emdr-en-coaching\\\/crear-claridad-de-objetivos-y-resolver-conflictos\\\/#breadcrumb\",\"itemListElement\":[{\"@type\":\"ListItem\",\"position\":1,\"name\":\"Startseite\",\"item\":\"https:\\\/\\\/remstim.com\\\/es\\\/\"},{\"@type\":\"ListItem\",\"position\":2,\"name\":\"\u00c1reas de aplicaci\u00f3n de EMDR en coaching\",\"item\":\"https:\\\/\\\/remstim.com\\\/es\\\/areas-de-aplicacion-de-emdr-en-coaching\\\/\"},{\"@type\":\"ListItem\",\"position\":3,\"name\":\"Crear claridad de objetivos y resolver conflictos\"}]},{\"@type\":\"WebSite\",\"@id\":\"https:\\\/\\\/remstim.com\\\/es\\\/#website\",\"url\":\"https:\\\/\\\/remstim.com\\\/es\\\/\",\"name\":\"EMDR Ger\u00e4t REMSTIM 3000 gegen Stress\",\"description\":\"Wie wir schnell Entspannung finden.\",\"publisher\":{\"@id\":\"https:\\\/\\\/remstim.com\\\/es\\\/#organization\"},\"potentialAction\":[{\"@type\":\"SearchAction\",\"target\":{\"@type\":\"EntryPoint\",\"urlTemplate\":\"https:\\\/\\\/remstim.com\\\/es\\\/?s={search_term_string}\"},\"query-input\":{\"@type\":\"PropertyValueSpecification\",\"valueRequired\":true,\"valueName\":\"search_term_string\"}}],\"inLanguage\":\"es\"},{\"@type\":\"Organization\",\"@id\":\"https:\\\/\\\/remstim.com\\\/es\\\/#organization\",\"name\":\"EMDR Ger\u00e4t REMSTIM 3000 gegen Stress\",\"url\":\"https:\\\/\\\/remstim.com\\\/es\\\/\",\"logo\":{\"@type\":\"ImageObject\",\"inLanguage\":\"es\",\"@id\":\"https:\\\/\\\/remstim.com\\\/es\\\/#\\\/schema\\\/logo\\\/image\\\/\",\"url\":\"https:\\\/\\\/remstim.com\\\/wp-content\\\/uploads\\\/2012\\\/06\\\/REMSTIM-Logo-mit-Untertitel_orange-e1340382850185.png\",\"contentUrl\":\"https:\\\/\\\/remstim.com\\\/wp-content\\\/uploads\\\/2012\\\/06\\\/REMSTIM-Logo-mit-Untertitel_orange-e1340382850185.png\",\"width\":304,\"height\":80,\"caption\":\"EMDR Ger\u00e4t REMSTIM 3000 gegen Stress\"},\"image\":{\"@id\":\"https:\\\/\\\/remstim.com\\\/es\\\/#\\\/schema\\\/logo\\\/image\\\/\"}}]}<\/script>\n<!-- \/ Yoast SEO plugin. -->","yoast_head_json":{"title":"Crear claridad de objetivos y resolver conflictos - EMDR Ger\u00e4t REMSTIM 3000 gegen Stress","robots":{"index":"index","follow":"follow","max-snippet":"max-snippet:-1","max-image-preview":"max-image-preview:large","max-video-preview":"max-video-preview:-1"},"canonical":"https:\/\/remstim.com\/es\/areas-de-aplicacion-de-emdr-en-coaching\/crear-claridad-de-objetivos-y-resolver-conflictos\/","og_locale":"es_ES","og_type":"article","og_title":"Crear claridad de objetivos y resolver conflictos - EMDR Ger\u00e4t REMSTIM 3000 gegen Stress","og_description":"Crear claridad en los objetivos y resolver conflictos con EMDR en autocoaching Tener un objetivo claro en mente es una sensaci\u00f3n sublime y motivadora. La visi\u00f3n de un futuro propio cambiado desempe\u00f1a un papel decisivo. T\u00fa mismo transformas tu entorno en el estado deseado. La mera idea de c\u00f3mo se consigue el cambio, el estado [&hellip;]","og_url":"https:\/\/remstim.com\/es\/areas-de-aplicacion-de-emdr-en-coaching\/crear-claridad-de-objetivos-y-resolver-conflictos\/","og_site_name":"EMDR Ger\u00e4t REMSTIM 3000 gegen Stress","article_modified_time":"2023-09-15T07:39:52+00:00","twitter_misc":{"Tiempo de lectura":"3 minutos"},"schema":{"@context":"https:\/\/schema.org","@graph":[{"@type":"WebPage","@id":"https:\/\/remstim.com\/es\/areas-de-aplicacion-de-emdr-en-coaching\/crear-claridad-de-objetivos-y-resolver-conflictos\/","url":"https:\/\/remstim.com\/es\/areas-de-aplicacion-de-emdr-en-coaching\/crear-claridad-de-objetivos-y-resolver-conflictos\/","name":"Crear claridad de objetivos y resolver conflictos - EMDR Ger\u00e4t REMSTIM 3000 gegen Stress","isPartOf":{"@id":"https:\/\/remstim.com\/es\/#website"},"datePublished":"2011-05-03T15:42:43+00:00","dateModified":"2023-09-15T07:39:52+00:00","breadcrumb":{"@id":"https:\/\/remstim.com\/es\/areas-de-aplicacion-de-emdr-en-coaching\/crear-claridad-de-objetivos-y-resolver-conflictos\/#breadcrumb"},"inLanguage":"es","potentialAction":[{"@type":"ReadAction","target":["https:\/\/remstim.com\/es\/areas-de-aplicacion-de-emdr-en-coaching\/crear-claridad-de-objetivos-y-resolver-conflictos\/"]}]},{"@type":"BreadcrumbList","@id":"https:\/\/remstim.com\/es\/areas-de-aplicacion-de-emdr-en-coaching\/crear-claridad-de-objetivos-y-resolver-conflictos\/#breadcrumb","itemListElement":[{"@type":"ListItem","position":1,"name":"Startseite","item":"https:\/\/remstim.com\/es\/"},{"@type":"ListItem","position":2,"name":"\u00c1reas de aplicaci\u00f3n de EMDR en coaching","item":"https:\/\/remstim.com\/es\/areas-de-aplicacion-de-emdr-en-coaching\/"},{"@type":"ListItem","position":3,"name":"Crear claridad de objetivos y resolver conflictos"}]},{"@type":"WebSite","@id":"https:\/\/remstim.com\/es\/#website","url":"https:\/\/remstim.com\/es\/","name":"EMDR Ger\u00e4t REMSTIM 3000 gegen Stress","description":"Wie wir schnell Entspannung finden.","publisher":{"@id":"https:\/\/remstim.com\/es\/#organization"},"potentialAction":[{"@type":"SearchAction","target":{"@type":"EntryPoint","urlTemplate":"https:\/\/remstim.com\/es\/?s={search_term_string}"},"query-input":{"@type":"PropertyValueSpecification","valueRequired":true,"valueName":"search_term_string"}}],"inLanguage":"es"},{"@type":"Organization","@id":"https:\/\/remstim.com\/es\/#organization","name":"EMDR Ger\u00e4t REMSTIM 3000 gegen Stress","url":"https:\/\/remstim.com\/es\/","logo":{"@type":"ImageObject","inLanguage":"es","@id":"https:\/\/remstim.com\/es\/#\/schema\/logo\/image\/","url":"https:\/\/remstim.com\/wp-content\/uploads\/2012\/06\/REMSTIM-Logo-mit-Untertitel_orange-e1340382850185.png","contentUrl":"https:\/\/remstim.com\/wp-content\/uploads\/2012\/06\/REMSTIM-Logo-mit-Untertitel_orange-e1340382850185.png","width":304,"height":80,"caption":"EMDR Ger\u00e4t REMSTIM 3000 gegen Stress"},"image":{"@id":"https:\/\/remstim.com\/es\/#\/schema\/logo\/image\/"}}]}},"_links":{"self":[{"href":"https:\/\/remstim.com\/es\/wp-json\/wp\/v2\/pages\/16435","targetHints":{"allow":["GET"]}}],"collection":[{"href":"https:\/\/remstim.com\/es\/wp-json\/wp\/v2\/pages"}],"about":[{"href":"https:\/\/remstim.com\/es\/wp-json\/wp\/v2\/types\/page"}],"author":[{"embeddable":true,"href":"https:\/\/remstim.com\/es\/wp-json\/wp\/v2\/users\/1"}],"replies":[{"embeddable":true,"href":"https:\/\/remstim.com\/es\/wp-json\/wp\/v2\/comments?post=16435"}],"version-history":[{"count":0,"href":"https:\/\/remstim.com\/es\/wp-json\/wp\/v2\/pages\/16435\/revisions"}],"up":[{"embeddable":true,"href":"https:\/\/remstim.com\/es\/wp-json\/wp\/v2\/pages\/16427"}],"wp:attachment":[{"href":"https:\/\/remstim.com\/es\/wp-json\/wp\/v2\/media?parent=16435"}],"curies":[{"name":"wp","href":"https:\/\/api.w.org\/{rel}","templated":true}]}}