{"id":16440,"date":"2011-06-08T14:25:45","date_gmt":"2011-06-08T14:25:45","guid":{"rendered":"https:\/\/remstim.de\/remstim-3000\/nota-de-conformidad-con-la-ley-de-baterias-battg\/"},"modified":"2023-09-15T07:32:30","modified_gmt":"2023-09-15T07:32:30","slug":"nota-de-conformidad-con-la-ley-de-baterias-battg","status":"publish","type":"page","link":"https:\/\/remstim.com\/es\/remstim-3000\/nota-de-conformidad-con-la-ley-de-baterias-battg\/","title":{"rendered":"Nota de conformidad con la Ley de bater\u00edas (BattG)"},"content":{"rendered":"<h1>Nota de conformidad con la Ley de bater\u00edas (BattG)<\/h1>\n<p style=\"text-align: justify;\"><img decoding=\"async\" class=\"alignleft size-full wp-image-1143\" style=\"margin: 5px; border: 3px solid white;\" title=\"papelera de la ley de pilas\" src=\"https:\/\/remstim.com\/wp-content\/uploads\/2011\/06\/batteriegesetz-muelltonne.jpg\" alt=\"\" width=\"170\" height=\"175\">El <a title=\"REMSTIM 3000\" href=\"https:\/\/remstim.com\/es\/remstim-3000\/\">REMSTIM<\/a> 3000 funciona con una <a title=\"Informaci\u00f3n sobre la pila de bot\u00f3n del REMSTIM 3000\" href=\"https:\/\/remstim.com\/es\/remstim-3000\/informacion-sobre-la-pila-de-boton-del-remstim-3000\/\">bater\u00eda<\/a> incluida en el suministro. Por lo tanto, de conformidad con la Ley de bater\u00edas (BattG), estamos obligados a informarle de lo siguiente:<\/p>\n<p style=\"text-align: justify;\"><strong>Las pilas y bater\u00edas recargables no deben tirarse a la basura dom\u00e9stica. La ley obliga a devolver las pilas y bater\u00edas recargables usadas.<\/strong><\/p>\n<p style=\"text-align: justify;\">Las pilas usadas pueden contener sustancias nocivas que pueden da\u00f1ar el medio ambiente o su salud si no se almacenan o eliminan correctamente. Sin embargo, las pilas tambi\u00e9n contienen materias primas importantes, como hierro, zinc, manganeso o n\u00edquel, y se reciclan.<\/p>\n<p style=\"text-align: justify;\">Despu\u00e9s del uso, puedes cambiar las pilas<\/p>\n<ul style=\"text-align: justify;\">\n<li>volver a nosotros (Thomas P.H. Buhl Coaching Instrumente, Am Dachsbau 59, 13503 Berlin)<\/li>\n<li>o en las inmediaciones (por ejemplo, en tiendas o puntos de recogida municipales) de forma gratuita.<\/li>\n<\/ul>\n<p style=\"text-align: justify;\">La distribuci\u00f3n en los puntos de venta se limitar\u00e1 a las cantidades habituales de los usuarios finales para su eliminaci\u00f3n y a las pilas usadas que el distribuidor lleve o haya llevado como pilas nuevas en su gama de productos.<\/p>\n<p style=\"text-align: justify;\">El cubo de basura tachado significa que no debe tirar las pilas y bater\u00edas recargables a la basura dom\u00e9stica.<\/p>\n<p style=\"text-align: justify;\"><strong>Los carteles bajo el cubo de basura de pilas y acumuladores significan:<\/strong><\/p>\n<ul style=\"text-align: justify;\">\n<li>Pb: La bater\u00eda contiene plomo<\/li>\n<li>Cd: La bater\u00eda contiene cadmio<\/li>\n<li>Hg: La pila contiene mercurio<\/li>\n<\/ul>\n<p style=\"text-align: justify;\">Tambi\u00e9n encontrar\u00e1 esta informaci\u00f3n en los documentos adjuntos<a title=\"Manual de instrucciones REMSTIM 3000\" href=\"https:\/\/remstim.com\/es\/remstim-3000\/manual-de-instrucciones-remstim-3000\/\">(instrucciones de uso<\/a>) del <a title=\"REMSTIM 3000\" href=\"https:\/\/remstim.com\/es\/remstim-3000\/\">REMSTIM 3000<\/a>.<\/p>\n","protected":false},"excerpt":{"rendered":"<p>Nota de conformidad con la Ley de bater\u00edas (BattG) El REMSTIM 3000 funciona con una bater\u00eda incluida en el suministro. Por lo tanto, de conformidad con la Ley de bater\u00edas (BattG), estamos obligados a informarle de lo siguiente: Las pilas y bater\u00edas recargables no deben tirarse a la basura dom\u00e9stica. La ley obliga a devolver [&hellip;]<\/p>\n","protected":false},"author":1,"featured_media":0,"parent":16433,"menu_order":10,"comment_status":"closed","ping_status":"closed","template":"","meta":{"_acf_changed":false,"site-sidebar-layout":"default","site-content-layout":"default","ast-site-content-layout":"default","site-content-style":"default","site-sidebar-style":"default","ast-global-header-display":"","ast-banner-title-visibility":"","ast-main-header-display":"","ast-hfb-above-header-display":"","ast-hfb-below-header-display":"","ast-hfb-mobile-header-display":"","site-post-title":"","ast-breadcrumbs-content":"","ast-featured-img":"","footer-sml-layout":"","ast-disable-related-posts":"","theme-transparent-header-meta":"default","adv-header-id-meta":"","stick-header-meta":"default","header-above-stick-meta":"","header-main-stick-meta":"","header-below-stick-meta":"","astra-migrate-meta-layouts":"default","ast-page-background-enabled":"default","ast-page-background-meta":{"desktop":{"background-color":"var(--ast-global-color-4)","background-image":"","background-repeat":"repeat","background-position":"center center","background-size":"auto","background-attachment":"scroll","background-type":"","background-media":"","overlay-type":"","overlay-color":"","overlay-opacity":"","overlay-gradient":""},"tablet":{"background-color":"","background-image":"","background-repeat":"repeat","background-position":"center center","background-size":"auto","background-attachment":"scroll","background-type":"","background-media":"","overlay-type":"","overlay-color":"","overlay-opacity":"","overlay-gradient":""},"mobile":{"background-color":"","background-image":"","background-repeat":"repeat","background-position":"center center","background-size":"auto","background-attachment":"scroll","background-type":"","background-media":"","overlay-type":"","overlay-color":"","overlay-opacity":"","overlay-gradient":""}},"ast-content-background-meta":{"desktop":{"background-color":"var(--ast-global-color-5)","background-image":"","background-repeat":"repeat","background-position":"center center","background-size":"auto","background-attachment":"scroll","background-type":"","background-media":"","overlay-type":"","overlay-color":"","overlay-opacity":"","overlay-gradient":""},"tablet":{"background-color":"var(--ast-global-color-5)","background-image":"","background-repeat":"repeat","background-position":"center center","background-size":"auto","background-attachment":"scroll","background-type":"","background-media":"","overlay-type":"","overlay-color":"","overlay-opacity":"","overlay-gradient":""},"mobile":{"background-color":"var(--ast-global-color-5)","background-image":"","background-repeat":"repeat","background-position":"center center","background-size":"auto","background-attachment":"scroll","background-type":"","background-media":"","overlay-type":"","overlay-color":"","overlay-opacity":"","overlay-gradient":""}},"footnotes":""},"class_list":["post-16440","page","type-page","status-publish","hentry"],"acf":[],"yoast_head":"<!-- This site is optimized with the Yoast SEO plugin v27.3 - https:\/\/yoast.com\/product\/yoast-seo-wordpress\/ -->\n<title>Nota de conformidad con la Ley de bater\u00edas (BattG) - EMDR Ger\u00e4t REMSTIM 3000 gegen Stress<\/title>\n<meta name=\"robots\" content=\"noindex, nofollow\" \/>\n<meta property=\"og:locale\" content=\"es_ES\" \/>\n<meta property=\"og:type\" content=\"article\" \/>\n<meta property=\"og:title\" content=\"Nota de conformidad con la Ley de bater\u00edas (BattG) - EMDR Ger\u00e4t REMSTIM 3000 gegen Stress\" \/>\n<meta property=\"og:description\" content=\"Nota de conformidad con la Ley de bater\u00edas (BattG) El REMSTIM 3000 funciona con una bater\u00eda incluida en el suministro. Por lo tanto, de conformidad con la Ley de bater\u00edas (BattG), estamos obligados a informarle de lo siguiente: Las pilas y bater\u00edas recargables no deben tirarse a la basura dom\u00e9stica. La ley obliga a devolver [&hellip;]\" \/>\n<meta property=\"og:url\" content=\"https:\/\/remstim.com\/es\/remstim-3000\/nota-de-conformidad-con-la-ley-de-baterias-battg\/\" \/>\n<meta property=\"og:site_name\" content=\"EMDR Ger\u00e4t REMSTIM 3000 gegen Stress\" \/>\n<meta property=\"article:modified_time\" content=\"2023-09-15T07:32:30+00:00\" \/>\n<meta property=\"og:image\" content=\"https:\/\/remstim.com\/wp-content\/uploads\/2011\/06\/batteriegesetz-muelltonne.jpg\" \/>\n<meta name=\"twitter:label1\" content=\"Tiempo de lectura\" \/>\n\t<meta name=\"twitter:data1\" content=\"2 minutos\" \/>\n<script type=\"application\/ld+json\" class=\"yoast-schema-graph\">{\"@context\":\"https:\\\/\\\/schema.org\",\"@graph\":[{\"@type\":\"WebPage\",\"@id\":\"https:\\\/\\\/remstim.com\\\/es\\\/remstim-3000\\\/nota-de-conformidad-con-la-ley-de-baterias-battg\\\/\",\"url\":\"https:\\\/\\\/remstim.com\\\/es\\\/remstim-3000\\\/nota-de-conformidad-con-la-ley-de-baterias-battg\\\/\",\"name\":\"Nota de conformidad con la Ley de bater\u00edas (BattG) - EMDR Ger\u00e4t REMSTIM 3000 gegen Stress\",\"isPartOf\":{\"@id\":\"https:\\\/\\\/remstim.com\\\/es\\\/#website\"},\"primaryImageOfPage\":{\"@id\":\"https:\\\/\\\/remstim.com\\\/es\\\/remstim-3000\\\/nota-de-conformidad-con-la-ley-de-baterias-battg\\\/#primaryimage\"},\"image\":{\"@id\":\"https:\\\/\\\/remstim.com\\\/es\\\/remstim-3000\\\/nota-de-conformidad-con-la-ley-de-baterias-battg\\\/#primaryimage\"},\"thumbnailUrl\":\"https:\\\/\\\/remstim.com\\\/wp-content\\\/uploads\\\/2011\\\/06\\\/batteriegesetz-muelltonne.jpg\",\"datePublished\":\"2011-06-08T14:25:45+00:00\",\"dateModified\":\"2023-09-15T07:32:30+00:00\",\"breadcrumb\":{\"@id\":\"https:\\\/\\\/remstim.com\\\/es\\\/remstim-3000\\\/nota-de-conformidad-con-la-ley-de-baterias-battg\\\/#breadcrumb\"},\"inLanguage\":\"es\",\"potentialAction\":[{\"@type\":\"ReadAction\",\"target\":[\"https:\\\/\\\/remstim.com\\\/es\\\/remstim-3000\\\/nota-de-conformidad-con-la-ley-de-baterias-battg\\\/\"]}]},{\"@type\":\"ImageObject\",\"inLanguage\":\"es\",\"@id\":\"https:\\\/\\\/remstim.com\\\/es\\\/remstim-3000\\\/nota-de-conformidad-con-la-ley-de-baterias-battg\\\/#primaryimage\",\"url\":\"https:\\\/\\\/remstim.com\\\/wp-content\\\/uploads\\\/2011\\\/06\\\/batteriegesetz-muelltonne.jpg\",\"contentUrl\":\"https:\\\/\\\/remstim.com\\\/wp-content\\\/uploads\\\/2011\\\/06\\\/batteriegesetz-muelltonne.jpg\"},{\"@type\":\"BreadcrumbList\",\"@id\":\"https:\\\/\\\/remstim.com\\\/es\\\/remstim-3000\\\/nota-de-conformidad-con-la-ley-de-baterias-battg\\\/#breadcrumb\",\"itemListElement\":[{\"@type\":\"ListItem\",\"position\":1,\"name\":\"Startseite\",\"item\":\"https:\\\/\\\/remstim.com\\\/es\\\/\"},{\"@type\":\"ListItem\",\"position\":2,\"name\":\"Gafas EMDR REMSTIM 3000\",\"item\":\"https:\\\/\\\/remstim.com\\\/es\\\/remstim-3000\\\/\"},{\"@type\":\"ListItem\",\"position\":3,\"name\":\"Nota de conformidad con la Ley de bater\u00edas (BattG)\"}]},{\"@type\":\"WebSite\",\"@id\":\"https:\\\/\\\/remstim.com\\\/es\\\/#website\",\"url\":\"https:\\\/\\\/remstim.com\\\/es\\\/\",\"name\":\"EMDR Ger\u00e4t REMSTIM 3000 gegen Stress\",\"description\":\"Wie wir schnell Entspannung finden.\",\"publisher\":{\"@id\":\"https:\\\/\\\/remstim.com\\\/es\\\/#organization\"},\"potentialAction\":[{\"@type\":\"SearchAction\",\"target\":{\"@type\":\"EntryPoint\",\"urlTemplate\":\"https:\\\/\\\/remstim.com\\\/es\\\/?s={search_term_string}\"},\"query-input\":{\"@type\":\"PropertyValueSpecification\",\"valueRequired\":true,\"valueName\":\"search_term_string\"}}],\"inLanguage\":\"es\"},{\"@type\":\"Organization\",\"@id\":\"https:\\\/\\\/remstim.com\\\/es\\\/#organization\",\"name\":\"EMDR Ger\u00e4t REMSTIM 3000 gegen Stress\",\"url\":\"https:\\\/\\\/remstim.com\\\/es\\\/\",\"logo\":{\"@type\":\"ImageObject\",\"inLanguage\":\"es\",\"@id\":\"https:\\\/\\\/remstim.com\\\/es\\\/#\\\/schema\\\/logo\\\/image\\\/\",\"url\":\"https:\\\/\\\/remstim.com\\\/wp-content\\\/uploads\\\/2012\\\/06\\\/REMSTIM-Logo-mit-Untertitel_orange-e1340382850185.png\",\"contentUrl\":\"https:\\\/\\\/remstim.com\\\/wp-content\\\/uploads\\\/2012\\\/06\\\/REMSTIM-Logo-mit-Untertitel_orange-e1340382850185.png\",\"width\":304,\"height\":80,\"caption\":\"EMDR Ger\u00e4t REMSTIM 3000 gegen Stress\"},\"image\":{\"@id\":\"https:\\\/\\\/remstim.com\\\/es\\\/#\\\/schema\\\/logo\\\/image\\\/\"}}]}<\/script>\n<!-- \/ Yoast SEO plugin. -->","yoast_head_json":{"title":"Nota de conformidad con la Ley de bater\u00edas (BattG) - EMDR Ger\u00e4t REMSTIM 3000 gegen Stress","robots":{"index":"noindex","follow":"nofollow"},"og_locale":"es_ES","og_type":"article","og_title":"Nota de conformidad con la Ley de bater\u00edas (BattG) - EMDR Ger\u00e4t REMSTIM 3000 gegen Stress","og_description":"Nota de conformidad con la Ley de bater\u00edas (BattG) El REMSTIM 3000 funciona con una bater\u00eda incluida en el suministro. Por lo tanto, de conformidad con la Ley de bater\u00edas (BattG), estamos obligados a informarle de lo siguiente: Las pilas y bater\u00edas recargables no deben tirarse a la basura dom\u00e9stica. La ley obliga a devolver [&hellip;]","og_url":"https:\/\/remstim.com\/es\/remstim-3000\/nota-de-conformidad-con-la-ley-de-baterias-battg\/","og_site_name":"EMDR Ger\u00e4t REMSTIM 3000 gegen Stress","article_modified_time":"2023-09-15T07:32:30+00:00","og_image":[{"url":"https:\/\/remstim.com\/wp-content\/uploads\/2011\/06\/batteriegesetz-muelltonne.jpg","type":"","width":"","height":""}],"twitter_misc":{"Tiempo de lectura":"2 minutos"},"schema":{"@context":"https:\/\/schema.org","@graph":[{"@type":"WebPage","@id":"https:\/\/remstim.com\/es\/remstim-3000\/nota-de-conformidad-con-la-ley-de-baterias-battg\/","url":"https:\/\/remstim.com\/es\/remstim-3000\/nota-de-conformidad-con-la-ley-de-baterias-battg\/","name":"Nota de conformidad con la Ley de bater\u00edas (BattG) - EMDR Ger\u00e4t REMSTIM 3000 gegen Stress","isPartOf":{"@id":"https:\/\/remstim.com\/es\/#website"},"primaryImageOfPage":{"@id":"https:\/\/remstim.com\/es\/remstim-3000\/nota-de-conformidad-con-la-ley-de-baterias-battg\/#primaryimage"},"image":{"@id":"https:\/\/remstim.com\/es\/remstim-3000\/nota-de-conformidad-con-la-ley-de-baterias-battg\/#primaryimage"},"thumbnailUrl":"https:\/\/remstim.com\/wp-content\/uploads\/2011\/06\/batteriegesetz-muelltonne.jpg","datePublished":"2011-06-08T14:25:45+00:00","dateModified":"2023-09-15T07:32:30+00:00","breadcrumb":{"@id":"https:\/\/remstim.com\/es\/remstim-3000\/nota-de-conformidad-con-la-ley-de-baterias-battg\/#breadcrumb"},"inLanguage":"es","potentialAction":[{"@type":"ReadAction","target":["https:\/\/remstim.com\/es\/remstim-3000\/nota-de-conformidad-con-la-ley-de-baterias-battg\/"]}]},{"@type":"ImageObject","inLanguage":"es","@id":"https:\/\/remstim.com\/es\/remstim-3000\/nota-de-conformidad-con-la-ley-de-baterias-battg\/#primaryimage","url":"https:\/\/remstim.com\/wp-content\/uploads\/2011\/06\/batteriegesetz-muelltonne.jpg","contentUrl":"https:\/\/remstim.com\/wp-content\/uploads\/2011\/06\/batteriegesetz-muelltonne.jpg"},{"@type":"BreadcrumbList","@id":"https:\/\/remstim.com\/es\/remstim-3000\/nota-de-conformidad-con-la-ley-de-baterias-battg\/#breadcrumb","itemListElement":[{"@type":"ListItem","position":1,"name":"Startseite","item":"https:\/\/remstim.com\/es\/"},{"@type":"ListItem","position":2,"name":"Gafas EMDR REMSTIM 3000","item":"https:\/\/remstim.com\/es\/remstim-3000\/"},{"@type":"ListItem","position":3,"name":"Nota de conformidad con la Ley de bater\u00edas (BattG)"}]},{"@type":"WebSite","@id":"https:\/\/remstim.com\/es\/#website","url":"https:\/\/remstim.com\/es\/","name":"EMDR Ger\u00e4t REMSTIM 3000 gegen Stress","description":"Wie wir schnell Entspannung finden.","publisher":{"@id":"https:\/\/remstim.com\/es\/#organization"},"potentialAction":[{"@type":"SearchAction","target":{"@type":"EntryPoint","urlTemplate":"https:\/\/remstim.com\/es\/?s={search_term_string}"},"query-input":{"@type":"PropertyValueSpecification","valueRequired":true,"valueName":"search_term_string"}}],"inLanguage":"es"},{"@type":"Organization","@id":"https:\/\/remstim.com\/es\/#organization","name":"EMDR Ger\u00e4t REMSTIM 3000 gegen Stress","url":"https:\/\/remstim.com\/es\/","logo":{"@type":"ImageObject","inLanguage":"es","@id":"https:\/\/remstim.com\/es\/#\/schema\/logo\/image\/","url":"https:\/\/remstim.com\/wp-content\/uploads\/2012\/06\/REMSTIM-Logo-mit-Untertitel_orange-e1340382850185.png","contentUrl":"https:\/\/remstim.com\/wp-content\/uploads\/2012\/06\/REMSTIM-Logo-mit-Untertitel_orange-e1340382850185.png","width":304,"height":80,"caption":"EMDR Ger\u00e4t REMSTIM 3000 gegen Stress"},"image":{"@id":"https:\/\/remstim.com\/es\/#\/schema\/logo\/image\/"}}]}},"_links":{"self":[{"href":"https:\/\/remstim.com\/es\/wp-json\/wp\/v2\/pages\/16440","targetHints":{"allow":["GET"]}}],"collection":[{"href":"https:\/\/remstim.com\/es\/wp-json\/wp\/v2\/pages"}],"about":[{"href":"https:\/\/remstim.com\/es\/wp-json\/wp\/v2\/types\/page"}],"author":[{"embeddable":true,"href":"https:\/\/remstim.com\/es\/wp-json\/wp\/v2\/users\/1"}],"replies":[{"embeddable":true,"href":"https:\/\/remstim.com\/es\/wp-json\/wp\/v2\/comments?post=16440"}],"version-history":[{"count":0,"href":"https:\/\/remstim.com\/es\/wp-json\/wp\/v2\/pages\/16440\/revisions"}],"up":[{"embeddable":true,"href":"https:\/\/remstim.com\/es\/wp-json\/wp\/v2\/pages\/16433"}],"wp:attachment":[{"href":"https:\/\/remstim.com\/es\/wp-json\/wp\/v2\/media?parent=16440"}],"curies":[{"name":"wp","href":"https:\/\/api.w.org\/{rel}","templated":true}]}}