{"id":16456,"date":"2011-11-28T10:51:04","date_gmt":"2011-11-28T10:51:04","guid":{"rendered":"https:\/\/remstim.de\/remstim-3000\/detalles-tecnicos-del-remstim-3000\/"},"modified":"2023-09-15T07:33:21","modified_gmt":"2023-09-15T07:33:21","slug":"detalles-tecnicos-del-remstim-3000","status":"publish","type":"page","link":"https:\/\/remstim.com\/es\/remstim-3000\/detalles-tecnicos-del-remstim-3000\/","title":{"rendered":"Detalles t\u00e9cnicos del REMSTIM 3000"},"content":{"rendered":"<h1 style=\"text-align: left;\">Detalles t\u00e9cnicos del REMSTIM 3000<\/h1>\n<p style=\"text-align: left;\">El <a title=\"REMSTIM 3000\" href=\"https:\/\/remstim.com\/es\/remstim-3000\/\">REMSTIM 3000<\/a> se desarroll\u00f3 espec\u00edficamente para la aplicaci\u00f3n de <a title=\"Utilizaci\u00f3n de EMDR en autocoaching con el REMSTIM 3000\" href=\"https:\/\/remstim.com\/es\/fundamentos-de-la-utilizacion-de-emdr-en-coaching-con-el-remstim-3000\/utilizacion-de-emdr-en-autocoaching-con-el-remstim-3000\/\">EMDR en autocoaching<\/a> y la <a href=\"https:\/\/remstim.com\/es\/fundamentos-de-la-utilizacion-de-emdr-en-coaching-con-el-remstim-3000\/estimulacion-de-movimientos-oculares-rapidos\/\">Estimulaci\u00f3n por Movimientos Oculares R\u00e1pidos<\/a> asociada. Las gafas de autoentrenamiento se fabrican a mano en Alemania. La coordinaci\u00f3n de sus funciones, las opciones de ajuste individuales y su f\u00e1cil <strong>manejo<\/strong> hacen del <a href=\"https:\/\/remstim.com\/es\/remstim-3000\/\">REMSTIM<\/a> 3000 un dispositivo de autoentrenamiento eficaz y probado.<\/p>\n<p style=\"text-align: left;\"><img fetchpriority=\"high\" decoding=\"async\" class=\"alignleft wp-image-8668\" title=\"REMSTIM 3000 Dispositivo de Coaching EMDR\" src=\"https:\/\/remstim.com\/wp-content\/uploads\/2019\/08\/R3_FB_KofferManual-final-20190627-987x1024.jpg\" alt=\"Gafas EMDR REMSTIM 3000 modelo 2020 con estuche\" width=\"280\" height=\"290\" srcset=\"https:\/\/remstim.com\/wp-content\/uploads\/2019\/08\/R3_FB_KofferManual-final-20190627-987x1024.jpg 987w, https:\/\/remstim.com\/wp-content\/uploads\/2019\/08\/R3_FB_KofferManual-final-20190627-600x622.jpg 600w, https:\/\/remstim.com\/wp-content\/uploads\/2019\/08\/R3_FB_KofferManual-final-20190627-289x300.jpg 289w, https:\/\/remstim.com\/wp-content\/uploads\/2019\/08\/R3_FB_KofferManual-final-20190627-768x797.jpg 768w, https:\/\/remstim.com\/wp-content\/uploads\/2019\/08\/R3_FB_KofferManual-final-20190627-740x768.jpg 740w\" sizes=\"(max-width: 280px) 100vw, 280px\" \/>Su dise\u00f1o peque\u00f1o, compacto y ligero la hace ideal para su uso en movimiento. El peque\u00f1o dispositivo profesional para autoentrenamiento mediante <a href=\"https:\/\/remstim.com\/es\/fundamentos-de-la-utilizacion-de-emdr-en-coaching-con-el-remstim-3000\/estimulacion-de-movimientos-oculares-rapidos\/\">estimulaci\u00f3n r\u00e1pida de los movimientos oculares<\/a> pesa menos de 100 g, <a title=\"Informaci\u00f3n sobre la pila de bot\u00f3n del REMSTIM 3000\" href=\"https:\/\/remstim.com\/es\/remstim-3000\/informacion-sobre-la-pila-de-boton-del-remstim-3000\/\">bater\u00eda<\/a> incluida.<\/p>\n<p style=\"text-align: left;\">La electr\u00f3nica controlada por chip del <a href=\"https:\/\/remstim.com\/es\/remstim-3000\/\">REMSTIM<\/a> 3000 est\u00e1 completamente alojada en su elegante carcasa moldeada, lo que elimina la necesidad de cables y elementos de funcionamiento adicionales.<\/p>\n<p style=\"text-align: left;\">Como la <strong>flexibilidad<\/strong> del <strong>movimiento<\/strong> <strong>ocular<\/strong> personal del usuario var\u00eda, los <span style=\"text-decoration: underline;\">par\u00e1metros de estimulaci\u00f3n<\/span> pueden ajustarse individualmente. El chip guarda autom\u00e1ticamente el \u00faltimo ajuste utilizado de los <span style=\"text-decoration: underline;\">par\u00e1metros de estimulaci\u00f3n<\/span> para la siguiente aplicaci\u00f3n.<\/p>\n<p style=\"text-align: left;\">Los micro-LED generan un fino pulso de luz que gu\u00eda el movimiento de cada ojo de forma individual pero coordinada durante una aplicaci\u00f3n. Los LED de 2 x 3 dispuestos verticalmente se\u00f1alan el comienzo y el final de una aplicaci\u00f3n de 30 segundos. M\u00e1s informaci\u00f3n en <a title=\"Manejo del REMSTIM 3000\" href=\"https:\/\/remstim.com\/es\/remstim-3000\/manual-de-instrucciones-remstim-3000\/#Bedienung\">Funcionamiento del REMSTIM 3000<\/a>.<\/p>\n<p style=\"text-align: left;\"><img decoding=\"async\" class=\"alignright wp-image-8446\" src=\"https:\/\/remstim.com\/wp-content\/uploads\/2018\/12\/REMSTIM_3000-Leiterplatte5_de-1024x587.jpg\" alt=\"\" width=\"360\" height=\"206\" srcset=\"https:\/\/remstim.com\/wp-content\/uploads\/2018\/12\/REMSTIM_3000-Leiterplatte5_de-1024x587.jpg 1024w, https:\/\/remstim.com\/wp-content\/uploads\/2018\/12\/REMSTIM_3000-Leiterplatte5_de-600x344.jpg 600w, https:\/\/remstim.com\/wp-content\/uploads\/2018\/12\/REMSTIM_3000-Leiterplatte5_de-300x172.jpg 300w, https:\/\/remstim.com\/wp-content\/uploads\/2018\/12\/REMSTIM_3000-Leiterplatte5_de-768x440.jpg 768w, https:\/\/remstim.com\/wp-content\/uploads\/2018\/12\/REMSTIM_3000-Leiterplatte5_de.jpg 2014w\" sizes=\"(max-width: 360px) 100vw, 360px\" \/>La se\u00f1al luminosa horizontal, que estimula suavemente los movimientos oculares, puede regularse en t\u00e9rminos de <span style=\"text-decoration: underline;\">desviaci\u00f3n ocular<\/span> y <span style=\"text-decoration: underline;\">velocidad de<\/span> estimulaci\u00f3n mediante dos botones t\u00e1ctiles de forma f\u00e1cil y r\u00e1pida durante una aplicaci\u00f3n para el bienestar personal y la eficacia \u00f3ptima de los <a href=\"https:\/\/remstim.com\/es\/fundamentos-de-la-utilizacion-de-emdr-en-coaching-con-el-remstim-3000\/efectos-estimulantes-de-la-emdr\/\">efectos de la estimulaci\u00f3n<\/a>. Se prest\u00f3 especial atenci\u00f3n a la elecci\u00f3n del color y el <span style=\"text-decoration: underline;\">brillo<\/span> de la luz para que el est\u00edmulo visual fuera lo m\u00e1s propicio y agradable posible.<\/p>\n<p style=\"text-align: left;\">Lea tambi\u00e9n la <a href=\"https:\/\/remstim.com\/es\/fundamentos-de-la-utilizacion-de-emdr-en-coaching-con-el-remstim-3000\/informacion-importante\/\">informaci\u00f3n importante<\/a>.<\/p>\n\t\t<div data-elementor-type=\"section\" data-elementor-id=\"16811\" class=\"elementor elementor-16811 elementor-9961\" data-elementor-post-type=\"elementor_library\">\n\t\t\t\t\t<section class=\"elementor-section elementor-top-section elementor-element elementor-element-7831db3f elementor-section-full_width elementor-section-height-default elementor-section-height-default\" data-id=\"7831db3f\" data-element_type=\"section\" data-e-type=\"section\">\n\t\t\t\t\t\t<div class=\"elementor-container elementor-column-gap-no\">\n\t\t\t\t\t<div class=\"elementor-column elementor-col-100 elementor-top-column elementor-element elementor-element-67d956e3\" data-id=\"67d956e3\" data-element_type=\"column\" data-e-type=\"column\">\n\t\t\t<div class=\"elementor-widget-wrap elementor-element-populated\">\n\t\t\t\t\t\t<section class=\"elementor-section elementor-inner-section elementor-element elementor-element-2aa1ea3b elementor-section-boxed elementor-section-height-default elementor-section-height-default\" data-id=\"2aa1ea3b\" data-element_type=\"section\" data-e-type=\"section\" data-settings=\"{&quot;background_background&quot;:&quot;classic&quot;}\">\n\t\t\t\t\t\t<div class=\"elementor-container elementor-column-gap-default\">\n\t\t\t\t\t<div class=\"elementor-column elementor-col-100 elementor-inner-column elementor-element elementor-element-c252630\" data-id=\"c252630\" data-element_type=\"column\" data-e-type=\"column\">\n\t\t\t<div class=\"elementor-widget-wrap elementor-element-populated\">\n\t\t\t\t\t\t<div class=\"elementor-element elementor-element-61fde7f4 elementor-widget elementor-widget-heading\" data-id=\"61fde7f4\" data-element_type=\"widget\" data-e-type=\"widget\" data-widget_type=\"heading.default\">\n\t\t\t\t<div class=\"elementor-widget-container\">\n\t\t\t\t\t<h2 class=\"elementor-heading-title elementor-size-default\">Derechos de propiedad y registro<\/h2>\t\t\t\t<\/div>\n\t\t\t\t<\/div>\n\t\t\t\t\t<\/div>\n\t\t<\/div>\n\t\t\t\t\t<\/div>\n\t\t<\/section>\n\t\t\t\t<section class=\"elementor-section elementor-inner-section elementor-element elementor-element-32badd39 elementor-section-content-top elementor-section-boxed elementor-section-height-default elementor-section-height-default\" data-id=\"32badd39\" data-element_type=\"section\" data-e-type=\"section\">\n\t\t\t\t\t\t<div class=\"elementor-container elementor-column-gap-default\">\n\t\t\t\t\t<div class=\"elementor-column elementor-col-100 elementor-inner-column elementor-element elementor-element-323ea1d5\" data-id=\"323ea1d5\" data-element_type=\"column\" data-e-type=\"column\">\n\t\t\t<div class=\"elementor-widget-wrap elementor-element-populated\">\n\t\t\t\t\t\t<div class=\"elementor-element elementor-element-1e66d79a elementor-icon-list--layout-traditional elementor-list-item-link-full_width elementor-widget elementor-widget-icon-list\" data-id=\"1e66d79a\" data-element_type=\"widget\" data-e-type=\"widget\" data-widget_type=\"icon-list.default\">\n\t\t\t\t<div class=\"elementor-widget-container\">\n\t\t\t\t\t\t\t<ul class=\"elementor-icon-list-items\">\n\t\t\t\t\t\t\t<li class=\"elementor-icon-list-item\">\n\t\t\t\t\t\t\t\t\t\t\t<span class=\"elementor-icon-list-icon\">\n\t\t\t\t\t\t\t<i aria-hidden=\"true\" class=\"far fa-star\"><\/i>\t\t\t\t\t\t<\/span>\n\t\t\t\t\t\t\t\t\t\t<span class=\"elementor-icon-list-text\">remstim\u00ae es una marca legalmente protegida y registrada<\/span>\n\t\t\t\t\t\t\t\t\t<\/li>\n\t\t\t\t\t\t\t\t<li class=\"elementor-icon-list-item\">\n\t\t\t\t\t\t\t\t\t\t\t<span class=\"elementor-icon-list-icon\">\n\t\t\t\t\t\t\t<i aria-hidden=\"true\" class=\"far fa-star\"><\/i>\t\t\t\t\t\t<\/span>\n\t\t\t\t\t\t\t\t\t\t<span class=\"elementor-icon-list-text\">la tecnolog\u00eda del REMSTIM 3000 est\u00e1 legalmente protegida y registrada con el n\u00famero DE 202010014816.2<\/span>\n\t\t\t\t\t\t\t\t\t<\/li>\n\t\t\t\t\t\t\t\t<li class=\"elementor-icon-list-item\">\n\t\t\t\t\t\t\t\t\t\t\t<span class=\"elementor-icon-list-icon\">\n\t\t\t\t\t\t\t<i aria-hidden=\"true\" class=\"far fa-star\"><\/i>\t\t\t\t\t\t<\/span>\n\t\t\t\t\t\t\t\t\t\t<span class=\"elementor-icon-list-text\">WEEE-Reg. n\u00ba DE 83662464<\/span>\n\t\t\t\t\t\t\t\t\t<\/li>\n\t\t\t\t\t\t<\/ul>\n\t\t\t\t\t\t<\/div>\n\t\t\t\t<\/div>\n\t\t\t\t\t<\/div>\n\t\t<\/div>\n\t\t\t\t\t<\/div>\n\t\t<\/section>\n\t\t\t\t\t<\/div>\n\t\t<\/div>\n\t\t\t\t\t<\/div>\n\t\t<\/section>\n\t\t\t\t<\/div>\n\t\t\n","protected":false},"excerpt":{"rendered":"<p>Detalles t\u00e9cnicos del REMSTIM 3000 El REMSTIM 3000 se desarroll\u00f3 espec\u00edficamente para la aplicaci\u00f3n de EMDR en autocoaching y la Estimulaci\u00f3n por Movimientos Oculares R\u00e1pidos asociada. Las gafas de autoentrenamiento se fabrican a mano en Alemania. La coordinaci\u00f3n de sus funciones, las opciones de ajuste individuales y su f\u00e1cil manejo hacen del REMSTIM 3000 un [&hellip;]<\/p>\n","protected":false},"author":1,"featured_media":0,"parent":16433,"menu_order":8,"comment_status":"closed","ping_status":"closed","template":"","meta":{"_acf_changed":false,"site-sidebar-layout":"default","site-content-layout":"default","ast-site-content-layout":"default","site-content-style":"default","site-sidebar-style":"default","ast-global-header-display":"","ast-banner-title-visibility":"","ast-main-header-display":"","ast-hfb-above-header-display":"","ast-hfb-below-header-display":"","ast-hfb-mobile-header-display":"","site-post-title":"","ast-breadcrumbs-content":"","ast-featured-img":"","footer-sml-layout":"","ast-disable-related-posts":"","theme-transparent-header-meta":"default","adv-header-id-meta":"","stick-header-meta":"default","header-above-stick-meta":"","header-main-stick-meta":"","header-below-stick-meta":"","astra-migrate-meta-layouts":"default","ast-page-background-enabled":"default","ast-page-background-meta":{"desktop":{"background-color":"var(--ast-global-color-4)","background-image":"","background-repeat":"repeat","background-position":"center center","background-size":"auto","background-attachment":"scroll","background-type":"","background-media":"","overlay-type":"","overlay-color":"","overlay-opacity":"","overlay-gradient":""},"tablet":{"background-color":"","background-image":"","background-repeat":"repeat","background-position":"center center","background-size":"auto","background-attachment":"scroll","background-type":"","background-media":"","overlay-type":"","overlay-color":"","overlay-opacity":"","overlay-gradient":""},"mobile":{"background-color":"","background-image":"","background-repeat":"repeat","background-position":"center center","background-size":"auto","background-attachment":"scroll","background-type":"","background-media":"","overlay-type":"","overlay-color":"","overlay-opacity":"","overlay-gradient":""}},"ast-content-background-meta":{"desktop":{"background-color":"var(--ast-global-color-5)","background-image":"","background-repeat":"repeat","background-position":"center center","background-size":"auto","background-attachment":"scroll","background-type":"","background-media":"","overlay-type":"","overlay-color":"","overlay-opacity":"","overlay-gradient":""},"tablet":{"background-color":"var(--ast-global-color-5)","background-image":"","background-repeat":"repeat","background-position":"center center","background-size":"auto","background-attachment":"scroll","background-type":"","background-media":"","overlay-type":"","overlay-color":"","overlay-opacity":"","overlay-gradient":""},"mobile":{"background-color":"var(--ast-global-color-5)","background-image":"","background-repeat":"repeat","background-position":"center center","background-size":"auto","background-attachment":"scroll","background-type":"","background-media":"","overlay-type":"","overlay-color":"","overlay-opacity":"","overlay-gradient":""}},"footnotes":""},"class_list":["post-16456","page","type-page","status-publish","hentry"],"acf":[],"yoast_head":"<!-- This site is optimized with the Yoast SEO plugin v27.3 - https:\/\/yoast.com\/product\/yoast-seo-wordpress\/ -->\n<title>Detalles t\u00e9cnicos del REMSTIM 3000 - dise\u00f1ado para una relajaci\u00f3n r\u00e1pida<\/title>\n<meta name=\"description\" content=\"El REMSTIM 3000 se ha desarrollado espec\u00edficamente para la aplicaci\u00f3n de la Estimulaci\u00f3n por Movimientos Oculares R\u00e1pidos. Sus funciones lo convierten en un eficaz dispositivo de autoentrenamiento.\" \/>\n<meta name=\"robots\" content=\"index, follow, max-snippet:-1, max-image-preview:large, max-video-preview:-1\" \/>\n<link rel=\"canonical\" href=\"https:\/\/remstim.com\/es\/remstim-3000\/detalles-tecnicos-del-remstim-3000\/\" \/>\n<meta property=\"og:locale\" content=\"es_ES\" \/>\n<meta property=\"og:type\" content=\"article\" \/>\n<meta property=\"og:title\" content=\"Detalles t\u00e9cnicos del REMSTIM 3000 - dise\u00f1ado para una relajaci\u00f3n r\u00e1pida\" \/>\n<meta property=\"og:description\" content=\"El REMSTIM 3000 se ha desarrollado espec\u00edficamente para la aplicaci\u00f3n de la Estimulaci\u00f3n por Movimientos Oculares R\u00e1pidos. Sus funciones lo convierten en un eficaz dispositivo de autoentrenamiento.\" \/>\n<meta property=\"og:url\" content=\"https:\/\/remstim.com\/es\/remstim-3000\/detalles-tecnicos-del-remstim-3000\/\" \/>\n<meta property=\"og:site_name\" content=\"EMDR Ger\u00e4t REMSTIM 3000 gegen Stress\" \/>\n<meta property=\"article:modified_time\" content=\"2023-09-15T07:33:21+00:00\" \/>\n<meta property=\"og:image\" content=\"https:\/\/remstim.com\/wp-content\/uploads\/2019\/08\/R3_FB_KofferManual-final-20190627-987x1024.jpg\" \/>\n<meta name=\"twitter:label1\" content=\"Tiempo de lectura\" \/>\n\t<meta name=\"twitter:data1\" content=\"3 minutos\" \/>\n<script type=\"application\/ld+json\" class=\"yoast-schema-graph\">{\"@context\":\"https:\\\/\\\/schema.org\",\"@graph\":[{\"@type\":\"WebPage\",\"@id\":\"https:\\\/\\\/remstim.com\\\/es\\\/remstim-3000\\\/detalles-tecnicos-del-remstim-3000\\\/\",\"url\":\"https:\\\/\\\/remstim.com\\\/es\\\/remstim-3000\\\/detalles-tecnicos-del-remstim-3000\\\/\",\"name\":\"Detalles t\u00e9cnicos del REMSTIM 3000 - dise\u00f1ado para una relajaci\u00f3n r\u00e1pida\",\"isPartOf\":{\"@id\":\"https:\\\/\\\/remstim.com\\\/es\\\/#website\"},\"primaryImageOfPage\":{\"@id\":\"https:\\\/\\\/remstim.com\\\/es\\\/remstim-3000\\\/detalles-tecnicos-del-remstim-3000\\\/#primaryimage\"},\"image\":{\"@id\":\"https:\\\/\\\/remstim.com\\\/es\\\/remstim-3000\\\/detalles-tecnicos-del-remstim-3000\\\/#primaryimage\"},\"thumbnailUrl\":\"https:\\\/\\\/remstim.com\\\/wp-content\\\/uploads\\\/2019\\\/08\\\/R3_FB_KofferManual-final-20190627-987x1024.jpg\",\"datePublished\":\"2011-11-28T10:51:04+00:00\",\"dateModified\":\"2023-09-15T07:33:21+00:00\",\"description\":\"El REMSTIM 3000 se ha desarrollado espec\u00edficamente para la aplicaci\u00f3n de la Estimulaci\u00f3n por Movimientos Oculares R\u00e1pidos. Sus funciones lo convierten en un eficaz dispositivo de autoentrenamiento.\",\"breadcrumb\":{\"@id\":\"https:\\\/\\\/remstim.com\\\/es\\\/remstim-3000\\\/detalles-tecnicos-del-remstim-3000\\\/#breadcrumb\"},\"inLanguage\":\"es\",\"potentialAction\":[{\"@type\":\"ReadAction\",\"target\":[\"https:\\\/\\\/remstim.com\\\/es\\\/remstim-3000\\\/detalles-tecnicos-del-remstim-3000\\\/\"]}]},{\"@type\":\"ImageObject\",\"inLanguage\":\"es\",\"@id\":\"https:\\\/\\\/remstim.com\\\/es\\\/remstim-3000\\\/detalles-tecnicos-del-remstim-3000\\\/#primaryimage\",\"url\":\"https:\\\/\\\/remstim.com\\\/wp-content\\\/uploads\\\/2019\\\/08\\\/R3_FB_KofferManual-final-20190627-987x1024.jpg\",\"contentUrl\":\"https:\\\/\\\/remstim.com\\\/wp-content\\\/uploads\\\/2019\\\/08\\\/R3_FB_KofferManual-final-20190627-987x1024.jpg\"},{\"@type\":\"BreadcrumbList\",\"@id\":\"https:\\\/\\\/remstim.com\\\/es\\\/remstim-3000\\\/detalles-tecnicos-del-remstim-3000\\\/#breadcrumb\",\"itemListElement\":[{\"@type\":\"ListItem\",\"position\":1,\"name\":\"Startseite\",\"item\":\"https:\\\/\\\/remstim.com\\\/es\\\/\"},{\"@type\":\"ListItem\",\"position\":2,\"name\":\"Gafas EMDR REMSTIM 3000\",\"item\":\"https:\\\/\\\/remstim.com\\\/es\\\/remstim-3000\\\/\"},{\"@type\":\"ListItem\",\"position\":3,\"name\":\"Detalles t\u00e9cnicos del REMSTIM 3000\"}]},{\"@type\":\"WebSite\",\"@id\":\"https:\\\/\\\/remstim.com\\\/es\\\/#website\",\"url\":\"https:\\\/\\\/remstim.com\\\/es\\\/\",\"name\":\"EMDR Ger\u00e4t REMSTIM 3000 gegen Stress\",\"description\":\"Wie wir schnell Entspannung finden.\",\"publisher\":{\"@id\":\"https:\\\/\\\/remstim.com\\\/es\\\/#organization\"},\"potentialAction\":[{\"@type\":\"SearchAction\",\"target\":{\"@type\":\"EntryPoint\",\"urlTemplate\":\"https:\\\/\\\/remstim.com\\\/es\\\/?s={search_term_string}\"},\"query-input\":{\"@type\":\"PropertyValueSpecification\",\"valueRequired\":true,\"valueName\":\"search_term_string\"}}],\"inLanguage\":\"es\"},{\"@type\":\"Organization\",\"@id\":\"https:\\\/\\\/remstim.com\\\/es\\\/#organization\",\"name\":\"EMDR Ger\u00e4t REMSTIM 3000 gegen Stress\",\"url\":\"https:\\\/\\\/remstim.com\\\/es\\\/\",\"logo\":{\"@type\":\"ImageObject\",\"inLanguage\":\"es\",\"@id\":\"https:\\\/\\\/remstim.com\\\/es\\\/#\\\/schema\\\/logo\\\/image\\\/\",\"url\":\"https:\\\/\\\/remstim.com\\\/wp-content\\\/uploads\\\/2012\\\/06\\\/REMSTIM-Logo-mit-Untertitel_orange-e1340382850185.png\",\"contentUrl\":\"https:\\\/\\\/remstim.com\\\/wp-content\\\/uploads\\\/2012\\\/06\\\/REMSTIM-Logo-mit-Untertitel_orange-e1340382850185.png\",\"width\":304,\"height\":80,\"caption\":\"EMDR Ger\u00e4t REMSTIM 3000 gegen Stress\"},\"image\":{\"@id\":\"https:\\\/\\\/remstim.com\\\/es\\\/#\\\/schema\\\/logo\\\/image\\\/\"}}]}<\/script>\n<!-- \/ Yoast SEO plugin. -->","yoast_head_json":{"title":"Detalles t\u00e9cnicos del REMSTIM 3000 - dise\u00f1ado para una relajaci\u00f3n r\u00e1pida","description":"El REMSTIM 3000 se ha desarrollado espec\u00edficamente para la aplicaci\u00f3n de la Estimulaci\u00f3n por Movimientos Oculares R\u00e1pidos. Sus funciones lo convierten en un eficaz dispositivo de autoentrenamiento.","robots":{"index":"index","follow":"follow","max-snippet":"max-snippet:-1","max-image-preview":"max-image-preview:large","max-video-preview":"max-video-preview:-1"},"canonical":"https:\/\/remstim.com\/es\/remstim-3000\/detalles-tecnicos-del-remstim-3000\/","og_locale":"es_ES","og_type":"article","og_title":"Detalles t\u00e9cnicos del REMSTIM 3000 - dise\u00f1ado para una relajaci\u00f3n r\u00e1pida","og_description":"El REMSTIM 3000 se ha desarrollado espec\u00edficamente para la aplicaci\u00f3n de la Estimulaci\u00f3n por Movimientos Oculares R\u00e1pidos. Sus funciones lo convierten en un eficaz dispositivo de autoentrenamiento.","og_url":"https:\/\/remstim.com\/es\/remstim-3000\/detalles-tecnicos-del-remstim-3000\/","og_site_name":"EMDR Ger\u00e4t REMSTIM 3000 gegen Stress","article_modified_time":"2023-09-15T07:33:21+00:00","og_image":[{"url":"https:\/\/remstim.com\/wp-content\/uploads\/2019\/08\/R3_FB_KofferManual-final-20190627-987x1024.jpg","type":"","width":"","height":""}],"twitter_misc":{"Tiempo de lectura":"3 minutos"},"schema":{"@context":"https:\/\/schema.org","@graph":[{"@type":"WebPage","@id":"https:\/\/remstim.com\/es\/remstim-3000\/detalles-tecnicos-del-remstim-3000\/","url":"https:\/\/remstim.com\/es\/remstim-3000\/detalles-tecnicos-del-remstim-3000\/","name":"Detalles t\u00e9cnicos del REMSTIM 3000 - dise\u00f1ado para una relajaci\u00f3n r\u00e1pida","isPartOf":{"@id":"https:\/\/remstim.com\/es\/#website"},"primaryImageOfPage":{"@id":"https:\/\/remstim.com\/es\/remstim-3000\/detalles-tecnicos-del-remstim-3000\/#primaryimage"},"image":{"@id":"https:\/\/remstim.com\/es\/remstim-3000\/detalles-tecnicos-del-remstim-3000\/#primaryimage"},"thumbnailUrl":"https:\/\/remstim.com\/wp-content\/uploads\/2019\/08\/R3_FB_KofferManual-final-20190627-987x1024.jpg","datePublished":"2011-11-28T10:51:04+00:00","dateModified":"2023-09-15T07:33:21+00:00","description":"El REMSTIM 3000 se ha desarrollado espec\u00edficamente para la aplicaci\u00f3n de la Estimulaci\u00f3n por Movimientos Oculares R\u00e1pidos. Sus funciones lo convierten en un eficaz dispositivo de autoentrenamiento.","breadcrumb":{"@id":"https:\/\/remstim.com\/es\/remstim-3000\/detalles-tecnicos-del-remstim-3000\/#breadcrumb"},"inLanguage":"es","potentialAction":[{"@type":"ReadAction","target":["https:\/\/remstim.com\/es\/remstim-3000\/detalles-tecnicos-del-remstim-3000\/"]}]},{"@type":"ImageObject","inLanguage":"es","@id":"https:\/\/remstim.com\/es\/remstim-3000\/detalles-tecnicos-del-remstim-3000\/#primaryimage","url":"https:\/\/remstim.com\/wp-content\/uploads\/2019\/08\/R3_FB_KofferManual-final-20190627-987x1024.jpg","contentUrl":"https:\/\/remstim.com\/wp-content\/uploads\/2019\/08\/R3_FB_KofferManual-final-20190627-987x1024.jpg"},{"@type":"BreadcrumbList","@id":"https:\/\/remstim.com\/es\/remstim-3000\/detalles-tecnicos-del-remstim-3000\/#breadcrumb","itemListElement":[{"@type":"ListItem","position":1,"name":"Startseite","item":"https:\/\/remstim.com\/es\/"},{"@type":"ListItem","position":2,"name":"Gafas EMDR REMSTIM 3000","item":"https:\/\/remstim.com\/es\/remstim-3000\/"},{"@type":"ListItem","position":3,"name":"Detalles t\u00e9cnicos del REMSTIM 3000"}]},{"@type":"WebSite","@id":"https:\/\/remstim.com\/es\/#website","url":"https:\/\/remstim.com\/es\/","name":"EMDR Ger\u00e4t REMSTIM 3000 gegen Stress","description":"Wie wir schnell Entspannung finden.","publisher":{"@id":"https:\/\/remstim.com\/es\/#organization"},"potentialAction":[{"@type":"SearchAction","target":{"@type":"EntryPoint","urlTemplate":"https:\/\/remstim.com\/es\/?s={search_term_string}"},"query-input":{"@type":"PropertyValueSpecification","valueRequired":true,"valueName":"search_term_string"}}],"inLanguage":"es"},{"@type":"Organization","@id":"https:\/\/remstim.com\/es\/#organization","name":"EMDR Ger\u00e4t REMSTIM 3000 gegen Stress","url":"https:\/\/remstim.com\/es\/","logo":{"@type":"ImageObject","inLanguage":"es","@id":"https:\/\/remstim.com\/es\/#\/schema\/logo\/image\/","url":"https:\/\/remstim.com\/wp-content\/uploads\/2012\/06\/REMSTIM-Logo-mit-Untertitel_orange-e1340382850185.png","contentUrl":"https:\/\/remstim.com\/wp-content\/uploads\/2012\/06\/REMSTIM-Logo-mit-Untertitel_orange-e1340382850185.png","width":304,"height":80,"caption":"EMDR Ger\u00e4t REMSTIM 3000 gegen Stress"},"image":{"@id":"https:\/\/remstim.com\/es\/#\/schema\/logo\/image\/"}}]}},"_links":{"self":[{"href":"https:\/\/remstim.com\/es\/wp-json\/wp\/v2\/pages\/16456","targetHints":{"allow":["GET"]}}],"collection":[{"href":"https:\/\/remstim.com\/es\/wp-json\/wp\/v2\/pages"}],"about":[{"href":"https:\/\/remstim.com\/es\/wp-json\/wp\/v2\/types\/page"}],"author":[{"embeddable":true,"href":"https:\/\/remstim.com\/es\/wp-json\/wp\/v2\/users\/1"}],"replies":[{"embeddable":true,"href":"https:\/\/remstim.com\/es\/wp-json\/wp\/v2\/comments?post=16456"}],"version-history":[{"count":0,"href":"https:\/\/remstim.com\/es\/wp-json\/wp\/v2\/pages\/16456\/revisions"}],"up":[{"embeddable":true,"href":"https:\/\/remstim.com\/es\/wp-json\/wp\/v2\/pages\/16433"}],"wp:attachment":[{"href":"https:\/\/remstim.com\/es\/wp-json\/wp\/v2\/media?parent=16456"}],"curies":[{"name":"wp","href":"https:\/\/api.w.org\/{rel}","templated":true}]}}