{"id":16457,"date":"2013-09-21T17:54:12","date_gmt":"2013-09-21T17:54:12","guid":{"rendered":"https:\/\/remstim.de\/remstim-3000\/informacion-sobre-la-pila-de-boton-del-remstim-3000\/"},"modified":"2023-09-15T07:39:51","modified_gmt":"2023-09-15T07:39:51","slug":"informacion-sobre-la-pila-de-boton-del-remstim-3000","status":"publish","type":"page","link":"https:\/\/remstim.com\/es\/remstim-3000\/informacion-sobre-la-pila-de-boton-del-remstim-3000\/","title":{"rendered":"Informaci\u00f3n sobre la pila de bot\u00f3n del REMSTIM 3000"},"content":{"rendered":"<h1>Informaci\u00f3n sobre la pila de bot\u00f3n del REMSTIM 3000<\/h1>\n<p><img decoding=\"async\" class=\"alignleft wp-image-3868\" src=\"https:\/\/remstim.com\/wp-content\/uploads\/2013\/09\/Varta-CR1620.jpg\" alt=\"Pila de bot\u00f3n para unidad EMDR REMSTIM 3000\" width=\"252\" height=\"188\" srcset=\"https:\/\/remstim.com\/wp-content\/uploads\/2013\/09\/Varta-CR1620.jpg 600w, https:\/\/remstim.com\/wp-content\/uploads\/2013\/09\/Varta-CR1620-300x224.jpg 300w\" sizes=\"(max-width: 252px) 100vw, 252px\" \/>Gracias a su construcci\u00f3n (electr\u00f3nica, chip, LED, etc.), las gafas <a title=\"REMSTIM 3000\" href=\"https:\/\/remstim.com\/es\/remstim-3000\/\">REMSTIM 3000<\/a> EMDR requieren muy poca energ\u00eda durante su funcionamiento, por lo que basta con una peque\u00f1a pila de bot\u00f3n est\u00e1ndar.<\/p>\n<p>La potencia de la pila de bot\u00f3n utilizada es muchas veces inferior a la de una bater\u00eda recargable habitual de un tel\u00e9fono m\u00f3vil. El REMSTIM 3000 no produce ninguna potencia de emisi\u00f3n ni de recepci\u00f3n como un tel\u00e9fono m\u00f3vil.<\/p>\n<p>Las pilas de bot\u00f3n de este tipo se utilizan habitualmente, entre otras cosas, en los relojes de pulsera.<\/p>\n<p>La unidad EMDR <a title=\"REMSTIM 3000\" href=\"https:\/\/remstim.com\/es\/remstim-3000\/\">REMSTIM<\/a> 3000 funciona con <strong>una sola pila de bot\u00f3n de 3 V<\/strong>.<\/p>\n<p>El soporte de la pila de bot\u00f3n y la pila de bot\u00f3n son f\u00e1cilmente accesibles para una r\u00e1pida sustituci\u00f3n de la pila de bot\u00f3n.<\/p>\n<p><img fetchpriority=\"high\" decoding=\"async\" class=\" wp-image-3869 alignright\" src=\"https:\/\/remstim.com\/wp-content\/uploads\/2013\/09\/Varta-CR1620-Finger.jpg\" alt=\"Pila de bot\u00f3n para gafas EMDR REMSTIM 3000 segura para sujetar con los dedos\" width=\"259\" height=\"194\" srcset=\"https:\/\/remstim.com\/wp-content\/uploads\/2013\/09\/Varta-CR1620-Finger.jpg 600w, https:\/\/remstim.com\/wp-content\/uploads\/2013\/09\/Varta-CR1620-Finger-300x225.jpg 300w\" sizes=\"(max-width: 259px) 100vw, 259px\" \/>Siempre que se respeten las instrucciones del fabricante al utilizar y manipular la pila de bot\u00f3n de litio herm\u00e9ticamente cerrada, es inofensiva y segura. Si no existe hipersensibilidad a determinadas sustancias (reacciones al\u00e9rgicas), el contacto de la pila de bot\u00f3n de litio con la piel es inofensivo.<\/p>\n<p>Al <a title=\"Instrucciones de uso: Sustituci\u00f3n de la pila de bot\u00f3n del REMSTIM 3000\" href=\"https:\/\/remstim.com\/es\/remstim-3000\/manual-de-instrucciones-remstim-3000\/#Auswechseln%20der%20Batterie\">sustituir la pila de<\/a> bot\u00f3n, el contacto de la piel con ambos polos al mismo tiempo no es perceptible y no es peligroso. Si la pila se ha introducido correctamente en el soporte para pilas de bot\u00f3n, tampoco es posible el contacto simult\u00e1neo de la piel con ambos polos.<\/p>\n<p><strong>Importante: Mantenga las pilas de bot\u00f3n fuera del alcance de los ni\u00f1os que puedan trag\u00e1rselas f\u00e1cilmente.<\/strong><\/p>\n<p>Tenga en cuenta la <a title=\"Nota de conformidad con la Ley de bater\u00edas (BattG)\" href=\"https:\/\/remstim.com\/es\/remstim-3000\/nota-de-conformidad-con-la-ley-de-baterias-battg\/\">informaci\u00f3n de acuerdo con la Ley de bater\u00edas (BattG)<\/a>.<\/p>\n","protected":false},"excerpt":{"rendered":"<p>Informaci\u00f3n sobre la pila de bot\u00f3n del REMSTIM 3000 Gracias a su construcci\u00f3n (electr\u00f3nica, chip, LED, etc.), las gafas REMSTIM 3000 EMDR requieren muy poca energ\u00eda durante su funcionamiento, por lo que basta con una peque\u00f1a pila de bot\u00f3n est\u00e1ndar. La potencia de la pila de bot\u00f3n utilizada es muchas veces inferior a la de [&hellip;]<\/p>\n","protected":false},"author":1,"featured_media":0,"parent":16433,"menu_order":9,"comment_status":"closed","ping_status":"closed","template":"","meta":{"_acf_changed":false,"site-sidebar-layout":"default","site-content-layout":"default","ast-site-content-layout":"default","site-content-style":"default","site-sidebar-style":"default","ast-global-header-display":"","ast-banner-title-visibility":"","ast-main-header-display":"","ast-hfb-above-header-display":"","ast-hfb-below-header-display":"","ast-hfb-mobile-header-display":"","site-post-title":"","ast-breadcrumbs-content":"","ast-featured-img":"","footer-sml-layout":"","ast-disable-related-posts":"","theme-transparent-header-meta":"default","adv-header-id-meta":"","stick-header-meta":"default","header-above-stick-meta":"","header-main-stick-meta":"","header-below-stick-meta":"","astra-migrate-meta-layouts":"default","ast-page-background-enabled":"default","ast-page-background-meta":{"desktop":{"background-color":"var(--ast-global-color-4)","background-image":"","background-repeat":"repeat","background-position":"center center","background-size":"auto","background-attachment":"scroll","background-type":"","background-media":"","overlay-type":"","overlay-color":"","overlay-opacity":"","overlay-gradient":""},"tablet":{"background-color":"","background-image":"","background-repeat":"repeat","background-position":"center center","background-size":"auto","background-attachment":"scroll","background-type":"","background-media":"","overlay-type":"","overlay-color":"","overlay-opacity":"","overlay-gradient":""},"mobile":{"background-color":"","background-image":"","background-repeat":"repeat","background-position":"center center","background-size":"auto","background-attachment":"scroll","background-type":"","background-media":"","overlay-type":"","overlay-color":"","overlay-opacity":"","overlay-gradient":""}},"ast-content-background-meta":{"desktop":{"background-color":"var(--ast-global-color-5)","background-image":"","background-repeat":"repeat","background-position":"center center","background-size":"auto","background-attachment":"scroll","background-type":"","background-media":"","overlay-type":"","overlay-color":"","overlay-opacity":"","overlay-gradient":""},"tablet":{"background-color":"var(--ast-global-color-5)","background-image":"","background-repeat":"repeat","background-position":"center center","background-size":"auto","background-attachment":"scroll","background-type":"","background-media":"","overlay-type":"","overlay-color":"","overlay-opacity":"","overlay-gradient":""},"mobile":{"background-color":"var(--ast-global-color-5)","background-image":"","background-repeat":"repeat","background-position":"center center","background-size":"auto","background-attachment":"scroll","background-type":"","background-media":"","overlay-type":"","overlay-color":"","overlay-opacity":"","overlay-gradient":""}},"footnotes":""},"class_list":["post-16457","page","type-page","status-publish","hentry"],"acf":[],"yoast_head":"<!-- This site is optimized with the Yoast SEO plugin v27.3 - https:\/\/yoast.com\/product\/yoast-seo-wordpress\/ -->\n<title>El contacto de la pila de bot\u00f3n del REMSTIM 3000 con la piel es inofensivo.<\/title>\n<meta name=\"description\" content=\"Gracias a su dise\u00f1o, el REMSTIM 3000 requiere muy poca energ\u00eda durante su funcionamiento, por lo que basta con una peque\u00f1a pila de bot\u00f3n.\" \/>\n<meta name=\"robots\" content=\"index, follow, max-snippet:-1, max-image-preview:large, max-video-preview:-1\" \/>\n<link rel=\"canonical\" href=\"https:\/\/remstim.com\/es\/remstim-3000\/informacion-sobre-la-pila-de-boton-del-remstim-3000\/\" \/>\n<meta property=\"og:locale\" content=\"es_ES\" \/>\n<meta property=\"og:type\" content=\"article\" \/>\n<meta property=\"og:title\" content=\"El contacto de la pila de bot\u00f3n del REMSTIM 3000 con la piel es inofensivo.\" \/>\n<meta property=\"og:description\" content=\"Gracias a su dise\u00f1o, el REMSTIM 3000 requiere muy poca energ\u00eda durante su funcionamiento, por lo que basta con una peque\u00f1a pila de bot\u00f3n.\" \/>\n<meta property=\"og:url\" content=\"https:\/\/remstim.com\/es\/remstim-3000\/informacion-sobre-la-pila-de-boton-del-remstim-3000\/\" \/>\n<meta property=\"og:site_name\" content=\"EMDR Ger\u00e4t REMSTIM 3000 gegen Stress\" \/>\n<meta property=\"article:modified_time\" content=\"2023-09-15T07:39:51+00:00\" \/>\n<meta property=\"og:image\" content=\"https:\/\/remstim.com\/wp-content\/uploads\/2013\/09\/Varta-CR1620.jpg\" \/>\n<meta name=\"twitter:label1\" content=\"Tiempo de lectura\" \/>\n\t<meta name=\"twitter:data1\" content=\"2 minutos\" \/>\n<script type=\"application\/ld+json\" class=\"yoast-schema-graph\">{\"@context\":\"https:\\\/\\\/schema.org\",\"@graph\":[{\"@type\":\"WebPage\",\"@id\":\"https:\\\/\\\/remstim.com\\\/es\\\/remstim-3000\\\/informacion-sobre-la-pila-de-boton-del-remstim-3000\\\/\",\"url\":\"https:\\\/\\\/remstim.com\\\/es\\\/remstim-3000\\\/informacion-sobre-la-pila-de-boton-del-remstim-3000\\\/\",\"name\":\"El contacto de la pila de bot\u00f3n del REMSTIM 3000 con la piel es inofensivo.\",\"isPartOf\":{\"@id\":\"https:\\\/\\\/remstim.com\\\/es\\\/#website\"},\"primaryImageOfPage\":{\"@id\":\"https:\\\/\\\/remstim.com\\\/es\\\/remstim-3000\\\/informacion-sobre-la-pila-de-boton-del-remstim-3000\\\/#primaryimage\"},\"image\":{\"@id\":\"https:\\\/\\\/remstim.com\\\/es\\\/remstim-3000\\\/informacion-sobre-la-pila-de-boton-del-remstim-3000\\\/#primaryimage\"},\"thumbnailUrl\":\"https:\\\/\\\/remstim.com\\\/wp-content\\\/uploads\\\/2013\\\/09\\\/Varta-CR1620.jpg\",\"datePublished\":\"2013-09-21T17:54:12+00:00\",\"dateModified\":\"2023-09-15T07:39:51+00:00\",\"description\":\"Gracias a su dise\u00f1o, el REMSTIM 3000 requiere muy poca energ\u00eda durante su funcionamiento, por lo que basta con una peque\u00f1a pila de bot\u00f3n.\",\"breadcrumb\":{\"@id\":\"https:\\\/\\\/remstim.com\\\/es\\\/remstim-3000\\\/informacion-sobre-la-pila-de-boton-del-remstim-3000\\\/#breadcrumb\"},\"inLanguage\":\"es\",\"potentialAction\":[{\"@type\":\"ReadAction\",\"target\":[\"https:\\\/\\\/remstim.com\\\/es\\\/remstim-3000\\\/informacion-sobre-la-pila-de-boton-del-remstim-3000\\\/\"]}]},{\"@type\":\"ImageObject\",\"inLanguage\":\"es\",\"@id\":\"https:\\\/\\\/remstim.com\\\/es\\\/remstim-3000\\\/informacion-sobre-la-pila-de-boton-del-remstim-3000\\\/#primaryimage\",\"url\":\"https:\\\/\\\/remstim.com\\\/wp-content\\\/uploads\\\/2013\\\/09\\\/Varta-CR1620.jpg\",\"contentUrl\":\"https:\\\/\\\/remstim.com\\\/wp-content\\\/uploads\\\/2013\\\/09\\\/Varta-CR1620.jpg\"},{\"@type\":\"BreadcrumbList\",\"@id\":\"https:\\\/\\\/remstim.com\\\/es\\\/remstim-3000\\\/informacion-sobre-la-pila-de-boton-del-remstim-3000\\\/#breadcrumb\",\"itemListElement\":[{\"@type\":\"ListItem\",\"position\":1,\"name\":\"Startseite\",\"item\":\"https:\\\/\\\/remstim.com\\\/es\\\/\"},{\"@type\":\"ListItem\",\"position\":2,\"name\":\"Gafas EMDR REMSTIM 3000\",\"item\":\"https:\\\/\\\/remstim.com\\\/es\\\/remstim-3000\\\/\"},{\"@type\":\"ListItem\",\"position\":3,\"name\":\"Informaci\u00f3n sobre la pila de bot\u00f3n del REMSTIM 3000\"}]},{\"@type\":\"WebSite\",\"@id\":\"https:\\\/\\\/remstim.com\\\/es\\\/#website\",\"url\":\"https:\\\/\\\/remstim.com\\\/es\\\/\",\"name\":\"EMDR Ger\u00e4t REMSTIM 3000 gegen Stress\",\"description\":\"Wie wir schnell Entspannung finden.\",\"publisher\":{\"@id\":\"https:\\\/\\\/remstim.com\\\/es\\\/#organization\"},\"potentialAction\":[{\"@type\":\"SearchAction\",\"target\":{\"@type\":\"EntryPoint\",\"urlTemplate\":\"https:\\\/\\\/remstim.com\\\/es\\\/?s={search_term_string}\"},\"query-input\":{\"@type\":\"PropertyValueSpecification\",\"valueRequired\":true,\"valueName\":\"search_term_string\"}}],\"inLanguage\":\"es\"},{\"@type\":\"Organization\",\"@id\":\"https:\\\/\\\/remstim.com\\\/es\\\/#organization\",\"name\":\"EMDR Ger\u00e4t REMSTIM 3000 gegen Stress\",\"url\":\"https:\\\/\\\/remstim.com\\\/es\\\/\",\"logo\":{\"@type\":\"ImageObject\",\"inLanguage\":\"es\",\"@id\":\"https:\\\/\\\/remstim.com\\\/es\\\/#\\\/schema\\\/logo\\\/image\\\/\",\"url\":\"https:\\\/\\\/remstim.com\\\/wp-content\\\/uploads\\\/2012\\\/06\\\/REMSTIM-Logo-mit-Untertitel_orange-e1340382850185.png\",\"contentUrl\":\"https:\\\/\\\/remstim.com\\\/wp-content\\\/uploads\\\/2012\\\/06\\\/REMSTIM-Logo-mit-Untertitel_orange-e1340382850185.png\",\"width\":304,\"height\":80,\"caption\":\"EMDR Ger\u00e4t REMSTIM 3000 gegen Stress\"},\"image\":{\"@id\":\"https:\\\/\\\/remstim.com\\\/es\\\/#\\\/schema\\\/logo\\\/image\\\/\"}}]}<\/script>\n<!-- \/ Yoast SEO plugin. -->","yoast_head_json":{"title":"El contacto de la pila de bot\u00f3n del REMSTIM 3000 con la piel es inofensivo.","description":"Gracias a su dise\u00f1o, el REMSTIM 3000 requiere muy poca energ\u00eda durante su funcionamiento, por lo que basta con una peque\u00f1a pila de bot\u00f3n.","robots":{"index":"index","follow":"follow","max-snippet":"max-snippet:-1","max-image-preview":"max-image-preview:large","max-video-preview":"max-video-preview:-1"},"canonical":"https:\/\/remstim.com\/es\/remstim-3000\/informacion-sobre-la-pila-de-boton-del-remstim-3000\/","og_locale":"es_ES","og_type":"article","og_title":"El contacto de la pila de bot\u00f3n del REMSTIM 3000 con la piel es inofensivo.","og_description":"Gracias a su dise\u00f1o, el REMSTIM 3000 requiere muy poca energ\u00eda durante su funcionamiento, por lo que basta con una peque\u00f1a pila de bot\u00f3n.","og_url":"https:\/\/remstim.com\/es\/remstim-3000\/informacion-sobre-la-pila-de-boton-del-remstim-3000\/","og_site_name":"EMDR Ger\u00e4t REMSTIM 3000 gegen Stress","article_modified_time":"2023-09-15T07:39:51+00:00","og_image":[{"url":"https:\/\/remstim.com\/wp-content\/uploads\/2013\/09\/Varta-CR1620.jpg","type":"","width":"","height":""}],"twitter_misc":{"Tiempo de lectura":"2 minutos"},"schema":{"@context":"https:\/\/schema.org","@graph":[{"@type":"WebPage","@id":"https:\/\/remstim.com\/es\/remstim-3000\/informacion-sobre-la-pila-de-boton-del-remstim-3000\/","url":"https:\/\/remstim.com\/es\/remstim-3000\/informacion-sobre-la-pila-de-boton-del-remstim-3000\/","name":"El contacto de la pila de bot\u00f3n del REMSTIM 3000 con la piel es inofensivo.","isPartOf":{"@id":"https:\/\/remstim.com\/es\/#website"},"primaryImageOfPage":{"@id":"https:\/\/remstim.com\/es\/remstim-3000\/informacion-sobre-la-pila-de-boton-del-remstim-3000\/#primaryimage"},"image":{"@id":"https:\/\/remstim.com\/es\/remstim-3000\/informacion-sobre-la-pila-de-boton-del-remstim-3000\/#primaryimage"},"thumbnailUrl":"https:\/\/remstim.com\/wp-content\/uploads\/2013\/09\/Varta-CR1620.jpg","datePublished":"2013-09-21T17:54:12+00:00","dateModified":"2023-09-15T07:39:51+00:00","description":"Gracias a su dise\u00f1o, el REMSTIM 3000 requiere muy poca energ\u00eda durante su funcionamiento, por lo que basta con una peque\u00f1a pila de bot\u00f3n.","breadcrumb":{"@id":"https:\/\/remstim.com\/es\/remstim-3000\/informacion-sobre-la-pila-de-boton-del-remstim-3000\/#breadcrumb"},"inLanguage":"es","potentialAction":[{"@type":"ReadAction","target":["https:\/\/remstim.com\/es\/remstim-3000\/informacion-sobre-la-pila-de-boton-del-remstim-3000\/"]}]},{"@type":"ImageObject","inLanguage":"es","@id":"https:\/\/remstim.com\/es\/remstim-3000\/informacion-sobre-la-pila-de-boton-del-remstim-3000\/#primaryimage","url":"https:\/\/remstim.com\/wp-content\/uploads\/2013\/09\/Varta-CR1620.jpg","contentUrl":"https:\/\/remstim.com\/wp-content\/uploads\/2013\/09\/Varta-CR1620.jpg"},{"@type":"BreadcrumbList","@id":"https:\/\/remstim.com\/es\/remstim-3000\/informacion-sobre-la-pila-de-boton-del-remstim-3000\/#breadcrumb","itemListElement":[{"@type":"ListItem","position":1,"name":"Startseite","item":"https:\/\/remstim.com\/es\/"},{"@type":"ListItem","position":2,"name":"Gafas EMDR REMSTIM 3000","item":"https:\/\/remstim.com\/es\/remstim-3000\/"},{"@type":"ListItem","position":3,"name":"Informaci\u00f3n sobre la pila de bot\u00f3n del REMSTIM 3000"}]},{"@type":"WebSite","@id":"https:\/\/remstim.com\/es\/#website","url":"https:\/\/remstim.com\/es\/","name":"EMDR Ger\u00e4t REMSTIM 3000 gegen Stress","description":"Wie wir schnell Entspannung finden.","publisher":{"@id":"https:\/\/remstim.com\/es\/#organization"},"potentialAction":[{"@type":"SearchAction","target":{"@type":"EntryPoint","urlTemplate":"https:\/\/remstim.com\/es\/?s={search_term_string}"},"query-input":{"@type":"PropertyValueSpecification","valueRequired":true,"valueName":"search_term_string"}}],"inLanguage":"es"},{"@type":"Organization","@id":"https:\/\/remstim.com\/es\/#organization","name":"EMDR Ger\u00e4t REMSTIM 3000 gegen Stress","url":"https:\/\/remstim.com\/es\/","logo":{"@type":"ImageObject","inLanguage":"es","@id":"https:\/\/remstim.com\/es\/#\/schema\/logo\/image\/","url":"https:\/\/remstim.com\/wp-content\/uploads\/2012\/06\/REMSTIM-Logo-mit-Untertitel_orange-e1340382850185.png","contentUrl":"https:\/\/remstim.com\/wp-content\/uploads\/2012\/06\/REMSTIM-Logo-mit-Untertitel_orange-e1340382850185.png","width":304,"height":80,"caption":"EMDR Ger\u00e4t REMSTIM 3000 gegen Stress"},"image":{"@id":"https:\/\/remstim.com\/es\/#\/schema\/logo\/image\/"}}]}},"_links":{"self":[{"href":"https:\/\/remstim.com\/es\/wp-json\/wp\/v2\/pages\/16457","targetHints":{"allow":["GET"]}}],"collection":[{"href":"https:\/\/remstim.com\/es\/wp-json\/wp\/v2\/pages"}],"about":[{"href":"https:\/\/remstim.com\/es\/wp-json\/wp\/v2\/types\/page"}],"author":[{"embeddable":true,"href":"https:\/\/remstim.com\/es\/wp-json\/wp\/v2\/users\/1"}],"replies":[{"embeddable":true,"href":"https:\/\/remstim.com\/es\/wp-json\/wp\/v2\/comments?post=16457"}],"version-history":[{"count":0,"href":"https:\/\/remstim.com\/es\/wp-json\/wp\/v2\/pages\/16457\/revisions"}],"up":[{"embeddable":true,"href":"https:\/\/remstim.com\/es\/wp-json\/wp\/v2\/pages\/16433"}],"wp:attachment":[{"href":"https:\/\/remstim.com\/es\/wp-json\/wp\/v2\/media?parent=16457"}],"curies":[{"name":"wp","href":"https:\/\/api.w.org\/{rel}","templated":true}]}}