{"id":16459,"date":"2012-08-26T08:04:56","date_gmt":"2012-08-26T08:04:56","guid":{"rendered":"https:\/\/remstim.de\/pie-de-imprenta\/fuentes-de-imagenes\/"},"modified":"2024-10-03T15:46:57","modified_gmt":"2024-10-03T15:46:57","slug":"fuentes-de-imagenes","status":"publish","type":"page","link":"https:\/\/remstim.com\/es\/pie-de-imprenta\/fuentes-de-imagenes\/","title":{"rendered":"Fuentes de im\u00e1genes"},"content":{"rendered":"<p> F<strong>uentes de las im\u00e1genes y gr\u00e1ficos utilizados:<\/strong> Mujer de pie en la hierba &#8211; \u00a9 contrastwerkstatt &#8211; Fotolia.com<br \/>  Mujer 1 con auriculares &#8211; \u00a9 vgstudio &#8211; Fotolia.com<br \/>  Mujer 2 con auriculares &#8211; \u00a9 vgstudio &#8211; Fotolia.com<br \/>  Bot\u00f3n del bolet\u00edn de noticias &#8211; \u00a9 A. Dudy &#8211; Fotolia.com<br \/>  Bot\u00f3n de verificaci\u00f3n verde &#8211; \u00a9 frogarts &#8211; Fotolia.com<br \/>  Bot\u00f3n de satisfacci\u00f3n &#8211; \u00a9 DWP &#8211; Fotolia.com<br \/>  Portada del bolet\u00edn &#8211; \u00a9 masterzphotofo &#8211; Fotolia.com<br \/>  Bot\u00f3n de garant\u00eda de devoluci\u00f3n del dinero &#8211; \u00a9 74774154 &#8211; Fotolia.com<br \/>  Mujer delgada y mujer gorda frente a frente &#8211; \u00a9 olly &#8211; Fotolia.com<br \/>  Hombre en un campo de acianos &#8211; \u00a9 chesterF &#8211; Fotolia.com<br \/>  Neuronas y sinapsis &#8211; \u00a9 ktsdesign &#8211; Fotolia.com<br \/>  Ojo en azul &#8211; \u00a9 IKO &#8211; Fotolia.com<br \/>  Ojo con un dedo delante &#8211; \u00a9 Tyler Olson &#8211; Fotolia.com<br \/>  Cuerpo del libro &#8211; \u00a9 Stian Iversen &#8211; Fotolia.com<br \/>  Mujer tumbada en un prado &#8211; \u00a9 raven &#8211; Fotolia.com<br \/>  Mujer triste en la ventana &#8211; \u00a9 redhorst &#8211; Fotolia.com<br \/>  Mujer pensativa en la ventana &#8211; \u00a9 wrangler &#8211; Fotolia.com<br \/>  Mujer bajo el agua &#8211; \u00a9 Maridav &#8211; Fotolia.com<br \/>  Gente haciendo yoga &#8211; \u00a9 Deklofenak &#8211; Fotolia.com<br \/>  Mujer en un descapotable &#8211; \u00a9 Paulius Brazauskas &#8211; Fotolia.com<br \/>  Hombre reflexionando &#8211; \u00a9 igor &#8211; Fotolia.com<br \/>  Mujer escalando &#8211; \u00a9 CandyBox Images &#8211; Fotolia.com<br \/>  Mujer durmiendo &#8211; \u00a9 Konstantin Yuganov &#8211; Fotolia.com<br \/>  Mujer con caras al fondo &#8211; \u00a9 lassedesignen &#8211; Fotolia.com<br \/>  Pareja joven en la playa &#8211; \u00a9 goodluz &#8211; Fotolia.com<br \/>  Mujer con camiseta azul &#8211; \u00a9 Konstantin Yuganov &#8211; Fotolia.com<br \/>  Gerente en un prado &#8211; \u00a9 cirquedesprit &#8211; Fotolia.com<br \/>  Hombre con las manos en los bolsillos del pantal\u00f3n &#8211; \u00a9 Robert Kneschke &#8211; Fotolia.com<br \/>  Mujer sentada con las piernas cruzadas &#8211; \u00a9 spaxiax &#8211; Fotolia.com<br \/>  Mujer en el sof\u00e1 con la mano en la cabeza &#8211; \u00a9 stokkete &#8211; Fotolia.com<br \/>  Mujer en el sof\u00e1 con una taza &#8211; \u00a9 stokkete &#8211; Fotolia.com<br \/>  Hombre con sombrero de paja &#8211; \u00a9 drubig-photo &#8211; Fotolia.com<br \/>  Chica tumbada en la hierba y mirando al cielo &#8211; \u00a9 photocreo &#8211; Fotolia.com<br \/>  Ni\u00f1a con manzana tumbada en la hierba &#8211; \u00a9 BestPhotoStudio &#8211; Fotolia.com<br \/>  Mujer joven sentada, apoyada en la pared &#8211; \u00a9 andrey89 &#8211; Fotolia.com<br \/>  Partituras &#8211; \u00a9 kebay &#8211; Fotolia.com<br \/>  Joven saltando &#8211; \u00a9 Franz Pfluegl &#8211; Fotolia.com<br \/>  Mujer dormida &#8211; \u00a9 Konstantin Yuganov &#8211; Fotolia.com<br \/>  Mujer pensativa con un dedo en la barbilla &#8211; \u00a9 Robert Kneschke &#8211; Fotolia.com<br \/>  Mujer con caras diferentes &#8211; \u00a9 lassedesignen &#8211; Fotolia.com<br \/>  Mujer con 9 caras diferentes &#8211; \u00a9 lassedesignen &#8211; Fotolia.com<br \/>  Hombre con diferentes caras &#8211; \u00a9 lassedesignen &#8211; Fotolia.com<br \/>  Un solo ojo en primer plano &#8211; \u00a9 Kesu &#8211; Fotolia.com<br \/>  Sobre con @ &#8211; \u00a9 Olivier Le Moal &#8211; Fotolia.com<br \/>  Mujer joven tras el cristal de una ventana &#8211; \u00a9 evgenyatamanenko &#8211; Fotolia.com<br \/>  Mujer joven sentada en un maizal &#8211; \u00a9 Anna Omelchenko &#8211; Fotolia.com<br \/>  Ni\u00f1a en brazos de su madre &#8211; \u00a9 altanaka &#8211; Fotolia.com<br \/>  Gente sonriente en fotos &#8211; \u00a9 stokkete &#8211; Fotolia.com<br \/>  Mujer joven con almohada en la cabeza &#8211; \u00a9 Johan Larson &#8211; Fotolia.com<br \/>  El sistema l\u00edmbico &#8211; \u00a9 Athanasia Nomikou &#8211; Fotolia.com<br \/>  Hombre, sentado y con la cabeza sobre los brazos apoyados en las rodillas &#8211; \u00a9 kmiragaya &#8211; Fotolia.com<br \/>  Hombre con las manos delante de la boca, pensativo &#8211; \u00a9 Sabphoto &#8211; Fotolia<br \/>  Gr\u00e1fico con \u00e1rbol en forma de cabeza perdiendo hojas &#8211; \u00a9 freshidea &#8211; Fotolia<br \/>  Mariposa en la mano en la hierba &#8211; \u00a9 Romolo Tavani &#8211; Fotolia<br \/>  Joven sonriente en el sill\u00f3n de un dentista &#8211; \u00a9 xalanx &#8211; Fotolia<br \/>  Joven pensativa apoyada en la pared mientras est\u00e1 sentada &#8211; \u00a9 ivolodina &#8211; Fotolia<br \/>  Orador ante el p\u00fablico &#8211; \u00a9 kasto &#8211; Fotolia<br \/>  Mujer con maleta trolley delante del asfalto &#8211; \u00a9 HappyAlex &#8211; Fotolia.com<br \/>  Mujer joven haciendo un examen &#8211; \u00a9 contrastwerkstatt &#8211; Fotolia<br \/>  Piernas de un corredor &#8211; \u00a9 Warren Goldswain &#8211; Fotolia<br \/>  Hombre en la plataforma de buceo &#8211; \u00a9 ikonoklast_hh &#8211; Fotolia<br \/>  Joven tumbado en la hierba con los brazos por encima de la cabeza &#8211; \u00a9 Iakov Kalinin &#8211; Fotolia.com<br \/>  Collage de fotos &#8211; \u00a9 lulu &#8211; Fotolia.com<br \/>  Mujer con su propia cara como m\u00e1scara &#8211; \u00a9 Tatyana Gladskih &#8211; Fotolia.com<br \/>  Mujer con pa\u00f1uelo en la cabeza y las manos delante de la boca &#8211; \u00a9 Balazs Kovacs Images &#8211; Fotolia.com<br \/>  Hombre relajado con los ojos cerrados &#8211; \u00a9 Antonioguillem &#8211; Fotolia.com<br \/>  Mujer reclinada con auriculares &#8211; \u00a9 Spectral-Design &#8211; Fotolia.com<br \/>  Vista a trav\u00e9s de un maizal hacia el sol &#8211; \u00a9 astrosystem &#8211; Fotolia.com<br \/>  Im\u00e1genes de Meeet &#8211; Espacios de encuentro &#8211; \u00a9<br \/>\n<br \/> T<a href=\"http:\/\/www.tobiaswille.com\/\" target=\"_blank\" rel=\"noopener\">obias Wille<\/a> Beb\u00e9 dormido con osito de peluche &#8211; \u00a9 Ramona Heim &#8211; Fotolia.com <br \/>  Tel\u00e9fono m\u00f3vil en la mano (ilustraci\u00f3n) &#8211; \u00a9 athoslia &#8211; Fotolia.com<br \/>  Mujer pensativa tumbada en un embarcadero &#8211; \u00a9 Christian Schwier &#8211; Fotolia.com<br \/>  Joven triste mirando por una ventana lluviosa &#8211; \u00a9 Axel Bueckert &#8211; Fotolia.com<br \/>  Joven triste apoyado en un \u00e1rbol &#8211; \u00a9 drubig-photo &#8211; Fotolia.com<br \/>  Mujer y hombre despidi\u00e9ndose &#8211; \u00a9 detailblick-foto &#8211; Fotolia.com<br \/>  Mujer con taza de caf\u00e9 mirando a trav\u00e9s de una ventana lluviosa &#8211; \u00a9 ZoneCreative &#8211; Fotolia.com<br \/>  Mujer tumbada balanceando el coraz\u00f3n &#8211; \u00a9 Andrei Korzhyts &#8211; Fotolia.com<br \/>  Mujer triste con una taza amarilla &#8211; \u00a9 Focus Pocus LTD &#8211; Fotolia.com<br \/>  Mujer triste con la mano en el pelo rubio sobre fondo negro &#8211; \u00a9 luna &#8211; Fotolia.com<br \/>  Mujer pelirroja mirando al frente &#8211; \u00a9 drubig-photo &#8211; Fotolia.com<br \/>\nIcono del <a target=\"_blank\" href=\"https:\/\/icons8.com\/icon\/43151\/cursor\" rel=\"noopener\">puntero<\/a> del rat\u00f3n de  <a target=\"_blank\" href=\"https:\/\/icons8.com\" rel=\"noopener\">Iconos8<\/a><\/p>\n","protected":false},"excerpt":{"rendered":"<p>Fuentes de las im\u00e1genes y gr\u00e1ficos utilizados: Mujer de pie en la hierba &#8211; \u00a9 contrastwerkstatt &#8211; Fotolia.com Mujer 1 con auriculares &#8211; \u00a9 vgstudio &#8211; Fotolia.com Mujer 2 con auriculares &#8211; \u00a9 vgstudio &#8211; Fotolia.com Bot\u00f3n del bolet\u00edn de noticias &#8211; \u00a9 A. Dudy &#8211; Fotolia.com Bot\u00f3n de verificaci\u00f3n verde &#8211; \u00a9 frogarts &#8211; [&hellip;]<\/p>\n","protected":false},"author":1,"featured_media":0,"parent":16431,"menu_order":5,"comment_status":"closed","ping_status":"closed","template":"","meta":{"_acf_changed":false,"site-sidebar-layout":"default","site-content-layout":"default","ast-site-content-layout":"default","site-content-style":"default","site-sidebar-style":"default","ast-global-header-display":"","ast-banner-title-visibility":"","ast-main-header-display":"","ast-hfb-above-header-display":"","ast-hfb-below-header-display":"","ast-hfb-mobile-header-display":"","site-post-title":"","ast-breadcrumbs-content":"","ast-featured-img":"","footer-sml-layout":"","ast-disable-related-posts":"","theme-transparent-header-meta":"default","adv-header-id-meta":"","stick-header-meta":"default","header-above-stick-meta":"","header-main-stick-meta":"","header-below-stick-meta":"","astra-migrate-meta-layouts":"default","ast-page-background-enabled":"default","ast-page-background-meta":{"desktop":{"background-color":"var(--ast-global-color-4)","background-image":"","background-repeat":"repeat","background-position":"center center","background-size":"auto","background-attachment":"scroll","background-type":"","background-media":"","overlay-type":"","overlay-color":"","overlay-opacity":"","overlay-gradient":""},"tablet":{"background-color":"","background-image":"","background-repeat":"repeat","background-position":"center center","background-size":"auto","background-attachment":"scroll","background-type":"","background-media":"","overlay-type":"","overlay-color":"","overlay-opacity":"","overlay-gradient":""},"mobile":{"background-color":"","background-image":"","background-repeat":"repeat","background-position":"center center","background-size":"auto","background-attachment":"scroll","background-type":"","background-media":"","overlay-type":"","overlay-color":"","overlay-opacity":"","overlay-gradient":""}},"ast-content-background-meta":{"desktop":{"background-color":"var(--ast-global-color-5)","background-image":"","background-repeat":"repeat","background-position":"center center","background-size":"auto","background-attachment":"scroll","background-type":"","background-media":"","overlay-type":"","overlay-color":"","overlay-opacity":"","overlay-gradient":""},"tablet":{"background-color":"var(--ast-global-color-5)","background-image":"","background-repeat":"repeat","background-position":"center center","background-size":"auto","background-attachment":"scroll","background-type":"","background-media":"","overlay-type":"","overlay-color":"","overlay-opacity":"","overlay-gradient":""},"mobile":{"background-color":"var(--ast-global-color-5)","background-image":"","background-repeat":"repeat","background-position":"center center","background-size":"auto","background-attachment":"scroll","background-type":"","background-media":"","overlay-type":"","overlay-color":"","overlay-opacity":"","overlay-gradient":""}},"footnotes":""},"class_list":["post-16459","page","type-page","status-publish","hentry"],"acf":[],"yoast_head":"<!-- This site is optimized with the Yoast SEO plugin v27.4 - https:\/\/yoast.com\/product\/yoast-seo-wordpress\/ -->\n<title>Fuentes de im\u00e1genes - EMDR Ger\u00e4t REMSTIM 3000 gegen Stress<\/title>\n<meta name=\"robots\" content=\"noindex, follow\" \/>\n<meta property=\"og:locale\" content=\"es_ES\" \/>\n<meta property=\"og:type\" content=\"article\" \/>\n<meta property=\"og:title\" content=\"Fuentes de im\u00e1genes - EMDR Ger\u00e4t REMSTIM 3000 gegen Stress\" \/>\n<meta property=\"og:description\" content=\"Fuentes de las im\u00e1genes y gr\u00e1ficos utilizados: Mujer de pie en la hierba &#8211; \u00a9 contrastwerkstatt &#8211; Fotolia.com Mujer 1 con auriculares &#8211; \u00a9 vgstudio &#8211; Fotolia.com Mujer 2 con auriculares &#8211; \u00a9 vgstudio &#8211; Fotolia.com Bot\u00f3n del bolet\u00edn de noticias &#8211; \u00a9 A. Dudy &#8211; Fotolia.com Bot\u00f3n de verificaci\u00f3n verde &#8211; \u00a9 frogarts &#8211; [&hellip;]\" \/>\n<meta property=\"og:url\" content=\"https:\/\/remstim.com\/es\/pie-de-imprenta\/fuentes-de-imagenes\/\" \/>\n<meta property=\"og:site_name\" content=\"EMDR Ger\u00e4t REMSTIM 3000 gegen Stress\" \/>\n<meta property=\"article:modified_time\" content=\"2024-10-03T15:46:57+00:00\" \/>\n<meta name=\"twitter:label1\" content=\"Tiempo de lectura\" \/>\n\t<meta name=\"twitter:data1\" content=\"5 minutos\" \/>\n<script type=\"application\/ld+json\" class=\"yoast-schema-graph\">{\"@context\":\"https:\\\/\\\/schema.org\",\"@graph\":[{\"@type\":\"WebPage\",\"@id\":\"https:\\\/\\\/remstim.com\\\/es\\\/pie-de-imprenta\\\/fuentes-de-imagenes\\\/\",\"url\":\"https:\\\/\\\/remstim.com\\\/es\\\/pie-de-imprenta\\\/fuentes-de-imagenes\\\/\",\"name\":\"Fuentes de im\u00e1genes - EMDR Ger\u00e4t REMSTIM 3000 gegen Stress\",\"isPartOf\":{\"@id\":\"https:\\\/\\\/remstim.com\\\/es\\\/#website\"},\"datePublished\":\"2012-08-26T08:04:56+00:00\",\"dateModified\":\"2024-10-03T15:46:57+00:00\",\"breadcrumb\":{\"@id\":\"https:\\\/\\\/remstim.com\\\/es\\\/pie-de-imprenta\\\/fuentes-de-imagenes\\\/#breadcrumb\"},\"inLanguage\":\"es\",\"potentialAction\":[{\"@type\":\"ReadAction\",\"target\":[\"https:\\\/\\\/remstim.com\\\/es\\\/pie-de-imprenta\\\/fuentes-de-imagenes\\\/\"]}]},{\"@type\":\"BreadcrumbList\",\"@id\":\"https:\\\/\\\/remstim.com\\\/es\\\/pie-de-imprenta\\\/fuentes-de-imagenes\\\/#breadcrumb\",\"itemListElement\":[{\"@type\":\"ListItem\",\"position\":1,\"name\":\"Startseite\",\"item\":\"https:\\\/\\\/remstim.com\\\/es\\\/\"},{\"@type\":\"ListItem\",\"position\":2,\"name\":\"Aviso legal\",\"item\":\"https:\\\/\\\/remstim.com\\\/es\\\/pie-de-imprenta\\\/\"},{\"@type\":\"ListItem\",\"position\":3,\"name\":\"Fuentes de im\u00e1genes\"}]},{\"@type\":\"WebSite\",\"@id\":\"https:\\\/\\\/remstim.com\\\/es\\\/#website\",\"url\":\"https:\\\/\\\/remstim.com\\\/es\\\/\",\"name\":\"EMDR Ger\u00e4t REMSTIM 3000 gegen Stress\",\"description\":\"Wie wir schnell Entspannung finden.\",\"publisher\":{\"@id\":\"https:\\\/\\\/remstim.com\\\/es\\\/#organization\"},\"potentialAction\":[{\"@type\":\"SearchAction\",\"target\":{\"@type\":\"EntryPoint\",\"urlTemplate\":\"https:\\\/\\\/remstim.com\\\/es\\\/?s={search_term_string}\"},\"query-input\":{\"@type\":\"PropertyValueSpecification\",\"valueRequired\":true,\"valueName\":\"search_term_string\"}}],\"inLanguage\":\"es\"},{\"@type\":\"Organization\",\"@id\":\"https:\\\/\\\/remstim.com\\\/es\\\/#organization\",\"name\":\"EMDR Ger\u00e4t REMSTIM 3000 gegen Stress\",\"url\":\"https:\\\/\\\/remstim.com\\\/es\\\/\",\"logo\":{\"@type\":\"ImageObject\",\"inLanguage\":\"es\",\"@id\":\"https:\\\/\\\/remstim.com\\\/es\\\/#\\\/schema\\\/logo\\\/image\\\/\",\"url\":\"https:\\\/\\\/remstim.com\\\/wp-content\\\/uploads\\\/2012\\\/06\\\/REMSTIM-Logo-mit-Untertitel_orange-e1340382850185.png\",\"contentUrl\":\"https:\\\/\\\/remstim.com\\\/wp-content\\\/uploads\\\/2012\\\/06\\\/REMSTIM-Logo-mit-Untertitel_orange-e1340382850185.png\",\"width\":304,\"height\":80,\"caption\":\"EMDR Ger\u00e4t REMSTIM 3000 gegen Stress\"},\"image\":{\"@id\":\"https:\\\/\\\/remstim.com\\\/es\\\/#\\\/schema\\\/logo\\\/image\\\/\"}}]}<\/script>\n<!-- \/ Yoast SEO plugin. -->","yoast_head_json":{"title":"Fuentes de im\u00e1genes - EMDR Ger\u00e4t REMSTIM 3000 gegen Stress","robots":{"index":"noindex","follow":"follow"},"og_locale":"es_ES","og_type":"article","og_title":"Fuentes de im\u00e1genes - EMDR Ger\u00e4t REMSTIM 3000 gegen Stress","og_description":"Fuentes de las im\u00e1genes y gr\u00e1ficos utilizados: Mujer de pie en la hierba &#8211; \u00a9 contrastwerkstatt &#8211; Fotolia.com Mujer 1 con auriculares &#8211; \u00a9 vgstudio &#8211; Fotolia.com Mujer 2 con auriculares &#8211; \u00a9 vgstudio &#8211; Fotolia.com Bot\u00f3n del bolet\u00edn de noticias &#8211; \u00a9 A. Dudy &#8211; Fotolia.com Bot\u00f3n de verificaci\u00f3n verde &#8211; \u00a9 frogarts &#8211; [&hellip;]","og_url":"https:\/\/remstim.com\/es\/pie-de-imprenta\/fuentes-de-imagenes\/","og_site_name":"EMDR Ger\u00e4t REMSTIM 3000 gegen Stress","article_modified_time":"2024-10-03T15:46:57+00:00","twitter_misc":{"Tiempo de lectura":"5 minutos"},"schema":{"@context":"https:\/\/schema.org","@graph":[{"@type":"WebPage","@id":"https:\/\/remstim.com\/es\/pie-de-imprenta\/fuentes-de-imagenes\/","url":"https:\/\/remstim.com\/es\/pie-de-imprenta\/fuentes-de-imagenes\/","name":"Fuentes de im\u00e1genes - EMDR Ger\u00e4t REMSTIM 3000 gegen Stress","isPartOf":{"@id":"https:\/\/remstim.com\/es\/#website"},"datePublished":"2012-08-26T08:04:56+00:00","dateModified":"2024-10-03T15:46:57+00:00","breadcrumb":{"@id":"https:\/\/remstim.com\/es\/pie-de-imprenta\/fuentes-de-imagenes\/#breadcrumb"},"inLanguage":"es","potentialAction":[{"@type":"ReadAction","target":["https:\/\/remstim.com\/es\/pie-de-imprenta\/fuentes-de-imagenes\/"]}]},{"@type":"BreadcrumbList","@id":"https:\/\/remstim.com\/es\/pie-de-imprenta\/fuentes-de-imagenes\/#breadcrumb","itemListElement":[{"@type":"ListItem","position":1,"name":"Startseite","item":"https:\/\/remstim.com\/es\/"},{"@type":"ListItem","position":2,"name":"Aviso legal","item":"https:\/\/remstim.com\/es\/pie-de-imprenta\/"},{"@type":"ListItem","position":3,"name":"Fuentes de im\u00e1genes"}]},{"@type":"WebSite","@id":"https:\/\/remstim.com\/es\/#website","url":"https:\/\/remstim.com\/es\/","name":"EMDR Ger\u00e4t REMSTIM 3000 gegen Stress","description":"Wie wir schnell Entspannung finden.","publisher":{"@id":"https:\/\/remstim.com\/es\/#organization"},"potentialAction":[{"@type":"SearchAction","target":{"@type":"EntryPoint","urlTemplate":"https:\/\/remstim.com\/es\/?s={search_term_string}"},"query-input":{"@type":"PropertyValueSpecification","valueRequired":true,"valueName":"search_term_string"}}],"inLanguage":"es"},{"@type":"Organization","@id":"https:\/\/remstim.com\/es\/#organization","name":"EMDR Ger\u00e4t REMSTIM 3000 gegen Stress","url":"https:\/\/remstim.com\/es\/","logo":{"@type":"ImageObject","inLanguage":"es","@id":"https:\/\/remstim.com\/es\/#\/schema\/logo\/image\/","url":"https:\/\/remstim.com\/wp-content\/uploads\/2012\/06\/REMSTIM-Logo-mit-Untertitel_orange-e1340382850185.png","contentUrl":"https:\/\/remstim.com\/wp-content\/uploads\/2012\/06\/REMSTIM-Logo-mit-Untertitel_orange-e1340382850185.png","width":304,"height":80,"caption":"EMDR Ger\u00e4t REMSTIM 3000 gegen Stress"},"image":{"@id":"https:\/\/remstim.com\/es\/#\/schema\/logo\/image\/"}}]}},"_links":{"self":[{"href":"https:\/\/remstim.com\/es\/wp-json\/wp\/v2\/pages\/16459","targetHints":{"allow":["GET"]}}],"collection":[{"href":"https:\/\/remstim.com\/es\/wp-json\/wp\/v2\/pages"}],"about":[{"href":"https:\/\/remstim.com\/es\/wp-json\/wp\/v2\/types\/page"}],"author":[{"embeddable":true,"href":"https:\/\/remstim.com\/es\/wp-json\/wp\/v2\/users\/1"}],"replies":[{"embeddable":true,"href":"https:\/\/remstim.com\/es\/wp-json\/wp\/v2\/comments?post=16459"}],"version-history":[{"count":2,"href":"https:\/\/remstim.com\/es\/wp-json\/wp\/v2\/pages\/16459\/revisions"}],"predecessor-version":[{"id":26546,"href":"https:\/\/remstim.com\/es\/wp-json\/wp\/v2\/pages\/16459\/revisions\/26546"}],"up":[{"embeddable":true,"href":"https:\/\/remstim.com\/es\/wp-json\/wp\/v2\/pages\/16431"}],"wp:attachment":[{"href":"https:\/\/remstim.com\/es\/wp-json\/wp\/v2\/media?parent=16459"}],"curies":[{"name":"wp","href":"https:\/\/api.w.org\/{rel}","templated":true}]}}