{"id":16465,"date":"2015-12-11T17:00:57","date_gmt":"2015-12-11T17:00:57","guid":{"rendered":"https:\/\/remstim.de\/autocoaching-en-6-pasos-con-emdr-gracias-a-remstim-3000\/especial-ansiedad-descargue-la-guia-emdr-de-auto-coaching-para-la-ansiedad-en-6-pasos\/"},"modified":"2023-09-15T07:39:53","modified_gmt":"2023-09-15T07:39:53","slug":"especial-ansiedad-descargue-la-guia-emdr-de-auto-coaching-para-la-ansiedad-en-6-pasos","status":"publish","type":"page","link":"https:\/\/remstim.com\/es\/autocoaching-en-6-pasos-con-emdr-gracias-a-remstim-3000\/especial-ansiedad-descargue-la-guia-emdr-de-auto-coaching-para-la-ansiedad-en-6-pasos\/","title":{"rendered":"Especial Ansiedad: Descargue la Gu\u00eda EMDR de Auto-Coaching para la Ansiedad en 6 Pasos."},"content":{"rendered":"<h1>Con gran especial ansiedad: Descargue gratuitamente la completa &#8220;Gu\u00eda para el autocoaching EMDR en 6 pasos&#8221;.<\/h1>\n<p><iframe src=\"https:\/\/www.youtube-nocookie.com\/embed\/uuZz0cuYMw8?rel=0\" width=\"560\" height=\"315\" frameborder=\"0\" allowfullscreen=\"allowfullscreen\"><\/iframe><\/p>\n<h2>Desc\u00e1rgalo ahora gratis:<\/h2>\n\t\t<div data-elementor-type=\"section\" data-elementor-id=\"16801\" class=\"elementor elementor-16801 elementor-9899\" data-elementor-post-type=\"elementor_library\">\n\t\t\t\t\t<section class=\"elementor-section elementor-top-section elementor-element elementor-element-b425b elementor-section-full_width elementor-section-height-default elementor-section-height-default\" data-id=\"b425b\" data-element_type=\"section\" data-e-type=\"section\">\n\t\t\t\t\t\t<div class=\"elementor-container elementor-column-gap-default\">\n\t\t\t\t\t<div class=\"elementor-column elementor-col-100 elementor-top-column elementor-element elementor-element-6bf644d5\" data-id=\"6bf644d5\" data-element_type=\"column\" data-e-type=\"column\">\n\t\t\t<div class=\"elementor-widget-wrap elementor-element-populated\">\n\t\t\t\t\t\t<section class=\"elementor-section elementor-inner-section elementor-element elementor-element-66477634 elementor-section-full_width elementor-section-height-default elementor-section-height-default\" data-id=\"66477634\" data-element_type=\"section\" data-e-type=\"section\">\n\t\t\t\t\t\t<div class=\"elementor-container elementor-column-gap-default\">\n\t\t\t\t\t<div class=\"elementor-column elementor-col-100 elementor-inner-column elementor-element elementor-element-26dcd0b3\" data-id=\"26dcd0b3\" data-element_type=\"column\" data-e-type=\"column\">\n\t\t\t<div class=\"elementor-widget-wrap elementor-element-populated\">\n\t\t\t\t\t\t<div class=\"elementor-element elementor-element-210bf749 elementor-icon-list--layout-traditional elementor-list-item-link-full_width elementor-widget elementor-widget-icon-list\" data-id=\"210bf749\" data-element_type=\"widget\" data-e-type=\"widget\" data-widget_type=\"icon-list.default\">\n\t\t\t\t<div class=\"elementor-widget-container\">\n\t\t\t\t\t\t\t<ul class=\"elementor-icon-list-items\">\n\t\t\t\t\t\t\t<li class=\"elementor-icon-list-item\">\n\t\t\t\t\t\t\t\t\t\t\t<span class=\"elementor-icon-list-icon\">\n\t\t\t\t\t\t\t<i aria-hidden=\"true\" class=\"fas fa-cloud-download-alt\"><\/i>\t\t\t\t\t\t<\/span>\n\t\t\t\t\t\t\t\t\t\t<span class=\"elementor-icon-list-text\">Descargar ahora: <a href=\"https:\/\/remstim.com\/download\/19608\/\">Gu\u00eda de autoaprendizaje EMDR en 6 pasos<\/a><\/span>\n\t\t\t\t\t\t\t\t\t<\/li>\n\t\t\t\t\t\t<\/ul>\n\t\t\t\t\t\t<\/div>\n\t\t\t\t<\/div>\n\t\t\t\t\t<\/div>\n\t\t<\/div>\n\t\t\t\t\t<\/div>\n\t\t<\/section>\n\t\t\t\t\t<\/div>\n\t\t<\/div>\n\t\t\t\t\t<\/div>\n\t\t<\/section>\n\t\t\t\t<\/div>\n\t\t\n<hr class=\"divider-html\" style=\"border-top: 1px solid #bbb; margin-top: 30px; margin-bottom: 30px;\">\n<h2>C\u00f3mo superamos nuestros miedos con el autocoaching EMDR.<\/h2>\n<p>En el gran especial sobre la ansiedad de la gu\u00eda de autocoaching con EMDR<a title=\"Estimulaci\u00f3n de movimientos oculares r\u00e1pidos\" href=\"https:\/\/remstim.com\/es\/fundamentos-de-la-utilizacion-de-emdr-en-coaching-con-el-remstim-3000\/estimulacion-de-movimientos-oculares-rapidos\/\">(Estimulaci\u00f3n por Movimientos Oculares R\u00e1pidos<\/a>) encontrar\u00e1s orientaciones eficaces sobre c\u00f3mo sacar el m\u00e1ximo partido al autocoaching EMDR con la ayuda del <a title=\"REMSTIM 3000\" href=\"https:\/\/remstim.com\/es\/remstim-3000\/\">REMSTIM<\/a> 3000 para superar tus miedos.<\/p>\n<p><a href=\"https:\/\/remstim.com\/download\/8454\/\"><img fetchpriority=\"high\" decoding=\"async\" class=\"alignright wp-image-8492\" src=\"https:\/\/remstim.com\/wp-content\/uploads\/2023\/06\/Cover_3D_Manual_es-1-234x300.png\" alt=\"Gu\u00eda para el autoentrenamiento EMDR en 6 pasos por Thomas Buhl\" width=\"300\" height=\"385\"><\/a>La aplicaci\u00f3n EMDR Self-Coaching in 6 Steps le ayudar\u00e1 a entrenar los miedos que le estresan emocional y mentalmente de forma especialmente cuidadosa.<\/p>\n<p>Tenga en cuenta que, en el caso de algunas ansiedades a las que tema especialmente, puede ser aconsejable consultar a un coach o terapeuta de su confianza al respecto. Lea tambi\u00e9n la <a title=\"Informaci\u00f3n importante\" href=\"https:\/\/remstim.com\/es\/fundamentos-de-la-utilizacion-de-emdr-en-coaching-con-el-remstim-3000\/informacion-importante\/\">informaci\u00f3n importante<\/a>.<\/p>\n<p>Antes de comenzar su primera sesi\u00f3n de autocoaching, tendr\u00e1 la oportunidad de leer cada uno de los seis pasos del autocoaching EMDR utilizando el <a title=\"REMSTIM 3000\" href=\"https:\/\/remstim.com\/es\/remstim-3000\/\">REMSTIM<\/a> 3000 en la introducci\u00f3n.<\/p>\n<p>A continuaci\u00f3n, le resultar\u00e1 muy f\u00e1cil conectarse y relajarse con los seis pasos de autocoaching EMDR cuando se produzcan determinadas situaciones de estr\u00e9s.<\/p>\n<p>Siempre que lo desee, s\u00f3lo tiene que coger esta gu\u00eda de autocoaching EMDR y llevar a cabo una sesi\u00f3n con el m\u00e9todo de autocoaching EMDR. Adem\u00e1s de informaci\u00f3n y consejos \u00fatiles, encontrar\u00e1s la <strong>hoja de trabajo (3 p\u00e1ginas) para una sesi\u00f3n de autocoaching<\/strong>, que puedes duplicar tanto como quieras y utilizar para una sesi\u00f3n cada vez.<br \/>\n\t\t<div data-elementor-type=\"section\" data-elementor-id=\"16801\" class=\"elementor elementor-16801 elementor-9899\" data-elementor-post-type=\"elementor_library\">\n\t\t\t\t\t<section class=\"elementor-section elementor-top-section elementor-element elementor-element-b425b elementor-section-full_width elementor-section-height-default elementor-section-height-default\" data-id=\"b425b\" data-element_type=\"section\" data-e-type=\"section\">\n\t\t\t\t\t\t<div class=\"elementor-container elementor-column-gap-default\">\n\t\t\t\t\t<div class=\"elementor-column elementor-col-100 elementor-top-column elementor-element elementor-element-6bf644d5\" data-id=\"6bf644d5\" data-element_type=\"column\" data-e-type=\"column\">\n\t\t\t<div class=\"elementor-widget-wrap elementor-element-populated\">\n\t\t\t\t\t\t<section class=\"elementor-section elementor-inner-section elementor-element elementor-element-66477634 elementor-section-full_width elementor-section-height-default elementor-section-height-default\" data-id=\"66477634\" data-element_type=\"section\" data-e-type=\"section\">\n\t\t\t\t\t\t<div class=\"elementor-container elementor-column-gap-default\">\n\t\t\t\t\t<div class=\"elementor-column elementor-col-100 elementor-inner-column elementor-element elementor-element-26dcd0b3\" data-id=\"26dcd0b3\" data-element_type=\"column\" data-e-type=\"column\">\n\t\t\t<div class=\"elementor-widget-wrap elementor-element-populated\">\n\t\t\t\t\t\t<div class=\"elementor-element elementor-element-210bf749 elementor-icon-list--layout-traditional elementor-list-item-link-full_width elementor-widget elementor-widget-icon-list\" data-id=\"210bf749\" data-element_type=\"widget\" data-e-type=\"widget\" data-widget_type=\"icon-list.default\">\n\t\t\t\t<div class=\"elementor-widget-container\">\n\t\t\t\t\t\t\t<ul class=\"elementor-icon-list-items\">\n\t\t\t\t\t\t\t<li class=\"elementor-icon-list-item\">\n\t\t\t\t\t\t\t\t\t\t\t<span class=\"elementor-icon-list-icon\">\n\t\t\t\t\t\t\t<i aria-hidden=\"true\" class=\"fas fa-cloud-download-alt\"><\/i>\t\t\t\t\t\t<\/span>\n\t\t\t\t\t\t\t\t\t\t<span class=\"elementor-icon-list-text\">Descargar ahora: <a href=\"https:\/\/remstim.com\/download\/19608\/\">Gu\u00eda de autoaprendizaje EMDR en 6 pasos<\/a><\/span>\n\t\t\t\t\t\t\t\t\t<\/li>\n\t\t\t\t\t\t<\/ul>\n\t\t\t\t\t\t<\/div>\n\t\t\t\t<\/div>\n\t\t\t\t\t<\/div>\n\t\t<\/div>\n\t\t\t\t\t<\/div>\n\t\t<\/section>\n\t\t\t\t\t<\/div>\n\t\t<\/div>\n\t\t\t\t\t<\/div>\n\t\t<\/section>\n\t\t\t\t<\/div>\n\t\t\n<hr class=\"divider-html\" style=\"border-top: 1px solid #bbb; margin-top: 30px; margin-bottom: 30px;\">\n","protected":false},"excerpt":{"rendered":"<p>Con gran especial ansiedad: Descargue gratuitamente la completa &#8220;Gu\u00eda para el autocoaching EMDR en 6 pasos&#8221;. Desc\u00e1rgalo ahora gratis: C\u00f3mo superamos nuestros miedos con el autocoaching EMDR. En el gran especial sobre la ansiedad de la gu\u00eda de autocoaching con EMDR(Estimulaci\u00f3n por Movimientos Oculares R\u00e1pidos) encontrar\u00e1s orientaciones eficaces sobre c\u00f3mo sacar el m\u00e1ximo partido al [&hellip;]<\/p>\n","protected":false},"author":1,"featured_media":0,"parent":16443,"menu_order":8,"comment_status":"closed","ping_status":"closed","template":"","meta":{"_acf_changed":false,"site-sidebar-layout":"default","site-content-layout":"default","ast-site-content-layout":"default","site-content-style":"default","site-sidebar-style":"default","ast-global-header-display":"","ast-banner-title-visibility":"","ast-main-header-display":"","ast-hfb-above-header-display":"","ast-hfb-below-header-display":"","ast-hfb-mobile-header-display":"","site-post-title":"","ast-breadcrumbs-content":"","ast-featured-img":"","footer-sml-layout":"","ast-disable-related-posts":"","theme-transparent-header-meta":"default","adv-header-id-meta":"","stick-header-meta":"default","header-above-stick-meta":"","header-main-stick-meta":"","header-below-stick-meta":"","astra-migrate-meta-layouts":"default","ast-page-background-enabled":"default","ast-page-background-meta":{"desktop":{"background-color":"var(--ast-global-color-4)","background-image":"","background-repeat":"repeat","background-position":"center center","background-size":"auto","background-attachment":"scroll","background-type":"","background-media":"","overlay-type":"","overlay-color":"","overlay-opacity":"","overlay-gradient":""},"tablet":{"background-color":"","background-image":"","background-repeat":"repeat","background-position":"center center","background-size":"auto","background-attachment":"scroll","background-type":"","background-media":"","overlay-type":"","overlay-color":"","overlay-opacity":"","overlay-gradient":""},"mobile":{"background-color":"","background-image":"","background-repeat":"repeat","background-position":"center center","background-size":"auto","background-attachment":"scroll","background-type":"","background-media":"","overlay-type":"","overlay-color":"","overlay-opacity":"","overlay-gradient":""}},"ast-content-background-meta":{"desktop":{"background-color":"var(--ast-global-color-5)","background-image":"","background-repeat":"repeat","background-position":"center center","background-size":"auto","background-attachment":"scroll","background-type":"","background-media":"","overlay-type":"","overlay-color":"","overlay-opacity":"","overlay-gradient":""},"tablet":{"background-color":"var(--ast-global-color-5)","background-image":"","background-repeat":"repeat","background-position":"center center","background-size":"auto","background-attachment":"scroll","background-type":"","background-media":"","overlay-type":"","overlay-color":"","overlay-opacity":"","overlay-gradient":""},"mobile":{"background-color":"var(--ast-global-color-5)","background-image":"","background-repeat":"repeat","background-position":"center center","background-size":"auto","background-attachment":"scroll","background-type":"","background-media":"","overlay-type":"","overlay-color":"","overlay-opacity":"","overlay-gradient":""}},"footnotes":""},"class_list":["post-16465","page","type-page","status-publish","hentry"],"acf":[],"yoast_head":"<!-- This site is optimized with the Yoast SEO plugin v27.5 - https:\/\/yoast.com\/product\/yoast-seo-wordpress\/ -->\n<title>Descargar: Gu\u00eda de autoaprendizaje EMDR del miedo en 6 pasos<\/title>\n<meta name=\"description\" content=\"Descargue las instrucciones para el autocoaching EMDR de la ansiedad con el REMSTIM 3000. El coaching EMDR suele ser muy eficaz. Lea la gu\u00eda de autocoaching EMDR de la ansiedad.\" \/>\n<meta name=\"robots\" content=\"index, follow, max-snippet:-1, max-image-preview:large, max-video-preview:-1\" \/>\n<link rel=\"canonical\" href=\"https:\/\/remstim.com\/es\/autocoaching-en-6-pasos-con-emdr-gracias-a-remstim-3000\/especial-ansiedad-descargue-la-guia-emdr-de-auto-coaching-para-la-ansiedad-en-6-pasos\/\" \/>\n<meta property=\"og:locale\" content=\"es_ES\" \/>\n<meta property=\"og:type\" content=\"article\" \/>\n<meta property=\"og:title\" content=\"Descargar: Gu\u00eda de autoaprendizaje EMDR del miedo en 6 pasos\" \/>\n<meta property=\"og:description\" content=\"Descargue las instrucciones para el autocoaching EMDR de la ansiedad con el REMSTIM 3000. El coaching EMDR suele ser muy eficaz. Lea la gu\u00eda de autocoaching EMDR de la ansiedad.\" \/>\n<meta property=\"og:url\" content=\"https:\/\/remstim.com\/es\/autocoaching-en-6-pasos-con-emdr-gracias-a-remstim-3000\/especial-ansiedad-descargue-la-guia-emdr-de-auto-coaching-para-la-ansiedad-en-6-pasos\/\" \/>\n<meta property=\"og:site_name\" content=\"EMDR Ger\u00e4t REMSTIM 3000 gegen Stress\" \/>\n<meta property=\"article:modified_time\" content=\"2023-09-15T07:39:53+00:00\" \/>\n<meta property=\"og:image\" content=\"https:\/\/remstim.com\/wp-content\/uploads\/2023\/06\/Cover_3D_Manual_es-1-234x300.png\" \/>\n<meta name=\"twitter:label1\" content=\"Tiempo de lectura\" \/>\n\t<meta name=\"twitter:data1\" content=\"2 minutos\" \/>\n<script type=\"application\/ld+json\" class=\"yoast-schema-graph\">{\"@context\":\"https:\\\/\\\/schema.org\",\"@graph\":[{\"@type\":\"WebPage\",\"@id\":\"https:\\\/\\\/remstim.com\\\/es\\\/autocoaching-en-6-pasos-con-emdr-gracias-a-remstim-3000\\\/especial-ansiedad-descargue-la-guia-emdr-de-auto-coaching-para-la-ansiedad-en-6-pasos\\\/\",\"url\":\"https:\\\/\\\/remstim.com\\\/es\\\/autocoaching-en-6-pasos-con-emdr-gracias-a-remstim-3000\\\/especial-ansiedad-descargue-la-guia-emdr-de-auto-coaching-para-la-ansiedad-en-6-pasos\\\/\",\"name\":\"Descargar: Gu\u00eda de autoaprendizaje EMDR del miedo en 6 pasos\",\"isPartOf\":{\"@id\":\"https:\\\/\\\/remstim.com\\\/es\\\/#website\"},\"primaryImageOfPage\":{\"@id\":\"https:\\\/\\\/remstim.com\\\/es\\\/autocoaching-en-6-pasos-con-emdr-gracias-a-remstim-3000\\\/especial-ansiedad-descargue-la-guia-emdr-de-auto-coaching-para-la-ansiedad-en-6-pasos\\\/#primaryimage\"},\"image\":{\"@id\":\"https:\\\/\\\/remstim.com\\\/es\\\/autocoaching-en-6-pasos-con-emdr-gracias-a-remstim-3000\\\/especial-ansiedad-descargue-la-guia-emdr-de-auto-coaching-para-la-ansiedad-en-6-pasos\\\/#primaryimage\"},\"thumbnailUrl\":\"https:\\\/\\\/remstim.com\\\/wp-content\\\/uploads\\\/2023\\\/06\\\/Cover_3D_Manual_es-1-234x300.png\",\"datePublished\":\"2015-12-11T17:00:57+00:00\",\"dateModified\":\"2023-09-15T07:39:53+00:00\",\"description\":\"Descargue las instrucciones para el autocoaching EMDR de la ansiedad con el REMSTIM 3000. El coaching EMDR suele ser muy eficaz. Lea la gu\u00eda de autocoaching EMDR de la ansiedad.\",\"breadcrumb\":{\"@id\":\"https:\\\/\\\/remstim.com\\\/es\\\/autocoaching-en-6-pasos-con-emdr-gracias-a-remstim-3000\\\/especial-ansiedad-descargue-la-guia-emdr-de-auto-coaching-para-la-ansiedad-en-6-pasos\\\/#breadcrumb\"},\"inLanguage\":\"es\",\"potentialAction\":[{\"@type\":\"ReadAction\",\"target\":[\"https:\\\/\\\/remstim.com\\\/es\\\/autocoaching-en-6-pasos-con-emdr-gracias-a-remstim-3000\\\/especial-ansiedad-descargue-la-guia-emdr-de-auto-coaching-para-la-ansiedad-en-6-pasos\\\/\"]}]},{\"@type\":\"ImageObject\",\"inLanguage\":\"es\",\"@id\":\"https:\\\/\\\/remstim.com\\\/es\\\/autocoaching-en-6-pasos-con-emdr-gracias-a-remstim-3000\\\/especial-ansiedad-descargue-la-guia-emdr-de-auto-coaching-para-la-ansiedad-en-6-pasos\\\/#primaryimage\",\"url\":\"https:\\\/\\\/remstim.com\\\/wp-content\\\/uploads\\\/2023\\\/06\\\/Cover_3D_Manual_es-1-234x300.png\",\"contentUrl\":\"https:\\\/\\\/remstim.com\\\/wp-content\\\/uploads\\\/2023\\\/06\\\/Cover_3D_Manual_es-1-234x300.png\"},{\"@type\":\"BreadcrumbList\",\"@id\":\"https:\\\/\\\/remstim.com\\\/es\\\/autocoaching-en-6-pasos-con-emdr-gracias-a-remstim-3000\\\/especial-ansiedad-descargue-la-guia-emdr-de-auto-coaching-para-la-ansiedad-en-6-pasos\\\/#breadcrumb\",\"itemListElement\":[{\"@type\":\"ListItem\",\"position\":1,\"name\":\"Startseite\",\"item\":\"https:\\\/\\\/remstim.com\\\/es\\\/\"},{\"@type\":\"ListItem\",\"position\":2,\"name\":\"Autocoaching en 6 pasos con EMDR gracias a REMSTIM 3000\",\"item\":\"https:\\\/\\\/remstim.com\\\/es\\\/autocoaching-en-6-pasos-con-emdr-gracias-a-remstim-3000\\\/\"},{\"@type\":\"ListItem\",\"position\":3,\"name\":\"Especial Ansiedad: Descargue la Gu\u00eda EMDR de Auto-Coaching para la Ansiedad en 6 Pasos.\"}]},{\"@type\":\"WebSite\",\"@id\":\"https:\\\/\\\/remstim.com\\\/es\\\/#website\",\"url\":\"https:\\\/\\\/remstim.com\\\/es\\\/\",\"name\":\"EMDR Ger\u00e4t REMSTIM 3000 gegen Stress\",\"description\":\"Wie wir schnell Entspannung finden.\",\"publisher\":{\"@id\":\"https:\\\/\\\/remstim.com\\\/es\\\/#organization\"},\"potentialAction\":[{\"@type\":\"SearchAction\",\"target\":{\"@type\":\"EntryPoint\",\"urlTemplate\":\"https:\\\/\\\/remstim.com\\\/es\\\/?s={search_term_string}\"},\"query-input\":{\"@type\":\"PropertyValueSpecification\",\"valueRequired\":true,\"valueName\":\"search_term_string\"}}],\"inLanguage\":\"es\"},{\"@type\":\"Organization\",\"@id\":\"https:\\\/\\\/remstim.com\\\/es\\\/#organization\",\"name\":\"EMDR Ger\u00e4t REMSTIM 3000 gegen Stress\",\"url\":\"https:\\\/\\\/remstim.com\\\/es\\\/\",\"logo\":{\"@type\":\"ImageObject\",\"inLanguage\":\"es\",\"@id\":\"https:\\\/\\\/remstim.com\\\/es\\\/#\\\/schema\\\/logo\\\/image\\\/\",\"url\":\"https:\\\/\\\/remstim.com\\\/wp-content\\\/uploads\\\/2012\\\/06\\\/REMSTIM-Logo-mit-Untertitel_orange-e1340382850185.png\",\"contentUrl\":\"https:\\\/\\\/remstim.com\\\/wp-content\\\/uploads\\\/2012\\\/06\\\/REMSTIM-Logo-mit-Untertitel_orange-e1340382850185.png\",\"width\":304,\"height\":80,\"caption\":\"EMDR Ger\u00e4t REMSTIM 3000 gegen Stress\"},\"image\":{\"@id\":\"https:\\\/\\\/remstim.com\\\/es\\\/#\\\/schema\\\/logo\\\/image\\\/\"}}]}<\/script>\n<!-- \/ Yoast SEO plugin. -->","yoast_head_json":{"title":"Descargar: Gu\u00eda de autoaprendizaje EMDR del miedo en 6 pasos","description":"Descargue las instrucciones para el autocoaching EMDR de la ansiedad con el REMSTIM 3000. El coaching EMDR suele ser muy eficaz. Lea la gu\u00eda de autocoaching EMDR de la ansiedad.","robots":{"index":"index","follow":"follow","max-snippet":"max-snippet:-1","max-image-preview":"max-image-preview:large","max-video-preview":"max-video-preview:-1"},"canonical":"https:\/\/remstim.com\/es\/autocoaching-en-6-pasos-con-emdr-gracias-a-remstim-3000\/especial-ansiedad-descargue-la-guia-emdr-de-auto-coaching-para-la-ansiedad-en-6-pasos\/","og_locale":"es_ES","og_type":"article","og_title":"Descargar: Gu\u00eda de autoaprendizaje EMDR del miedo en 6 pasos","og_description":"Descargue las instrucciones para el autocoaching EMDR de la ansiedad con el REMSTIM 3000. El coaching EMDR suele ser muy eficaz. Lea la gu\u00eda de autocoaching EMDR de la ansiedad.","og_url":"https:\/\/remstim.com\/es\/autocoaching-en-6-pasos-con-emdr-gracias-a-remstim-3000\/especial-ansiedad-descargue-la-guia-emdr-de-auto-coaching-para-la-ansiedad-en-6-pasos\/","og_site_name":"EMDR Ger\u00e4t REMSTIM 3000 gegen Stress","article_modified_time":"2023-09-15T07:39:53+00:00","og_image":[{"url":"https:\/\/remstim.com\/wp-content\/uploads\/2023\/06\/Cover_3D_Manual_es-1-234x300.png","type":"","width":"","height":""}],"twitter_misc":{"Tiempo de lectura":"2 minutos"},"schema":{"@context":"https:\/\/schema.org","@graph":[{"@type":"WebPage","@id":"https:\/\/remstim.com\/es\/autocoaching-en-6-pasos-con-emdr-gracias-a-remstim-3000\/especial-ansiedad-descargue-la-guia-emdr-de-auto-coaching-para-la-ansiedad-en-6-pasos\/","url":"https:\/\/remstim.com\/es\/autocoaching-en-6-pasos-con-emdr-gracias-a-remstim-3000\/especial-ansiedad-descargue-la-guia-emdr-de-auto-coaching-para-la-ansiedad-en-6-pasos\/","name":"Descargar: Gu\u00eda de autoaprendizaje EMDR del miedo en 6 pasos","isPartOf":{"@id":"https:\/\/remstim.com\/es\/#website"},"primaryImageOfPage":{"@id":"https:\/\/remstim.com\/es\/autocoaching-en-6-pasos-con-emdr-gracias-a-remstim-3000\/especial-ansiedad-descargue-la-guia-emdr-de-auto-coaching-para-la-ansiedad-en-6-pasos\/#primaryimage"},"image":{"@id":"https:\/\/remstim.com\/es\/autocoaching-en-6-pasos-con-emdr-gracias-a-remstim-3000\/especial-ansiedad-descargue-la-guia-emdr-de-auto-coaching-para-la-ansiedad-en-6-pasos\/#primaryimage"},"thumbnailUrl":"https:\/\/remstim.com\/wp-content\/uploads\/2023\/06\/Cover_3D_Manual_es-1-234x300.png","datePublished":"2015-12-11T17:00:57+00:00","dateModified":"2023-09-15T07:39:53+00:00","description":"Descargue las instrucciones para el autocoaching EMDR de la ansiedad con el REMSTIM 3000. El coaching EMDR suele ser muy eficaz. Lea la gu\u00eda de autocoaching EMDR de la ansiedad.","breadcrumb":{"@id":"https:\/\/remstim.com\/es\/autocoaching-en-6-pasos-con-emdr-gracias-a-remstim-3000\/especial-ansiedad-descargue-la-guia-emdr-de-auto-coaching-para-la-ansiedad-en-6-pasos\/#breadcrumb"},"inLanguage":"es","potentialAction":[{"@type":"ReadAction","target":["https:\/\/remstim.com\/es\/autocoaching-en-6-pasos-con-emdr-gracias-a-remstim-3000\/especial-ansiedad-descargue-la-guia-emdr-de-auto-coaching-para-la-ansiedad-en-6-pasos\/"]}]},{"@type":"ImageObject","inLanguage":"es","@id":"https:\/\/remstim.com\/es\/autocoaching-en-6-pasos-con-emdr-gracias-a-remstim-3000\/especial-ansiedad-descargue-la-guia-emdr-de-auto-coaching-para-la-ansiedad-en-6-pasos\/#primaryimage","url":"https:\/\/remstim.com\/wp-content\/uploads\/2023\/06\/Cover_3D_Manual_es-1-234x300.png","contentUrl":"https:\/\/remstim.com\/wp-content\/uploads\/2023\/06\/Cover_3D_Manual_es-1-234x300.png"},{"@type":"BreadcrumbList","@id":"https:\/\/remstim.com\/es\/autocoaching-en-6-pasos-con-emdr-gracias-a-remstim-3000\/especial-ansiedad-descargue-la-guia-emdr-de-auto-coaching-para-la-ansiedad-en-6-pasos\/#breadcrumb","itemListElement":[{"@type":"ListItem","position":1,"name":"Startseite","item":"https:\/\/remstim.com\/es\/"},{"@type":"ListItem","position":2,"name":"Autocoaching en 6 pasos con EMDR gracias a REMSTIM 3000","item":"https:\/\/remstim.com\/es\/autocoaching-en-6-pasos-con-emdr-gracias-a-remstim-3000\/"},{"@type":"ListItem","position":3,"name":"Especial Ansiedad: Descargue la Gu\u00eda EMDR de Auto-Coaching para la Ansiedad en 6 Pasos."}]},{"@type":"WebSite","@id":"https:\/\/remstim.com\/es\/#website","url":"https:\/\/remstim.com\/es\/","name":"EMDR Ger\u00e4t REMSTIM 3000 gegen Stress","description":"Wie wir schnell Entspannung finden.","publisher":{"@id":"https:\/\/remstim.com\/es\/#organization"},"potentialAction":[{"@type":"SearchAction","target":{"@type":"EntryPoint","urlTemplate":"https:\/\/remstim.com\/es\/?s={search_term_string}"},"query-input":{"@type":"PropertyValueSpecification","valueRequired":true,"valueName":"search_term_string"}}],"inLanguage":"es"},{"@type":"Organization","@id":"https:\/\/remstim.com\/es\/#organization","name":"EMDR Ger\u00e4t REMSTIM 3000 gegen Stress","url":"https:\/\/remstim.com\/es\/","logo":{"@type":"ImageObject","inLanguage":"es","@id":"https:\/\/remstim.com\/es\/#\/schema\/logo\/image\/","url":"https:\/\/remstim.com\/wp-content\/uploads\/2012\/06\/REMSTIM-Logo-mit-Untertitel_orange-e1340382850185.png","contentUrl":"https:\/\/remstim.com\/wp-content\/uploads\/2012\/06\/REMSTIM-Logo-mit-Untertitel_orange-e1340382850185.png","width":304,"height":80,"caption":"EMDR Ger\u00e4t REMSTIM 3000 gegen Stress"},"image":{"@id":"https:\/\/remstim.com\/es\/#\/schema\/logo\/image\/"}}]}},"_links":{"self":[{"href":"https:\/\/remstim.com\/es\/wp-json\/wp\/v2\/pages\/16465","targetHints":{"allow":["GET"]}}],"collection":[{"href":"https:\/\/remstim.com\/es\/wp-json\/wp\/v2\/pages"}],"about":[{"href":"https:\/\/remstim.com\/es\/wp-json\/wp\/v2\/types\/page"}],"author":[{"embeddable":true,"href":"https:\/\/remstim.com\/es\/wp-json\/wp\/v2\/users\/1"}],"replies":[{"embeddable":true,"href":"https:\/\/remstim.com\/es\/wp-json\/wp\/v2\/comments?post=16465"}],"version-history":[{"count":0,"href":"https:\/\/remstim.com\/es\/wp-json\/wp\/v2\/pages\/16465\/revisions"}],"up":[{"embeddable":true,"href":"https:\/\/remstim.com\/es\/wp-json\/wp\/v2\/pages\/16443"}],"wp:attachment":[{"href":"https:\/\/remstim.com\/es\/wp-json\/wp\/v2\/media?parent=16465"}],"curies":[{"name":"wp","href":"https:\/\/api.w.org\/{rel}","templated":true}]}}