{"id":16472,"date":"2016-08-16T08:09:15","date_gmt":"2016-08-16T08:09:15","guid":{"rendered":"https:\/\/remstim.de\/sociedad-europea-de-terapia-del-trauma-y-emdr-e-v\/"},"modified":"2025-08-21T21:52:34","modified_gmt":"2025-08-21T21:52:34","slug":"sociedad-europea-de-terapia-del-trauma-y-emdr-e-v","status":"publish","type":"page","link":"https:\/\/remstim.com\/es\/sociedad-europea-de-terapia-del-trauma-y-emdr-e-v\/","title":{"rendered":"Sociedad Europea de Terapia del Trauma y EMDR e.V."},"content":{"rendered":"<p><img fetchpriority=\"high\" decoding=\"async\" class=\"alignleft wp-image-6805\" src=\"https:\/\/remstim.com\/wp-content\/uploads\/2016\/09\/Logo-Europaeischen-Gesellschaft-fuer-Traumatherapie-und-EMDR-e.V.png\" alt=\"Sociedad Europea de Terapia del Trauma y EMDR e.V.\" width=\"300\" height=\"300\" srcset=\"https:\/\/remstim.com\/wp-content\/uploads\/2016\/09\/Logo-Europaeischen-Gesellschaft-fuer-Traumatherapie-und-EMDR-e.V.png 650w, https:\/\/remstim.com\/wp-content\/uploads\/2016\/09\/Logo-Europaeischen-Gesellschaft-fuer-Traumatherapie-und-EMDR-e.V-300x300.png 300w, https:\/\/remstim.com\/wp-content\/uploads\/2016\/09\/Logo-Europaeischen-Gesellschaft-fuer-Traumatherapie-und-EMDR-e.V-100x100.png 100w, https:\/\/remstim.com\/wp-content\/uploads\/2016\/09\/Logo-Europaeischen-Gesellschaft-fuer-Traumatherapie-und-EMDR-e.V-600x600.png 600w, https:\/\/remstim.com\/wp-content\/uploads\/2016\/09\/Logo-Europaeischen-Gesellschaft-fuer-Traumatherapie-und-EMDR-e.V-150x150.png 150w\" sizes=\"(max-width: 300px) 100vw, 300px\" \/><a href=\"https:\/\/remstim.com\/coach-trainer-erfinder-emdr-brille-remstim-3000-selbstcoaching-methode\/\">Thomas Buhl<\/a> es miembro de la <strong>Sociedad Europea de Terapia del Trauma y EMDR<\/strong>.<\/p>\n<p>Uno de los objetivos de la <strong>Sociedad Europea de Terapia del Trauma y EMDR e.V<\/strong>. es hacer posible que quienes buscan ayuda encuentren terapeutas cualificados y formados en EMDR y trauma a trav\u00e9s de una funci\u00f3n de b\u00fasqueda y facilitar el contacto.<\/p>\n<p>Adem\u00e1s, los terapeutas deben trabajar en red en todos los pa\u00edses para fomentar el intercambio de conocimientos.<\/p>\n<p>Adem\u00e1s, la sociedad ofrece informaci\u00f3n general sobre el tema de <strong>EMDR &#8211; Eye Movement Desensitization and Reprocessing (Desensibilizaci\u00f3n y Reprocesamiento por Movimientos Oculares<\/strong>).<\/p>\n<p>Para m\u00e1s informaci\u00f3n, visite el sitio web de la <a href=\"http:\/\/traumatherapie-emdr.eu\/\" target=\"_blank\" rel=\"noopener\">Sociedad Europea de Terapia del Trauma y EMDR e.V<\/a>. . <a href=\"http:\/\/traumatherapie-emdr.eu\/\" target=\"_blank\" rel=\"noopener\">(leer m\u00e1s<\/a>)<\/p>\n","protected":false},"excerpt":{"rendered":"<p>Thomas Buhl es miembro de la Sociedad Europea de Terapia del Trauma y EMDR. Uno de los objetivos de la Sociedad Europea de Terapia del Trauma y EMDR e.V. es hacer posible que quienes buscan ayuda encuentren terapeutas cualificados y formados en EMDR y trauma a trav\u00e9s de una funci\u00f3n de b\u00fasqueda y facilitar el [&hellip;]<\/p>\n","protected":false},"author":1,"featured_media":0,"parent":0,"menu_order":27,"comment_status":"closed","ping_status":"closed","template":"","meta":{"_acf_changed":false,"site-sidebar-layout":"default","site-content-layout":"default","ast-site-content-layout":"default","site-content-style":"default","site-sidebar-style":"default","ast-global-header-display":"","ast-banner-title-visibility":"","ast-main-header-display":"","ast-hfb-above-header-display":"","ast-hfb-below-header-display":"","ast-hfb-mobile-header-display":"","site-post-title":"","ast-breadcrumbs-content":"","ast-featured-img":"","footer-sml-layout":"","ast-disable-related-posts":"","theme-transparent-header-meta":"default","adv-header-id-meta":"","stick-header-meta":"default","header-above-stick-meta":"","header-main-stick-meta":"","header-below-stick-meta":"","astra-migrate-meta-layouts":"default","ast-page-background-enabled":"default","ast-page-background-meta":{"desktop":{"background-color":"var(--ast-global-color-4)","background-image":"","background-repeat":"repeat","background-position":"center center","background-size":"auto","background-attachment":"scroll","background-type":"","background-media":"","overlay-type":"","overlay-color":"","overlay-opacity":"","overlay-gradient":""},"tablet":{"background-color":"","background-image":"","background-repeat":"repeat","background-position":"center center","background-size":"auto","background-attachment":"scroll","background-type":"","background-media":"","overlay-type":"","overlay-color":"","overlay-opacity":"","overlay-gradient":""},"mobile":{"background-color":"","background-image":"","background-repeat":"repeat","background-position":"center center","background-size":"auto","background-attachment":"scroll","background-type":"","background-media":"","overlay-type":"","overlay-color":"","overlay-opacity":"","overlay-gradient":""}},"ast-content-background-meta":{"desktop":{"background-color":"var(--ast-global-color-5)","background-image":"","background-repeat":"repeat","background-position":"center center","background-size":"auto","background-attachment":"scroll","background-type":"","background-media":"","overlay-type":"","overlay-color":"","overlay-opacity":"","overlay-gradient":""},"tablet":{"background-color":"var(--ast-global-color-5)","background-image":"","background-repeat":"repeat","background-position":"center center","background-size":"auto","background-attachment":"scroll","background-type":"","background-media":"","overlay-type":"","overlay-color":"","overlay-opacity":"","overlay-gradient":""},"mobile":{"background-color":"var(--ast-global-color-5)","background-image":"","background-repeat":"repeat","background-position":"center center","background-size":"auto","background-attachment":"scroll","background-type":"","background-media":"","overlay-type":"","overlay-color":"","overlay-opacity":"","overlay-gradient":""}},"footnotes":""},"class_list":["post-16472","page","type-page","status-publish","hentry"],"acf":[],"yoast_head":"<!-- This site is optimized with the Yoast SEO plugin v27.3 - https:\/\/yoast.com\/product\/yoast-seo-wordpress\/ -->\n<title>Sociedad Europea de Terapia del Trauma y EMDR e.V.<\/title>\n<meta name=\"description\" content=\"El objetivo es, entre otras cosas, que quienes buscan ayuda puedan encontrar terapeutas cualificados y formados en EMDR y traumatolog\u00eda a trav\u00e9s de una funci\u00f3n de b\u00fasqueda...\" \/>\n<meta name=\"robots\" content=\"index, follow, max-snippet:-1, max-image-preview:large, max-video-preview:-1\" \/>\n<link rel=\"canonical\" href=\"https:\/\/remstim.com\/es\/sociedad-europea-de-terapia-del-trauma-y-emdr-e-v\/\" \/>\n<meta property=\"og:locale\" content=\"es_ES\" \/>\n<meta property=\"og:type\" content=\"article\" \/>\n<meta property=\"og:title\" content=\"Sociedad Europea de Terapia del Trauma y EMDR e.V.\" \/>\n<meta property=\"og:description\" content=\"El objetivo es, entre otras cosas, que quienes buscan ayuda puedan encontrar terapeutas cualificados y formados en EMDR y traumatolog\u00eda a trav\u00e9s de una funci\u00f3n de b\u00fasqueda...\" \/>\n<meta property=\"og:url\" content=\"https:\/\/remstim.com\/es\/sociedad-europea-de-terapia-del-trauma-y-emdr-e-v\/\" \/>\n<meta property=\"og:site_name\" content=\"EMDR Ger\u00e4t REMSTIM 3000 gegen Stress\" \/>\n<meta property=\"article:modified_time\" content=\"2025-08-21T21:52:34+00:00\" \/>\n<meta property=\"og:image\" content=\"https:\/\/remstim.com\/wp-content\/uploads\/2016\/09\/Logo-Europaeischen-Gesellschaft-fuer-Traumatherapie-und-EMDR-e.V.png\" \/>\n\t<meta property=\"og:image:width\" content=\"650\" \/>\n\t<meta property=\"og:image:height\" content=\"650\" \/>\n\t<meta property=\"og:image:type\" content=\"image\/png\" \/>\n<meta name=\"twitter:label1\" content=\"Tiempo de lectura\" \/>\n\t<meta name=\"twitter:data1\" content=\"1 minuto\" \/>\n<script type=\"application\/ld+json\" class=\"yoast-schema-graph\">{\"@context\":\"https:\\\/\\\/schema.org\",\"@graph\":[{\"@type\":\"WebPage\",\"@id\":\"https:\\\/\\\/remstim.com\\\/es\\\/sociedad-europea-de-terapia-del-trauma-y-emdr-e-v\\\/\",\"url\":\"https:\\\/\\\/remstim.com\\\/es\\\/sociedad-europea-de-terapia-del-trauma-y-emdr-e-v\\\/\",\"name\":\"Sociedad Europea de Terapia del Trauma y EMDR e.V.\",\"isPartOf\":{\"@id\":\"https:\\\/\\\/remstim.com\\\/es\\\/#website\"},\"primaryImageOfPage\":{\"@id\":\"https:\\\/\\\/remstim.com\\\/es\\\/sociedad-europea-de-terapia-del-trauma-y-emdr-e-v\\\/#primaryimage\"},\"image\":{\"@id\":\"https:\\\/\\\/remstim.com\\\/es\\\/sociedad-europea-de-terapia-del-trauma-y-emdr-e-v\\\/#primaryimage\"},\"thumbnailUrl\":\"https:\\\/\\\/remstim.com\\\/wp-content\\\/uploads\\\/2016\\\/09\\\/Logo-Europaeischen-Gesellschaft-fuer-Traumatherapie-und-EMDR-e.V.png\",\"datePublished\":\"2016-08-16T08:09:15+00:00\",\"dateModified\":\"2025-08-21T21:52:34+00:00\",\"description\":\"El objetivo es, entre otras cosas, que quienes buscan ayuda puedan encontrar terapeutas cualificados y formados en EMDR y traumatolog\u00eda a trav\u00e9s de una funci\u00f3n de b\u00fasqueda...\",\"breadcrumb\":{\"@id\":\"https:\\\/\\\/remstim.com\\\/es\\\/sociedad-europea-de-terapia-del-trauma-y-emdr-e-v\\\/#breadcrumb\"},\"inLanguage\":\"es\",\"potentialAction\":[{\"@type\":\"ReadAction\",\"target\":[\"https:\\\/\\\/remstim.com\\\/es\\\/sociedad-europea-de-terapia-del-trauma-y-emdr-e-v\\\/\"]}]},{\"@type\":\"ImageObject\",\"inLanguage\":\"es\",\"@id\":\"https:\\\/\\\/remstim.com\\\/es\\\/sociedad-europea-de-terapia-del-trauma-y-emdr-e-v\\\/#primaryimage\",\"url\":\"https:\\\/\\\/remstim.com\\\/wp-content\\\/uploads\\\/2016\\\/09\\\/Logo-Europaeischen-Gesellschaft-fuer-Traumatherapie-und-EMDR-e.V.png\",\"contentUrl\":\"https:\\\/\\\/remstim.com\\\/wp-content\\\/uploads\\\/2016\\\/09\\\/Logo-Europaeischen-Gesellschaft-fuer-Traumatherapie-und-EMDR-e.V.png\"},{\"@type\":\"BreadcrumbList\",\"@id\":\"https:\\\/\\\/remstim.com\\\/es\\\/sociedad-europea-de-terapia-del-trauma-y-emdr-e-v\\\/#breadcrumb\",\"itemListElement\":[{\"@type\":\"ListItem\",\"position\":1,\"name\":\"Startseite\",\"item\":\"https:\\\/\\\/remstim.com\\\/es\\\/\"},{\"@type\":\"ListItem\",\"position\":2,\"name\":\"Sociedad Europea de Terapia del Trauma y EMDR e.V.\"}]},{\"@type\":\"WebSite\",\"@id\":\"https:\\\/\\\/remstim.com\\\/es\\\/#website\",\"url\":\"https:\\\/\\\/remstim.com\\\/es\\\/\",\"name\":\"EMDR Ger\u00e4t REMSTIM 3000 gegen Stress\",\"description\":\"Wie wir schnell Entspannung finden.\",\"publisher\":{\"@id\":\"https:\\\/\\\/remstim.com\\\/es\\\/#organization\"},\"potentialAction\":[{\"@type\":\"SearchAction\",\"target\":{\"@type\":\"EntryPoint\",\"urlTemplate\":\"https:\\\/\\\/remstim.com\\\/es\\\/?s={search_term_string}\"},\"query-input\":{\"@type\":\"PropertyValueSpecification\",\"valueRequired\":true,\"valueName\":\"search_term_string\"}}],\"inLanguage\":\"es\"},{\"@type\":\"Organization\",\"@id\":\"https:\\\/\\\/remstim.com\\\/es\\\/#organization\",\"name\":\"EMDR Ger\u00e4t REMSTIM 3000 gegen Stress\",\"url\":\"https:\\\/\\\/remstim.com\\\/es\\\/\",\"logo\":{\"@type\":\"ImageObject\",\"inLanguage\":\"es\",\"@id\":\"https:\\\/\\\/remstim.com\\\/es\\\/#\\\/schema\\\/logo\\\/image\\\/\",\"url\":\"https:\\\/\\\/remstim.com\\\/wp-content\\\/uploads\\\/2012\\\/06\\\/REMSTIM-Logo-mit-Untertitel_orange-e1340382850185.png\",\"contentUrl\":\"https:\\\/\\\/remstim.com\\\/wp-content\\\/uploads\\\/2012\\\/06\\\/REMSTIM-Logo-mit-Untertitel_orange-e1340382850185.png\",\"width\":304,\"height\":80,\"caption\":\"EMDR Ger\u00e4t REMSTIM 3000 gegen Stress\"},\"image\":{\"@id\":\"https:\\\/\\\/remstim.com\\\/es\\\/#\\\/schema\\\/logo\\\/image\\\/\"}}]}<\/script>\n<!-- \/ Yoast SEO plugin. -->","yoast_head_json":{"title":"Sociedad Europea de Terapia del Trauma y EMDR e.V.","description":"El objetivo es, entre otras cosas, que quienes buscan ayuda puedan encontrar terapeutas cualificados y formados en EMDR y traumatolog\u00eda a trav\u00e9s de una funci\u00f3n de b\u00fasqueda...","robots":{"index":"index","follow":"follow","max-snippet":"max-snippet:-1","max-image-preview":"max-image-preview:large","max-video-preview":"max-video-preview:-1"},"canonical":"https:\/\/remstim.com\/es\/sociedad-europea-de-terapia-del-trauma-y-emdr-e-v\/","og_locale":"es_ES","og_type":"article","og_title":"Sociedad Europea de Terapia del Trauma y EMDR e.V.","og_description":"El objetivo es, entre otras cosas, que quienes buscan ayuda puedan encontrar terapeutas cualificados y formados en EMDR y traumatolog\u00eda a trav\u00e9s de una funci\u00f3n de b\u00fasqueda...","og_url":"https:\/\/remstim.com\/es\/sociedad-europea-de-terapia-del-trauma-y-emdr-e-v\/","og_site_name":"EMDR Ger\u00e4t REMSTIM 3000 gegen Stress","article_modified_time":"2025-08-21T21:52:34+00:00","og_image":[{"width":650,"height":650,"url":"https:\/\/remstim.com\/wp-content\/uploads\/2016\/09\/Logo-Europaeischen-Gesellschaft-fuer-Traumatherapie-und-EMDR-e.V.png","type":"image\/png"}],"twitter_misc":{"Tiempo de lectura":"1 minuto"},"schema":{"@context":"https:\/\/schema.org","@graph":[{"@type":"WebPage","@id":"https:\/\/remstim.com\/es\/sociedad-europea-de-terapia-del-trauma-y-emdr-e-v\/","url":"https:\/\/remstim.com\/es\/sociedad-europea-de-terapia-del-trauma-y-emdr-e-v\/","name":"Sociedad Europea de Terapia del Trauma y EMDR e.V.","isPartOf":{"@id":"https:\/\/remstim.com\/es\/#website"},"primaryImageOfPage":{"@id":"https:\/\/remstim.com\/es\/sociedad-europea-de-terapia-del-trauma-y-emdr-e-v\/#primaryimage"},"image":{"@id":"https:\/\/remstim.com\/es\/sociedad-europea-de-terapia-del-trauma-y-emdr-e-v\/#primaryimage"},"thumbnailUrl":"https:\/\/remstim.com\/wp-content\/uploads\/2016\/09\/Logo-Europaeischen-Gesellschaft-fuer-Traumatherapie-und-EMDR-e.V.png","datePublished":"2016-08-16T08:09:15+00:00","dateModified":"2025-08-21T21:52:34+00:00","description":"El objetivo es, entre otras cosas, que quienes buscan ayuda puedan encontrar terapeutas cualificados y formados en EMDR y traumatolog\u00eda a trav\u00e9s de una funci\u00f3n de b\u00fasqueda...","breadcrumb":{"@id":"https:\/\/remstim.com\/es\/sociedad-europea-de-terapia-del-trauma-y-emdr-e-v\/#breadcrumb"},"inLanguage":"es","potentialAction":[{"@type":"ReadAction","target":["https:\/\/remstim.com\/es\/sociedad-europea-de-terapia-del-trauma-y-emdr-e-v\/"]}]},{"@type":"ImageObject","inLanguage":"es","@id":"https:\/\/remstim.com\/es\/sociedad-europea-de-terapia-del-trauma-y-emdr-e-v\/#primaryimage","url":"https:\/\/remstim.com\/wp-content\/uploads\/2016\/09\/Logo-Europaeischen-Gesellschaft-fuer-Traumatherapie-und-EMDR-e.V.png","contentUrl":"https:\/\/remstim.com\/wp-content\/uploads\/2016\/09\/Logo-Europaeischen-Gesellschaft-fuer-Traumatherapie-und-EMDR-e.V.png"},{"@type":"BreadcrumbList","@id":"https:\/\/remstim.com\/es\/sociedad-europea-de-terapia-del-trauma-y-emdr-e-v\/#breadcrumb","itemListElement":[{"@type":"ListItem","position":1,"name":"Startseite","item":"https:\/\/remstim.com\/es\/"},{"@type":"ListItem","position":2,"name":"Sociedad Europea de Terapia del Trauma y EMDR e.V."}]},{"@type":"WebSite","@id":"https:\/\/remstim.com\/es\/#website","url":"https:\/\/remstim.com\/es\/","name":"EMDR Ger\u00e4t REMSTIM 3000 gegen Stress","description":"Wie wir schnell Entspannung finden.","publisher":{"@id":"https:\/\/remstim.com\/es\/#organization"},"potentialAction":[{"@type":"SearchAction","target":{"@type":"EntryPoint","urlTemplate":"https:\/\/remstim.com\/es\/?s={search_term_string}"},"query-input":{"@type":"PropertyValueSpecification","valueRequired":true,"valueName":"search_term_string"}}],"inLanguage":"es"},{"@type":"Organization","@id":"https:\/\/remstim.com\/es\/#organization","name":"EMDR Ger\u00e4t REMSTIM 3000 gegen Stress","url":"https:\/\/remstim.com\/es\/","logo":{"@type":"ImageObject","inLanguage":"es","@id":"https:\/\/remstim.com\/es\/#\/schema\/logo\/image\/","url":"https:\/\/remstim.com\/wp-content\/uploads\/2012\/06\/REMSTIM-Logo-mit-Untertitel_orange-e1340382850185.png","contentUrl":"https:\/\/remstim.com\/wp-content\/uploads\/2012\/06\/REMSTIM-Logo-mit-Untertitel_orange-e1340382850185.png","width":304,"height":80,"caption":"EMDR Ger\u00e4t REMSTIM 3000 gegen Stress"},"image":{"@id":"https:\/\/remstim.com\/es\/#\/schema\/logo\/image\/"}}]}},"_links":{"self":[{"href":"https:\/\/remstim.com\/es\/wp-json\/wp\/v2\/pages\/16472","targetHints":{"allow":["GET"]}}],"collection":[{"href":"https:\/\/remstim.com\/es\/wp-json\/wp\/v2\/pages"}],"about":[{"href":"https:\/\/remstim.com\/es\/wp-json\/wp\/v2\/types\/page"}],"author":[{"embeddable":true,"href":"https:\/\/remstim.com\/es\/wp-json\/wp\/v2\/users\/1"}],"replies":[{"embeddable":true,"href":"https:\/\/remstim.com\/es\/wp-json\/wp\/v2\/comments?post=16472"}],"version-history":[{"count":2,"href":"https:\/\/remstim.com\/es\/wp-json\/wp\/v2\/pages\/16472\/revisions"}],"predecessor-version":[{"id":27490,"href":"https:\/\/remstim.com\/es\/wp-json\/wp\/v2\/pages\/16472\/revisions\/27490"}],"wp:attachment":[{"href":"https:\/\/remstim.com\/es\/wp-json\/wp\/v2\/media?parent=16472"}],"curies":[{"name":"wp","href":"https:\/\/api.w.org\/{rel}","templated":true}]}}