{"id":16487,"date":"2018-11-09T10:28:57","date_gmt":"2018-11-09T10:28:57","guid":{"rendered":"https:\/\/remstim.de\/remstim-3000\/no-hay-envios-directos-a-suiza\/"},"modified":"2023-11-16T09:54:24","modified_gmt":"2023-11-16T09:54:24","slug":"no-hay-envios-directos-a-suiza","status":"publish","type":"page","link":"https:\/\/remstim.com\/es\/remstim-3000\/no-hay-envios-directos-a-suiza\/","title":{"rendered":"No hay env\u00edos directos a Suiza"},"content":{"rendered":"<h1>No hay env\u00edo directo a Suiza, pero&#8230;<\/h1>\n<p style=\"text-align: justify;\"><img fetchpriority=\"high\" decoding=\"async\" class=\" wp-image-8740 alignright\" src=\"https:\/\/remstim.com\/wp-content\/uploads\/2020\/03\/Schweiz-Bern-705x1024.jpg\" alt=\"Env\u00edos a Suiza\" width=\"299\" height=\"435\" srcset=\"https:\/\/remstim.com\/wp-content\/uploads\/2020\/03\/Schweiz-Bern-705x1024.jpg 705w, https:\/\/remstim.com\/wp-content\/uploads\/2020\/03\/Schweiz-Bern-600x871.jpg 600w, https:\/\/remstim.com\/wp-content\/uploads\/2020\/03\/Schweiz-Bern-207x300.jpg 207w, https:\/\/remstim.com\/wp-content\/uploads\/2020\/03\/Schweiz-Bern-768x1115.jpg 768w, https:\/\/remstim.com\/wp-content\/uploads\/2020\/03\/Schweiz-Bern-529x768.jpg 529w, https:\/\/remstim.com\/wp-content\/uploads\/2020\/03\/Schweiz-Bern.jpg 1000w\" sizes=\"(max-width: 299px) 100vw, 299px\" \/>Queridos suizos,<\/p>\n<p style=\"text-align: justify;\">Seguro que no le parece bien que no ofrezcamos env\u00edos directos a Suiza. Nos gustar\u00eda disculparnos por ello y, no obstante, pedimos su comprensi\u00f3n de inmediato.<\/p>\n<p style=\"text-align: justify;\">Nos complace mostrarle aqu\u00ed una <strong>soluci\u00f3n<\/strong> que muchos de sus compatriotas ya utilizan: Haga que le env\u00eden su pedido a una direcci\u00f3n de entrega alemana cercana a la frontera suizo-alemana para poder recogerlo usted mismo en Alemania y traerlo a Suiza.<\/p>\n<p style=\"text-align: justify;\">Para ello, muchos suizos recurren a los servicios de paqueter\u00eda cercanos a la frontera, que son muchos.<\/p>\n<p style=\"text-align: justify;\">En Internet encontrar\u00e1 servicios de paqueter\u00eda situados cerca de la frontera suiza. Aqu\u00ed, si sigue los enlaces, encontrar\u00e1 3 servicios de paqueter\u00eda, por ejemplo. Se trata de un listado aleatorio.  <strong>No es una recomendaci\u00f3n nuestra.<\/strong><\/p>\n<p style=\"text-align: justify;\">Elija usted mismo a su socio de servicios. No asumimos ninguna responsabilidad por los servicios de estos proveedores de servicios.<\/p>\n<p><a href=\"http:\/\/www.grenzpaket.ch\/de\/\" target=\"_blank\" rel=\"noopener noreferrer\">http:\/\/www.grenzpaket.ch\/de\/<\/a><\/p>\n<p><a href=\"http:\/\/www.europaketshop.ch\/\" target=\"_blank\" rel=\"noopener noreferrer\">http:\/\/www.europaketshop.ch\/<\/a><\/p>\n<p>Tambi\u00e9n puede encontrar otros proveedores de servicios de paqueter\u00eda en sus proximidades (fronterizas): <a href=\"https:\/\/www.google.com\/search?client=firefox-b-ab&amp;ei=Fl_lW8ifH4rLwAKhuaHYCQ&amp;q=deutsche+lieferadresse+schweiz&amp;oq=deutsche+lieferadresse+schweiz&amp;gs_l=psy-ab.12..0j0i22i30k1l9.5649.16031.0.17956.48.39.6.0.0.0.379.3695.19j11j2j1.33.0....0...1.1.64.psy-ab..9.38.3619...35i39k1j0i67k1j0i131k1j0i20i263k1j0i131i67k1j0i10k1j0i13i30k1j0i13i5i10i30k1j0i8i13i30k1j0i13k1j0i22i10i30k1.0.JTGjaEK8UVI\" target=\"_blank\" rel=\"noopener noreferrer\">Busque una direcci\u00f3n de entrega alemana para suizos en google<\/a><\/p>\n<h2>Siga las instrucciones de su servicio de paqueter\u00eda<\/h2>\n<p>Siga las instrucciones del servicio de paqueter\u00eda de su elecci\u00f3n. Tras registrarse en un servicio de paqueter\u00eda, recibir\u00e1 normalmente un n\u00famero de cliente, que deber\u00e1 mencionar en la direcci\u00f3n del servicio de paqueter\u00eda cuando env\u00ede un paquete para que puedan asignarle su env\u00edo. A continuaci\u00f3n, usted mismo puede recoger all\u00ed personalmente su env\u00edo y llev\u00e1rselo a Suiza.<\/p>\n<h3>Notas sobre el pago<\/h3>\n<p><strong>Nota sobre PayPal:<\/strong> Tenga en cuenta que para un pedido que implique el pago con PayPal, la direcci\u00f3n de facturaci\u00f3n y la de entrega deben ser id\u00e9nticas. Tiene la posibilidad de cambiar su direcci\u00f3n de facturaci\u00f3n y entrega en el sistema PayPal para indicar su direcci\u00f3n (temporal) al servicio de paqueter\u00eda.<\/p>\n<p>La forma de pago m\u00e1s adecuada es el pago por adelantado mediante transferencia bancaria. En este caso, la direcci\u00f3n de facturaci\u00f3n y la direcci\u00f3n de entrega pueden diferir.<\/p>\n<p>En cuanto haya transferido el importe y hayamos recibido el dinero, le enviaremos inmediatamente el REMSTIM 3000 a su direcci\u00f3n de entrega en Alemania.<\/p>\n<p>Si tiene m\u00e1s preguntas, p\u00f3ngase en contacto con nosotros: <a href=\"mailto:info@remstim.com\">info@remstim.com<\/a><\/p>\n","protected":false},"excerpt":{"rendered":"<p>No hay env\u00edo directo a Suiza, pero&#8230; Queridos suizos, Seguro que no le parece bien que no ofrezcamos env\u00edos directos a Suiza. Nos gustar\u00eda disculparnos por ello y, no obstante, pedimos su comprensi\u00f3n de inmediato. Nos complace mostrarle aqu\u00ed una soluci\u00f3n que muchos de sus compatriotas ya utilizan: Haga que le env\u00eden su pedido a [&hellip;]<\/p>\n","protected":false},"author":1,"featured_media":0,"parent":16433,"menu_order":6,"comment_status":"closed","ping_status":"closed","template":"","meta":{"_acf_changed":false,"site-sidebar-layout":"default","site-content-layout":"default","ast-site-content-layout":"default","site-content-style":"default","site-sidebar-style":"default","ast-global-header-display":"","ast-banner-title-visibility":"","ast-main-header-display":"","ast-hfb-above-header-display":"","ast-hfb-below-header-display":"","ast-hfb-mobile-header-display":"","site-post-title":"","ast-breadcrumbs-content":"","ast-featured-img":"","footer-sml-layout":"","ast-disable-related-posts":"","theme-transparent-header-meta":"default","adv-header-id-meta":"","stick-header-meta":"default","header-above-stick-meta":"","header-main-stick-meta":"","header-below-stick-meta":"","astra-migrate-meta-layouts":"default","ast-page-background-enabled":"default","ast-page-background-meta":{"desktop":{"background-color":"var(--ast-global-color-4)","background-image":"","background-repeat":"repeat","background-position":"center center","background-size":"auto","background-attachment":"scroll","background-type":"","background-media":"","overlay-type":"","overlay-color":"","overlay-opacity":"","overlay-gradient":""},"tablet":{"background-color":"","background-image":"","background-repeat":"repeat","background-position":"center center","background-size":"auto","background-attachment":"scroll","background-type":"","background-media":"","overlay-type":"","overlay-color":"","overlay-opacity":"","overlay-gradient":""},"mobile":{"background-color":"","background-image":"","background-repeat":"repeat","background-position":"center center","background-size":"auto","background-attachment":"scroll","background-type":"","background-media":"","overlay-type":"","overlay-color":"","overlay-opacity":"","overlay-gradient":""}},"ast-content-background-meta":{"desktop":{"background-color":"var(--ast-global-color-5)","background-image":"","background-repeat":"repeat","background-position":"center center","background-size":"auto","background-attachment":"scroll","background-type":"","background-media":"","overlay-type":"","overlay-color":"","overlay-opacity":"","overlay-gradient":""},"tablet":{"background-color":"var(--ast-global-color-5)","background-image":"","background-repeat":"repeat","background-position":"center center","background-size":"auto","background-attachment":"scroll","background-type":"","background-media":"","overlay-type":"","overlay-color":"","overlay-opacity":"","overlay-gradient":""},"mobile":{"background-color":"var(--ast-global-color-5)","background-image":"","background-repeat":"repeat","background-position":"center center","background-size":"auto","background-attachment":"scroll","background-type":"","background-media":"","overlay-type":"","overlay-color":"","overlay-opacity":"","overlay-gradient":""}},"footnotes":""},"class_list":["post-16487","page","type-page","status-publish","hentry"],"acf":[],"yoast_head":"<!-- This site is optimized with the Yoast SEO plugin v27.4 - https:\/\/yoast.com\/product\/yoast-seo-wordpress\/ -->\n<title>No hay env\u00edos directos a Suiza - EMDR Ger\u00e4t REMSTIM 3000 gegen Stress<\/title>\n<meta name=\"robots\" content=\"index, follow, max-snippet:-1, max-image-preview:large, max-video-preview:-1\" \/>\n<link rel=\"canonical\" href=\"https:\/\/remstim.com\/es\/remstim-3000\/no-hay-envios-directos-a-suiza\/\" \/>\n<meta property=\"og:locale\" content=\"es_ES\" \/>\n<meta property=\"og:type\" content=\"article\" \/>\n<meta property=\"og:title\" content=\"No hay env\u00edos directos a Suiza - EMDR Ger\u00e4t REMSTIM 3000 gegen Stress\" \/>\n<meta property=\"og:description\" content=\"No hay env\u00edo directo a Suiza, pero&#8230; Queridos suizos, Seguro que no le parece bien que no ofrezcamos env\u00edos directos a Suiza. Nos gustar\u00eda disculparnos por ello y, no obstante, pedimos su comprensi\u00f3n de inmediato. Nos complace mostrarle aqu\u00ed una soluci\u00f3n que muchos de sus compatriotas ya utilizan: Haga que le env\u00eden su pedido a [&hellip;]\" \/>\n<meta property=\"og:url\" content=\"https:\/\/remstim.com\/es\/remstim-3000\/no-hay-envios-directos-a-suiza\/\" \/>\n<meta property=\"og:site_name\" content=\"EMDR Ger\u00e4t REMSTIM 3000 gegen Stress\" \/>\n<meta property=\"article:modified_time\" content=\"2023-11-16T09:54:24+00:00\" \/>\n<meta property=\"og:image\" content=\"https:\/\/remstim.com\/wp-content\/uploads\/2020\/03\/Schweiz-Bern-705x1024.jpg\" \/>\n<meta name=\"twitter:label1\" content=\"Tiempo de lectura\" \/>\n\t<meta name=\"twitter:data1\" content=\"3 minutos\" \/>\n<script type=\"application\/ld+json\" class=\"yoast-schema-graph\">{\"@context\":\"https:\\\/\\\/schema.org\",\"@graph\":[{\"@type\":\"WebPage\",\"@id\":\"https:\\\/\\\/remstim.com\\\/es\\\/remstim-3000\\\/no-hay-envios-directos-a-suiza\\\/\",\"url\":\"https:\\\/\\\/remstim.com\\\/es\\\/remstim-3000\\\/no-hay-envios-directos-a-suiza\\\/\",\"name\":\"No hay env\u00edos directos a Suiza - EMDR Ger\u00e4t REMSTIM 3000 gegen Stress\",\"isPartOf\":{\"@id\":\"https:\\\/\\\/remstim.com\\\/es\\\/#website\"},\"primaryImageOfPage\":{\"@id\":\"https:\\\/\\\/remstim.com\\\/es\\\/remstim-3000\\\/no-hay-envios-directos-a-suiza\\\/#primaryimage\"},\"image\":{\"@id\":\"https:\\\/\\\/remstim.com\\\/es\\\/remstim-3000\\\/no-hay-envios-directos-a-suiza\\\/#primaryimage\"},\"thumbnailUrl\":\"https:\\\/\\\/remstim.com\\\/wp-content\\\/uploads\\\/2020\\\/03\\\/Schweiz-Bern-705x1024.jpg\",\"datePublished\":\"2018-11-09T10:28:57+00:00\",\"dateModified\":\"2023-11-16T09:54:24+00:00\",\"breadcrumb\":{\"@id\":\"https:\\\/\\\/remstim.com\\\/es\\\/remstim-3000\\\/no-hay-envios-directos-a-suiza\\\/#breadcrumb\"},\"inLanguage\":\"es\",\"potentialAction\":[{\"@type\":\"ReadAction\",\"target\":[\"https:\\\/\\\/remstim.com\\\/es\\\/remstim-3000\\\/no-hay-envios-directos-a-suiza\\\/\"]}]},{\"@type\":\"ImageObject\",\"inLanguage\":\"es\",\"@id\":\"https:\\\/\\\/remstim.com\\\/es\\\/remstim-3000\\\/no-hay-envios-directos-a-suiza\\\/#primaryimage\",\"url\":\"https:\\\/\\\/remstim.com\\\/wp-content\\\/uploads\\\/2020\\\/03\\\/Schweiz-Bern-705x1024.jpg\",\"contentUrl\":\"https:\\\/\\\/remstim.com\\\/wp-content\\\/uploads\\\/2020\\\/03\\\/Schweiz-Bern-705x1024.jpg\"},{\"@type\":\"BreadcrumbList\",\"@id\":\"https:\\\/\\\/remstim.com\\\/es\\\/remstim-3000\\\/no-hay-envios-directos-a-suiza\\\/#breadcrumb\",\"itemListElement\":[{\"@type\":\"ListItem\",\"position\":1,\"name\":\"Startseite\",\"item\":\"https:\\\/\\\/remstim.com\\\/es\\\/\"},{\"@type\":\"ListItem\",\"position\":2,\"name\":\"Gafas EMDR REMSTIM 3000\",\"item\":\"https:\\\/\\\/remstim.com\\\/es\\\/remstim-3000\\\/\"},{\"@type\":\"ListItem\",\"position\":3,\"name\":\"No hay env\u00edos directos a Suiza\"}]},{\"@type\":\"WebSite\",\"@id\":\"https:\\\/\\\/remstim.com\\\/es\\\/#website\",\"url\":\"https:\\\/\\\/remstim.com\\\/es\\\/\",\"name\":\"EMDR Ger\u00e4t REMSTIM 3000 gegen Stress\",\"description\":\"Wie wir schnell Entspannung finden.\",\"publisher\":{\"@id\":\"https:\\\/\\\/remstim.com\\\/es\\\/#organization\"},\"potentialAction\":[{\"@type\":\"SearchAction\",\"target\":{\"@type\":\"EntryPoint\",\"urlTemplate\":\"https:\\\/\\\/remstim.com\\\/es\\\/?s={search_term_string}\"},\"query-input\":{\"@type\":\"PropertyValueSpecification\",\"valueRequired\":true,\"valueName\":\"search_term_string\"}}],\"inLanguage\":\"es\"},{\"@type\":\"Organization\",\"@id\":\"https:\\\/\\\/remstim.com\\\/es\\\/#organization\",\"name\":\"EMDR Ger\u00e4t REMSTIM 3000 gegen Stress\",\"url\":\"https:\\\/\\\/remstim.com\\\/es\\\/\",\"logo\":{\"@type\":\"ImageObject\",\"inLanguage\":\"es\",\"@id\":\"https:\\\/\\\/remstim.com\\\/es\\\/#\\\/schema\\\/logo\\\/image\\\/\",\"url\":\"https:\\\/\\\/remstim.com\\\/wp-content\\\/uploads\\\/2012\\\/06\\\/REMSTIM-Logo-mit-Untertitel_orange-e1340382850185.png\",\"contentUrl\":\"https:\\\/\\\/remstim.com\\\/wp-content\\\/uploads\\\/2012\\\/06\\\/REMSTIM-Logo-mit-Untertitel_orange-e1340382850185.png\",\"width\":304,\"height\":80,\"caption\":\"EMDR Ger\u00e4t REMSTIM 3000 gegen Stress\"},\"image\":{\"@id\":\"https:\\\/\\\/remstim.com\\\/es\\\/#\\\/schema\\\/logo\\\/image\\\/\"}}]}<\/script>\n<!-- \/ Yoast SEO plugin. -->","yoast_head_json":{"title":"No hay env\u00edos directos a Suiza - EMDR Ger\u00e4t REMSTIM 3000 gegen Stress","robots":{"index":"index","follow":"follow","max-snippet":"max-snippet:-1","max-image-preview":"max-image-preview:large","max-video-preview":"max-video-preview:-1"},"canonical":"https:\/\/remstim.com\/es\/remstim-3000\/no-hay-envios-directos-a-suiza\/","og_locale":"es_ES","og_type":"article","og_title":"No hay env\u00edos directos a Suiza - EMDR Ger\u00e4t REMSTIM 3000 gegen Stress","og_description":"No hay env\u00edo directo a Suiza, pero&#8230; Queridos suizos, Seguro que no le parece bien que no ofrezcamos env\u00edos directos a Suiza. Nos gustar\u00eda disculparnos por ello y, no obstante, pedimos su comprensi\u00f3n de inmediato. Nos complace mostrarle aqu\u00ed una soluci\u00f3n que muchos de sus compatriotas ya utilizan: Haga que le env\u00eden su pedido a [&hellip;]","og_url":"https:\/\/remstim.com\/es\/remstim-3000\/no-hay-envios-directos-a-suiza\/","og_site_name":"EMDR Ger\u00e4t REMSTIM 3000 gegen Stress","article_modified_time":"2023-11-16T09:54:24+00:00","og_image":[{"url":"https:\/\/remstim.com\/wp-content\/uploads\/2020\/03\/Schweiz-Bern-705x1024.jpg","type":"","width":"","height":""}],"twitter_misc":{"Tiempo de lectura":"3 minutos"},"schema":{"@context":"https:\/\/schema.org","@graph":[{"@type":"WebPage","@id":"https:\/\/remstim.com\/es\/remstim-3000\/no-hay-envios-directos-a-suiza\/","url":"https:\/\/remstim.com\/es\/remstim-3000\/no-hay-envios-directos-a-suiza\/","name":"No hay env\u00edos directos a Suiza - EMDR Ger\u00e4t REMSTIM 3000 gegen Stress","isPartOf":{"@id":"https:\/\/remstim.com\/es\/#website"},"primaryImageOfPage":{"@id":"https:\/\/remstim.com\/es\/remstim-3000\/no-hay-envios-directos-a-suiza\/#primaryimage"},"image":{"@id":"https:\/\/remstim.com\/es\/remstim-3000\/no-hay-envios-directos-a-suiza\/#primaryimage"},"thumbnailUrl":"https:\/\/remstim.com\/wp-content\/uploads\/2020\/03\/Schweiz-Bern-705x1024.jpg","datePublished":"2018-11-09T10:28:57+00:00","dateModified":"2023-11-16T09:54:24+00:00","breadcrumb":{"@id":"https:\/\/remstim.com\/es\/remstim-3000\/no-hay-envios-directos-a-suiza\/#breadcrumb"},"inLanguage":"es","potentialAction":[{"@type":"ReadAction","target":["https:\/\/remstim.com\/es\/remstim-3000\/no-hay-envios-directos-a-suiza\/"]}]},{"@type":"ImageObject","inLanguage":"es","@id":"https:\/\/remstim.com\/es\/remstim-3000\/no-hay-envios-directos-a-suiza\/#primaryimage","url":"https:\/\/remstim.com\/wp-content\/uploads\/2020\/03\/Schweiz-Bern-705x1024.jpg","contentUrl":"https:\/\/remstim.com\/wp-content\/uploads\/2020\/03\/Schweiz-Bern-705x1024.jpg"},{"@type":"BreadcrumbList","@id":"https:\/\/remstim.com\/es\/remstim-3000\/no-hay-envios-directos-a-suiza\/#breadcrumb","itemListElement":[{"@type":"ListItem","position":1,"name":"Startseite","item":"https:\/\/remstim.com\/es\/"},{"@type":"ListItem","position":2,"name":"Gafas EMDR REMSTIM 3000","item":"https:\/\/remstim.com\/es\/remstim-3000\/"},{"@type":"ListItem","position":3,"name":"No hay env\u00edos directos a Suiza"}]},{"@type":"WebSite","@id":"https:\/\/remstim.com\/es\/#website","url":"https:\/\/remstim.com\/es\/","name":"EMDR Ger\u00e4t REMSTIM 3000 gegen Stress","description":"Wie wir schnell Entspannung finden.","publisher":{"@id":"https:\/\/remstim.com\/es\/#organization"},"potentialAction":[{"@type":"SearchAction","target":{"@type":"EntryPoint","urlTemplate":"https:\/\/remstim.com\/es\/?s={search_term_string}"},"query-input":{"@type":"PropertyValueSpecification","valueRequired":true,"valueName":"search_term_string"}}],"inLanguage":"es"},{"@type":"Organization","@id":"https:\/\/remstim.com\/es\/#organization","name":"EMDR Ger\u00e4t REMSTIM 3000 gegen Stress","url":"https:\/\/remstim.com\/es\/","logo":{"@type":"ImageObject","inLanguage":"es","@id":"https:\/\/remstim.com\/es\/#\/schema\/logo\/image\/","url":"https:\/\/remstim.com\/wp-content\/uploads\/2012\/06\/REMSTIM-Logo-mit-Untertitel_orange-e1340382850185.png","contentUrl":"https:\/\/remstim.com\/wp-content\/uploads\/2012\/06\/REMSTIM-Logo-mit-Untertitel_orange-e1340382850185.png","width":304,"height":80,"caption":"EMDR Ger\u00e4t REMSTIM 3000 gegen Stress"},"image":{"@id":"https:\/\/remstim.com\/es\/#\/schema\/logo\/image\/"}}]}},"_links":{"self":[{"href":"https:\/\/remstim.com\/es\/wp-json\/wp\/v2\/pages\/16487","targetHints":{"allow":["GET"]}}],"collection":[{"href":"https:\/\/remstim.com\/es\/wp-json\/wp\/v2\/pages"}],"about":[{"href":"https:\/\/remstim.com\/es\/wp-json\/wp\/v2\/types\/page"}],"author":[{"embeddable":true,"href":"https:\/\/remstim.com\/es\/wp-json\/wp\/v2\/users\/1"}],"replies":[{"embeddable":true,"href":"https:\/\/remstim.com\/es\/wp-json\/wp\/v2\/comments?post=16487"}],"version-history":[{"count":1,"href":"https:\/\/remstim.com\/es\/wp-json\/wp\/v2\/pages\/16487\/revisions"}],"predecessor-version":[{"id":25837,"href":"https:\/\/remstim.com\/es\/wp-json\/wp\/v2\/pages\/16487\/revisions\/25837"}],"up":[{"embeddable":true,"href":"https:\/\/remstim.com\/es\/wp-json\/wp\/v2\/pages\/16433"}],"wp:attachment":[{"href":"https:\/\/remstim.com\/es\/wp-json\/wp\/v2\/media?parent=16487"}],"curies":[{"name":"wp","href":"https:\/\/api.w.org\/{rel}","templated":true}]}}