{"id":24289,"date":"2023-09-28T08:33:36","date_gmt":"2023-09-28T08:33:36","guid":{"rendered":"https:\/\/remstim.de\/remstim-3000\/agb-condiciones-generales\/"},"modified":"2023-09-28T08:48:44","modified_gmt":"2023-09-28T08:48:44","slug":"condiciones-generales","status":"publish","type":"page","link":"https:\/\/remstim.com\/es\/pie-de-imprenta\/condiciones-generales\/","title":{"rendered":"Condiciones generales"},"content":{"rendered":"<h1>Condiciones generales<\/h1>\n<h3>\u00a7 1 Aplicabilidad, definiciones de t\u00e9rminos<\/h3>\n<p>(1) Thomas Buhl, Am Dachsbau 59, 13503 Berl\u00edn, Alemania (en adelante: &#8220;nosotros&#8221; o &#8220;Thomas Buhl&#8221;) opera una tienda online de productos bajo el sitio web https:\/\/remstim.com. Las siguientes Condiciones Generales se aplican a todos los servicios entre nosotros y nuestros clientes (en adelante: &#8220;Cliente&#8221; o &#8220;usted&#8221;) en la versi\u00f3n v\u00e1lida en el momento del pedido, a menos que se acuerde expresamente lo contrario.<\/p>\n<p>(2) &#8220;Consumidor&#8221; en el sentido de las presentes Condiciones Generales es toda persona f\u00edsica que celebre un negocio jur\u00eddico con fines que no puedan atribuirse predominantemente ni a su actividad comercial ni a su actividad profesional independiente. &#8220;Empresario&#8221; es una persona f\u00edsica o jur\u00eddica o una sociedad con capacidad jur\u00eddica que, al celebrar un negocio jur\u00eddico, act\u00faa en el ejercicio de su actividad comercial, empresarial o profesional, o por cuenta propia, siendo una sociedad con capacidad jur\u00eddica una sociedad dotada de capacidad para adquirir derechos y contraer obligaciones.<\/p>\n<h3>\u00a7 2 Celebraci\u00f3n de contratos, almacenamiento del texto del contrato<\/h3>\n<p>(1) Las siguientes normas sobre la celebraci\u00f3n de contratos se aplican a los pedidos realizados a trav\u00e9s de nuestra tienda en l\u00ednea en https:\/\/remstim.com.<\/p>\n<p>(2) Nuestras presentaciones de productos en Internet no son vinculantes y no constituyen una oferta vinculante para celebrar un contrato.<\/p>\n<p>(3) Al recibir un pedido en nuestra tienda en l\u00ednea, se aplican las siguientes normas: El cliente realiza una oferta vinculante para celebrar un contrato completando con \u00e9xito el procedimiento de pedido previsto en nuestra tienda online. El pedido se realiza en los siguientes pasos:<\/p>\n<ol>\n<li>Selecci\u00f3n de la mercanc\u00eda deseada,<\/li>\n<li>Comprobaci\u00f3n de los datos de la mercanc\u00eda,<\/li>\n<li>Selecci\u00f3n del m\u00e9todo de pago, si procede. Inscripci\u00f3n\/verificaci\u00f3n de la direcci\u00f3n y los datos de contacto, confirmaci\u00f3n de las CGC y de la pol\u00edtica de cancelaci\u00f3n,<\/li>\n<li>Si la calidad acordada de la mercanc\u00eda se desv\u00eda de su calidad y condiciones de uso habituales, confirmaci\u00f3n de un acuerdo de calidad negativo,<\/li>\n<li>Finalizaci\u00f3n del pedido pulsando el bot\u00f3n &#8220;Comprar&#8221; o &#8220;Pedido sujeto a pago&#8221;. Esto constituye su pedido vinculante.<\/li>\n<li>El contrato se perfeccionar\u00e1 cuando reciba una confirmaci\u00f3n de pedido por nuestra parte en un plazo de tres d\u00edas laborables a la direcci\u00f3n de correo electr\u00f3nico facilitada.<\/li>\n<\/ol>\n<p>(4) En caso de celebraci\u00f3n de un contrato, \u00e9ste se celebrar\u00e1 con Thomas Buhl, Am Dachsbau 59, 13503 Berl\u00edn, Alemania.<\/p>\n<p>(5) Antes de realizar el pedido, los datos del contrato pueden imprimirse o guardarse electr\u00f3nicamente mediante la funci\u00f3n de impresi\u00f3n del navegador. La tramitaci\u00f3n del pedido y la transmisi\u00f3n de toda la informaci\u00f3n necesaria en relaci\u00f3n con la celebraci\u00f3n del contrato, en particular los datos del pedido, las Condiciones Generales y la pol\u00edtica de cancelaci\u00f3n, se realizar\u00e1n por correo electr\u00f3nico una vez que usted haya realizado el pedido, en parte de forma autom\u00e1tica. No almacenamos el texto del contrato una vez celebrado.<\/p>\n<p>(6) Los errores de entrada pueden corregirse mediante las funciones habituales del teclado, el rat\u00f3n y el navegador (por ejemplo, el &#8220;bot\u00f3n atr\u00e1s&#8221; del navegador). Tambi\u00e9n pueden corregirse cancelando prematuramente el proceso de pedido, cerrando la ventana del navegador y repitiendo el proceso.<\/p>\n<p>(7) La tramitaci\u00f3n del pedido y la transmisi\u00f3n de toda la informaci\u00f3n necesaria en relaci\u00f3n con la celebraci\u00f3n del contrato se realizar\u00e1n por correo electr\u00f3nico, en parte de forma autom\u00e1tica. Por lo tanto, debe asegurarse de que la direcci\u00f3n de correo electr\u00f3nico que nos ha facilitado es correcta, de que la recepci\u00f3n de los mensajes est\u00e1 t\u00e9cnicamente garantizada y, en particular, de que no lo impiden los filtros de SPAM.<\/p>\n<h3>\u00a7 3 Objeto del contrato y caracter\u00edsticas esenciales de los productos<\/h3>\n<p>(1) En el caso de nuestra tienda online, el objeto del contrato es:<\/p>\n<ol style=\"list-style-type: lower-alpha;\">\n<li>La venta de bienes. En nuestras p\u00e1ginas de art\u00edculos podr\u00e1 ver los productos que se ofrecen.<\/li>\n<\/ol>\n<p>(2) Las caracter\u00edsticas esenciales de la mercanc\u00eda figuran en la descripci\u00f3n del art\u00edculo. Si la calidad acordada de la mercanc\u00eda se desv\u00eda de su calidad y condiciones de uso habituales, se indicar\u00e1 expresamente en la descripci\u00f3n del art\u00edculo (acuerdo de calidad negativo). En la medida en que el cliente haya dado su consentimiento expreso a la desviaci\u00f3n negativa de la calidad, \u00e9sta define el objeto del contrato.<\/p>\n<h3>\u00a7 4 Precios, gastos de env\u00edo y entrega<\/h3>\n<p>(1) Los precios indicados en las respectivas ofertas, as\u00ed como los gastos de env\u00edo, son precios totales e incluyen todos los componentes del precio, incluidos todos los impuestos aplicables.<\/p>\n<p>(2) El precio de compra correspondiente deber\u00e1 abonarse antes de la entrega del producto (pago por adelantado), a menos que ofrezcamos expresamente la compra a cuenta. Los m\u00e9todos de pago disponibles se muestran en el bot\u00f3n correspondiente de la tienda en l\u00ednea o en la oferta correspondiente. Salvo que se indique lo contrario en las distintas modalidades de pago, las solicitudes de pago deben abonarse inmediatamente.<\/p>\n<p>(3) Adem\u00e1s de los precios indicados, se incurre en gastos de env\u00edo por la entrega de los productos, a menos que el art\u00edculo correspondiente se indique como libre de gastos de env\u00edo. Los gastos de env\u00edo se indican en las <a href=\"https:\/\/remstim.com\/es\/remstim-3000\/condiciones-de-envio-y-entrega\/\">condiciones de env\u00edo y entrega<\/a>. Los gastos de env\u00edo se le volver\u00e1n a comunicar claramente en las ofertas, si procede en el sistema de cesta de la compra y\/o en el resumen del pedido.<\/p>\n<p>(4) Todos los productos ofrecidos est\u00e1n, salvo que se indique claramente lo contrario en la descripci\u00f3n del producto, listos para su env\u00edo inmediato y le ser\u00e1n enviados de acuerdo con los <a href=\"https:\/\/remstim.com\/es\/remstim-3000\/condiciones-de-envio-y-entrega\/\">plazos de<\/a> entrega tras la recepci\u00f3n del pago.<\/p>\n<p>(5) Se aplican las siguientes restricciones de zona de entrega: La entrega se realiza en los siguientes pa\u00edses: Alemania, Austria, B\u00e9lgica, Espa\u00f1a, Francia, Italia, Luxemburgo, Pa\u00edses Bajos y Polonia.<\/p>\n<h3>\u00a7 5 Derecho de retenci\u00f3n, retenci\u00f3n de la titularidad<\/h3>\n<p>(1) S\u00f3lo podr\u00e1 ejercer un derecho de retenci\u00f3n en la medida en que se refiera a reclamaciones de la misma relaci\u00f3n contractual.<\/p>\n<p>(2) La mercanc\u00eda sigue siendo de nuestra propiedad hasta el pago \u00edntegro del precio de compra.<\/p>\n<h3>\u00a7 6 Derecho de retractaci\u00f3n<\/h3>\n<p>Como consumidor, usted tiene derecho de desistimiento. Esto se rige por nuestra <a href=\"https:\/\/remstim.com\/es\/remstim-3000\/politica-de-anulacion\/\">pol\u00edtica de cancelaci\u00f3n<\/a>.<\/p>\n<h3>\u00a7 7 Responsabilidad<\/h3>\n<p>(1) Sujeto a las siguientes excepciones, nuestra responsabilidad por incumplimientos contractuales y por actos il\u00edcitos se limitar\u00e1 a dolo o negligencia grave.<\/p>\n<p>(2) Seremos responsables sin limitaci\u00f3n en caso de negligencia leve en caso de lesi\u00f3n de la vida, la integridad f\u00edsica o la salud o en caso de incumplimiento de una obligaci\u00f3n contractual esencial. Si incurrimos en mora por negligencia leve, si el cumplimiento se ha hecho imposible o si hemos incumplido una obligaci\u00f3n contractual esencial, la responsabilidad por da\u00f1os materiales y perjuicios econ\u00f3micos imputables a los mismos se limitar\u00e1 a los <strong>da\u00f1os previsibles t\u00edpicos del contrato<\/strong>. Una obligaci\u00f3n contractual esencial es una obligaci\u00f3n cuyo cumplimiento hace posible en primer lugar la correcta ejecuci\u00f3n del contrato, cuyo incumplimiento pone en peligro la consecuci\u00f3n del objeto del contrato y en cuya observancia usted puede confiar regularmente. Esto incluye, en particular, nuestro deber de actuar y cumplir con la prestaci\u00f3n debida en virtud del contrato, que se describe en el \u00a7 3.<\/p>\n<h3>\u00a7 8 Lenguaje contractual<\/h3>\n<p>S\u00f3lo est\u00e1 disponible el alem\u00e1n como lengua contractual. En aras de la simplicidad y la comprensi\u00f3n, tambi\u00e9n ofrecemos las CGC en otros idiomas.<\/p>\n<h3>\u00a7 9 Garant\u00eda<\/h3>\n<p>(1) La garant\u00eda se regir\u00e1 por las disposiciones legales.<\/p>\n<p>(2) Como consumidor, le rogamos que compruebe la integridad, los defectos evidentes y los da\u00f1os de transporte del art\u00edculo\/producto digital o del servicio prestado inmediatamente despu\u00e9s de la ejecuci\u00f3n del contrato, y que nos notifique a nosotros y al transportista cualquier reclamaci\u00f3n lo antes posible. Si no lo hace, ello no afectar\u00e1 a sus derechos de garant\u00eda.<\/p>\n<h3>\u00a7 10 Disposiciones finales\/Resoluci\u00f3n de litigios<\/h3>\n<p>(1) Se aplicar\u00e1 la legislaci\u00f3n alemana. En el caso de los consumidores, esta elecci\u00f3n de ley s\u00f3lo se aplicar\u00e1 en la medida en que no se suprima la protecci\u00f3n concedida por las disposiciones imperativas de la ley del Estado de la residencia habitual del consumidor (principio de favorabilidad).<\/p>\n<p>(2) No se aplicar\u00e1n expresamente las disposiciones de la Convenci\u00f3n de las Naciones Unidas sobre los Contratos de Compraventa Internacional de Mercader\u00edas.<\/p>\n<p>(3) Si el Cliente es un comerciante, una persona jur\u00eddica de derecho p\u00fablico o un patrimonio especial de derecho p\u00fablico, el fuero competente para todos los litigios derivados de las relaciones contractuales entre el Cliente y la Entidad Adjudicadora ser\u00e1 el domicilio social de la Entidad Adjudicadora.<\/p>\n<p>(4)  <strong>Resoluci\u00f3n alternativa de litigios de conformidad con el art. 14 p\u00e1rr. 1 Reglamento ODR y \u00a7 36 VSBG:<\/strong>  La Comisi\u00f3n Europea ofrece una plataforma para la resoluci\u00f3n de litigios en l\u00ednea (ODR), que puede encontrar en <a href=\"http:\/\/ec.europa.eu\/consumers\/odr\/\" target=\"_blank\" rel=\"noopener noreferrer\">http:\/\/ec.europa.eu\/consumers\/odr\/.<\/a>  No estamos obligados a participar en un procedimiento de resoluci\u00f3n de litigios ante una junta arbitral de consumo y, por lo general, no estamos dispuestos a hacerlo.<\/p>\n","protected":false},"excerpt":{"rendered":"<p>Condiciones generales \u00a7 1 Aplicabilidad, definiciones de t\u00e9rminos (1) Thomas Buhl, Am Dachsbau 59, 13503 Berl\u00edn, Alemania (en adelante: &#8220;nosotros&#8221; o &#8220;Thomas Buhl&#8221;) opera una tienda online de productos bajo el sitio web https:\/\/remstim.com. Las siguientes Condiciones Generales se aplican a todos los servicios entre nosotros y nuestros clientes (en adelante: &#8220;Cliente&#8221; o &#8220;usted&#8221;) en [&hellip;]<\/p>\n","protected":false},"author":1,"featured_media":0,"parent":16431,"menu_order":0,"comment_status":"closed","ping_status":"closed","template":"","meta":{"_acf_changed":false,"site-sidebar-layout":"default","site-content-layout":"","ast-site-content-layout":"default","site-content-style":"default","site-sidebar-style":"default","ast-global-header-display":"","ast-banner-title-visibility":"","ast-main-header-display":"","ast-hfb-above-header-display":"","ast-hfb-below-header-display":"","ast-hfb-mobile-header-display":"","site-post-title":"","ast-breadcrumbs-content":"","ast-featured-img":"","footer-sml-layout":"","ast-disable-related-posts":"","theme-transparent-header-meta":"default","adv-header-id-meta":"","stick-header-meta":"default","header-above-stick-meta":"","header-main-stick-meta":"","header-below-stick-meta":"","astra-migrate-meta-layouts":"set","ast-page-background-enabled":"default","ast-page-background-meta":{"desktop":{"background-color":"var(--ast-global-color-4)","background-image":"","background-repeat":"repeat","background-position":"center center","background-size":"auto","background-attachment":"scroll","background-type":"","background-media":"","overlay-type":"","overlay-color":"","overlay-opacity":"","overlay-gradient":""},"tablet":{"background-color":"","background-image":"","background-repeat":"repeat","background-position":"center center","background-size":"auto","background-attachment":"scroll","background-type":"","background-media":"","overlay-type":"","overlay-color":"","overlay-opacity":"","overlay-gradient":""},"mobile":{"background-color":"","background-image":"","background-repeat":"repeat","background-position":"center center","background-size":"auto","background-attachment":"scroll","background-type":"","background-media":"","overlay-type":"","overlay-color":"","overlay-opacity":"","overlay-gradient":""}},"ast-content-background-meta":{"desktop":{"background-color":"var(--ast-global-color-5)","background-image":"","background-repeat":"repeat","background-position":"center center","background-size":"auto","background-attachment":"scroll","background-type":"","background-media":"","overlay-type":"","overlay-color":"","overlay-opacity":"","overlay-gradient":""},"tablet":{"background-color":"var(--ast-global-color-5)","background-image":"","background-repeat":"repeat","background-position":"center center","background-size":"auto","background-attachment":"scroll","background-type":"","background-media":"","overlay-type":"","overlay-color":"","overlay-opacity":"","overlay-gradient":""},"mobile":{"background-color":"var(--ast-global-color-5)","background-image":"","background-repeat":"repeat","background-position":"center center","background-size":"auto","background-attachment":"scroll","background-type":"","background-media":"","overlay-type":"","overlay-color":"","overlay-opacity":"","overlay-gradient":""}},"footnotes":""},"class_list":["post-24289","page","type-page","status-publish","hentry"],"acf":[],"yoast_head":"<!-- This site is optimized with the Yoast SEO plugin v27.3 - https:\/\/yoast.com\/product\/yoast-seo-wordpress\/ -->\n<title>Condiciones generales - EMDR Ger\u00e4t REMSTIM 3000 gegen Stress<\/title>\n<meta name=\"robots\" content=\"noindex, follow\" \/>\n<meta property=\"og:locale\" content=\"es_ES\" \/>\n<meta property=\"og:type\" content=\"article\" \/>\n<meta property=\"og:title\" content=\"Condiciones generales - EMDR Ger\u00e4t REMSTIM 3000 gegen Stress\" \/>\n<meta property=\"og:description\" content=\"Condiciones generales \u00a7 1 Aplicabilidad, definiciones de t\u00e9rminos (1) Thomas Buhl, Am Dachsbau 59, 13503 Berl\u00edn, Alemania (en adelante: &#8220;nosotros&#8221; o &#8220;Thomas Buhl&#8221;) opera una tienda online de productos bajo el sitio web https:\/\/remstim.com. Las siguientes Condiciones Generales se aplican a todos los servicios entre nosotros y nuestros clientes (en adelante: &#8220;Cliente&#8221; o &#8220;usted&#8221;) en [&hellip;]\" \/>\n<meta property=\"og:url\" content=\"https:\/\/remstim.com\/es\/pie-de-imprenta\/condiciones-generales\/\" \/>\n<meta property=\"og:site_name\" content=\"EMDR Ger\u00e4t REMSTIM 3000 gegen Stress\" \/>\n<meta property=\"article:modified_time\" content=\"2023-09-28T08:48:44+00:00\" \/>\n<meta name=\"twitter:label1\" content=\"Tiempo de lectura\" \/>\n\t<meta name=\"twitter:data1\" content=\"9 minutos\" \/>\n<script type=\"application\/ld+json\" class=\"yoast-schema-graph\">{\"@context\":\"https:\\\/\\\/schema.org\",\"@graph\":[{\"@type\":\"WebPage\",\"@id\":\"https:\\\/\\\/remstim.com\\\/es\\\/pie-de-imprenta\\\/condiciones-generales\\\/\",\"url\":\"https:\\\/\\\/remstim.com\\\/es\\\/pie-de-imprenta\\\/condiciones-generales\\\/\",\"name\":\"Condiciones generales - EMDR Ger\u00e4t REMSTIM 3000 gegen Stress\",\"isPartOf\":{\"@id\":\"https:\\\/\\\/remstim.com\\\/es\\\/#website\"},\"datePublished\":\"2023-09-28T08:33:36+00:00\",\"dateModified\":\"2023-09-28T08:48:44+00:00\",\"breadcrumb\":{\"@id\":\"https:\\\/\\\/remstim.com\\\/es\\\/pie-de-imprenta\\\/condiciones-generales\\\/#breadcrumb\"},\"inLanguage\":\"es\",\"potentialAction\":[{\"@type\":\"ReadAction\",\"target\":[\"https:\\\/\\\/remstim.com\\\/es\\\/pie-de-imprenta\\\/condiciones-generales\\\/\"]}]},{\"@type\":\"BreadcrumbList\",\"@id\":\"https:\\\/\\\/remstim.com\\\/es\\\/pie-de-imprenta\\\/condiciones-generales\\\/#breadcrumb\",\"itemListElement\":[{\"@type\":\"ListItem\",\"position\":1,\"name\":\"Startseite\",\"item\":\"https:\\\/\\\/remstim.com\\\/es\\\/\"},{\"@type\":\"ListItem\",\"position\":2,\"name\":\"Aviso legal\",\"item\":\"https:\\\/\\\/remstim.com\\\/es\\\/pie-de-imprenta\\\/\"},{\"@type\":\"ListItem\",\"position\":3,\"name\":\"Condiciones generales\"}]},{\"@type\":\"WebSite\",\"@id\":\"https:\\\/\\\/remstim.com\\\/es\\\/#website\",\"url\":\"https:\\\/\\\/remstim.com\\\/es\\\/\",\"name\":\"EMDR Ger\u00e4t REMSTIM 3000 gegen Stress\",\"description\":\"Wie wir schnell Entspannung finden.\",\"publisher\":{\"@id\":\"https:\\\/\\\/remstim.com\\\/es\\\/#organization\"},\"potentialAction\":[{\"@type\":\"SearchAction\",\"target\":{\"@type\":\"EntryPoint\",\"urlTemplate\":\"https:\\\/\\\/remstim.com\\\/es\\\/?s={search_term_string}\"},\"query-input\":{\"@type\":\"PropertyValueSpecification\",\"valueRequired\":true,\"valueName\":\"search_term_string\"}}],\"inLanguage\":\"es\"},{\"@type\":\"Organization\",\"@id\":\"https:\\\/\\\/remstim.com\\\/es\\\/#organization\",\"name\":\"EMDR Ger\u00e4t REMSTIM 3000 gegen Stress\",\"url\":\"https:\\\/\\\/remstim.com\\\/es\\\/\",\"logo\":{\"@type\":\"ImageObject\",\"inLanguage\":\"es\",\"@id\":\"https:\\\/\\\/remstim.com\\\/es\\\/#\\\/schema\\\/logo\\\/image\\\/\",\"url\":\"https:\\\/\\\/remstim.com\\\/wp-content\\\/uploads\\\/2012\\\/06\\\/REMSTIM-Logo-mit-Untertitel_orange-e1340382850185.png\",\"contentUrl\":\"https:\\\/\\\/remstim.com\\\/wp-content\\\/uploads\\\/2012\\\/06\\\/REMSTIM-Logo-mit-Untertitel_orange-e1340382850185.png\",\"width\":304,\"height\":80,\"caption\":\"EMDR Ger\u00e4t REMSTIM 3000 gegen Stress\"},\"image\":{\"@id\":\"https:\\\/\\\/remstim.com\\\/es\\\/#\\\/schema\\\/logo\\\/image\\\/\"}}]}<\/script>\n<!-- \/ Yoast SEO plugin. -->","yoast_head_json":{"title":"Condiciones generales - EMDR Ger\u00e4t REMSTIM 3000 gegen Stress","robots":{"index":"noindex","follow":"follow"},"og_locale":"es_ES","og_type":"article","og_title":"Condiciones generales - EMDR Ger\u00e4t REMSTIM 3000 gegen Stress","og_description":"Condiciones generales \u00a7 1 Aplicabilidad, definiciones de t\u00e9rminos (1) Thomas Buhl, Am Dachsbau 59, 13503 Berl\u00edn, Alemania (en adelante: &#8220;nosotros&#8221; o &#8220;Thomas Buhl&#8221;) opera una tienda online de productos bajo el sitio web https:\/\/remstim.com. Las siguientes Condiciones Generales se aplican a todos los servicios entre nosotros y nuestros clientes (en adelante: &#8220;Cliente&#8221; o &#8220;usted&#8221;) en [&hellip;]","og_url":"https:\/\/remstim.com\/es\/pie-de-imprenta\/condiciones-generales\/","og_site_name":"EMDR Ger\u00e4t REMSTIM 3000 gegen Stress","article_modified_time":"2023-09-28T08:48:44+00:00","twitter_misc":{"Tiempo de lectura":"9 minutos"},"schema":{"@context":"https:\/\/schema.org","@graph":[{"@type":"WebPage","@id":"https:\/\/remstim.com\/es\/pie-de-imprenta\/condiciones-generales\/","url":"https:\/\/remstim.com\/es\/pie-de-imprenta\/condiciones-generales\/","name":"Condiciones generales - EMDR Ger\u00e4t REMSTIM 3000 gegen Stress","isPartOf":{"@id":"https:\/\/remstim.com\/es\/#website"},"datePublished":"2023-09-28T08:33:36+00:00","dateModified":"2023-09-28T08:48:44+00:00","breadcrumb":{"@id":"https:\/\/remstim.com\/es\/pie-de-imprenta\/condiciones-generales\/#breadcrumb"},"inLanguage":"es","potentialAction":[{"@type":"ReadAction","target":["https:\/\/remstim.com\/es\/pie-de-imprenta\/condiciones-generales\/"]}]},{"@type":"BreadcrumbList","@id":"https:\/\/remstim.com\/es\/pie-de-imprenta\/condiciones-generales\/#breadcrumb","itemListElement":[{"@type":"ListItem","position":1,"name":"Startseite","item":"https:\/\/remstim.com\/es\/"},{"@type":"ListItem","position":2,"name":"Aviso legal","item":"https:\/\/remstim.com\/es\/pie-de-imprenta\/"},{"@type":"ListItem","position":3,"name":"Condiciones generales"}]},{"@type":"WebSite","@id":"https:\/\/remstim.com\/es\/#website","url":"https:\/\/remstim.com\/es\/","name":"EMDR Ger\u00e4t REMSTIM 3000 gegen Stress","description":"Wie wir schnell Entspannung finden.","publisher":{"@id":"https:\/\/remstim.com\/es\/#organization"},"potentialAction":[{"@type":"SearchAction","target":{"@type":"EntryPoint","urlTemplate":"https:\/\/remstim.com\/es\/?s={search_term_string}"},"query-input":{"@type":"PropertyValueSpecification","valueRequired":true,"valueName":"search_term_string"}}],"inLanguage":"es"},{"@type":"Organization","@id":"https:\/\/remstim.com\/es\/#organization","name":"EMDR Ger\u00e4t REMSTIM 3000 gegen Stress","url":"https:\/\/remstim.com\/es\/","logo":{"@type":"ImageObject","inLanguage":"es","@id":"https:\/\/remstim.com\/es\/#\/schema\/logo\/image\/","url":"https:\/\/remstim.com\/wp-content\/uploads\/2012\/06\/REMSTIM-Logo-mit-Untertitel_orange-e1340382850185.png","contentUrl":"https:\/\/remstim.com\/wp-content\/uploads\/2012\/06\/REMSTIM-Logo-mit-Untertitel_orange-e1340382850185.png","width":304,"height":80,"caption":"EMDR Ger\u00e4t REMSTIM 3000 gegen Stress"},"image":{"@id":"https:\/\/remstim.com\/es\/#\/schema\/logo\/image\/"}}]}},"_links":{"self":[{"href":"https:\/\/remstim.com\/es\/wp-json\/wp\/v2\/pages\/24289","targetHints":{"allow":["GET"]}}],"collection":[{"href":"https:\/\/remstim.com\/es\/wp-json\/wp\/v2\/pages"}],"about":[{"href":"https:\/\/remstim.com\/es\/wp-json\/wp\/v2\/types\/page"}],"author":[{"embeddable":true,"href":"https:\/\/remstim.com\/es\/wp-json\/wp\/v2\/users\/1"}],"replies":[{"embeddable":true,"href":"https:\/\/remstim.com\/es\/wp-json\/wp\/v2\/comments?post=24289"}],"version-history":[{"count":0,"href":"https:\/\/remstim.com\/es\/wp-json\/wp\/v2\/pages\/24289\/revisions"}],"up":[{"embeddable":true,"href":"https:\/\/remstim.com\/es\/wp-json\/wp\/v2\/pages\/16431"}],"wp:attachment":[{"href":"https:\/\/remstim.com\/es\/wp-json\/wp\/v2\/media?parent=24289"}],"curies":[{"name":"wp","href":"https:\/\/api.w.org\/{rel}","templated":true}]}}