{"id":28828,"date":"2026-04-27T10:23:37","date_gmt":"2026-04-27T10:23:37","guid":{"rendered":"https:\/\/remstim.com\/modulo-3-1-comprender-los-movimientos-oculares\/"},"modified":"2026-04-27T10:23:37","modified_gmt":"2026-04-27T10:23:37","slug":"modulo-3-1-comprender-los-movimientos-oculares","status":"publish","type":"page","link":"https:\/\/remstim.com\/es\/modulo-3-1-comprender-los-movimientos-oculares\/","title":{"rendered":"M\u00f3dulo 3.1 \u2013 Comprender los movimientos oculares"},"content":{"rendered":"<div class=\"responsive-bild-template\">\n<p><img decoding=\"async\" class=\"responsive-bild\" src=\"https:\/\/remstim.com\/wp-content\/uploads\/2026\/04\/Modul_3_1-\u2013-Augenbewegungen-verstehen_cover_v2.jpg\" alt=\"\"><\/p>\n<div class=\"responsive-template\">\t\t<div data-elementor-type=\"section\" data-elementor-id=\"28720\" class=\"elementor elementor-28720 elementor-28456\" data-elementor-post-type=\"elementor_library\">\n\t\t\t\t\t<section class=\"elementor-section elementor-top-section elementor-element elementor-element-3780c2cc elementor-section-boxed elementor-section-height-default elementor-section-height-default\" data-id=\"3780c2cc\" data-element_type=\"section\" data-e-type=\"section\">\n\t\t\t\t\t\t<div class=\"elementor-container elementor-column-gap-no\">\n\t\t\t\t\t<div class=\"elementor-column elementor-col-100 elementor-top-column elementor-element elementor-element-42ef232c\" data-id=\"42ef232c\" data-element_type=\"column\" data-e-type=\"column\">\n\t\t\t<div class=\"elementor-widget-wrap elementor-element-populated\">\n\t\t\t\t\t\t<section class=\"elementor-section elementor-inner-section elementor-element elementor-element-9c01e0 elementor-section-boxed elementor-section-height-default elementor-section-height-default\" data-id=\"9c01e0\" data-element_type=\"section\" data-e-type=\"section\" data-settings=\"{&quot;background_background&quot;:&quot;classic&quot;}\">\n\t\t\t\t\t\t<div class=\"elementor-container elementor-column-gap-default\">\n\t\t\t\t\t<div class=\"elementor-column elementor-col-100 elementor-inner-column elementor-element elementor-element-5513bd91\" data-id=\"5513bd91\" data-element_type=\"column\" data-e-type=\"column\" data-settings=\"{&quot;background_background&quot;:&quot;classic&quot;}\">\n\t\t\t<div class=\"elementor-widget-wrap elementor-element-populated\">\n\t\t\t\t\t\t<div class=\"elementor-element elementor-element-090ad39 elementor-widget elementor-widget-text-editor\" data-id=\"090ad39\" data-element_type=\"widget\" data-e-type=\"widget\" data-widget_type=\"text-editor.default\">\n\t\t\t\t<div class=\"elementor-widget-container\">\n\t\t\t\t\t\t\t\t\t<p><strong style=\"font-size: 24px; color: #7e9b30;\">El tutorial completo<\/strong><\/p><p><a href=\"https:\/\/remstim.com\/es\/autocoaching-emdr-tutorial-completo-en-video-modulos-1-6\/\">Idioma: alem\u00e1n (leer m\u00e1s&#8230;)<\/a><\/p>\t\t\t\t\t\t\t\t<\/div>\n\t\t\t\t<\/div>\n\t\t\t\t<div class=\"elementor-element elementor-element-553e114 elementor-widget elementor-widget-image\" data-id=\"553e114\" data-element_type=\"widget\" data-e-type=\"widget\" data-widget_type=\"image.default\">\n\t\t\t\t<div class=\"elementor-widget-container\">\n\t\t\t\t\t\t\t\t\t\t\t\t\t\t\t\t<a href=\"https:\/\/remstim.com\/es\/autocoaching-emdr-tutorial-completo-en-video-modulos-1-6\/\">\n\t\t\t\t\t\t\t<img fetchpriority=\"high\" decoding=\"async\" width=\"225\" height=\"300\" src=\"https:\/\/remstim.com\/wp-content\/uploads\/2026\/04\/EMDR-Selbstcoaching-\u2013-Das-komplette-Video-Tutorial-Module-1-6-225x300.jpg\" class=\"attachment-medium size-medium wp-image-28393\" alt=\"Auto-coaching EMDR \u2013 El videotutorial completo (m\u00f3dulos 1-6)\" srcset=\"https:\/\/remstim.com\/wp-content\/uploads\/2026\/04\/EMDR-Selbstcoaching-\u2013-Das-komplette-Video-Tutorial-Module-1-6-225x300.jpg 225w, https:\/\/remstim.com\/wp-content\/uploads\/2026\/04\/EMDR-Selbstcoaching-\u2013-Das-komplette-Video-Tutorial-Module-1-6-768x1024.jpg 768w, https:\/\/remstim.com\/wp-content\/uploads\/2026\/04\/EMDR-Selbstcoaching-\u2013-Das-komplette-Video-Tutorial-Module-1-6-1152x1536.jpg 1152w, https:\/\/remstim.com\/wp-content\/uploads\/2026\/04\/EMDR-Selbstcoaching-\u2013-Das-komplette-Video-Tutorial-Module-1-6.jpg 1500w\" sizes=\"(max-width: 225px) 100vw, 225px\" \/>\t\t\t\t\t\t\t\t<\/a>\n\t\t\t\t\t\t\t\t\t\t\t\t\t\t\t<\/div>\n\t\t\t\t<\/div>\n\t\t\t\t<div class=\"elementor-element elementor-element-7faeb86b elementor-widget elementor-widget-text-editor\" data-id=\"7faeb86b\" data-element_type=\"widget\" data-e-type=\"widget\" data-widget_type=\"text-editor.default\">\n\t\t\t\t<div class=\"elementor-widget-container\">\n\t\t\t\t\t\t\t\t\t<p><strong style=\"font-size: 24px; color: #7e9b30;\">129,00 EUR<\/strong><\/p><p>Todos los precios incluyen IVA<\/p>\t\t\t\t\t\t\t\t<\/div>\n\t\t\t\t<\/div>\n\t\t\t\t<div class=\"elementor-element elementor-element-658d24be elementor-align-right elementor-mobile-align-right elementor-widget elementor-widget-button\" data-id=\"658d24be\" data-element_type=\"widget\" data-e-type=\"widget\" data-widget_type=\"button.default\">\n\t\t\t\t<div class=\"elementor-widget-container\">\n\t\t\t\t\t\t\t\t\t<div class=\"elementor-button-wrapper\">\n\t\t\t\t\t<a class=\"elementor-button elementor-button-link elementor-size-sm\" href=\"https:\/\/copecart.com\/products\/5d71033e\/checkout\" target=\"_blank\">\n\t\t\t\t\t\t<span class=\"elementor-button-content-wrapper\">\n\t\t\t\t\t\t\t\t\t<span class=\"elementor-button-text\">Ir a la tienda<\/span>\n\t\t\t\t\t<\/span>\n\t\t\t\t\t<\/a>\n\t\t\t\t<\/div>\n\t\t\t\t\t\t\t\t<\/div>\n\t\t\t\t<\/div>\n\t\t\t\t<div class=\"elementor-element elementor-element-3ab691ee elementor-widget elementor-widget-text-editor\" data-id=\"3ab691ee\" data-element_type=\"widget\" data-e-type=\"widget\" data-widget_type=\"text-editor.default\">\n\t\t\t\t<div class=\"elementor-widget-container\">\n\t\t\t\t\t\t\t\t\t<p>Compra a trav\u00e9s de <a href=\"https:\/\/copecart.com\/products\/5d71033e\/checkout\" target=\"_blank\" rel=\"noopener\">Copecart<\/a>, nuestro socio para productos digitales.<\/p>\t\t\t\t\t\t\t\t<\/div>\n\t\t\t\t<\/div>\n\t\t\t\t\t<\/div>\n\t\t<\/div>\n\t\t\t\t\t<\/div>\n\t\t<\/section>\n\t\t\t\t\t<\/div>\n\t\t<\/div>\n\t\t\t\t\t<\/div>\n\t\t<\/section>\n\t\t\t\t<\/div>\n\t\t<\/div>\n<\/div>\n<h2>La parte crucial de la aplicaci\u00f3n \u2013 y por qu\u00e9 la precisi\u00f3n marca la diferencia aqu\u00ed<\/h2>\n<p>Despu\u00e9s de que el mecanismo de acci\u00f3n del EMDR se haya vuelto comprensible en el segundo m\u00f3dulo, ahora se centra en la parte que es m\u00e1s visible externamente y, al mismo tiempo, la m\u00e1s subestimada: los movimientos oculares.<\/p>\n<p>A primera vista, parecen sencillos. La mirada se mueve, la atenci\u00f3n la sigue. Esto crea f\u00e1cilmente la impresi\u00f3n de que es un componente intercambiable que puede ser reemplazado o simplificado a voluntad.  <\/p>\n<p>Precisamente aqu\u00ed surgen las mayores diferencias en la calidad de la aplicaci\u00f3n.<\/p>\n<p>Este m\u00f3dulo aborda este punto. Aclara qu\u00e9 funci\u00f3n cumplen realmente los movimientos oculares en el proceso general y por qu\u00e9 su ejecuci\u00f3n no es secundaria, sino que debe entenderse con precisi\u00f3n. <\/p>\n<h2>Por qu\u00e9 la ejecuci\u00f3n de los movimientos oculares es m\u00e1s que un elemento de acompa\u00f1amiento<\/h2>\n<p>En relaci\u00f3n con el EMDR, los movimientos oculares a menudo se consideran una mera herramienta auxiliar. Parecen acompa\u00f1ar el proceso sin influir significativamente en \u00e9l. <\/p>\n<p>Esta evaluaci\u00f3n es demasiado simplista.<\/p>\n<p>La forma en que se implementan los movimientos oculares tiene una influencia directa en si los procesos descritos en el m\u00f3dulo anterior se inician en absoluto. No act\u00faan de forma aislada, sino en conexi\u00f3n con la activaci\u00f3n, la atenci\u00f3n y el procesamiento interno. <\/p>\n<p>No es decisivo c\u00f3mo se desencadena el movimiento, sino c\u00f3mo se integra en el proceso. Ya sea con los ojos abiertos o cerrados, con orientaci\u00f3n externa o puramente interna, la calidad de la ejecuci\u00f3n determina si el proceso se mantiene de forma estable. <\/p>\n<p>Este m\u00f3dulo hace que estas conexiones sean comprensibles, sin limitarse a representaciones simplificadas.<\/p>\n<h2>Malentendidos t\u00edpicos \u2013 y por qu\u00e9 afectan al proceso<\/h2>\n<p>Precisamente porque los movimientos oculares parecen tan accesibles, se han desarrollado muchas suposiciones simplificadas en su manejo.<\/p>\n<p>Esto incluye la idea de que la velocidad, el ritmo o el rango de movimiento desempe\u00f1an un papel secundario. Igualmente extendida es la suposici\u00f3n de que cualquier forma de movimiento es fundamentalmente suficiente, siempre que est\u00e9 presente de alguna manera. <\/p>\n<p>Sin embargo, en la aplicaci\u00f3n pr\u00e1ctica se observa una imagen diferente.<\/p>\n<p>Ciertas desviaciones hacen que el proceso se vuelva inestable o ni siquiera se inicie. Otras alteran la percepci\u00f3n de tal manera que el procesamiento real se ve superpuesto. <\/p>\n<p>Estos efectos no son inmediatamente obvios, pero influyen directamente en el resultado.<\/p>\n<p>Este m\u00f3dulo aborda estos puntos y los clasifica sistem\u00e1ticamente, de modo que quede claro qu\u00e9 es lo importante y qu\u00e9 aspectos no son arbitrarios.<\/p>\n<h2>La base para una aplicaci\u00f3n precisa \u2013 y la transici\u00f3n al siguiente paso<\/h2>\n<p>El objetivo de este m\u00f3dulo no es una imitaci\u00f3n mec\u00e1nica de los procesos, sino una comprensi\u00f3n clara del papel que desempe\u00f1an los movimientos oculares en el proceso general.<\/p>\n<p>Quien reconoce esta conexi\u00f3n puede dise\u00f1ar la implementaci\u00f3n de los movimientos oculares de forma m\u00e1s espec\u00edfica y clasificar mejor su propia percepci\u00f3n durante la aplicaci\u00f3n. Esto crea una base significativamente m\u00e1s estable para los pasos posteriores. <\/p>\n<p>La estructura de este tutorial tambi\u00e9n sigue aqu\u00ed la experiencia del trabajo pr\u00e1ctico. Durante mucho tiempo se ha demostrado que precisamente esta \u00e1rea a menudo se simplifica y, por lo tanto, pierde eficacia. Por esta raz\u00f3n, se trata aqu\u00ed con una profundidad consciente.  <\/p>\n<p>Con esta comprensi\u00f3n, se hace comprensible por qu\u00e9 en el siguiente m\u00f3dulo la implementaci\u00f3n concreta se traduce en una estructura clara y paso a paso. Los procesos descritos all\u00ed se basan directamente en el conocimiento transmitido aqu\u00ed y lo hacen utilizable en la aplicaci\u00f3n. <\/p>\n<p>Este m\u00f3dulo forma as\u00ed la conexi\u00f3n entre el mecanismo de acci\u00f3n te\u00f3rico y la ejecuci\u00f3n pr\u00e1ctica. Asegura que los siguientes pasos no act\u00faen de forma aislada, sino que se entiendan como parte de un proceso coherente.  <a href=\"https:\/\/remstim.com\/emdr-selbstcoaching-augenbewegungen-techniken-hilfsmittel-modul-3-2\/\">Leer m\u00e1s sobre el M\u00f3dulo 3.2\u2026<\/a><\/p>\n","protected":false},"excerpt":{"rendered":"<p>La parte crucial de la aplicaci\u00f3n \u2013 y por qu\u00e9 la precisi\u00f3n marca la diferencia aqu\u00ed Despu\u00e9s de que el mecanismo de acci\u00f3n del EMDR se haya vuelto comprensible en el segundo m\u00f3dulo, ahora se centra en la parte que es m\u00e1s visible externamente y, al mismo tiempo, la m\u00e1s subestimada: los movimientos oculares. A [&hellip;]<\/p>\n","protected":false},"author":1,"featured_media":0,"parent":0,"menu_order":0,"comment_status":"closed","ping_status":"closed","template":"","meta":{"_acf_changed":false,"site-sidebar-layout":"default","site-content-layout":"","ast-site-content-layout":"default","site-content-style":"default","site-sidebar-style":"default","ast-global-header-display":"","ast-banner-title-visibility":"","ast-main-header-display":"","ast-hfb-above-header-display":"","ast-hfb-below-header-display":"","ast-hfb-mobile-header-display":"","site-post-title":"","ast-breadcrumbs-content":"","ast-featured-img":"","footer-sml-layout":"","ast-disable-related-posts":"","theme-transparent-header-meta":"default","adv-header-id-meta":"","stick-header-meta":"default","header-above-stick-meta":"","header-main-stick-meta":"","header-below-stick-meta":"","astra-migrate-meta-layouts":"default","ast-page-background-enabled":"default","ast-page-background-meta":{"desktop":{"background-color":"var(--ast-global-color-4)","background-image":"","background-repeat":"repeat","background-position":"center center","background-size":"auto","background-attachment":"scroll","background-type":"","background-media":"","overlay-type":"","overlay-color":"","overlay-opacity":"","overlay-gradient":""},"tablet":{"background-color":"","background-image":"","background-repeat":"repeat","background-position":"center center","background-size":"auto","background-attachment":"scroll","background-type":"","background-media":"","overlay-type":"","overlay-color":"","overlay-opacity":"","overlay-gradient":""},"mobile":{"background-color":"","background-image":"","background-repeat":"repeat","background-position":"center center","background-size":"auto","background-attachment":"scroll","background-type":"","background-media":"","overlay-type":"","overlay-color":"","overlay-opacity":"","overlay-gradient":""}},"ast-content-background-meta":{"desktop":{"background-color":"var(--ast-global-color-5)","background-image":"","background-repeat":"repeat","background-position":"center center","background-size":"auto","background-attachment":"scroll","background-type":"","background-media":"","overlay-type":"","overlay-color":"","overlay-opacity":"","overlay-gradient":""},"tablet":{"background-color":"var(--ast-global-color-5)","background-image":"","background-repeat":"repeat","background-position":"center center","background-size":"auto","background-attachment":"scroll","background-type":"","background-media":"","overlay-type":"","overlay-color":"","overlay-opacity":"","overlay-gradient":""},"mobile":{"background-color":"var(--ast-global-color-5)","background-image":"","background-repeat":"repeat","background-position":"center center","background-size":"auto","background-attachment":"scroll","background-type":"","background-media":"","overlay-type":"","overlay-color":"","overlay-opacity":"","overlay-gradient":""}},"footnotes":""},"class_list":["post-28828","page","type-page","status-publish","hentry"],"acf":[],"yoast_head":"<!-- This site is optimized with the Yoast SEO plugin v27.5 - https:\/\/yoast.com\/product\/yoast-seo-wordpress\/ -->\n<title>Autocoaching EMDR \u2013 Comprender los movimientos oculares (M\u00f3dulo 3.1)<\/title>\n<meta name=\"description\" content=\"\u00bfC\u00f3mo se implementan correctamente los movimientos oculares en el autocoaching EMDR? Este m\u00f3dulo muestra por qu\u00e9 su ejecuci\u00f3n es crucial para un procesamiento estable.\" \/>\n<meta name=\"robots\" content=\"index, follow, max-snippet:-1, max-image-preview:large, max-video-preview:-1\" \/>\n<link rel=\"canonical\" href=\"https:\/\/remstim.com\/es\/modulo-3-1-comprender-los-movimientos-oculares\/\" \/>\n<meta property=\"og:locale\" content=\"es_ES\" \/>\n<meta property=\"og:type\" content=\"article\" \/>\n<meta property=\"og:title\" content=\"Autocoaching EMDR \u2013 Comprender los movimientos oculares (M\u00f3dulo 3.1)\" \/>\n<meta property=\"og:description\" content=\"\u00bfC\u00f3mo se implementan correctamente los movimientos oculares en el autocoaching EMDR? Este m\u00f3dulo muestra por qu\u00e9 su ejecuci\u00f3n es crucial para un procesamiento estable.\" \/>\n<meta property=\"og:url\" content=\"https:\/\/remstim.com\/es\/modulo-3-1-comprender-los-movimientos-oculares\/\" \/>\n<meta property=\"og:site_name\" content=\"EMDR Ger\u00e4t REMSTIM 3000 gegen Stress\" \/>\n<meta name=\"twitter:label1\" content=\"Tiempo de lectura\" \/>\n\t<meta name=\"twitter:data1\" content=\"3 minutos\" \/>\n<script type=\"application\/ld+json\" class=\"yoast-schema-graph\">{\"@context\":\"https:\\\/\\\/schema.org\",\"@graph\":[{\"@type\":\"WebPage\",\"@id\":\"https:\\\/\\\/remstim.com\\\/es\\\/modulo-3-1-comprender-los-movimientos-oculares\\\/\",\"url\":\"https:\\\/\\\/remstim.com\\\/es\\\/modulo-3-1-comprender-los-movimientos-oculares\\\/\",\"name\":\"Autocoaching EMDR \u2013 Comprender los movimientos oculares (M\u00f3dulo 3.1)\",\"isPartOf\":{\"@id\":\"https:\\\/\\\/remstim.com\\\/es\\\/#website\"},\"datePublished\":\"2026-04-27T10:23:37+00:00\",\"description\":\"\u00bfC\u00f3mo se implementan correctamente los movimientos oculares en el autocoaching EMDR? Este m\u00f3dulo muestra por qu\u00e9 su ejecuci\u00f3n es crucial para un procesamiento estable.\",\"breadcrumb\":{\"@id\":\"https:\\\/\\\/remstim.com\\\/es\\\/modulo-3-1-comprender-los-movimientos-oculares\\\/#breadcrumb\"},\"inLanguage\":\"es\",\"potentialAction\":[{\"@type\":\"ReadAction\",\"target\":[\"https:\\\/\\\/remstim.com\\\/es\\\/modulo-3-1-comprender-los-movimientos-oculares\\\/\"]}]},{\"@type\":\"BreadcrumbList\",\"@id\":\"https:\\\/\\\/remstim.com\\\/es\\\/modulo-3-1-comprender-los-movimientos-oculares\\\/#breadcrumb\",\"itemListElement\":[{\"@type\":\"ListItem\",\"position\":1,\"name\":\"Startseite\",\"item\":\"https:\\\/\\\/remstim.com\\\/es\\\/inicio\\\/\"},{\"@type\":\"ListItem\",\"position\":2,\"name\":\"M\u00f3dulo 3.1 \u2013 Comprender los movimientos oculares\"}]},{\"@type\":\"WebSite\",\"@id\":\"https:\\\/\\\/remstim.com\\\/es\\\/#website\",\"url\":\"https:\\\/\\\/remstim.com\\\/es\\\/\",\"name\":\"EMDR Ger\u00e4t REMSTIM 3000 gegen Stress\",\"description\":\"Wie wir schnell Entspannung finden.\",\"publisher\":{\"@id\":\"https:\\\/\\\/remstim.com\\\/es\\\/#organization\"},\"potentialAction\":[{\"@type\":\"SearchAction\",\"target\":{\"@type\":\"EntryPoint\",\"urlTemplate\":\"https:\\\/\\\/remstim.com\\\/es\\\/?s={search_term_string}\"},\"query-input\":{\"@type\":\"PropertyValueSpecification\",\"valueRequired\":true,\"valueName\":\"search_term_string\"}}],\"inLanguage\":\"es\"},{\"@type\":\"Organization\",\"@id\":\"https:\\\/\\\/remstim.com\\\/es\\\/#organization\",\"name\":\"EMDR Ger\u00e4t REMSTIM 3000 gegen Stress\",\"url\":\"https:\\\/\\\/remstim.com\\\/es\\\/\",\"logo\":{\"@type\":\"ImageObject\",\"inLanguage\":\"es\",\"@id\":\"https:\\\/\\\/remstim.com\\\/es\\\/#\\\/schema\\\/logo\\\/image\\\/\",\"url\":\"https:\\\/\\\/remstim.com\\\/wp-content\\\/uploads\\\/2012\\\/06\\\/REMSTIM-Logo-mit-Untertitel_orange-e1340382850185.png\",\"contentUrl\":\"https:\\\/\\\/remstim.com\\\/wp-content\\\/uploads\\\/2012\\\/06\\\/REMSTIM-Logo-mit-Untertitel_orange-e1340382850185.png\",\"width\":304,\"height\":80,\"caption\":\"EMDR Ger\u00e4t REMSTIM 3000 gegen Stress\"},\"image\":{\"@id\":\"https:\\\/\\\/remstim.com\\\/es\\\/#\\\/schema\\\/logo\\\/image\\\/\"}}]}<\/script>\n<!-- \/ Yoast SEO plugin. -->","yoast_head_json":{"title":"Autocoaching EMDR \u2013 Comprender los movimientos oculares (M\u00f3dulo 3.1)","description":"\u00bfC\u00f3mo se implementan correctamente los movimientos oculares en el autocoaching EMDR? Este m\u00f3dulo muestra por qu\u00e9 su ejecuci\u00f3n es crucial para un procesamiento estable.","robots":{"index":"index","follow":"follow","max-snippet":"max-snippet:-1","max-image-preview":"max-image-preview:large","max-video-preview":"max-video-preview:-1"},"canonical":"https:\/\/remstim.com\/es\/modulo-3-1-comprender-los-movimientos-oculares\/","og_locale":"es_ES","og_type":"article","og_title":"Autocoaching EMDR \u2013 Comprender los movimientos oculares (M\u00f3dulo 3.1)","og_description":"\u00bfC\u00f3mo se implementan correctamente los movimientos oculares en el autocoaching EMDR? Este m\u00f3dulo muestra por qu\u00e9 su ejecuci\u00f3n es crucial para un procesamiento estable.","og_url":"https:\/\/remstim.com\/es\/modulo-3-1-comprender-los-movimientos-oculares\/","og_site_name":"EMDR Ger\u00e4t REMSTIM 3000 gegen Stress","twitter_misc":{"Tiempo de lectura":"3 minutos"},"schema":{"@context":"https:\/\/schema.org","@graph":[{"@type":"WebPage","@id":"https:\/\/remstim.com\/es\/modulo-3-1-comprender-los-movimientos-oculares\/","url":"https:\/\/remstim.com\/es\/modulo-3-1-comprender-los-movimientos-oculares\/","name":"Autocoaching EMDR \u2013 Comprender los movimientos oculares (M\u00f3dulo 3.1)","isPartOf":{"@id":"https:\/\/remstim.com\/es\/#website"},"datePublished":"2026-04-27T10:23:37+00:00","description":"\u00bfC\u00f3mo se implementan correctamente los movimientos oculares en el autocoaching EMDR? Este m\u00f3dulo muestra por qu\u00e9 su ejecuci\u00f3n es crucial para un procesamiento estable.","breadcrumb":{"@id":"https:\/\/remstim.com\/es\/modulo-3-1-comprender-los-movimientos-oculares\/#breadcrumb"},"inLanguage":"es","potentialAction":[{"@type":"ReadAction","target":["https:\/\/remstim.com\/es\/modulo-3-1-comprender-los-movimientos-oculares\/"]}]},{"@type":"BreadcrumbList","@id":"https:\/\/remstim.com\/es\/modulo-3-1-comprender-los-movimientos-oculares\/#breadcrumb","itemListElement":[{"@type":"ListItem","position":1,"name":"Startseite","item":"https:\/\/remstim.com\/es\/inicio\/"},{"@type":"ListItem","position":2,"name":"M\u00f3dulo 3.1 \u2013 Comprender los movimientos oculares"}]},{"@type":"WebSite","@id":"https:\/\/remstim.com\/es\/#website","url":"https:\/\/remstim.com\/es\/","name":"EMDR Ger\u00e4t REMSTIM 3000 gegen Stress","description":"Wie wir schnell Entspannung finden.","publisher":{"@id":"https:\/\/remstim.com\/es\/#organization"},"potentialAction":[{"@type":"SearchAction","target":{"@type":"EntryPoint","urlTemplate":"https:\/\/remstim.com\/es\/?s={search_term_string}"},"query-input":{"@type":"PropertyValueSpecification","valueRequired":true,"valueName":"search_term_string"}}],"inLanguage":"es"},{"@type":"Organization","@id":"https:\/\/remstim.com\/es\/#organization","name":"EMDR Ger\u00e4t REMSTIM 3000 gegen Stress","url":"https:\/\/remstim.com\/es\/","logo":{"@type":"ImageObject","inLanguage":"es","@id":"https:\/\/remstim.com\/es\/#\/schema\/logo\/image\/","url":"https:\/\/remstim.com\/wp-content\/uploads\/2012\/06\/REMSTIM-Logo-mit-Untertitel_orange-e1340382850185.png","contentUrl":"https:\/\/remstim.com\/wp-content\/uploads\/2012\/06\/REMSTIM-Logo-mit-Untertitel_orange-e1340382850185.png","width":304,"height":80,"caption":"EMDR Ger\u00e4t REMSTIM 3000 gegen Stress"},"image":{"@id":"https:\/\/remstim.com\/es\/#\/schema\/logo\/image\/"}}]}},"_links":{"self":[{"href":"https:\/\/remstim.com\/es\/wp-json\/wp\/v2\/pages\/28828","targetHints":{"allow":["GET"]}}],"collection":[{"href":"https:\/\/remstim.com\/es\/wp-json\/wp\/v2\/pages"}],"about":[{"href":"https:\/\/remstim.com\/es\/wp-json\/wp\/v2\/types\/page"}],"author":[{"embeddable":true,"href":"https:\/\/remstim.com\/es\/wp-json\/wp\/v2\/users\/1"}],"replies":[{"embeddable":true,"href":"https:\/\/remstim.com\/es\/wp-json\/wp\/v2\/comments?post=28828"}],"version-history":[{"count":0,"href":"https:\/\/remstim.com\/es\/wp-json\/wp\/v2\/pages\/28828\/revisions"}],"wp:attachment":[{"href":"https:\/\/remstim.com\/es\/wp-json\/wp\/v2\/media?parent=28828"}],"curies":[{"name":"wp","href":"https:\/\/api.w.org\/{rel}","templated":true}]}}