{"id":11646,"date":"2011-01-27T12:09:11","date_gmt":"2011-01-27T12:09:11","guid":{"rendered":"https:\/\/remstim.de\/disclaimer-informations-juridiques\/"},"modified":"2023-09-15T07:56:24","modified_gmt":"2023-09-15T07:56:24","slug":"disclaimer-informations-juridiques","status":"publish","type":"page","link":"https:\/\/remstim.com\/fr\/mentions-legales\/disclaimer-informations-juridiques\/","title":{"rendered":"Disclaimer &#8211; informations juridiques"},"content":{"rendered":"<h1>Disclaimer &#8211; informations juridiques<\/h1>\n<div>\n<h2 style=\"text-align: justify;\">1. limitation de responsabilit\u00e9<\/h2>\n<p style=\"text-align: justify;\">Le contenu de ce site web a \u00e9t\u00e9 \u00e9labor\u00e9 avec le plus grand soin. L&#8217;utilisation des contenus du site web se fait aux risques et p\u00e9rils de l&#8217;utilisateur. Les contributions nomm\u00e9es refl\u00e8tent l&#8217;opinion de leur auteur et pas toujours celle du fournisseur. La simple utilisation du site web du fournisseur ne donne lieu \u00e0 aucune relation contractuelle entre l&#8217;utilisateur et le fournisseur.<\/p>\n<h2 style=\"text-align: justify;\">2. liens externes<\/h2>\n<p style=\"text-align: justify;\">Ce site web contient des liens vers des sites web de tiers (&#8220;liens externes&#8221;). Ces sites sont soumis \u00e0 la responsabilit\u00e9 de leurs exploitants respectifs. Lors de la premi\u00e8re mise en place des liens externes, le fournisseur a v\u00e9rifi\u00e9 que les contenus externes ne pr\u00e9sentaient pas d&#8217;\u00e9ventuelles violations de la loi. Aucune violation de la loi n&#8217;a \u00e9t\u00e9 constat\u00e9e \u00e0 ce moment-l\u00e0. Le fournisseur n&#8217;a aucune influence sur la conception actuelle et future et sur les contenus des pages li\u00e9es. La mise en place de liens externes ne signifie pas que le fournisseur s&#8217;approprie les contenus se trouvant derri\u00e8re le renvoi ou le lien. Un contr\u00f4le permanent de ces liens externes ne peut \u00eatre exig\u00e9 de la part du fournisseur sans indications concr\u00e8tes de violations de la loi. Toutefois, d\u00e8s la prise de connaissance d&#8217;une infraction \u00e0 la loi, les liens externes de ce type seront imm\u00e9diatement supprim\u00e9s.<\/p>\n<h2 style=\"text-align: justify;\">3. droits d&#8217;auteur et droits voisins<\/h2>\n<p style=\"text-align: justify;\">Les contenus publi\u00e9s sur ce site web sont soumis \u00e0 la l\u00e9gislation allemande sur les droits d&#8217;auteur et les droits voisins. Toute utilisation non autoris\u00e9e par le droit d&#8217;auteur et les droits voisins allemands requiert l&#8217;accord \u00e9crit pr\u00e9alable du fournisseur ou du d\u00e9tenteur des droits respectifs. Cela s&#8217;applique en particulier \u00e0 la reproduction, au traitement, \u00e0 la traduction, \u00e0 l&#8217;enregistrement, au traitement ou \u00e0 la reproduction de contenus dans des bases de donn\u00e9es ou d&#8217;autres m\u00e9dias et syst\u00e8mes \u00e9lectroniques. Les contenus et les droits de tiers sont signal\u00e9s comme tels. La reproduction ou la transmission non autoris\u00e9e de certains contenus ou de pages enti\u00e8res est interdite et punissable. Seule la r\u00e9alisation de copies et de t\u00e9l\u00e9chargements pour un usage personnel, priv\u00e9 et non commercial est autoris\u00e9e.<\/p>\n<p style=\"text-align: justify;\">La repr\u00e9sentation de ce site web dans des cadres \u00e9trangers n&#8217;est autoris\u00e9e qu&#8217;avec une permission \u00e9crite.<\/p>\n<h2 style=\"text-align: justify;\">4. conditions d&#8217;utilisation particuli\u00e8res<\/h2>\n<p style=\"text-align: justify;\">Dans la mesure o\u00f9 des conditions particuli\u00e8res pour des utilisations individuelles de ce site Web diff\u00e8rent des points 1 \u00e0 3 susmentionn\u00e9s, il en est fait express\u00e9ment mention \u00e0 l&#8217;endroit correspondant. Dans ce cas, les conditions d&#8217;utilisation particuli\u00e8res s&#8217;appliquent dans chaque cas.<\/p>\n<\/div>\n","protected":false},"excerpt":{"rendered":"<p>Disclaimer &#8211; informations juridiques 1. limitation de responsabilit\u00e9 Le contenu de ce site web a \u00e9t\u00e9 \u00e9labor\u00e9 avec le plus grand soin. L&#8217;utilisation des contenus du site web se fait aux risques et p\u00e9rils de l&#8217;utilisateur. Les contributions nomm\u00e9es refl\u00e8tent l&#8217;opinion de leur auteur et pas toujours celle du fournisseur. La simple utilisation du site [&hellip;]<\/p>\n","protected":false},"author":1,"featured_media":0,"parent":11726,"menu_order":4,"comment_status":"closed","ping_status":"closed","template":"","meta":{"_acf_changed":false,"site-sidebar-layout":"default","site-content-layout":"default","ast-site-content-layout":"default","site-content-style":"default","site-sidebar-style":"default","ast-global-header-display":"","ast-banner-title-visibility":"","ast-main-header-display":"","ast-hfb-above-header-display":"","ast-hfb-below-header-display":"","ast-hfb-mobile-header-display":"","site-post-title":"","ast-breadcrumbs-content":"","ast-featured-img":"","footer-sml-layout":"","ast-disable-related-posts":"","theme-transparent-header-meta":"default","adv-header-id-meta":"","stick-header-meta":"default","header-above-stick-meta":"","header-main-stick-meta":"","header-below-stick-meta":"","astra-migrate-meta-layouts":"default","ast-page-background-enabled":"default","ast-page-background-meta":{"desktop":{"background-color":"var(--ast-global-color-4)","background-image":"","background-repeat":"repeat","background-position":"center center","background-size":"auto","background-attachment":"scroll","background-type":"","background-media":"","overlay-type":"","overlay-color":"","overlay-opacity":"","overlay-gradient":""},"tablet":{"background-color":"","background-image":"","background-repeat":"repeat","background-position":"center center","background-size":"auto","background-attachment":"scroll","background-type":"","background-media":"","overlay-type":"","overlay-color":"","overlay-opacity":"","overlay-gradient":""},"mobile":{"background-color":"","background-image":"","background-repeat":"repeat","background-position":"center center","background-size":"auto","background-attachment":"scroll","background-type":"","background-media":"","overlay-type":"","overlay-color":"","overlay-opacity":"","overlay-gradient":""}},"ast-content-background-meta":{"desktop":{"background-color":"var(--ast-global-color-5)","background-image":"","background-repeat":"repeat","background-position":"center center","background-size":"auto","background-attachment":"scroll","background-type":"","background-media":"","overlay-type":"","overlay-color":"","overlay-opacity":"","overlay-gradient":""},"tablet":{"background-color":"var(--ast-global-color-5)","background-image":"","background-repeat":"repeat","background-position":"center center","background-size":"auto","background-attachment":"scroll","background-type":"","background-media":"","overlay-type":"","overlay-color":"","overlay-opacity":"","overlay-gradient":""},"mobile":{"background-color":"var(--ast-global-color-5)","background-image":"","background-repeat":"repeat","background-position":"center center","background-size":"auto","background-attachment":"scroll","background-type":"","background-media":"","overlay-type":"","overlay-color":"","overlay-opacity":"","overlay-gradient":""}},"footnotes":""},"class_list":["post-11646","page","type-page","status-publish","hentry"],"acf":[],"yoast_head":"<!-- This site is optimized with the Yoast SEO plugin v27.3 - https:\/\/yoast.com\/product\/yoast-seo-wordpress\/ -->\n<title>Disclaimer - informations juridiques - EMDR Ger\u00e4t REMSTIM 3000 gegen Stress<\/title>\n<meta name=\"robots\" content=\"index, follow, max-snippet:-1, max-image-preview:large, max-video-preview:-1\" \/>\n<link rel=\"canonical\" href=\"https:\/\/remstim.com\/fr\/mentions-legales\/disclaimer-informations-juridiques\/\" \/>\n<meta property=\"og:locale\" content=\"fr_FR\" \/>\n<meta property=\"og:type\" content=\"article\" \/>\n<meta property=\"og:title\" content=\"Disclaimer - informations juridiques - EMDR Ger\u00e4t REMSTIM 3000 gegen Stress\" \/>\n<meta property=\"og:description\" content=\"Disclaimer &#8211; informations juridiques 1. limitation de responsabilit\u00e9 Le contenu de ce site web a \u00e9t\u00e9 \u00e9labor\u00e9 avec le plus grand soin. L&#8217;utilisation des contenus du site web se fait aux risques et p\u00e9rils de l&#8217;utilisateur. Les contributions nomm\u00e9es refl\u00e8tent l&#8217;opinion de leur auteur et pas toujours celle du fournisseur. La simple utilisation du site [&hellip;]\" \/>\n<meta property=\"og:url\" content=\"https:\/\/remstim.com\/fr\/mentions-legales\/disclaimer-informations-juridiques\/\" \/>\n<meta property=\"og:site_name\" content=\"EMDR Ger\u00e4t REMSTIM 3000 gegen Stress\" \/>\n<meta property=\"article:modified_time\" content=\"2023-09-15T07:56:24+00:00\" \/>\n<meta name=\"twitter:label1\" content=\"Dur\u00e9e de lecture estim\u00e9e\" \/>\n\t<meta name=\"twitter:data1\" content=\"2 minutes\" \/>\n<script type=\"application\/ld+json\" class=\"yoast-schema-graph\">{\"@context\":\"https:\\\/\\\/schema.org\",\"@graph\":[{\"@type\":\"WebPage\",\"@id\":\"https:\\\/\\\/remstim.com\\\/fr\\\/mentions-legales\\\/disclaimer-informations-juridiques\\\/\",\"url\":\"https:\\\/\\\/remstim.com\\\/fr\\\/mentions-legales\\\/disclaimer-informations-juridiques\\\/\",\"name\":\"Disclaimer - informations juridiques - EMDR Ger\u00e4t REMSTIM 3000 gegen Stress\",\"isPartOf\":{\"@id\":\"https:\\\/\\\/remstim.com\\\/fr\\\/#website\"},\"datePublished\":\"2011-01-27T12:09:11+00:00\",\"dateModified\":\"2023-09-15T07:56:24+00:00\",\"breadcrumb\":{\"@id\":\"https:\\\/\\\/remstim.com\\\/fr\\\/mentions-legales\\\/disclaimer-informations-juridiques\\\/#breadcrumb\"},\"inLanguage\":\"fr-FR\",\"potentialAction\":[{\"@type\":\"ReadAction\",\"target\":[\"https:\\\/\\\/remstim.com\\\/fr\\\/mentions-legales\\\/disclaimer-informations-juridiques\\\/\"]}]},{\"@type\":\"BreadcrumbList\",\"@id\":\"https:\\\/\\\/remstim.com\\\/fr\\\/mentions-legales\\\/disclaimer-informations-juridiques\\\/#breadcrumb\",\"itemListElement\":[{\"@type\":\"ListItem\",\"position\":1,\"name\":\"Startseite\",\"item\":\"https:\\\/\\\/remstim.com\\\/fr\\\/\"},{\"@type\":\"ListItem\",\"position\":2,\"name\":\"Mentions l\u00e9gales\",\"item\":\"https:\\\/\\\/remstim.com\\\/fr\\\/mentions-legales\\\/\"},{\"@type\":\"ListItem\",\"position\":3,\"name\":\"Disclaimer &#8211; informations juridiques\"}]},{\"@type\":\"WebSite\",\"@id\":\"https:\\\/\\\/remstim.com\\\/fr\\\/#website\",\"url\":\"https:\\\/\\\/remstim.com\\\/fr\\\/\",\"name\":\"EMDR Ger\u00e4t REMSTIM 3000 gegen Stress\",\"description\":\"Wie wir schnell Entspannung finden.\",\"publisher\":{\"@id\":\"https:\\\/\\\/remstim.com\\\/fr\\\/#organization\"},\"potentialAction\":[{\"@type\":\"SearchAction\",\"target\":{\"@type\":\"EntryPoint\",\"urlTemplate\":\"https:\\\/\\\/remstim.com\\\/fr\\\/?s={search_term_string}\"},\"query-input\":{\"@type\":\"PropertyValueSpecification\",\"valueRequired\":true,\"valueName\":\"search_term_string\"}}],\"inLanguage\":\"fr-FR\"},{\"@type\":\"Organization\",\"@id\":\"https:\\\/\\\/remstim.com\\\/fr\\\/#organization\",\"name\":\"EMDR Ger\u00e4t REMSTIM 3000 gegen Stress\",\"url\":\"https:\\\/\\\/remstim.com\\\/fr\\\/\",\"logo\":{\"@type\":\"ImageObject\",\"inLanguage\":\"fr-FR\",\"@id\":\"https:\\\/\\\/remstim.com\\\/fr\\\/#\\\/schema\\\/logo\\\/image\\\/\",\"url\":\"https:\\\/\\\/remstim.com\\\/wp-content\\\/uploads\\\/2012\\\/06\\\/REMSTIM-Logo-mit-Untertitel_orange-e1340382850185.png\",\"contentUrl\":\"https:\\\/\\\/remstim.com\\\/wp-content\\\/uploads\\\/2012\\\/06\\\/REMSTIM-Logo-mit-Untertitel_orange-e1340382850185.png\",\"width\":304,\"height\":80,\"caption\":\"EMDR Ger\u00e4t REMSTIM 3000 gegen Stress\"},\"image\":{\"@id\":\"https:\\\/\\\/remstim.com\\\/fr\\\/#\\\/schema\\\/logo\\\/image\\\/\"}}]}<\/script>\n<!-- \/ Yoast SEO plugin. -->","yoast_head_json":{"title":"Disclaimer - informations juridiques - EMDR Ger\u00e4t REMSTIM 3000 gegen Stress","robots":{"index":"index","follow":"follow","max-snippet":"max-snippet:-1","max-image-preview":"max-image-preview:large","max-video-preview":"max-video-preview:-1"},"canonical":"https:\/\/remstim.com\/fr\/mentions-legales\/disclaimer-informations-juridiques\/","og_locale":"fr_FR","og_type":"article","og_title":"Disclaimer - informations juridiques - EMDR Ger\u00e4t REMSTIM 3000 gegen Stress","og_description":"Disclaimer &#8211; informations juridiques 1. limitation de responsabilit\u00e9 Le contenu de ce site web a \u00e9t\u00e9 \u00e9labor\u00e9 avec le plus grand soin. L&#8217;utilisation des contenus du site web se fait aux risques et p\u00e9rils de l&#8217;utilisateur. Les contributions nomm\u00e9es refl\u00e8tent l&#8217;opinion de leur auteur et pas toujours celle du fournisseur. La simple utilisation du site [&hellip;]","og_url":"https:\/\/remstim.com\/fr\/mentions-legales\/disclaimer-informations-juridiques\/","og_site_name":"EMDR Ger\u00e4t REMSTIM 3000 gegen Stress","article_modified_time":"2023-09-15T07:56:24+00:00","twitter_misc":{"Dur\u00e9e de lecture estim\u00e9e":"2 minutes"},"schema":{"@context":"https:\/\/schema.org","@graph":[{"@type":"WebPage","@id":"https:\/\/remstim.com\/fr\/mentions-legales\/disclaimer-informations-juridiques\/","url":"https:\/\/remstim.com\/fr\/mentions-legales\/disclaimer-informations-juridiques\/","name":"Disclaimer - informations juridiques - EMDR Ger\u00e4t REMSTIM 3000 gegen Stress","isPartOf":{"@id":"https:\/\/remstim.com\/fr\/#website"},"datePublished":"2011-01-27T12:09:11+00:00","dateModified":"2023-09-15T07:56:24+00:00","breadcrumb":{"@id":"https:\/\/remstim.com\/fr\/mentions-legales\/disclaimer-informations-juridiques\/#breadcrumb"},"inLanguage":"fr-FR","potentialAction":[{"@type":"ReadAction","target":["https:\/\/remstim.com\/fr\/mentions-legales\/disclaimer-informations-juridiques\/"]}]},{"@type":"BreadcrumbList","@id":"https:\/\/remstim.com\/fr\/mentions-legales\/disclaimer-informations-juridiques\/#breadcrumb","itemListElement":[{"@type":"ListItem","position":1,"name":"Startseite","item":"https:\/\/remstim.com\/fr\/"},{"@type":"ListItem","position":2,"name":"Mentions l\u00e9gales","item":"https:\/\/remstim.com\/fr\/mentions-legales\/"},{"@type":"ListItem","position":3,"name":"Disclaimer &#8211; informations juridiques"}]},{"@type":"WebSite","@id":"https:\/\/remstim.com\/fr\/#website","url":"https:\/\/remstim.com\/fr\/","name":"EMDR Ger\u00e4t REMSTIM 3000 gegen Stress","description":"Wie wir schnell Entspannung finden.","publisher":{"@id":"https:\/\/remstim.com\/fr\/#organization"},"potentialAction":[{"@type":"SearchAction","target":{"@type":"EntryPoint","urlTemplate":"https:\/\/remstim.com\/fr\/?s={search_term_string}"},"query-input":{"@type":"PropertyValueSpecification","valueRequired":true,"valueName":"search_term_string"}}],"inLanguage":"fr-FR"},{"@type":"Organization","@id":"https:\/\/remstim.com\/fr\/#organization","name":"EMDR Ger\u00e4t REMSTIM 3000 gegen Stress","url":"https:\/\/remstim.com\/fr\/","logo":{"@type":"ImageObject","inLanguage":"fr-FR","@id":"https:\/\/remstim.com\/fr\/#\/schema\/logo\/image\/","url":"https:\/\/remstim.com\/wp-content\/uploads\/2012\/06\/REMSTIM-Logo-mit-Untertitel_orange-e1340382850185.png","contentUrl":"https:\/\/remstim.com\/wp-content\/uploads\/2012\/06\/REMSTIM-Logo-mit-Untertitel_orange-e1340382850185.png","width":304,"height":80,"caption":"EMDR Ger\u00e4t REMSTIM 3000 gegen Stress"},"image":{"@id":"https:\/\/remstim.com\/fr\/#\/schema\/logo\/image\/"}}]}},"_links":{"self":[{"href":"https:\/\/remstim.com\/fr\/wp-json\/wp\/v2\/pages\/11646","targetHints":{"allow":["GET"]}}],"collection":[{"href":"https:\/\/remstim.com\/fr\/wp-json\/wp\/v2\/pages"}],"about":[{"href":"https:\/\/remstim.com\/fr\/wp-json\/wp\/v2\/types\/page"}],"author":[{"embeddable":true,"href":"https:\/\/remstim.com\/fr\/wp-json\/wp\/v2\/users\/1"}],"replies":[{"embeddable":true,"href":"https:\/\/remstim.com\/fr\/wp-json\/wp\/v2\/comments?post=11646"}],"version-history":[{"count":0,"href":"https:\/\/remstim.com\/fr\/wp-json\/wp\/v2\/pages\/11646\/revisions"}],"up":[{"embeddable":true,"href":"https:\/\/remstim.com\/fr\/wp-json\/wp\/v2\/pages\/11726"}],"wp:attachment":[{"href":"https:\/\/remstim.com\/fr\/wp-json\/wp\/v2\/media?parent=11646"}],"curies":[{"name":"wp","href":"https:\/\/api.w.org\/{rel}","templated":true}]}}