{"id":11650,"date":"2011-02-16T12:12:40","date_gmt":"2011-02-16T12:12:40","guid":{"rendered":"https:\/\/remstim.de\/conditions-dexpedition-et-de-livraison\/"},"modified":"2023-11-06T19:15:53","modified_gmt":"2023-11-06T19:15:53","slug":"conditions-dexpedition-et-de-livraison","status":"publish","type":"page","link":"https:\/\/remstim.com\/fr\/remstim-3000\/conditions-dexpedition-et-de-livraison\/","title":{"rendered":"Conditions d&#8217;exp\u00e9dition et de livraison"},"content":{"rendered":"<h1 style=\"text-align: left;\">Conditions d&#8217;exp\u00e9dition et de livraison<\/h1>\n<p style=\"text-align: left;\">Votre commande sera trait\u00e9e imm\u00e9diatement et vous sera livr\u00e9e apr\u00e8s paiement, conform\u00e9ment au d\u00e9lai de livraison indiqu\u00e9 ci-dessous.<\/p>\n<p style=\"text-align: left;\">Les frais d&#8217;exp\u00e9dition vous seront factur\u00e9s <strong>en plus<\/strong> de la valeur de la marchandise.<\/p>\n<table>\n<tbody>\n<tr>\n<th>Zone de livraison<\/th>\n<th style=\"text-align: center;\">Frais d&#8217;exp\u00e9dition*.<\/th>\n<th style=\"text-align: center;\">D\u00e9lai de livraison env.<\/th>\n<\/tr>\n<tr>\n<td style=\"text-align: center;\">Allemagne<\/td>\n<td style=\"text-align: center;\">  5,50 \u20ac*<\/td>\n<td style=\"text-align: center;\">3 &#8211; 4 jours<\/td>\n<\/tr>\n<tr>\n<td style=\"text-align: center;\">Autriche<\/td>\n<td style=\"text-align: center;\">14,00 \u20ac*<\/td>\n<td style=\"text-align: center;\">4 &#8211; 6 jours<\/td>\n<\/tr>\n<tr>\n<td style=\"text-align: center;\">France<\/td>\n<td style=\"text-align: center;\">14,00 \u20ac*<\/td>\n<td style=\"text-align: center;\">4 &#8211; 6 jours<\/td>\n<\/tr>\n<tr>\n<td style=\"text-align: center;\">Espagne<\/td>\n<td style=\"text-align: center;\">14,00 \u20ac*<\/td>\n<td style=\"text-align: center;\">4 &#8211; 6 jours<\/td>\n<\/tr>\n<tr>\n<td style=\"text-align: center;\">Italie<\/td>\n<td style=\"text-align: center;\">14,00 \u20ac*<\/td>\n<td style=\"text-align: center;\">4 &#8211; 6 jours<\/td>\n<\/tr>\n<tr>\n<td style=\"text-align: center;\">Pays-Bas<\/td>\n<td style=\"text-align: center;\">14,00 \u20ac*<\/td>\n<td style=\"text-align: center;\">4 &#8211; 6 jours<\/td>\n<\/tr>\n<tr>\n<td style=\"text-align: center;\">Pologne<\/td>\n<td style=\"text-align: center;\">14,00 \u20ac*<\/td>\n<td style=\"text-align: center;\">4 &#8211; 6 jours<\/td>\n<\/tr>\n<tr>\n<td style=\"text-align: center;\">Luxembourg<\/td>\n<td style=\"text-align: center;\">14,00 \u20ac*<\/td>\n<td style=\"text-align: center;\">4 &#8211; 6 jours<\/td>\n<\/tr>\n<tr>\n<td style=\"text-align: center;\">Belgique<\/td>\n<td style=\"text-align: center;\">14,00 \u20ac*<\/td>\n<td style=\"text-align: center;\">4 &#8211; 6 jours<\/td>\n<\/tr>\n<tr>\n<td style=\"text-align: center;\">Suisse<\/td>\n<td style=\"text-align: center;\"><a href=\"https:\/\/remstim.com\/fr\/remstim-3000\/pas-denvoi-direct-en-suisse\/\">pas d&#8217;envoi direct, mais&#8230;<\/a><\/td>\n<td style=\"text-align: center;\"><a href=\"https:\/\/remstim.com\/fr\/remstim-3000\/pas-denvoi-direct-en-suisse\/\">plus&#8230;<\/a><\/td>\n<\/tr>\n<\/tbody>\n<\/table>\n<p style=\"text-align: left;\">*Frais d&#8217;exp\u00e9dition, TVA incluse<\/p>\n<h2 class=\"n\">M\u00e9thodes de paiement :<\/h2>\n<ul>\n<li>Carte de cr\u00e9dit\n<div>Paiement par carte de cr\u00e9dit. Vos donn\u00e9es sont crypt\u00e9es et transmises en toute s\u00e9curit\u00e9. Toutes les cartes de d\u00e9bit et de cr\u00e9dit courantes sont accept\u00e9es. Ces paiements sont effectu\u00e9s avec le prestataire de services de paiement Stripe.<\/div>\n<\/li>\n<li>PayPal (carte de cr\u00e9dit, pr\u00e9l\u00e8vement automatique, virement bancaire)\n<div>Paiement par PayPal. Apr\u00e8s avoir pass\u00e9 votre commande, vous serez redirig\u00e9 vers PayPal o\u00f9 vous pourrez payer facilement et en toute s\u00e9curit\u00e9 via votre compte.<\/div>\n<\/li>\n<li>Contre paiement d&#8217;avance par virement bancaire\n<div>Nos coordonn\u00e9es bancaires sont affich\u00e9es pendant le processus de commande et vous sont envoy\u00e9es une fois la commande termin\u00e9e. La mise \u00e0 disposition et la livraison ont lieu imm\u00e9diatement apr\u00e8s r\u00e9ception du paiement. Veuillez noter qu&#8217;un contrat d&#8217;achat ferme est conclu et que vous \u00eates donc tenu de payer. Nous vous prions de bien vouloir effectuer le virement dans les 7 jours, merci beaucoup !<\/div>\n<\/li>\n<\/ul>\n<h2 style=\"text-align: left;\">Transfert des risques : pour les consommateurs, les dispositions l\u00e9gales s&#8217;appliquent.<\/h2>\n<p style=\"text-align: left;\"><a href=\"https:\/\/remstim.com\/fr\/remstim-3000\/\"><img fetchpriority=\"high\" decoding=\"async\" class=\"alignleft wp-image-22015 size-medium\" src=\"https:\/\/remstim.com\/wp-content\/uploads\/2023\/09\/R3-im-Koffer_white-300x250.jpg\" alt=\"Remstim 3000 mod\u00e8le 2023 avec mallette\" width=\"300\" height=\"250\" srcset=\"https:\/\/remstim.com\/wp-content\/uploads\/2023\/09\/R3-im-Koffer_white-300x250.jpg 300w, https:\/\/remstim.com\/wp-content\/uploads\/2023\/09\/R3-im-Koffer_white-600x500.jpg 600w, https:\/\/remstim.com\/wp-content\/uploads\/2023\/09\/R3-im-Koffer_white-1024x853.jpg 1024w, https:\/\/remstim.com\/wp-content\/uploads\/2023\/09\/R3-im-Koffer_white-768x640.jpg 768w, https:\/\/remstim.com\/wp-content\/uploads\/2023\/09\/R3-im-Koffer_white.jpg 1200w\" sizes=\"(max-width: 300px) 100vw, 300px\" \/><\/a>Nous vous prions de nous informer le plus rapidement possible<a title=\"Mentions l\u00e9gales\" href=\"https:\/\/remstim.com\/fr\/mentions-legales\/\">(contact<\/a>) si la livraison est incompl\u00e8te ou endommag\u00e9e. En cas de dommage visible sur le carton d&#8217;emballage, veuillez faire une r\u00e9clamation aupr\u00e8s de l&#8217;entreprise de transport d\u00e8s la livraison. Veuillez faire confirmer votre r\u00e9clamation par \u00e9crit.<\/p>\n<p style=\"text-align: left;\">Nous exp\u00e9dions le <a title=\"REMSTIM 3000\" href=\"https:\/\/remstim.com\/fr\/remstim-3000\/\">REMSTIM 3000<\/a> exclusivement dans sa mallette de protection, ce qui permet d&#8217;\u00e9viter au maximum les dommages. Si toutefois le <a title=\"REMSTIM 3000\" href=\"https:\/\/remstim.com\/fr\/remstim-3000\/\">REMSTIM 3000<\/a> a \u00e9t\u00e9 endommag\u00e9 pendant le transport, veuillez nous le renvoyer imm\u00e9diatement dans son int\u00e9gralit\u00e9 avec la mallette, le mode d&#8217;emploi et le suremballage d&#8217;origine ainsi que la confirmation de r\u00e9clamation de l&#8217;entreprise de transport. Vous recevrez une nouvelle marchandise le plus rapidement possible apr\u00e8s r\u00e9ception par nos soins.<\/p>\n","protected":false},"excerpt":{"rendered":"<p>Conditions d&#8217;exp\u00e9dition et de livraison Votre commande sera trait\u00e9e imm\u00e9diatement et vous sera livr\u00e9e apr\u00e8s paiement, conform\u00e9ment au d\u00e9lai de livraison indiqu\u00e9 ci-dessous. Les frais d&#8217;exp\u00e9dition vous seront factur\u00e9s en plus de la valeur de la marchandise. Zone de livraison Frais d&#8217;exp\u00e9dition*. D\u00e9lai de livraison env. Allemagne 5,50 \u20ac* 3 &#8211; 4 jours Autriche 14,00 [&hellip;]<\/p>\n","protected":false},"author":1,"featured_media":0,"parent":11753,"menu_order":4,"comment_status":"closed","ping_status":"closed","template":"","meta":{"_acf_changed":false,"site-sidebar-layout":"default","site-content-layout":"default","ast-site-content-layout":"default","site-content-style":"default","site-sidebar-style":"default","ast-global-header-display":"","ast-banner-title-visibility":"","ast-main-header-display":"","ast-hfb-above-header-display":"","ast-hfb-below-header-display":"","ast-hfb-mobile-header-display":"","site-post-title":"","ast-breadcrumbs-content":"","ast-featured-img":"","footer-sml-layout":"","ast-disable-related-posts":"","theme-transparent-header-meta":"default","adv-header-id-meta":"","stick-header-meta":"default","header-above-stick-meta":"","header-main-stick-meta":"","header-below-stick-meta":"","astra-migrate-meta-layouts":"default","ast-page-background-enabled":"default","ast-page-background-meta":{"desktop":{"background-color":"var(--ast-global-color-4)","background-image":"","background-repeat":"repeat","background-position":"center center","background-size":"auto","background-attachment":"scroll","background-type":"","background-media":"","overlay-type":"","overlay-color":"","overlay-opacity":"","overlay-gradient":""},"tablet":{"background-color":"","background-image":"","background-repeat":"repeat","background-position":"center center","background-size":"auto","background-attachment":"scroll","background-type":"","background-media":"","overlay-type":"","overlay-color":"","overlay-opacity":"","overlay-gradient":""},"mobile":{"background-color":"","background-image":"","background-repeat":"repeat","background-position":"center center","background-size":"auto","background-attachment":"scroll","background-type":"","background-media":"","overlay-type":"","overlay-color":"","overlay-opacity":"","overlay-gradient":""}},"ast-content-background-meta":{"desktop":{"background-color":"var(--ast-global-color-5)","background-image":"","background-repeat":"repeat","background-position":"center center","background-size":"auto","background-attachment":"scroll","background-type":"","background-media":"","overlay-type":"","overlay-color":"","overlay-opacity":"","overlay-gradient":""},"tablet":{"background-color":"var(--ast-global-color-5)","background-image":"","background-repeat":"repeat","background-position":"center center","background-size":"auto","background-attachment":"scroll","background-type":"","background-media":"","overlay-type":"","overlay-color":"","overlay-opacity":"","overlay-gradient":""},"mobile":{"background-color":"var(--ast-global-color-5)","background-image":"","background-repeat":"repeat","background-position":"center center","background-size":"auto","background-attachment":"scroll","background-type":"","background-media":"","overlay-type":"","overlay-color":"","overlay-opacity":"","overlay-gradient":""}},"footnotes":""},"class_list":["post-11650","page","type-page","status-publish","hentry"],"acf":[],"yoast_head":"<!-- This site is optimized with the Yoast SEO plugin v27.3 - https:\/\/yoast.com\/product\/yoast-seo-wordpress\/ -->\n<title>Conditions d&#039;exp\u00e9dition et de livraison de l&#039;appareil EMDR REMSTIM 3000<\/title>\n<meta name=\"description\" content=\"Votre commande sera trait\u00e9e imm\u00e9diatement et vous sera livr\u00e9e par colis DHL dans les meilleurs d\u00e9lais apr\u00e8s paiement.\" \/>\n<meta name=\"robots\" content=\"index, follow, max-snippet:-1, max-image-preview:large, max-video-preview:-1\" \/>\n<link rel=\"canonical\" href=\"https:\/\/remstim.com\/fr\/remstim-3000\/conditions-dexpedition-et-de-livraison\/\" \/>\n<meta property=\"og:locale\" content=\"fr_FR\" \/>\n<meta property=\"og:type\" content=\"article\" \/>\n<meta property=\"og:title\" content=\"Conditions d&#039;exp\u00e9dition et de livraison de l&#039;appareil EMDR REMSTIM 3000\" \/>\n<meta property=\"og:description\" content=\"Votre commande sera trait\u00e9e imm\u00e9diatement et vous sera livr\u00e9e par colis DHL dans les meilleurs d\u00e9lais apr\u00e8s paiement.\" \/>\n<meta property=\"og:url\" content=\"https:\/\/remstim.com\/fr\/remstim-3000\/conditions-dexpedition-et-de-livraison\/\" \/>\n<meta property=\"og:site_name\" content=\"EMDR Ger\u00e4t REMSTIM 3000 gegen Stress\" \/>\n<meta property=\"article:modified_time\" content=\"2023-11-06T19:15:53+00:00\" \/>\n<meta property=\"og:image\" content=\"https:\/\/remstim.com\/wp-content\/uploads\/2023\/09\/R3-im-Koffer_white-300x250.jpg\" \/>\n<meta name=\"twitter:label1\" content=\"Dur\u00e9e de lecture estim\u00e9e\" \/>\n\t<meta name=\"twitter:data1\" content=\"2 minutes\" \/>\n<script type=\"application\/ld+json\" class=\"yoast-schema-graph\">{\"@context\":\"https:\\\/\\\/schema.org\",\"@graph\":[{\"@type\":\"WebPage\",\"@id\":\"https:\\\/\\\/remstim.com\\\/fr\\\/remstim-3000\\\/conditions-dexpedition-et-de-livraison\\\/\",\"url\":\"https:\\\/\\\/remstim.com\\\/fr\\\/remstim-3000\\\/conditions-dexpedition-et-de-livraison\\\/\",\"name\":\"Conditions d'exp\u00e9dition et de livraison de l'appareil EMDR REMSTIM 3000\",\"isPartOf\":{\"@id\":\"https:\\\/\\\/remstim.com\\\/fr\\\/#website\"},\"primaryImageOfPage\":{\"@id\":\"https:\\\/\\\/remstim.com\\\/fr\\\/remstim-3000\\\/conditions-dexpedition-et-de-livraison\\\/#primaryimage\"},\"image\":{\"@id\":\"https:\\\/\\\/remstim.com\\\/fr\\\/remstim-3000\\\/conditions-dexpedition-et-de-livraison\\\/#primaryimage\"},\"thumbnailUrl\":\"https:\\\/\\\/remstim.com\\\/wp-content\\\/uploads\\\/2023\\\/09\\\/R3-im-Koffer_white-300x250.jpg\",\"datePublished\":\"2011-02-16T12:12:40+00:00\",\"dateModified\":\"2023-11-06T19:15:53+00:00\",\"description\":\"Votre commande sera trait\u00e9e imm\u00e9diatement et vous sera livr\u00e9e par colis DHL dans les meilleurs d\u00e9lais apr\u00e8s paiement.\",\"breadcrumb\":{\"@id\":\"https:\\\/\\\/remstim.com\\\/fr\\\/remstim-3000\\\/conditions-dexpedition-et-de-livraison\\\/#breadcrumb\"},\"inLanguage\":\"fr-FR\",\"potentialAction\":[{\"@type\":\"ReadAction\",\"target\":[\"https:\\\/\\\/remstim.com\\\/fr\\\/remstim-3000\\\/conditions-dexpedition-et-de-livraison\\\/\"]}]},{\"@type\":\"ImageObject\",\"inLanguage\":\"fr-FR\",\"@id\":\"https:\\\/\\\/remstim.com\\\/fr\\\/remstim-3000\\\/conditions-dexpedition-et-de-livraison\\\/#primaryimage\",\"url\":\"https:\\\/\\\/remstim.com\\\/wp-content\\\/uploads\\\/2023\\\/09\\\/R3-im-Koffer_white-300x250.jpg\",\"contentUrl\":\"https:\\\/\\\/remstim.com\\\/wp-content\\\/uploads\\\/2023\\\/09\\\/R3-im-Koffer_white-300x250.jpg\"},{\"@type\":\"BreadcrumbList\",\"@id\":\"https:\\\/\\\/remstim.com\\\/fr\\\/remstim-3000\\\/conditions-dexpedition-et-de-livraison\\\/#breadcrumb\",\"itemListElement\":[{\"@type\":\"ListItem\",\"position\":1,\"name\":\"Startseite\",\"item\":\"https:\\\/\\\/remstim.com\\\/fr\\\/\"},{\"@type\":\"ListItem\",\"position\":2,\"name\":\"Lunettes EMDR REMSTIM 3000\",\"item\":\"https:\\\/\\\/remstim.com\\\/fr\\\/remstim-3000\\\/\"},{\"@type\":\"ListItem\",\"position\":3,\"name\":\"Conditions d&#8217;exp\u00e9dition et de livraison\"}]},{\"@type\":\"WebSite\",\"@id\":\"https:\\\/\\\/remstim.com\\\/fr\\\/#website\",\"url\":\"https:\\\/\\\/remstim.com\\\/fr\\\/\",\"name\":\"EMDR Ger\u00e4t REMSTIM 3000 gegen Stress\",\"description\":\"Wie wir schnell Entspannung finden.\",\"publisher\":{\"@id\":\"https:\\\/\\\/remstim.com\\\/fr\\\/#organization\"},\"potentialAction\":[{\"@type\":\"SearchAction\",\"target\":{\"@type\":\"EntryPoint\",\"urlTemplate\":\"https:\\\/\\\/remstim.com\\\/fr\\\/?s={search_term_string}\"},\"query-input\":{\"@type\":\"PropertyValueSpecification\",\"valueRequired\":true,\"valueName\":\"search_term_string\"}}],\"inLanguage\":\"fr-FR\"},{\"@type\":\"Organization\",\"@id\":\"https:\\\/\\\/remstim.com\\\/fr\\\/#organization\",\"name\":\"EMDR Ger\u00e4t REMSTIM 3000 gegen Stress\",\"url\":\"https:\\\/\\\/remstim.com\\\/fr\\\/\",\"logo\":{\"@type\":\"ImageObject\",\"inLanguage\":\"fr-FR\",\"@id\":\"https:\\\/\\\/remstim.com\\\/fr\\\/#\\\/schema\\\/logo\\\/image\\\/\",\"url\":\"https:\\\/\\\/remstim.com\\\/wp-content\\\/uploads\\\/2012\\\/06\\\/REMSTIM-Logo-mit-Untertitel_orange-e1340382850185.png\",\"contentUrl\":\"https:\\\/\\\/remstim.com\\\/wp-content\\\/uploads\\\/2012\\\/06\\\/REMSTIM-Logo-mit-Untertitel_orange-e1340382850185.png\",\"width\":304,\"height\":80,\"caption\":\"EMDR Ger\u00e4t REMSTIM 3000 gegen Stress\"},\"image\":{\"@id\":\"https:\\\/\\\/remstim.com\\\/fr\\\/#\\\/schema\\\/logo\\\/image\\\/\"}}]}<\/script>\n<!-- \/ Yoast SEO plugin. -->","yoast_head_json":{"title":"Conditions d'exp\u00e9dition et de livraison de l'appareil EMDR REMSTIM 3000","description":"Votre commande sera trait\u00e9e imm\u00e9diatement et vous sera livr\u00e9e par colis DHL dans les meilleurs d\u00e9lais apr\u00e8s paiement.","robots":{"index":"index","follow":"follow","max-snippet":"max-snippet:-1","max-image-preview":"max-image-preview:large","max-video-preview":"max-video-preview:-1"},"canonical":"https:\/\/remstim.com\/fr\/remstim-3000\/conditions-dexpedition-et-de-livraison\/","og_locale":"fr_FR","og_type":"article","og_title":"Conditions d'exp\u00e9dition et de livraison de l'appareil EMDR REMSTIM 3000","og_description":"Votre commande sera trait\u00e9e imm\u00e9diatement et vous sera livr\u00e9e par colis DHL dans les meilleurs d\u00e9lais apr\u00e8s paiement.","og_url":"https:\/\/remstim.com\/fr\/remstim-3000\/conditions-dexpedition-et-de-livraison\/","og_site_name":"EMDR Ger\u00e4t REMSTIM 3000 gegen Stress","article_modified_time":"2023-11-06T19:15:53+00:00","og_image":[{"url":"https:\/\/remstim.com\/wp-content\/uploads\/2023\/09\/R3-im-Koffer_white-300x250.jpg","type":"","width":"","height":""}],"twitter_misc":{"Dur\u00e9e de lecture estim\u00e9e":"2 minutes"},"schema":{"@context":"https:\/\/schema.org","@graph":[{"@type":"WebPage","@id":"https:\/\/remstim.com\/fr\/remstim-3000\/conditions-dexpedition-et-de-livraison\/","url":"https:\/\/remstim.com\/fr\/remstim-3000\/conditions-dexpedition-et-de-livraison\/","name":"Conditions d'exp\u00e9dition et de livraison de l'appareil EMDR REMSTIM 3000","isPartOf":{"@id":"https:\/\/remstim.com\/fr\/#website"},"primaryImageOfPage":{"@id":"https:\/\/remstim.com\/fr\/remstim-3000\/conditions-dexpedition-et-de-livraison\/#primaryimage"},"image":{"@id":"https:\/\/remstim.com\/fr\/remstim-3000\/conditions-dexpedition-et-de-livraison\/#primaryimage"},"thumbnailUrl":"https:\/\/remstim.com\/wp-content\/uploads\/2023\/09\/R3-im-Koffer_white-300x250.jpg","datePublished":"2011-02-16T12:12:40+00:00","dateModified":"2023-11-06T19:15:53+00:00","description":"Votre commande sera trait\u00e9e imm\u00e9diatement et vous sera livr\u00e9e par colis DHL dans les meilleurs d\u00e9lais apr\u00e8s paiement.","breadcrumb":{"@id":"https:\/\/remstim.com\/fr\/remstim-3000\/conditions-dexpedition-et-de-livraison\/#breadcrumb"},"inLanguage":"fr-FR","potentialAction":[{"@type":"ReadAction","target":["https:\/\/remstim.com\/fr\/remstim-3000\/conditions-dexpedition-et-de-livraison\/"]}]},{"@type":"ImageObject","inLanguage":"fr-FR","@id":"https:\/\/remstim.com\/fr\/remstim-3000\/conditions-dexpedition-et-de-livraison\/#primaryimage","url":"https:\/\/remstim.com\/wp-content\/uploads\/2023\/09\/R3-im-Koffer_white-300x250.jpg","contentUrl":"https:\/\/remstim.com\/wp-content\/uploads\/2023\/09\/R3-im-Koffer_white-300x250.jpg"},{"@type":"BreadcrumbList","@id":"https:\/\/remstim.com\/fr\/remstim-3000\/conditions-dexpedition-et-de-livraison\/#breadcrumb","itemListElement":[{"@type":"ListItem","position":1,"name":"Startseite","item":"https:\/\/remstim.com\/fr\/"},{"@type":"ListItem","position":2,"name":"Lunettes EMDR REMSTIM 3000","item":"https:\/\/remstim.com\/fr\/remstim-3000\/"},{"@type":"ListItem","position":3,"name":"Conditions d&#8217;exp\u00e9dition et de livraison"}]},{"@type":"WebSite","@id":"https:\/\/remstim.com\/fr\/#website","url":"https:\/\/remstim.com\/fr\/","name":"EMDR Ger\u00e4t REMSTIM 3000 gegen Stress","description":"Wie wir schnell Entspannung finden.","publisher":{"@id":"https:\/\/remstim.com\/fr\/#organization"},"potentialAction":[{"@type":"SearchAction","target":{"@type":"EntryPoint","urlTemplate":"https:\/\/remstim.com\/fr\/?s={search_term_string}"},"query-input":{"@type":"PropertyValueSpecification","valueRequired":true,"valueName":"search_term_string"}}],"inLanguage":"fr-FR"},{"@type":"Organization","@id":"https:\/\/remstim.com\/fr\/#organization","name":"EMDR Ger\u00e4t REMSTIM 3000 gegen Stress","url":"https:\/\/remstim.com\/fr\/","logo":{"@type":"ImageObject","inLanguage":"fr-FR","@id":"https:\/\/remstim.com\/fr\/#\/schema\/logo\/image\/","url":"https:\/\/remstim.com\/wp-content\/uploads\/2012\/06\/REMSTIM-Logo-mit-Untertitel_orange-e1340382850185.png","contentUrl":"https:\/\/remstim.com\/wp-content\/uploads\/2012\/06\/REMSTIM-Logo-mit-Untertitel_orange-e1340382850185.png","width":304,"height":80,"caption":"EMDR Ger\u00e4t REMSTIM 3000 gegen Stress"},"image":{"@id":"https:\/\/remstim.com\/fr\/#\/schema\/logo\/image\/"}}]}},"_links":{"self":[{"href":"https:\/\/remstim.com\/fr\/wp-json\/wp\/v2\/pages\/11650","targetHints":{"allow":["GET"]}}],"collection":[{"href":"https:\/\/remstim.com\/fr\/wp-json\/wp\/v2\/pages"}],"about":[{"href":"https:\/\/remstim.com\/fr\/wp-json\/wp\/v2\/types\/page"}],"author":[{"embeddable":true,"href":"https:\/\/remstim.com\/fr\/wp-json\/wp\/v2\/users\/1"}],"replies":[{"embeddable":true,"href":"https:\/\/remstim.com\/fr\/wp-json\/wp\/v2\/comments?post=11650"}],"version-history":[{"count":2,"href":"https:\/\/remstim.com\/fr\/wp-json\/wp\/v2\/pages\/11650\/revisions"}],"predecessor-version":[{"id":25785,"href":"https:\/\/remstim.com\/fr\/wp-json\/wp\/v2\/pages\/11650\/revisions\/25785"}],"up":[{"embeddable":true,"href":"https:\/\/remstim.com\/fr\/wp-json\/wp\/v2\/pages\/11753"}],"wp:attachment":[{"href":"https:\/\/remstim.com\/fr\/wp-json\/wp\/v2\/media?parent=11650"}],"curies":[{"name":"wp","href":"https:\/\/api.w.org\/{rel}","templated":true}]}}