{"id":11651,"date":"2011-02-16T12:13:48","date_gmt":"2011-02-16T12:13:48","guid":{"rendered":"https:\/\/remstim.de\/payer-en-toute-securite-avec-paypal\/"},"modified":"2023-10-24T08:21:42","modified_gmt":"2023-10-24T08:21:42","slug":"payer-en-toute-securite-avec-paypal","status":"publish","type":"page","link":"https:\/\/remstim.com\/fr\/remstim-3000\/payer-en-toute-securite-avec-paypal\/","title":{"rendered":"M\u00e9thodes de paiement"},"content":{"rendered":"<h1>Les m\u00e9thodes de paiement suivantes sont \u00e0 votre disposition :<\/h1>\n<p>&nbsp;<\/p>\n<div id='gallery-1' class='gallery galleryid-11651 gallery-columns-5 gallery-size-medium'><figure class='gallery-item'>\n\t\t\t<div class='gallery-icon landscape'>\n\t\t\t\t<img decoding=\"async\" width=\"300\" height=\"156\" src=\"https:\/\/remstim.com\/wp-content\/uploads\/2023\/09\/Vorkasse-300x156.png\" class=\"attachment-medium size-medium\" alt=\"\" srcset=\"https:\/\/remstim.com\/wp-content\/uploads\/2023\/09\/Vorkasse-300x156.png 300w, https:\/\/remstim.com\/wp-content\/uploads\/2023\/09\/Vorkasse.png 431w\" sizes=\"(max-width: 300px) 100vw, 300px\" \/>\n\t\t\t<\/div><\/figure><figure class='gallery-item'>\n\t\t\t<div class='gallery-icon landscape'>\n\t\t\t\t<img decoding=\"async\" width=\"300\" height=\"139\" src=\"https:\/\/remstim.com\/wp-content\/uploads\/2023\/09\/giropay-300x139.png\" class=\"attachment-medium size-medium\" alt=\"\" srcset=\"https:\/\/remstim.com\/wp-content\/uploads\/2023\/09\/giropay-300x139.png 300w, https:\/\/remstim.com\/wp-content\/uploads\/2023\/09\/giropay-1024x473.png 1024w, https:\/\/remstim.com\/wp-content\/uploads\/2023\/09\/giropay-768x355.png 768w, https:\/\/remstim.com\/wp-content\/uploads\/2023\/09\/giropay-600x277.png 600w, https:\/\/remstim.com\/wp-content\/uploads\/2023\/09\/giropay.png 1280w\" sizes=\"(max-width: 300px) 100vw, 300px\" \/>\n\t\t\t<\/div><\/figure><figure class='gallery-item'>\n\t\t\t<div class='gallery-icon landscape'>\n\t\t\t\t<img fetchpriority=\"high\" decoding=\"async\" width=\"300\" height=\"167\" src=\"https:\/\/remstim.com\/wp-content\/uploads\/2023\/09\/klarna-300x167.png\" class=\"attachment-medium size-medium\" alt=\"\" srcset=\"https:\/\/remstim.com\/wp-content\/uploads\/2023\/09\/klarna-300x167.png 300w, https:\/\/remstim.com\/wp-content\/uploads\/2023\/09\/klarna-1024x570.png 1024w, https:\/\/remstim.com\/wp-content\/uploads\/2023\/09\/klarna-768x427.png 768w, https:\/\/remstim.com\/wp-content\/uploads\/2023\/09\/klarna-600x334.png 600w, https:\/\/remstim.com\/wp-content\/uploads\/2023\/09\/klarna.png 1280w\" sizes=\"(max-width: 300px) 100vw, 300px\" \/>\n\t\t\t<\/div><\/figure><figure class='gallery-item'>\n\t\t\t<div class='gallery-icon landscape'>\n\t\t\t\t<img loading=\"lazy\" decoding=\"async\" width=\"300\" height=\"167\" src=\"https:\/\/remstim.com\/wp-content\/uploads\/2023\/09\/p24-300x167.png\" class=\"attachment-medium size-medium\" alt=\"\" srcset=\"https:\/\/remstim.com\/wp-content\/uploads\/2023\/09\/p24-300x167.png 300w, https:\/\/remstim.com\/wp-content\/uploads\/2023\/09\/p24-768x427.png 768w, https:\/\/remstim.com\/wp-content\/uploads\/2023\/09\/p24-600x333.png 600w, https:\/\/remstim.com\/wp-content\/uploads\/2023\/09\/p24.png 900w\" sizes=\"(max-width: 300px) 100vw, 300px\" \/>\n\t\t\t<\/div><\/figure><figure class='gallery-item'>\n\t\t\t<div class='gallery-icon landscape'>\n\t\t\t\t<img loading=\"lazy\" decoding=\"async\" width=\"300\" height=\"195\" src=\"https:\/\/remstim.com\/wp-content\/uploads\/2023\/09\/eps-300x195.png\" class=\"attachment-medium size-medium\" alt=\"\" srcset=\"https:\/\/remstim.com\/wp-content\/uploads\/2023\/09\/eps-300x195.png 300w, https:\/\/remstim.com\/wp-content\/uploads\/2023\/09\/eps-1024x665.png 1024w, https:\/\/remstim.com\/wp-content\/uploads\/2023\/09\/eps-768x499.png 768w, https:\/\/remstim.com\/wp-content\/uploads\/2023\/09\/eps-1536x997.png 1536w, https:\/\/remstim.com\/wp-content\/uploads\/2023\/09\/eps-2048x1330.png 2048w, https:\/\/remstim.com\/wp-content\/uploads\/2023\/09\/eps-600x390.png 600w\" sizes=\"(max-width: 300px) 100vw, 300px\" \/>\n\t\t\t<\/div><\/figure><figure class='gallery-item'>\n\t\t\t<div class='gallery-icon landscape'>\n\t\t\t\t<img loading=\"lazy\" decoding=\"async\" width=\"263\" height=\"192\" src=\"https:\/\/remstim.com\/wp-content\/uploads\/2023\/09\/Visa.png\" class=\"attachment-medium size-medium\" alt=\"\" \/>\n\t\t\t<\/div><\/figure><figure class='gallery-item'>\n\t\t\t<div class='gallery-icon landscape'>\n\t\t\t\t<img loading=\"lazy\" decoding=\"async\" width=\"268\" height=\"188\" src=\"https:\/\/remstim.com\/wp-content\/uploads\/2023\/09\/mastercard.png\" class=\"attachment-medium size-medium\" alt=\"\" \/>\n\t\t\t<\/div><\/figure><figure class='gallery-item'>\n\t\t\t<div class='gallery-icon landscape'>\n\t\t\t\t<img loading=\"lazy\" decoding=\"async\" width=\"300\" height=\"190\" src=\"https:\/\/remstim.com\/wp-content\/uploads\/2023\/09\/discover-300x190.jpg\" class=\"attachment-medium size-medium\" alt=\"\" srcset=\"https:\/\/remstim.com\/wp-content\/uploads\/2023\/09\/discover-300x190.jpg 300w, https:\/\/remstim.com\/wp-content\/uploads\/2023\/09\/discover.jpg 490w\" sizes=\"(max-width: 300px) 100vw, 300px\" \/>\n\t\t\t<\/div><\/figure><figure class='gallery-item'>\n\t\t\t<div class='gallery-icon landscape'>\n\t\t\t\t<img loading=\"lazy\" decoding=\"async\" width=\"281\" height=\"180\" src=\"https:\/\/remstim.com\/wp-content\/uploads\/2023\/09\/union.png\" class=\"attachment-medium size-medium\" alt=\"\" \/>\n\t\t\t<\/div><\/figure><figure class='gallery-item'>\n\t\t\t<div class='gallery-icon landscape'>\n\t\t\t\t<img loading=\"lazy\" decoding=\"async\" width=\"300\" height=\"141\" src=\"https:\/\/remstim.com\/wp-content\/uploads\/2023\/09\/blik-300x141.png\" class=\"attachment-medium size-medium\" alt=\"\" srcset=\"https:\/\/remstim.com\/wp-content\/uploads\/2023\/09\/blik-300x141.png 300w, https:\/\/remstim.com\/wp-content\/uploads\/2023\/09\/blik-768x361.png 768w, https:\/\/remstim.com\/wp-content\/uploads\/2023\/09\/blik-600x282.png 600w, https:\/\/remstim.com\/wp-content\/uploads\/2023\/09\/blik.png 800w\" sizes=\"(max-width: 300px) 100vw, 300px\" \/>\n\t\t\t<\/div><\/figure><figure class='gallery-item'>\n\t\t\t<div class='gallery-icon landscape'>\n\t\t\t\t<img loading=\"lazy\" decoding=\"async\" width=\"225\" height=\"225\" src=\"https:\/\/remstim.com\/wp-content\/uploads\/2023\/09\/paypal.png\" class=\"attachment-medium size-medium\" alt=\"\" srcset=\"https:\/\/remstim.com\/wp-content\/uploads\/2023\/09\/paypal.png 225w, https:\/\/remstim.com\/wp-content\/uploads\/2023\/09\/paypal-150x150.png 150w, https:\/\/remstim.com\/wp-content\/uploads\/2023\/09\/paypal-100x100.png 100w\" sizes=\"(max-width: 225px) 100vw, 225px\" \/>\n\t\t\t<\/div><\/figure><figure class='gallery-item'>\n\t\t\t<div class='gallery-icon landscape'>\n\t\t\t\t<img loading=\"lazy\" decoding=\"async\" width=\"225\" height=\"225\" src=\"https:\/\/remstim.com\/wp-content\/uploads\/2023\/09\/diners.png\" class=\"attachment-medium size-medium\" alt=\"\" srcset=\"https:\/\/remstim.com\/wp-content\/uploads\/2023\/09\/diners.png 225w, https:\/\/remstim.com\/wp-content\/uploads\/2023\/09\/diners-150x150.png 150w, https:\/\/remstim.com\/wp-content\/uploads\/2023\/09\/diners-100x100.png 100w\" sizes=\"(max-width: 225px) 100vw, 225px\" \/>\n\t\t\t<\/div><\/figure><figure class='gallery-item'>\n\t\t\t<div class='gallery-icon landscape'>\n\t\t\t\t<img loading=\"lazy\" decoding=\"async\" width=\"225\" height=\"225\" src=\"https:\/\/remstim.com\/wp-content\/uploads\/2023\/09\/amex.png\" class=\"attachment-medium size-medium\" alt=\"\" srcset=\"https:\/\/remstim.com\/wp-content\/uploads\/2023\/09\/amex.png 225w, https:\/\/remstim.com\/wp-content\/uploads\/2023\/09\/amex-150x150.png 150w, https:\/\/remstim.com\/wp-content\/uploads\/2023\/09\/amex-100x100.png 100w\" sizes=\"(max-width: 225px) 100vw, 225px\" \/>\n\t\t\t<\/div><\/figure><figure class='gallery-item'>\n\t\t\t<div class='gallery-icon landscape'>\n\t\t\t\t<img loading=\"lazy\" decoding=\"async\" width=\"300\" height=\"231\" src=\"https:\/\/remstim.com\/wp-content\/uploads\/2023\/09\/jcb-300x231.jpg\" class=\"attachment-medium size-medium\" alt=\"\" srcset=\"https:\/\/remstim.com\/wp-content\/uploads\/2023\/09\/jcb-300x231.jpg 300w, https:\/\/remstim.com\/wp-content\/uploads\/2023\/09\/jcb-768x592.jpg 768w, https:\/\/remstim.com\/wp-content\/uploads\/2023\/09\/jcb-600x462.jpg 600w, https:\/\/remstim.com\/wp-content\/uploads\/2023\/09\/jcb.jpg 1024w\" sizes=\"(max-width: 300px) 100vw, 300px\" \/>\n\t\t\t<\/div><\/figure><figure class='gallery-item'>\n\t\t\t<div class='gallery-icon landscape'>\n\t\t\t\t<img loading=\"lazy\" decoding=\"async\" width=\"241\" height=\"209\" src=\"https:\/\/remstim.com\/wp-content\/uploads\/2023\/09\/ideal.png\" class=\"attachment-medium size-medium\" alt=\"\" \/>\n\t\t\t<\/div><\/figure><figure class='gallery-item'>\n\t\t\t<div class='gallery-icon landscape'>\n\t\t\t\t<img loading=\"lazy\" decoding=\"async\" width=\"300\" height=\"213\" src=\"https:\/\/remstim.com\/wp-content\/uploads\/2023\/09\/Bancontact-300x213.png\" class=\"attachment-medium size-medium\" alt=\"\" srcset=\"https:\/\/remstim.com\/wp-content\/uploads\/2023\/09\/Bancontact-300x213.png 300w, https:\/\/remstim.com\/wp-content\/uploads\/2023\/09\/Bancontact-1024x726.png 1024w, https:\/\/remstim.com\/wp-content\/uploads\/2023\/09\/Bancontact-768x544.png 768w, https:\/\/remstim.com\/wp-content\/uploads\/2023\/09\/Bancontact-600x425.png 600w, https:\/\/remstim.com\/wp-content\/uploads\/2023\/09\/Bancontact.png 1280w\" sizes=\"(max-width: 300px) 100vw, 300px\" \/>\n\t\t\t<\/div><\/figure>\n\t\t<\/div>\n\n<p>\u00c0 l&#8217;exception du paiement anticip\u00e9 \/ virement bancaire, les m\u00e9thodes de paiement sont trait\u00e9es avec les prestataires de services de paiement <a href=\"https:\/\/stripe.com\/de\" target=\"_blank\" rel=\"noopener\">Stripe<\/a> ou <a href=\"http:\/\/paypal.com\" target=\"_blank\" rel=\"noopener\">PayPal<\/a>.<\/p>\n<p>Nous sommes \u00e0 votre disposition pour r\u00e9pondre \u00e0 vos questions. \u00c9crivez-nous : info@remstim.com<\/p>\n<p>Veuillez lire nos informations concernant <a href=\"https:\/\/remstim.com\/fr\/mentions-legales\/declaration-de-confidentialite\/\">la protection des donn\u00e9es<\/a>, les <a href=\"https:\/\/remstim.com\/fr\/mentions-legales\/conditions-generales-de-vente\/\">conditions g\u00e9n\u00e9rales de vente<\/a>, les <a href=\"https:\/\/remstim.com\/fr\/remstim-3000\/conditions-dexpedition-et-de-livraison\/\">conditions d&#8217;exp\u00e9dition et de livraison<\/a> et <a href=\"https:\/\/remstim.com\/fr\/mentions-legales\/\">les mentions l\u00e9gales<\/a>.<\/p>\n","protected":false},"excerpt":{"rendered":"<p>Les m\u00e9thodes de paiement suivantes sont \u00e0 votre disposition : &nbsp; \u00c0 l&#8217;exception du paiement anticip\u00e9 \/ virement bancaire, les m\u00e9thodes de paiement sont trait\u00e9es avec les prestataires de services de paiement Stripe ou PayPal. Nous sommes \u00e0 votre disposition pour r\u00e9pondre \u00e0 vos questions. \u00c9crivez-nous : info@remstim.com Veuillez lire nos informations concernant la protection [&hellip;]<\/p>\n","protected":false},"author":1,"featured_media":0,"parent":11753,"menu_order":1,"comment_status":"closed","ping_status":"closed","template":"","meta":{"_acf_changed":false,"site-sidebar-layout":"default","site-content-layout":"default","ast-site-content-layout":"default","site-content-style":"default","site-sidebar-style":"default","ast-global-header-display":"","ast-banner-title-visibility":"","ast-main-header-display":"","ast-hfb-above-header-display":"","ast-hfb-below-header-display":"","ast-hfb-mobile-header-display":"","site-post-title":"","ast-breadcrumbs-content":"","ast-featured-img":"","footer-sml-layout":"","ast-disable-related-posts":"","theme-transparent-header-meta":"default","adv-header-id-meta":"","stick-header-meta":"default","header-above-stick-meta":"","header-main-stick-meta":"","header-below-stick-meta":"","astra-migrate-meta-layouts":"default","ast-page-background-enabled":"default","ast-page-background-meta":{"desktop":{"background-color":"var(--ast-global-color-4)","background-image":"","background-repeat":"repeat","background-position":"center center","background-size":"auto","background-attachment":"scroll","background-type":"","background-media":"","overlay-type":"","overlay-color":"","overlay-opacity":"","overlay-gradient":""},"tablet":{"background-color":"","background-image":"","background-repeat":"repeat","background-position":"center center","background-size":"auto","background-attachment":"scroll","background-type":"","background-media":"","overlay-type":"","overlay-color":"","overlay-opacity":"","overlay-gradient":""},"mobile":{"background-color":"","background-image":"","background-repeat":"repeat","background-position":"center center","background-size":"auto","background-attachment":"scroll","background-type":"","background-media":"","overlay-type":"","overlay-color":"","overlay-opacity":"","overlay-gradient":""}},"ast-content-background-meta":{"desktop":{"background-color":"var(--ast-global-color-5)","background-image":"","background-repeat":"repeat","background-position":"center center","background-size":"auto","background-attachment":"scroll","background-type":"","background-media":"","overlay-type":"","overlay-color":"","overlay-opacity":"","overlay-gradient":""},"tablet":{"background-color":"var(--ast-global-color-5)","background-image":"","background-repeat":"repeat","background-position":"center center","background-size":"auto","background-attachment":"scroll","background-type":"","background-media":"","overlay-type":"","overlay-color":"","overlay-opacity":"","overlay-gradient":""},"mobile":{"background-color":"var(--ast-global-color-5)","background-image":"","background-repeat":"repeat","background-position":"center center","background-size":"auto","background-attachment":"scroll","background-type":"","background-media":"","overlay-type":"","overlay-color":"","overlay-opacity":"","overlay-gradient":""}},"footnotes":""},"class_list":["post-11651","page","type-page","status-publish","hentry"],"acf":[],"yoast_head":"<!-- This site is optimized with the Yoast SEO plugin v27.3 - https:\/\/yoast.com\/product\/yoast-seo-wordpress\/ -->\n<title>M\u00e9thodes de paiement - EMDR Ger\u00e4t REMSTIM 3000 gegen Stress<\/title>\n<meta name=\"robots\" content=\"noindex, nofollow\" \/>\n<meta property=\"og:locale\" content=\"fr_FR\" \/>\n<meta property=\"og:type\" content=\"article\" \/>\n<meta property=\"og:title\" content=\"M\u00e9thodes de paiement - EMDR Ger\u00e4t REMSTIM 3000 gegen Stress\" \/>\n<meta property=\"og:description\" content=\"Les m\u00e9thodes de paiement suivantes sont \u00e0 votre disposition : &nbsp; \u00c0 l&#8217;exception du paiement anticip\u00e9 \/ virement bancaire, les m\u00e9thodes de paiement sont trait\u00e9es avec les prestataires de services de paiement Stripe ou PayPal. Nous sommes \u00e0 votre disposition pour r\u00e9pondre \u00e0 vos questions. \u00c9crivez-nous : info@remstim.com Veuillez lire nos informations concernant la protection [&hellip;]\" \/>\n<meta property=\"og:url\" content=\"https:\/\/remstim.com\/fr\/remstim-3000\/payer-en-toute-securite-avec-paypal\/\" \/>\n<meta property=\"og:site_name\" content=\"EMDR Ger\u00e4t REMSTIM 3000 gegen Stress\" \/>\n<meta property=\"article:modified_time\" content=\"2023-10-24T08:21:42+00:00\" \/>\n<meta property=\"og:image\" content=\"https:\/\/remstim.com\/wp-content\/uploads\/2023\/09\/Vorkasse-300x156.png\" \/>\n<meta name=\"twitter:label1\" content=\"Dur\u00e9e de lecture estim\u00e9e\" \/>\n\t<meta name=\"twitter:data1\" content=\"2 minutes\" \/>\n<script type=\"application\/ld+json\" class=\"yoast-schema-graph\">{\"@context\":\"https:\\\/\\\/schema.org\",\"@graph\":[{\"@type\":\"WebPage\",\"@id\":\"https:\\\/\\\/remstim.com\\\/fr\\\/remstim-3000\\\/payer-en-toute-securite-avec-paypal\\\/\",\"url\":\"https:\\\/\\\/remstim.com\\\/fr\\\/remstim-3000\\\/payer-en-toute-securite-avec-paypal\\\/\",\"name\":\"M\u00e9thodes de paiement - EMDR Ger\u00e4t REMSTIM 3000 gegen Stress\",\"isPartOf\":{\"@id\":\"https:\\\/\\\/remstim.com\\\/fr\\\/#website\"},\"datePublished\":\"2011-02-16T12:13:48+00:00\",\"dateModified\":\"2023-10-24T08:21:42+00:00\",\"breadcrumb\":{\"@id\":\"https:\\\/\\\/remstim.com\\\/fr\\\/remstim-3000\\\/payer-en-toute-securite-avec-paypal\\\/#breadcrumb\"},\"inLanguage\":\"fr-FR\",\"potentialAction\":[{\"@type\":\"ReadAction\",\"target\":[\"https:\\\/\\\/remstim.com\\\/fr\\\/remstim-3000\\\/payer-en-toute-securite-avec-paypal\\\/\"]}]},{\"@type\":\"BreadcrumbList\",\"@id\":\"https:\\\/\\\/remstim.com\\\/fr\\\/remstim-3000\\\/payer-en-toute-securite-avec-paypal\\\/#breadcrumb\",\"itemListElement\":[{\"@type\":\"ListItem\",\"position\":1,\"name\":\"Startseite\",\"item\":\"https:\\\/\\\/remstim.com\\\/fr\\\/\"},{\"@type\":\"ListItem\",\"position\":2,\"name\":\"Lunettes EMDR REMSTIM 3000\",\"item\":\"https:\\\/\\\/remstim.com\\\/fr\\\/remstim-3000\\\/\"},{\"@type\":\"ListItem\",\"position\":3,\"name\":\"M\u00e9thodes de paiement\"}]},{\"@type\":\"WebSite\",\"@id\":\"https:\\\/\\\/remstim.com\\\/fr\\\/#website\",\"url\":\"https:\\\/\\\/remstim.com\\\/fr\\\/\",\"name\":\"EMDR Ger\u00e4t REMSTIM 3000 gegen Stress\",\"description\":\"Wie wir schnell Entspannung finden.\",\"publisher\":{\"@id\":\"https:\\\/\\\/remstim.com\\\/fr\\\/#organization\"},\"potentialAction\":[{\"@type\":\"SearchAction\",\"target\":{\"@type\":\"EntryPoint\",\"urlTemplate\":\"https:\\\/\\\/remstim.com\\\/fr\\\/?s={search_term_string}\"},\"query-input\":{\"@type\":\"PropertyValueSpecification\",\"valueRequired\":true,\"valueName\":\"search_term_string\"}}],\"inLanguage\":\"fr-FR\"},{\"@type\":\"Organization\",\"@id\":\"https:\\\/\\\/remstim.com\\\/fr\\\/#organization\",\"name\":\"EMDR Ger\u00e4t REMSTIM 3000 gegen Stress\",\"url\":\"https:\\\/\\\/remstim.com\\\/fr\\\/\",\"logo\":{\"@type\":\"ImageObject\",\"inLanguage\":\"fr-FR\",\"@id\":\"https:\\\/\\\/remstim.com\\\/fr\\\/#\\\/schema\\\/logo\\\/image\\\/\",\"url\":\"https:\\\/\\\/remstim.com\\\/wp-content\\\/uploads\\\/2012\\\/06\\\/REMSTIM-Logo-mit-Untertitel_orange-e1340382850185.png\",\"contentUrl\":\"https:\\\/\\\/remstim.com\\\/wp-content\\\/uploads\\\/2012\\\/06\\\/REMSTIM-Logo-mit-Untertitel_orange-e1340382850185.png\",\"width\":304,\"height\":80,\"caption\":\"EMDR Ger\u00e4t REMSTIM 3000 gegen Stress\"},\"image\":{\"@id\":\"https:\\\/\\\/remstim.com\\\/fr\\\/#\\\/schema\\\/logo\\\/image\\\/\"}}]}<\/script>\n<!-- \/ Yoast SEO plugin. -->","yoast_head_json":{"title":"M\u00e9thodes de paiement - EMDR Ger\u00e4t REMSTIM 3000 gegen Stress","robots":{"index":"noindex","follow":"nofollow"},"og_locale":"fr_FR","og_type":"article","og_title":"M\u00e9thodes de paiement - EMDR Ger\u00e4t REMSTIM 3000 gegen Stress","og_description":"Les m\u00e9thodes de paiement suivantes sont \u00e0 votre disposition : &nbsp; \u00c0 l&#8217;exception du paiement anticip\u00e9 \/ virement bancaire, les m\u00e9thodes de paiement sont trait\u00e9es avec les prestataires de services de paiement Stripe ou PayPal. Nous sommes \u00e0 votre disposition pour r\u00e9pondre \u00e0 vos questions. \u00c9crivez-nous : info@remstim.com Veuillez lire nos informations concernant la protection [&hellip;]","og_url":"https:\/\/remstim.com\/fr\/remstim-3000\/payer-en-toute-securite-avec-paypal\/","og_site_name":"EMDR Ger\u00e4t REMSTIM 3000 gegen Stress","article_modified_time":"2023-10-24T08:21:42+00:00","og_image":[{"url":"https:\/\/remstim.com\/wp-content\/uploads\/2023\/09\/Vorkasse-300x156.png","type":"","width":"","height":""}],"twitter_misc":{"Dur\u00e9e de lecture estim\u00e9e":"2 minutes"},"schema":{"@context":"https:\/\/schema.org","@graph":[{"@type":"WebPage","@id":"https:\/\/remstim.com\/fr\/remstim-3000\/payer-en-toute-securite-avec-paypal\/","url":"https:\/\/remstim.com\/fr\/remstim-3000\/payer-en-toute-securite-avec-paypal\/","name":"M\u00e9thodes de paiement - EMDR Ger\u00e4t REMSTIM 3000 gegen Stress","isPartOf":{"@id":"https:\/\/remstim.com\/fr\/#website"},"datePublished":"2011-02-16T12:13:48+00:00","dateModified":"2023-10-24T08:21:42+00:00","breadcrumb":{"@id":"https:\/\/remstim.com\/fr\/remstim-3000\/payer-en-toute-securite-avec-paypal\/#breadcrumb"},"inLanguage":"fr-FR","potentialAction":[{"@type":"ReadAction","target":["https:\/\/remstim.com\/fr\/remstim-3000\/payer-en-toute-securite-avec-paypal\/"]}]},{"@type":"BreadcrumbList","@id":"https:\/\/remstim.com\/fr\/remstim-3000\/payer-en-toute-securite-avec-paypal\/#breadcrumb","itemListElement":[{"@type":"ListItem","position":1,"name":"Startseite","item":"https:\/\/remstim.com\/fr\/"},{"@type":"ListItem","position":2,"name":"Lunettes EMDR REMSTIM 3000","item":"https:\/\/remstim.com\/fr\/remstim-3000\/"},{"@type":"ListItem","position":3,"name":"M\u00e9thodes de paiement"}]},{"@type":"WebSite","@id":"https:\/\/remstim.com\/fr\/#website","url":"https:\/\/remstim.com\/fr\/","name":"EMDR Ger\u00e4t REMSTIM 3000 gegen Stress","description":"Wie wir schnell Entspannung finden.","publisher":{"@id":"https:\/\/remstim.com\/fr\/#organization"},"potentialAction":[{"@type":"SearchAction","target":{"@type":"EntryPoint","urlTemplate":"https:\/\/remstim.com\/fr\/?s={search_term_string}"},"query-input":{"@type":"PropertyValueSpecification","valueRequired":true,"valueName":"search_term_string"}}],"inLanguage":"fr-FR"},{"@type":"Organization","@id":"https:\/\/remstim.com\/fr\/#organization","name":"EMDR Ger\u00e4t REMSTIM 3000 gegen Stress","url":"https:\/\/remstim.com\/fr\/","logo":{"@type":"ImageObject","inLanguage":"fr-FR","@id":"https:\/\/remstim.com\/fr\/#\/schema\/logo\/image\/","url":"https:\/\/remstim.com\/wp-content\/uploads\/2012\/06\/REMSTIM-Logo-mit-Untertitel_orange-e1340382850185.png","contentUrl":"https:\/\/remstim.com\/wp-content\/uploads\/2012\/06\/REMSTIM-Logo-mit-Untertitel_orange-e1340382850185.png","width":304,"height":80,"caption":"EMDR Ger\u00e4t REMSTIM 3000 gegen Stress"},"image":{"@id":"https:\/\/remstim.com\/fr\/#\/schema\/logo\/image\/"}}]}},"_links":{"self":[{"href":"https:\/\/remstim.com\/fr\/wp-json\/wp\/v2\/pages\/11651","targetHints":{"allow":["GET"]}}],"collection":[{"href":"https:\/\/remstim.com\/fr\/wp-json\/wp\/v2\/pages"}],"about":[{"href":"https:\/\/remstim.com\/fr\/wp-json\/wp\/v2\/types\/page"}],"author":[{"embeddable":true,"href":"https:\/\/remstim.com\/fr\/wp-json\/wp\/v2\/users\/1"}],"replies":[{"embeddable":true,"href":"https:\/\/remstim.com\/fr\/wp-json\/wp\/v2\/comments?post=11651"}],"version-history":[{"count":0,"href":"https:\/\/remstim.com\/fr\/wp-json\/wp\/v2\/pages\/11651\/revisions"}],"up":[{"embeddable":true,"href":"https:\/\/remstim.com\/fr\/wp-json\/wp\/v2\/pages\/11753"}],"wp:attachment":[{"href":"https:\/\/remstim.com\/fr\/wp-json\/wp\/v2\/media?parent=11651"}],"curies":[{"name":"wp","href":"https:\/\/api.w.org\/{rel}","templated":true}]}}