{"id":11660,"date":"2011-03-14T11:12:43","date_gmt":"2011-03-14T11:12:43","guid":{"rendered":"https:\/\/remstim.de\/bases-pour-lapplication-de-lemdr-dans-le-coaching-avec-le-remstim-3000\/"},"modified":"2023-09-14T15:30:15","modified_gmt":"2023-09-14T15:30:15","slug":"bases-pour-lapplication-de-lemdr-dans-le-coaching-avec-le-remstim-3000","status":"publish","type":"page","link":"https:\/\/remstim.com\/fr\/bases-pour-lapplication-de-lemdr-dans-le-coaching-avec-le-remstim-3000\/","title":{"rendered":"Bases pour l&#8217;application de l&#8217;EMDR dans le coaching avec le REMSTIM 3000"},"content":{"rendered":"<p style=\"text-align: justify;\"><img fetchpriority=\"high\" decoding=\"async\" class=\"alignleft wp-image-718\" title=\"EMDR en coaching avec le REMSTIM 3000\" src=\"https:\/\/remstim.com\/wp-content\/uploads\/2011\/03\/Nervenbahnen.jpg\" alt=\"EMDR en coaching avec le REMSTIM 3000\" width=\"350\" height=\"219\" srcset=\"https:\/\/remstim.com\/wp-content\/uploads\/2011\/03\/Nervenbahnen.jpg 438w, https:\/\/remstim.com\/wp-content\/uploads\/2011\/03\/Nervenbahnen-300x187.jpg 300w\" sizes=\"(max-width: 350px) 100vw, 350px\" \/>Le site <a href=\"https:\/\/remstim.com\/fr\/bases-pour-lapplication-de-lemdr-dans-le-coaching-avec-le-remstim-3000\/stimulation-du-mouvement-rapide-des-yeux\/\">Rapid Eye Movement Stimulation<\/a> (stimulation rapide des mouvements oculaires) \u00e0 l&#8217;aide du <a href=\"https:\/\/remstim.com\/fr\/remstim-3000\/\">REMSTIM 3000<\/a> se caract\u00e9rise par le fait qu&#8217;elle permet g\u00e9n\u00e9ralement d&#8217;atteindre rapidement et facilement la s\u00e9r\u00e9nit\u00e9. Aucune connaissance ou comp\u00e9tence n&#8217;est n\u00e9cessaire pour une utilisation efficace. La stimulation rapide des mouvements oculaires est la m\u00e9thode d&#8217;intervention de l&#8217;<a title=\"EMDR en auto-coaching\" href=\"https:\/\/remstim.com\/fr\/bases-pour-lapplication-de-lemdr-dans-le-coaching-avec-le-remstim-3000\/appliquer-lemdr-en-auto-coaching-avec-le-remstim-3000\/\">EMDR<\/a> et simule le <a title=\"Rapid Eye Movement - sur la piste du sommeil paradoxal\" href=\"https:\/\/remstim.com\/fr\/rapid-eye-movement-sur-la-piste-du-sommeil-paradoxal\/\">sommeil paradoxal<\/a> avec ses <a title=\"Rapid Eye Movement - comment le sommeil paradoxal influence-t-il notre bien-\u00eatre ?\" href=\"https:\/\/remstim.com\/fr\/rapid-eye-movement-comment-le-sommeil-paradoxal-influence-t-il-notre-bien-etre\/\">mouvements oculaires rapides<\/a> typiques \u00e0 l&#8217;\u00e9tat de veille.<\/p>\n<p style=\"text-align: justify;\">Le simple fait de modifier la <a href=\"https:\/\/remstim.com\/fr\/bases-pour-lapplication-de-lemdr-dans-le-coaching-avec-le-remstim-3000\/mouvements-oculaires-flexibles\/\">flexibilit\u00e9 des mouvements oculaires<\/a> peut souvent donner des informations visibles sur l&#8217;am\u00e9lioration de la constitution \u00e9motionnelle et mentale personnelle. Les effets b\u00e9n\u00e9fiques <a href=\"https:\/\/remstim.com\/fr\/bases-pour-lapplication-de-lemdr-dans-le-coaching-avec-le-remstim-3000\/effets-de-stimulation-de-lemdr\/\">effets de stimulation<\/a> d&#8217;une application avec le <a href=\"https:\/\/remstim.com\/fr\/remstim-3000\/\">REMSTIM 3000<\/a> sont g\u00e9n\u00e9ralement ressentis en quelques minutes.<\/p>\n<p style=\"text-align: justify;\"><strong>L&#8217;autocoaching<\/strong> n&#8217;a jamais \u00e9t\u00e9 aussi facile. <a href=\"https:\/\/remstim.com\/fr\/domaines-dapplication-de-lemdr-dans-le-coaching\/dissoudre-soi-meme-les-blocages-mentaux-avec-lemdr-et-le-remstim-3000\/\">Les blocages mentaux<\/a>, qui ont souvent une influence sur notre bien-\u00eatre, peuvent \u00eatre att\u00e9nu\u00e9s avec succ\u00e8s et m\u00eame souvent supprim\u00e9s gr\u00e2ce \u00e0 la <a href=\"https:\/\/remstim.com\/fr\/bases-pour-lapplication-de-lemdr-dans-le-coaching-avec-le-remstim-3000\/stimulation-du-mouvement-rapide-des-yeux\/\">stimulation Rapid-Eye-Movement<\/a>.<\/p>\n\t\t<div data-elementor-type=\"section\" data-elementor-id=\"14008\" class=\"elementor elementor-14008 elementor-9381\" data-elementor-post-type=\"elementor_library\">\n\t\t\t\t\t<section class=\"elementor-section elementor-top-section elementor-element elementor-element-65ee76a4 elementor-section-full_width elementor-section-height-default elementor-section-height-default\" data-id=\"65ee76a4\" data-element_type=\"section\" data-e-type=\"section\">\n\t\t\t\t\t\t<div class=\"elementor-container elementor-column-gap-no\">\n\t\t\t\t\t<div class=\"elementor-column elementor-col-100 elementor-top-column elementor-element elementor-element-15bb9159\" data-id=\"15bb9159\" data-element_type=\"column\" data-e-type=\"column\">\n\t\t\t<div class=\"elementor-widget-wrap elementor-element-populated\">\n\t\t\t\t\t\t<section class=\"elementor-section elementor-inner-section elementor-element elementor-element-3cbd8e42 elementor-section-boxed elementor-section-height-default elementor-section-height-default\" data-id=\"3cbd8e42\" data-element_type=\"section\" data-e-type=\"section\" data-settings=\"{&quot;background_background&quot;:&quot;classic&quot;}\">\n\t\t\t\t\t\t<div class=\"elementor-container elementor-column-gap-default\">\n\t\t\t\t\t<div class=\"elementor-column elementor-col-100 elementor-inner-column elementor-element elementor-element-3aee8a0e\" data-id=\"3aee8a0e\" data-element_type=\"column\" data-e-type=\"column\">\n\t\t\t<div class=\"elementor-widget-wrap elementor-element-populated\">\n\t\t\t\t\t\t<div class=\"elementor-element elementor-element-76af20ab elementor-widget elementor-widget-heading\" data-id=\"76af20ab\" data-element_type=\"widget\" data-e-type=\"widget\" data-widget_type=\"heading.default\">\n\t\t\t\t<div class=\"elementor-widget-container\">\n\t\t\t\t\t<h2 class=\"elementor-heading-title elementor-size-default\">En savoir plus sur les bases du coaching EMDR<\/h2>\t\t\t\t<\/div>\n\t\t\t\t<\/div>\n\t\t\t\t\t<\/div>\n\t\t<\/div>\n\t\t\t\t\t<\/div>\n\t\t<\/section>\n\t\t\t\t<section class=\"elementor-section elementor-inner-section elementor-element elementor-element-55732c58 elementor-section-boxed elementor-section-height-default elementor-section-height-default\" data-id=\"55732c58\" data-element_type=\"section\" data-e-type=\"section\">\n\t\t\t\t\t\t<div class=\"elementor-container elementor-column-gap-default\">\n\t\t\t\t\t<div class=\"elementor-column elementor-col-100 elementor-inner-column elementor-element elementor-element-4565e44d\" data-id=\"4565e44d\" data-element_type=\"column\" data-e-type=\"column\">\n\t\t\t<div class=\"elementor-widget-wrap elementor-element-populated\">\n\t\t\t\t\t\t<div class=\"elementor-element elementor-element-b14b0ad elementor-icon-list--layout-traditional elementor-list-item-link-full_width elementor-widget elementor-widget-icon-list\" data-id=\"b14b0ad\" data-element_type=\"widget\" data-e-type=\"widget\" data-widget_type=\"icon-list.default\">\n\t\t\t\t<div class=\"elementor-widget-container\">\n\t\t\t\t\t\t\t<ul class=\"elementor-icon-list-items\">\n\t\t\t\t\t\t\t<li class=\"elementor-icon-list-item\">\n\t\t\t\t\t\t\t\t\t\t\t<a href=\"https:\/\/remstim.com\/fr\/bases-pour-lapplication-de-lemdr-dans-le-coaching-avec-le-remstim-3000\/stimulation-du-mouvement-rapide-des-yeux\/\">\n\n\t\t\t\t\t\t\t\t\t\t\t\t<span class=\"elementor-icon-list-icon\">\n\t\t\t\t\t\t\t<i aria-hidden=\"true\" class=\"fas fa-arrow-circle-right\"><\/i>\t\t\t\t\t\t<\/span>\n\t\t\t\t\t\t\t\t\t\t<span class=\"elementor-icon-list-text\">Rapid-Eye Movement Stimulation (stimulation h\u00e9misph\u00e9rique bilat\u00e9rale)<\/span>\n\t\t\t\t\t\t\t\t\t\t\t<\/a>\n\t\t\t\t\t\t\t\t\t<\/li>\n\t\t\t\t\t\t\t\t<li class=\"elementor-icon-list-item\">\n\t\t\t\t\t\t\t\t\t\t\t<a href=\"https:\/\/remstim.com\/fr\/rapid-eye-movement-comment-le-sommeil-paradoxal-influence-t-il-notre-bien-etre\/\">\n\n\t\t\t\t\t\t\t\t\t\t\t\t<span class=\"elementor-icon-list-icon\">\n\t\t\t\t\t\t\t<i aria-hidden=\"true\" class=\"fas fa-arrow-circle-right\"><\/i>\t\t\t\t\t\t<\/span>\n\t\t\t\t\t\t\t\t\t\t<span class=\"elementor-icon-list-text\">Rapid Eye Movement - comment le sommeil paradoxal influence-t-il notre bien-\u00eatre ?<\/span>\n\t\t\t\t\t\t\t\t\t\t\t<\/a>\n\t\t\t\t\t\t\t\t\t<\/li>\n\t\t\t\t\t\t\t\t<li class=\"elementor-icon-list-item\">\n\t\t\t\t\t\t\t\t\t\t\t<a href=\"https:\/\/remstim.com\/fr\/rapid-eye-movement-sur-la-piste-du-sommeil-paradoxal\/\">\n\n\t\t\t\t\t\t\t\t\t\t\t\t<span class=\"elementor-icon-list-icon\">\n\t\t\t\t\t\t\t<i aria-hidden=\"true\" class=\"fas fa-arrow-circle-right\"><\/i>\t\t\t\t\t\t<\/span>\n\t\t\t\t\t\t\t\t\t\t<span class=\"elementor-icon-list-text\">Rapid Eye Movement - les faits sur le sommeil REM<\/span>\n\t\t\t\t\t\t\t\t\t\t\t<\/a>\n\t\t\t\t\t\t\t\t\t<\/li>\n\t\t\t\t\t\t\t\t<li class=\"elementor-icon-list-item\">\n\t\t\t\t\t\t\t\t\t\t\t<a href=\"https:\/\/remstim.com\/fr\/bases-pour-lapplication-de-lemdr-dans-le-coaching-avec-le-remstim-3000\/mouvements-oculaires-flexibles\/\">\n\n\t\t\t\t\t\t\t\t\t\t\t\t<span class=\"elementor-icon-list-icon\">\n\t\t\t\t\t\t\t<i aria-hidden=\"true\" class=\"fas fa-arrow-circle-right\"><\/i>\t\t\t\t\t\t<\/span>\n\t\t\t\t\t\t\t\t\t\t<span class=\"elementor-icon-list-text\">Mouvements oculaires flexibles<\/span>\n\t\t\t\t\t\t\t\t\t\t\t<\/a>\n\t\t\t\t\t\t\t\t\t<\/li>\n\t\t\t\t\t\t\t\t<li class=\"elementor-icon-list-item\">\n\t\t\t\t\t\t\t\t\t\t\t<a href=\"https:\/\/remstim.com\/fr\/bases-pour-lapplication-de-lemdr-dans-le-coaching-avec-le-remstim-3000\/effets-de-stimulation-de-lemdr\/\">\n\n\t\t\t\t\t\t\t\t\t\t\t\t<span class=\"elementor-icon-list-icon\">\n\t\t\t\t\t\t\t<i aria-hidden=\"true\" class=\"fas fa-arrow-circle-right\"><\/i>\t\t\t\t\t\t<\/span>\n\t\t\t\t\t\t\t\t\t\t<span class=\"elementor-icon-list-text\">Effets de stimulation de l'EMDR<\/span>\n\t\t\t\t\t\t\t\t\t\t\t<\/a>\n\t\t\t\t\t\t\t\t\t<\/li>\n\t\t\t\t\t\t\t\t<li class=\"elementor-icon-list-item\">\n\t\t\t\t\t\t\t\t\t\t\t<a href=\"https:\/\/remstim.com\/fr\/bases-pour-lapplication-de-lemdr-dans-le-coaching-avec-le-remstim-3000\/appliquer-lemdr-en-auto-coaching-avec-le-remstim-3000\/\">\n\n\t\t\t\t\t\t\t\t\t\t\t\t<span class=\"elementor-icon-list-icon\">\n\t\t\t\t\t\t\t<i aria-hidden=\"true\" class=\"fas fa-arrow-circle-right\"><\/i>\t\t\t\t\t\t<\/span>\n\t\t\t\t\t\t\t\t\t\t<span class=\"elementor-icon-list-text\">EMDR en auto-coaching<\/span>\n\t\t\t\t\t\t\t\t\t\t\t<\/a>\n\t\t\t\t\t\t\t\t\t<\/li>\n\t\t\t\t\t\t\t\t<li class=\"elementor-icon-list-item\">\n\t\t\t\t\t\t\t\t\t\t\t<a href=\"https:\/\/remstim.com\/fr\/bases-pour-lapplication-de-lemdr-dans-le-coaching-avec-le-remstim-3000\/informations-importantes\/\">\n\n\t\t\t\t\t\t\t\t\t\t\t\t<span class=\"elementor-icon-list-icon\">\n\t\t\t\t\t\t\t<i aria-hidden=\"true\" class=\"fas fa-arrow-circle-right\"><\/i>\t\t\t\t\t\t<\/span>\n\t\t\t\t\t\t\t\t\t\t<span class=\"elementor-icon-list-text\">Informations importantes<\/span>\n\t\t\t\t\t\t\t\t\t\t\t<\/a>\n\t\t\t\t\t\t\t\t\t<\/li>\n\t\t\t\t\t\t<\/ul>\n\t\t\t\t\t\t<\/div>\n\t\t\t\t<\/div>\n\t\t\t\t\t<\/div>\n\t\t<\/div>\n\t\t\t\t\t<\/div>\n\t\t<\/section>\n\t\t\t\t\t<\/div>\n\t\t<\/div>\n\t\t\t\t\t<\/div>\n\t\t<\/section>\n\t\t\t\t<\/div>\n\t\t\n<hr class=\"divider-html\" style=\"border-top: 1px solid #bbb; margin-top: 30px; margin-bottom: 30px;\">\n<h2 style=\"text-align: justify;\">En savoir plus sur l&#8217;EMDR dans le coaching<\/h2>\n\t\t<div data-elementor-type=\"section\" data-elementor-id=\"14006\" class=\"elementor elementor-14006 elementor-9385\" data-elementor-post-type=\"elementor_library\">\n\t\t\t\t\t<section class=\"elementor-section elementor-top-section elementor-element elementor-element-346b0ac8 elementor-section-full_width elementor-section-height-default elementor-section-height-default\" data-id=\"346b0ac8\" data-element_type=\"section\" data-e-type=\"section\">\n\t\t\t\t\t\t<div class=\"elementor-container elementor-column-gap-no\">\n\t\t\t\t\t<div class=\"elementor-column elementor-col-100 elementor-top-column elementor-element elementor-element-748c299b\" data-id=\"748c299b\" data-element_type=\"column\" data-e-type=\"column\">\n\t\t\t<div class=\"elementor-widget-wrap elementor-element-populated\">\n\t\t\t\t\t\t<section class=\"elementor-section elementor-inner-section elementor-element elementor-element-5e6e43b5 elementor-section-full_width elementor-section-height-default elementor-section-height-default\" data-id=\"5e6e43b5\" data-element_type=\"section\" data-e-type=\"section\">\n\t\t\t\t\t\t<div class=\"elementor-container elementor-column-gap-default\">\n\t\t\t\t\t<div class=\"elementor-column elementor-col-100 elementor-inner-column elementor-element elementor-element-54d08484\" data-id=\"54d08484\" data-element_type=\"column\" data-e-type=\"column\">\n\t\t\t<div class=\"elementor-widget-wrap elementor-element-populated\">\n\t\t\t\t\t\t\t<\/div>\n\t\t<\/div>\n\t\t\t\t\t<\/div>\n\t\t<\/section>\n\t\t\t\t\t<\/div>\n\t\t<\/div>\n\t\t\t\t\t<\/div>\n\t\t<\/section>\n\t\t\t\t<\/div>\n\t\t\n","protected":false},"excerpt":{"rendered":"<p>Le site Rapid Eye Movement Stimulation (stimulation rapide des mouvements oculaires) \u00e0 l&#8217;aide du REMSTIM 3000 se caract\u00e9rise par le fait qu&#8217;elle permet g\u00e9n\u00e9ralement d&#8217;atteindre rapidement et facilement la s\u00e9r\u00e9nit\u00e9. Aucune connaissance ou comp\u00e9tence n&#8217;est n\u00e9cessaire pour une utilisation efficace. La stimulation rapide des mouvements oculaires est la m\u00e9thode d&#8217;intervention de l&#8217;EMDR et simule le [&hellip;]<\/p>\n","protected":false},"author":1,"featured_media":0,"parent":0,"menu_order":10,"comment_status":"closed","ping_status":"closed","template":"","meta":{"_acf_changed":false,"site-sidebar-layout":"default","site-content-layout":"default","ast-site-content-layout":"default","site-content-style":"default","site-sidebar-style":"default","ast-global-header-display":"","ast-banner-title-visibility":"","ast-main-header-display":"","ast-hfb-above-header-display":"","ast-hfb-below-header-display":"","ast-hfb-mobile-header-display":"","site-post-title":"","ast-breadcrumbs-content":"","ast-featured-img":"","footer-sml-layout":"","ast-disable-related-posts":"","theme-transparent-header-meta":"default","adv-header-id-meta":"","stick-header-meta":"default","header-above-stick-meta":"","header-main-stick-meta":"","header-below-stick-meta":"","astra-migrate-meta-layouts":"default","ast-page-background-enabled":"default","ast-page-background-meta":{"desktop":{"background-color":"var(--ast-global-color-4)","background-image":"","background-repeat":"repeat","background-position":"center center","background-size":"auto","background-attachment":"scroll","background-type":"","background-media":"","overlay-type":"","overlay-color":"","overlay-opacity":"","overlay-gradient":""},"tablet":{"background-color":"","background-image":"","background-repeat":"repeat","background-position":"center center","background-size":"auto","background-attachment":"scroll","background-type":"","background-media":"","overlay-type":"","overlay-color":"","overlay-opacity":"","overlay-gradient":""},"mobile":{"background-color":"","background-image":"","background-repeat":"repeat","background-position":"center center","background-size":"auto","background-attachment":"scroll","background-type":"","background-media":"","overlay-type":"","overlay-color":"","overlay-opacity":"","overlay-gradient":""}},"ast-content-background-meta":{"desktop":{"background-color":"var(--ast-global-color-5)","background-image":"","background-repeat":"repeat","background-position":"center center","background-size":"auto","background-attachment":"scroll","background-type":"","background-media":"","overlay-type":"","overlay-color":"","overlay-opacity":"","overlay-gradient":""},"tablet":{"background-color":"var(--ast-global-color-5)","background-image":"","background-repeat":"repeat","background-position":"center center","background-size":"auto","background-attachment":"scroll","background-type":"","background-media":"","overlay-type":"","overlay-color":"","overlay-opacity":"","overlay-gradient":""},"mobile":{"background-color":"var(--ast-global-color-5)","background-image":"","background-repeat":"repeat","background-position":"center center","background-size":"auto","background-attachment":"scroll","background-type":"","background-media":"","overlay-type":"","overlay-color":"","overlay-opacity":"","overlay-gradient":""}},"footnotes":""},"class_list":["post-11660","page","type-page","status-publish","hentry"],"acf":[],"yoast_head":"<!-- This site is optimized with the Yoast SEO plugin v27.3 - https:\/\/yoast.com\/product\/yoast-seo-wordpress\/ -->\n<title>Bases pour l&#039;application de l&#039;EMDR avec REMSTIM 3000<\/title>\n<meta name=\"description\" content=\"La stimulation rapide des mouvements oculaires (Rapid Eye Movement Stimulation) est la m\u00e9thode d&#039;intervention d\u00e9terminante de l&#039;EMDR. Le REMSTIM 3000 est un appareil EMDR \u00e9prouv\u00e9.\" \/>\n<meta name=\"robots\" content=\"index, follow, max-snippet:-1, max-image-preview:large, max-video-preview:-1\" \/>\n<link rel=\"canonical\" href=\"https:\/\/remstim.com\/fr\/bases-pour-lapplication-de-lemdr-dans-le-coaching-avec-le-remstim-3000\/\" \/>\n<meta property=\"og:locale\" content=\"fr_FR\" \/>\n<meta property=\"og:type\" content=\"article\" \/>\n<meta property=\"og:title\" content=\"Bases pour l&#039;application de l&#039;EMDR avec REMSTIM 3000\" \/>\n<meta property=\"og:description\" content=\"La stimulation rapide des mouvements oculaires (Rapid Eye Movement Stimulation) est la m\u00e9thode d&#039;intervention d\u00e9terminante de l&#039;EMDR. Le REMSTIM 3000 est un appareil EMDR \u00e9prouv\u00e9.\" \/>\n<meta property=\"og:url\" content=\"https:\/\/remstim.com\/fr\/bases-pour-lapplication-de-lemdr-dans-le-coaching-avec-le-remstim-3000\/\" \/>\n<meta property=\"og:site_name\" content=\"EMDR Ger\u00e4t REMSTIM 3000 gegen Stress\" \/>\n<meta property=\"article:modified_time\" content=\"2023-09-14T15:30:15+00:00\" \/>\n<meta property=\"og:image\" content=\"https:\/\/remstim.com\/wp-content\/uploads\/2011\/03\/Nervenbahnen.jpg\" \/>\n<meta name=\"twitter:label1\" content=\"Dur\u00e9e de lecture estim\u00e9e\" \/>\n\t<meta name=\"twitter:data1\" content=\"1 minute\" \/>\n<script type=\"application\/ld+json\" class=\"yoast-schema-graph\">{\"@context\":\"https:\\\/\\\/schema.org\",\"@graph\":[{\"@type\":\"WebPage\",\"@id\":\"https:\\\/\\\/remstim.com\\\/fr\\\/bases-pour-lapplication-de-lemdr-dans-le-coaching-avec-le-remstim-3000\\\/\",\"url\":\"https:\\\/\\\/remstim.com\\\/fr\\\/bases-pour-lapplication-de-lemdr-dans-le-coaching-avec-le-remstim-3000\\\/\",\"name\":\"Bases pour l'application de l'EMDR avec REMSTIM 3000\",\"isPartOf\":{\"@id\":\"https:\\\/\\\/remstim.com\\\/fr\\\/#website\"},\"primaryImageOfPage\":{\"@id\":\"https:\\\/\\\/remstim.com\\\/fr\\\/bases-pour-lapplication-de-lemdr-dans-le-coaching-avec-le-remstim-3000\\\/#primaryimage\"},\"image\":{\"@id\":\"https:\\\/\\\/remstim.com\\\/fr\\\/bases-pour-lapplication-de-lemdr-dans-le-coaching-avec-le-remstim-3000\\\/#primaryimage\"},\"thumbnailUrl\":\"https:\\\/\\\/remstim.com\\\/wp-content\\\/uploads\\\/2011\\\/03\\\/Nervenbahnen.jpg\",\"datePublished\":\"2011-03-14T11:12:43+00:00\",\"dateModified\":\"2023-09-14T15:30:15+00:00\",\"description\":\"La stimulation rapide des mouvements oculaires (Rapid Eye Movement Stimulation) est la m\u00e9thode d'intervention d\u00e9terminante de l'EMDR. Le REMSTIM 3000 est un appareil EMDR \u00e9prouv\u00e9.\",\"breadcrumb\":{\"@id\":\"https:\\\/\\\/remstim.com\\\/fr\\\/bases-pour-lapplication-de-lemdr-dans-le-coaching-avec-le-remstim-3000\\\/#breadcrumb\"},\"inLanguage\":\"fr-FR\",\"potentialAction\":[{\"@type\":\"ReadAction\",\"target\":[\"https:\\\/\\\/remstim.com\\\/fr\\\/bases-pour-lapplication-de-lemdr-dans-le-coaching-avec-le-remstim-3000\\\/\"]}]},{\"@type\":\"ImageObject\",\"inLanguage\":\"fr-FR\",\"@id\":\"https:\\\/\\\/remstim.com\\\/fr\\\/bases-pour-lapplication-de-lemdr-dans-le-coaching-avec-le-remstim-3000\\\/#primaryimage\",\"url\":\"https:\\\/\\\/remstim.com\\\/wp-content\\\/uploads\\\/2011\\\/03\\\/Nervenbahnen.jpg\",\"contentUrl\":\"https:\\\/\\\/remstim.com\\\/wp-content\\\/uploads\\\/2011\\\/03\\\/Nervenbahnen.jpg\"},{\"@type\":\"BreadcrumbList\",\"@id\":\"https:\\\/\\\/remstim.com\\\/fr\\\/bases-pour-lapplication-de-lemdr-dans-le-coaching-avec-le-remstim-3000\\\/#breadcrumb\",\"itemListElement\":[{\"@type\":\"ListItem\",\"position\":1,\"name\":\"Startseite\",\"item\":\"https:\\\/\\\/remstim.com\\\/fr\\\/\"},{\"@type\":\"ListItem\",\"position\":2,\"name\":\"Bases pour l&#8217;application de l&#8217;EMDR dans le coaching avec le REMSTIM 3000\"}]},{\"@type\":\"WebSite\",\"@id\":\"https:\\\/\\\/remstim.com\\\/fr\\\/#website\",\"url\":\"https:\\\/\\\/remstim.com\\\/fr\\\/\",\"name\":\"EMDR Ger\u00e4t REMSTIM 3000 gegen Stress\",\"description\":\"Wie wir schnell Entspannung finden.\",\"publisher\":{\"@id\":\"https:\\\/\\\/remstim.com\\\/fr\\\/#organization\"},\"potentialAction\":[{\"@type\":\"SearchAction\",\"target\":{\"@type\":\"EntryPoint\",\"urlTemplate\":\"https:\\\/\\\/remstim.com\\\/fr\\\/?s={search_term_string}\"},\"query-input\":{\"@type\":\"PropertyValueSpecification\",\"valueRequired\":true,\"valueName\":\"search_term_string\"}}],\"inLanguage\":\"fr-FR\"},{\"@type\":\"Organization\",\"@id\":\"https:\\\/\\\/remstim.com\\\/fr\\\/#organization\",\"name\":\"EMDR Ger\u00e4t REMSTIM 3000 gegen Stress\",\"url\":\"https:\\\/\\\/remstim.com\\\/fr\\\/\",\"logo\":{\"@type\":\"ImageObject\",\"inLanguage\":\"fr-FR\",\"@id\":\"https:\\\/\\\/remstim.com\\\/fr\\\/#\\\/schema\\\/logo\\\/image\\\/\",\"url\":\"https:\\\/\\\/remstim.com\\\/wp-content\\\/uploads\\\/2012\\\/06\\\/REMSTIM-Logo-mit-Untertitel_orange-e1340382850185.png\",\"contentUrl\":\"https:\\\/\\\/remstim.com\\\/wp-content\\\/uploads\\\/2012\\\/06\\\/REMSTIM-Logo-mit-Untertitel_orange-e1340382850185.png\",\"width\":304,\"height\":80,\"caption\":\"EMDR Ger\u00e4t REMSTIM 3000 gegen Stress\"},\"image\":{\"@id\":\"https:\\\/\\\/remstim.com\\\/fr\\\/#\\\/schema\\\/logo\\\/image\\\/\"}}]}<\/script>\n<!-- \/ Yoast SEO plugin. -->","yoast_head_json":{"title":"Bases pour l'application de l'EMDR avec REMSTIM 3000","description":"La stimulation rapide des mouvements oculaires (Rapid Eye Movement Stimulation) est la m\u00e9thode d'intervention d\u00e9terminante de l'EMDR. Le REMSTIM 3000 est un appareil EMDR \u00e9prouv\u00e9.","robots":{"index":"index","follow":"follow","max-snippet":"max-snippet:-1","max-image-preview":"max-image-preview:large","max-video-preview":"max-video-preview:-1"},"canonical":"https:\/\/remstim.com\/fr\/bases-pour-lapplication-de-lemdr-dans-le-coaching-avec-le-remstim-3000\/","og_locale":"fr_FR","og_type":"article","og_title":"Bases pour l'application de l'EMDR avec REMSTIM 3000","og_description":"La stimulation rapide des mouvements oculaires (Rapid Eye Movement Stimulation) est la m\u00e9thode d'intervention d\u00e9terminante de l'EMDR. Le REMSTIM 3000 est un appareil EMDR \u00e9prouv\u00e9.","og_url":"https:\/\/remstim.com\/fr\/bases-pour-lapplication-de-lemdr-dans-le-coaching-avec-le-remstim-3000\/","og_site_name":"EMDR Ger\u00e4t REMSTIM 3000 gegen Stress","article_modified_time":"2023-09-14T15:30:15+00:00","og_image":[{"url":"https:\/\/remstim.com\/wp-content\/uploads\/2011\/03\/Nervenbahnen.jpg","type":"","width":"","height":""}],"twitter_misc":{"Dur\u00e9e de lecture estim\u00e9e":"1 minute"},"schema":{"@context":"https:\/\/schema.org","@graph":[{"@type":"WebPage","@id":"https:\/\/remstim.com\/fr\/bases-pour-lapplication-de-lemdr-dans-le-coaching-avec-le-remstim-3000\/","url":"https:\/\/remstim.com\/fr\/bases-pour-lapplication-de-lemdr-dans-le-coaching-avec-le-remstim-3000\/","name":"Bases pour l'application de l'EMDR avec REMSTIM 3000","isPartOf":{"@id":"https:\/\/remstim.com\/fr\/#website"},"primaryImageOfPage":{"@id":"https:\/\/remstim.com\/fr\/bases-pour-lapplication-de-lemdr-dans-le-coaching-avec-le-remstim-3000\/#primaryimage"},"image":{"@id":"https:\/\/remstim.com\/fr\/bases-pour-lapplication-de-lemdr-dans-le-coaching-avec-le-remstim-3000\/#primaryimage"},"thumbnailUrl":"https:\/\/remstim.com\/wp-content\/uploads\/2011\/03\/Nervenbahnen.jpg","datePublished":"2011-03-14T11:12:43+00:00","dateModified":"2023-09-14T15:30:15+00:00","description":"La stimulation rapide des mouvements oculaires (Rapid Eye Movement Stimulation) est la m\u00e9thode d'intervention d\u00e9terminante de l'EMDR. Le REMSTIM 3000 est un appareil EMDR \u00e9prouv\u00e9.","breadcrumb":{"@id":"https:\/\/remstim.com\/fr\/bases-pour-lapplication-de-lemdr-dans-le-coaching-avec-le-remstim-3000\/#breadcrumb"},"inLanguage":"fr-FR","potentialAction":[{"@type":"ReadAction","target":["https:\/\/remstim.com\/fr\/bases-pour-lapplication-de-lemdr-dans-le-coaching-avec-le-remstim-3000\/"]}]},{"@type":"ImageObject","inLanguage":"fr-FR","@id":"https:\/\/remstim.com\/fr\/bases-pour-lapplication-de-lemdr-dans-le-coaching-avec-le-remstim-3000\/#primaryimage","url":"https:\/\/remstim.com\/wp-content\/uploads\/2011\/03\/Nervenbahnen.jpg","contentUrl":"https:\/\/remstim.com\/wp-content\/uploads\/2011\/03\/Nervenbahnen.jpg"},{"@type":"BreadcrumbList","@id":"https:\/\/remstim.com\/fr\/bases-pour-lapplication-de-lemdr-dans-le-coaching-avec-le-remstim-3000\/#breadcrumb","itemListElement":[{"@type":"ListItem","position":1,"name":"Startseite","item":"https:\/\/remstim.com\/fr\/"},{"@type":"ListItem","position":2,"name":"Bases pour l&#8217;application de l&#8217;EMDR dans le coaching avec le REMSTIM 3000"}]},{"@type":"WebSite","@id":"https:\/\/remstim.com\/fr\/#website","url":"https:\/\/remstim.com\/fr\/","name":"EMDR Ger\u00e4t REMSTIM 3000 gegen Stress","description":"Wie wir schnell Entspannung finden.","publisher":{"@id":"https:\/\/remstim.com\/fr\/#organization"},"potentialAction":[{"@type":"SearchAction","target":{"@type":"EntryPoint","urlTemplate":"https:\/\/remstim.com\/fr\/?s={search_term_string}"},"query-input":{"@type":"PropertyValueSpecification","valueRequired":true,"valueName":"search_term_string"}}],"inLanguage":"fr-FR"},{"@type":"Organization","@id":"https:\/\/remstim.com\/fr\/#organization","name":"EMDR Ger\u00e4t REMSTIM 3000 gegen Stress","url":"https:\/\/remstim.com\/fr\/","logo":{"@type":"ImageObject","inLanguage":"fr-FR","@id":"https:\/\/remstim.com\/fr\/#\/schema\/logo\/image\/","url":"https:\/\/remstim.com\/wp-content\/uploads\/2012\/06\/REMSTIM-Logo-mit-Untertitel_orange-e1340382850185.png","contentUrl":"https:\/\/remstim.com\/wp-content\/uploads\/2012\/06\/REMSTIM-Logo-mit-Untertitel_orange-e1340382850185.png","width":304,"height":80,"caption":"EMDR Ger\u00e4t REMSTIM 3000 gegen Stress"},"image":{"@id":"https:\/\/remstim.com\/fr\/#\/schema\/logo\/image\/"}}]}},"_links":{"self":[{"href":"https:\/\/remstim.com\/fr\/wp-json\/wp\/v2\/pages\/11660","targetHints":{"allow":["GET"]}}],"collection":[{"href":"https:\/\/remstim.com\/fr\/wp-json\/wp\/v2\/pages"}],"about":[{"href":"https:\/\/remstim.com\/fr\/wp-json\/wp\/v2\/types\/page"}],"author":[{"embeddable":true,"href":"https:\/\/remstim.com\/fr\/wp-json\/wp\/v2\/users\/1"}],"replies":[{"embeddable":true,"href":"https:\/\/remstim.com\/fr\/wp-json\/wp\/v2\/comments?post=11660"}],"version-history":[{"count":0,"href":"https:\/\/remstim.com\/fr\/wp-json\/wp\/v2\/pages\/11660\/revisions"}],"wp:attachment":[{"href":"https:\/\/remstim.com\/fr\/wp-json\/wp\/v2\/media?parent=11660"}],"curies":[{"name":"wp","href":"https:\/\/api.w.org\/{rel}","templated":true}]}}