{"id":11661,"date":"2011-03-18T17:12:28","date_gmt":"2011-03-18T17:12:28","guid":{"rendered":"https:\/\/remstim.de\/informations-importantes\/"},"modified":"2023-09-15T06:58:59","modified_gmt":"2023-09-15T06:58:59","slug":"informations-importantes","status":"publish","type":"page","link":"https:\/\/remstim.com\/fr\/bases-pour-lapplication-de-lemdr-dans-le-coaching-avec-le-remstim-3000\/informations-importantes\/","title":{"rendered":"Informations importantes"},"content":{"rendered":"<h1 style=\"text-align: justify;\">Informations importantes<\/h1>\n<p style=\"text-align: justify;\">1. le REMSTIM 3000 est un appareil de stimulation des mouvements oculaires. L&#8217;utilisation du REMSTIM 3000 pour stimuler les mouvements oculaires se comprend comme un entra\u00eenement mental favorisant la performance. Il ne s&#8217;agit pas d&#8217;une m\u00e9thode de diagnostic, d&#8217;un appareil m\u00e9dical, d&#8217;une th\u00e9rapie m\u00e9dicale ou de toute autre forme de m\u00e9decine, il ne traite aucune maladie ni aucun sympt\u00f4me de maladie. Aucune promesse de gu\u00e9rison n&#8217;est faite, de sorte que de faux espoirs sont \u00e9veill\u00e9s chez l&#8217;utilisateur.<\/p>\n<p style=\"text-align: justify;\">2. l&#8217;utilisation du REMSTIM 3000 ne vise pas \u00e0 remplacer le travail d&#8217;un psychoth\u00e9rapeute, d&#8217;un m\u00e9decin ou d&#8217;un praticien de sant\u00e9. C&#8217;est pourquoi il ne faut pas interrompre ou suspendre un traitement en cours, ni repousser ou renoncer compl\u00e8tement \u00e0 un traitement futur n\u00e9cessaire.<\/p>\n<p style=\"text-align: justify;\">3. l&#8217;utilisation du REMSTIM 3000 n&#8217;annule en aucun cas les prescriptions m\u00e9dicales. La responsabilit\u00e9 incombe enti\u00e8rement \u00e0 l&#8217;utilisateur.<\/p>\n<p style=\"text-align: justify;\">4. la description des \u00e9tats physiques, \u00e9motionnels et mentaux &#8211; en particulier par l&#8217;utilisation de mots tels que stress, charge, inqui\u00e9tude, chagrin, agitation, peur, tension et autres termes similaires &#8211; est ici exclusivement une description de l&#8217;\u00e9tat d&#8217;esprit de personnes en bonne sant\u00e9 dans une marge de variation naturelle. Il ne faut en aucun cas donner l&#8217;impression que les \u00e9tats d&#8217;\u00e2me repr\u00e9sent\u00e9s d\u00e9passent un certain degr\u00e9 d&#8217;atteinte et tentent de d\u00e9crire ou m\u00eame de repr\u00e9senter des maladies, des souffrances, des dommages corporels ou des troubles pathologiques.<\/p>\n<p style=\"text-align: justify;\">5. l&#8217;utilisateur doit avoir une r\u00e9sistance psychique et physique normale, comme c&#8217;est g\u00e9n\u00e9ralement le cas pour le coaching.<\/p>\n<p style=\"text-align: justify;\">6) L&#8217;utilisation du REMSTIM 3000 ne convient \u00e0 aucun moment aux personnes qui souffrent ou ont souffert notamment des maladies suivantes :<\/p>\n<ul style=\"text-align: justify;\">\n<li>Epilepsie<\/li>\n<li>Maladies oculaires<\/li>\n<li>Maladies organiques du cerveau<\/li>\n<li>Maladies de la d\u00e9pendance<\/li>\n<li>Troubles dissociatifs<\/li>\n<li>Troubles du moi<\/li>\n<\/ul>\n<p style=\"text-align: justify;\">7. il est de la libre responsabilit\u00e9 et de la d\u00e9cision de l&#8217;utilisateur de commencer, de continuer ou d&#8217;arr\u00eater l&#8217;utilisation du REMSTIM 3000.<\/p>\n<p style=\"text-align: justify;\">8. l&#8217;utilisation du REMSTIM 3000 peut provoquer des \u00e9motions intenses et passag\u00e8res.<\/p>\n<p style=\"text-align: justify;\">9. n&#8217;utilisez le REMSTIM 3000 que pour l&#8217;usage pour lequel il a \u00e9t\u00e9 con\u00e7u. Notez que lorsque le REMSTIM 3000 est en place, il remplit enti\u00e8rement votre champ de vision et vous emp\u00eache de voir votre environnement.<\/p>\n<p style=\"text-align: justify;\">10. le REMSTIM 3000 est destin\u00e9 \u00e0 l&#8217;auto-utilisation personnelle en position assise ou couch\u00e9e. Le REMSTIM 3000 n&#8217;est pas pr\u00e9vu pour une utilisation professionnelle. Il est recommand\u00e9 d&#8217;effectuer jusqu&#8217;\u00e0 3 applications successives de 30 secondes chacune.<\/p>\n<p style=\"text-align: justify;\">11. si les mouvements oculaires sont ressentis comme d\u00e9sagr\u00e9ables, en particulier lors des premi\u00e8res utilisations, il est n\u00e9cessaire d&#8217;optimiser (niveau inf\u00e9rieur) les r\u00e9glages personnels de l&#8217;appareil en mati\u00e8re de d\u00e9viation et\/ou de vitesse et\/ou de luminosit\u00e9. Dans le cas rare de vertiges, de naus\u00e9es ou de douleurs oculaires, arr\u00eater REMSTIM 3000 et adapter les r\u00e9glages.<\/p>\n<p style=\"text-align: justify;\">12. il n&#8217;est gu\u00e8re possible d&#8217;avoir une vision nette des points lumineux (courants) et ce n&#8217;est ni une condition pr\u00e9vue ni une condition requise pour une application r\u00e9ussie<\/p>\n<p style=\"text-align: justify;\">13. le REMSTIM 3000 ne doit pas \u00eatre utilis\u00e9 par des enfants et doit donc \u00eatre tenu hors de leur port\u00e9e.<\/p>\n<p style=\"text-align: justify;\">14. les mat\u00e9riaux utilis\u00e9s dans la fabrication du REMSTIM 3000 peuvent provoquer une r\u00e9action allergique cutan\u00e9e chez les utilisateurs pr\u00e9dispos\u00e9s. Dans ce cas, consultez imm\u00e9diatement un m\u00e9decin.<\/p>\n<p style=\"text-align: justify;\">15. si les instructions du fabricant sont respect\u00e9es lors de l&#8217;utilisation et de la manipulation des piles bouton au lithium herm\u00e9tiquement ferm\u00e9es, celles-ci sont inoffensives ou ne pr\u00e9sentent aucun danger. En l&#8217;absence d&#8217;hypersensibilit\u00e9 \u00e0 certaines substances (r\u00e9actions allergiques), le contact cutan\u00e9 avec les piles bouton au lithium ne pr\u00e9sente aucun risque.<\/p>\n<p style=\"text-align: justify;\">16. n&#8217;exposez pas le REMSTIM 3000 \u00e0 des conditions m\u00e9t\u00e9orologiques extr\u00eames (pluie, neige, rayons du soleil, vent).<\/p>\n<p style=\"text-align: justify;\">17. prot\u00e9gez le REMSTIM 3000 de l&#8217;eau.<\/p>\n","protected":false},"excerpt":{"rendered":"<p>Informations importantes 1. le REMSTIM 3000 est un appareil de stimulation des mouvements oculaires. L&#8217;utilisation du REMSTIM 3000 pour stimuler les mouvements oculaires se comprend comme un entra\u00eenement mental favorisant la performance. Il ne s&#8217;agit pas d&#8217;une m\u00e9thode de diagnostic, d&#8217;un appareil m\u00e9dical, d&#8217;une th\u00e9rapie m\u00e9dicale ou de toute autre forme de m\u00e9decine, il ne [&hellip;]<\/p>\n","protected":false},"author":1,"featured_media":0,"parent":11660,"menu_order":5,"comment_status":"closed","ping_status":"closed","template":"","meta":{"_acf_changed":false,"site-sidebar-layout":"default","site-content-layout":"default","ast-site-content-layout":"default","site-content-style":"default","site-sidebar-style":"default","ast-global-header-display":"","ast-banner-title-visibility":"","ast-main-header-display":"","ast-hfb-above-header-display":"","ast-hfb-below-header-display":"","ast-hfb-mobile-header-display":"","site-post-title":"","ast-breadcrumbs-content":"","ast-featured-img":"","footer-sml-layout":"","ast-disable-related-posts":"","theme-transparent-header-meta":"default","adv-header-id-meta":"","stick-header-meta":"default","header-above-stick-meta":"","header-main-stick-meta":"","header-below-stick-meta":"","astra-migrate-meta-layouts":"default","ast-page-background-enabled":"default","ast-page-background-meta":{"desktop":{"background-color":"var(--ast-global-color-4)","background-image":"","background-repeat":"repeat","background-position":"center center","background-size":"auto","background-attachment":"scroll","background-type":"","background-media":"","overlay-type":"","overlay-color":"","overlay-opacity":"","overlay-gradient":""},"tablet":{"background-color":"","background-image":"","background-repeat":"repeat","background-position":"center center","background-size":"auto","background-attachment":"scroll","background-type":"","background-media":"","overlay-type":"","overlay-color":"","overlay-opacity":"","overlay-gradient":""},"mobile":{"background-color":"","background-image":"","background-repeat":"repeat","background-position":"center center","background-size":"auto","background-attachment":"scroll","background-type":"","background-media":"","overlay-type":"","overlay-color":"","overlay-opacity":"","overlay-gradient":""}},"ast-content-background-meta":{"desktop":{"background-color":"var(--ast-global-color-5)","background-image":"","background-repeat":"repeat","background-position":"center center","background-size":"auto","background-attachment":"scroll","background-type":"","background-media":"","overlay-type":"","overlay-color":"","overlay-opacity":"","overlay-gradient":""},"tablet":{"background-color":"var(--ast-global-color-5)","background-image":"","background-repeat":"repeat","background-position":"center center","background-size":"auto","background-attachment":"scroll","background-type":"","background-media":"","overlay-type":"","overlay-color":"","overlay-opacity":"","overlay-gradient":""},"mobile":{"background-color":"var(--ast-global-color-5)","background-image":"","background-repeat":"repeat","background-position":"center center","background-size":"auto","background-attachment":"scroll","background-type":"","background-media":"","overlay-type":"","overlay-color":"","overlay-opacity":"","overlay-gradient":""}},"footnotes":""},"class_list":["post-11661","page","type-page","status-publish","hentry"],"acf":[],"yoast_head":"<!-- This site is optimized with the Yoast SEO plugin v27.3 - https:\/\/yoast.com\/product\/yoast-seo-wordpress\/ -->\n<title>Informations importantes - EMDR Ger\u00e4t REMSTIM 3000 gegen Stress<\/title>\n<meta name=\"robots\" content=\"index, follow, max-snippet:-1, max-image-preview:large, max-video-preview:-1\" \/>\n<link rel=\"canonical\" href=\"https:\/\/remstim.com\/fr\/bases-pour-lapplication-de-lemdr-dans-le-coaching-avec-le-remstim-3000\/informations-importantes\/\" \/>\n<meta property=\"og:locale\" content=\"fr_FR\" \/>\n<meta property=\"og:type\" content=\"article\" \/>\n<meta property=\"og:title\" content=\"Informations importantes - EMDR Ger\u00e4t REMSTIM 3000 gegen Stress\" \/>\n<meta property=\"og:description\" content=\"Informations importantes 1. le REMSTIM 3000 est un appareil de stimulation des mouvements oculaires. L&#8217;utilisation du REMSTIM 3000 pour stimuler les mouvements oculaires se comprend comme un entra\u00eenement mental favorisant la performance. Il ne s&#8217;agit pas d&#8217;une m\u00e9thode de diagnostic, d&#8217;un appareil m\u00e9dical, d&#8217;une th\u00e9rapie m\u00e9dicale ou de toute autre forme de m\u00e9decine, il ne [&hellip;]\" \/>\n<meta property=\"og:url\" content=\"https:\/\/remstim.com\/fr\/bases-pour-lapplication-de-lemdr-dans-le-coaching-avec-le-remstim-3000\/informations-importantes\/\" \/>\n<meta property=\"og:site_name\" content=\"EMDR Ger\u00e4t REMSTIM 3000 gegen Stress\" \/>\n<meta property=\"article:modified_time\" content=\"2023-09-15T06:58:59+00:00\" \/>\n<meta name=\"twitter:label1\" content=\"Dur\u00e9e de lecture estim\u00e9e\" \/>\n\t<meta name=\"twitter:data1\" content=\"3 minutes\" \/>\n<script type=\"application\/ld+json\" class=\"yoast-schema-graph\">{\"@context\":\"https:\\\/\\\/schema.org\",\"@graph\":[{\"@type\":\"WebPage\",\"@id\":\"https:\\\/\\\/remstim.com\\\/fr\\\/bases-pour-lapplication-de-lemdr-dans-le-coaching-avec-le-remstim-3000\\\/informations-importantes\\\/\",\"url\":\"https:\\\/\\\/remstim.com\\\/fr\\\/bases-pour-lapplication-de-lemdr-dans-le-coaching-avec-le-remstim-3000\\\/informations-importantes\\\/\",\"name\":\"Informations importantes - EMDR Ger\u00e4t REMSTIM 3000 gegen Stress\",\"isPartOf\":{\"@id\":\"https:\\\/\\\/remstim.com\\\/fr\\\/#website\"},\"datePublished\":\"2011-03-18T17:12:28+00:00\",\"dateModified\":\"2023-09-15T06:58:59+00:00\",\"breadcrumb\":{\"@id\":\"https:\\\/\\\/remstim.com\\\/fr\\\/bases-pour-lapplication-de-lemdr-dans-le-coaching-avec-le-remstim-3000\\\/informations-importantes\\\/#breadcrumb\"},\"inLanguage\":\"fr-FR\",\"potentialAction\":[{\"@type\":\"ReadAction\",\"target\":[\"https:\\\/\\\/remstim.com\\\/fr\\\/bases-pour-lapplication-de-lemdr-dans-le-coaching-avec-le-remstim-3000\\\/informations-importantes\\\/\"]}]},{\"@type\":\"BreadcrumbList\",\"@id\":\"https:\\\/\\\/remstim.com\\\/fr\\\/bases-pour-lapplication-de-lemdr-dans-le-coaching-avec-le-remstim-3000\\\/informations-importantes\\\/#breadcrumb\",\"itemListElement\":[{\"@type\":\"ListItem\",\"position\":1,\"name\":\"Startseite\",\"item\":\"https:\\\/\\\/remstim.com\\\/fr\\\/\"},{\"@type\":\"ListItem\",\"position\":2,\"name\":\"Bases pour l&#8217;application de l&#8217;EMDR dans le coaching avec le REMSTIM 3000\",\"item\":\"https:\\\/\\\/remstim.com\\\/fr\\\/bases-pour-lapplication-de-lemdr-dans-le-coaching-avec-le-remstim-3000\\\/\"},{\"@type\":\"ListItem\",\"position\":3,\"name\":\"Informations importantes\"}]},{\"@type\":\"WebSite\",\"@id\":\"https:\\\/\\\/remstim.com\\\/fr\\\/#website\",\"url\":\"https:\\\/\\\/remstim.com\\\/fr\\\/\",\"name\":\"EMDR Ger\u00e4t REMSTIM 3000 gegen Stress\",\"description\":\"Wie wir schnell Entspannung finden.\",\"publisher\":{\"@id\":\"https:\\\/\\\/remstim.com\\\/fr\\\/#organization\"},\"potentialAction\":[{\"@type\":\"SearchAction\",\"target\":{\"@type\":\"EntryPoint\",\"urlTemplate\":\"https:\\\/\\\/remstim.com\\\/fr\\\/?s={search_term_string}\"},\"query-input\":{\"@type\":\"PropertyValueSpecification\",\"valueRequired\":true,\"valueName\":\"search_term_string\"}}],\"inLanguage\":\"fr-FR\"},{\"@type\":\"Organization\",\"@id\":\"https:\\\/\\\/remstim.com\\\/fr\\\/#organization\",\"name\":\"EMDR Ger\u00e4t REMSTIM 3000 gegen Stress\",\"url\":\"https:\\\/\\\/remstim.com\\\/fr\\\/\",\"logo\":{\"@type\":\"ImageObject\",\"inLanguage\":\"fr-FR\",\"@id\":\"https:\\\/\\\/remstim.com\\\/fr\\\/#\\\/schema\\\/logo\\\/image\\\/\",\"url\":\"https:\\\/\\\/remstim.com\\\/wp-content\\\/uploads\\\/2012\\\/06\\\/REMSTIM-Logo-mit-Untertitel_orange-e1340382850185.png\",\"contentUrl\":\"https:\\\/\\\/remstim.com\\\/wp-content\\\/uploads\\\/2012\\\/06\\\/REMSTIM-Logo-mit-Untertitel_orange-e1340382850185.png\",\"width\":304,\"height\":80,\"caption\":\"EMDR Ger\u00e4t REMSTIM 3000 gegen Stress\"},\"image\":{\"@id\":\"https:\\\/\\\/remstim.com\\\/fr\\\/#\\\/schema\\\/logo\\\/image\\\/\"}}]}<\/script>\n<!-- \/ Yoast SEO plugin. -->","yoast_head_json":{"title":"Informations importantes - EMDR Ger\u00e4t REMSTIM 3000 gegen Stress","robots":{"index":"index","follow":"follow","max-snippet":"max-snippet:-1","max-image-preview":"max-image-preview:large","max-video-preview":"max-video-preview:-1"},"canonical":"https:\/\/remstim.com\/fr\/bases-pour-lapplication-de-lemdr-dans-le-coaching-avec-le-remstim-3000\/informations-importantes\/","og_locale":"fr_FR","og_type":"article","og_title":"Informations importantes - EMDR Ger\u00e4t REMSTIM 3000 gegen Stress","og_description":"Informations importantes 1. le REMSTIM 3000 est un appareil de stimulation des mouvements oculaires. L&#8217;utilisation du REMSTIM 3000 pour stimuler les mouvements oculaires se comprend comme un entra\u00eenement mental favorisant la performance. Il ne s&#8217;agit pas d&#8217;une m\u00e9thode de diagnostic, d&#8217;un appareil m\u00e9dical, d&#8217;une th\u00e9rapie m\u00e9dicale ou de toute autre forme de m\u00e9decine, il ne [&hellip;]","og_url":"https:\/\/remstim.com\/fr\/bases-pour-lapplication-de-lemdr-dans-le-coaching-avec-le-remstim-3000\/informations-importantes\/","og_site_name":"EMDR Ger\u00e4t REMSTIM 3000 gegen Stress","article_modified_time":"2023-09-15T06:58:59+00:00","twitter_misc":{"Dur\u00e9e de lecture estim\u00e9e":"3 minutes"},"schema":{"@context":"https:\/\/schema.org","@graph":[{"@type":"WebPage","@id":"https:\/\/remstim.com\/fr\/bases-pour-lapplication-de-lemdr-dans-le-coaching-avec-le-remstim-3000\/informations-importantes\/","url":"https:\/\/remstim.com\/fr\/bases-pour-lapplication-de-lemdr-dans-le-coaching-avec-le-remstim-3000\/informations-importantes\/","name":"Informations importantes - EMDR Ger\u00e4t REMSTIM 3000 gegen Stress","isPartOf":{"@id":"https:\/\/remstim.com\/fr\/#website"},"datePublished":"2011-03-18T17:12:28+00:00","dateModified":"2023-09-15T06:58:59+00:00","breadcrumb":{"@id":"https:\/\/remstim.com\/fr\/bases-pour-lapplication-de-lemdr-dans-le-coaching-avec-le-remstim-3000\/informations-importantes\/#breadcrumb"},"inLanguage":"fr-FR","potentialAction":[{"@type":"ReadAction","target":["https:\/\/remstim.com\/fr\/bases-pour-lapplication-de-lemdr-dans-le-coaching-avec-le-remstim-3000\/informations-importantes\/"]}]},{"@type":"BreadcrumbList","@id":"https:\/\/remstim.com\/fr\/bases-pour-lapplication-de-lemdr-dans-le-coaching-avec-le-remstim-3000\/informations-importantes\/#breadcrumb","itemListElement":[{"@type":"ListItem","position":1,"name":"Startseite","item":"https:\/\/remstim.com\/fr\/"},{"@type":"ListItem","position":2,"name":"Bases pour l&#8217;application de l&#8217;EMDR dans le coaching avec le REMSTIM 3000","item":"https:\/\/remstim.com\/fr\/bases-pour-lapplication-de-lemdr-dans-le-coaching-avec-le-remstim-3000\/"},{"@type":"ListItem","position":3,"name":"Informations importantes"}]},{"@type":"WebSite","@id":"https:\/\/remstim.com\/fr\/#website","url":"https:\/\/remstim.com\/fr\/","name":"EMDR Ger\u00e4t REMSTIM 3000 gegen Stress","description":"Wie wir schnell Entspannung finden.","publisher":{"@id":"https:\/\/remstim.com\/fr\/#organization"},"potentialAction":[{"@type":"SearchAction","target":{"@type":"EntryPoint","urlTemplate":"https:\/\/remstim.com\/fr\/?s={search_term_string}"},"query-input":{"@type":"PropertyValueSpecification","valueRequired":true,"valueName":"search_term_string"}}],"inLanguage":"fr-FR"},{"@type":"Organization","@id":"https:\/\/remstim.com\/fr\/#organization","name":"EMDR Ger\u00e4t REMSTIM 3000 gegen Stress","url":"https:\/\/remstim.com\/fr\/","logo":{"@type":"ImageObject","inLanguage":"fr-FR","@id":"https:\/\/remstim.com\/fr\/#\/schema\/logo\/image\/","url":"https:\/\/remstim.com\/wp-content\/uploads\/2012\/06\/REMSTIM-Logo-mit-Untertitel_orange-e1340382850185.png","contentUrl":"https:\/\/remstim.com\/wp-content\/uploads\/2012\/06\/REMSTIM-Logo-mit-Untertitel_orange-e1340382850185.png","width":304,"height":80,"caption":"EMDR Ger\u00e4t REMSTIM 3000 gegen Stress"},"image":{"@id":"https:\/\/remstim.com\/fr\/#\/schema\/logo\/image\/"}}]}},"_links":{"self":[{"href":"https:\/\/remstim.com\/fr\/wp-json\/wp\/v2\/pages\/11661","targetHints":{"allow":["GET"]}}],"collection":[{"href":"https:\/\/remstim.com\/fr\/wp-json\/wp\/v2\/pages"}],"about":[{"href":"https:\/\/remstim.com\/fr\/wp-json\/wp\/v2\/types\/page"}],"author":[{"embeddable":true,"href":"https:\/\/remstim.com\/fr\/wp-json\/wp\/v2\/users\/1"}],"replies":[{"embeddable":true,"href":"https:\/\/remstim.com\/fr\/wp-json\/wp\/v2\/comments?post=11661"}],"version-history":[{"count":0,"href":"https:\/\/remstim.com\/fr\/wp-json\/wp\/v2\/pages\/11661\/revisions"}],"up":[{"embeddable":true,"href":"https:\/\/remstim.com\/fr\/wp-json\/wp\/v2\/pages\/11660"}],"wp:attachment":[{"href":"https:\/\/remstim.com\/fr\/wp-json\/wp\/v2\/media?parent=11661"}],"curies":[{"name":"wp","href":"https:\/\/api.w.org\/{rel}","templated":true}]}}