{"id":11672,"date":"2011-05-02T07:28:25","date_gmt":"2011-05-02T07:28:25","guid":{"rendered":"https:\/\/remstim.de\/gerer-les-soucis-et-le-chagrin\/"},"modified":"2023-09-14T15:30:47","modified_gmt":"2023-09-14T15:30:47","slug":"gerer-les-soucis-et-le-chagrin","status":"publish","type":"page","link":"https:\/\/remstim.com\/fr\/domaines-dapplication-de-lemdr-dans-le-coaching\/gerer-les-soucis-et-le-chagrin\/","title":{"rendered":"G\u00e9rer les soucis et le chagrin"},"content":{"rendered":"<h1>G\u00e9rer les soucis et le chagrin en autocoaching avec l&#8217;EMDR<\/h1>\n<p style=\"text-align: justify;\">Celui qui per\u00e7oit son environnement avec une compassion pr\u00e9voyante et qui s&#8217;attend en m\u00eame temps \u00e0 la d\u00e9tresse, se trouve dans l&#8217;inqui\u00e9tude. Ses sentiments, ses pens\u00e9es et ses actions sont caract\u00e9ris\u00e9s par la suspicion. Les craintes sont parfois plus concr\u00e8tes, parfois moins. Comme souvent, l&#8217;interpr\u00e9tation subjective de son propre environnement joue un r\u00f4le d\u00e9cisif dans la pr\u00e9occupation en soi. Ce ne sont pas les choses en soi que nous craignons, mais leur repr\u00e9sentation.<\/p>\n<p style=\"text-align: justify;\">L&#8217;attention personnelle se concentre sur les craintes et les cons\u00e9quences n\u00e9gatives possibles.<\/p>\n<p style=\"text-align: justify;\">Plus l&#8217;inqui\u00e9tude grandit, plus la capacit\u00e9 \u00e0 se d\u00e9tendre se perd \u00e0 vue d&#8217;\u0153il. L&#8217;agitation caract\u00e9rise l&#8217;\u00e9tat mental et \u00e9motionnel de la personne qui s&#8217;inqui\u00e8te. Le risque de g\u00e9n\u00e9ralisation augmente. Les soucis sont ensuite report\u00e9s sur d&#8217;autres situations.<\/p>\n<p style=\"text-align: justify;\">C&#8217;est au plus tard \u00e0 ce moment-l\u00e0 qu&#8217;il est important de mettre un terme au flot de pens\u00e9es et de sentiments n\u00e9gatifs qui d\u00e9ferle.<\/p>\n<p style=\"text-align: justify;\">\u00c0 l&#8217;aide de la la <a href=\"https:\/\/remstim.com\/fr\/bases-pour-lapplication-de-lemdr-dans-le-coaching-avec-le-remstim-3000\/stimulation-du-mouvement-rapide-des-yeux\/\">stimulation rapide des mouvements oculaires<\/a> &#8211; l&#8217;intervention EMDR &#8211; et le <a href=\"https:\/\/remstim.com\/fr\/remstim-3000\/\">REMSTIM 3000<\/a> les cha\u00eenes de pens\u00e9es per\u00e7ues comme mena\u00e7antes peuvent \u00eatre interrompues dans de nombreux cas.<\/p>\n<p style=\"text-align: justify;\">Un nouveau sens des r\u00e9alit\u00e9s peut alors retrouver sa place dans le monde des pens\u00e9es, qu&#8217;il s&#8217;agisse d&#8217;une inqui\u00e9tude concernant la situation financi\u00e8re, d&#8217;une pr\u00e9vision sombre d&#8217;un avenir qui semble d\u00e9senchanter ou d&#8217;un &#8220;mauvais&#8221; pressentiment diffus.<\/p>\n<p style=\"text-align: justify;\">L&#8217;\u00e9tat \u00e9motionnel individuel s&#8217;am\u00e9liore souvent \u00e0 vue d&#8217;\u0153il une fois que les attentes personnelles qui cr\u00e9ent un avenir sombre ont \u00e9t\u00e9 stopp\u00e9es.<\/p>\n<hr class=\"divider-html\" style=\"border-top: 1px solid #bbb;\">\n<p>&nbsp;<\/p>\n<h2>En savoir plus sur l&#8217;EMDR<\/h2>\n<p>&nbsp;<\/p>\n\t\t<div data-elementor-type=\"section\" data-elementor-id=\"14079\" class=\"elementor elementor-14079 elementor-9347\" data-elementor-post-type=\"elementor_library\">\n\t\t\t\t\t<section class=\"elementor-section elementor-top-section elementor-element elementor-element-619a94b elementor-section-full_width elementor-section-height-default elementor-section-height-default\" data-id=\"619a94b\" data-element_type=\"section\" data-e-type=\"section\">\n\t\t\t\t\t\t<div class=\"elementor-container elementor-column-gap-no\">\n\t\t\t\t\t<div class=\"elementor-column elementor-col-100 elementor-top-column elementor-element elementor-element-dd78573\" data-id=\"dd78573\" data-element_type=\"column\" data-e-type=\"column\">\n\t\t\t<div class=\"elementor-widget-wrap elementor-element-populated\">\n\t\t\t\t\t\t<section class=\"elementor-section elementor-inner-section elementor-element elementor-element-0209641 elementor-section-full_width elementor-section-height-default elementor-section-height-default\" data-id=\"0209641\" data-element_type=\"section\" data-e-type=\"section\">\n\t\t\t\t\t\t<div class=\"elementor-container elementor-column-gap-default\">\n\t\t\t\t\t<div class=\"elementor-column elementor-col-100 elementor-inner-column elementor-element elementor-element-38da17f\" data-id=\"38da17f\" data-element_type=\"column\" data-e-type=\"column\">\n\t\t\t<div class=\"elementor-widget-wrap elementor-element-populated\">\n\t\t\t\t\t\t\t<\/div>\n\t\t<\/div>\n\t\t\t\t\t<\/div>\n\t\t<\/section>\n\t\t\t\t\t<\/div>\n\t\t<\/div>\n\t\t\t\t\t<\/div>\n\t\t<\/section>\n\t\t\t\t<\/div>\n\t\t\n","protected":false},"excerpt":{"rendered":"<p>G\u00e9rer les soucis et le chagrin en autocoaching avec l&#8217;EMDR Celui qui per\u00e7oit son environnement avec une compassion pr\u00e9voyante et qui s&#8217;attend en m\u00eame temps \u00e0 la d\u00e9tresse, se trouve dans l&#8217;inqui\u00e9tude. Ses sentiments, ses pens\u00e9es et ses actions sont caract\u00e9ris\u00e9s par la suspicion. Les craintes sont parfois plus concr\u00e8tes, parfois moins. Comme souvent, l&#8217;interpr\u00e9tation [&hellip;]<\/p>\n","protected":false},"author":1,"featured_media":0,"parent":11759,"menu_order":3,"comment_status":"closed","ping_status":"closed","template":"","meta":{"_acf_changed":false,"site-sidebar-layout":"default","site-content-layout":"default","ast-site-content-layout":"default","site-content-style":"default","site-sidebar-style":"default","ast-global-header-display":"","ast-banner-title-visibility":"","ast-main-header-display":"","ast-hfb-above-header-display":"","ast-hfb-below-header-display":"","ast-hfb-mobile-header-display":"","site-post-title":"","ast-breadcrumbs-content":"","ast-featured-img":"","footer-sml-layout":"","ast-disable-related-posts":"","theme-transparent-header-meta":"default","adv-header-id-meta":"","stick-header-meta":"default","header-above-stick-meta":"","header-main-stick-meta":"","header-below-stick-meta":"","astra-migrate-meta-layouts":"default","ast-page-background-enabled":"default","ast-page-background-meta":{"desktop":{"background-color":"var(--ast-global-color-4)","background-image":"","background-repeat":"repeat","background-position":"center center","background-size":"auto","background-attachment":"scroll","background-type":"","background-media":"","overlay-type":"","overlay-color":"","overlay-opacity":"","overlay-gradient":""},"tablet":{"background-color":"","background-image":"","background-repeat":"repeat","background-position":"center center","background-size":"auto","background-attachment":"scroll","background-type":"","background-media":"","overlay-type":"","overlay-color":"","overlay-opacity":"","overlay-gradient":""},"mobile":{"background-color":"","background-image":"","background-repeat":"repeat","background-position":"center center","background-size":"auto","background-attachment":"scroll","background-type":"","background-media":"","overlay-type":"","overlay-color":"","overlay-opacity":"","overlay-gradient":""}},"ast-content-background-meta":{"desktop":{"background-color":"var(--ast-global-color-5)","background-image":"","background-repeat":"repeat","background-position":"center center","background-size":"auto","background-attachment":"scroll","background-type":"","background-media":"","overlay-type":"","overlay-color":"","overlay-opacity":"","overlay-gradient":""},"tablet":{"background-color":"var(--ast-global-color-5)","background-image":"","background-repeat":"repeat","background-position":"center center","background-size":"auto","background-attachment":"scroll","background-type":"","background-media":"","overlay-type":"","overlay-color":"","overlay-opacity":"","overlay-gradient":""},"mobile":{"background-color":"var(--ast-global-color-5)","background-image":"","background-repeat":"repeat","background-position":"center center","background-size":"auto","background-attachment":"scroll","background-type":"","background-media":"","overlay-type":"","overlay-color":"","overlay-opacity":"","overlay-gradient":""}},"footnotes":""},"class_list":["post-11672","page","type-page","status-publish","hentry"],"acf":[],"yoast_head":"<!-- This site is optimized with the Yoast SEO plugin v27.4 - https:\/\/yoast.com\/product\/yoast-seo-wordpress\/ -->\n<title>G\u00e9rer les soucis et le chagrin - EMDR Ger\u00e4t REMSTIM 3000 gegen Stress<\/title>\n<meta name=\"robots\" content=\"index, follow, max-snippet:-1, max-image-preview:large, max-video-preview:-1\" \/>\n<link rel=\"canonical\" href=\"https:\/\/remstim.com\/fr\/domaines-dapplication-de-lemdr-dans-le-coaching\/gerer-les-soucis-et-le-chagrin\/\" \/>\n<meta property=\"og:locale\" content=\"fr_FR\" \/>\n<meta property=\"og:type\" content=\"article\" \/>\n<meta property=\"og:title\" content=\"G\u00e9rer les soucis et le chagrin - EMDR Ger\u00e4t REMSTIM 3000 gegen Stress\" \/>\n<meta property=\"og:description\" content=\"G\u00e9rer les soucis et le chagrin en autocoaching avec l&#8217;EMDR Celui qui per\u00e7oit son environnement avec une compassion pr\u00e9voyante et qui s&#8217;attend en m\u00eame temps \u00e0 la d\u00e9tresse, se trouve dans l&#8217;inqui\u00e9tude. Ses sentiments, ses pens\u00e9es et ses actions sont caract\u00e9ris\u00e9s par la suspicion. Les craintes sont parfois plus concr\u00e8tes, parfois moins. Comme souvent, l&#8217;interpr\u00e9tation [&hellip;]\" \/>\n<meta property=\"og:url\" content=\"https:\/\/remstim.com\/fr\/domaines-dapplication-de-lemdr-dans-le-coaching\/gerer-les-soucis-et-le-chagrin\/\" \/>\n<meta property=\"og:site_name\" content=\"EMDR Ger\u00e4t REMSTIM 3000 gegen Stress\" \/>\n<meta property=\"article:modified_time\" content=\"2023-09-14T15:30:47+00:00\" \/>\n<meta name=\"twitter:label1\" content=\"Dur\u00e9e de lecture estim\u00e9e\" \/>\n\t<meta name=\"twitter:data1\" content=\"2 minutes\" \/>\n<script type=\"application\/ld+json\" class=\"yoast-schema-graph\">{\"@context\":\"https:\\\/\\\/schema.org\",\"@graph\":[{\"@type\":\"WebPage\",\"@id\":\"https:\\\/\\\/remstim.com\\\/fr\\\/domaines-dapplication-de-lemdr-dans-le-coaching\\\/gerer-les-soucis-et-le-chagrin\\\/\",\"url\":\"https:\\\/\\\/remstim.com\\\/fr\\\/domaines-dapplication-de-lemdr-dans-le-coaching\\\/gerer-les-soucis-et-le-chagrin\\\/\",\"name\":\"G\u00e9rer les soucis et le chagrin - EMDR Ger\u00e4t REMSTIM 3000 gegen Stress\",\"isPartOf\":{\"@id\":\"https:\\\/\\\/remstim.com\\\/fr\\\/#website\"},\"datePublished\":\"2011-05-02T07:28:25+00:00\",\"dateModified\":\"2023-09-14T15:30:47+00:00\",\"breadcrumb\":{\"@id\":\"https:\\\/\\\/remstim.com\\\/fr\\\/domaines-dapplication-de-lemdr-dans-le-coaching\\\/gerer-les-soucis-et-le-chagrin\\\/#breadcrumb\"},\"inLanguage\":\"fr-FR\",\"potentialAction\":[{\"@type\":\"ReadAction\",\"target\":[\"https:\\\/\\\/remstim.com\\\/fr\\\/domaines-dapplication-de-lemdr-dans-le-coaching\\\/gerer-les-soucis-et-le-chagrin\\\/\"]}]},{\"@type\":\"BreadcrumbList\",\"@id\":\"https:\\\/\\\/remstim.com\\\/fr\\\/domaines-dapplication-de-lemdr-dans-le-coaching\\\/gerer-les-soucis-et-le-chagrin\\\/#breadcrumb\",\"itemListElement\":[{\"@type\":\"ListItem\",\"position\":1,\"name\":\"Startseite\",\"item\":\"https:\\\/\\\/remstim.com\\\/fr\\\/\"},{\"@type\":\"ListItem\",\"position\":2,\"name\":\"Domaines d&#8217;application de l&#8217;EMDR dans le coaching\",\"item\":\"https:\\\/\\\/remstim.com\\\/fr\\\/domaines-dapplication-de-lemdr-dans-le-coaching\\\/\"},{\"@type\":\"ListItem\",\"position\":3,\"name\":\"G\u00e9rer les soucis et le chagrin\"}]},{\"@type\":\"WebSite\",\"@id\":\"https:\\\/\\\/remstim.com\\\/fr\\\/#website\",\"url\":\"https:\\\/\\\/remstim.com\\\/fr\\\/\",\"name\":\"EMDR Ger\u00e4t REMSTIM 3000 gegen Stress\",\"description\":\"Wie wir schnell Entspannung finden.\",\"publisher\":{\"@id\":\"https:\\\/\\\/remstim.com\\\/fr\\\/#organization\"},\"potentialAction\":[{\"@type\":\"SearchAction\",\"target\":{\"@type\":\"EntryPoint\",\"urlTemplate\":\"https:\\\/\\\/remstim.com\\\/fr\\\/?s={search_term_string}\"},\"query-input\":{\"@type\":\"PropertyValueSpecification\",\"valueRequired\":true,\"valueName\":\"search_term_string\"}}],\"inLanguage\":\"fr-FR\"},{\"@type\":\"Organization\",\"@id\":\"https:\\\/\\\/remstim.com\\\/fr\\\/#organization\",\"name\":\"EMDR Ger\u00e4t REMSTIM 3000 gegen Stress\",\"url\":\"https:\\\/\\\/remstim.com\\\/fr\\\/\",\"logo\":{\"@type\":\"ImageObject\",\"inLanguage\":\"fr-FR\",\"@id\":\"https:\\\/\\\/remstim.com\\\/fr\\\/#\\\/schema\\\/logo\\\/image\\\/\",\"url\":\"https:\\\/\\\/remstim.com\\\/wp-content\\\/uploads\\\/2012\\\/06\\\/REMSTIM-Logo-mit-Untertitel_orange-e1340382850185.png\",\"contentUrl\":\"https:\\\/\\\/remstim.com\\\/wp-content\\\/uploads\\\/2012\\\/06\\\/REMSTIM-Logo-mit-Untertitel_orange-e1340382850185.png\",\"width\":304,\"height\":80,\"caption\":\"EMDR Ger\u00e4t REMSTIM 3000 gegen Stress\"},\"image\":{\"@id\":\"https:\\\/\\\/remstim.com\\\/fr\\\/#\\\/schema\\\/logo\\\/image\\\/\"}}]}<\/script>\n<!-- \/ Yoast SEO plugin. -->","yoast_head_json":{"title":"G\u00e9rer les soucis et le chagrin - EMDR Ger\u00e4t REMSTIM 3000 gegen Stress","robots":{"index":"index","follow":"follow","max-snippet":"max-snippet:-1","max-image-preview":"max-image-preview:large","max-video-preview":"max-video-preview:-1"},"canonical":"https:\/\/remstim.com\/fr\/domaines-dapplication-de-lemdr-dans-le-coaching\/gerer-les-soucis-et-le-chagrin\/","og_locale":"fr_FR","og_type":"article","og_title":"G\u00e9rer les soucis et le chagrin - EMDR Ger\u00e4t REMSTIM 3000 gegen Stress","og_description":"G\u00e9rer les soucis et le chagrin en autocoaching avec l&#8217;EMDR Celui qui per\u00e7oit son environnement avec une compassion pr\u00e9voyante et qui s&#8217;attend en m\u00eame temps \u00e0 la d\u00e9tresse, se trouve dans l&#8217;inqui\u00e9tude. Ses sentiments, ses pens\u00e9es et ses actions sont caract\u00e9ris\u00e9s par la suspicion. Les craintes sont parfois plus concr\u00e8tes, parfois moins. Comme souvent, l&#8217;interpr\u00e9tation [&hellip;]","og_url":"https:\/\/remstim.com\/fr\/domaines-dapplication-de-lemdr-dans-le-coaching\/gerer-les-soucis-et-le-chagrin\/","og_site_name":"EMDR Ger\u00e4t REMSTIM 3000 gegen Stress","article_modified_time":"2023-09-14T15:30:47+00:00","twitter_misc":{"Dur\u00e9e de lecture estim\u00e9e":"2 minutes"},"schema":{"@context":"https:\/\/schema.org","@graph":[{"@type":"WebPage","@id":"https:\/\/remstim.com\/fr\/domaines-dapplication-de-lemdr-dans-le-coaching\/gerer-les-soucis-et-le-chagrin\/","url":"https:\/\/remstim.com\/fr\/domaines-dapplication-de-lemdr-dans-le-coaching\/gerer-les-soucis-et-le-chagrin\/","name":"G\u00e9rer les soucis et le chagrin - EMDR Ger\u00e4t REMSTIM 3000 gegen Stress","isPartOf":{"@id":"https:\/\/remstim.com\/fr\/#website"},"datePublished":"2011-05-02T07:28:25+00:00","dateModified":"2023-09-14T15:30:47+00:00","breadcrumb":{"@id":"https:\/\/remstim.com\/fr\/domaines-dapplication-de-lemdr-dans-le-coaching\/gerer-les-soucis-et-le-chagrin\/#breadcrumb"},"inLanguage":"fr-FR","potentialAction":[{"@type":"ReadAction","target":["https:\/\/remstim.com\/fr\/domaines-dapplication-de-lemdr-dans-le-coaching\/gerer-les-soucis-et-le-chagrin\/"]}]},{"@type":"BreadcrumbList","@id":"https:\/\/remstim.com\/fr\/domaines-dapplication-de-lemdr-dans-le-coaching\/gerer-les-soucis-et-le-chagrin\/#breadcrumb","itemListElement":[{"@type":"ListItem","position":1,"name":"Startseite","item":"https:\/\/remstim.com\/fr\/"},{"@type":"ListItem","position":2,"name":"Domaines d&#8217;application de l&#8217;EMDR dans le coaching","item":"https:\/\/remstim.com\/fr\/domaines-dapplication-de-lemdr-dans-le-coaching\/"},{"@type":"ListItem","position":3,"name":"G\u00e9rer les soucis et le chagrin"}]},{"@type":"WebSite","@id":"https:\/\/remstim.com\/fr\/#website","url":"https:\/\/remstim.com\/fr\/","name":"EMDR Ger\u00e4t REMSTIM 3000 gegen Stress","description":"Wie wir schnell Entspannung finden.","publisher":{"@id":"https:\/\/remstim.com\/fr\/#organization"},"potentialAction":[{"@type":"SearchAction","target":{"@type":"EntryPoint","urlTemplate":"https:\/\/remstim.com\/fr\/?s={search_term_string}"},"query-input":{"@type":"PropertyValueSpecification","valueRequired":true,"valueName":"search_term_string"}}],"inLanguage":"fr-FR"},{"@type":"Organization","@id":"https:\/\/remstim.com\/fr\/#organization","name":"EMDR Ger\u00e4t REMSTIM 3000 gegen Stress","url":"https:\/\/remstim.com\/fr\/","logo":{"@type":"ImageObject","inLanguage":"fr-FR","@id":"https:\/\/remstim.com\/fr\/#\/schema\/logo\/image\/","url":"https:\/\/remstim.com\/wp-content\/uploads\/2012\/06\/REMSTIM-Logo-mit-Untertitel_orange-e1340382850185.png","contentUrl":"https:\/\/remstim.com\/wp-content\/uploads\/2012\/06\/REMSTIM-Logo-mit-Untertitel_orange-e1340382850185.png","width":304,"height":80,"caption":"EMDR Ger\u00e4t REMSTIM 3000 gegen Stress"},"image":{"@id":"https:\/\/remstim.com\/fr\/#\/schema\/logo\/image\/"}}]}},"_links":{"self":[{"href":"https:\/\/remstim.com\/fr\/wp-json\/wp\/v2\/pages\/11672","targetHints":{"allow":["GET"]}}],"collection":[{"href":"https:\/\/remstim.com\/fr\/wp-json\/wp\/v2\/pages"}],"about":[{"href":"https:\/\/remstim.com\/fr\/wp-json\/wp\/v2\/types\/page"}],"author":[{"embeddable":true,"href":"https:\/\/remstim.com\/fr\/wp-json\/wp\/v2\/users\/1"}],"replies":[{"embeddable":true,"href":"https:\/\/remstim.com\/fr\/wp-json\/wp\/v2\/comments?post=11672"}],"version-history":[{"count":0,"href":"https:\/\/remstim.com\/fr\/wp-json\/wp\/v2\/pages\/11672\/revisions"}],"up":[{"embeddable":true,"href":"https:\/\/remstim.com\/fr\/wp-json\/wp\/v2\/pages\/11759"}],"wp:attachment":[{"href":"https:\/\/remstim.com\/fr\/wp-json\/wp\/v2\/media?parent=11672"}],"curies":[{"name":"wp","href":"https:\/\/api.w.org\/{rel}","templated":true}]}}