{"id":11682,"date":"2011-06-08T14:25:45","date_gmt":"2011-06-08T14:25:45","guid":{"rendered":"https:\/\/remstim.de\/indication-selon-la-loi-sur-les-piles-battg\/"},"modified":"2023-09-15T07:22:11","modified_gmt":"2023-09-15T07:22:11","slug":"indication-selon-la-loi-sur-les-piles-battg","status":"publish","type":"page","link":"https:\/\/remstim.com\/fr\/remstim-3000\/indication-selon-la-loi-sur-les-piles-battg\/","title":{"rendered":"Indication selon la loi sur les piles (BattG)"},"content":{"rendered":"<h1>Indication selon la loi sur les piles (BattG)<\/h1>\n<p style=\"text-align: justify;\"><img decoding=\"async\" class=\"alignleft size-full wp-image-1143\" style=\"margin: 5px; border: 3px solid white;\" title=\"loi sur les batteries-bacs\" src=\"https:\/\/remstim.com\/wp-content\/uploads\/2011\/06\/batteriegesetz-muelltonne.jpg\" alt=\"\" width=\"170\" height=\"175\">Le <a title=\"REMSTIM 3000\" href=\"https:\/\/remstim.com\/fr\/remstim-3000\/\">REMSTIM 3000<\/a> fonctionne \u00e0 l&#8217;aide d&#8217;une <a title=\"Informations sur la pile bouton du REMSTIM 3000\" href=\"https:\/\/remstim.com\/fr\/remstim-3000\/informations-sur-la-pile-bouton-du-remstim-3000\/\">pile<\/a> qui est incluse dans la livraison. C&#8217;est pourquoi, conform\u00e9ment \u00e0 la loi sur les piles (BattG), nous sommes tenus d&#8217;attirer votre attention sur les points suivants :<\/p>\n<p style=\"text-align: justify;\"><strong>Les piles et les accumulateurs ne doivent pas \u00eatre jet\u00e9s avec les ordures m\u00e9nag\u00e8res. Vous \u00eates l\u00e9galement tenu de rapporter les piles et les accumulateurs usag\u00e9s !<\/strong><\/p>\n<p style=\"text-align: justify;\">Les piles usag\u00e9es peuvent contenir des substances nocives qui peuvent nuire \u00e0 l&#8217;environnement ou \u00e0 votre sant\u00e9 si elles ne sont pas stock\u00e9es ou \u00e9limin\u00e9es correctement. Mais les piles contiennent aussi des mati\u00e8res premi\u00e8res importantes comme le fer, le zinc, le mangan\u00e8se ou le nickel et sont recycl\u00e9es.<\/p>\n<p style=\"text-align: justify;\">Apr\u00e8s utilisation, vous pouvez soit<\/p>\n<ul style=\"text-align: justify;\">\n<li>\u00e0 nous renvoyer (Thomas P.H. Buhl Coaching Instrumente, Am Dachsbau 59, 13503 Berlin)<\/li>\n<li>ou \u00e0 proximit\u00e9 imm\u00e9diate (p. ex. dans le commerce ou dans les centres de collecte communaux) sont retourn\u00e9s gratuitement.<\/li>\n<\/ul>\n<p style=\"text-align: justify;\">La remise au point de vente est limit\u00e9e aux quantit\u00e9s habituelles pour l&#8217;utilisateur final en vue de l&#8217;\u00e9limination ainsi qu&#8217;aux piles usag\u00e9es que le distributeur propose ou a propos\u00e9 dans son assortiment en tant que piles neuves.<\/p>\n<p style=\"text-align: justify;\">La poubelle barr\u00e9e signifie que vous ne devez pas jeter les piles et les accumulateurs avec les ordures m\u00e9nag\u00e8res.<\/p>\n<p style=\"text-align: justify;\"><strong>Les signes sous la poubelle sur les piles et les accumulateurs signifient<\/strong><\/p>\n<ul style=\"text-align: justify;\">\n<li>Pb : batterie contenant du plomb<\/li>\n<li>Cd : La pile contient du cadmium<\/li>\n<li>Hg : la pile contient du mercure<\/li>\n<\/ul>\n<p style=\"text-align: justify;\">Vous trouverez en outre cette remarque dans les documents d&#8217;accompagnement<a title=\"Mode d'emploi REMSTIM 3000\" href=\"https:\/\/remstim.com\/fr\/remstim-3000\/mode-demploi-remstim-3000\/\">(mode d&#8217;emploi<\/a>) du <a title=\"REMSTIM 3000\" href=\"https:\/\/remstim.com\/fr\/remstim-3000\/\">REMSTIM 3000<\/a>.<\/p>\n","protected":false},"excerpt":{"rendered":"<p>Indication selon la loi sur les piles (BattG) Le REMSTIM 3000 fonctionne \u00e0 l&#8217;aide d&#8217;une pile qui est incluse dans la livraison. C&#8217;est pourquoi, conform\u00e9ment \u00e0 la loi sur les piles (BattG), nous sommes tenus d&#8217;attirer votre attention sur les points suivants : Les piles et les accumulateurs ne doivent pas \u00eatre jet\u00e9s avec les [&hellip;]<\/p>\n","protected":false},"author":1,"featured_media":0,"parent":11753,"menu_order":10,"comment_status":"closed","ping_status":"closed","template":"","meta":{"_acf_changed":false,"site-sidebar-layout":"default","site-content-layout":"default","ast-site-content-layout":"default","site-content-style":"default","site-sidebar-style":"default","ast-global-header-display":"","ast-banner-title-visibility":"","ast-main-header-display":"","ast-hfb-above-header-display":"","ast-hfb-below-header-display":"","ast-hfb-mobile-header-display":"","site-post-title":"","ast-breadcrumbs-content":"","ast-featured-img":"","footer-sml-layout":"","ast-disable-related-posts":"","theme-transparent-header-meta":"default","adv-header-id-meta":"","stick-header-meta":"default","header-above-stick-meta":"","header-main-stick-meta":"","header-below-stick-meta":"","astra-migrate-meta-layouts":"default","ast-page-background-enabled":"default","ast-page-background-meta":{"desktop":{"background-color":"var(--ast-global-color-4)","background-image":"","background-repeat":"repeat","background-position":"center center","background-size":"auto","background-attachment":"scroll","background-type":"","background-media":"","overlay-type":"","overlay-color":"","overlay-opacity":"","overlay-gradient":""},"tablet":{"background-color":"","background-image":"","background-repeat":"repeat","background-position":"center center","background-size":"auto","background-attachment":"scroll","background-type":"","background-media":"","overlay-type":"","overlay-color":"","overlay-opacity":"","overlay-gradient":""},"mobile":{"background-color":"","background-image":"","background-repeat":"repeat","background-position":"center center","background-size":"auto","background-attachment":"scroll","background-type":"","background-media":"","overlay-type":"","overlay-color":"","overlay-opacity":"","overlay-gradient":""}},"ast-content-background-meta":{"desktop":{"background-color":"var(--ast-global-color-5)","background-image":"","background-repeat":"repeat","background-position":"center center","background-size":"auto","background-attachment":"scroll","background-type":"","background-media":"","overlay-type":"","overlay-color":"","overlay-opacity":"","overlay-gradient":""},"tablet":{"background-color":"var(--ast-global-color-5)","background-image":"","background-repeat":"repeat","background-position":"center center","background-size":"auto","background-attachment":"scroll","background-type":"","background-media":"","overlay-type":"","overlay-color":"","overlay-opacity":"","overlay-gradient":""},"mobile":{"background-color":"var(--ast-global-color-5)","background-image":"","background-repeat":"repeat","background-position":"center center","background-size":"auto","background-attachment":"scroll","background-type":"","background-media":"","overlay-type":"","overlay-color":"","overlay-opacity":"","overlay-gradient":""}},"footnotes":""},"class_list":["post-11682","page","type-page","status-publish","hentry"],"acf":[],"yoast_head":"<!-- This site is optimized with the Yoast SEO plugin v27.3 - https:\/\/yoast.com\/product\/yoast-seo-wordpress\/ -->\n<title>Indication selon la loi sur les piles (BattG) - EMDR Ger\u00e4t REMSTIM 3000 gegen Stress<\/title>\n<meta name=\"robots\" content=\"noindex, nofollow\" \/>\n<meta property=\"og:locale\" content=\"fr_FR\" \/>\n<meta property=\"og:type\" content=\"article\" \/>\n<meta property=\"og:title\" content=\"Indication selon la loi sur les piles (BattG) - EMDR Ger\u00e4t REMSTIM 3000 gegen Stress\" \/>\n<meta property=\"og:description\" content=\"Indication selon la loi sur les piles (BattG) Le REMSTIM 3000 fonctionne \u00e0 l&#8217;aide d&#8217;une pile qui est incluse dans la livraison. C&#8217;est pourquoi, conform\u00e9ment \u00e0 la loi sur les piles (BattG), nous sommes tenus d&#8217;attirer votre attention sur les points suivants : Les piles et les accumulateurs ne doivent pas \u00eatre jet\u00e9s avec les [&hellip;]\" \/>\n<meta property=\"og:url\" content=\"https:\/\/remstim.com\/fr\/remstim-3000\/indication-selon-la-loi-sur-les-piles-battg\/\" \/>\n<meta property=\"og:site_name\" content=\"EMDR Ger\u00e4t REMSTIM 3000 gegen Stress\" \/>\n<meta property=\"article:modified_time\" content=\"2023-09-15T07:22:11+00:00\" \/>\n<meta property=\"og:image\" content=\"https:\/\/remstim.com\/wp-content\/uploads\/2011\/06\/batteriegesetz-muelltonne.jpg\" \/>\n<meta name=\"twitter:label1\" content=\"Dur\u00e9e de lecture estim\u00e9e\" \/>\n\t<meta name=\"twitter:data1\" content=\"2 minutes\" \/>\n<script type=\"application\/ld+json\" class=\"yoast-schema-graph\">{\"@context\":\"https:\\\/\\\/schema.org\",\"@graph\":[{\"@type\":\"WebPage\",\"@id\":\"https:\\\/\\\/remstim.com\\\/fr\\\/remstim-3000\\\/indication-selon-la-loi-sur-les-piles-battg\\\/\",\"url\":\"https:\\\/\\\/remstim.com\\\/fr\\\/remstim-3000\\\/indication-selon-la-loi-sur-les-piles-battg\\\/\",\"name\":\"Indication selon la loi sur les piles (BattG) - EMDR Ger\u00e4t REMSTIM 3000 gegen Stress\",\"isPartOf\":{\"@id\":\"https:\\\/\\\/remstim.com\\\/fr\\\/#website\"},\"primaryImageOfPage\":{\"@id\":\"https:\\\/\\\/remstim.com\\\/fr\\\/remstim-3000\\\/indication-selon-la-loi-sur-les-piles-battg\\\/#primaryimage\"},\"image\":{\"@id\":\"https:\\\/\\\/remstim.com\\\/fr\\\/remstim-3000\\\/indication-selon-la-loi-sur-les-piles-battg\\\/#primaryimage\"},\"thumbnailUrl\":\"https:\\\/\\\/remstim.com\\\/wp-content\\\/uploads\\\/2011\\\/06\\\/batteriegesetz-muelltonne.jpg\",\"datePublished\":\"2011-06-08T14:25:45+00:00\",\"dateModified\":\"2023-09-15T07:22:11+00:00\",\"breadcrumb\":{\"@id\":\"https:\\\/\\\/remstim.com\\\/fr\\\/remstim-3000\\\/indication-selon-la-loi-sur-les-piles-battg\\\/#breadcrumb\"},\"inLanguage\":\"fr-FR\",\"potentialAction\":[{\"@type\":\"ReadAction\",\"target\":[\"https:\\\/\\\/remstim.com\\\/fr\\\/remstim-3000\\\/indication-selon-la-loi-sur-les-piles-battg\\\/\"]}]},{\"@type\":\"ImageObject\",\"inLanguage\":\"fr-FR\",\"@id\":\"https:\\\/\\\/remstim.com\\\/fr\\\/remstim-3000\\\/indication-selon-la-loi-sur-les-piles-battg\\\/#primaryimage\",\"url\":\"https:\\\/\\\/remstim.com\\\/wp-content\\\/uploads\\\/2011\\\/06\\\/batteriegesetz-muelltonne.jpg\",\"contentUrl\":\"https:\\\/\\\/remstim.com\\\/wp-content\\\/uploads\\\/2011\\\/06\\\/batteriegesetz-muelltonne.jpg\"},{\"@type\":\"BreadcrumbList\",\"@id\":\"https:\\\/\\\/remstim.com\\\/fr\\\/remstim-3000\\\/indication-selon-la-loi-sur-les-piles-battg\\\/#breadcrumb\",\"itemListElement\":[{\"@type\":\"ListItem\",\"position\":1,\"name\":\"Startseite\",\"item\":\"https:\\\/\\\/remstim.com\\\/fr\\\/\"},{\"@type\":\"ListItem\",\"position\":2,\"name\":\"Lunettes EMDR REMSTIM 3000\",\"item\":\"https:\\\/\\\/remstim.com\\\/fr\\\/remstim-3000\\\/\"},{\"@type\":\"ListItem\",\"position\":3,\"name\":\"Indication selon la loi sur les piles (BattG)\"}]},{\"@type\":\"WebSite\",\"@id\":\"https:\\\/\\\/remstim.com\\\/fr\\\/#website\",\"url\":\"https:\\\/\\\/remstim.com\\\/fr\\\/\",\"name\":\"EMDR Ger\u00e4t REMSTIM 3000 gegen Stress\",\"description\":\"Wie wir schnell Entspannung finden.\",\"publisher\":{\"@id\":\"https:\\\/\\\/remstim.com\\\/fr\\\/#organization\"},\"potentialAction\":[{\"@type\":\"SearchAction\",\"target\":{\"@type\":\"EntryPoint\",\"urlTemplate\":\"https:\\\/\\\/remstim.com\\\/fr\\\/?s={search_term_string}\"},\"query-input\":{\"@type\":\"PropertyValueSpecification\",\"valueRequired\":true,\"valueName\":\"search_term_string\"}}],\"inLanguage\":\"fr-FR\"},{\"@type\":\"Organization\",\"@id\":\"https:\\\/\\\/remstim.com\\\/fr\\\/#organization\",\"name\":\"EMDR Ger\u00e4t REMSTIM 3000 gegen Stress\",\"url\":\"https:\\\/\\\/remstim.com\\\/fr\\\/\",\"logo\":{\"@type\":\"ImageObject\",\"inLanguage\":\"fr-FR\",\"@id\":\"https:\\\/\\\/remstim.com\\\/fr\\\/#\\\/schema\\\/logo\\\/image\\\/\",\"url\":\"https:\\\/\\\/remstim.com\\\/wp-content\\\/uploads\\\/2012\\\/06\\\/REMSTIM-Logo-mit-Untertitel_orange-e1340382850185.png\",\"contentUrl\":\"https:\\\/\\\/remstim.com\\\/wp-content\\\/uploads\\\/2012\\\/06\\\/REMSTIM-Logo-mit-Untertitel_orange-e1340382850185.png\",\"width\":304,\"height\":80,\"caption\":\"EMDR Ger\u00e4t REMSTIM 3000 gegen Stress\"},\"image\":{\"@id\":\"https:\\\/\\\/remstim.com\\\/fr\\\/#\\\/schema\\\/logo\\\/image\\\/\"}}]}<\/script>\n<!-- \/ Yoast SEO plugin. -->","yoast_head_json":{"title":"Indication selon la loi sur les piles (BattG) - EMDR Ger\u00e4t REMSTIM 3000 gegen Stress","robots":{"index":"noindex","follow":"nofollow"},"og_locale":"fr_FR","og_type":"article","og_title":"Indication selon la loi sur les piles (BattG) - EMDR Ger\u00e4t REMSTIM 3000 gegen Stress","og_description":"Indication selon la loi sur les piles (BattG) Le REMSTIM 3000 fonctionne \u00e0 l&#8217;aide d&#8217;une pile qui est incluse dans la livraison. C&#8217;est pourquoi, conform\u00e9ment \u00e0 la loi sur les piles (BattG), nous sommes tenus d&#8217;attirer votre attention sur les points suivants : Les piles et les accumulateurs ne doivent pas \u00eatre jet\u00e9s avec les [&hellip;]","og_url":"https:\/\/remstim.com\/fr\/remstim-3000\/indication-selon-la-loi-sur-les-piles-battg\/","og_site_name":"EMDR Ger\u00e4t REMSTIM 3000 gegen Stress","article_modified_time":"2023-09-15T07:22:11+00:00","og_image":[{"url":"https:\/\/remstim.com\/wp-content\/uploads\/2011\/06\/batteriegesetz-muelltonne.jpg","type":"","width":"","height":""}],"twitter_misc":{"Dur\u00e9e de lecture estim\u00e9e":"2 minutes"},"schema":{"@context":"https:\/\/schema.org","@graph":[{"@type":"WebPage","@id":"https:\/\/remstim.com\/fr\/remstim-3000\/indication-selon-la-loi-sur-les-piles-battg\/","url":"https:\/\/remstim.com\/fr\/remstim-3000\/indication-selon-la-loi-sur-les-piles-battg\/","name":"Indication selon la loi sur les piles (BattG) - EMDR Ger\u00e4t REMSTIM 3000 gegen Stress","isPartOf":{"@id":"https:\/\/remstim.com\/fr\/#website"},"primaryImageOfPage":{"@id":"https:\/\/remstim.com\/fr\/remstim-3000\/indication-selon-la-loi-sur-les-piles-battg\/#primaryimage"},"image":{"@id":"https:\/\/remstim.com\/fr\/remstim-3000\/indication-selon-la-loi-sur-les-piles-battg\/#primaryimage"},"thumbnailUrl":"https:\/\/remstim.com\/wp-content\/uploads\/2011\/06\/batteriegesetz-muelltonne.jpg","datePublished":"2011-06-08T14:25:45+00:00","dateModified":"2023-09-15T07:22:11+00:00","breadcrumb":{"@id":"https:\/\/remstim.com\/fr\/remstim-3000\/indication-selon-la-loi-sur-les-piles-battg\/#breadcrumb"},"inLanguage":"fr-FR","potentialAction":[{"@type":"ReadAction","target":["https:\/\/remstim.com\/fr\/remstim-3000\/indication-selon-la-loi-sur-les-piles-battg\/"]}]},{"@type":"ImageObject","inLanguage":"fr-FR","@id":"https:\/\/remstim.com\/fr\/remstim-3000\/indication-selon-la-loi-sur-les-piles-battg\/#primaryimage","url":"https:\/\/remstim.com\/wp-content\/uploads\/2011\/06\/batteriegesetz-muelltonne.jpg","contentUrl":"https:\/\/remstim.com\/wp-content\/uploads\/2011\/06\/batteriegesetz-muelltonne.jpg"},{"@type":"BreadcrumbList","@id":"https:\/\/remstim.com\/fr\/remstim-3000\/indication-selon-la-loi-sur-les-piles-battg\/#breadcrumb","itemListElement":[{"@type":"ListItem","position":1,"name":"Startseite","item":"https:\/\/remstim.com\/fr\/"},{"@type":"ListItem","position":2,"name":"Lunettes EMDR REMSTIM 3000","item":"https:\/\/remstim.com\/fr\/remstim-3000\/"},{"@type":"ListItem","position":3,"name":"Indication selon la loi sur les piles (BattG)"}]},{"@type":"WebSite","@id":"https:\/\/remstim.com\/fr\/#website","url":"https:\/\/remstim.com\/fr\/","name":"EMDR Ger\u00e4t REMSTIM 3000 gegen Stress","description":"Wie wir schnell Entspannung finden.","publisher":{"@id":"https:\/\/remstim.com\/fr\/#organization"},"potentialAction":[{"@type":"SearchAction","target":{"@type":"EntryPoint","urlTemplate":"https:\/\/remstim.com\/fr\/?s={search_term_string}"},"query-input":{"@type":"PropertyValueSpecification","valueRequired":true,"valueName":"search_term_string"}}],"inLanguage":"fr-FR"},{"@type":"Organization","@id":"https:\/\/remstim.com\/fr\/#organization","name":"EMDR Ger\u00e4t REMSTIM 3000 gegen Stress","url":"https:\/\/remstim.com\/fr\/","logo":{"@type":"ImageObject","inLanguage":"fr-FR","@id":"https:\/\/remstim.com\/fr\/#\/schema\/logo\/image\/","url":"https:\/\/remstim.com\/wp-content\/uploads\/2012\/06\/REMSTIM-Logo-mit-Untertitel_orange-e1340382850185.png","contentUrl":"https:\/\/remstim.com\/wp-content\/uploads\/2012\/06\/REMSTIM-Logo-mit-Untertitel_orange-e1340382850185.png","width":304,"height":80,"caption":"EMDR Ger\u00e4t REMSTIM 3000 gegen Stress"},"image":{"@id":"https:\/\/remstim.com\/fr\/#\/schema\/logo\/image\/"}}]}},"_links":{"self":[{"href":"https:\/\/remstim.com\/fr\/wp-json\/wp\/v2\/pages\/11682","targetHints":{"allow":["GET"]}}],"collection":[{"href":"https:\/\/remstim.com\/fr\/wp-json\/wp\/v2\/pages"}],"about":[{"href":"https:\/\/remstim.com\/fr\/wp-json\/wp\/v2\/types\/page"}],"author":[{"embeddable":true,"href":"https:\/\/remstim.com\/fr\/wp-json\/wp\/v2\/users\/1"}],"replies":[{"embeddable":true,"href":"https:\/\/remstim.com\/fr\/wp-json\/wp\/v2\/comments?post=11682"}],"version-history":[{"count":0,"href":"https:\/\/remstim.com\/fr\/wp-json\/wp\/v2\/pages\/11682\/revisions"}],"up":[{"embeddable":true,"href":"https:\/\/remstim.com\/fr\/wp-json\/wp\/v2\/pages\/11753"}],"wp:attachment":[{"href":"https:\/\/remstim.com\/fr\/wp-json\/wp\/v2\/media?parent=11682"}],"curies":[{"name":"wp","href":"https:\/\/api.w.org\/{rel}","templated":true}]}}