{"id":11698,"date":"2012-08-26T08:04:56","date_gmt":"2012-08-26T08:04:56","guid":{"rendered":"https:\/\/remstim.de\/sources-des-images\/"},"modified":"2024-10-03T15:47:05","modified_gmt":"2024-10-03T15:47:05","slug":"sources-des-images","status":"publish","type":"page","link":"https:\/\/remstim.com\/fr\/mentions-legales\/sources-des-images\/","title":{"rendered":"Sources des images"},"content":{"rendered":"<p><strong>Sources des images et graphiques utilis\u00e9s :<\/strong><\/p>\n<p> Femme debout dans l&#8217;herbe &#8211; \u00a9 contrastwerkstatt &#8211; Fotolia.com<br \/>  Femme 1 avec un casque &#8211; \u00a9 vgstudio &#8211; Fotolia.com<br \/>  Femme 2 avec un casque &#8211; \u00a9 vgstudio &#8211; Fotolia.com<br \/>  Bouton de la newsletter &#8211; \u00a9 A. Dudy &#8211; Fotolia.com<br \/>  Bouton de contr\u00f4le vert &#8211; \u00a9 frogarts &#8211; Fotolia.com<br \/>  Bouton de satisfaction &#8211; \u00a9 DWP &#8211; Fotolia.com<br \/>  Enveloppe de la newsletter &#8211; \u00a9 masterzphotofo &#8211; Fotolia.com<br \/>  Bouton &#8220;Satisfait ou rembours\u00e9&#8221; &#8211; \u00a9 74774154 &#8211; Fotolia.com<br \/>  Femme mince et femme grosse face \u00e0 face &#8211; \u00a9 olly &#8211; Fotolia.com<br \/>  Homme dans un champ de bleuets &#8211; \u00a9 chesterF &#8211; Fotolia.com<br \/>  Neurones &amp; synapses &#8211; \u00a9 ktsdesign &#8211; Fotolia.com<br \/>  \u0152il en bleu &#8211; \u00a9 IKO &#8211; Fotolia.com<br \/>  \u0152il avec un doigt devant &#8211; \u00a9 Tyler Olson &#8211; Fotolia.com<br \/>  Corps de livre &#8211; \u00a9 Stian Iversen &#8211; Fotolia.com<br \/>  Femme allong\u00e9e dans une prairie &#8211; \u00a9 raven &#8211; Fotolia.com<br \/>  Femme triste \u00e0 la fen\u00eatre &#8211; \u00a9 redhorst &#8211; Fotolia.com<br \/>  Femme pensive \u00e0 la fen\u00eatre &#8211; \u00a9 wrangler &#8211; Fotolia.com<br \/>  Femme sous l&#8217;eau &#8211; \u00a9 Maridav &#8211; Fotolia.com<br \/>  Les gens au yoga &#8211; \u00a9 Deklofenak &#8211; Fotolia.com<br \/>  Femme dans une voiture d\u00e9capotable &#8211; \u00a9 Paulius Brazauskas &#8211; Fotolia.com<br \/>  Un homme qui r\u00e9fl\u00e9chit &#8211; \u00a9 igor &#8211; Fotolia.com<br \/>  Femme faisant de l&#8217;escalade &#8211; \u00a9 CandyBox Images &#8211; Fotolia.com<br \/>  Femme qui dort &#8211; \u00a9 Konstantin Yuganov &#8211; Fotolia.com<br \/>  Femme avec visages en arri\u00e8re-plan &#8211; \u00a9 lassedesignen &#8211; Fotolia.com<br \/>  Jeune couple sur la plage &#8211; \u00a9 goodluz &#8211; Fotolia.com<br \/>  Femme portant un T-shirt bleu &#8211; \u00a9 Konstantin Yuganov &#8211; Fotolia.com<br \/>  Manager sur la pelouse &#8211; \u00a9 cirquedesprit &#8211; Fotolia.com<br \/>  Homme avec les mains dans les poches &#8211; \u00a9 Robert Kneschke &#8211; Fotolia.com<br \/>  Femme assise en tailleur &#8211; \u00a9 spaxiax &#8211; Fotolia.com<br \/>  Femme sur un canap\u00e9 avec une main sur la t\u00eate &#8211; \u00a9 stokkete &#8211; Fotolia.com<br \/>  Femme sur un canap\u00e9 avec une tasse &#8211; \u00a9 stokkete &#8211; Fotolia.com<br \/>  Homme au chapeau de paille &#8211; \u00a9 drubig-photo &#8211; Fotolia.com<br \/>  Fillette allong\u00e9e dans l&#8217;herbe, regardant le ciel &#8211; \u00a9 photocreo &#8211; Fotolia.com<br \/>  Fillette allong\u00e9e dans l&#8217;herbe avec une pomme &#8211; \u00a9 BestPhotoStudio &#8211; Fotolia.com<br \/>  Jeune femme assise, adoss\u00e9e \u00e0 un mur &#8211; \u00a9 andrey89 &#8211; Fotolia.com<br \/>  Notes de musique &#8211; \u00a9 kebay &#8211; Fotolia.com<br \/>  Jeune fille sautant &#8211; \u00a9 Franz Pfluegl &#8211; Fotolia.com<br \/>  Femme qui dort &#8211; \u00a9 Konstantin Yuganov &#8211; Fotolia.com<br \/>  Femme pensive avec un doigt sur le menton &#8211; \u00a9 Robert Kneschke &#8211; Fotolia.com<br \/>  Femme avec diff\u00e9rents visages &#8211; \u00a9 lassedesignen &#8211; Fotolia.com<br \/>  Femme avec 9 visages diff\u00e9rents &#8211; \u00a9 lassedesignen &#8211; Fotolia.com<br \/>  Homme avec diff\u00e9rents visages &#8211; \u00a9 lassedesignen &#8211; Fotolia.com<br \/>  Un \u0153il unique en gros plan &#8211; \u00a9 Kesu &#8211; Fotolia.com<br \/>  Enveloppe avec @ &#8211; \u00a9 Olivier Le Moal &#8211; Fotolia.com<br \/>  Jeune femme derri\u00e8re une vitre &#8211; \u00a9 evgenyatamanenko &#8211; Fotolia.com<br \/>  Jeune femme assise dans un champ de bl\u00e9 &#8211; \u00a9 Anna Omelchenko &#8211; Fotolia.com<br \/>  Jeune fille dans les bras de sa m\u00e8re &#8211; \u00a9 altanaka &#8211; Fotolia.com<br \/>  Personnes souriantes sur les photos &#8211; \u00a9 stokkete &#8211; Fotolia.com<br \/>  Jeune femme avec un oreiller sur la t\u00eate &#8211; \u00a9 Johan Larson &#8211; Fotolia.com<br \/>  Le syst\u00e8me limbique &#8211; \u00a9 Athanasia Nomikou &#8211; Fotolia.com<br \/>  Homme assis, la t\u00eate pos\u00e9e sur ses bras, qui reposent sur ses genoux &#8211; \u00a9 kmiragaya &#8211; Fotolia.com<br \/>  Homme avec les mains devant la bouche, pensif &#8211; \u00a9 Sabphoto &#8211; Fotolia<br \/>  Graphique repr\u00e9sentant un arbre en forme de t\u00eate qui perd ses feuilles &#8211; \u00a9 freshidea &#8211; Fotolia<br \/>  Papillon sur une main dans l&#8217;herbe &#8211; \u00a9 Romolo Tavani &#8211; Fotolia<br \/>  Jeune femme souriante sur le fauteuil du dentiste &#8211; \u00a9 xalanx &#8211; Fotolia<br \/>  Jeune femme pensive, assise et appuy\u00e9e contre un mur &#8211; \u00a9 ivolodina &#8211; Fotolia<br \/>  Conf\u00e9rencier devant un public &#8211; \u00a9 kasto &#8211; Fotolia<br \/>  Femme avec valise \u00e0 roulettes devant le tarmac &#8211; \u00a9 HappyAlex &#8211; Fotolia.com<br \/>  Jeune femme passant un examen &#8211; \u00a9 contrastwerkstatt &#8211; Fotolia<br \/>  Les jambes d&#8217;un joggeur &#8211; \u00a9 Warren Goldswain &#8211; Fotolia<br \/>  Homme sur le plongeoir &#8211; \u00a9 ikonoklast_hh &#8211; Fotolia<br \/>  Jeune homme allong\u00e9 dans l&#8217;herbe, les bras au-dessus de la t\u00eate &#8211; \u00a9 Iakov Kalinin &#8211; Fotolia.com<br \/>  Collage de photos &#8211; \u00a9 lulu &#8211; Fotolia.com<br \/>  Femme avec son propre visage comme masque &#8211; \u00a9 Tatyana Gladskih &#8211; Fotolia.com<br \/>  Femme portant un foulard et les mains sur la bouche &#8211; \u00a9 Balazs Kovacs Images &#8211; Fotolia.com<br \/>  Homme d\u00e9tendu avec les yeux ferm\u00e9s &#8211; \u00a9 Antonioguillem &#8211; Fotolia.com<br \/>  Femme allong\u00e9e avec un casque &#8211; \u00a9 Spectral-Design &#8211; Fotolia.com<br \/>  Vue du soleil \u00e0 travers un champ de bl\u00e9 &#8211; \u00a9 astrosystem &#8211; Fotolia.com<br \/>  Images de Meeet &#8211; espaces de rencontres &#8211; \u00a9<br \/>\n<a href=\"http:\/\/www.tobiaswille.com\/\" target=\"_blank\" rel=\"noopener\">Tobias Wille<\/a><br \/> B\u00e9b\u00e9 endormi avec son nounours &#8211; \u00a9 Ramona Heim &#8211; Fotolia.com <br \/>  T\u00e9l\u00e9phone portable en main (illustration) &#8211; \u00a9 athoslia &#8211; Fotolia.com<br \/>  femme pensive allong\u00e9e sur un ponton &#8211; \u00a9 Christian Schwier &#8211; Fotolia.com<br \/>  jeune femme triste regardant par une fen\u00eatre pluvieuse &#8211; \u00a9 Axel Bueckert &#8211; Fotolia.com<br \/>  jeune homme triste appuy\u00e9 sur un arbre &#8211; \u00a9 drubig-photo &#8211; Fotolia.com<br \/>  Une femme et un homme se disent adieu &#8211; \u00a9 detailblick-foto &#8211; Fotolia.com<br \/>  Femme avec une tasse de caf\u00e9 regardant par une fen\u00eatre pluvieuse &#8211; \u00a9 ZoneCreative &#8211; Fotolia.com<br \/>  Femme allong\u00e9e tenant un c\u0153ur en \u00e9quilibre &#8211; \u00a9 Andrei Korzhyts &#8211; Fotolia.com<br \/>  Femme triste avec une tasse jaune &#8211; \u00a9 Focus Pocus LTD &#8211; Fotolia.com<br \/>  Femme triste avec une main dans les cheveux blonds sur fond noir &#8211; \u00a9 luna &#8211; Fotolia.com<br \/>  Femme rousse regardant vers l&#8217;avant &#8211; \u00a9 drubig-photo &#8211; Fotolia.com<br \/>\nIc\u00f4ne <a target=\"_blank\" href=\"https:\/\/icons8.com\/icon\/43151\/cursor\" rel=\"noopener\">du curseur de la souris<\/a> de  <a target=\"_blank\" href=\"https:\/\/icons8.com\" rel=\"noopener\">Icons8<\/a><\/p>\n","protected":false},"excerpt":{"rendered":"<p>Sources des images et graphiques utilis\u00e9s : Femme debout dans l&#8217;herbe &#8211; \u00a9 contrastwerkstatt &#8211; Fotolia.com Femme 1 avec un casque &#8211; \u00a9 vgstudio &#8211; Fotolia.com Femme 2 avec un casque &#8211; \u00a9 vgstudio &#8211; Fotolia.com Bouton de la newsletter &#8211; \u00a9 A. Dudy &#8211; Fotolia.com Bouton de contr\u00f4le vert &#8211; \u00a9 frogarts &#8211; Fotolia.com [&hellip;]<\/p>\n","protected":false},"author":1,"featured_media":0,"parent":11726,"menu_order":5,"comment_status":"closed","ping_status":"closed","template":"","meta":{"_acf_changed":false,"site-sidebar-layout":"default","site-content-layout":"default","ast-site-content-layout":"default","site-content-style":"default","site-sidebar-style":"default","ast-global-header-display":"","ast-banner-title-visibility":"","ast-main-header-display":"","ast-hfb-above-header-display":"","ast-hfb-below-header-display":"","ast-hfb-mobile-header-display":"","site-post-title":"","ast-breadcrumbs-content":"","ast-featured-img":"","footer-sml-layout":"","ast-disable-related-posts":"","theme-transparent-header-meta":"default","adv-header-id-meta":"","stick-header-meta":"default","header-above-stick-meta":"","header-main-stick-meta":"","header-below-stick-meta":"","astra-migrate-meta-layouts":"default","ast-page-background-enabled":"default","ast-page-background-meta":{"desktop":{"background-color":"var(--ast-global-color-4)","background-image":"","background-repeat":"repeat","background-position":"center center","background-size":"auto","background-attachment":"scroll","background-type":"","background-media":"","overlay-type":"","overlay-color":"","overlay-opacity":"","overlay-gradient":""},"tablet":{"background-color":"","background-image":"","background-repeat":"repeat","background-position":"center center","background-size":"auto","background-attachment":"scroll","background-type":"","background-media":"","overlay-type":"","overlay-color":"","overlay-opacity":"","overlay-gradient":""},"mobile":{"background-color":"","background-image":"","background-repeat":"repeat","background-position":"center center","background-size":"auto","background-attachment":"scroll","background-type":"","background-media":"","overlay-type":"","overlay-color":"","overlay-opacity":"","overlay-gradient":""}},"ast-content-background-meta":{"desktop":{"background-color":"var(--ast-global-color-5)","background-image":"","background-repeat":"repeat","background-position":"center center","background-size":"auto","background-attachment":"scroll","background-type":"","background-media":"","overlay-type":"","overlay-color":"","overlay-opacity":"","overlay-gradient":""},"tablet":{"background-color":"var(--ast-global-color-5)","background-image":"","background-repeat":"repeat","background-position":"center center","background-size":"auto","background-attachment":"scroll","background-type":"","background-media":"","overlay-type":"","overlay-color":"","overlay-opacity":"","overlay-gradient":""},"mobile":{"background-color":"var(--ast-global-color-5)","background-image":"","background-repeat":"repeat","background-position":"center center","background-size":"auto","background-attachment":"scroll","background-type":"","background-media":"","overlay-type":"","overlay-color":"","overlay-opacity":"","overlay-gradient":""}},"footnotes":""},"class_list":["post-11698","page","type-page","status-publish","hentry"],"acf":[],"yoast_head":"<!-- This site is optimized with the Yoast SEO plugin v27.4 - https:\/\/yoast.com\/product\/yoast-seo-wordpress\/ -->\n<title>Sources des images - EMDR Ger\u00e4t REMSTIM 3000 gegen Stress<\/title>\n<meta name=\"robots\" content=\"noindex, follow\" \/>\n<meta property=\"og:locale\" content=\"fr_FR\" \/>\n<meta property=\"og:type\" content=\"article\" \/>\n<meta property=\"og:title\" content=\"Sources des images - EMDR Ger\u00e4t REMSTIM 3000 gegen Stress\" \/>\n<meta property=\"og:description\" content=\"Sources des images et graphiques utilis\u00e9s : Femme debout dans l&#8217;herbe &#8211; \u00a9 contrastwerkstatt &#8211; Fotolia.com Femme 1 avec un casque &#8211; \u00a9 vgstudio &#8211; Fotolia.com Femme 2 avec un casque &#8211; \u00a9 vgstudio &#8211; Fotolia.com Bouton de la newsletter &#8211; \u00a9 A. Dudy &#8211; Fotolia.com Bouton de contr\u00f4le vert &#8211; \u00a9 frogarts &#8211; Fotolia.com [&hellip;]\" \/>\n<meta property=\"og:url\" content=\"https:\/\/remstim.com\/fr\/mentions-legales\/sources-des-images\/\" \/>\n<meta property=\"og:site_name\" content=\"EMDR Ger\u00e4t REMSTIM 3000 gegen Stress\" \/>\n<meta property=\"article:modified_time\" content=\"2024-10-03T15:47:05+00:00\" \/>\n<meta name=\"twitter:label1\" content=\"Dur\u00e9e de lecture estim\u00e9e\" \/>\n\t<meta name=\"twitter:data1\" content=\"4 minutes\" \/>\n<script type=\"application\/ld+json\" class=\"yoast-schema-graph\">{\"@context\":\"https:\\\/\\\/schema.org\",\"@graph\":[{\"@type\":\"WebPage\",\"@id\":\"https:\\\/\\\/remstim.com\\\/fr\\\/mentions-legales\\\/sources-des-images\\\/\",\"url\":\"https:\\\/\\\/remstim.com\\\/fr\\\/mentions-legales\\\/sources-des-images\\\/\",\"name\":\"Sources des images - EMDR Ger\u00e4t REMSTIM 3000 gegen Stress\",\"isPartOf\":{\"@id\":\"https:\\\/\\\/remstim.com\\\/fr\\\/#website\"},\"datePublished\":\"2012-08-26T08:04:56+00:00\",\"dateModified\":\"2024-10-03T15:47:05+00:00\",\"breadcrumb\":{\"@id\":\"https:\\\/\\\/remstim.com\\\/fr\\\/mentions-legales\\\/sources-des-images\\\/#breadcrumb\"},\"inLanguage\":\"fr-FR\",\"potentialAction\":[{\"@type\":\"ReadAction\",\"target\":[\"https:\\\/\\\/remstim.com\\\/fr\\\/mentions-legales\\\/sources-des-images\\\/\"]}]},{\"@type\":\"BreadcrumbList\",\"@id\":\"https:\\\/\\\/remstim.com\\\/fr\\\/mentions-legales\\\/sources-des-images\\\/#breadcrumb\",\"itemListElement\":[{\"@type\":\"ListItem\",\"position\":1,\"name\":\"Startseite\",\"item\":\"https:\\\/\\\/remstim.com\\\/fr\\\/\"},{\"@type\":\"ListItem\",\"position\":2,\"name\":\"Mentions l\u00e9gales\",\"item\":\"https:\\\/\\\/remstim.com\\\/fr\\\/mentions-legales\\\/\"},{\"@type\":\"ListItem\",\"position\":3,\"name\":\"Sources des images\"}]},{\"@type\":\"WebSite\",\"@id\":\"https:\\\/\\\/remstim.com\\\/fr\\\/#website\",\"url\":\"https:\\\/\\\/remstim.com\\\/fr\\\/\",\"name\":\"EMDR Ger\u00e4t REMSTIM 3000 gegen Stress\",\"description\":\"Wie wir schnell Entspannung finden.\",\"publisher\":{\"@id\":\"https:\\\/\\\/remstim.com\\\/fr\\\/#organization\"},\"potentialAction\":[{\"@type\":\"SearchAction\",\"target\":{\"@type\":\"EntryPoint\",\"urlTemplate\":\"https:\\\/\\\/remstim.com\\\/fr\\\/?s={search_term_string}\"},\"query-input\":{\"@type\":\"PropertyValueSpecification\",\"valueRequired\":true,\"valueName\":\"search_term_string\"}}],\"inLanguage\":\"fr-FR\"},{\"@type\":\"Organization\",\"@id\":\"https:\\\/\\\/remstim.com\\\/fr\\\/#organization\",\"name\":\"EMDR Ger\u00e4t REMSTIM 3000 gegen Stress\",\"url\":\"https:\\\/\\\/remstim.com\\\/fr\\\/\",\"logo\":{\"@type\":\"ImageObject\",\"inLanguage\":\"fr-FR\",\"@id\":\"https:\\\/\\\/remstim.com\\\/fr\\\/#\\\/schema\\\/logo\\\/image\\\/\",\"url\":\"https:\\\/\\\/remstim.com\\\/wp-content\\\/uploads\\\/2012\\\/06\\\/REMSTIM-Logo-mit-Untertitel_orange-e1340382850185.png\",\"contentUrl\":\"https:\\\/\\\/remstim.com\\\/wp-content\\\/uploads\\\/2012\\\/06\\\/REMSTIM-Logo-mit-Untertitel_orange-e1340382850185.png\",\"width\":304,\"height\":80,\"caption\":\"EMDR Ger\u00e4t REMSTIM 3000 gegen Stress\"},\"image\":{\"@id\":\"https:\\\/\\\/remstim.com\\\/fr\\\/#\\\/schema\\\/logo\\\/image\\\/\"}}]}<\/script>\n<!-- \/ Yoast SEO plugin. -->","yoast_head_json":{"title":"Sources des images - EMDR Ger\u00e4t REMSTIM 3000 gegen Stress","robots":{"index":"noindex","follow":"follow"},"og_locale":"fr_FR","og_type":"article","og_title":"Sources des images - EMDR Ger\u00e4t REMSTIM 3000 gegen Stress","og_description":"Sources des images et graphiques utilis\u00e9s : Femme debout dans l&#8217;herbe &#8211; \u00a9 contrastwerkstatt &#8211; Fotolia.com Femme 1 avec un casque &#8211; \u00a9 vgstudio &#8211; Fotolia.com Femme 2 avec un casque &#8211; \u00a9 vgstudio &#8211; Fotolia.com Bouton de la newsletter &#8211; \u00a9 A. Dudy &#8211; Fotolia.com Bouton de contr\u00f4le vert &#8211; \u00a9 frogarts &#8211; Fotolia.com [&hellip;]","og_url":"https:\/\/remstim.com\/fr\/mentions-legales\/sources-des-images\/","og_site_name":"EMDR Ger\u00e4t REMSTIM 3000 gegen Stress","article_modified_time":"2024-10-03T15:47:05+00:00","twitter_misc":{"Dur\u00e9e de lecture estim\u00e9e":"4 minutes"},"schema":{"@context":"https:\/\/schema.org","@graph":[{"@type":"WebPage","@id":"https:\/\/remstim.com\/fr\/mentions-legales\/sources-des-images\/","url":"https:\/\/remstim.com\/fr\/mentions-legales\/sources-des-images\/","name":"Sources des images - EMDR Ger\u00e4t REMSTIM 3000 gegen Stress","isPartOf":{"@id":"https:\/\/remstim.com\/fr\/#website"},"datePublished":"2012-08-26T08:04:56+00:00","dateModified":"2024-10-03T15:47:05+00:00","breadcrumb":{"@id":"https:\/\/remstim.com\/fr\/mentions-legales\/sources-des-images\/#breadcrumb"},"inLanguage":"fr-FR","potentialAction":[{"@type":"ReadAction","target":["https:\/\/remstim.com\/fr\/mentions-legales\/sources-des-images\/"]}]},{"@type":"BreadcrumbList","@id":"https:\/\/remstim.com\/fr\/mentions-legales\/sources-des-images\/#breadcrumb","itemListElement":[{"@type":"ListItem","position":1,"name":"Startseite","item":"https:\/\/remstim.com\/fr\/"},{"@type":"ListItem","position":2,"name":"Mentions l\u00e9gales","item":"https:\/\/remstim.com\/fr\/mentions-legales\/"},{"@type":"ListItem","position":3,"name":"Sources des images"}]},{"@type":"WebSite","@id":"https:\/\/remstim.com\/fr\/#website","url":"https:\/\/remstim.com\/fr\/","name":"EMDR Ger\u00e4t REMSTIM 3000 gegen Stress","description":"Wie wir schnell Entspannung finden.","publisher":{"@id":"https:\/\/remstim.com\/fr\/#organization"},"potentialAction":[{"@type":"SearchAction","target":{"@type":"EntryPoint","urlTemplate":"https:\/\/remstim.com\/fr\/?s={search_term_string}"},"query-input":{"@type":"PropertyValueSpecification","valueRequired":true,"valueName":"search_term_string"}}],"inLanguage":"fr-FR"},{"@type":"Organization","@id":"https:\/\/remstim.com\/fr\/#organization","name":"EMDR Ger\u00e4t REMSTIM 3000 gegen Stress","url":"https:\/\/remstim.com\/fr\/","logo":{"@type":"ImageObject","inLanguage":"fr-FR","@id":"https:\/\/remstim.com\/fr\/#\/schema\/logo\/image\/","url":"https:\/\/remstim.com\/wp-content\/uploads\/2012\/06\/REMSTIM-Logo-mit-Untertitel_orange-e1340382850185.png","contentUrl":"https:\/\/remstim.com\/wp-content\/uploads\/2012\/06\/REMSTIM-Logo-mit-Untertitel_orange-e1340382850185.png","width":304,"height":80,"caption":"EMDR Ger\u00e4t REMSTIM 3000 gegen Stress"},"image":{"@id":"https:\/\/remstim.com\/fr\/#\/schema\/logo\/image\/"}}]}},"_links":{"self":[{"href":"https:\/\/remstim.com\/fr\/wp-json\/wp\/v2\/pages\/11698","targetHints":{"allow":["GET"]}}],"collection":[{"href":"https:\/\/remstim.com\/fr\/wp-json\/wp\/v2\/pages"}],"about":[{"href":"https:\/\/remstim.com\/fr\/wp-json\/wp\/v2\/types\/page"}],"author":[{"embeddable":true,"href":"https:\/\/remstim.com\/fr\/wp-json\/wp\/v2\/users\/1"}],"replies":[{"embeddable":true,"href":"https:\/\/remstim.com\/fr\/wp-json\/wp\/v2\/comments?post=11698"}],"version-history":[{"count":2,"href":"https:\/\/remstim.com\/fr\/wp-json\/wp\/v2\/pages\/11698\/revisions"}],"predecessor-version":[{"id":26549,"href":"https:\/\/remstim.com\/fr\/wp-json\/wp\/v2\/pages\/11698\/revisions\/26549"}],"up":[{"embeddable":true,"href":"https:\/\/remstim.com\/fr\/wp-json\/wp\/v2\/pages\/11726"}],"wp:attachment":[{"href":"https:\/\/remstim.com\/fr\/wp-json\/wp\/v2\/media?parent=11698"}],"curies":[{"name":"wp","href":"https:\/\/api.w.org\/{rel}","templated":true}]}}