{"id":11701,"date":"2013-09-21T17:54:12","date_gmt":"2013-09-21T17:54:12","guid":{"rendered":"https:\/\/remstim.de\/informations-sur-la-pile-bouton-du-remstim-3000\/"},"modified":"2023-09-15T07:39:54","modified_gmt":"2023-09-15T07:39:54","slug":"informations-sur-la-pile-bouton-du-remstim-3000","status":"publish","type":"page","link":"https:\/\/remstim.com\/fr\/remstim-3000\/informations-sur-la-pile-bouton-du-remstim-3000\/","title":{"rendered":"Informations sur la pile bouton du REMSTIM 3000"},"content":{"rendered":"<h1>Informations sur la pile bouton du REMSTIM 3000<\/h1>\n<p><img decoding=\"async\" class=\"alignleft wp-image-3868\" src=\"https:\/\/remstim.com\/wp-content\/uploads\/2013\/09\/Varta-CR1620.jpg\" alt=\"Pile bouton pour appareil EMDR REMSTIM 3000\" width=\"252\" height=\"188\" srcset=\"https:\/\/remstim.com\/wp-content\/uploads\/2013\/09\/Varta-CR1620.jpg 600w, https:\/\/remstim.com\/wp-content\/uploads\/2013\/09\/Varta-CR1620-300x224.jpg 300w\" sizes=\"(max-width: 252px) 100vw, 252px\" \/>Gr\u00e2ce \u00e0 leur conception (\u00e9lectronique, puce, LED, etc.), les lunettes EMDR <a title=\"REMSTIM 3000\" href=\"https:\/\/remstim.com\/fr\/remstim-3000\/\">REMSTIM 3000<\/a> n\u00e9cessitent tr\u00e8s peu d&#8217;\u00e9nergie pendant leur fonctionnement, de sorte qu&#8217;une petite pile bouton du commerce suffit.<\/p>\n<p>La puissance de la pile bouton utilis\u00e9e est plusieurs fois inf\u00e9rieure \u00e0 celle d&#8217;une batterie habituelle de t\u00e9l\u00e9phone mobile. Le REMSTIM 3000 ne g\u00e9n\u00e8re en aucun cas une puissance d&#8217;\u00e9mission et de r\u00e9ception comparable \u00e0 celle d&#8217;un t\u00e9l\u00e9phone portable.<\/p>\n<p>Les piles boutons de ce type sont r\u00e9guli\u00e8rement utilis\u00e9es, entre autres, dans les montres-bracelets.<\/p>\n<p>L&#8217;appareil EMDR <a title=\"REMSTIM 3000\" href=\"https:\/\/remstim.com\/fr\/remstim-3000\/\">REMSTIM 3000<\/a> est aliment\u00e9 par une <strong>seule pile bouton de 3V<\/strong>.<\/p>\n<p>Le support de pile bouton et la pile bouton sont facilement accessibles pour un remplacement rapide de la pile bouton.<\/p>\n<p><img fetchpriority=\"high\" decoding=\"async\" class=\" wp-image-3869 alignright\" src=\"https:\/\/remstim.com\/wp-content\/uploads\/2013\/09\/Varta-CR1620-Finger.jpg\" alt=\"Pile bouton pour lunettes EMDR REMSTIM 3000 inoffensive \u00e0 tenir avec les doigts\" width=\"259\" height=\"194\" srcset=\"https:\/\/remstim.com\/wp-content\/uploads\/2013\/09\/Varta-CR1620-Finger.jpg 600w, https:\/\/remstim.com\/wp-content\/uploads\/2013\/09\/Varta-CR1620-Finger-300x225.jpg 300w\" sizes=\"(max-width: 259px) 100vw, 259px\" \/>Dans la mesure o\u00f9 les instructions du fabricant sont respect\u00e9es lors de l&#8217;utilisation et de la manipulation de la pile bouton au lithium herm\u00e9tiquement ferm\u00e9e, celle-ci est inoffensive et ne pr\u00e9sente aucun danger. En l&#8217;absence d&#8217;hypersensibilit\u00e9 \u00e0 certaines substances (r\u00e9actions allergiques), le contact cutan\u00e9 avec la pile bouton au lithium ne pr\u00e9sente aucun risque.<\/p>\n<p>Lors du <a title=\"Mode d'emploi : Remplacement de la pile bouton du REMSTIM 3000\" href=\"https:\/\/remstim.com\/fr\/remstim-3000\/mode-demploi-remstim-3000\/#Auswechseln%20der%20Batterie\">remplacement de la pile bouton<\/a>, un contact cutan\u00e9 simultan\u00e9 avec les deux p\u00f4les est imperceptible et sans danger. Si la pile a \u00e9t\u00e9 ins\u00e9r\u00e9e correctement dans le support de pile bouton, le contact simultan\u00e9 des deux p\u00f4les avec la peau n&#8217;est en outre pas possible.<\/p>\n<p><strong>Important : tenez les piles boutons hors de port\u00e9e des enfants, qui peuvent facilement les avaler.<\/strong><\/p>\n<p>Veuillez tenir compte de l&#8217;<a title=\"Indication selon la loi sur les piles (BattG)\" href=\"https:\/\/remstim.com\/fr\/remstim-3000\/indication-selon-la-loi-sur-les-piles-battg\/\">indication selon la loi sur les piles (BattG)<\/a>.<\/p>\n","protected":false},"excerpt":{"rendered":"<p>Informations sur la pile bouton du REMSTIM 3000 Gr\u00e2ce \u00e0 leur conception (\u00e9lectronique, puce, LED, etc.), les lunettes EMDR REMSTIM 3000 n\u00e9cessitent tr\u00e8s peu d&#8217;\u00e9nergie pendant leur fonctionnement, de sorte qu&#8217;une petite pile bouton du commerce suffit. La puissance de la pile bouton utilis\u00e9e est plusieurs fois inf\u00e9rieure \u00e0 celle d&#8217;une batterie habituelle de t\u00e9l\u00e9phone [&hellip;]<\/p>\n","protected":false},"author":1,"featured_media":0,"parent":11753,"menu_order":9,"comment_status":"closed","ping_status":"closed","template":"","meta":{"_acf_changed":false,"site-sidebar-layout":"default","site-content-layout":"default","ast-site-content-layout":"default","site-content-style":"default","site-sidebar-style":"default","ast-global-header-display":"","ast-banner-title-visibility":"","ast-main-header-display":"","ast-hfb-above-header-display":"","ast-hfb-below-header-display":"","ast-hfb-mobile-header-display":"","site-post-title":"","ast-breadcrumbs-content":"","ast-featured-img":"","footer-sml-layout":"","ast-disable-related-posts":"","theme-transparent-header-meta":"default","adv-header-id-meta":"","stick-header-meta":"default","header-above-stick-meta":"","header-main-stick-meta":"","header-below-stick-meta":"","astra-migrate-meta-layouts":"default","ast-page-background-enabled":"default","ast-page-background-meta":{"desktop":{"background-color":"var(--ast-global-color-4)","background-image":"","background-repeat":"repeat","background-position":"center center","background-size":"auto","background-attachment":"scroll","background-type":"","background-media":"","overlay-type":"","overlay-color":"","overlay-opacity":"","overlay-gradient":""},"tablet":{"background-color":"","background-image":"","background-repeat":"repeat","background-position":"center center","background-size":"auto","background-attachment":"scroll","background-type":"","background-media":"","overlay-type":"","overlay-color":"","overlay-opacity":"","overlay-gradient":""},"mobile":{"background-color":"","background-image":"","background-repeat":"repeat","background-position":"center center","background-size":"auto","background-attachment":"scroll","background-type":"","background-media":"","overlay-type":"","overlay-color":"","overlay-opacity":"","overlay-gradient":""}},"ast-content-background-meta":{"desktop":{"background-color":"var(--ast-global-color-5)","background-image":"","background-repeat":"repeat","background-position":"center center","background-size":"auto","background-attachment":"scroll","background-type":"","background-media":"","overlay-type":"","overlay-color":"","overlay-opacity":"","overlay-gradient":""},"tablet":{"background-color":"var(--ast-global-color-5)","background-image":"","background-repeat":"repeat","background-position":"center center","background-size":"auto","background-attachment":"scroll","background-type":"","background-media":"","overlay-type":"","overlay-color":"","overlay-opacity":"","overlay-gradient":""},"mobile":{"background-color":"var(--ast-global-color-5)","background-image":"","background-repeat":"repeat","background-position":"center center","background-size":"auto","background-attachment":"scroll","background-type":"","background-media":"","overlay-type":"","overlay-color":"","overlay-opacity":"","overlay-gradient":""}},"footnotes":""},"class_list":["post-11701","page","type-page","status-publish","hentry"],"acf":[],"yoast_head":"<!-- This site is optimized with the Yoast SEO plugin v27.4 - https:\/\/yoast.com\/product\/yoast-seo-wordpress\/ -->\n<title>Contact cutan\u00e9 avec la pile bouton du REMSTIM 3000 sans risque.<\/title>\n<meta name=\"description\" content=\"Gr\u00e2ce \u00e0 sa conception, le REMSTIM 3000 a besoin de tr\u00e8s peu d&#039;\u00e9nergie pendant son fonctionnement, de sorte qu&#039;une petite pile bouton suffit.\" \/>\n<meta name=\"robots\" content=\"index, follow, max-snippet:-1, max-image-preview:large, max-video-preview:-1\" \/>\n<link rel=\"canonical\" href=\"https:\/\/remstim.com\/fr\/remstim-3000\/informations-sur-la-pile-bouton-du-remstim-3000\/\" \/>\n<meta property=\"og:locale\" content=\"fr_FR\" \/>\n<meta property=\"og:type\" content=\"article\" \/>\n<meta property=\"og:title\" content=\"Contact cutan\u00e9 avec la pile bouton du REMSTIM 3000 sans risque.\" \/>\n<meta property=\"og:description\" content=\"Gr\u00e2ce \u00e0 sa conception, le REMSTIM 3000 a besoin de tr\u00e8s peu d&#039;\u00e9nergie pendant son fonctionnement, de sorte qu&#039;une petite pile bouton suffit.\" \/>\n<meta property=\"og:url\" content=\"https:\/\/remstim.com\/fr\/remstim-3000\/informations-sur-la-pile-bouton-du-remstim-3000\/\" \/>\n<meta property=\"og:site_name\" content=\"EMDR Ger\u00e4t REMSTIM 3000 gegen Stress\" \/>\n<meta property=\"article:modified_time\" content=\"2023-09-15T07:39:54+00:00\" \/>\n<meta property=\"og:image\" content=\"https:\/\/remstim.com\/wp-content\/uploads\/2013\/09\/Varta-CR1620.jpg\" \/>\n<meta name=\"twitter:label1\" content=\"Dur\u00e9e de lecture estim\u00e9e\" \/>\n\t<meta name=\"twitter:data1\" content=\"2 minutes\" \/>\n<script type=\"application\/ld+json\" class=\"yoast-schema-graph\">{\"@context\":\"https:\\\/\\\/schema.org\",\"@graph\":[{\"@type\":\"WebPage\",\"@id\":\"https:\\\/\\\/remstim.com\\\/fr\\\/remstim-3000\\\/informations-sur-la-pile-bouton-du-remstim-3000\\\/\",\"url\":\"https:\\\/\\\/remstim.com\\\/fr\\\/remstim-3000\\\/informations-sur-la-pile-bouton-du-remstim-3000\\\/\",\"name\":\"Contact cutan\u00e9 avec la pile bouton du REMSTIM 3000 sans risque.\",\"isPartOf\":{\"@id\":\"https:\\\/\\\/remstim.com\\\/fr\\\/#website\"},\"primaryImageOfPage\":{\"@id\":\"https:\\\/\\\/remstim.com\\\/fr\\\/remstim-3000\\\/informations-sur-la-pile-bouton-du-remstim-3000\\\/#primaryimage\"},\"image\":{\"@id\":\"https:\\\/\\\/remstim.com\\\/fr\\\/remstim-3000\\\/informations-sur-la-pile-bouton-du-remstim-3000\\\/#primaryimage\"},\"thumbnailUrl\":\"https:\\\/\\\/remstim.com\\\/wp-content\\\/uploads\\\/2013\\\/09\\\/Varta-CR1620.jpg\",\"datePublished\":\"2013-09-21T17:54:12+00:00\",\"dateModified\":\"2023-09-15T07:39:54+00:00\",\"description\":\"Gr\u00e2ce \u00e0 sa conception, le REMSTIM 3000 a besoin de tr\u00e8s peu d'\u00e9nergie pendant son fonctionnement, de sorte qu'une petite pile bouton suffit.\",\"breadcrumb\":{\"@id\":\"https:\\\/\\\/remstim.com\\\/fr\\\/remstim-3000\\\/informations-sur-la-pile-bouton-du-remstim-3000\\\/#breadcrumb\"},\"inLanguage\":\"fr-FR\",\"potentialAction\":[{\"@type\":\"ReadAction\",\"target\":[\"https:\\\/\\\/remstim.com\\\/fr\\\/remstim-3000\\\/informations-sur-la-pile-bouton-du-remstim-3000\\\/\"]}]},{\"@type\":\"ImageObject\",\"inLanguage\":\"fr-FR\",\"@id\":\"https:\\\/\\\/remstim.com\\\/fr\\\/remstim-3000\\\/informations-sur-la-pile-bouton-du-remstim-3000\\\/#primaryimage\",\"url\":\"https:\\\/\\\/remstim.com\\\/wp-content\\\/uploads\\\/2013\\\/09\\\/Varta-CR1620.jpg\",\"contentUrl\":\"https:\\\/\\\/remstim.com\\\/wp-content\\\/uploads\\\/2013\\\/09\\\/Varta-CR1620.jpg\"},{\"@type\":\"BreadcrumbList\",\"@id\":\"https:\\\/\\\/remstim.com\\\/fr\\\/remstim-3000\\\/informations-sur-la-pile-bouton-du-remstim-3000\\\/#breadcrumb\",\"itemListElement\":[{\"@type\":\"ListItem\",\"position\":1,\"name\":\"Startseite\",\"item\":\"https:\\\/\\\/remstim.com\\\/fr\\\/\"},{\"@type\":\"ListItem\",\"position\":2,\"name\":\"Lunettes EMDR REMSTIM 3000\",\"item\":\"https:\\\/\\\/remstim.com\\\/fr\\\/remstim-3000\\\/\"},{\"@type\":\"ListItem\",\"position\":3,\"name\":\"Informations sur la pile bouton du REMSTIM 3000\"}]},{\"@type\":\"WebSite\",\"@id\":\"https:\\\/\\\/remstim.com\\\/fr\\\/#website\",\"url\":\"https:\\\/\\\/remstim.com\\\/fr\\\/\",\"name\":\"EMDR Ger\u00e4t REMSTIM 3000 gegen Stress\",\"description\":\"Wie wir schnell Entspannung finden.\",\"publisher\":{\"@id\":\"https:\\\/\\\/remstim.com\\\/fr\\\/#organization\"},\"potentialAction\":[{\"@type\":\"SearchAction\",\"target\":{\"@type\":\"EntryPoint\",\"urlTemplate\":\"https:\\\/\\\/remstim.com\\\/fr\\\/?s={search_term_string}\"},\"query-input\":{\"@type\":\"PropertyValueSpecification\",\"valueRequired\":true,\"valueName\":\"search_term_string\"}}],\"inLanguage\":\"fr-FR\"},{\"@type\":\"Organization\",\"@id\":\"https:\\\/\\\/remstim.com\\\/fr\\\/#organization\",\"name\":\"EMDR Ger\u00e4t REMSTIM 3000 gegen Stress\",\"url\":\"https:\\\/\\\/remstim.com\\\/fr\\\/\",\"logo\":{\"@type\":\"ImageObject\",\"inLanguage\":\"fr-FR\",\"@id\":\"https:\\\/\\\/remstim.com\\\/fr\\\/#\\\/schema\\\/logo\\\/image\\\/\",\"url\":\"https:\\\/\\\/remstim.com\\\/wp-content\\\/uploads\\\/2012\\\/06\\\/REMSTIM-Logo-mit-Untertitel_orange-e1340382850185.png\",\"contentUrl\":\"https:\\\/\\\/remstim.com\\\/wp-content\\\/uploads\\\/2012\\\/06\\\/REMSTIM-Logo-mit-Untertitel_orange-e1340382850185.png\",\"width\":304,\"height\":80,\"caption\":\"EMDR Ger\u00e4t REMSTIM 3000 gegen Stress\"},\"image\":{\"@id\":\"https:\\\/\\\/remstim.com\\\/fr\\\/#\\\/schema\\\/logo\\\/image\\\/\"}}]}<\/script>\n<!-- \/ Yoast SEO plugin. -->","yoast_head_json":{"title":"Contact cutan\u00e9 avec la pile bouton du REMSTIM 3000 sans risque.","description":"Gr\u00e2ce \u00e0 sa conception, le REMSTIM 3000 a besoin de tr\u00e8s peu d'\u00e9nergie pendant son fonctionnement, de sorte qu'une petite pile bouton suffit.","robots":{"index":"index","follow":"follow","max-snippet":"max-snippet:-1","max-image-preview":"max-image-preview:large","max-video-preview":"max-video-preview:-1"},"canonical":"https:\/\/remstim.com\/fr\/remstim-3000\/informations-sur-la-pile-bouton-du-remstim-3000\/","og_locale":"fr_FR","og_type":"article","og_title":"Contact cutan\u00e9 avec la pile bouton du REMSTIM 3000 sans risque.","og_description":"Gr\u00e2ce \u00e0 sa conception, le REMSTIM 3000 a besoin de tr\u00e8s peu d'\u00e9nergie pendant son fonctionnement, de sorte qu'une petite pile bouton suffit.","og_url":"https:\/\/remstim.com\/fr\/remstim-3000\/informations-sur-la-pile-bouton-du-remstim-3000\/","og_site_name":"EMDR Ger\u00e4t REMSTIM 3000 gegen Stress","article_modified_time":"2023-09-15T07:39:54+00:00","og_image":[{"url":"https:\/\/remstim.com\/wp-content\/uploads\/2013\/09\/Varta-CR1620.jpg","type":"","width":"","height":""}],"twitter_misc":{"Dur\u00e9e de lecture estim\u00e9e":"2 minutes"},"schema":{"@context":"https:\/\/schema.org","@graph":[{"@type":"WebPage","@id":"https:\/\/remstim.com\/fr\/remstim-3000\/informations-sur-la-pile-bouton-du-remstim-3000\/","url":"https:\/\/remstim.com\/fr\/remstim-3000\/informations-sur-la-pile-bouton-du-remstim-3000\/","name":"Contact cutan\u00e9 avec la pile bouton du REMSTIM 3000 sans risque.","isPartOf":{"@id":"https:\/\/remstim.com\/fr\/#website"},"primaryImageOfPage":{"@id":"https:\/\/remstim.com\/fr\/remstim-3000\/informations-sur-la-pile-bouton-du-remstim-3000\/#primaryimage"},"image":{"@id":"https:\/\/remstim.com\/fr\/remstim-3000\/informations-sur-la-pile-bouton-du-remstim-3000\/#primaryimage"},"thumbnailUrl":"https:\/\/remstim.com\/wp-content\/uploads\/2013\/09\/Varta-CR1620.jpg","datePublished":"2013-09-21T17:54:12+00:00","dateModified":"2023-09-15T07:39:54+00:00","description":"Gr\u00e2ce \u00e0 sa conception, le REMSTIM 3000 a besoin de tr\u00e8s peu d'\u00e9nergie pendant son fonctionnement, de sorte qu'une petite pile bouton suffit.","breadcrumb":{"@id":"https:\/\/remstim.com\/fr\/remstim-3000\/informations-sur-la-pile-bouton-du-remstim-3000\/#breadcrumb"},"inLanguage":"fr-FR","potentialAction":[{"@type":"ReadAction","target":["https:\/\/remstim.com\/fr\/remstim-3000\/informations-sur-la-pile-bouton-du-remstim-3000\/"]}]},{"@type":"ImageObject","inLanguage":"fr-FR","@id":"https:\/\/remstim.com\/fr\/remstim-3000\/informations-sur-la-pile-bouton-du-remstim-3000\/#primaryimage","url":"https:\/\/remstim.com\/wp-content\/uploads\/2013\/09\/Varta-CR1620.jpg","contentUrl":"https:\/\/remstim.com\/wp-content\/uploads\/2013\/09\/Varta-CR1620.jpg"},{"@type":"BreadcrumbList","@id":"https:\/\/remstim.com\/fr\/remstim-3000\/informations-sur-la-pile-bouton-du-remstim-3000\/#breadcrumb","itemListElement":[{"@type":"ListItem","position":1,"name":"Startseite","item":"https:\/\/remstim.com\/fr\/"},{"@type":"ListItem","position":2,"name":"Lunettes EMDR REMSTIM 3000","item":"https:\/\/remstim.com\/fr\/remstim-3000\/"},{"@type":"ListItem","position":3,"name":"Informations sur la pile bouton du REMSTIM 3000"}]},{"@type":"WebSite","@id":"https:\/\/remstim.com\/fr\/#website","url":"https:\/\/remstim.com\/fr\/","name":"EMDR Ger\u00e4t REMSTIM 3000 gegen Stress","description":"Wie wir schnell Entspannung finden.","publisher":{"@id":"https:\/\/remstim.com\/fr\/#organization"},"potentialAction":[{"@type":"SearchAction","target":{"@type":"EntryPoint","urlTemplate":"https:\/\/remstim.com\/fr\/?s={search_term_string}"},"query-input":{"@type":"PropertyValueSpecification","valueRequired":true,"valueName":"search_term_string"}}],"inLanguage":"fr-FR"},{"@type":"Organization","@id":"https:\/\/remstim.com\/fr\/#organization","name":"EMDR Ger\u00e4t REMSTIM 3000 gegen Stress","url":"https:\/\/remstim.com\/fr\/","logo":{"@type":"ImageObject","inLanguage":"fr-FR","@id":"https:\/\/remstim.com\/fr\/#\/schema\/logo\/image\/","url":"https:\/\/remstim.com\/wp-content\/uploads\/2012\/06\/REMSTIM-Logo-mit-Untertitel_orange-e1340382850185.png","contentUrl":"https:\/\/remstim.com\/wp-content\/uploads\/2012\/06\/REMSTIM-Logo-mit-Untertitel_orange-e1340382850185.png","width":304,"height":80,"caption":"EMDR Ger\u00e4t REMSTIM 3000 gegen Stress"},"image":{"@id":"https:\/\/remstim.com\/fr\/#\/schema\/logo\/image\/"}}]}},"_links":{"self":[{"href":"https:\/\/remstim.com\/fr\/wp-json\/wp\/v2\/pages\/11701","targetHints":{"allow":["GET"]}}],"collection":[{"href":"https:\/\/remstim.com\/fr\/wp-json\/wp\/v2\/pages"}],"about":[{"href":"https:\/\/remstim.com\/fr\/wp-json\/wp\/v2\/types\/page"}],"author":[{"embeddable":true,"href":"https:\/\/remstim.com\/fr\/wp-json\/wp\/v2\/users\/1"}],"replies":[{"embeddable":true,"href":"https:\/\/remstim.com\/fr\/wp-json\/wp\/v2\/comments?post=11701"}],"version-history":[{"count":0,"href":"https:\/\/remstim.com\/fr\/wp-json\/wp\/v2\/pages\/11701\/revisions"}],"up":[{"embeddable":true,"href":"https:\/\/remstim.com\/fr\/wp-json\/wp\/v2\/pages\/11753"}],"wp:attachment":[{"href":"https:\/\/remstim.com\/fr\/wp-json\/wp\/v2\/media?parent=11701"}],"curies":[{"name":"wp","href":"https:\/\/api.w.org\/{rel}","templated":true}]}}