{"id":11706,"date":"2011-11-28T10:51:04","date_gmt":"2011-11-28T10:51:04","guid":{"rendered":"https:\/\/remstim.de\/details-techniques-du-remstim-3000\/"},"modified":"2023-09-14T15:31:19","modified_gmt":"2023-09-14T15:31:19","slug":"details-techniques-du-remstim-3000","status":"publish","type":"page","link":"https:\/\/remstim.com\/fr\/remstim-3000\/details-techniques-du-remstim-3000\/","title":{"rendered":"D\u00e9tails techniques du REMSTIM 3000"},"content":{"rendered":"<h1 style=\"text-align: left;\">D\u00e9tails techniques du REMSTIM 3000<\/h1>\n<p style=\"text-align: left;\">Le <a title=\"REMSTIM 3000\" href=\"https:\/\/remstim.com\/fr\/remstim-3000\/\">REMSTIM 3000<\/a> a \u00e9t\u00e9 sp\u00e9cialement con\u00e7u pour l&#8217;application de <a title=\"Appliquer l'EMDR en auto-coaching avec le REMSTIM 3000\" href=\"https:\/\/remstim.com\/fr\/bases-pour-lapplication-de-lemdr-dans-le-coaching-avec-le-remstim-3000\/appliquer-lemdr-en-auto-coaching-avec-le-remstim-3000\/\">l&#8217;EMDR dans l&#8217;auto-coaching<\/a> et de la <a href=\"https:\/\/remstim.com\/fr\/bases-pour-lapplication-de-lemdr-dans-le-coaching-avec-le-remstim-3000\/stimulation-du-mouvement-rapide-des-yeux\/\">Stimulation rapide des mouvements oculaires<\/a> a \u00e9t\u00e9 d\u00e9velopp\u00e9. Les lunettes d&#8217;autocoaching sont fabriqu\u00e9es \u00e0 la main en Allemagne. L&#8217;harmonisation de ses fonctions, les possibilit\u00e9s de r\u00e9glage individuel et leur facilit\u00e9 d&#8217;<strong>utilisation<\/strong> font du <a href=\"https:\/\/remstim.com\/fr\/remstim-3000\/\">REMSTIM 3000<\/a> est un appareil d&#8217;autocoaching efficace et \u00e9prouv\u00e9.<\/p>\n<p style=\"text-align: left;\"><img fetchpriority=\"high\" decoding=\"async\" class=\"alignleft wp-image-8668\" title=\"REMSTIM 3000 Appareil de coaching EMDR\" src=\"https:\/\/remstim.com\/wp-content\/uploads\/2019\/08\/R3_FB_KofferManual-final-20190627-987x1024.jpg\" alt=\"Lunettes EMDR REMSTIM 3000 Mod\u00e8le 2020 avec mallette\" width=\"280\" height=\"290\" srcset=\"https:\/\/remstim.com\/wp-content\/uploads\/2019\/08\/R3_FB_KofferManual-final-20190627-987x1024.jpg 987w, https:\/\/remstim.com\/wp-content\/uploads\/2019\/08\/R3_FB_KofferManual-final-20190627-600x622.jpg 600w, https:\/\/remstim.com\/wp-content\/uploads\/2019\/08\/R3_FB_KofferManual-final-20190627-289x300.jpg 289w, https:\/\/remstim.com\/wp-content\/uploads\/2019\/08\/R3_FB_KofferManual-final-20190627-768x797.jpg 768w, https:\/\/remstim.com\/wp-content\/uploads\/2019\/08\/R3_FB_KofferManual-final-20190627-740x768.jpg 740w\" sizes=\"(max-width: 280px) 100vw, 280px\" \/>C&#8217;est justement sa petite taille compacte et sa l\u00e9g\u00e8ret\u00e9 qui permettent de l&#8217;utiliser m\u00eame en d\u00e9placement. Moins de 100 g, c&#8217;est le poids de ce petit appareil professionnel pour l&#8217;auto-coaching au moyen de la <a href=\"https:\/\/remstim.com\/fr\/bases-pour-lapplication-de-lemdr-dans-le-coaching-avec-le-remstim-3000\/stimulation-du-mouvement-rapide-des-yeux\/\">Rapid Eye Movement Stimulation<\/a> <a title=\"Informations sur la pile bouton du REMSTIM 3000\" href=\"https:\/\/remstim.com\/fr\/remstim-3000\/informations-sur-la-pile-bouton-du-remstim-3000\/\">pile<\/a> incluse.<\/p>\n<p style=\"text-align: left;\">L&#8217;\u00e9lectronique command\u00e9e par puce du <a href=\"https:\/\/remstim.com\/fr\/remstim-3000\/\">REMSTIM 3000<\/a> est enti\u00e8rement log\u00e9e dans son \u00e9l\u00e9gant bo\u00eetier moul\u00e9, ce qui permet de se passer de c\u00e2bles et d&#8217;\u00e9l\u00e9ments de commande suppl\u00e9mentaires.<\/p>\n<p style=\"text-align: left;\">Comme la <strong>flexibilit\u00e9 personnelle des mouvements<\/strong><strong>oculaires<\/strong> varie selon les utilisateurs, les <span style=\"text-decoration: underline;\">param\u00e8tres de stimulation<\/span> peuvent \u00eatre adapt\u00e9s individuellement. Le dernier r\u00e9glage des <span style=\"text-decoration: underline;\">param\u00e8tres de stimulation<\/span> utilis\u00e9 est toujours automatiquement enregistr\u00e9 par la puce pour la prochaine utilisation.<\/p>\n<p style=\"text-align: left;\">Les micro-LED g\u00e9n\u00e8rent une fine impulsion lumineuse qui guide le mouvement de chacun des deux yeux individuellement mais de mani\u00e8re coordonn\u00e9e pendant une application. Les 2 x 3 LED dispos\u00e9es verticalement signalent le d\u00e9but et la fin d&#8217;une application de 30 secondes. Pour en savoir plus, voir <a title=\"Utilisation du REMSTIM 3000\" href=\"https:\/\/remstim.com\/fr\/remstim-3000\/mode-demploi-remstim-3000\/#Bedienung\">Utilisation du REMSTIM 3000<\/a>.<\/p>\n<p style=\"text-align: left;\"><img decoding=\"async\" class=\"alignright wp-image-8446\" src=\"https:\/\/remstim.com\/wp-content\/uploads\/2018\/12\/REMSTIM_3000-Leiterplatte5_de-1024x587.jpg\" alt=\"\" width=\"360\" height=\"206\" srcset=\"https:\/\/remstim.com\/wp-content\/uploads\/2018\/12\/REMSTIM_3000-Leiterplatte5_de-1024x587.jpg 1024w, https:\/\/remstim.com\/wp-content\/uploads\/2018\/12\/REMSTIM_3000-Leiterplatte5_de-600x344.jpg 600w, https:\/\/remstim.com\/wp-content\/uploads\/2018\/12\/REMSTIM_3000-Leiterplatte5_de-300x172.jpg 300w, https:\/\/remstim.com\/wp-content\/uploads\/2018\/12\/REMSTIM_3000-Leiterplatte5_de-768x440.jpg 768w, https:\/\/remstim.com\/wp-content\/uploads\/2018\/12\/REMSTIM_3000-Leiterplatte5_de.jpg 2014w\" sizes=\"(max-width: 360px) 100vw, 360px\" \/>Le signal lumineux horizontal, qui stimule en <span style=\"text-decoration: underline;\">douceur les mouvements oculaires<\/span>, peut \u00eatre r\u00e9gl\u00e9 facilement et <span style=\"text-decoration: underline;\">rapidement<\/span> \u00e0 l&#8217;aide de deux boutons-poussoirs pendant l&#8217;utilisation pour le bien-\u00eatre personnel et l&#8217;efficacit\u00e9 optimale des <a href=\"https:\/\/remstim.com\/fr\/bases-pour-lapplication-de-lemdr-dans-le-coaching-avec-le-remstim-3000\/effets-de-stimulation-de-lemdr\/\">effets de stimulation<\/a>. Le choix de la couleur de la lumi\u00e8re et <span style=\"text-decoration: underline;\">de la luminosit\u00e9<\/span> a fait l&#8217;objet d&#8217;une attention particuli\u00e8re afin de rendre le stimulus visuel aussi propice et agr\u00e9able que possible.<\/p>\n<p style=\"text-align: left;\">Veuillez \u00e9galement lire les <a href=\"https:\/\/remstim.com\/fr\/bases-pour-lapplication-de-lemdr-dans-le-coaching-avec-le-remstim-3000\/informations-importantes\/\">informations importantes<\/a> \u00e0 ce sujet.<\/p>\n\t\t<div data-elementor-type=\"section\" data-elementor-id=\"13820\" class=\"elementor elementor-13820 elementor-9961\" data-elementor-post-type=\"elementor_library\">\n\t\t\t\t\t<section class=\"elementor-section elementor-top-section elementor-element elementor-element-7831db3f elementor-section-full_width elementor-section-height-default elementor-section-height-default\" data-id=\"7831db3f\" data-element_type=\"section\" data-e-type=\"section\">\n\t\t\t\t\t\t<div class=\"elementor-container elementor-column-gap-no\">\n\t\t\t\t\t<div class=\"elementor-column elementor-col-100 elementor-top-column elementor-element elementor-element-67d956e3\" data-id=\"67d956e3\" data-element_type=\"column\" data-e-type=\"column\">\n\t\t\t<div class=\"elementor-widget-wrap elementor-element-populated\">\n\t\t\t\t\t\t<section class=\"elementor-section elementor-inner-section elementor-element elementor-element-2aa1ea3b elementor-section-boxed elementor-section-height-default elementor-section-height-default\" data-id=\"2aa1ea3b\" data-element_type=\"section\" data-e-type=\"section\" data-settings=\"{&quot;background_background&quot;:&quot;classic&quot;}\">\n\t\t\t\t\t\t<div class=\"elementor-container elementor-column-gap-default\">\n\t\t\t\t\t<div class=\"elementor-column elementor-col-100 elementor-inner-column elementor-element elementor-element-c252630\" data-id=\"c252630\" data-element_type=\"column\" data-e-type=\"column\">\n\t\t\t<div class=\"elementor-widget-wrap elementor-element-populated\">\n\t\t\t\t\t\t<div class=\"elementor-element elementor-element-61fde7f4 elementor-widget elementor-widget-heading\" data-id=\"61fde7f4\" data-element_type=\"widget\" data-e-type=\"widget\" data-widget_type=\"heading.default\">\n\t\t\t\t<div class=\"elementor-widget-container\">\n\t\t\t\t\t<h2 class=\"elementor-heading-title elementor-size-default\">Droits de propri\u00e9t\u00e9 intellectuelle &amp; enregistrement<\/h2>\t\t\t\t<\/div>\n\t\t\t\t<\/div>\n\t\t\t\t\t<\/div>\n\t\t<\/div>\n\t\t\t\t\t<\/div>\n\t\t<\/section>\n\t\t\t\t<section class=\"elementor-section elementor-inner-section elementor-element elementor-element-32badd39 elementor-section-content-top elementor-section-boxed elementor-section-height-default elementor-section-height-default\" data-id=\"32badd39\" data-element_type=\"section\" data-e-type=\"section\">\n\t\t\t\t\t\t<div class=\"elementor-container elementor-column-gap-default\">\n\t\t\t\t\t<div class=\"elementor-column elementor-col-100 elementor-inner-column elementor-element elementor-element-323ea1d5\" data-id=\"323ea1d5\" data-element_type=\"column\" data-e-type=\"column\">\n\t\t\t<div class=\"elementor-widget-wrap elementor-element-populated\">\n\t\t\t\t\t\t<div class=\"elementor-element elementor-element-1e66d79a elementor-icon-list--layout-traditional elementor-list-item-link-full_width elementor-widget elementor-widget-icon-list\" data-id=\"1e66d79a\" data-element_type=\"widget\" data-e-type=\"widget\" data-widget_type=\"icon-list.default\">\n\t\t\t\t<div class=\"elementor-widget-container\">\n\t\t\t\t\t\t\t<ul class=\"elementor-icon-list-items\">\n\t\t\t\t\t\t\t<li class=\"elementor-icon-list-item\">\n\t\t\t\t\t\t\t\t\t\t\t<span class=\"elementor-icon-list-icon\">\n\t\t\t\t\t\t\t<i aria-hidden=\"true\" class=\"far fa-star\"><\/i>\t\t\t\t\t\t<\/span>\n\t\t\t\t\t\t\t\t\t\t<span class=\"elementor-icon-list-text\">remstim\u00ae est une marque d\u00e9pos\u00e9e et l\u00e9galement prot\u00e9g\u00e9e<\/span>\n\t\t\t\t\t\t\t\t\t<\/li>\n\t\t\t\t\t\t\t\t<li class=\"elementor-icon-list-item\">\n\t\t\t\t\t\t\t\t\t\t\t<span class=\"elementor-icon-list-icon\">\n\t\t\t\t\t\t\t<i aria-hidden=\"true\" class=\"far fa-star\"><\/i>\t\t\t\t\t\t<\/span>\n\t\t\t\t\t\t\t\t\t\t<span class=\"elementor-icon-list-text\">la technique du REMSTIM 3000 est l\u00e9galement prot\u00e9g\u00e9e et enregistr\u00e9e sous DE 202010014816.2<\/span>\n\t\t\t\t\t\t\t\t\t<\/li>\n\t\t\t\t\t\t\t\t<li class=\"elementor-icon-list-item\">\n\t\t\t\t\t\t\t\t\t\t\t<span class=\"elementor-icon-list-icon\">\n\t\t\t\t\t\t\t<i aria-hidden=\"true\" class=\"far fa-star\"><\/i>\t\t\t\t\t\t<\/span>\n\t\t\t\t\t\t\t\t\t\t<span class=\"elementor-icon-list-text\">N\u00b0 d'enregistrement WEEE DE 83662464<\/span>\n\t\t\t\t\t\t\t\t\t<\/li>\n\t\t\t\t\t\t<\/ul>\n\t\t\t\t\t\t<\/div>\n\t\t\t\t<\/div>\n\t\t\t\t\t<\/div>\n\t\t<\/div>\n\t\t\t\t\t<\/div>\n\t\t<\/section>\n\t\t\t\t\t<\/div>\n\t\t<\/div>\n\t\t\t\t\t<\/div>\n\t\t<\/section>\n\t\t\t\t<\/div>\n\t\t\n","protected":false},"excerpt":{"rendered":"<p>D\u00e9tails techniques du REMSTIM 3000 Le REMSTIM 3000 a \u00e9t\u00e9 sp\u00e9cialement con\u00e7u pour l&#8217;application de l&#8217;EMDR dans l&#8217;auto-coaching et de la Stimulation rapide des mouvements oculaires a \u00e9t\u00e9 d\u00e9velopp\u00e9. Les lunettes d&#8217;autocoaching sont fabriqu\u00e9es \u00e0 la main en Allemagne. L&#8217;harmonisation de ses fonctions, les possibilit\u00e9s de r\u00e9glage individuel et leur facilit\u00e9 d&#8217;utilisation font du REMSTIM [&hellip;]<\/p>\n","protected":false},"author":1,"featured_media":0,"parent":11753,"menu_order":8,"comment_status":"closed","ping_status":"closed","template":"","meta":{"_acf_changed":false,"site-sidebar-layout":"default","site-content-layout":"default","ast-site-content-layout":"default","site-content-style":"default","site-sidebar-style":"default","ast-global-header-display":"","ast-banner-title-visibility":"","ast-main-header-display":"","ast-hfb-above-header-display":"","ast-hfb-below-header-display":"","ast-hfb-mobile-header-display":"","site-post-title":"","ast-breadcrumbs-content":"","ast-featured-img":"","footer-sml-layout":"","ast-disable-related-posts":"","theme-transparent-header-meta":"default","adv-header-id-meta":"","stick-header-meta":"default","header-above-stick-meta":"","header-main-stick-meta":"","header-below-stick-meta":"","astra-migrate-meta-layouts":"default","ast-page-background-enabled":"default","ast-page-background-meta":{"desktop":{"background-color":"var(--ast-global-color-4)","background-image":"","background-repeat":"repeat","background-position":"center center","background-size":"auto","background-attachment":"scroll","background-type":"","background-media":"","overlay-type":"","overlay-color":"","overlay-opacity":"","overlay-gradient":""},"tablet":{"background-color":"","background-image":"","background-repeat":"repeat","background-position":"center center","background-size":"auto","background-attachment":"scroll","background-type":"","background-media":"","overlay-type":"","overlay-color":"","overlay-opacity":"","overlay-gradient":""},"mobile":{"background-color":"","background-image":"","background-repeat":"repeat","background-position":"center center","background-size":"auto","background-attachment":"scroll","background-type":"","background-media":"","overlay-type":"","overlay-color":"","overlay-opacity":"","overlay-gradient":""}},"ast-content-background-meta":{"desktop":{"background-color":"var(--ast-global-color-5)","background-image":"","background-repeat":"repeat","background-position":"center center","background-size":"auto","background-attachment":"scroll","background-type":"","background-media":"","overlay-type":"","overlay-color":"","overlay-opacity":"","overlay-gradient":""},"tablet":{"background-color":"var(--ast-global-color-5)","background-image":"","background-repeat":"repeat","background-position":"center center","background-size":"auto","background-attachment":"scroll","background-type":"","background-media":"","overlay-type":"","overlay-color":"","overlay-opacity":"","overlay-gradient":""},"mobile":{"background-color":"var(--ast-global-color-5)","background-image":"","background-repeat":"repeat","background-position":"center center","background-size":"auto","background-attachment":"scroll","background-type":"","background-media":"","overlay-type":"","overlay-color":"","overlay-opacity":"","overlay-gradient":""}},"footnotes":""},"class_list":["post-11706","page","type-page","status-publish","hentry"],"acf":[],"yoast_head":"<!-- This site is optimized with the Yoast SEO plugin v27.3 - https:\/\/yoast.com\/product\/yoast-seo-wordpress\/ -->\n<title>D\u00e9tails techniques du REMSTIM 3000 - con\u00e7u pour une d\u00e9tente rapide<\/title>\n<meta name=\"description\" content=\"Le REMSTIM 3000 a \u00e9t\u00e9 sp\u00e9cialement con\u00e7u pour l&#039;application de la Rapid Eye Movement Stimulation. Ses fonctions en font un outil d&#039;auto-coaching efficace.\" \/>\n<meta name=\"robots\" content=\"index, follow, max-snippet:-1, max-image-preview:large, max-video-preview:-1\" \/>\n<link rel=\"canonical\" href=\"https:\/\/remstim.com\/fr\/remstim-3000\/details-techniques-du-remstim-3000\/\" \/>\n<meta property=\"og:locale\" content=\"fr_FR\" \/>\n<meta property=\"og:type\" content=\"article\" \/>\n<meta property=\"og:title\" content=\"D\u00e9tails techniques du REMSTIM 3000 - con\u00e7u pour une d\u00e9tente rapide\" \/>\n<meta property=\"og:description\" content=\"Le REMSTIM 3000 a \u00e9t\u00e9 sp\u00e9cialement con\u00e7u pour l&#039;application de la Rapid Eye Movement Stimulation. Ses fonctions en font un outil d&#039;auto-coaching efficace.\" \/>\n<meta property=\"og:url\" content=\"https:\/\/remstim.com\/fr\/remstim-3000\/details-techniques-du-remstim-3000\/\" \/>\n<meta property=\"og:site_name\" content=\"EMDR Ger\u00e4t REMSTIM 3000 gegen Stress\" \/>\n<meta property=\"article:modified_time\" content=\"2023-09-14T15:31:19+00:00\" \/>\n<meta property=\"og:image\" content=\"https:\/\/remstim.com\/wp-content\/uploads\/2019\/08\/R3_FB_KofferManual-final-20190627-987x1024.jpg\" \/>\n<meta name=\"twitter:label1\" content=\"Dur\u00e9e de lecture estim\u00e9e\" \/>\n\t<meta name=\"twitter:data1\" content=\"2 minutes\" \/>\n<script type=\"application\/ld+json\" class=\"yoast-schema-graph\">{\"@context\":\"https:\\\/\\\/schema.org\",\"@graph\":[{\"@type\":\"WebPage\",\"@id\":\"https:\\\/\\\/remstim.com\\\/fr\\\/remstim-3000\\\/details-techniques-du-remstim-3000\\\/\",\"url\":\"https:\\\/\\\/remstim.com\\\/fr\\\/remstim-3000\\\/details-techniques-du-remstim-3000\\\/\",\"name\":\"D\u00e9tails techniques du REMSTIM 3000 - con\u00e7u pour une d\u00e9tente rapide\",\"isPartOf\":{\"@id\":\"https:\\\/\\\/remstim.com\\\/fr\\\/#website\"},\"primaryImageOfPage\":{\"@id\":\"https:\\\/\\\/remstim.com\\\/fr\\\/remstim-3000\\\/details-techniques-du-remstim-3000\\\/#primaryimage\"},\"image\":{\"@id\":\"https:\\\/\\\/remstim.com\\\/fr\\\/remstim-3000\\\/details-techniques-du-remstim-3000\\\/#primaryimage\"},\"thumbnailUrl\":\"https:\\\/\\\/remstim.com\\\/wp-content\\\/uploads\\\/2019\\\/08\\\/R3_FB_KofferManual-final-20190627-987x1024.jpg\",\"datePublished\":\"2011-11-28T10:51:04+00:00\",\"dateModified\":\"2023-09-14T15:31:19+00:00\",\"description\":\"Le REMSTIM 3000 a \u00e9t\u00e9 sp\u00e9cialement con\u00e7u pour l'application de la Rapid Eye Movement Stimulation. Ses fonctions en font un outil d'auto-coaching efficace.\",\"breadcrumb\":{\"@id\":\"https:\\\/\\\/remstim.com\\\/fr\\\/remstim-3000\\\/details-techniques-du-remstim-3000\\\/#breadcrumb\"},\"inLanguage\":\"fr-FR\",\"potentialAction\":[{\"@type\":\"ReadAction\",\"target\":[\"https:\\\/\\\/remstim.com\\\/fr\\\/remstim-3000\\\/details-techniques-du-remstim-3000\\\/\"]}]},{\"@type\":\"ImageObject\",\"inLanguage\":\"fr-FR\",\"@id\":\"https:\\\/\\\/remstim.com\\\/fr\\\/remstim-3000\\\/details-techniques-du-remstim-3000\\\/#primaryimage\",\"url\":\"https:\\\/\\\/remstim.com\\\/wp-content\\\/uploads\\\/2019\\\/08\\\/R3_FB_KofferManual-final-20190627-987x1024.jpg\",\"contentUrl\":\"https:\\\/\\\/remstim.com\\\/wp-content\\\/uploads\\\/2019\\\/08\\\/R3_FB_KofferManual-final-20190627-987x1024.jpg\"},{\"@type\":\"BreadcrumbList\",\"@id\":\"https:\\\/\\\/remstim.com\\\/fr\\\/remstim-3000\\\/details-techniques-du-remstim-3000\\\/#breadcrumb\",\"itemListElement\":[{\"@type\":\"ListItem\",\"position\":1,\"name\":\"Startseite\",\"item\":\"https:\\\/\\\/remstim.com\\\/fr\\\/\"},{\"@type\":\"ListItem\",\"position\":2,\"name\":\"Lunettes EMDR REMSTIM 3000\",\"item\":\"https:\\\/\\\/remstim.com\\\/fr\\\/remstim-3000\\\/\"},{\"@type\":\"ListItem\",\"position\":3,\"name\":\"D\u00e9tails techniques du REMSTIM 3000\"}]},{\"@type\":\"WebSite\",\"@id\":\"https:\\\/\\\/remstim.com\\\/fr\\\/#website\",\"url\":\"https:\\\/\\\/remstim.com\\\/fr\\\/\",\"name\":\"EMDR Ger\u00e4t REMSTIM 3000 gegen Stress\",\"description\":\"Wie wir schnell Entspannung finden.\",\"publisher\":{\"@id\":\"https:\\\/\\\/remstim.com\\\/fr\\\/#organization\"},\"potentialAction\":[{\"@type\":\"SearchAction\",\"target\":{\"@type\":\"EntryPoint\",\"urlTemplate\":\"https:\\\/\\\/remstim.com\\\/fr\\\/?s={search_term_string}\"},\"query-input\":{\"@type\":\"PropertyValueSpecification\",\"valueRequired\":true,\"valueName\":\"search_term_string\"}}],\"inLanguage\":\"fr-FR\"},{\"@type\":\"Organization\",\"@id\":\"https:\\\/\\\/remstim.com\\\/fr\\\/#organization\",\"name\":\"EMDR Ger\u00e4t REMSTIM 3000 gegen Stress\",\"url\":\"https:\\\/\\\/remstim.com\\\/fr\\\/\",\"logo\":{\"@type\":\"ImageObject\",\"inLanguage\":\"fr-FR\",\"@id\":\"https:\\\/\\\/remstim.com\\\/fr\\\/#\\\/schema\\\/logo\\\/image\\\/\",\"url\":\"https:\\\/\\\/remstim.com\\\/wp-content\\\/uploads\\\/2012\\\/06\\\/REMSTIM-Logo-mit-Untertitel_orange-e1340382850185.png\",\"contentUrl\":\"https:\\\/\\\/remstim.com\\\/wp-content\\\/uploads\\\/2012\\\/06\\\/REMSTIM-Logo-mit-Untertitel_orange-e1340382850185.png\",\"width\":304,\"height\":80,\"caption\":\"EMDR Ger\u00e4t REMSTIM 3000 gegen Stress\"},\"image\":{\"@id\":\"https:\\\/\\\/remstim.com\\\/fr\\\/#\\\/schema\\\/logo\\\/image\\\/\"}}]}<\/script>\n<!-- \/ Yoast SEO plugin. -->","yoast_head_json":{"title":"D\u00e9tails techniques du REMSTIM 3000 - con\u00e7u pour une d\u00e9tente rapide","description":"Le REMSTIM 3000 a \u00e9t\u00e9 sp\u00e9cialement con\u00e7u pour l'application de la Rapid Eye Movement Stimulation. Ses fonctions en font un outil d'auto-coaching efficace.","robots":{"index":"index","follow":"follow","max-snippet":"max-snippet:-1","max-image-preview":"max-image-preview:large","max-video-preview":"max-video-preview:-1"},"canonical":"https:\/\/remstim.com\/fr\/remstim-3000\/details-techniques-du-remstim-3000\/","og_locale":"fr_FR","og_type":"article","og_title":"D\u00e9tails techniques du REMSTIM 3000 - con\u00e7u pour une d\u00e9tente rapide","og_description":"Le REMSTIM 3000 a \u00e9t\u00e9 sp\u00e9cialement con\u00e7u pour l'application de la Rapid Eye Movement Stimulation. Ses fonctions en font un outil d'auto-coaching efficace.","og_url":"https:\/\/remstim.com\/fr\/remstim-3000\/details-techniques-du-remstim-3000\/","og_site_name":"EMDR Ger\u00e4t REMSTIM 3000 gegen Stress","article_modified_time":"2023-09-14T15:31:19+00:00","og_image":[{"url":"https:\/\/remstim.com\/wp-content\/uploads\/2019\/08\/R3_FB_KofferManual-final-20190627-987x1024.jpg","type":"","width":"","height":""}],"twitter_misc":{"Dur\u00e9e de lecture estim\u00e9e":"2 minutes"},"schema":{"@context":"https:\/\/schema.org","@graph":[{"@type":"WebPage","@id":"https:\/\/remstim.com\/fr\/remstim-3000\/details-techniques-du-remstim-3000\/","url":"https:\/\/remstim.com\/fr\/remstim-3000\/details-techniques-du-remstim-3000\/","name":"D\u00e9tails techniques du REMSTIM 3000 - con\u00e7u pour une d\u00e9tente rapide","isPartOf":{"@id":"https:\/\/remstim.com\/fr\/#website"},"primaryImageOfPage":{"@id":"https:\/\/remstim.com\/fr\/remstim-3000\/details-techniques-du-remstim-3000\/#primaryimage"},"image":{"@id":"https:\/\/remstim.com\/fr\/remstim-3000\/details-techniques-du-remstim-3000\/#primaryimage"},"thumbnailUrl":"https:\/\/remstim.com\/wp-content\/uploads\/2019\/08\/R3_FB_KofferManual-final-20190627-987x1024.jpg","datePublished":"2011-11-28T10:51:04+00:00","dateModified":"2023-09-14T15:31:19+00:00","description":"Le REMSTIM 3000 a \u00e9t\u00e9 sp\u00e9cialement con\u00e7u pour l'application de la Rapid Eye Movement Stimulation. Ses fonctions en font un outil d'auto-coaching efficace.","breadcrumb":{"@id":"https:\/\/remstim.com\/fr\/remstim-3000\/details-techniques-du-remstim-3000\/#breadcrumb"},"inLanguage":"fr-FR","potentialAction":[{"@type":"ReadAction","target":["https:\/\/remstim.com\/fr\/remstim-3000\/details-techniques-du-remstim-3000\/"]}]},{"@type":"ImageObject","inLanguage":"fr-FR","@id":"https:\/\/remstim.com\/fr\/remstim-3000\/details-techniques-du-remstim-3000\/#primaryimage","url":"https:\/\/remstim.com\/wp-content\/uploads\/2019\/08\/R3_FB_KofferManual-final-20190627-987x1024.jpg","contentUrl":"https:\/\/remstim.com\/wp-content\/uploads\/2019\/08\/R3_FB_KofferManual-final-20190627-987x1024.jpg"},{"@type":"BreadcrumbList","@id":"https:\/\/remstim.com\/fr\/remstim-3000\/details-techniques-du-remstim-3000\/#breadcrumb","itemListElement":[{"@type":"ListItem","position":1,"name":"Startseite","item":"https:\/\/remstim.com\/fr\/"},{"@type":"ListItem","position":2,"name":"Lunettes EMDR REMSTIM 3000","item":"https:\/\/remstim.com\/fr\/remstim-3000\/"},{"@type":"ListItem","position":3,"name":"D\u00e9tails techniques du REMSTIM 3000"}]},{"@type":"WebSite","@id":"https:\/\/remstim.com\/fr\/#website","url":"https:\/\/remstim.com\/fr\/","name":"EMDR Ger\u00e4t REMSTIM 3000 gegen Stress","description":"Wie wir schnell Entspannung finden.","publisher":{"@id":"https:\/\/remstim.com\/fr\/#organization"},"potentialAction":[{"@type":"SearchAction","target":{"@type":"EntryPoint","urlTemplate":"https:\/\/remstim.com\/fr\/?s={search_term_string}"},"query-input":{"@type":"PropertyValueSpecification","valueRequired":true,"valueName":"search_term_string"}}],"inLanguage":"fr-FR"},{"@type":"Organization","@id":"https:\/\/remstim.com\/fr\/#organization","name":"EMDR Ger\u00e4t REMSTIM 3000 gegen Stress","url":"https:\/\/remstim.com\/fr\/","logo":{"@type":"ImageObject","inLanguage":"fr-FR","@id":"https:\/\/remstim.com\/fr\/#\/schema\/logo\/image\/","url":"https:\/\/remstim.com\/wp-content\/uploads\/2012\/06\/REMSTIM-Logo-mit-Untertitel_orange-e1340382850185.png","contentUrl":"https:\/\/remstim.com\/wp-content\/uploads\/2012\/06\/REMSTIM-Logo-mit-Untertitel_orange-e1340382850185.png","width":304,"height":80,"caption":"EMDR Ger\u00e4t REMSTIM 3000 gegen Stress"},"image":{"@id":"https:\/\/remstim.com\/fr\/#\/schema\/logo\/image\/"}}]}},"_links":{"self":[{"href":"https:\/\/remstim.com\/fr\/wp-json\/wp\/v2\/pages\/11706","targetHints":{"allow":["GET"]}}],"collection":[{"href":"https:\/\/remstim.com\/fr\/wp-json\/wp\/v2\/pages"}],"about":[{"href":"https:\/\/remstim.com\/fr\/wp-json\/wp\/v2\/types\/page"}],"author":[{"embeddable":true,"href":"https:\/\/remstim.com\/fr\/wp-json\/wp\/v2\/users\/1"}],"replies":[{"embeddable":true,"href":"https:\/\/remstim.com\/fr\/wp-json\/wp\/v2\/comments?post=11706"}],"version-history":[{"count":0,"href":"https:\/\/remstim.com\/fr\/wp-json\/wp\/v2\/pages\/11706\/revisions"}],"up":[{"embeddable":true,"href":"https:\/\/remstim.com\/fr\/wp-json\/wp\/v2\/pages\/11753"}],"wp:attachment":[{"href":"https:\/\/remstim.com\/fr\/wp-json\/wp\/v2\/media?parent=11706"}],"curies":[{"name":"wp","href":"https:\/\/api.w.org\/{rel}","templated":true}]}}