{"id":11731,"date":"2011-11-11T11:19:11","date_gmt":"2011-11-11T11:19:11","guid":{"rendered":"https:\/\/remstim.de\/sauto-coacher-en-6-etapes-avec-emdr-grace-a-remstim-3000\/telecharger-le-guide-dauto-coaching-emdr-en-6-etapes\/"},"modified":"2023-10-26T16:52:45","modified_gmt":"2023-10-26T16:52:45","slug":"telecharger-le-guide-dauto-coaching-emdr-en-6-etapes","status":"publish","type":"page","link":"https:\/\/remstim.com\/fr\/sauto-coacher-en-6-etapes-avec-emdr-grace-a-remstim-3000\/telecharger-le-guide-dauto-coaching-emdr-en-6-etapes\/","title":{"rendered":"T\u00e9l\u00e9charger le guide d&#8217;auto-coaching EMDR en 6 \u00e9tapes"},"content":{"rendered":"<h1><img decoding=\"async\" class=\"alignright wp-image-8492\" src=\"https:\/\/remstim.com\/wp-content\/uploads\/2023\/06\/Cover_3D_Manual_fr_v594.png\" alt=\"\" width=\"117\" height=\"150\">T\u00e9l\u00e9chargez gratuitement le &#8220;Guide de l&#8217;auto-coaching EMDR en 6 \u00e9tapes&#8221; tr\u00e8s complet.<\/h1>\n<p>Pour l&#8217;auto-coaching avec EMDR, vous trouverez ici des instructions efficaces sur la mani\u00e8re d&#8217;utiliser au mieux l&#8217;auto-coaching EMDR avec le REMSTIM 3000.<\/p>\n<hr class=\"divider-html\" style=\"border-top: 1px solid #bbb; margin-top: 30px; margin-bottom: 30px;\">\n\t\t<div data-elementor-type=\"section\" data-elementor-id=\"13831\" class=\"elementor elementor-13831 elementor-9899\" data-elementor-post-type=\"elementor_library\">\n\t\t\t\t\t<section class=\"elementor-section elementor-top-section elementor-element elementor-element-b425b elementor-section-full_width elementor-section-height-default elementor-section-height-default\" data-id=\"b425b\" data-element_type=\"section\" data-e-type=\"section\">\n\t\t\t\t\t\t<div class=\"elementor-container elementor-column-gap-default\">\n\t\t\t\t\t<div class=\"elementor-column elementor-col-100 elementor-top-column elementor-element elementor-element-6bf644d5\" data-id=\"6bf644d5\" data-element_type=\"column\" data-e-type=\"column\">\n\t\t\t<div class=\"elementor-widget-wrap elementor-element-populated\">\n\t\t\t\t\t\t<section class=\"elementor-section elementor-inner-section elementor-element elementor-element-66477634 elementor-section-full_width elementor-section-height-default elementor-section-height-default\" data-id=\"66477634\" data-element_type=\"section\" data-e-type=\"section\">\n\t\t\t\t\t\t<div class=\"elementor-container elementor-column-gap-default\">\n\t\t\t\t\t<div class=\"elementor-column elementor-col-100 elementor-inner-column elementor-element elementor-element-26dcd0b3\" data-id=\"26dcd0b3\" data-element_type=\"column\" data-e-type=\"column\">\n\t\t\t<div class=\"elementor-widget-wrap elementor-element-populated\">\n\t\t\t\t\t\t<div class=\"elementor-element elementor-element-210bf749 elementor-icon-list--layout-traditional elementor-list-item-link-full_width elementor-widget elementor-widget-icon-list\" data-id=\"210bf749\" data-element_type=\"widget\" data-e-type=\"widget\" data-widget_type=\"icon-list.default\">\n\t\t\t\t<div class=\"elementor-widget-container\">\n\t\t\t\t\t\t\t<ul class=\"elementor-icon-list-items\">\n\t\t\t\t\t\t\t<li class=\"elementor-icon-list-item\">\n\t\t\t\t\t\t\t\t\t\t\t<span class=\"elementor-icon-list-icon\">\n\t\t\t\t\t\t\t<i aria-hidden=\"true\" class=\"fas fa-cloud-download-alt\"><\/i>\t\t\t\t\t\t<\/span>\n\t\t\t\t\t\t\t\t\t\t<span class=\"elementor-icon-list-text\">T\u00e9l\u00e9charger maintenant : <a href=\"https:\/\/remstim.com\/download\/19592\/\">Guide d'auto-coaching EMDR en 6 \u00e9tapes<\/a><\/span>\n\t\t\t\t\t\t\t\t\t<\/li>\n\t\t\t\t\t\t<\/ul>\n\t\t\t\t\t\t<\/div>\n\t\t\t\t<\/div>\n\t\t\t\t\t<\/div>\n\t\t<\/div>\n\t\t\t\t\t<\/div>\n\t\t<\/section>\n\t\t\t\t\t<\/div>\n\t\t<\/div>\n\t\t\t\t\t<\/div>\n\t\t<\/section>\n\t\t\t\t<\/div>\n\t\t\n<h3>Comment nous lib\u00e9rer des charges \u00e9motionnelles et du stress et atteindre plus facilement nos objectifs gr\u00e2ce \u00e0 l&#8217;auto-coaching EMDR.<\/h3>\n<p><a href=\"https:\/\/remstim.com\/download\/8454\/\"><img fetchpriority=\"high\" decoding=\"async\" class=\"alignright wp-image-8492\" src=\"https:\/\/remstim.com\/wp-content\/uploads\/2023\/06\/Cover_3D_Manual_fr_v594.png\" alt=\"\" width=\"300\" height=\"385\"><\/a>L&#8217;utilisation de l&#8217;EMDR en auto-coaching en 6 \u00e9tapes \u00e0 l&#8217;aide des <a href=\"https:\/\/remstim.com\/fr\/remstim-3000\/\">lunettes EMDR REMSTIM 3000<\/a> vous permet de coacher de mani\u00e8re particuli\u00e8rement minutieuse vos propres affaires et sujets qui vous affectent personnellement sur le plan \u00e9motionnel et mental.<\/p>\n<p>Veuillez noter que pour certains sujets et certaines questions qui vous impliquent de mani\u00e8re particuli\u00e8re, il peut \u00eatre conseill\u00e9 de consulter un coach ou un th\u00e9rapeute de confiance \u00e0 ce sujet. Lisez \u00e9galement les <a title=\"Informations importantes\" href=\"https:\/\/remstim.com\/fr\/bases-pour-lapplication-de-lemdr-dans-le-coaching-avec-le-remstim-3000\/informations-importantes\/\">informations importantes<\/a> \u00e0 ce sujet.<\/p>\n<p>Avant de commencer une premi\u00e8re s\u00e9ance d&#8217;auto-coaching, vous aurez l&#8217;occasion de lire en d\u00e9tail chaque \u00e9tape des six \u00e9tapes de l&#8217;auto-coaching.<\/p>\n<p>Il vous sera tr\u00e8s facile de vous mettre \u00e0 la terre et de vous d\u00e9tendre en suivant les six \u00e9tapes de l&#8217;autocoaching lorsque survient un stress particulier.<\/p>\n<p>Chaque fois que vous le souhaitez, il vous suffit de vous saisir de ce guide d&#8217;auto-coaching et de r\u00e9aliser une s\u00e9ance d&#8217;auto-coaching EMDR. Vous y trouverez, outre des informations et des conseils utiles, la <strong>fiche de travail pour une s\u00e9ance d&#8217;autocoaching<\/strong>, que vous pouvez reproduire \u00e0 volont\u00e9 et utiliser pour une s\u00e9ance \u00e0 la fois.<\/p>\n<hr class=\"divider-html\" style=\"border-top: 1px solid #bbb; margin-top: 30px; margin-bottom: 30px;\">\n<p><iframe title=\"Lecteur vid\u00e9o YouTube\" src=\"https:\/\/www.youtube.com\/embed\/URKDYZiN6ek\" width=\"560\" height=\"430\" frameborder=\"0\" allowfullscreen=\"allowfullscreen\"><\/iframe><\/p>\n\t\t<div data-elementor-type=\"section\" data-elementor-id=\"13831\" class=\"elementor elementor-13831 elementor-9899\" data-elementor-post-type=\"elementor_library\">\n\t\t\t\t\t<section class=\"elementor-section elementor-top-section elementor-element elementor-element-b425b elementor-section-full_width elementor-section-height-default elementor-section-height-default\" data-id=\"b425b\" data-element_type=\"section\" data-e-type=\"section\">\n\t\t\t\t\t\t<div class=\"elementor-container elementor-column-gap-default\">\n\t\t\t\t\t<div class=\"elementor-column elementor-col-100 elementor-top-column elementor-element elementor-element-6bf644d5\" data-id=\"6bf644d5\" data-element_type=\"column\" data-e-type=\"column\">\n\t\t\t<div class=\"elementor-widget-wrap elementor-element-populated\">\n\t\t\t\t\t\t<section class=\"elementor-section elementor-inner-section elementor-element elementor-element-66477634 elementor-section-full_width elementor-section-height-default elementor-section-height-default\" data-id=\"66477634\" data-element_type=\"section\" data-e-type=\"section\">\n\t\t\t\t\t\t<div class=\"elementor-container elementor-column-gap-default\">\n\t\t\t\t\t<div class=\"elementor-column elementor-col-100 elementor-inner-column elementor-element elementor-element-26dcd0b3\" data-id=\"26dcd0b3\" data-element_type=\"column\" data-e-type=\"column\">\n\t\t\t<div class=\"elementor-widget-wrap elementor-element-populated\">\n\t\t\t\t\t\t<div class=\"elementor-element elementor-element-210bf749 elementor-icon-list--layout-traditional elementor-list-item-link-full_width elementor-widget elementor-widget-icon-list\" data-id=\"210bf749\" data-element_type=\"widget\" data-e-type=\"widget\" data-widget_type=\"icon-list.default\">\n\t\t\t\t<div class=\"elementor-widget-container\">\n\t\t\t\t\t\t\t<ul class=\"elementor-icon-list-items\">\n\t\t\t\t\t\t\t<li class=\"elementor-icon-list-item\">\n\t\t\t\t\t\t\t\t\t\t\t<span class=\"elementor-icon-list-icon\">\n\t\t\t\t\t\t\t<i aria-hidden=\"true\" class=\"fas fa-cloud-download-alt\"><\/i>\t\t\t\t\t\t<\/span>\n\t\t\t\t\t\t\t\t\t\t<span class=\"elementor-icon-list-text\">T\u00e9l\u00e9charger maintenant : <a href=\"https:\/\/remstim.com\/download\/19592\/\">Guide d'auto-coaching EMDR en 6 \u00e9tapes<\/a><\/span>\n\t\t\t\t\t\t\t\t\t<\/li>\n\t\t\t\t\t\t<\/ul>\n\t\t\t\t\t\t<\/div>\n\t\t\t\t<\/div>\n\t\t\t\t\t<\/div>\n\t\t<\/div>\n\t\t\t\t\t<\/div>\n\t\t<\/section>\n\t\t\t\t\t<\/div>\n\t\t<\/div>\n\t\t\t\t\t<\/div>\n\t\t<\/section>\n\t\t\t\t<\/div>\n\t\t\n<hr class=\"divider-html\" style=\"border-top: 1px solid #bbb; margin-top: 30px; margin-bottom: 30px;\">\n","protected":false},"excerpt":{"rendered":"<p>T\u00e9l\u00e9chargez gratuitement le &#8220;Guide de l&#8217;auto-coaching EMDR en 6 \u00e9tapes&#8221; tr\u00e8s complet. Pour l&#8217;auto-coaching avec EMDR, vous trouverez ici des instructions efficaces sur la mani\u00e8re d&#8217;utiliser au mieux l&#8217;auto-coaching EMDR avec le REMSTIM 3000. Comment nous lib\u00e9rer des charges \u00e9motionnelles et du stress et atteindre plus facilement nos objectifs gr\u00e2ce \u00e0 l&#8217;auto-coaching EMDR. L&#8217;utilisation de [&hellip;]<\/p>\n","protected":false},"author":1,"featured_media":0,"parent":11691,"menu_order":7,"comment_status":"closed","ping_status":"closed","template":"","meta":{"_acf_changed":false,"site-sidebar-layout":"default","site-content-layout":"default","ast-site-content-layout":"default","site-content-style":"default","site-sidebar-style":"default","ast-global-header-display":"","ast-banner-title-visibility":"","ast-main-header-display":"","ast-hfb-above-header-display":"","ast-hfb-below-header-display":"","ast-hfb-mobile-header-display":"","site-post-title":"","ast-breadcrumbs-content":"","ast-featured-img":"","footer-sml-layout":"","ast-disable-related-posts":"","theme-transparent-header-meta":"default","adv-header-id-meta":"","stick-header-meta":"default","header-above-stick-meta":"","header-main-stick-meta":"","header-below-stick-meta":"","astra-migrate-meta-layouts":"default","ast-page-background-enabled":"default","ast-page-background-meta":{"desktop":{"background-color":"var(--ast-global-color-4)","background-image":"","background-repeat":"repeat","background-position":"center center","background-size":"auto","background-attachment":"scroll","background-type":"","background-media":"","overlay-type":"","overlay-color":"","overlay-opacity":"","overlay-gradient":""},"tablet":{"background-color":"","background-image":"","background-repeat":"repeat","background-position":"center center","background-size":"auto","background-attachment":"scroll","background-type":"","background-media":"","overlay-type":"","overlay-color":"","overlay-opacity":"","overlay-gradient":""},"mobile":{"background-color":"","background-image":"","background-repeat":"repeat","background-position":"center center","background-size":"auto","background-attachment":"scroll","background-type":"","background-media":"","overlay-type":"","overlay-color":"","overlay-opacity":"","overlay-gradient":""}},"ast-content-background-meta":{"desktop":{"background-color":"var(--ast-global-color-5)","background-image":"","background-repeat":"repeat","background-position":"center center","background-size":"auto","background-attachment":"scroll","background-type":"","background-media":"","overlay-type":"","overlay-color":"","overlay-opacity":"","overlay-gradient":""},"tablet":{"background-color":"var(--ast-global-color-5)","background-image":"","background-repeat":"repeat","background-position":"center center","background-size":"auto","background-attachment":"scroll","background-type":"","background-media":"","overlay-type":"","overlay-color":"","overlay-opacity":"","overlay-gradient":""},"mobile":{"background-color":"var(--ast-global-color-5)","background-image":"","background-repeat":"repeat","background-position":"center center","background-size":"auto","background-attachment":"scroll","background-type":"","background-media":"","overlay-type":"","overlay-color":"","overlay-opacity":"","overlay-gradient":""}},"footnotes":""},"class_list":["post-11731","page","type-page","status-publish","hentry"],"acf":[],"yoast_head":"<!-- This site is optimized with the Yoast SEO plugin v27.3 - https:\/\/yoast.com\/product\/yoast-seo-wordpress\/ -->\n<title>T\u00e9l\u00e9charger le guide d&#039;auto-coaching EMDR en 6 \u00e9tapes<\/title>\n<meta name=\"description\" content=\"Les instructions pour l&#039;auto-coaching EMDR avec le REMSTIM 3000 \u00e0 t\u00e9l\u00e9charger. Le guide simple et utile pour appliquer soi-m\u00eame l&#039;EMDR dans le coaching.\" \/>\n<meta name=\"robots\" content=\"index, follow, max-snippet:-1, max-image-preview:large, max-video-preview:-1\" \/>\n<link rel=\"canonical\" href=\"https:\/\/remstim.com\/fr\/sauto-coacher-en-6-etapes-avec-emdr-grace-a-remstim-3000\/telecharger-le-guide-dauto-coaching-emdr-en-6-etapes\/\" \/>\n<meta property=\"og:locale\" content=\"fr_FR\" \/>\n<meta property=\"og:type\" content=\"article\" \/>\n<meta property=\"og:title\" content=\"T\u00e9l\u00e9charger le guide d&#039;auto-coaching EMDR en 6 \u00e9tapes\" \/>\n<meta property=\"og:description\" content=\"Les instructions pour l&#039;auto-coaching EMDR avec le REMSTIM 3000 \u00e0 t\u00e9l\u00e9charger. Le guide simple et utile pour appliquer soi-m\u00eame l&#039;EMDR dans le coaching.\" \/>\n<meta property=\"og:url\" content=\"https:\/\/remstim.com\/fr\/sauto-coacher-en-6-etapes-avec-emdr-grace-a-remstim-3000\/telecharger-le-guide-dauto-coaching-emdr-en-6-etapes\/\" \/>\n<meta property=\"og:site_name\" content=\"EMDR Ger\u00e4t REMSTIM 3000 gegen Stress\" \/>\n<meta property=\"article:modified_time\" content=\"2023-10-26T16:52:45+00:00\" \/>\n<meta property=\"og:image\" content=\"https:\/\/remstim.com\/wp-content\/uploads\/2023\/06\/Cover_3D_Manual_fr_v594.png\" \/>\n<meta name=\"twitter:label1\" content=\"Dur\u00e9e de lecture estim\u00e9e\" \/>\n\t<meta name=\"twitter:data1\" content=\"2 minutes\" \/>\n<script type=\"application\/ld+json\" class=\"yoast-schema-graph\">{\"@context\":\"https:\\\/\\\/schema.org\",\"@graph\":[{\"@type\":\"WebPage\",\"@id\":\"https:\\\/\\\/remstim.com\\\/fr\\\/sauto-coacher-en-6-etapes-avec-emdr-grace-a-remstim-3000\\\/telecharger-le-guide-dauto-coaching-emdr-en-6-etapes\\\/\",\"url\":\"https:\\\/\\\/remstim.com\\\/fr\\\/sauto-coacher-en-6-etapes-avec-emdr-grace-a-remstim-3000\\\/telecharger-le-guide-dauto-coaching-emdr-en-6-etapes\\\/\",\"name\":\"T\u00e9l\u00e9charger le guide d'auto-coaching EMDR en 6 \u00e9tapes\",\"isPartOf\":{\"@id\":\"https:\\\/\\\/remstim.com\\\/fr\\\/#website\"},\"primaryImageOfPage\":{\"@id\":\"https:\\\/\\\/remstim.com\\\/fr\\\/sauto-coacher-en-6-etapes-avec-emdr-grace-a-remstim-3000\\\/telecharger-le-guide-dauto-coaching-emdr-en-6-etapes\\\/#primaryimage\"},\"image\":{\"@id\":\"https:\\\/\\\/remstim.com\\\/fr\\\/sauto-coacher-en-6-etapes-avec-emdr-grace-a-remstim-3000\\\/telecharger-le-guide-dauto-coaching-emdr-en-6-etapes\\\/#primaryimage\"},\"thumbnailUrl\":\"https:\\\/\\\/remstim.com\\\/wp-content\\\/uploads\\\/2023\\\/06\\\/Cover_3D_Manual_fr_v594.png\",\"datePublished\":\"2011-11-11T11:19:11+00:00\",\"dateModified\":\"2023-10-26T16:52:45+00:00\",\"description\":\"Les instructions pour l'auto-coaching EMDR avec le REMSTIM 3000 \u00e0 t\u00e9l\u00e9charger. Le guide simple et utile pour appliquer soi-m\u00eame l'EMDR dans le coaching.\",\"breadcrumb\":{\"@id\":\"https:\\\/\\\/remstim.com\\\/fr\\\/sauto-coacher-en-6-etapes-avec-emdr-grace-a-remstim-3000\\\/telecharger-le-guide-dauto-coaching-emdr-en-6-etapes\\\/#breadcrumb\"},\"inLanguage\":\"fr-FR\",\"potentialAction\":[{\"@type\":\"ReadAction\",\"target\":[\"https:\\\/\\\/remstim.com\\\/fr\\\/sauto-coacher-en-6-etapes-avec-emdr-grace-a-remstim-3000\\\/telecharger-le-guide-dauto-coaching-emdr-en-6-etapes\\\/\"]}]},{\"@type\":\"ImageObject\",\"inLanguage\":\"fr-FR\",\"@id\":\"https:\\\/\\\/remstim.com\\\/fr\\\/sauto-coacher-en-6-etapes-avec-emdr-grace-a-remstim-3000\\\/telecharger-le-guide-dauto-coaching-emdr-en-6-etapes\\\/#primaryimage\",\"url\":\"https:\\\/\\\/remstim.com\\\/wp-content\\\/uploads\\\/2023\\\/06\\\/Cover_3D_Manual_fr_v594.png\",\"contentUrl\":\"https:\\\/\\\/remstim.com\\\/wp-content\\\/uploads\\\/2023\\\/06\\\/Cover_3D_Manual_fr_v594.png\"},{\"@type\":\"BreadcrumbList\",\"@id\":\"https:\\\/\\\/remstim.com\\\/fr\\\/sauto-coacher-en-6-etapes-avec-emdr-grace-a-remstim-3000\\\/telecharger-le-guide-dauto-coaching-emdr-en-6-etapes\\\/#breadcrumb\",\"itemListElement\":[{\"@type\":\"ListItem\",\"position\":1,\"name\":\"Startseite\",\"item\":\"https:\\\/\\\/remstim.com\\\/fr\\\/\"},{\"@type\":\"ListItem\",\"position\":2,\"name\":\"S&#8217;auto-coacher en 6 \u00e9tapes avec EMDR gr\u00e2ce \u00e0 REMSTIM 3000\",\"item\":\"https:\\\/\\\/remstim.com\\\/fr\\\/sauto-coacher-en-6-etapes-avec-emdr-grace-a-remstim-3000\\\/\"},{\"@type\":\"ListItem\",\"position\":3,\"name\":\"T\u00e9l\u00e9charger le guide d&#8217;auto-coaching EMDR en 6 \u00e9tapes\"}]},{\"@type\":\"WebSite\",\"@id\":\"https:\\\/\\\/remstim.com\\\/fr\\\/#website\",\"url\":\"https:\\\/\\\/remstim.com\\\/fr\\\/\",\"name\":\"EMDR Ger\u00e4t REMSTIM 3000 gegen Stress\",\"description\":\"Wie wir schnell Entspannung finden.\",\"publisher\":{\"@id\":\"https:\\\/\\\/remstim.com\\\/fr\\\/#organization\"},\"potentialAction\":[{\"@type\":\"SearchAction\",\"target\":{\"@type\":\"EntryPoint\",\"urlTemplate\":\"https:\\\/\\\/remstim.com\\\/fr\\\/?s={search_term_string}\"},\"query-input\":{\"@type\":\"PropertyValueSpecification\",\"valueRequired\":true,\"valueName\":\"search_term_string\"}}],\"inLanguage\":\"fr-FR\"},{\"@type\":\"Organization\",\"@id\":\"https:\\\/\\\/remstim.com\\\/fr\\\/#organization\",\"name\":\"EMDR Ger\u00e4t REMSTIM 3000 gegen Stress\",\"url\":\"https:\\\/\\\/remstim.com\\\/fr\\\/\",\"logo\":{\"@type\":\"ImageObject\",\"inLanguage\":\"fr-FR\",\"@id\":\"https:\\\/\\\/remstim.com\\\/fr\\\/#\\\/schema\\\/logo\\\/image\\\/\",\"url\":\"https:\\\/\\\/remstim.com\\\/wp-content\\\/uploads\\\/2012\\\/06\\\/REMSTIM-Logo-mit-Untertitel_orange-e1340382850185.png\",\"contentUrl\":\"https:\\\/\\\/remstim.com\\\/wp-content\\\/uploads\\\/2012\\\/06\\\/REMSTIM-Logo-mit-Untertitel_orange-e1340382850185.png\",\"width\":304,\"height\":80,\"caption\":\"EMDR Ger\u00e4t REMSTIM 3000 gegen Stress\"},\"image\":{\"@id\":\"https:\\\/\\\/remstim.com\\\/fr\\\/#\\\/schema\\\/logo\\\/image\\\/\"}}]}<\/script>\n<!-- \/ Yoast SEO plugin. -->","yoast_head_json":{"title":"T\u00e9l\u00e9charger le guide d'auto-coaching EMDR en 6 \u00e9tapes","description":"Les instructions pour l'auto-coaching EMDR avec le REMSTIM 3000 \u00e0 t\u00e9l\u00e9charger. Le guide simple et utile pour appliquer soi-m\u00eame l'EMDR dans le coaching.","robots":{"index":"index","follow":"follow","max-snippet":"max-snippet:-1","max-image-preview":"max-image-preview:large","max-video-preview":"max-video-preview:-1"},"canonical":"https:\/\/remstim.com\/fr\/sauto-coacher-en-6-etapes-avec-emdr-grace-a-remstim-3000\/telecharger-le-guide-dauto-coaching-emdr-en-6-etapes\/","og_locale":"fr_FR","og_type":"article","og_title":"T\u00e9l\u00e9charger le guide d'auto-coaching EMDR en 6 \u00e9tapes","og_description":"Les instructions pour l'auto-coaching EMDR avec le REMSTIM 3000 \u00e0 t\u00e9l\u00e9charger. Le guide simple et utile pour appliquer soi-m\u00eame l'EMDR dans le coaching.","og_url":"https:\/\/remstim.com\/fr\/sauto-coacher-en-6-etapes-avec-emdr-grace-a-remstim-3000\/telecharger-le-guide-dauto-coaching-emdr-en-6-etapes\/","og_site_name":"EMDR Ger\u00e4t REMSTIM 3000 gegen Stress","article_modified_time":"2023-10-26T16:52:45+00:00","og_image":[{"url":"https:\/\/remstim.com\/wp-content\/uploads\/2023\/06\/Cover_3D_Manual_fr_v594.png","type":"","width":"","height":""}],"twitter_misc":{"Dur\u00e9e de lecture estim\u00e9e":"2 minutes"},"schema":{"@context":"https:\/\/schema.org","@graph":[{"@type":"WebPage","@id":"https:\/\/remstim.com\/fr\/sauto-coacher-en-6-etapes-avec-emdr-grace-a-remstim-3000\/telecharger-le-guide-dauto-coaching-emdr-en-6-etapes\/","url":"https:\/\/remstim.com\/fr\/sauto-coacher-en-6-etapes-avec-emdr-grace-a-remstim-3000\/telecharger-le-guide-dauto-coaching-emdr-en-6-etapes\/","name":"T\u00e9l\u00e9charger le guide d'auto-coaching EMDR en 6 \u00e9tapes","isPartOf":{"@id":"https:\/\/remstim.com\/fr\/#website"},"primaryImageOfPage":{"@id":"https:\/\/remstim.com\/fr\/sauto-coacher-en-6-etapes-avec-emdr-grace-a-remstim-3000\/telecharger-le-guide-dauto-coaching-emdr-en-6-etapes\/#primaryimage"},"image":{"@id":"https:\/\/remstim.com\/fr\/sauto-coacher-en-6-etapes-avec-emdr-grace-a-remstim-3000\/telecharger-le-guide-dauto-coaching-emdr-en-6-etapes\/#primaryimage"},"thumbnailUrl":"https:\/\/remstim.com\/wp-content\/uploads\/2023\/06\/Cover_3D_Manual_fr_v594.png","datePublished":"2011-11-11T11:19:11+00:00","dateModified":"2023-10-26T16:52:45+00:00","description":"Les instructions pour l'auto-coaching EMDR avec le REMSTIM 3000 \u00e0 t\u00e9l\u00e9charger. Le guide simple et utile pour appliquer soi-m\u00eame l'EMDR dans le coaching.","breadcrumb":{"@id":"https:\/\/remstim.com\/fr\/sauto-coacher-en-6-etapes-avec-emdr-grace-a-remstim-3000\/telecharger-le-guide-dauto-coaching-emdr-en-6-etapes\/#breadcrumb"},"inLanguage":"fr-FR","potentialAction":[{"@type":"ReadAction","target":["https:\/\/remstim.com\/fr\/sauto-coacher-en-6-etapes-avec-emdr-grace-a-remstim-3000\/telecharger-le-guide-dauto-coaching-emdr-en-6-etapes\/"]}]},{"@type":"ImageObject","inLanguage":"fr-FR","@id":"https:\/\/remstim.com\/fr\/sauto-coacher-en-6-etapes-avec-emdr-grace-a-remstim-3000\/telecharger-le-guide-dauto-coaching-emdr-en-6-etapes\/#primaryimage","url":"https:\/\/remstim.com\/wp-content\/uploads\/2023\/06\/Cover_3D_Manual_fr_v594.png","contentUrl":"https:\/\/remstim.com\/wp-content\/uploads\/2023\/06\/Cover_3D_Manual_fr_v594.png"},{"@type":"BreadcrumbList","@id":"https:\/\/remstim.com\/fr\/sauto-coacher-en-6-etapes-avec-emdr-grace-a-remstim-3000\/telecharger-le-guide-dauto-coaching-emdr-en-6-etapes\/#breadcrumb","itemListElement":[{"@type":"ListItem","position":1,"name":"Startseite","item":"https:\/\/remstim.com\/fr\/"},{"@type":"ListItem","position":2,"name":"S&#8217;auto-coacher en 6 \u00e9tapes avec EMDR gr\u00e2ce \u00e0 REMSTIM 3000","item":"https:\/\/remstim.com\/fr\/sauto-coacher-en-6-etapes-avec-emdr-grace-a-remstim-3000\/"},{"@type":"ListItem","position":3,"name":"T\u00e9l\u00e9charger le guide d&#8217;auto-coaching EMDR en 6 \u00e9tapes"}]},{"@type":"WebSite","@id":"https:\/\/remstim.com\/fr\/#website","url":"https:\/\/remstim.com\/fr\/","name":"EMDR Ger\u00e4t REMSTIM 3000 gegen Stress","description":"Wie wir schnell Entspannung finden.","publisher":{"@id":"https:\/\/remstim.com\/fr\/#organization"},"potentialAction":[{"@type":"SearchAction","target":{"@type":"EntryPoint","urlTemplate":"https:\/\/remstim.com\/fr\/?s={search_term_string}"},"query-input":{"@type":"PropertyValueSpecification","valueRequired":true,"valueName":"search_term_string"}}],"inLanguage":"fr-FR"},{"@type":"Organization","@id":"https:\/\/remstim.com\/fr\/#organization","name":"EMDR Ger\u00e4t REMSTIM 3000 gegen Stress","url":"https:\/\/remstim.com\/fr\/","logo":{"@type":"ImageObject","inLanguage":"fr-FR","@id":"https:\/\/remstim.com\/fr\/#\/schema\/logo\/image\/","url":"https:\/\/remstim.com\/wp-content\/uploads\/2012\/06\/REMSTIM-Logo-mit-Untertitel_orange-e1340382850185.png","contentUrl":"https:\/\/remstim.com\/wp-content\/uploads\/2012\/06\/REMSTIM-Logo-mit-Untertitel_orange-e1340382850185.png","width":304,"height":80,"caption":"EMDR Ger\u00e4t REMSTIM 3000 gegen Stress"},"image":{"@id":"https:\/\/remstim.com\/fr\/#\/schema\/logo\/image\/"}}]}},"_links":{"self":[{"href":"https:\/\/remstim.com\/fr\/wp-json\/wp\/v2\/pages\/11731","targetHints":{"allow":["GET"]}}],"collection":[{"href":"https:\/\/remstim.com\/fr\/wp-json\/wp\/v2\/pages"}],"about":[{"href":"https:\/\/remstim.com\/fr\/wp-json\/wp\/v2\/types\/page"}],"author":[{"embeddable":true,"href":"https:\/\/remstim.com\/fr\/wp-json\/wp\/v2\/users\/1"}],"replies":[{"embeddable":true,"href":"https:\/\/remstim.com\/fr\/wp-json\/wp\/v2\/comments?post=11731"}],"version-history":[{"count":1,"href":"https:\/\/remstim.com\/fr\/wp-json\/wp\/v2\/pages\/11731\/revisions"}],"predecessor-version":[{"id":25764,"href":"https:\/\/remstim.com\/fr\/wp-json\/wp\/v2\/pages\/11731\/revisions\/25764"}],"up":[{"embeddable":true,"href":"https:\/\/remstim.com\/fr\/wp-json\/wp\/v2\/pages\/11691"}],"wp:attachment":[{"href":"https:\/\/remstim.com\/fr\/wp-json\/wp\/v2\/media?parent=11731"}],"curies":[{"name":"wp","href":"https:\/\/api.w.org\/{rel}","templated":true}]}}