{"id":11735,"date":"2011-11-05T15:31:48","date_gmt":"2011-11-05T15:31:48","guid":{"rendered":"https:\/\/remstim.de\/sauto-coacher-en-6-etapes-avec-emdr-grace-a-remstim-3000\/5e-etape-de-lauto-coaching-emdr-decouvrir-et-traiter-les-sensations-residuelles\/"},"modified":"2023-09-15T07:39:51","modified_gmt":"2023-09-15T07:39:51","slug":"5e-etape-de-lauto-coaching-emdr-decouvrir-et-traiter-les-sensations-residuelles","status":"publish","type":"page","link":"https:\/\/remstim.com\/fr\/sauto-coacher-en-6-etapes-avec-emdr-grace-a-remstim-3000\/5e-etape-de-lauto-coaching-emdr-decouvrir-et-traiter-les-sensations-residuelles\/","title":{"rendered":"5e \u00e9tape de l&#8217;auto-coaching EMDR : D\u00e9couvrir et traiter les sensations r\u00e9siduelles"},"content":{"rendered":"<p>Retour \u00e0 la <a title=\"4e \u00e9tape de l'auto-coaching : l'intervention avec le REMSTIM 3000 (Processing)\" href=\"https:\/\/remstim.com\/fr\/sauto-coacher-en-6-etapes-avec-emdr-grace-a-remstim-3000\/4eme-etape-de-lauto-coaching-emdr-lintervention-avec-le-remstim-3000-processing\/\">4e \u00e9tape de l&#8217;auto-coaching : l&#8217;intervention (processing)..<\/a>.<br \/>\n&nbsp;<br \/>\n\t\t<div data-elementor-type=\"section\" data-elementor-id=\"13906\" class=\"elementor elementor-13906 elementor-9822\" data-elementor-post-type=\"elementor_library\">\n\t\t\t\t\t<section class=\"elementor-section elementor-top-section elementor-element elementor-element-6bb400c3 elementor-section-full_width elementor-section-height-default elementor-section-height-default\" data-id=\"6bb400c3\" data-element_type=\"section\" data-e-type=\"section\">\n\t\t\t\t\t\t<div class=\"elementor-container elementor-column-gap-default\">\n\t\t\t\t\t<div class=\"elementor-column elementor-col-100 elementor-top-column elementor-element elementor-element-5fbd5884\" data-id=\"5fbd5884\" data-element_type=\"column\" data-e-type=\"column\">\n\t\t\t<div class=\"elementor-widget-wrap elementor-element-populated\">\n\t\t\t\t\t\t<section class=\"elementor-section elementor-inner-section elementor-element elementor-element-476ac96d elementor-section-full_width elementor-section-height-default elementor-section-height-default\" data-id=\"476ac96d\" data-element_type=\"section\" data-e-type=\"section\">\n\t\t\t\t\t\t<div class=\"elementor-container elementor-column-gap-default\">\n\t\t\t\t\t<div class=\"elementor-column elementor-col-100 elementor-inner-column elementor-element elementor-element-66068955\" data-id=\"66068955\" data-element_type=\"column\" data-e-type=\"column\">\n\t\t\t<div class=\"elementor-widget-wrap elementor-element-populated\">\n\t\t\t\t\t\t<div class=\"elementor-element elementor-element-6864d3f2 elementor-widget elementor-widget-heading\" data-id=\"6864d3f2\" data-element_type=\"widget\" data-e-type=\"widget\" data-widget_type=\"heading.default\">\n\t\t\t\t<div class=\"elementor-widget-container\">\n\t\t\t\t\t<h2 class=\"elementor-heading-title elementor-size-default\">5e \u00e9tape de l'auto-coaching EMDR avec le REMSTIM 3000 :\nD\u00e9couvrir et traiter les sensations r\u00e9siduelles<\/h2>\t\t\t\t<\/div>\n\t\t\t\t<\/div>\n\t\t\t\t<div class=\"elementor-element elementor-element-7e04f4b2 elementor-icon-list--layout-traditional elementor-list-item-link-full_width elementor-widget elementor-widget-icon-list\" data-id=\"7e04f4b2\" data-element_type=\"widget\" data-e-type=\"widget\" data-widget_type=\"icon-list.default\">\n\t\t\t\t<div class=\"elementor-widget-container\">\n\t\t\t\t\t\t\t<ul class=\"elementor-icon-list-items\">\n\t\t\t\t\t\t\t<li class=\"elementor-icon-list-item\">\n\t\t\t\t\t\t\t\t\t\t\t<span class=\"elementor-icon-list-icon\">\n\t\t\t\t\t\t\t<i aria-hidden=\"true\" class=\"fas fa-arrow-right\"><\/i>\t\t\t\t\t\t<\/span>\n\t\t\t\t\t\t\t\t\t\t<span class=\"elementor-icon-list-text\">Pense \u00e0 ton sujet. Cherche et sens les petites sensations r\u00e9siduelles. Si tu trouves ce que tu cherches, interviens \u00e0 nouveau avec le REMSTIM 3000 comme d\u00e9crit \u00e0 l'\u00e9tape <a href=\"https:\/\/remstim.com\/fr\/sauto-coacher-en-6-etapes-avec-emdr-grace-a-remstim-3000\/4eme-etape-de-lauto-coaching-emdr-lintervention-avec-le-remstim-3000-processing\/\">4 jusqu'\u00e0<\/a> obtenir le meilleur r\u00e9sultat possible.<\/span>\n\t\t\t\t\t\t\t\t\t<\/li>\n\t\t\t\t\t\t<\/ul>\n\t\t\t\t\t\t<\/div>\n\t\t\t\t<\/div>\n\t\t\t\t\t<\/div>\n\t\t<\/div>\n\t\t\t\t\t<\/div>\n\t\t<\/section>\n\t\t\t\t\t<\/div>\n\t\t<\/div>\n\t\t\t\t\t<\/div>\n\t\t<\/section>\n\t\t\t\t<\/div>\n\t\t\n&nbsp;<br \/>\nPasser \u00e0 la <a title=\"6e \u00e9tape de l'autocoaching : l'ancrage pour conclure\" href=\"https:\/\/remstim.com\/fr\/sauto-coacher-en-6-etapes-avec-emdr-grace-a-remstim-3000\/6e-etape-de-lauto-coaching-emdr-lancrage-pour-conclure\/\">6e \u00e9tape de l&#8217;auto-coaching : l&#8217;ancrage pour conclure..<\/a>.<\/p>\n<p><span style=\"text-decoration: underline;\"><strong>Conseils utiles :<\/strong><\/span><\/p>\n<h2>Body-Scan II : Red\u00e9finir ses sensations corporelles lors de l&#8217;auto-coaching avec EMDR<\/h2>\n<p>La 5e \u00e9tape (Body Scan II) r\u00e9p\u00e8te la <a title=\"3\u00e8me \u00e9tape de l'auto-coaching EMDR : d\u00e9terminer les sensations corporelles\" href=\"https:\/\/remstim.com\/fr\/sauto-coacher-en-6-etapes-avec-emdr-grace-a-remstim-3000\/3e-etape-de-lauto-coaching-emdr-determiner-les-sensations-corporelles\/\">3e \u00e9tape (Body Scan I)<\/a>, car apr\u00e8s l&#8217;intervention avec la stimulation visuelle bilat\u00e9rale de la m\u00e9thode EMDR, il est n\u00e9cessaire, pour une r\u00e9alisation compl\u00e8te du processus d&#8217;auto-coaching, de rechercher les sensations r\u00e9siduelles avec un autre Body Scan. Il s&#8217;agit ensuite de dissoudre ces sensations r\u00e9siduelles en r\u00e9p\u00e9tant la <a title=\"4e \u00e9tape de l'auto-coaching EMDR : l'intervention avec le REMSTIM 3000 (Processing)\" href=\"https:\/\/remstim.com\/fr\/sauto-coacher-en-6-etapes-avec-emdr-grace-a-remstim-3000\/4eme-etape-de-lauto-coaching-emdr-lintervention-avec-le-remstim-3000-processing\/\">4e \u00e9tape, l&#8217;intervention<\/a>, et de les int\u00e9grer sainement dans notre bagage d&#8217;exp\u00e9riences.<\/p>\n<p>Note que tu peux effectuer le processus d&#8217;intervention plusieurs fois de suite afin d&#8217;\u00e9liminer progressivement tes sensations r\u00e9siduelles. Fais une pause apr\u00e8s chaque s\u00e9rie de trois <a title=\"Stimulation du mouvement rapide des yeux\" href=\"https:\/\/remstim.com\/fr\/bases-pour-lapplication-de-lemdr-dans-le-coaching-avec-le-remstim-3000\/stimulation-du-mouvement-rapide-des-yeux\/\">stimulations rapides du mouvement oculaire<\/a>.<\/p>\n<p>Si tes sensations r\u00e9siduelles ne se dissolvent pas compl\u00e8tement dans cette s\u00e9ance d&#8217;auto-coaching EMDR ou si elles ne se transforment pas en une perception agr\u00e9able, il peut \u00eatre utile de passer \u00e0 l&#8217;<a title=\"6e \u00e9tape de l'auto-coaching EMDR : l'ancrage pour conclure\" href=\"https:\/\/remstim.com\/fr\/sauto-coacher-en-6-etapes-avec-emdr-grace-a-remstim-3000\/6e-etape-de-lauto-coaching-emdr-lancrage-pour-conclure\/\">\u00e9tape 6<\/a>, \u00e0 condition que tes sensations r\u00e9siduelles restent dans des limites supportables. La <a title=\"6e \u00e9tape de l'auto-coaching EMDR : l'ancrage pour conclure\" href=\"https:\/\/remstim.com\/fr\/sauto-coacher-en-6-etapes-avec-emdr-grace-a-remstim-3000\/6e-etape-de-lauto-coaching-emdr-lancrage-pour-conclure\/\">derni\u00e8re \u00e9tape &#8211; \u00e9tape 6<\/a> &#8211; cl\u00f4t cette session. L&#8217;<a title=\"4e \u00e9tape de l'auto-coaching EMDR : l'intervention avec le REMSTIM 3000 (Processing)\" href=\"https:\/\/remstim.com\/fr\/sauto-coacher-en-6-etapes-avec-emdr-grace-a-remstim-3000\/4eme-etape-de-lauto-coaching-emdr-lintervention-avec-le-remstim-3000-processing\/\">intervention EMDR<\/a> d\u00e9clenche, elle ouvre la voie aux processus de traitement normaux de notre corps. Le temps qui suit, en particulier le repos nocturne avec ses phases de sommeil paradoxal, parvient ainsi r\u00e9guli\u00e8rement \u00e0 dissoudre compl\u00e8tement les marqueurs \u00e9motionnels restants du th\u00e8me personnel impliqu\u00e9 dans de nombreux cas.<\/p>\n<p>Si le sujet est toujours aussi pr\u00e9sent le lendemain, tu peux le coacher \u00e0 nouveau toi-m\u00eame avec une autre s\u00e9ance.<\/p>\n","protected":false},"excerpt":{"rendered":"<p>Retour \u00e0 la 4e \u00e9tape de l&#8217;auto-coaching : l&#8217;intervention (processing)&#8230; &nbsp; &nbsp; Passer \u00e0 la 6e \u00e9tape de l&#8217;auto-coaching : l&#8217;ancrage pour conclure&#8230; Conseils utiles : Body-Scan II : Red\u00e9finir ses sensations corporelles lors de l&#8217;auto-coaching avec EMDR La 5e \u00e9tape (Body Scan II) r\u00e9p\u00e8te la 3e \u00e9tape (Body Scan I), car apr\u00e8s l&#8217;intervention avec [&hellip;]<\/p>\n","protected":false},"author":1,"featured_media":0,"parent":11691,"menu_order":5,"comment_status":"closed","ping_status":"closed","template":"","meta":{"_acf_changed":false,"site-sidebar-layout":"default","site-content-layout":"default","ast-site-content-layout":"default","site-content-style":"default","site-sidebar-style":"default","ast-global-header-display":"","ast-banner-title-visibility":"","ast-main-header-display":"","ast-hfb-above-header-display":"","ast-hfb-below-header-display":"","ast-hfb-mobile-header-display":"","site-post-title":"","ast-breadcrumbs-content":"","ast-featured-img":"","footer-sml-layout":"","ast-disable-related-posts":"","theme-transparent-header-meta":"default","adv-header-id-meta":"","stick-header-meta":"default","header-above-stick-meta":"","header-main-stick-meta":"","header-below-stick-meta":"","astra-migrate-meta-layouts":"default","ast-page-background-enabled":"default","ast-page-background-meta":{"desktop":{"background-color":"var(--ast-global-color-4)","background-image":"","background-repeat":"repeat","background-position":"center center","background-size":"auto","background-attachment":"scroll","background-type":"","background-media":"","overlay-type":"","overlay-color":"","overlay-opacity":"","overlay-gradient":""},"tablet":{"background-color":"","background-image":"","background-repeat":"repeat","background-position":"center center","background-size":"auto","background-attachment":"scroll","background-type":"","background-media":"","overlay-type":"","overlay-color":"","overlay-opacity":"","overlay-gradient":""},"mobile":{"background-color":"","background-image":"","background-repeat":"repeat","background-position":"center center","background-size":"auto","background-attachment":"scroll","background-type":"","background-media":"","overlay-type":"","overlay-color":"","overlay-opacity":"","overlay-gradient":""}},"ast-content-background-meta":{"desktop":{"background-color":"var(--ast-global-color-5)","background-image":"","background-repeat":"repeat","background-position":"center center","background-size":"auto","background-attachment":"scroll","background-type":"","background-media":"","overlay-type":"","overlay-color":"","overlay-opacity":"","overlay-gradient":""},"tablet":{"background-color":"var(--ast-global-color-5)","background-image":"","background-repeat":"repeat","background-position":"center center","background-size":"auto","background-attachment":"scroll","background-type":"","background-media":"","overlay-type":"","overlay-color":"","overlay-opacity":"","overlay-gradient":""},"mobile":{"background-color":"var(--ast-global-color-5)","background-image":"","background-repeat":"repeat","background-position":"center center","background-size":"auto","background-attachment":"scroll","background-type":"","background-media":"","overlay-type":"","overlay-color":"","overlay-opacity":"","overlay-gradient":""}},"footnotes":""},"class_list":["post-11735","page","type-page","status-publish","hentry"],"acf":[],"yoast_head":"<!-- This site is optimized with the Yoast SEO plugin v27.3 - https:\/\/yoast.com\/product\/yoast-seo-wordpress\/ -->\n<title>5e \u00e9tape de l&#039;auto-coaching EMDR : traiter les sensations r\u00e9siduelles<\/title>\n<meta name=\"description\" content=\"Dans la 5e \u00e9tape de l&#039;auto-coaching EMDR avec le REMSTIM 3000, les sensations r\u00e9siduelles sont mises en \u00e9vidence et trait\u00e9es jusqu&#039;\u00e0 obtenir le meilleur r\u00e9sultat.\" \/>\n<meta name=\"robots\" content=\"index, follow, max-snippet:-1, max-image-preview:large, max-video-preview:-1\" \/>\n<link rel=\"canonical\" href=\"https:\/\/remstim.com\/fr\/sauto-coacher-en-6-etapes-avec-emdr-grace-a-remstim-3000\/5e-etape-de-lauto-coaching-emdr-decouvrir-et-traiter-les-sensations-residuelles\/\" \/>\n<meta property=\"og:locale\" content=\"fr_FR\" \/>\n<meta property=\"og:type\" content=\"article\" \/>\n<meta property=\"og:title\" content=\"5e \u00e9tape de l&#039;auto-coaching EMDR : traiter les sensations r\u00e9siduelles\" \/>\n<meta property=\"og:description\" content=\"Dans la 5e \u00e9tape de l&#039;auto-coaching EMDR avec le REMSTIM 3000, les sensations r\u00e9siduelles sont mises en \u00e9vidence et trait\u00e9es jusqu&#039;\u00e0 obtenir le meilleur r\u00e9sultat.\" \/>\n<meta property=\"og:url\" content=\"https:\/\/remstim.com\/fr\/sauto-coacher-en-6-etapes-avec-emdr-grace-a-remstim-3000\/5e-etape-de-lauto-coaching-emdr-decouvrir-et-traiter-les-sensations-residuelles\/\" \/>\n<meta property=\"og:site_name\" content=\"EMDR Ger\u00e4t REMSTIM 3000 gegen Stress\" \/>\n<meta property=\"article:modified_time\" content=\"2023-09-15T07:39:51+00:00\" \/>\n<meta name=\"twitter:label1\" content=\"Dur\u00e9e de lecture estim\u00e9e\" \/>\n\t<meta name=\"twitter:data1\" content=\"2 minutes\" \/>\n<script type=\"application\/ld+json\" class=\"yoast-schema-graph\">{\"@context\":\"https:\\\/\\\/schema.org\",\"@graph\":[{\"@type\":\"WebPage\",\"@id\":\"https:\\\/\\\/remstim.com\\\/fr\\\/sauto-coacher-en-6-etapes-avec-emdr-grace-a-remstim-3000\\\/5e-etape-de-lauto-coaching-emdr-decouvrir-et-traiter-les-sensations-residuelles\\\/\",\"url\":\"https:\\\/\\\/remstim.com\\\/fr\\\/sauto-coacher-en-6-etapes-avec-emdr-grace-a-remstim-3000\\\/5e-etape-de-lauto-coaching-emdr-decouvrir-et-traiter-les-sensations-residuelles\\\/\",\"name\":\"5e \u00e9tape de l'auto-coaching EMDR : traiter les sensations r\u00e9siduelles\",\"isPartOf\":{\"@id\":\"https:\\\/\\\/remstim.com\\\/fr\\\/#website\"},\"datePublished\":\"2011-11-05T15:31:48+00:00\",\"dateModified\":\"2023-09-15T07:39:51+00:00\",\"description\":\"Dans la 5e \u00e9tape de l'auto-coaching EMDR avec le REMSTIM 3000, les sensations r\u00e9siduelles sont mises en \u00e9vidence et trait\u00e9es jusqu'\u00e0 obtenir le meilleur r\u00e9sultat.\",\"breadcrumb\":{\"@id\":\"https:\\\/\\\/remstim.com\\\/fr\\\/sauto-coacher-en-6-etapes-avec-emdr-grace-a-remstim-3000\\\/5e-etape-de-lauto-coaching-emdr-decouvrir-et-traiter-les-sensations-residuelles\\\/#breadcrumb\"},\"inLanguage\":\"fr-FR\",\"potentialAction\":[{\"@type\":\"ReadAction\",\"target\":[\"https:\\\/\\\/remstim.com\\\/fr\\\/sauto-coacher-en-6-etapes-avec-emdr-grace-a-remstim-3000\\\/5e-etape-de-lauto-coaching-emdr-decouvrir-et-traiter-les-sensations-residuelles\\\/\"]}]},{\"@type\":\"BreadcrumbList\",\"@id\":\"https:\\\/\\\/remstim.com\\\/fr\\\/sauto-coacher-en-6-etapes-avec-emdr-grace-a-remstim-3000\\\/5e-etape-de-lauto-coaching-emdr-decouvrir-et-traiter-les-sensations-residuelles\\\/#breadcrumb\",\"itemListElement\":[{\"@type\":\"ListItem\",\"position\":1,\"name\":\"Startseite\",\"item\":\"https:\\\/\\\/remstim.com\\\/fr\\\/\"},{\"@type\":\"ListItem\",\"position\":2,\"name\":\"S&#8217;auto-coacher en 6 \u00e9tapes avec EMDR gr\u00e2ce \u00e0 REMSTIM 3000\",\"item\":\"https:\\\/\\\/remstim.com\\\/fr\\\/sauto-coacher-en-6-etapes-avec-emdr-grace-a-remstim-3000\\\/\"},{\"@type\":\"ListItem\",\"position\":3,\"name\":\"5e \u00e9tape de l&#8217;auto-coaching EMDR : D\u00e9couvrir et traiter les sensations r\u00e9siduelles\"}]},{\"@type\":\"WebSite\",\"@id\":\"https:\\\/\\\/remstim.com\\\/fr\\\/#website\",\"url\":\"https:\\\/\\\/remstim.com\\\/fr\\\/\",\"name\":\"EMDR Ger\u00e4t REMSTIM 3000 gegen Stress\",\"description\":\"Wie wir schnell Entspannung finden.\",\"publisher\":{\"@id\":\"https:\\\/\\\/remstim.com\\\/fr\\\/#organization\"},\"potentialAction\":[{\"@type\":\"SearchAction\",\"target\":{\"@type\":\"EntryPoint\",\"urlTemplate\":\"https:\\\/\\\/remstim.com\\\/fr\\\/?s={search_term_string}\"},\"query-input\":{\"@type\":\"PropertyValueSpecification\",\"valueRequired\":true,\"valueName\":\"search_term_string\"}}],\"inLanguage\":\"fr-FR\"},{\"@type\":\"Organization\",\"@id\":\"https:\\\/\\\/remstim.com\\\/fr\\\/#organization\",\"name\":\"EMDR Ger\u00e4t REMSTIM 3000 gegen Stress\",\"url\":\"https:\\\/\\\/remstim.com\\\/fr\\\/\",\"logo\":{\"@type\":\"ImageObject\",\"inLanguage\":\"fr-FR\",\"@id\":\"https:\\\/\\\/remstim.com\\\/fr\\\/#\\\/schema\\\/logo\\\/image\\\/\",\"url\":\"https:\\\/\\\/remstim.com\\\/wp-content\\\/uploads\\\/2012\\\/06\\\/REMSTIM-Logo-mit-Untertitel_orange-e1340382850185.png\",\"contentUrl\":\"https:\\\/\\\/remstim.com\\\/wp-content\\\/uploads\\\/2012\\\/06\\\/REMSTIM-Logo-mit-Untertitel_orange-e1340382850185.png\",\"width\":304,\"height\":80,\"caption\":\"EMDR Ger\u00e4t REMSTIM 3000 gegen Stress\"},\"image\":{\"@id\":\"https:\\\/\\\/remstim.com\\\/fr\\\/#\\\/schema\\\/logo\\\/image\\\/\"}}]}<\/script>\n<!-- \/ Yoast SEO plugin. -->","yoast_head_json":{"title":"5e \u00e9tape de l'auto-coaching EMDR : traiter les sensations r\u00e9siduelles","description":"Dans la 5e \u00e9tape de l'auto-coaching EMDR avec le REMSTIM 3000, les sensations r\u00e9siduelles sont mises en \u00e9vidence et trait\u00e9es jusqu'\u00e0 obtenir le meilleur r\u00e9sultat.","robots":{"index":"index","follow":"follow","max-snippet":"max-snippet:-1","max-image-preview":"max-image-preview:large","max-video-preview":"max-video-preview:-1"},"canonical":"https:\/\/remstim.com\/fr\/sauto-coacher-en-6-etapes-avec-emdr-grace-a-remstim-3000\/5e-etape-de-lauto-coaching-emdr-decouvrir-et-traiter-les-sensations-residuelles\/","og_locale":"fr_FR","og_type":"article","og_title":"5e \u00e9tape de l'auto-coaching EMDR : traiter les sensations r\u00e9siduelles","og_description":"Dans la 5e \u00e9tape de l'auto-coaching EMDR avec le REMSTIM 3000, les sensations r\u00e9siduelles sont mises en \u00e9vidence et trait\u00e9es jusqu'\u00e0 obtenir le meilleur r\u00e9sultat.","og_url":"https:\/\/remstim.com\/fr\/sauto-coacher-en-6-etapes-avec-emdr-grace-a-remstim-3000\/5e-etape-de-lauto-coaching-emdr-decouvrir-et-traiter-les-sensations-residuelles\/","og_site_name":"EMDR Ger\u00e4t REMSTIM 3000 gegen Stress","article_modified_time":"2023-09-15T07:39:51+00:00","twitter_misc":{"Dur\u00e9e de lecture estim\u00e9e":"2 minutes"},"schema":{"@context":"https:\/\/schema.org","@graph":[{"@type":"WebPage","@id":"https:\/\/remstim.com\/fr\/sauto-coacher-en-6-etapes-avec-emdr-grace-a-remstim-3000\/5e-etape-de-lauto-coaching-emdr-decouvrir-et-traiter-les-sensations-residuelles\/","url":"https:\/\/remstim.com\/fr\/sauto-coacher-en-6-etapes-avec-emdr-grace-a-remstim-3000\/5e-etape-de-lauto-coaching-emdr-decouvrir-et-traiter-les-sensations-residuelles\/","name":"5e \u00e9tape de l'auto-coaching EMDR : traiter les sensations r\u00e9siduelles","isPartOf":{"@id":"https:\/\/remstim.com\/fr\/#website"},"datePublished":"2011-11-05T15:31:48+00:00","dateModified":"2023-09-15T07:39:51+00:00","description":"Dans la 5e \u00e9tape de l'auto-coaching EMDR avec le REMSTIM 3000, les sensations r\u00e9siduelles sont mises en \u00e9vidence et trait\u00e9es jusqu'\u00e0 obtenir le meilleur r\u00e9sultat.","breadcrumb":{"@id":"https:\/\/remstim.com\/fr\/sauto-coacher-en-6-etapes-avec-emdr-grace-a-remstim-3000\/5e-etape-de-lauto-coaching-emdr-decouvrir-et-traiter-les-sensations-residuelles\/#breadcrumb"},"inLanguage":"fr-FR","potentialAction":[{"@type":"ReadAction","target":["https:\/\/remstim.com\/fr\/sauto-coacher-en-6-etapes-avec-emdr-grace-a-remstim-3000\/5e-etape-de-lauto-coaching-emdr-decouvrir-et-traiter-les-sensations-residuelles\/"]}]},{"@type":"BreadcrumbList","@id":"https:\/\/remstim.com\/fr\/sauto-coacher-en-6-etapes-avec-emdr-grace-a-remstim-3000\/5e-etape-de-lauto-coaching-emdr-decouvrir-et-traiter-les-sensations-residuelles\/#breadcrumb","itemListElement":[{"@type":"ListItem","position":1,"name":"Startseite","item":"https:\/\/remstim.com\/fr\/"},{"@type":"ListItem","position":2,"name":"S&#8217;auto-coacher en 6 \u00e9tapes avec EMDR gr\u00e2ce \u00e0 REMSTIM 3000","item":"https:\/\/remstim.com\/fr\/sauto-coacher-en-6-etapes-avec-emdr-grace-a-remstim-3000\/"},{"@type":"ListItem","position":3,"name":"5e \u00e9tape de l&#8217;auto-coaching EMDR : D\u00e9couvrir et traiter les sensations r\u00e9siduelles"}]},{"@type":"WebSite","@id":"https:\/\/remstim.com\/fr\/#website","url":"https:\/\/remstim.com\/fr\/","name":"EMDR Ger\u00e4t REMSTIM 3000 gegen Stress","description":"Wie wir schnell Entspannung finden.","publisher":{"@id":"https:\/\/remstim.com\/fr\/#organization"},"potentialAction":[{"@type":"SearchAction","target":{"@type":"EntryPoint","urlTemplate":"https:\/\/remstim.com\/fr\/?s={search_term_string}"},"query-input":{"@type":"PropertyValueSpecification","valueRequired":true,"valueName":"search_term_string"}}],"inLanguage":"fr-FR"},{"@type":"Organization","@id":"https:\/\/remstim.com\/fr\/#organization","name":"EMDR Ger\u00e4t REMSTIM 3000 gegen Stress","url":"https:\/\/remstim.com\/fr\/","logo":{"@type":"ImageObject","inLanguage":"fr-FR","@id":"https:\/\/remstim.com\/fr\/#\/schema\/logo\/image\/","url":"https:\/\/remstim.com\/wp-content\/uploads\/2012\/06\/REMSTIM-Logo-mit-Untertitel_orange-e1340382850185.png","contentUrl":"https:\/\/remstim.com\/wp-content\/uploads\/2012\/06\/REMSTIM-Logo-mit-Untertitel_orange-e1340382850185.png","width":304,"height":80,"caption":"EMDR Ger\u00e4t REMSTIM 3000 gegen Stress"},"image":{"@id":"https:\/\/remstim.com\/fr\/#\/schema\/logo\/image\/"}}]}},"_links":{"self":[{"href":"https:\/\/remstim.com\/fr\/wp-json\/wp\/v2\/pages\/11735","targetHints":{"allow":["GET"]}}],"collection":[{"href":"https:\/\/remstim.com\/fr\/wp-json\/wp\/v2\/pages"}],"about":[{"href":"https:\/\/remstim.com\/fr\/wp-json\/wp\/v2\/types\/page"}],"author":[{"embeddable":true,"href":"https:\/\/remstim.com\/fr\/wp-json\/wp\/v2\/users\/1"}],"replies":[{"embeddable":true,"href":"https:\/\/remstim.com\/fr\/wp-json\/wp\/v2\/comments?post=11735"}],"version-history":[{"count":0,"href":"https:\/\/remstim.com\/fr\/wp-json\/wp\/v2\/pages\/11735\/revisions"}],"up":[{"embeddable":true,"href":"https:\/\/remstim.com\/fr\/wp-json\/wp\/v2\/pages\/11691"}],"wp:attachment":[{"href":"https:\/\/remstim.com\/fr\/wp-json\/wp\/v2\/media?parent=11735"}],"curies":[{"name":"wp","href":"https:\/\/api.w.org\/{rel}","templated":true}]}}