{"id":11754,"date":"2011-05-03T15:42:43","date_gmt":"2011-05-03T15:42:43","guid":{"rendered":"https:\/\/remstim.de\/creer-une-clarte-dobjectif-resoudre-les-conflits\/"},"modified":"2023-09-14T15:30:35","modified_gmt":"2023-09-14T15:30:35","slug":"creer-une-clarte-dobjectif-resoudre-les-conflits","status":"publish","type":"page","link":"https:\/\/remstim.com\/fr\/domaines-dapplication-de-lemdr-dans-le-coaching\/creer-une-clarte-dobjectif-resoudre-les-conflits\/","title":{"rendered":"Cr\u00e9er une clart\u00e9 d&#8217;objectif &amp; r\u00e9soudre les conflits"},"content":{"rendered":"<h1 style=\"text-align: justify;\">Utiliser l&#8217;EMDR en auto-coaching pour clarifier les objectifs et r\u00e9soudre les conflits<\/h1>\n<p style=\"text-align: justify;\">Avoir un objectif clair devant soi est un sentiment sublime et motivant. La vision d&#8217;un avenir diff\u00e9rent joue un r\u00f4le d\u00e9cisif. On transforme soi-m\u00eame son environnement pour atteindre l&#8217;\u00e9tat souhait\u00e9. Le simple fait d&#8217;imaginer comment, gr\u00e2ce \u00e0 l&#8217;action personnelle, le changement, l&#8217;\u00e9tat final positif, est atteint, rend fier.<\/p>\n<p style=\"text-align: justify;\">Un objectif se forme dans notre esprit : Nous voyons dans notre esprit le d\u00e9lai dans lequel nous voulons l&#8217;atteindre. Nous fixons des objectifs partiels et leur degr\u00e9 de r\u00e9alisation. Et nous anticipons les \u00e9ventuels obstacles \u00e0 surmonter. Et nous nous mettons au travail.<\/p>\n<p style=\"text-align: justify;\">Tout cela a un impact sur notre volont\u00e9 de performance et notre bien-\u00eatre. Les objectifs sont importants pour notre stabilit\u00e9 psychique. Les objectifs nous donnent une structure et un sens. Nous assimilons leur r\u00e9alisation \u00e0 la chance.<\/p>\n<p style=\"text-align: justify;\">Mais malheur \u00e0 celui qui n&#8217;a plus d&#8217;objectifs ou qui \u00e9choue plus souvent \u00e0 les atteindre. Ainsi, certains ne se mettent m\u00eame plus en route vers la nouveaut\u00e9. Pour lui, la seule id\u00e9e d&#8217;une nouvelle d\u00e9faite est trop frustrante. Des blocages mentaux le freinent et cr\u00e9ent des strat\u00e9gies rus\u00e9es pour se prot\u00e9ger soi-disant.<\/p>\n<p style=\"text-align: justify;\">Il y a ceux qui poursuivent d&#8217;innombrables objectifs jusqu&#8217;\u00e0 ce qu&#8217;ils oublient comment savoir qu&#8217;ils les ont atteints. Et les objectifs impossibles prot\u00e8gent de la d\u00e9faite, mais ne rendent pas non plus heureux.<\/p>\n<p style=\"text-align: justify;\">L&#8217;absence d&#8217;ambivalence est n\u00e9cessaire pour un objectif clair et son accomplissement. L&#8217;ambivalence est le sentiment bien connu de la double valeur. Au moins deux choses, voire beaucoup, sont tout aussi importantes et bien plus d\u00e9cisives : aucune d&#8217;entre elles ne semble compatible avec les autres. Les personnes qui portent en elles un tel sentiment sont rarement capables de prendre une d\u00e9cision ou d&#8217;essayer de s&#8217;occuper de tout en m\u00eame temps. Ainsi, il contraint l&#8217;homme soit \u00e0 l&#8217;inaction, soit le pousse \u00e0 l&#8217;activisme.<\/p>\n<p style=\"text-align: justify;\">Psychiquement, il le per\u00e7oit comme un conflit. Tant \u00e0 l&#8217;int\u00e9rieur, avec lui-m\u00eame et ses d\u00e9sirs qui s&#8217;excluent mutuellement, qu&#8217;\u00e0 l&#8217;ext\u00e9rieur, avec son entourage, qui ne peut supporter ses atermoiements ou ses tournoiements qu&#8217;en secouant la t\u00eate.<\/p>\n<p style=\"text-align: justify;\">Quelle que soit l&#8217;intensit\u00e9 avec laquelle on vit le manque de clart\u00e9 de ses objectifs, chacun aime se rappeler \u00e0 quel point il est revigorant d&#8217;avoir une clart\u00e9 d&#8217;objectif intacte. Sans doutes ni conflits, nous entrons sur le chemin et faisons nos premiers pas imperturbables.<\/p>\n<p style=\"text-align: justify;\">Au moyen de la <a href=\"https:\/\/remstim.com\/fr\/bases-pour-lapplication-de-lemdr-dans-le-coaching-avec-le-remstim-3000\/stimulation-du-mouvement-rapide-des-yeux\/\">Rapid Eye Movement Stimulation (stimulation rapide des mouvements oculaires<\/a>) &#8211; intervention de base de l&#8217;<a title=\"EMDR - D\u00e9sensibilisation et retraitement des mouvements oculaires\" href=\"https:\/\/remstim.com\/fr\/emdr-desensibilisation-et-retraitement-des-mouvements-oculaires_\/\">EMDR,<\/a> il est possible d&#8217;apaiser les sentiments excessifs et de r\u00e9duire les \u00e9motions de doute. M\u00eame l&#8217;ambivalence peut c\u00e9der la place \u00e0 une nouvelle capacit\u00e9 de d\u00e9cision et les choses importantes peuvent enfin \u00eatre reconnues comme telles. Tout cela cr\u00e9e de l&#8217;espace pour de nouvelles pens\u00e9es positives qui inspirent nos actions. C&#8217;est dans ces moments-l\u00e0 que les souhaits germent le mieux. Les anciens se r\u00e9veillent et les nouveaux naissent.<\/p>\n<p style=\"text-align: justify;\">C&#8217;est parti !<\/p>\n<hr class=\"divider-html\" style=\"border-top: 1px solid #bbb; margin-top: 30px; margin-bottom: 30px;\">\n<h2>En savoir plus sur l&#8217;EMDR<\/h2>\n\t\t<div data-elementor-type=\"section\" data-elementor-id=\"14079\" class=\"elementor elementor-14079 elementor-9347\" data-elementor-post-type=\"elementor_library\">\n\t\t\t\t\t<section class=\"elementor-section elementor-top-section elementor-element elementor-element-619a94b elementor-section-full_width elementor-section-height-default elementor-section-height-default\" data-id=\"619a94b\" data-element_type=\"section\" data-e-type=\"section\">\n\t\t\t\t\t\t<div class=\"elementor-container elementor-column-gap-no\">\n\t\t\t\t\t<div class=\"elementor-column elementor-col-100 elementor-top-column elementor-element elementor-element-dd78573\" data-id=\"dd78573\" data-element_type=\"column\" data-e-type=\"column\">\n\t\t\t<div class=\"elementor-widget-wrap elementor-element-populated\">\n\t\t\t\t\t\t<section class=\"elementor-section elementor-inner-section elementor-element elementor-element-0209641 elementor-section-full_width elementor-section-height-default elementor-section-height-default\" data-id=\"0209641\" data-element_type=\"section\" data-e-type=\"section\">\n\t\t\t\t\t\t<div class=\"elementor-container elementor-column-gap-default\">\n\t\t\t\t\t<div class=\"elementor-column elementor-col-100 elementor-inner-column elementor-element elementor-element-38da17f\" data-id=\"38da17f\" data-element_type=\"column\" data-e-type=\"column\">\n\t\t\t<div class=\"elementor-widget-wrap elementor-element-populated\">\n\t\t\t\t\t\t\t<\/div>\n\t\t<\/div>\n\t\t\t\t\t<\/div>\n\t\t<\/section>\n\t\t\t\t\t<\/div>\n\t\t<\/div>\n\t\t\t\t\t<\/div>\n\t\t<\/section>\n\t\t\t\t<\/div>\n\t\t\n","protected":false},"excerpt":{"rendered":"<p>Utiliser l&#8217;EMDR en auto-coaching pour clarifier les objectifs et r\u00e9soudre les conflits Avoir un objectif clair devant soi est un sentiment sublime et motivant. La vision d&#8217;un avenir diff\u00e9rent joue un r\u00f4le d\u00e9cisif. On transforme soi-m\u00eame son environnement pour atteindre l&#8217;\u00e9tat souhait\u00e9. Le simple fait d&#8217;imaginer comment, gr\u00e2ce \u00e0 l&#8217;action personnelle, le changement, l&#8217;\u00e9tat final [&hellip;]<\/p>\n","protected":false},"author":1,"featured_media":0,"parent":11759,"menu_order":4,"comment_status":"closed","ping_status":"closed","template":"","meta":{"_acf_changed":false,"site-sidebar-layout":"default","site-content-layout":"default","ast-site-content-layout":"default","site-content-style":"default","site-sidebar-style":"default","ast-global-header-display":"","ast-banner-title-visibility":"","ast-main-header-display":"","ast-hfb-above-header-display":"","ast-hfb-below-header-display":"","ast-hfb-mobile-header-display":"","site-post-title":"","ast-breadcrumbs-content":"","ast-featured-img":"","footer-sml-layout":"","ast-disable-related-posts":"","theme-transparent-header-meta":"default","adv-header-id-meta":"","stick-header-meta":"default","header-above-stick-meta":"","header-main-stick-meta":"","header-below-stick-meta":"","astra-migrate-meta-layouts":"default","ast-page-background-enabled":"default","ast-page-background-meta":{"desktop":{"background-color":"var(--ast-global-color-4)","background-image":"","background-repeat":"repeat","background-position":"center center","background-size":"auto","background-attachment":"scroll","background-type":"","background-media":"","overlay-type":"","overlay-color":"","overlay-opacity":"","overlay-gradient":""},"tablet":{"background-color":"","background-image":"","background-repeat":"repeat","background-position":"center center","background-size":"auto","background-attachment":"scroll","background-type":"","background-media":"","overlay-type":"","overlay-color":"","overlay-opacity":"","overlay-gradient":""},"mobile":{"background-color":"","background-image":"","background-repeat":"repeat","background-position":"center center","background-size":"auto","background-attachment":"scroll","background-type":"","background-media":"","overlay-type":"","overlay-color":"","overlay-opacity":"","overlay-gradient":""}},"ast-content-background-meta":{"desktop":{"background-color":"var(--ast-global-color-5)","background-image":"","background-repeat":"repeat","background-position":"center center","background-size":"auto","background-attachment":"scroll","background-type":"","background-media":"","overlay-type":"","overlay-color":"","overlay-opacity":"","overlay-gradient":""},"tablet":{"background-color":"var(--ast-global-color-5)","background-image":"","background-repeat":"repeat","background-position":"center center","background-size":"auto","background-attachment":"scroll","background-type":"","background-media":"","overlay-type":"","overlay-color":"","overlay-opacity":"","overlay-gradient":""},"mobile":{"background-color":"var(--ast-global-color-5)","background-image":"","background-repeat":"repeat","background-position":"center center","background-size":"auto","background-attachment":"scroll","background-type":"","background-media":"","overlay-type":"","overlay-color":"","overlay-opacity":"","overlay-gradient":""}},"footnotes":""},"class_list":["post-11754","page","type-page","status-publish","hentry"],"acf":[],"yoast_head":"<!-- This site is optimized with the Yoast SEO plugin v27.4 - https:\/\/yoast.com\/product\/yoast-seo-wordpress\/ -->\n<title>Cr\u00e9er une clart\u00e9 d&#039;objectif &amp; r\u00e9soudre les conflits - EMDR Ger\u00e4t REMSTIM 3000 gegen Stress<\/title>\n<meta name=\"robots\" content=\"index, follow, max-snippet:-1, max-image-preview:large, max-video-preview:-1\" \/>\n<link rel=\"canonical\" href=\"https:\/\/remstim.com\/fr\/domaines-dapplication-de-lemdr-dans-le-coaching\/creer-une-clarte-dobjectif-resoudre-les-conflits\/\" \/>\n<meta property=\"og:locale\" content=\"fr_FR\" \/>\n<meta property=\"og:type\" content=\"article\" \/>\n<meta property=\"og:title\" content=\"Cr\u00e9er une clart\u00e9 d&#039;objectif &amp; r\u00e9soudre les conflits - EMDR Ger\u00e4t REMSTIM 3000 gegen Stress\" \/>\n<meta property=\"og:description\" content=\"Utiliser l&#8217;EMDR en auto-coaching pour clarifier les objectifs et r\u00e9soudre les conflits Avoir un objectif clair devant soi est un sentiment sublime et motivant. La vision d&#8217;un avenir diff\u00e9rent joue un r\u00f4le d\u00e9cisif. On transforme soi-m\u00eame son environnement pour atteindre l&#8217;\u00e9tat souhait\u00e9. Le simple fait d&#8217;imaginer comment, gr\u00e2ce \u00e0 l&#8217;action personnelle, le changement, l&#8217;\u00e9tat final [&hellip;]\" \/>\n<meta property=\"og:url\" content=\"https:\/\/remstim.com\/fr\/domaines-dapplication-de-lemdr-dans-le-coaching\/creer-une-clarte-dobjectif-resoudre-les-conflits\/\" \/>\n<meta property=\"og:site_name\" content=\"EMDR Ger\u00e4t REMSTIM 3000 gegen Stress\" \/>\n<meta property=\"article:modified_time\" content=\"2023-09-14T15:30:35+00:00\" \/>\n<meta name=\"twitter:label1\" content=\"Dur\u00e9e de lecture estim\u00e9e\" \/>\n\t<meta name=\"twitter:data1\" content=\"3 minutes\" \/>\n<script type=\"application\/ld+json\" class=\"yoast-schema-graph\">{\"@context\":\"https:\\\/\\\/schema.org\",\"@graph\":[{\"@type\":\"WebPage\",\"@id\":\"https:\\\/\\\/remstim.com\\\/fr\\\/domaines-dapplication-de-lemdr-dans-le-coaching\\\/creer-une-clarte-dobjectif-resoudre-les-conflits\\\/\",\"url\":\"https:\\\/\\\/remstim.com\\\/fr\\\/domaines-dapplication-de-lemdr-dans-le-coaching\\\/creer-une-clarte-dobjectif-resoudre-les-conflits\\\/\",\"name\":\"Cr\u00e9er une clart\u00e9 d'objectif &amp; r\u00e9soudre les conflits - EMDR Ger\u00e4t REMSTIM 3000 gegen Stress\",\"isPartOf\":{\"@id\":\"https:\\\/\\\/remstim.com\\\/fr\\\/#website\"},\"datePublished\":\"2011-05-03T15:42:43+00:00\",\"dateModified\":\"2023-09-14T15:30:35+00:00\",\"breadcrumb\":{\"@id\":\"https:\\\/\\\/remstim.com\\\/fr\\\/domaines-dapplication-de-lemdr-dans-le-coaching\\\/creer-une-clarte-dobjectif-resoudre-les-conflits\\\/#breadcrumb\"},\"inLanguage\":\"fr-FR\",\"potentialAction\":[{\"@type\":\"ReadAction\",\"target\":[\"https:\\\/\\\/remstim.com\\\/fr\\\/domaines-dapplication-de-lemdr-dans-le-coaching\\\/creer-une-clarte-dobjectif-resoudre-les-conflits\\\/\"]}]},{\"@type\":\"BreadcrumbList\",\"@id\":\"https:\\\/\\\/remstim.com\\\/fr\\\/domaines-dapplication-de-lemdr-dans-le-coaching\\\/creer-une-clarte-dobjectif-resoudre-les-conflits\\\/#breadcrumb\",\"itemListElement\":[{\"@type\":\"ListItem\",\"position\":1,\"name\":\"Startseite\",\"item\":\"https:\\\/\\\/remstim.com\\\/fr\\\/\"},{\"@type\":\"ListItem\",\"position\":2,\"name\":\"Domaines d&#8217;application de l&#8217;EMDR dans le coaching\",\"item\":\"https:\\\/\\\/remstim.com\\\/fr\\\/domaines-dapplication-de-lemdr-dans-le-coaching\\\/\"},{\"@type\":\"ListItem\",\"position\":3,\"name\":\"Cr\u00e9er une clart\u00e9 d&#8217;objectif &amp; r\u00e9soudre les conflits\"}]},{\"@type\":\"WebSite\",\"@id\":\"https:\\\/\\\/remstim.com\\\/fr\\\/#website\",\"url\":\"https:\\\/\\\/remstim.com\\\/fr\\\/\",\"name\":\"EMDR Ger\u00e4t REMSTIM 3000 gegen Stress\",\"description\":\"Wie wir schnell Entspannung finden.\",\"publisher\":{\"@id\":\"https:\\\/\\\/remstim.com\\\/fr\\\/#organization\"},\"potentialAction\":[{\"@type\":\"SearchAction\",\"target\":{\"@type\":\"EntryPoint\",\"urlTemplate\":\"https:\\\/\\\/remstim.com\\\/fr\\\/?s={search_term_string}\"},\"query-input\":{\"@type\":\"PropertyValueSpecification\",\"valueRequired\":true,\"valueName\":\"search_term_string\"}}],\"inLanguage\":\"fr-FR\"},{\"@type\":\"Organization\",\"@id\":\"https:\\\/\\\/remstim.com\\\/fr\\\/#organization\",\"name\":\"EMDR Ger\u00e4t REMSTIM 3000 gegen Stress\",\"url\":\"https:\\\/\\\/remstim.com\\\/fr\\\/\",\"logo\":{\"@type\":\"ImageObject\",\"inLanguage\":\"fr-FR\",\"@id\":\"https:\\\/\\\/remstim.com\\\/fr\\\/#\\\/schema\\\/logo\\\/image\\\/\",\"url\":\"https:\\\/\\\/remstim.com\\\/wp-content\\\/uploads\\\/2012\\\/06\\\/REMSTIM-Logo-mit-Untertitel_orange-e1340382850185.png\",\"contentUrl\":\"https:\\\/\\\/remstim.com\\\/wp-content\\\/uploads\\\/2012\\\/06\\\/REMSTIM-Logo-mit-Untertitel_orange-e1340382850185.png\",\"width\":304,\"height\":80,\"caption\":\"EMDR Ger\u00e4t REMSTIM 3000 gegen Stress\"},\"image\":{\"@id\":\"https:\\\/\\\/remstim.com\\\/fr\\\/#\\\/schema\\\/logo\\\/image\\\/\"}}]}<\/script>\n<!-- \/ Yoast SEO plugin. -->","yoast_head_json":{"title":"Cr\u00e9er une clart\u00e9 d'objectif &amp; r\u00e9soudre les conflits - EMDR Ger\u00e4t REMSTIM 3000 gegen Stress","robots":{"index":"index","follow":"follow","max-snippet":"max-snippet:-1","max-image-preview":"max-image-preview:large","max-video-preview":"max-video-preview:-1"},"canonical":"https:\/\/remstim.com\/fr\/domaines-dapplication-de-lemdr-dans-le-coaching\/creer-une-clarte-dobjectif-resoudre-les-conflits\/","og_locale":"fr_FR","og_type":"article","og_title":"Cr\u00e9er une clart\u00e9 d'objectif &amp; r\u00e9soudre les conflits - EMDR Ger\u00e4t REMSTIM 3000 gegen Stress","og_description":"Utiliser l&#8217;EMDR en auto-coaching pour clarifier les objectifs et r\u00e9soudre les conflits Avoir un objectif clair devant soi est un sentiment sublime et motivant. La vision d&#8217;un avenir diff\u00e9rent joue un r\u00f4le d\u00e9cisif. On transforme soi-m\u00eame son environnement pour atteindre l&#8217;\u00e9tat souhait\u00e9. Le simple fait d&#8217;imaginer comment, gr\u00e2ce \u00e0 l&#8217;action personnelle, le changement, l&#8217;\u00e9tat final [&hellip;]","og_url":"https:\/\/remstim.com\/fr\/domaines-dapplication-de-lemdr-dans-le-coaching\/creer-une-clarte-dobjectif-resoudre-les-conflits\/","og_site_name":"EMDR Ger\u00e4t REMSTIM 3000 gegen Stress","article_modified_time":"2023-09-14T15:30:35+00:00","twitter_misc":{"Dur\u00e9e de lecture estim\u00e9e":"3 minutes"},"schema":{"@context":"https:\/\/schema.org","@graph":[{"@type":"WebPage","@id":"https:\/\/remstim.com\/fr\/domaines-dapplication-de-lemdr-dans-le-coaching\/creer-une-clarte-dobjectif-resoudre-les-conflits\/","url":"https:\/\/remstim.com\/fr\/domaines-dapplication-de-lemdr-dans-le-coaching\/creer-une-clarte-dobjectif-resoudre-les-conflits\/","name":"Cr\u00e9er une clart\u00e9 d'objectif &amp; r\u00e9soudre les conflits - EMDR Ger\u00e4t REMSTIM 3000 gegen Stress","isPartOf":{"@id":"https:\/\/remstim.com\/fr\/#website"},"datePublished":"2011-05-03T15:42:43+00:00","dateModified":"2023-09-14T15:30:35+00:00","breadcrumb":{"@id":"https:\/\/remstim.com\/fr\/domaines-dapplication-de-lemdr-dans-le-coaching\/creer-une-clarte-dobjectif-resoudre-les-conflits\/#breadcrumb"},"inLanguage":"fr-FR","potentialAction":[{"@type":"ReadAction","target":["https:\/\/remstim.com\/fr\/domaines-dapplication-de-lemdr-dans-le-coaching\/creer-une-clarte-dobjectif-resoudre-les-conflits\/"]}]},{"@type":"BreadcrumbList","@id":"https:\/\/remstim.com\/fr\/domaines-dapplication-de-lemdr-dans-le-coaching\/creer-une-clarte-dobjectif-resoudre-les-conflits\/#breadcrumb","itemListElement":[{"@type":"ListItem","position":1,"name":"Startseite","item":"https:\/\/remstim.com\/fr\/"},{"@type":"ListItem","position":2,"name":"Domaines d&#8217;application de l&#8217;EMDR dans le coaching","item":"https:\/\/remstim.com\/fr\/domaines-dapplication-de-lemdr-dans-le-coaching\/"},{"@type":"ListItem","position":3,"name":"Cr\u00e9er une clart\u00e9 d&#8217;objectif &amp; r\u00e9soudre les conflits"}]},{"@type":"WebSite","@id":"https:\/\/remstim.com\/fr\/#website","url":"https:\/\/remstim.com\/fr\/","name":"EMDR Ger\u00e4t REMSTIM 3000 gegen Stress","description":"Wie wir schnell Entspannung finden.","publisher":{"@id":"https:\/\/remstim.com\/fr\/#organization"},"potentialAction":[{"@type":"SearchAction","target":{"@type":"EntryPoint","urlTemplate":"https:\/\/remstim.com\/fr\/?s={search_term_string}"},"query-input":{"@type":"PropertyValueSpecification","valueRequired":true,"valueName":"search_term_string"}}],"inLanguage":"fr-FR"},{"@type":"Organization","@id":"https:\/\/remstim.com\/fr\/#organization","name":"EMDR Ger\u00e4t REMSTIM 3000 gegen Stress","url":"https:\/\/remstim.com\/fr\/","logo":{"@type":"ImageObject","inLanguage":"fr-FR","@id":"https:\/\/remstim.com\/fr\/#\/schema\/logo\/image\/","url":"https:\/\/remstim.com\/wp-content\/uploads\/2012\/06\/REMSTIM-Logo-mit-Untertitel_orange-e1340382850185.png","contentUrl":"https:\/\/remstim.com\/wp-content\/uploads\/2012\/06\/REMSTIM-Logo-mit-Untertitel_orange-e1340382850185.png","width":304,"height":80,"caption":"EMDR Ger\u00e4t REMSTIM 3000 gegen Stress"},"image":{"@id":"https:\/\/remstim.com\/fr\/#\/schema\/logo\/image\/"}}]}},"_links":{"self":[{"href":"https:\/\/remstim.com\/fr\/wp-json\/wp\/v2\/pages\/11754","targetHints":{"allow":["GET"]}}],"collection":[{"href":"https:\/\/remstim.com\/fr\/wp-json\/wp\/v2\/pages"}],"about":[{"href":"https:\/\/remstim.com\/fr\/wp-json\/wp\/v2\/types\/page"}],"author":[{"embeddable":true,"href":"https:\/\/remstim.com\/fr\/wp-json\/wp\/v2\/users\/1"}],"replies":[{"embeddable":true,"href":"https:\/\/remstim.com\/fr\/wp-json\/wp\/v2\/comments?post=11754"}],"version-history":[{"count":0,"href":"https:\/\/remstim.com\/fr\/wp-json\/wp\/v2\/pages\/11754\/revisions"}],"up":[{"embeddable":true,"href":"https:\/\/remstim.com\/fr\/wp-json\/wp\/v2\/pages\/11759"}],"wp:attachment":[{"href":"https:\/\/remstim.com\/fr\/wp-json\/wp\/v2\/media?parent=11754"}],"curies":[{"name":"wp","href":"https:\/\/api.w.org\/{rel}","templated":true}]}}