{"id":11759,"date":"2011-03-14T11:09:48","date_gmt":"2011-03-14T11:09:48","guid":{"rendered":"https:\/\/remstim.de\/domaines-dapplication-de-lemdr-dans-le-coaching\/"},"modified":"2023-09-14T15:30:11","modified_gmt":"2023-09-14T15:30:11","slug":"domaines-dapplication-de-lemdr-dans-le-coaching","status":"publish","type":"page","link":"https:\/\/remstim.com\/fr\/domaines-dapplication-de-lemdr-dans-le-coaching\/","title":{"rendered":"Domaines d&#8217;application de l&#8217;EMDR dans le coaching"},"content":{"rendered":"<h1 style=\"text-align: justify;\">Domaines d&#8217;application du coaching EMDR<\/h1>\n<p style=\"text-align: justify;\"><img fetchpriority=\"high\" decoding=\"async\" class=\"alignleft wp-image-8131 \" title=\"Coaching EMDR avec le REMSTIM 3000\" src=\"https:\/\/remstim.com\/wp-content\/uploads\/2018\/04\/glueckliche-Frau-dank-EMDR-Selbstcoaching-e1524470283930.jpg\" alt=\"une femme heureuse gr\u00e2ce \u00e0 l'auto-coaching EMDR\" width=\"381\" height=\"254\">La <a href=\"https:\/\/remstim.com\/fr\/bases-pour-lapplication-de-lemdr-dans-le-coaching-avec-le-remstim-3000\/stimulation-du-mouvement-rapide-des-yeux\/\">stimulation rapide des mouvements oculaires (Rapid Eye Movement<\/a> Stimulation) appliqu\u00e9e \u00e0 l&#8217;aide du <a title=\"REMSTIM 3000\" href=\"https:\/\/remstim.com\/fr\/remstim-3000\/\">REMSTIM 3000<\/a>, utilis\u00e9e comme intervention de base dans le cadre de la <a title=\"EMDR en auto-coaching\" href=\"https:\/\/remstim.com\/fr\/bases-pour-lapplication-de-lemdr-dans-le-coaching-avec-le-remstim-3000\/appliquer-lemdr-en-auto-coaching-avec-le-remstim-3000\/\">m\u00e9thode EMDR<\/a>, peut cr\u00e9er un soulagement mental et \u00e9motionnel dans diff\u00e9rents domaines d&#8217;application, am\u00e9liorer les performances et aider \u00e0 pr\u00e9venir l&#8217;\u00e9puisement professionnel.<\/p>\n<p style=\"text-align: justify;\">Il ne s&#8217;agit pas en premier lieu de comprendre et d&#8217;acqu\u00e9rir de nouvelles connaissances, mais plut\u00f4t de &#8220;d\u00e9tendre&#8221; ce qui a \u00e9t\u00e9 v\u00e9cu. En effet, l&#8217;individu se trouve souvent dans une impasse intellectuelle. Dans cette situation, les conseils et les nouvelles pens\u00e9es ont tendance \u00e0 \u00eatre une source suppl\u00e9mentaire de stress et de confusion.<\/p>\n<p style=\"text-align: justify;\">En revanche, si les pens\u00e9es \u00e9puisantes perdent leur menace \u00e9motionnelle, le calme et la s\u00e9r\u00e9nit\u00e9 s&#8217;installent souvent. La fin des ruminations et des pens\u00e9es en boucle peut ainsi conduire \u00e0 une profonde s\u00e9r\u00e9nit\u00e9 int\u00e9rieure. De nouvelles solutions et alternatives apparaissent alors souvent comme par magie.<\/p>\n<p style=\"text-align: justify;\">Avec le <a href=\"https:\/\/remstim.com\/fr\/remstim-3000\/\">REMSTIM 3000<\/a>, l&#8217;utilisation de la <a href=\"https:\/\/remstim.com\/fr\/bases-pour-lapplication-de-lemdr-dans-le-coaching-avec-le-remstim-3000\/stimulation-du-mouvement-rapide-des-yeux\/\">stimulation oculomotrice rapide<\/a> est rapide, simple et correcte. Elle apporte son soutien dans de nombreux cas.<\/p>\n\t\t<div data-elementor-type=\"section\" data-elementor-id=\"13955\" class=\"elementor elementor-13955 elementor-9748\" data-elementor-post-type=\"elementor_library\">\n\t\t\t\t\t<section class=\"elementor-section elementor-top-section elementor-element elementor-element-3ef49cac elementor-section-full_width elementor-section-height-default elementor-section-height-default\" data-id=\"3ef49cac\" data-element_type=\"section\" data-e-type=\"section\">\n\t\t\t\t\t\t<div class=\"elementor-container elementor-column-gap-no\">\n\t\t\t\t\t<div class=\"elementor-column elementor-col-100 elementor-top-column elementor-element elementor-element-88b794b\" data-id=\"88b794b\" data-element_type=\"column\" data-e-type=\"column\">\n\t\t\t<div class=\"elementor-widget-wrap elementor-element-populated\">\n\t\t\t\t\t\t<section class=\"elementor-section elementor-inner-section elementor-element elementor-element-39cf0032 elementor-section-boxed elementor-section-height-default elementor-section-height-default\" data-id=\"39cf0032\" data-element_type=\"section\" data-e-type=\"section\" data-settings=\"{&quot;background_background&quot;:&quot;classic&quot;}\">\n\t\t\t\t\t\t<div class=\"elementor-container elementor-column-gap-default\">\n\t\t\t\t\t<div class=\"elementor-column elementor-col-100 elementor-inner-column elementor-element elementor-element-24d2522e\" data-id=\"24d2522e\" data-element_type=\"column\" data-e-type=\"column\">\n\t\t\t<div class=\"elementor-widget-wrap elementor-element-populated\">\n\t\t\t\t\t\t<div class=\"elementor-element elementor-element-40127dc3 elementor-widget elementor-widget-heading\" data-id=\"40127dc3\" data-element_type=\"widget\" data-e-type=\"widget\" data-widget_type=\"heading.default\">\n\t\t\t\t<div class=\"elementor-widget-container\">\n\t\t\t\t\t<h2 class=\"elementor-heading-title elementor-size-default\">En savoir plus sur les domaines d'application de l'EMDR-Coaching<\/h2>\t\t\t\t<\/div>\n\t\t\t\t<\/div>\n\t\t\t\t\t<\/div>\n\t\t<\/div>\n\t\t\t\t\t<\/div>\n\t\t<\/section>\n\t\t\t\t<section class=\"elementor-section elementor-inner-section elementor-element elementor-element-13c6e6e elementor-section-content-top elementor-section-boxed elementor-section-height-default elementor-section-height-default\" data-id=\"13c6e6e\" data-element_type=\"section\" data-e-type=\"section\">\n\t\t\t\t\t\t<div class=\"elementor-container elementor-column-gap-default\">\n\t\t\t\t\t<div class=\"elementor-column elementor-col-100 elementor-inner-column elementor-element elementor-element-5e58d838\" data-id=\"5e58d838\" data-element_type=\"column\" data-e-type=\"column\">\n\t\t\t<div class=\"elementor-widget-wrap elementor-element-populated\">\n\t\t\t\t\t\t<div class=\"elementor-element elementor-element-15b1d0f6 elementor-icon-list--layout-traditional elementor-list-item-link-full_width elementor-widget elementor-widget-icon-list\" data-id=\"15b1d0f6\" data-element_type=\"widget\" data-e-type=\"widget\" data-widget_type=\"icon-list.default\">\n\t\t\t\t<div class=\"elementor-widget-container\">\n\t\t\t\t\t\t\t<ul class=\"elementor-icon-list-items\">\n\t\t\t\t\t\t\t<li class=\"elementor-icon-list-item\">\n\t\t\t\t\t\t\t\t\t\t\t<a href=\"https:\/\/remstim.com\/fr\/vaincre-la-peur-en-auto-coaching-emdr-avec-les-lunettes-emdr-remstim-3000\/\">\n\n\t\t\t\t\t\t\t\t\t\t\t\t<span class=\"elementor-icon-list-icon\">\n\t\t\t\t\t\t\t<i aria-hidden=\"true\" class=\"fas fa-check\"><\/i>\t\t\t\t\t\t<\/span>\n\t\t\t\t\t\t\t\t\t\t<span class=\"elementor-icon-list-text\">Surmonter ses peurs<\/span>\n\t\t\t\t\t\t\t\t\t\t\t<\/a>\n\t\t\t\t\t\t\t\t\t<\/li>\n\t\t\t\t\t\t\t\t<li class=\"elementor-icon-list-item\">\n\t\t\t\t\t\t\t\t\t\t\t<a href=\"https:\/\/remstim.com\/fr\/surmonter-plus-rapidement-un-chagrin-damour-grace-a-lemdr-comment-le-supporter-plus-facilement\/\">\n\n\t\t\t\t\t\t\t\t\t\t\t\t<span class=\"elementor-icon-list-icon\">\n\t\t\t\t\t\t\t<i aria-hidden=\"true\" class=\"fas fa-check\"><\/i>\t\t\t\t\t\t<\/span>\n\t\t\t\t\t\t\t\t\t\t<span class=\"elementor-icon-list-text\">Surmonter plus rapidement un chagrin d'amour<\/span>\n\t\t\t\t\t\t\t\t\t\t\t<\/a>\n\t\t\t\t\t\t\t\t\t<\/li>\n\t\t\t\t\t\t\t\t<li class=\"elementor-icon-list-item\">\n\t\t\t\t\t\t\t\t\t\t\t<a href=\"https:\/\/remstim.com\/fr\/domaines-dapplication-de-lemdr-dans-le-coaching\/reduire-le-stress-et-les-tensions\/\">\n\n\t\t\t\t\t\t\t\t\t\t\t\t<span class=\"elementor-icon-list-icon\">\n\t\t\t\t\t\t\t<i aria-hidden=\"true\" class=\"fas fa-check\"><\/i>\t\t\t\t\t\t<\/span>\n\t\t\t\t\t\t\t\t\t\t<span class=\"elementor-icon-list-text\">R\u00e9duire le stress et les tensions<\/span>\n\t\t\t\t\t\t\t\t\t\t\t<\/a>\n\t\t\t\t\t\t\t\t\t<\/li>\n\t\t\t\t\t\t\t\t<li class=\"elementor-icon-list-item\">\n\t\t\t\t\t\t\t\t\t\t\t<a href=\"https:\/\/remstim.com\/fr\/domaines-dapplication-de-lemdr-dans-le-coaching\/dissoudre-soi-meme-les-blocages-mentaux-avec-lemdr-et-le-remstim-3000\/\">\n\n\t\t\t\t\t\t\t\t\t\t\t\t<span class=\"elementor-icon-list-icon\">\n\t\t\t\t\t\t\t<i aria-hidden=\"true\" class=\"fas fa-check\"><\/i>\t\t\t\t\t\t<\/span>\n\t\t\t\t\t\t\t\t\t\t<span class=\"elementor-icon-list-text\">Dissoudre soi-m\u00eame les blocages mentaux avec l'EMDR<\/span>\n\t\t\t\t\t\t\t\t\t\t\t<\/a>\n\t\t\t\t\t\t\t\t\t<\/li>\n\t\t\t\t\t\t\t\t<li class=\"elementor-icon-list-item\">\n\t\t\t\t\t\t\t\t\t\t\t<a href=\"https:\/\/remstim.com\/fr\/domaines-dapplication-de-lemdr-dans-le-coaching\/gerer-les-soucis-et-le-chagrin\/\">\n\n\t\t\t\t\t\t\t\t\t\t\t\t<span class=\"elementor-icon-list-icon\">\n\t\t\t\t\t\t\t<i aria-hidden=\"true\" class=\"fas fa-check\"><\/i>\t\t\t\t\t\t<\/span>\n\t\t\t\t\t\t\t\t\t\t<span class=\"elementor-icon-list-text\">G\u00e9rer les soucis et le chagrin<\/span>\n\t\t\t\t\t\t\t\t\t\t\t<\/a>\n\t\t\t\t\t\t\t\t\t<\/li>\n\t\t\t\t\t\t\t\t<li class=\"elementor-icon-list-item\">\n\t\t\t\t\t\t\t\t\t\t\t<a href=\"https:\/\/remstim.com\/fr\/domaines-dapplication-de-lemdr-dans-le-coaching\/creer-une-clarte-dobjectif-resoudre-les-conflits\/\">\n\n\t\t\t\t\t\t\t\t\t\t\t\t<span class=\"elementor-icon-list-icon\">\n\t\t\t\t\t\t\t<i aria-hidden=\"true\" class=\"fas fa-check\"><\/i>\t\t\t\t\t\t<\/span>\n\t\t\t\t\t\t\t\t\t\t<span class=\"elementor-icon-list-text\">Cr\u00e9er une clart\u00e9 d'objectif &amp; r\u00e9soudre les conflits<\/span>\n\t\t\t\t\t\t\t\t\t\t\t<\/a>\n\t\t\t\t\t\t\t\t\t<\/li>\n\t\t\t\t\t\t\t\t<li class=\"elementor-icon-list-item\">\n\t\t\t\t\t\t\t\t\t\t\t<a href=\"https:\/\/remstim.com\/fr\/domaines-dapplication-de-lemdr-dans-le-coaching\/renforcer-limage-de-soi-et-la-confiance-en-soi\/\">\n\n\t\t\t\t\t\t\t\t\t\t\t\t<span class=\"elementor-icon-list-icon\">\n\t\t\t\t\t\t\t<i aria-hidden=\"true\" class=\"fas fa-check\"><\/i>\t\t\t\t\t\t<\/span>\n\t\t\t\t\t\t\t\t\t\t<span class=\"elementor-icon-list-text\">renforcer la confiance en soi &amp; l'image de soi<\/span>\n\t\t\t\t\t\t\t\t\t\t\t<\/a>\n\t\t\t\t\t\t\t\t\t<\/li>\n\t\t\t\t\t\t\t\t<li class=\"elementor-icon-list-item\">\n\t\t\t\t\t\t\t\t\t\t\t<span class=\"elementor-icon-list-icon\">\n\t\t\t\t\t\t\t<i aria-hidden=\"true\" class=\"fas fa-check\"><\/i>\t\t\t\t\t\t<\/span>\n\t\t\t\t\t\t\t\t\t\t<span class=\"elementor-icon-list-text\">Augmenter la cr\u00e9ativit\u00e9 et la capacit\u00e9 \u00e0 trouver des solutions<\/span>\n\t\t\t\t\t\t\t\t\t<\/li>\n\t\t\t\t\t\t\t\t<li class=\"elementor-icon-list-item\">\n\t\t\t\t\t\t\t\t\t\t\t<span class=\"elementor-icon-list-icon\">\n\t\t\t\t\t\t\t<i aria-hidden=\"true\" class=\"fas fa-check\"><\/i>\t\t\t\t\t\t<\/span>\n\t\t\t\t\t\t\t\t\t\t<span class=\"elementor-icon-list-text\">Augmenter la motivation et l'engagement<\/span>\n\t\t\t\t\t\t\t\t\t<\/li>\n\t\t\t\t\t\t<\/ul>\n\t\t\t\t\t\t<\/div>\n\t\t\t\t<\/div>\n\t\t\t\t\t<\/div>\n\t\t<\/div>\n\t\t\t\t\t<\/div>\n\t\t<\/section>\n\t\t\t\t\t<\/div>\n\t\t<\/div>\n\t\t\t\t\t<\/div>\n\t\t<\/section>\n\t\t\t\t<\/div>\n\t\t\nVeuillez \u00e9galement lire les <a href=\"https:\/\/remstim.com\/remstim-entdecken\/wichtige-informationen\/\">informations importantes<\/a> \u00e0 ce sujet.<\/p>\n<hr class=\"divider-html\" style=\"border-top: 1px solid #bbb; margin-top: 30px; margin-bottom: 30px;\">\n<h2>En savoir plus sur l&#8217;EMDR<\/h2>\n\t\t<div data-elementor-type=\"section\" data-elementor-id=\"13943\" class=\"elementor elementor-13943 elementor-9751\" data-elementor-post-type=\"elementor_library\">\n\t\t\t\t\t<section class=\"elementor-section elementor-top-section elementor-element elementor-element-61ac7ca3 elementor-section-full_width elementor-section-height-default elementor-section-height-default\" data-id=\"61ac7ca3\" data-element_type=\"section\" data-e-type=\"section\">\n\t\t\t\t\t\t<div class=\"elementor-container elementor-column-gap-no\">\n\t\t\t\t\t<div class=\"elementor-column elementor-col-100 elementor-top-column elementor-element elementor-element-306448c4\" data-id=\"306448c4\" data-element_type=\"column\" data-e-type=\"column\">\n\t\t\t<div class=\"elementor-widget-wrap elementor-element-populated\">\n\t\t\t\t\t\t<section class=\"elementor-section elementor-inner-section elementor-element elementor-element-18cc83c1 elementor-section-full_width elementor-section-height-default elementor-section-height-default\" data-id=\"18cc83c1\" data-element_type=\"section\" data-e-type=\"section\">\n\t\t\t\t\t\t<div class=\"elementor-container elementor-column-gap-default\">\n\t\t\t\t\t<div class=\"elementor-column elementor-col-100 elementor-inner-column elementor-element elementor-element-1b0eb42b\" data-id=\"1b0eb42b\" data-element_type=\"column\" data-e-type=\"column\">\n\t\t\t<div class=\"elementor-widget-wrap elementor-element-populated\">\n\t\t\t\t\t\t\t<\/div>\n\t\t<\/div>\n\t\t\t\t\t<\/div>\n\t\t<\/section>\n\t\t\t\t\t<\/div>\n\t\t<\/div>\n\t\t\t\t\t<\/div>\n\t\t<\/section>\n\t\t\t\t<\/div>\n\t\t\n","protected":false},"excerpt":{"rendered":"<p>Domaines d&#8217;application du coaching EMDR La stimulation rapide des mouvements oculaires (Rapid Eye Movement Stimulation) appliqu\u00e9e \u00e0 l&#8217;aide du REMSTIM 3000, utilis\u00e9e comme intervention de base dans le cadre de la m\u00e9thode EMDR, peut cr\u00e9er un soulagement mental et \u00e9motionnel dans diff\u00e9rents domaines d&#8217;application, am\u00e9liorer les performances et aider \u00e0 pr\u00e9venir l&#8217;\u00e9puisement professionnel. Il ne [&hellip;]<\/p>\n","protected":false},"author":1,"featured_media":11512,"parent":0,"menu_order":11,"comment_status":"closed","ping_status":"closed","template":"","meta":{"_acf_changed":false,"site-sidebar-layout":"default","site-content-layout":"default","ast-site-content-layout":"default","site-content-style":"default","site-sidebar-style":"default","ast-global-header-display":"","ast-banner-title-visibility":"","ast-main-header-display":"","ast-hfb-above-header-display":"","ast-hfb-below-header-display":"","ast-hfb-mobile-header-display":"","site-post-title":"","ast-breadcrumbs-content":"","ast-featured-img":"","footer-sml-layout":"","ast-disable-related-posts":"","theme-transparent-header-meta":"default","adv-header-id-meta":"","stick-header-meta":"default","header-above-stick-meta":"","header-main-stick-meta":"","header-below-stick-meta":"","astra-migrate-meta-layouts":"default","ast-page-background-enabled":"default","ast-page-background-meta":{"desktop":{"background-color":"var(--ast-global-color-4)","background-image":"","background-repeat":"repeat","background-position":"center center","background-size":"auto","background-attachment":"scroll","background-type":"","background-media":"","overlay-type":"","overlay-color":"","overlay-opacity":"","overlay-gradient":""},"tablet":{"background-color":"","background-image":"","background-repeat":"repeat","background-position":"center center","background-size":"auto","background-attachment":"scroll","background-type":"","background-media":"","overlay-type":"","overlay-color":"","overlay-opacity":"","overlay-gradient":""},"mobile":{"background-color":"","background-image":"","background-repeat":"repeat","background-position":"center center","background-size":"auto","background-attachment":"scroll","background-type":"","background-media":"","overlay-type":"","overlay-color":"","overlay-opacity":"","overlay-gradient":""}},"ast-content-background-meta":{"desktop":{"background-color":"var(--ast-global-color-5)","background-image":"","background-repeat":"repeat","background-position":"center center","background-size":"auto","background-attachment":"scroll","background-type":"","background-media":"","overlay-type":"","overlay-color":"","overlay-opacity":"","overlay-gradient":""},"tablet":{"background-color":"var(--ast-global-color-5)","background-image":"","background-repeat":"repeat","background-position":"center center","background-size":"auto","background-attachment":"scroll","background-type":"","background-media":"","overlay-type":"","overlay-color":"","overlay-opacity":"","overlay-gradient":""},"mobile":{"background-color":"var(--ast-global-color-5)","background-image":"","background-repeat":"repeat","background-position":"center center","background-size":"auto","background-attachment":"scroll","background-type":"","background-media":"","overlay-type":"","overlay-color":"","overlay-opacity":"","overlay-gradient":""}},"footnotes":""},"class_list":["post-11759","page","type-page","status-publish","has-post-thumbnail","hentry"],"acf":[],"yoast_head":"<!-- This site is optimized with the Yoast SEO plugin v27.3 - https:\/\/yoast.com\/product\/yoast-seo-wordpress\/ -->\n<title>Domaines d&#039;application de l&#039;EMDR dans le coaching<\/title>\n<meta name=\"description\" content=\"La Rapid Eye Movement Stimulation - intervention de base de l&#039;EMDR - peut apporter un soulagement mental &amp; \u00e9motionnel dans diff\u00e9rents domaines d&#039;application.\" \/>\n<meta name=\"robots\" content=\"index, follow, max-snippet:-1, max-image-preview:large, max-video-preview:-1\" \/>\n<link rel=\"canonical\" href=\"https:\/\/remstim.com\/fr\/domaines-dapplication-de-lemdr-dans-le-coaching\/\" \/>\n<meta property=\"og:locale\" content=\"fr_FR\" \/>\n<meta property=\"og:type\" content=\"article\" \/>\n<meta property=\"og:title\" content=\"Domaines d&#039;application de l&#039;EMDR dans le coaching\" \/>\n<meta property=\"og:description\" content=\"La Rapid Eye Movement Stimulation - intervention de base de l&#039;EMDR - peut apporter un soulagement mental &amp; \u00e9motionnel dans diff\u00e9rents domaines d&#039;application.\" \/>\n<meta property=\"og:url\" content=\"https:\/\/remstim.com\/fr\/domaines-dapplication-de-lemdr-dans-le-coaching\/\" \/>\n<meta property=\"og:site_name\" content=\"EMDR Ger\u00e4t REMSTIM 3000 gegen Stress\" \/>\n<meta property=\"article:modified_time\" content=\"2023-09-14T15:30:11+00:00\" \/>\n<meta property=\"og:image\" content=\"https:\/\/remstim.com\/wp-content\/uploads\/2018\/04\/glueckliche-Frau-dank-EMDR-Selbstcoaching-e1524470283930.jpg\" \/>\n\t<meta property=\"og:image:width\" content=\"283\" \/>\n\t<meta property=\"og:image:height\" content=\"283\" \/>\n\t<meta property=\"og:image:type\" content=\"image\/jpeg\" \/>\n<meta name=\"twitter:label1\" content=\"Dur\u00e9e de lecture estim\u00e9e\" \/>\n\t<meta name=\"twitter:data1\" content=\"2 minutes\" \/>\n<script type=\"application\/ld+json\" class=\"yoast-schema-graph\">{\"@context\":\"https:\\\/\\\/schema.org\",\"@graph\":[{\"@type\":\"WebPage\",\"@id\":\"https:\\\/\\\/remstim.com\\\/fr\\\/domaines-dapplication-de-lemdr-dans-le-coaching\\\/\",\"url\":\"https:\\\/\\\/remstim.com\\\/fr\\\/domaines-dapplication-de-lemdr-dans-le-coaching\\\/\",\"name\":\"Domaines d'application de l'EMDR dans le coaching\",\"isPartOf\":{\"@id\":\"https:\\\/\\\/remstim.com\\\/fr\\\/#website\"},\"primaryImageOfPage\":{\"@id\":\"https:\\\/\\\/remstim.com\\\/fr\\\/domaines-dapplication-de-lemdr-dans-le-coaching\\\/#primaryimage\"},\"image\":{\"@id\":\"https:\\\/\\\/remstim.com\\\/fr\\\/domaines-dapplication-de-lemdr-dans-le-coaching\\\/#primaryimage\"},\"thumbnailUrl\":\"https:\\\/\\\/remstim.com\\\/wp-content\\\/uploads\\\/2018\\\/04\\\/glueckliche-Frau-dank-EMDR-Selbstcoaching-e1524470283930.jpg\",\"datePublished\":\"2011-03-14T11:09:48+00:00\",\"dateModified\":\"2023-09-14T15:30:11+00:00\",\"description\":\"La Rapid Eye Movement Stimulation - intervention de base de l'EMDR - peut apporter un soulagement mental & \u00e9motionnel dans diff\u00e9rents domaines d'application.\",\"breadcrumb\":{\"@id\":\"https:\\\/\\\/remstim.com\\\/fr\\\/domaines-dapplication-de-lemdr-dans-le-coaching\\\/#breadcrumb\"},\"inLanguage\":\"fr-FR\",\"potentialAction\":[{\"@type\":\"ReadAction\",\"target\":[\"https:\\\/\\\/remstim.com\\\/fr\\\/domaines-dapplication-de-lemdr-dans-le-coaching\\\/\"]}]},{\"@type\":\"ImageObject\",\"inLanguage\":\"fr-FR\",\"@id\":\"https:\\\/\\\/remstim.com\\\/fr\\\/domaines-dapplication-de-lemdr-dans-le-coaching\\\/#primaryimage\",\"url\":\"https:\\\/\\\/remstim.com\\\/wp-content\\\/uploads\\\/2018\\\/04\\\/glueckliche-Frau-dank-EMDR-Selbstcoaching-e1524470283930.jpg\",\"contentUrl\":\"https:\\\/\\\/remstim.com\\\/wp-content\\\/uploads\\\/2018\\\/04\\\/glueckliche-Frau-dank-EMDR-Selbstcoaching-e1524470283930.jpg\",\"width\":283,\"height\":283},{\"@type\":\"BreadcrumbList\",\"@id\":\"https:\\\/\\\/remstim.com\\\/fr\\\/domaines-dapplication-de-lemdr-dans-le-coaching\\\/#breadcrumb\",\"itemListElement\":[{\"@type\":\"ListItem\",\"position\":1,\"name\":\"Startseite\",\"item\":\"https:\\\/\\\/remstim.com\\\/fr\\\/\"},{\"@type\":\"ListItem\",\"position\":2,\"name\":\"Domaines d&#8217;application de l&#8217;EMDR dans le coaching\"}]},{\"@type\":\"WebSite\",\"@id\":\"https:\\\/\\\/remstim.com\\\/fr\\\/#website\",\"url\":\"https:\\\/\\\/remstim.com\\\/fr\\\/\",\"name\":\"EMDR Ger\u00e4t REMSTIM 3000 gegen Stress\",\"description\":\"Wie wir schnell Entspannung finden.\",\"publisher\":{\"@id\":\"https:\\\/\\\/remstim.com\\\/fr\\\/#organization\"},\"potentialAction\":[{\"@type\":\"SearchAction\",\"target\":{\"@type\":\"EntryPoint\",\"urlTemplate\":\"https:\\\/\\\/remstim.com\\\/fr\\\/?s={search_term_string}\"},\"query-input\":{\"@type\":\"PropertyValueSpecification\",\"valueRequired\":true,\"valueName\":\"search_term_string\"}}],\"inLanguage\":\"fr-FR\"},{\"@type\":\"Organization\",\"@id\":\"https:\\\/\\\/remstim.com\\\/fr\\\/#organization\",\"name\":\"EMDR Ger\u00e4t REMSTIM 3000 gegen Stress\",\"url\":\"https:\\\/\\\/remstim.com\\\/fr\\\/\",\"logo\":{\"@type\":\"ImageObject\",\"inLanguage\":\"fr-FR\",\"@id\":\"https:\\\/\\\/remstim.com\\\/fr\\\/#\\\/schema\\\/logo\\\/image\\\/\",\"url\":\"https:\\\/\\\/remstim.com\\\/wp-content\\\/uploads\\\/2012\\\/06\\\/REMSTIM-Logo-mit-Untertitel_orange-e1340382850185.png\",\"contentUrl\":\"https:\\\/\\\/remstim.com\\\/wp-content\\\/uploads\\\/2012\\\/06\\\/REMSTIM-Logo-mit-Untertitel_orange-e1340382850185.png\",\"width\":304,\"height\":80,\"caption\":\"EMDR Ger\u00e4t REMSTIM 3000 gegen Stress\"},\"image\":{\"@id\":\"https:\\\/\\\/remstim.com\\\/fr\\\/#\\\/schema\\\/logo\\\/image\\\/\"}}]}<\/script>\n<!-- \/ Yoast SEO plugin. -->","yoast_head_json":{"title":"Domaines d'application de l'EMDR dans le coaching","description":"La Rapid Eye Movement Stimulation - intervention de base de l'EMDR - peut apporter un soulagement mental & \u00e9motionnel dans diff\u00e9rents domaines d'application.","robots":{"index":"index","follow":"follow","max-snippet":"max-snippet:-1","max-image-preview":"max-image-preview:large","max-video-preview":"max-video-preview:-1"},"canonical":"https:\/\/remstim.com\/fr\/domaines-dapplication-de-lemdr-dans-le-coaching\/","og_locale":"fr_FR","og_type":"article","og_title":"Domaines d'application de l'EMDR dans le coaching","og_description":"La Rapid Eye Movement Stimulation - intervention de base de l'EMDR - peut apporter un soulagement mental & \u00e9motionnel dans diff\u00e9rents domaines d'application.","og_url":"https:\/\/remstim.com\/fr\/domaines-dapplication-de-lemdr-dans-le-coaching\/","og_site_name":"EMDR Ger\u00e4t REMSTIM 3000 gegen Stress","article_modified_time":"2023-09-14T15:30:11+00:00","og_image":[{"width":283,"height":283,"url":"https:\/\/remstim.com\/wp-content\/uploads\/2018\/04\/glueckliche-Frau-dank-EMDR-Selbstcoaching-e1524470283930.jpg","type":"image\/jpeg"}],"twitter_misc":{"Dur\u00e9e de lecture estim\u00e9e":"2 minutes"},"schema":{"@context":"https:\/\/schema.org","@graph":[{"@type":"WebPage","@id":"https:\/\/remstim.com\/fr\/domaines-dapplication-de-lemdr-dans-le-coaching\/","url":"https:\/\/remstim.com\/fr\/domaines-dapplication-de-lemdr-dans-le-coaching\/","name":"Domaines d'application de l'EMDR dans le coaching","isPartOf":{"@id":"https:\/\/remstim.com\/fr\/#website"},"primaryImageOfPage":{"@id":"https:\/\/remstim.com\/fr\/domaines-dapplication-de-lemdr-dans-le-coaching\/#primaryimage"},"image":{"@id":"https:\/\/remstim.com\/fr\/domaines-dapplication-de-lemdr-dans-le-coaching\/#primaryimage"},"thumbnailUrl":"https:\/\/remstim.com\/wp-content\/uploads\/2018\/04\/glueckliche-Frau-dank-EMDR-Selbstcoaching-e1524470283930.jpg","datePublished":"2011-03-14T11:09:48+00:00","dateModified":"2023-09-14T15:30:11+00:00","description":"La Rapid Eye Movement Stimulation - intervention de base de l'EMDR - peut apporter un soulagement mental & \u00e9motionnel dans diff\u00e9rents domaines d'application.","breadcrumb":{"@id":"https:\/\/remstim.com\/fr\/domaines-dapplication-de-lemdr-dans-le-coaching\/#breadcrumb"},"inLanguage":"fr-FR","potentialAction":[{"@type":"ReadAction","target":["https:\/\/remstim.com\/fr\/domaines-dapplication-de-lemdr-dans-le-coaching\/"]}]},{"@type":"ImageObject","inLanguage":"fr-FR","@id":"https:\/\/remstim.com\/fr\/domaines-dapplication-de-lemdr-dans-le-coaching\/#primaryimage","url":"https:\/\/remstim.com\/wp-content\/uploads\/2018\/04\/glueckliche-Frau-dank-EMDR-Selbstcoaching-e1524470283930.jpg","contentUrl":"https:\/\/remstim.com\/wp-content\/uploads\/2018\/04\/glueckliche-Frau-dank-EMDR-Selbstcoaching-e1524470283930.jpg","width":283,"height":283},{"@type":"BreadcrumbList","@id":"https:\/\/remstim.com\/fr\/domaines-dapplication-de-lemdr-dans-le-coaching\/#breadcrumb","itemListElement":[{"@type":"ListItem","position":1,"name":"Startseite","item":"https:\/\/remstim.com\/fr\/"},{"@type":"ListItem","position":2,"name":"Domaines d&#8217;application de l&#8217;EMDR dans le coaching"}]},{"@type":"WebSite","@id":"https:\/\/remstim.com\/fr\/#website","url":"https:\/\/remstim.com\/fr\/","name":"EMDR Ger\u00e4t REMSTIM 3000 gegen Stress","description":"Wie wir schnell Entspannung finden.","publisher":{"@id":"https:\/\/remstim.com\/fr\/#organization"},"potentialAction":[{"@type":"SearchAction","target":{"@type":"EntryPoint","urlTemplate":"https:\/\/remstim.com\/fr\/?s={search_term_string}"},"query-input":{"@type":"PropertyValueSpecification","valueRequired":true,"valueName":"search_term_string"}}],"inLanguage":"fr-FR"},{"@type":"Organization","@id":"https:\/\/remstim.com\/fr\/#organization","name":"EMDR Ger\u00e4t REMSTIM 3000 gegen Stress","url":"https:\/\/remstim.com\/fr\/","logo":{"@type":"ImageObject","inLanguage":"fr-FR","@id":"https:\/\/remstim.com\/fr\/#\/schema\/logo\/image\/","url":"https:\/\/remstim.com\/wp-content\/uploads\/2012\/06\/REMSTIM-Logo-mit-Untertitel_orange-e1340382850185.png","contentUrl":"https:\/\/remstim.com\/wp-content\/uploads\/2012\/06\/REMSTIM-Logo-mit-Untertitel_orange-e1340382850185.png","width":304,"height":80,"caption":"EMDR Ger\u00e4t REMSTIM 3000 gegen Stress"},"image":{"@id":"https:\/\/remstim.com\/fr\/#\/schema\/logo\/image\/"}}]}},"_links":{"self":[{"href":"https:\/\/remstim.com\/fr\/wp-json\/wp\/v2\/pages\/11759","targetHints":{"allow":["GET"]}}],"collection":[{"href":"https:\/\/remstim.com\/fr\/wp-json\/wp\/v2\/pages"}],"about":[{"href":"https:\/\/remstim.com\/fr\/wp-json\/wp\/v2\/types\/page"}],"author":[{"embeddable":true,"href":"https:\/\/remstim.com\/fr\/wp-json\/wp\/v2\/users\/1"}],"replies":[{"embeddable":true,"href":"https:\/\/remstim.com\/fr\/wp-json\/wp\/v2\/comments?post=11759"}],"version-history":[{"count":0,"href":"https:\/\/remstim.com\/fr\/wp-json\/wp\/v2\/pages\/11759\/revisions"}],"wp:featuredmedia":[{"embeddable":true,"href":"https:\/\/remstim.com\/fr\/wp-json\/wp\/v2\/media\/11512"}],"wp:attachment":[{"href":"https:\/\/remstim.com\/fr\/wp-json\/wp\/v2\/media?parent=11759"}],"curies":[{"name":"wp","href":"https:\/\/api.w.org\/{rel}","templated":true}]}}