{"id":11778,"date":"2017-03-01T08:40:39","date_gmt":"2017-03-01T08:40:39","guid":{"rendered":"https:\/\/remstim.de\/temoignages-sur-les-lunettes-emdr-remstim-3000\/"},"modified":"2023-09-14T15:32:11","modified_gmt":"2023-09-14T15:32:11","slug":"temoignages-sur-les-lunettes-emdr-remstim-3000","status":"publish","type":"page","link":"https:\/\/remstim.com\/fr\/temoignages-sur-les-lunettes-emdr-remstim-3000\/","title":{"rendered":"T\u00e9moignages sur les lunettes EMDR REMSTIM 3000"},"content":{"rendered":"<h1>T\u00e9moignages et recommandations sur l&#8217;utilisation des lunettes EMDR REMSTIM 3000 dans le cadre de l&#8217;auto-coaching EMDR :<\/h1>\n<p>Lisez les <a href=\"#empfehlungen\">*Remarques concernant les t\u00e9moignages et les recommandations<\/a> au bas de cette page.<\/p>\n<hr class=\"divider-html\" style=\"border-top: 1px solid #bbb; margin-top: 30px; margin-bottom: 30px;\">\n\t\t<div data-elementor-type=\"section\" data-elementor-id=\"13650\" class=\"elementor elementor-13650 elementor-10013\" data-elementor-post-type=\"elementor_library\">\n\t\t\t\t\t<section class=\"elementor-section elementor-top-section elementor-element elementor-element-10a3b7b4 elementor-section-boxed elementor-section-height-default elementor-section-height-default\" data-id=\"10a3b7b4\" data-element_type=\"section\" data-e-type=\"section\">\n\t\t\t\t\t\t<div class=\"elementor-container elementor-column-gap-default\">\n\t\t\t\t\t<div class=\"elementor-column elementor-col-100 elementor-top-column elementor-element elementor-element-1e16abdb\" data-id=\"1e16abdb\" data-element_type=\"column\" data-e-type=\"column\">\n\t\t\t<div class=\"elementor-widget-wrap elementor-element-populated\">\n\t\t\t\t\t\t<section class=\"elementor-section elementor-inner-section elementor-element elementor-element-6371cf2 elementor-section-boxed elementor-section-height-default elementor-section-height-default\" data-id=\"6371cf2\" data-element_type=\"section\" data-e-type=\"section\">\n\t\t\t\t\t\t<div class=\"elementor-container elementor-column-gap-no\">\n\t\t\t\t\t<div class=\"elementor-column elementor-col-100 elementor-inner-column elementor-element elementor-element-39e5c0cc\" data-id=\"39e5c0cc\" data-element_type=\"column\" data-e-type=\"column\">\n\t\t\t<div class=\"elementor-widget-wrap elementor-element-populated\">\n\t\t\t\t\t\t\t<\/div>\n\t\t<\/div>\n\t\t\t\t\t<\/div>\n\t\t<\/section>\n\t\t\t\t\t<\/div>\n\t\t<\/div>\n\t\t\t\t\t<\/div>\n\t\t<\/section>\n\t\t\t\t<\/div>\n\t\t\n<a id=\"empfehlungen\"><\/a><\/p>\n<hr class=\"divider-html\" style=\"border-top: 1px solid #bbb; margin-top: 30px; margin-bottom: 30px;\">\n*Remarques sur les t\u00e9moignages et les recommandations :<\/p>\n<ul>\n<li>Les recommandations des coachs et des th\u00e9rapeutes concernent l&#8217;auto-application de l&#8217;EMDR en coaching \u00e0 l&#8217;aide des lunettes EMDR REMSTIM 3000 pour des \u00e9tats d&#8217;\u00e2me non pathologiques. Lisez \u00e9galement les <a href=\"https:\/\/remstim.com\/fr\/bases-pour-lapplication-de-lemdr-dans-le-coaching-avec-le-remstim-3000\/informations-importantes\/\">informations importantes<\/a> \u00e0 ce sujet.<\/li>\n<li>Si vous souhaitez soumettre vous-m\u00eame un rapport d&#8217;exp\u00e9rience (avec un profil personnel si vous le souhaitez), veuillez \u00e9crire \u00e0 <a href=\"mailto:info@remstim.com\">info@remstim.com.<\/a><\/li>\n<\/ul>\n","protected":false},"excerpt":{"rendered":"<p>T\u00e9moignages et recommandations sur l&#8217;utilisation des lunettes EMDR REMSTIM 3000 dans le cadre de l&#8217;auto-coaching EMDR : Lisez les *Remarques concernant les t\u00e9moignages et les recommandations au bas de cette page. *Remarques sur les t\u00e9moignages et les recommandations : Les recommandations des coachs et des th\u00e9rapeutes concernent l&#8217;auto-application de l&#8217;EMDR en coaching \u00e0 l&#8217;aide des [&hellip;]<\/p>\n","protected":false},"author":1,"featured_media":0,"parent":0,"menu_order":22,"comment_status":"closed","ping_status":"closed","template":"","meta":{"_acf_changed":false,"site-sidebar-layout":"default","site-content-layout":"default","ast-site-content-layout":"default","site-content-style":"default","site-sidebar-style":"default","ast-global-header-display":"","ast-banner-title-visibility":"","ast-main-header-display":"","ast-hfb-above-header-display":"","ast-hfb-below-header-display":"","ast-hfb-mobile-header-display":"","site-post-title":"","ast-breadcrumbs-content":"","ast-featured-img":"","footer-sml-layout":"","ast-disable-related-posts":"","theme-transparent-header-meta":"default","adv-header-id-meta":"","stick-header-meta":"default","header-above-stick-meta":"","header-main-stick-meta":"","header-below-stick-meta":"","astra-migrate-meta-layouts":"default","ast-page-background-enabled":"default","ast-page-background-meta":{"desktop":{"background-color":"var(--ast-global-color-4)","background-image":"","background-repeat":"repeat","background-position":"center center","background-size":"auto","background-attachment":"scroll","background-type":"","background-media":"","overlay-type":"","overlay-color":"","overlay-opacity":"","overlay-gradient":""},"tablet":{"background-color":"","background-image":"","background-repeat":"repeat","background-position":"center center","background-size":"auto","background-attachment":"scroll","background-type":"","background-media":"","overlay-type":"","overlay-color":"","overlay-opacity":"","overlay-gradient":""},"mobile":{"background-color":"","background-image":"","background-repeat":"repeat","background-position":"center center","background-size":"auto","background-attachment":"scroll","background-type":"","background-media":"","overlay-type":"","overlay-color":"","overlay-opacity":"","overlay-gradient":""}},"ast-content-background-meta":{"desktop":{"background-color":"var(--ast-global-color-5)","background-image":"","background-repeat":"repeat","background-position":"center center","background-size":"auto","background-attachment":"scroll","background-type":"","background-media":"","overlay-type":"","overlay-color":"","overlay-opacity":"","overlay-gradient":""},"tablet":{"background-color":"var(--ast-global-color-5)","background-image":"","background-repeat":"repeat","background-position":"center center","background-size":"auto","background-attachment":"scroll","background-type":"","background-media":"","overlay-type":"","overlay-color":"","overlay-opacity":"","overlay-gradient":""},"mobile":{"background-color":"var(--ast-global-color-5)","background-image":"","background-repeat":"repeat","background-position":"center center","background-size":"auto","background-attachment":"scroll","background-type":"","background-media":"","overlay-type":"","overlay-color":"","overlay-opacity":"","overlay-gradient":""}},"footnotes":""},"class_list":["post-11778","page","type-page","status-publish","hentry"],"acf":[],"yoast_head":"<!-- This site is optimized with the Yoast SEO plugin v27.5 - https:\/\/yoast.com\/product\/yoast-seo-wordpress\/ -->\n<title>T\u00e9moignages sur l&#039;utilisation des lunettes EMDR REMSTIM 3000 :<\/title>\n<meta name=\"description\" content=\"Les lunettes EMDR REMSTIM 3000 peuvent \u00eatre utilis\u00e9es dans de nombreux domaines. Lisez ce qu&#039;en disent les (auto)utilisateurs, les coachs et les th\u00e9rapeutes.\" \/>\n<meta name=\"robots\" content=\"index, follow, max-snippet:-1, max-image-preview:large, max-video-preview:-1\" \/>\n<link rel=\"canonical\" href=\"https:\/\/remstim.com\/fr\/temoignages-sur-les-lunettes-emdr-remstim-3000\/\" \/>\n<meta property=\"og:locale\" content=\"fr_FR\" \/>\n<meta property=\"og:type\" content=\"article\" \/>\n<meta property=\"og:title\" content=\"T\u00e9moignages sur l&#039;utilisation des lunettes EMDR REMSTIM 3000 :\" \/>\n<meta property=\"og:description\" content=\"Les lunettes EMDR REMSTIM 3000 peuvent \u00eatre utilis\u00e9es dans de nombreux domaines. Lisez ce qu&#039;en disent les (auto)utilisateurs, les coachs et les th\u00e9rapeutes.\" \/>\n<meta property=\"og:url\" content=\"https:\/\/remstim.com\/fr\/temoignages-sur-les-lunettes-emdr-remstim-3000\/\" \/>\n<meta property=\"og:site_name\" content=\"EMDR Ger\u00e4t REMSTIM 3000 gegen Stress\" \/>\n<meta property=\"article:modified_time\" content=\"2023-09-14T15:32:11+00:00\" \/>\n<meta name=\"twitter:label1\" content=\"Dur\u00e9e de lecture estim\u00e9e\" \/>\n\t<meta name=\"twitter:data1\" content=\"1 minute\" \/>\n<script type=\"application\/ld+json\" class=\"yoast-schema-graph\">{\"@context\":\"https:\\\/\\\/schema.org\",\"@graph\":[{\"@type\":\"WebPage\",\"@id\":\"https:\\\/\\\/remstim.com\\\/fr\\\/temoignages-sur-les-lunettes-emdr-remstim-3000\\\/\",\"url\":\"https:\\\/\\\/remstim.com\\\/fr\\\/temoignages-sur-les-lunettes-emdr-remstim-3000\\\/\",\"name\":\"T\u00e9moignages sur l'utilisation des lunettes EMDR REMSTIM 3000 :\",\"isPartOf\":{\"@id\":\"https:\\\/\\\/remstim.com\\\/fr\\\/#website\"},\"datePublished\":\"2017-03-01T08:40:39+00:00\",\"dateModified\":\"2023-09-14T15:32:11+00:00\",\"description\":\"Les lunettes EMDR REMSTIM 3000 peuvent \u00eatre utilis\u00e9es dans de nombreux domaines. Lisez ce qu'en disent les (auto)utilisateurs, les coachs et les th\u00e9rapeutes.\",\"breadcrumb\":{\"@id\":\"https:\\\/\\\/remstim.com\\\/fr\\\/temoignages-sur-les-lunettes-emdr-remstim-3000\\\/#breadcrumb\"},\"inLanguage\":\"fr-FR\",\"potentialAction\":[{\"@type\":\"ReadAction\",\"target\":[\"https:\\\/\\\/remstim.com\\\/fr\\\/temoignages-sur-les-lunettes-emdr-remstim-3000\\\/\"]}]},{\"@type\":\"BreadcrumbList\",\"@id\":\"https:\\\/\\\/remstim.com\\\/fr\\\/temoignages-sur-les-lunettes-emdr-remstim-3000\\\/#breadcrumb\",\"itemListElement\":[{\"@type\":\"ListItem\",\"position\":1,\"name\":\"Startseite\",\"item\":\"https:\\\/\\\/remstim.com\\\/fr\\\/page-principale\\\/\"},{\"@type\":\"ListItem\",\"position\":2,\"name\":\"T\u00e9moignages sur les lunettes EMDR REMSTIM 3000\"}]},{\"@type\":\"WebSite\",\"@id\":\"https:\\\/\\\/remstim.com\\\/fr\\\/#website\",\"url\":\"https:\\\/\\\/remstim.com\\\/fr\\\/\",\"name\":\"EMDR Ger\u00e4t REMSTIM 3000 gegen Stress\",\"description\":\"Wie wir schnell Entspannung finden.\",\"publisher\":{\"@id\":\"https:\\\/\\\/remstim.com\\\/fr\\\/#organization\"},\"potentialAction\":[{\"@type\":\"SearchAction\",\"target\":{\"@type\":\"EntryPoint\",\"urlTemplate\":\"https:\\\/\\\/remstim.com\\\/fr\\\/?s={search_term_string}\"},\"query-input\":{\"@type\":\"PropertyValueSpecification\",\"valueRequired\":true,\"valueName\":\"search_term_string\"}}],\"inLanguage\":\"fr-FR\"},{\"@type\":\"Organization\",\"@id\":\"https:\\\/\\\/remstim.com\\\/fr\\\/#organization\",\"name\":\"EMDR Ger\u00e4t REMSTIM 3000 gegen Stress\",\"url\":\"https:\\\/\\\/remstim.com\\\/fr\\\/\",\"logo\":{\"@type\":\"ImageObject\",\"inLanguage\":\"fr-FR\",\"@id\":\"https:\\\/\\\/remstim.com\\\/fr\\\/#\\\/schema\\\/logo\\\/image\\\/\",\"url\":\"https:\\\/\\\/remstim.com\\\/wp-content\\\/uploads\\\/2012\\\/06\\\/REMSTIM-Logo-mit-Untertitel_orange-e1340382850185.png\",\"contentUrl\":\"https:\\\/\\\/remstim.com\\\/wp-content\\\/uploads\\\/2012\\\/06\\\/REMSTIM-Logo-mit-Untertitel_orange-e1340382850185.png\",\"width\":304,\"height\":80,\"caption\":\"EMDR Ger\u00e4t REMSTIM 3000 gegen Stress\"},\"image\":{\"@id\":\"https:\\\/\\\/remstim.com\\\/fr\\\/#\\\/schema\\\/logo\\\/image\\\/\"}}]}<\/script>\n<!-- \/ Yoast SEO plugin. -->","yoast_head_json":{"title":"T\u00e9moignages sur l'utilisation des lunettes EMDR REMSTIM 3000 :","description":"Les lunettes EMDR REMSTIM 3000 peuvent \u00eatre utilis\u00e9es dans de nombreux domaines. Lisez ce qu'en disent les (auto)utilisateurs, les coachs et les th\u00e9rapeutes.","robots":{"index":"index","follow":"follow","max-snippet":"max-snippet:-1","max-image-preview":"max-image-preview:large","max-video-preview":"max-video-preview:-1"},"canonical":"https:\/\/remstim.com\/fr\/temoignages-sur-les-lunettes-emdr-remstim-3000\/","og_locale":"fr_FR","og_type":"article","og_title":"T\u00e9moignages sur l'utilisation des lunettes EMDR REMSTIM 3000 :","og_description":"Les lunettes EMDR REMSTIM 3000 peuvent \u00eatre utilis\u00e9es dans de nombreux domaines. Lisez ce qu'en disent les (auto)utilisateurs, les coachs et les th\u00e9rapeutes.","og_url":"https:\/\/remstim.com\/fr\/temoignages-sur-les-lunettes-emdr-remstim-3000\/","og_site_name":"EMDR Ger\u00e4t REMSTIM 3000 gegen Stress","article_modified_time":"2023-09-14T15:32:11+00:00","twitter_misc":{"Dur\u00e9e de lecture estim\u00e9e":"1 minute"},"schema":{"@context":"https:\/\/schema.org","@graph":[{"@type":"WebPage","@id":"https:\/\/remstim.com\/fr\/temoignages-sur-les-lunettes-emdr-remstim-3000\/","url":"https:\/\/remstim.com\/fr\/temoignages-sur-les-lunettes-emdr-remstim-3000\/","name":"T\u00e9moignages sur l'utilisation des lunettes EMDR REMSTIM 3000 :","isPartOf":{"@id":"https:\/\/remstim.com\/fr\/#website"},"datePublished":"2017-03-01T08:40:39+00:00","dateModified":"2023-09-14T15:32:11+00:00","description":"Les lunettes EMDR REMSTIM 3000 peuvent \u00eatre utilis\u00e9es dans de nombreux domaines. Lisez ce qu'en disent les (auto)utilisateurs, les coachs et les th\u00e9rapeutes.","breadcrumb":{"@id":"https:\/\/remstim.com\/fr\/temoignages-sur-les-lunettes-emdr-remstim-3000\/#breadcrumb"},"inLanguage":"fr-FR","potentialAction":[{"@type":"ReadAction","target":["https:\/\/remstim.com\/fr\/temoignages-sur-les-lunettes-emdr-remstim-3000\/"]}]},{"@type":"BreadcrumbList","@id":"https:\/\/remstim.com\/fr\/temoignages-sur-les-lunettes-emdr-remstim-3000\/#breadcrumb","itemListElement":[{"@type":"ListItem","position":1,"name":"Startseite","item":"https:\/\/remstim.com\/fr\/page-principale\/"},{"@type":"ListItem","position":2,"name":"T\u00e9moignages sur les lunettes EMDR REMSTIM 3000"}]},{"@type":"WebSite","@id":"https:\/\/remstim.com\/fr\/#website","url":"https:\/\/remstim.com\/fr\/","name":"EMDR Ger\u00e4t REMSTIM 3000 gegen Stress","description":"Wie wir schnell Entspannung finden.","publisher":{"@id":"https:\/\/remstim.com\/fr\/#organization"},"potentialAction":[{"@type":"SearchAction","target":{"@type":"EntryPoint","urlTemplate":"https:\/\/remstim.com\/fr\/?s={search_term_string}"},"query-input":{"@type":"PropertyValueSpecification","valueRequired":true,"valueName":"search_term_string"}}],"inLanguage":"fr-FR"},{"@type":"Organization","@id":"https:\/\/remstim.com\/fr\/#organization","name":"EMDR Ger\u00e4t REMSTIM 3000 gegen Stress","url":"https:\/\/remstim.com\/fr\/","logo":{"@type":"ImageObject","inLanguage":"fr-FR","@id":"https:\/\/remstim.com\/fr\/#\/schema\/logo\/image\/","url":"https:\/\/remstim.com\/wp-content\/uploads\/2012\/06\/REMSTIM-Logo-mit-Untertitel_orange-e1340382850185.png","contentUrl":"https:\/\/remstim.com\/wp-content\/uploads\/2012\/06\/REMSTIM-Logo-mit-Untertitel_orange-e1340382850185.png","width":304,"height":80,"caption":"EMDR Ger\u00e4t REMSTIM 3000 gegen Stress"},"image":{"@id":"https:\/\/remstim.com\/fr\/#\/schema\/logo\/image\/"}}]}},"_links":{"self":[{"href":"https:\/\/remstim.com\/fr\/wp-json\/wp\/v2\/pages\/11778","targetHints":{"allow":["GET"]}}],"collection":[{"href":"https:\/\/remstim.com\/fr\/wp-json\/wp\/v2\/pages"}],"about":[{"href":"https:\/\/remstim.com\/fr\/wp-json\/wp\/v2\/types\/page"}],"author":[{"embeddable":true,"href":"https:\/\/remstim.com\/fr\/wp-json\/wp\/v2\/users\/1"}],"replies":[{"embeddable":true,"href":"https:\/\/remstim.com\/fr\/wp-json\/wp\/v2\/comments?post=11778"}],"version-history":[{"count":0,"href":"https:\/\/remstim.com\/fr\/wp-json\/wp\/v2\/pages\/11778\/revisions"}],"wp:attachment":[{"href":"https:\/\/remstim.com\/fr\/wp-json\/wp\/v2\/media?parent=11778"}],"curies":[{"name":"wp","href":"https:\/\/api.w.org\/{rel}","templated":true}]}}