{"id":11780,"date":"2015-12-01T08:12:38","date_gmt":"2015-12-01T08:12:38","guid":{"rendered":"https:\/\/remstim.de\/remstim-3000\/informations-sur-lelimination-des-appareils-usages-et-des-dechets-electroniques-elektrog\/"},"modified":"2023-09-15T07:39:55","modified_gmt":"2023-09-15T07:39:55","slug":"informations-sur-lelimination-des-appareils-usages-et-des-dechets-electroniques-elektrog","status":"publish","type":"page","link":"https:\/\/remstim.com\/fr\/remstim-3000\/informations-sur-lelimination-des-appareils-usages-et-des-dechets-electroniques-elektrog\/","title":{"rendered":"Informations sur l&#8217;\u00e9limination des appareils usag\u00e9s et des d\u00e9chets \u00e9lectroniques (ElektroG)"},"content":{"rendered":"<h1>Informations sur l&#8217;\u00e9limination des appareils usag\u00e9s et des d\u00e9chets \u00e9lectroniques (ElektroG)<\/h1>\n<p style=\"text-align: justify;\"><img decoding=\"async\" class=\"alignleft wp-image-5946 \" style=\"margin: 5px; border: 3px solid white;\" title=\"loi sur les batteries-bacs\" src=\"https:\/\/remstim.com\/wp-content\/uploads\/2015\/12\/Mu%CC%88lltonne-ElektroG-210x300.jpg\" alt=\"\" width=\"161\" height=\"230\">A partir de mars 2006, conform\u00e9ment \u00e0 la loi sur les appareils \u00e9lectriques et \u00e9lectroniques (ElektroG), les appareils usag\u00e9s ne peuvent plus \u00eatre \u00e9limin\u00e9s avec les d\u00e9chets m\u00e9nagers. Sont concern\u00e9s non seulement les appareils \u00e9lectriques typiques comme les t\u00e9l\u00e9viseurs, les machines \u00e0 laver ou les r\u00e9frig\u00e9rateurs, mais aussi, par exemple, les jeux vid\u00e9o, les haut-parleurs, les ordinateurs, les ordinateurs portables, les lecteurs MP3, les p\u00e9riph\u00e9riques, les imprimantes, les t\u00e9l\u00e9phones, les jouets \u00e9lectriques pour enfants ou d&#8217;autres appareils usag\u00e9s fonctionnant \u00e0 l&#8217;\u00e9lectricit\u00e9. Ces appareils sont reconnaissables au symbole de la &#8220;poubelle barr\u00e9e&#8221;. Vous trouverez ce symbole sur les appareils ou sur l&#8217;emballage. Vous pouvez par exemple d\u00e9poser gratuitement les d\u00e9chets \u00e9lectroniques dans les centres de collecte communaux. Votre service communal de gestion des d\u00e9chets ou les centres d&#8217;information des consommateurs peuvent vous renseigner sur l&#8217;emplacement exact de ces points de collecte.<\/p>\n<p style=\"text-align: justify;\">Vous trouverez en outre cette remarque dans les documents d&#8217;accompagnement<a title=\"Mode d'emploi REMSTIM 3000\" href=\"https:\/\/remstim.com\/fr\/remstim-3000\/mode-demploi-remstim-3000\/\">(mode d&#8217;emploi<\/a>) du <a title=\"REMSTIM 3000\" href=\"https:\/\/remstim.com\/fr\/remstim-3000\/\">REMSTIM 3000<\/a>.<\/p>\n","protected":false},"excerpt":{"rendered":"<p>Informations sur l&#8217;\u00e9limination des appareils usag\u00e9s et des d\u00e9chets \u00e9lectroniques (ElektroG) A partir de mars 2006, conform\u00e9ment \u00e0 la loi sur les appareils \u00e9lectriques et \u00e9lectroniques (ElektroG), les appareils usag\u00e9s ne peuvent plus \u00eatre \u00e9limin\u00e9s avec les d\u00e9chets m\u00e9nagers. Sont concern\u00e9s non seulement les appareils \u00e9lectriques typiques comme les t\u00e9l\u00e9viseurs, les machines \u00e0 laver ou [&hellip;]<\/p>\n","protected":false},"author":1,"featured_media":0,"parent":11753,"menu_order":11,"comment_status":"closed","ping_status":"closed","template":"","meta":{"_acf_changed":false,"site-sidebar-layout":"default","site-content-layout":"default","ast-site-content-layout":"default","site-content-style":"default","site-sidebar-style":"default","ast-global-header-display":"","ast-banner-title-visibility":"","ast-main-header-display":"","ast-hfb-above-header-display":"","ast-hfb-below-header-display":"","ast-hfb-mobile-header-display":"","site-post-title":"","ast-breadcrumbs-content":"","ast-featured-img":"","footer-sml-layout":"","ast-disable-related-posts":"","theme-transparent-header-meta":"default","adv-header-id-meta":"","stick-header-meta":"default","header-above-stick-meta":"","header-main-stick-meta":"","header-below-stick-meta":"","astra-migrate-meta-layouts":"default","ast-page-background-enabled":"default","ast-page-background-meta":{"desktop":{"background-color":"var(--ast-global-color-4)","background-image":"","background-repeat":"repeat","background-position":"center center","background-size":"auto","background-attachment":"scroll","background-type":"","background-media":"","overlay-type":"","overlay-color":"","overlay-opacity":"","overlay-gradient":""},"tablet":{"background-color":"","background-image":"","background-repeat":"repeat","background-position":"center center","background-size":"auto","background-attachment":"scroll","background-type":"","background-media":"","overlay-type":"","overlay-color":"","overlay-opacity":"","overlay-gradient":""},"mobile":{"background-color":"","background-image":"","background-repeat":"repeat","background-position":"center center","background-size":"auto","background-attachment":"scroll","background-type":"","background-media":"","overlay-type":"","overlay-color":"","overlay-opacity":"","overlay-gradient":""}},"ast-content-background-meta":{"desktop":{"background-color":"var(--ast-global-color-5)","background-image":"","background-repeat":"repeat","background-position":"center center","background-size":"auto","background-attachment":"scroll","background-type":"","background-media":"","overlay-type":"","overlay-color":"","overlay-opacity":"","overlay-gradient":""},"tablet":{"background-color":"var(--ast-global-color-5)","background-image":"","background-repeat":"repeat","background-position":"center center","background-size":"auto","background-attachment":"scroll","background-type":"","background-media":"","overlay-type":"","overlay-color":"","overlay-opacity":"","overlay-gradient":""},"mobile":{"background-color":"var(--ast-global-color-5)","background-image":"","background-repeat":"repeat","background-position":"center center","background-size":"auto","background-attachment":"scroll","background-type":"","background-media":"","overlay-type":"","overlay-color":"","overlay-opacity":"","overlay-gradient":""}},"footnotes":""},"class_list":["post-11780","page","type-page","status-publish","hentry"],"acf":[],"yoast_head":"<!-- This site is optimized with the Yoast SEO plugin v27.4 - https:\/\/yoast.com\/product\/yoast-seo-wordpress\/ -->\n<title>Informations sur l&#039;\u00e9limination des appareils usag\u00e9s et des d\u00e9chets \u00e9lectroniques (ElektroG) - EMDR Ger\u00e4t REMSTIM 3000 gegen Stress<\/title>\n<meta name=\"robots\" content=\"noindex, nofollow\" \/>\n<meta property=\"og:locale\" content=\"fr_FR\" \/>\n<meta property=\"og:type\" content=\"article\" \/>\n<meta property=\"og:title\" content=\"Informations sur l&#039;\u00e9limination des appareils usag\u00e9s et des d\u00e9chets \u00e9lectroniques (ElektroG) - EMDR Ger\u00e4t REMSTIM 3000 gegen Stress\" \/>\n<meta property=\"og:description\" content=\"Informations sur l&#8217;\u00e9limination des appareils usag\u00e9s et des d\u00e9chets \u00e9lectroniques (ElektroG) A partir de mars 2006, conform\u00e9ment \u00e0 la loi sur les appareils \u00e9lectriques et \u00e9lectroniques (ElektroG), les appareils usag\u00e9s ne peuvent plus \u00eatre \u00e9limin\u00e9s avec les d\u00e9chets m\u00e9nagers. Sont concern\u00e9s non seulement les appareils \u00e9lectriques typiques comme les t\u00e9l\u00e9viseurs, les machines \u00e0 laver ou [&hellip;]\" \/>\n<meta property=\"og:url\" content=\"https:\/\/remstim.com\/fr\/remstim-3000\/informations-sur-lelimination-des-appareils-usages-et-des-dechets-electroniques-elektrog\/\" \/>\n<meta property=\"og:site_name\" content=\"EMDR Ger\u00e4t REMSTIM 3000 gegen Stress\" \/>\n<meta property=\"article:modified_time\" content=\"2023-09-15T07:39:55+00:00\" \/>\n<meta property=\"og:image\" content=\"https:\/\/remstim.com\/wp-content\/uploads\/2015\/12\/Mu%CC%88lltonne-ElektroG-210x300.jpg\" \/>\n<meta name=\"twitter:label1\" content=\"Dur\u00e9e de lecture estim\u00e9e\" \/>\n\t<meta name=\"twitter:data1\" content=\"1 minute\" \/>\n<script type=\"application\/ld+json\" class=\"yoast-schema-graph\">{\"@context\":\"https:\\\/\\\/schema.org\",\"@graph\":[{\"@type\":\"WebPage\",\"@id\":\"https:\\\/\\\/remstim.com\\\/fr\\\/remstim-3000\\\/informations-sur-lelimination-des-appareils-usages-et-des-dechets-electroniques-elektrog\\\/\",\"url\":\"https:\\\/\\\/remstim.com\\\/fr\\\/remstim-3000\\\/informations-sur-lelimination-des-appareils-usages-et-des-dechets-electroniques-elektrog\\\/\",\"name\":\"Informations sur l'\u00e9limination des appareils usag\u00e9s et des d\u00e9chets \u00e9lectroniques (ElektroG) - EMDR Ger\u00e4t REMSTIM 3000 gegen Stress\",\"isPartOf\":{\"@id\":\"https:\\\/\\\/remstim.com\\\/fr\\\/#website\"},\"primaryImageOfPage\":{\"@id\":\"https:\\\/\\\/remstim.com\\\/fr\\\/remstim-3000\\\/informations-sur-lelimination-des-appareils-usages-et-des-dechets-electroniques-elektrog\\\/#primaryimage\"},\"image\":{\"@id\":\"https:\\\/\\\/remstim.com\\\/fr\\\/remstim-3000\\\/informations-sur-lelimination-des-appareils-usages-et-des-dechets-electroniques-elektrog\\\/#primaryimage\"},\"thumbnailUrl\":\"https:\\\/\\\/remstim.com\\\/wp-content\\\/uploads\\\/2015\\\/12\\\/Mu%CC%88lltonne-ElektroG-210x300.jpg\",\"datePublished\":\"2015-12-01T08:12:38+00:00\",\"dateModified\":\"2023-09-15T07:39:55+00:00\",\"breadcrumb\":{\"@id\":\"https:\\\/\\\/remstim.com\\\/fr\\\/remstim-3000\\\/informations-sur-lelimination-des-appareils-usages-et-des-dechets-electroniques-elektrog\\\/#breadcrumb\"},\"inLanguage\":\"fr-FR\",\"potentialAction\":[{\"@type\":\"ReadAction\",\"target\":[\"https:\\\/\\\/remstim.com\\\/fr\\\/remstim-3000\\\/informations-sur-lelimination-des-appareils-usages-et-des-dechets-electroniques-elektrog\\\/\"]}]},{\"@type\":\"ImageObject\",\"inLanguage\":\"fr-FR\",\"@id\":\"https:\\\/\\\/remstim.com\\\/fr\\\/remstim-3000\\\/informations-sur-lelimination-des-appareils-usages-et-des-dechets-electroniques-elektrog\\\/#primaryimage\",\"url\":\"https:\\\/\\\/remstim.com\\\/wp-content\\\/uploads\\\/2015\\\/12\\\/Mu%CC%88lltonne-ElektroG-210x300.jpg\",\"contentUrl\":\"https:\\\/\\\/remstim.com\\\/wp-content\\\/uploads\\\/2015\\\/12\\\/Mu%CC%88lltonne-ElektroG-210x300.jpg\"},{\"@type\":\"BreadcrumbList\",\"@id\":\"https:\\\/\\\/remstim.com\\\/fr\\\/remstim-3000\\\/informations-sur-lelimination-des-appareils-usages-et-des-dechets-electroniques-elektrog\\\/#breadcrumb\",\"itemListElement\":[{\"@type\":\"ListItem\",\"position\":1,\"name\":\"Startseite\",\"item\":\"https:\\\/\\\/remstim.com\\\/fr\\\/\"},{\"@type\":\"ListItem\",\"position\":2,\"name\":\"Lunettes EMDR REMSTIM 3000\",\"item\":\"https:\\\/\\\/remstim.com\\\/fr\\\/remstim-3000\\\/\"},{\"@type\":\"ListItem\",\"position\":3,\"name\":\"Informations sur l&#8217;\u00e9limination des appareils usag\u00e9s et des d\u00e9chets \u00e9lectroniques (ElektroG)\"}]},{\"@type\":\"WebSite\",\"@id\":\"https:\\\/\\\/remstim.com\\\/fr\\\/#website\",\"url\":\"https:\\\/\\\/remstim.com\\\/fr\\\/\",\"name\":\"EMDR Ger\u00e4t REMSTIM 3000 gegen Stress\",\"description\":\"Wie wir schnell Entspannung finden.\",\"publisher\":{\"@id\":\"https:\\\/\\\/remstim.com\\\/fr\\\/#organization\"},\"potentialAction\":[{\"@type\":\"SearchAction\",\"target\":{\"@type\":\"EntryPoint\",\"urlTemplate\":\"https:\\\/\\\/remstim.com\\\/fr\\\/?s={search_term_string}\"},\"query-input\":{\"@type\":\"PropertyValueSpecification\",\"valueRequired\":true,\"valueName\":\"search_term_string\"}}],\"inLanguage\":\"fr-FR\"},{\"@type\":\"Organization\",\"@id\":\"https:\\\/\\\/remstim.com\\\/fr\\\/#organization\",\"name\":\"EMDR Ger\u00e4t REMSTIM 3000 gegen Stress\",\"url\":\"https:\\\/\\\/remstim.com\\\/fr\\\/\",\"logo\":{\"@type\":\"ImageObject\",\"inLanguage\":\"fr-FR\",\"@id\":\"https:\\\/\\\/remstim.com\\\/fr\\\/#\\\/schema\\\/logo\\\/image\\\/\",\"url\":\"https:\\\/\\\/remstim.com\\\/wp-content\\\/uploads\\\/2012\\\/06\\\/REMSTIM-Logo-mit-Untertitel_orange-e1340382850185.png\",\"contentUrl\":\"https:\\\/\\\/remstim.com\\\/wp-content\\\/uploads\\\/2012\\\/06\\\/REMSTIM-Logo-mit-Untertitel_orange-e1340382850185.png\",\"width\":304,\"height\":80,\"caption\":\"EMDR Ger\u00e4t REMSTIM 3000 gegen Stress\"},\"image\":{\"@id\":\"https:\\\/\\\/remstim.com\\\/fr\\\/#\\\/schema\\\/logo\\\/image\\\/\"}}]}<\/script>\n<!-- \/ Yoast SEO plugin. -->","yoast_head_json":{"title":"Informations sur l'\u00e9limination des appareils usag\u00e9s et des d\u00e9chets \u00e9lectroniques (ElektroG) - EMDR Ger\u00e4t REMSTIM 3000 gegen Stress","robots":{"index":"noindex","follow":"nofollow"},"og_locale":"fr_FR","og_type":"article","og_title":"Informations sur l'\u00e9limination des appareils usag\u00e9s et des d\u00e9chets \u00e9lectroniques (ElektroG) - EMDR Ger\u00e4t REMSTIM 3000 gegen Stress","og_description":"Informations sur l&#8217;\u00e9limination des appareils usag\u00e9s et des d\u00e9chets \u00e9lectroniques (ElektroG) A partir de mars 2006, conform\u00e9ment \u00e0 la loi sur les appareils \u00e9lectriques et \u00e9lectroniques (ElektroG), les appareils usag\u00e9s ne peuvent plus \u00eatre \u00e9limin\u00e9s avec les d\u00e9chets m\u00e9nagers. Sont concern\u00e9s non seulement les appareils \u00e9lectriques typiques comme les t\u00e9l\u00e9viseurs, les machines \u00e0 laver ou [&hellip;]","og_url":"https:\/\/remstim.com\/fr\/remstim-3000\/informations-sur-lelimination-des-appareils-usages-et-des-dechets-electroniques-elektrog\/","og_site_name":"EMDR Ger\u00e4t REMSTIM 3000 gegen Stress","article_modified_time":"2023-09-15T07:39:55+00:00","og_image":[{"url":"https:\/\/remstim.com\/wp-content\/uploads\/2015\/12\/Mu%CC%88lltonne-ElektroG-210x300.jpg","type":"","width":"","height":""}],"twitter_misc":{"Dur\u00e9e de lecture estim\u00e9e":"1 minute"},"schema":{"@context":"https:\/\/schema.org","@graph":[{"@type":"WebPage","@id":"https:\/\/remstim.com\/fr\/remstim-3000\/informations-sur-lelimination-des-appareils-usages-et-des-dechets-electroniques-elektrog\/","url":"https:\/\/remstim.com\/fr\/remstim-3000\/informations-sur-lelimination-des-appareils-usages-et-des-dechets-electroniques-elektrog\/","name":"Informations sur l'\u00e9limination des appareils usag\u00e9s et des d\u00e9chets \u00e9lectroniques (ElektroG) - EMDR Ger\u00e4t REMSTIM 3000 gegen Stress","isPartOf":{"@id":"https:\/\/remstim.com\/fr\/#website"},"primaryImageOfPage":{"@id":"https:\/\/remstim.com\/fr\/remstim-3000\/informations-sur-lelimination-des-appareils-usages-et-des-dechets-electroniques-elektrog\/#primaryimage"},"image":{"@id":"https:\/\/remstim.com\/fr\/remstim-3000\/informations-sur-lelimination-des-appareils-usages-et-des-dechets-electroniques-elektrog\/#primaryimage"},"thumbnailUrl":"https:\/\/remstim.com\/wp-content\/uploads\/2015\/12\/Mu%CC%88lltonne-ElektroG-210x300.jpg","datePublished":"2015-12-01T08:12:38+00:00","dateModified":"2023-09-15T07:39:55+00:00","breadcrumb":{"@id":"https:\/\/remstim.com\/fr\/remstim-3000\/informations-sur-lelimination-des-appareils-usages-et-des-dechets-electroniques-elektrog\/#breadcrumb"},"inLanguage":"fr-FR","potentialAction":[{"@type":"ReadAction","target":["https:\/\/remstim.com\/fr\/remstim-3000\/informations-sur-lelimination-des-appareils-usages-et-des-dechets-electroniques-elektrog\/"]}]},{"@type":"ImageObject","inLanguage":"fr-FR","@id":"https:\/\/remstim.com\/fr\/remstim-3000\/informations-sur-lelimination-des-appareils-usages-et-des-dechets-electroniques-elektrog\/#primaryimage","url":"https:\/\/remstim.com\/wp-content\/uploads\/2015\/12\/Mu%CC%88lltonne-ElektroG-210x300.jpg","contentUrl":"https:\/\/remstim.com\/wp-content\/uploads\/2015\/12\/Mu%CC%88lltonne-ElektroG-210x300.jpg"},{"@type":"BreadcrumbList","@id":"https:\/\/remstim.com\/fr\/remstim-3000\/informations-sur-lelimination-des-appareils-usages-et-des-dechets-electroniques-elektrog\/#breadcrumb","itemListElement":[{"@type":"ListItem","position":1,"name":"Startseite","item":"https:\/\/remstim.com\/fr\/"},{"@type":"ListItem","position":2,"name":"Lunettes EMDR REMSTIM 3000","item":"https:\/\/remstim.com\/fr\/remstim-3000\/"},{"@type":"ListItem","position":3,"name":"Informations sur l&#8217;\u00e9limination des appareils usag\u00e9s et des d\u00e9chets \u00e9lectroniques (ElektroG)"}]},{"@type":"WebSite","@id":"https:\/\/remstim.com\/fr\/#website","url":"https:\/\/remstim.com\/fr\/","name":"EMDR Ger\u00e4t REMSTIM 3000 gegen Stress","description":"Wie wir schnell Entspannung finden.","publisher":{"@id":"https:\/\/remstim.com\/fr\/#organization"},"potentialAction":[{"@type":"SearchAction","target":{"@type":"EntryPoint","urlTemplate":"https:\/\/remstim.com\/fr\/?s={search_term_string}"},"query-input":{"@type":"PropertyValueSpecification","valueRequired":true,"valueName":"search_term_string"}}],"inLanguage":"fr-FR"},{"@type":"Organization","@id":"https:\/\/remstim.com\/fr\/#organization","name":"EMDR Ger\u00e4t REMSTIM 3000 gegen Stress","url":"https:\/\/remstim.com\/fr\/","logo":{"@type":"ImageObject","inLanguage":"fr-FR","@id":"https:\/\/remstim.com\/fr\/#\/schema\/logo\/image\/","url":"https:\/\/remstim.com\/wp-content\/uploads\/2012\/06\/REMSTIM-Logo-mit-Untertitel_orange-e1340382850185.png","contentUrl":"https:\/\/remstim.com\/wp-content\/uploads\/2012\/06\/REMSTIM-Logo-mit-Untertitel_orange-e1340382850185.png","width":304,"height":80,"caption":"EMDR Ger\u00e4t REMSTIM 3000 gegen Stress"},"image":{"@id":"https:\/\/remstim.com\/fr\/#\/schema\/logo\/image\/"}}]}},"_links":{"self":[{"href":"https:\/\/remstim.com\/fr\/wp-json\/wp\/v2\/pages\/11780","targetHints":{"allow":["GET"]}}],"collection":[{"href":"https:\/\/remstim.com\/fr\/wp-json\/wp\/v2\/pages"}],"about":[{"href":"https:\/\/remstim.com\/fr\/wp-json\/wp\/v2\/types\/page"}],"author":[{"embeddable":true,"href":"https:\/\/remstim.com\/fr\/wp-json\/wp\/v2\/users\/1"}],"replies":[{"embeddable":true,"href":"https:\/\/remstim.com\/fr\/wp-json\/wp\/v2\/comments?post=11780"}],"version-history":[{"count":0,"href":"https:\/\/remstim.com\/fr\/wp-json\/wp\/v2\/pages\/11780\/revisions"}],"up":[{"embeddable":true,"href":"https:\/\/remstim.com\/fr\/wp-json\/wp\/v2\/pages\/11753"}],"wp:attachment":[{"href":"https:\/\/remstim.com\/fr\/wp-json\/wp\/v2\/media?parent=11780"}],"curies":[{"name":"wp","href":"https:\/\/api.w.org\/{rel}","templated":true}]}}