{"id":11793,"date":"2018-10-26T08:37:12","date_gmt":"2018-10-26T08:37:12","guid":{"rendered":"https:\/\/remstim.de\/conseils-pour-lauto-coaching-emdr\/"},"modified":"2024-09-22T12:33:28","modified_gmt":"2024-09-22T12:33:28","slug":"conseils-pour-lauto-coaching-emdr","status":"publish","type":"page","link":"https:\/\/remstim.com\/fr\/conseils-pour-lauto-coaching-emdr\/","title":{"rendered":"Conseils et vid\u00e9os pour l&#8217;auto-coaching EMDR"},"content":{"rendered":"<h1>De pr\u00e9cieux conseils, parfois accompagn\u00e9s de vid\u00e9os, sur l&#8217;auto-coaching EMDR<\/h1>\n<p> Remarque importante : les vid\u00e9os sont en allemand, mais disposent de sous-titres en allemand, anglais, fran\u00e7ais, espagnol, italien, n\u00e9erlandais et polonais. Dans la vid\u00e9o, s\u00e9lectionnez votre langue pr\u00e9f\u00e9r\u00e9e en cliquant sur l&#8217;ic\u00f4ne en forme de roue dent\u00e9e en bas de la vid\u00e9o. Visitez \u00e9galement notre <a href=\"https:\/\/www.youtube.com\/@remstim\" target=\"_blank\" rel=\"noopener\">cha\u00eene YOUTUBE<\/a>.   \t\t<div data-elementor-type=\"section\" data-elementor-id=\"14045\" class=\"elementor elementor-14045 elementor-9583\" data-elementor-post-type=\"elementor_library\">\n\t\t\t\t\t<section class=\"elementor-section elementor-top-section elementor-element elementor-element-682900dc elementor-section-full_width elementor-section-height-default elementor-section-height-default\" data-id=\"682900dc\" data-element_type=\"section\" data-e-type=\"section\">\n\t\t\t\t\t\t<div class=\"elementor-container elementor-column-gap-default\">\n\t\t\t\t\t<div class=\"elementor-column elementor-col-100 elementor-top-column elementor-element elementor-element-4d398746\" data-id=\"4d398746\" data-element_type=\"column\" data-e-type=\"column\">\n\t\t\t<div class=\"elementor-widget-wrap elementor-element-populated\">\n\t\t\t\t\t\t\t<\/div>\n\t\t<\/div>\n\t\t\t\t\t<\/div>\n\t\t<\/section>\n\t\t\t\t<\/div>\n\t\t\n<p>&nbsp;<\/p>\n","protected":false},"excerpt":{"rendered":"<p>De pr\u00e9cieux conseils, parfois accompagn\u00e9s de vid\u00e9os, sur l&#8217;auto-coaching EMDR Remarque importante : les vid\u00e9os sont en allemand, mais disposent de sous-titres en allemand, anglais, fran\u00e7ais, espagnol, italien, n\u00e9erlandais et polonais. Dans la vid\u00e9o, s\u00e9lectionnez votre langue pr\u00e9f\u00e9r\u00e9e en cliquant sur l&#8217;ic\u00f4ne en forme de roue dent\u00e9e en bas de la vid\u00e9o. Visitez \u00e9galement notre [&hellip;]<\/p>\n","protected":false},"author":1,"featured_media":0,"parent":0,"menu_order":2,"comment_status":"closed","ping_status":"closed","template":"","meta":{"_acf_changed":false,"site-sidebar-layout":"default","site-content-layout":"default","ast-site-content-layout":"default","site-content-style":"default","site-sidebar-style":"default","ast-global-header-display":"","ast-banner-title-visibility":"","ast-main-header-display":"","ast-hfb-above-header-display":"","ast-hfb-below-header-display":"","ast-hfb-mobile-header-display":"","site-post-title":"","ast-breadcrumbs-content":"","ast-featured-img":"","footer-sml-layout":"","ast-disable-related-posts":"","theme-transparent-header-meta":"default","adv-header-id-meta":"","stick-header-meta":"default","header-above-stick-meta":"","header-main-stick-meta":"","header-below-stick-meta":"","astra-migrate-meta-layouts":"default","ast-page-background-enabled":"default","ast-page-background-meta":{"desktop":{"background-color":"var(--ast-global-color-4)","background-image":"","background-repeat":"repeat","background-position":"center center","background-size":"auto","background-attachment":"scroll","background-type":"","background-media":"","overlay-type":"","overlay-color":"","overlay-opacity":"","overlay-gradient":""},"tablet":{"background-color":"","background-image":"","background-repeat":"repeat","background-position":"center center","background-size":"auto","background-attachment":"scroll","background-type":"","background-media":"","overlay-type":"","overlay-color":"","overlay-opacity":"","overlay-gradient":""},"mobile":{"background-color":"","background-image":"","background-repeat":"repeat","background-position":"center center","background-size":"auto","background-attachment":"scroll","background-type":"","background-media":"","overlay-type":"","overlay-color":"","overlay-opacity":"","overlay-gradient":""}},"ast-content-background-meta":{"desktop":{"background-color":"var(--ast-global-color-5)","background-image":"","background-repeat":"repeat","background-position":"center center","background-size":"auto","background-attachment":"scroll","background-type":"","background-media":"","overlay-type":"","overlay-color":"","overlay-opacity":"","overlay-gradient":""},"tablet":{"background-color":"var(--ast-global-color-5)","background-image":"","background-repeat":"repeat","background-position":"center center","background-size":"auto","background-attachment":"scroll","background-type":"","background-media":"","overlay-type":"","overlay-color":"","overlay-opacity":"","overlay-gradient":""},"mobile":{"background-color":"var(--ast-global-color-5)","background-image":"","background-repeat":"repeat","background-position":"center center","background-size":"auto","background-attachment":"scroll","background-type":"","background-media":"","overlay-type":"","overlay-color":"","overlay-opacity":"","overlay-gradient":""}},"footnotes":""},"class_list":["post-11793","page","type-page","status-publish","hentry"],"acf":[],"yoast_head":"<!-- This site is optimized with the Yoast SEO plugin v27.3 - https:\/\/yoast.com\/product\/yoast-seo-wordpress\/ -->\n<title>Conseils et vid\u00e9os pour l&#039;auto-coaching EMDR - EMDR Ger\u00e4t REMSTIM 3000 gegen Stress<\/title>\n<meta name=\"robots\" content=\"index, follow, max-snippet:-1, max-image-preview:large, max-video-preview:-1\" \/>\n<link rel=\"canonical\" href=\"https:\/\/remstim.com\/fr\/conseils-pour-lauto-coaching-emdr\/\" \/>\n<meta property=\"og:locale\" content=\"fr_FR\" \/>\n<meta property=\"og:type\" content=\"article\" \/>\n<meta property=\"og:title\" content=\"Conseils et vid\u00e9os pour l&#039;auto-coaching EMDR - EMDR Ger\u00e4t REMSTIM 3000 gegen Stress\" \/>\n<meta property=\"og:description\" content=\"De pr\u00e9cieux conseils, parfois accompagn\u00e9s de vid\u00e9os, sur l&#8217;auto-coaching EMDR Remarque importante : les vid\u00e9os sont en allemand, mais disposent de sous-titres en allemand, anglais, fran\u00e7ais, espagnol, italien, n\u00e9erlandais et polonais. Dans la vid\u00e9o, s\u00e9lectionnez votre langue pr\u00e9f\u00e9r\u00e9e en cliquant sur l&#8217;ic\u00f4ne en forme de roue dent\u00e9e en bas de la vid\u00e9o. Visitez \u00e9galement notre [&hellip;]\" \/>\n<meta property=\"og:url\" content=\"https:\/\/remstim.com\/fr\/conseils-pour-lauto-coaching-emdr\/\" \/>\n<meta property=\"og:site_name\" content=\"EMDR Ger\u00e4t REMSTIM 3000 gegen Stress\" \/>\n<meta property=\"article:modified_time\" content=\"2024-09-22T12:33:28+00:00\" \/>\n<meta name=\"twitter:label1\" content=\"Dur\u00e9e de lecture estim\u00e9e\" \/>\n\t<meta name=\"twitter:data1\" content=\"1 minute\" \/>\n<script type=\"application\/ld+json\" class=\"yoast-schema-graph\">{\"@context\":\"https:\\\/\\\/schema.org\",\"@graph\":[{\"@type\":\"WebPage\",\"@id\":\"https:\\\/\\\/remstim.com\\\/fr\\\/conseils-pour-lauto-coaching-emdr\\\/\",\"url\":\"https:\\\/\\\/remstim.com\\\/fr\\\/conseils-pour-lauto-coaching-emdr\\\/\",\"name\":\"Conseils et vid\u00e9os pour l'auto-coaching EMDR - EMDR Ger\u00e4t REMSTIM 3000 gegen Stress\",\"isPartOf\":{\"@id\":\"https:\\\/\\\/remstim.com\\\/fr\\\/#website\"},\"datePublished\":\"2018-10-26T08:37:12+00:00\",\"dateModified\":\"2024-09-22T12:33:28+00:00\",\"breadcrumb\":{\"@id\":\"https:\\\/\\\/remstim.com\\\/fr\\\/conseils-pour-lauto-coaching-emdr\\\/#breadcrumb\"},\"inLanguage\":\"fr-FR\",\"potentialAction\":[{\"@type\":\"ReadAction\",\"target\":[\"https:\\\/\\\/remstim.com\\\/fr\\\/conseils-pour-lauto-coaching-emdr\\\/\"]}]},{\"@type\":\"BreadcrumbList\",\"@id\":\"https:\\\/\\\/remstim.com\\\/fr\\\/conseils-pour-lauto-coaching-emdr\\\/#breadcrumb\",\"itemListElement\":[{\"@type\":\"ListItem\",\"position\":1,\"name\":\"Startseite\",\"item\":\"https:\\\/\\\/remstim.com\\\/fr\\\/\"},{\"@type\":\"ListItem\",\"position\":2,\"name\":\"Conseils et vid\u00e9os pour l&#8217;auto-coaching EMDR\"}]},{\"@type\":\"WebSite\",\"@id\":\"https:\\\/\\\/remstim.com\\\/fr\\\/#website\",\"url\":\"https:\\\/\\\/remstim.com\\\/fr\\\/\",\"name\":\"EMDR Ger\u00e4t REMSTIM 3000 gegen Stress\",\"description\":\"Wie wir schnell Entspannung finden.\",\"publisher\":{\"@id\":\"https:\\\/\\\/remstim.com\\\/fr\\\/#organization\"},\"potentialAction\":[{\"@type\":\"SearchAction\",\"target\":{\"@type\":\"EntryPoint\",\"urlTemplate\":\"https:\\\/\\\/remstim.com\\\/fr\\\/?s={search_term_string}\"},\"query-input\":{\"@type\":\"PropertyValueSpecification\",\"valueRequired\":true,\"valueName\":\"search_term_string\"}}],\"inLanguage\":\"fr-FR\"},{\"@type\":\"Organization\",\"@id\":\"https:\\\/\\\/remstim.com\\\/fr\\\/#organization\",\"name\":\"EMDR Ger\u00e4t REMSTIM 3000 gegen Stress\",\"url\":\"https:\\\/\\\/remstim.com\\\/fr\\\/\",\"logo\":{\"@type\":\"ImageObject\",\"inLanguage\":\"fr-FR\",\"@id\":\"https:\\\/\\\/remstim.com\\\/fr\\\/#\\\/schema\\\/logo\\\/image\\\/\",\"url\":\"https:\\\/\\\/remstim.com\\\/wp-content\\\/uploads\\\/2012\\\/06\\\/REMSTIM-Logo-mit-Untertitel_orange-e1340382850185.png\",\"contentUrl\":\"https:\\\/\\\/remstim.com\\\/wp-content\\\/uploads\\\/2012\\\/06\\\/REMSTIM-Logo-mit-Untertitel_orange-e1340382850185.png\",\"width\":304,\"height\":80,\"caption\":\"EMDR Ger\u00e4t REMSTIM 3000 gegen Stress\"},\"image\":{\"@id\":\"https:\\\/\\\/remstim.com\\\/fr\\\/#\\\/schema\\\/logo\\\/image\\\/\"}}]}<\/script>\n<!-- \/ Yoast SEO plugin. -->","yoast_head_json":{"title":"Conseils et vid\u00e9os pour l'auto-coaching EMDR - EMDR Ger\u00e4t REMSTIM 3000 gegen Stress","robots":{"index":"index","follow":"follow","max-snippet":"max-snippet:-1","max-image-preview":"max-image-preview:large","max-video-preview":"max-video-preview:-1"},"canonical":"https:\/\/remstim.com\/fr\/conseils-pour-lauto-coaching-emdr\/","og_locale":"fr_FR","og_type":"article","og_title":"Conseils et vid\u00e9os pour l'auto-coaching EMDR - EMDR Ger\u00e4t REMSTIM 3000 gegen Stress","og_description":"De pr\u00e9cieux conseils, parfois accompagn\u00e9s de vid\u00e9os, sur l&#8217;auto-coaching EMDR Remarque importante : les vid\u00e9os sont en allemand, mais disposent de sous-titres en allemand, anglais, fran\u00e7ais, espagnol, italien, n\u00e9erlandais et polonais. Dans la vid\u00e9o, s\u00e9lectionnez votre langue pr\u00e9f\u00e9r\u00e9e en cliquant sur l&#8217;ic\u00f4ne en forme de roue dent\u00e9e en bas de la vid\u00e9o. Visitez \u00e9galement notre [&hellip;]","og_url":"https:\/\/remstim.com\/fr\/conseils-pour-lauto-coaching-emdr\/","og_site_name":"EMDR Ger\u00e4t REMSTIM 3000 gegen Stress","article_modified_time":"2024-09-22T12:33:28+00:00","twitter_misc":{"Dur\u00e9e de lecture estim\u00e9e":"1 minute"},"schema":{"@context":"https:\/\/schema.org","@graph":[{"@type":"WebPage","@id":"https:\/\/remstim.com\/fr\/conseils-pour-lauto-coaching-emdr\/","url":"https:\/\/remstim.com\/fr\/conseils-pour-lauto-coaching-emdr\/","name":"Conseils et vid\u00e9os pour l'auto-coaching EMDR - EMDR Ger\u00e4t REMSTIM 3000 gegen Stress","isPartOf":{"@id":"https:\/\/remstim.com\/fr\/#website"},"datePublished":"2018-10-26T08:37:12+00:00","dateModified":"2024-09-22T12:33:28+00:00","breadcrumb":{"@id":"https:\/\/remstim.com\/fr\/conseils-pour-lauto-coaching-emdr\/#breadcrumb"},"inLanguage":"fr-FR","potentialAction":[{"@type":"ReadAction","target":["https:\/\/remstim.com\/fr\/conseils-pour-lauto-coaching-emdr\/"]}]},{"@type":"BreadcrumbList","@id":"https:\/\/remstim.com\/fr\/conseils-pour-lauto-coaching-emdr\/#breadcrumb","itemListElement":[{"@type":"ListItem","position":1,"name":"Startseite","item":"https:\/\/remstim.com\/fr\/"},{"@type":"ListItem","position":2,"name":"Conseils et vid\u00e9os pour l&#8217;auto-coaching EMDR"}]},{"@type":"WebSite","@id":"https:\/\/remstim.com\/fr\/#website","url":"https:\/\/remstim.com\/fr\/","name":"EMDR Ger\u00e4t REMSTIM 3000 gegen Stress","description":"Wie wir schnell Entspannung finden.","publisher":{"@id":"https:\/\/remstim.com\/fr\/#organization"},"potentialAction":[{"@type":"SearchAction","target":{"@type":"EntryPoint","urlTemplate":"https:\/\/remstim.com\/fr\/?s={search_term_string}"},"query-input":{"@type":"PropertyValueSpecification","valueRequired":true,"valueName":"search_term_string"}}],"inLanguage":"fr-FR"},{"@type":"Organization","@id":"https:\/\/remstim.com\/fr\/#organization","name":"EMDR Ger\u00e4t REMSTIM 3000 gegen Stress","url":"https:\/\/remstim.com\/fr\/","logo":{"@type":"ImageObject","inLanguage":"fr-FR","@id":"https:\/\/remstim.com\/fr\/#\/schema\/logo\/image\/","url":"https:\/\/remstim.com\/wp-content\/uploads\/2012\/06\/REMSTIM-Logo-mit-Untertitel_orange-e1340382850185.png","contentUrl":"https:\/\/remstim.com\/wp-content\/uploads\/2012\/06\/REMSTIM-Logo-mit-Untertitel_orange-e1340382850185.png","width":304,"height":80,"caption":"EMDR Ger\u00e4t REMSTIM 3000 gegen Stress"},"image":{"@id":"https:\/\/remstim.com\/fr\/#\/schema\/logo\/image\/"}}]}},"_links":{"self":[{"href":"https:\/\/remstim.com\/fr\/wp-json\/wp\/v2\/pages\/11793","targetHints":{"allow":["GET"]}}],"collection":[{"href":"https:\/\/remstim.com\/fr\/wp-json\/wp\/v2\/pages"}],"about":[{"href":"https:\/\/remstim.com\/fr\/wp-json\/wp\/v2\/types\/page"}],"author":[{"embeddable":true,"href":"https:\/\/remstim.com\/fr\/wp-json\/wp\/v2\/users\/1"}],"replies":[{"embeddable":true,"href":"https:\/\/remstim.com\/fr\/wp-json\/wp\/v2\/comments?post=11793"}],"version-history":[{"count":2,"href":"https:\/\/remstim.com\/fr\/wp-json\/wp\/v2\/pages\/11793\/revisions"}],"predecessor-version":[{"id":26485,"href":"https:\/\/remstim.com\/fr\/wp-json\/wp\/v2\/pages\/11793\/revisions\/26485"}],"wp:attachment":[{"href":"https:\/\/remstim.com\/fr\/wp-json\/wp\/v2\/media?parent=11793"}],"curies":[{"name":"wp","href":"https:\/\/api.w.org\/{rel}","templated":true}]}}