{"id":11797,"date":"2016-08-16T08:09:15","date_gmt":"2016-08-16T08:09:15","guid":{"rendered":"https:\/\/remstim.de\/societe-europeenne-de-therapie-traumatique-et-emdr-e-v\/"},"modified":"2025-08-21T21:52:32","modified_gmt":"2025-08-21T21:52:32","slug":"societe-europeenne-de-therapie-traumatique-et-emdr-e-v","status":"publish","type":"page","link":"https:\/\/remstim.com\/fr\/societe-europeenne-de-therapie-traumatique-et-emdr-e-v\/","title":{"rendered":"Soci\u00e9t\u00e9 europ\u00e9enne de th\u00e9rapie traumatique et EMDR e.V."},"content":{"rendered":"<p><img fetchpriority=\"high\" decoding=\"async\" class=\"alignleft wp-image-6805\" src=\"https:\/\/remstim.com\/wp-content\/uploads\/2016\/09\/Logo-Europaeischen-Gesellschaft-fuer-Traumatherapie-und-EMDR-e.V.png\" alt=\"Soci\u00e9t\u00e9 europ\u00e9enne de th\u00e9rapie traumatique et EMDR e.V.\" width=\"300\" height=\"300\" srcset=\"https:\/\/remstim.com\/wp-content\/uploads\/2016\/09\/Logo-Europaeischen-Gesellschaft-fuer-Traumatherapie-und-EMDR-e.V.png 650w, https:\/\/remstim.com\/wp-content\/uploads\/2016\/09\/Logo-Europaeischen-Gesellschaft-fuer-Traumatherapie-und-EMDR-e.V-300x300.png 300w, https:\/\/remstim.com\/wp-content\/uploads\/2016\/09\/Logo-Europaeischen-Gesellschaft-fuer-Traumatherapie-und-EMDR-e.V-100x100.png 100w, https:\/\/remstim.com\/wp-content\/uploads\/2016\/09\/Logo-Europaeischen-Gesellschaft-fuer-Traumatherapie-und-EMDR-e.V-600x600.png 600w, https:\/\/remstim.com\/wp-content\/uploads\/2016\/09\/Logo-Europaeischen-Gesellschaft-fuer-Traumatherapie-und-EMDR-e.V-150x150.png 150w\" sizes=\"(max-width: 300px) 100vw, 300px\" \/><a href=\"https:\/\/remstim.com\/coach-trainer-erfinder-emdr-brille-remstim-3000-selbstcoaching-methode\/\">Thomas Buhl<\/a> est <strong>membre de l&#8217;Association europ\u00e9enne pour la th\u00e9rapie des traumatismes et l&#8217;EMDR (European Society for Traumat Therapy and EMDR e.V.<\/strong>).<\/p>\n<p>L&#8217;objectif de la <strong>Soci\u00e9t\u00e9 europ\u00e9enne de th\u00e9rapie traumatique et d&#8217;EMDR e.V<\/strong>. est, entre autres, de permettre aux personnes cherchant de l&#8217;aide de trouver des th\u00e9rapeutes EMDR et traumatiques qualifi\u00e9s et form\u00e9s gr\u00e2ce \u00e0 une fonction de recherche et de faciliter le contact.<\/p>\n<p>En outre, les th\u00e9rapeutes doivent \u00eatre mis en r\u00e9seau \u00e0 l&#8217;\u00e9chelle nationale afin de favoriser l&#8217;\u00e9change de connaissances.<\/p>\n<p>En outre, l&#8217;association met \u00e0 disposition des informations g\u00e9n\u00e9rales sur l&#8217;<strong>EMDR &#8211; Eye Movement Desensitization and Reprocessing<\/strong>.<\/p>\n<p>Pour plus d&#8217;informations, veuillez consulter le site Internet de la <a href=\"http:\/\/traumatherapie-emdr.eu\/\" target=\"_blank\" rel=\"noopener\">Soci\u00e9t\u00e9 europ\u00e9enne de th\u00e9rapie traumatique et d&#8217;EMDR e.<\/a> V. . <a href=\"http:\/\/traumatherapie-emdr.eu\/\" target=\"_blank\" rel=\"noopener\">(lire la suite<\/a>)<\/p>\n","protected":false},"excerpt":{"rendered":"<p>Thomas Buhl est membre de l&#8217;Association europ\u00e9enne pour la th\u00e9rapie des traumatismes et l&#8217;EMDR (European Society for Traumat Therapy and EMDR e.V.). L&#8217;objectif de la Soci\u00e9t\u00e9 europ\u00e9enne de th\u00e9rapie traumatique et d&#8217;EMDR e.V. est, entre autres, de permettre aux personnes cherchant de l&#8217;aide de trouver des th\u00e9rapeutes EMDR et traumatiques qualifi\u00e9s et form\u00e9s gr\u00e2ce \u00e0 [&hellip;]<\/p>\n","protected":false},"author":1,"featured_media":0,"parent":0,"menu_order":27,"comment_status":"closed","ping_status":"closed","template":"","meta":{"_acf_changed":false,"site-sidebar-layout":"default","site-content-layout":"default","ast-site-content-layout":"default","site-content-style":"default","site-sidebar-style":"default","ast-global-header-display":"","ast-banner-title-visibility":"","ast-main-header-display":"","ast-hfb-above-header-display":"","ast-hfb-below-header-display":"","ast-hfb-mobile-header-display":"","site-post-title":"","ast-breadcrumbs-content":"","ast-featured-img":"","footer-sml-layout":"","ast-disable-related-posts":"","theme-transparent-header-meta":"default","adv-header-id-meta":"","stick-header-meta":"default","header-above-stick-meta":"","header-main-stick-meta":"","header-below-stick-meta":"","astra-migrate-meta-layouts":"default","ast-page-background-enabled":"default","ast-page-background-meta":{"desktop":{"background-color":"var(--ast-global-color-4)","background-image":"","background-repeat":"repeat","background-position":"center center","background-size":"auto","background-attachment":"scroll","background-type":"","background-media":"","overlay-type":"","overlay-color":"","overlay-opacity":"","overlay-gradient":""},"tablet":{"background-color":"","background-image":"","background-repeat":"repeat","background-position":"center center","background-size":"auto","background-attachment":"scroll","background-type":"","background-media":"","overlay-type":"","overlay-color":"","overlay-opacity":"","overlay-gradient":""},"mobile":{"background-color":"","background-image":"","background-repeat":"repeat","background-position":"center center","background-size":"auto","background-attachment":"scroll","background-type":"","background-media":"","overlay-type":"","overlay-color":"","overlay-opacity":"","overlay-gradient":""}},"ast-content-background-meta":{"desktop":{"background-color":"var(--ast-global-color-5)","background-image":"","background-repeat":"repeat","background-position":"center center","background-size":"auto","background-attachment":"scroll","background-type":"","background-media":"","overlay-type":"","overlay-color":"","overlay-opacity":"","overlay-gradient":""},"tablet":{"background-color":"var(--ast-global-color-5)","background-image":"","background-repeat":"repeat","background-position":"center center","background-size":"auto","background-attachment":"scroll","background-type":"","background-media":"","overlay-type":"","overlay-color":"","overlay-opacity":"","overlay-gradient":""},"mobile":{"background-color":"var(--ast-global-color-5)","background-image":"","background-repeat":"repeat","background-position":"center center","background-size":"auto","background-attachment":"scroll","background-type":"","background-media":"","overlay-type":"","overlay-color":"","overlay-opacity":"","overlay-gradient":""}},"footnotes":""},"class_list":["post-11797","page","type-page","status-publish","hentry"],"acf":[],"yoast_head":"<!-- This site is optimized with the Yoast SEO plugin v27.3 - https:\/\/yoast.com\/product\/yoast-seo-wordpress\/ -->\n<title>Soci\u00e9t\u00e9 europ\u00e9enne de th\u00e9rapie traumatique et EMDR e.V.<\/title>\n<meta name=\"description\" content=\"L&#039;objectif est, entre autres, de permettre aux personnes cherchant de l&#039;aide de trouver des th\u00e9rapeutes EMDR et traumatiques qualifi\u00e9s et form\u00e9s gr\u00e2ce \u00e0 une fonction de recherche...\" \/>\n<meta name=\"robots\" content=\"index, follow, max-snippet:-1, max-image-preview:large, max-video-preview:-1\" \/>\n<link rel=\"canonical\" href=\"https:\/\/remstim.com\/fr\/societe-europeenne-de-therapie-traumatique-et-emdr-e-v\/\" \/>\n<meta property=\"og:locale\" content=\"fr_FR\" \/>\n<meta property=\"og:type\" content=\"article\" \/>\n<meta property=\"og:title\" content=\"Soci\u00e9t\u00e9 europ\u00e9enne de th\u00e9rapie traumatique et EMDR e.V.\" \/>\n<meta property=\"og:description\" content=\"L&#039;objectif est, entre autres, de permettre aux personnes cherchant de l&#039;aide de trouver des th\u00e9rapeutes EMDR et traumatiques qualifi\u00e9s et form\u00e9s gr\u00e2ce \u00e0 une fonction de recherche...\" \/>\n<meta property=\"og:url\" content=\"https:\/\/remstim.com\/fr\/societe-europeenne-de-therapie-traumatique-et-emdr-e-v\/\" \/>\n<meta property=\"og:site_name\" content=\"EMDR Ger\u00e4t REMSTIM 3000 gegen Stress\" \/>\n<meta property=\"article:modified_time\" content=\"2025-08-21T21:52:32+00:00\" \/>\n<meta property=\"og:image\" content=\"https:\/\/remstim.com\/wp-content\/uploads\/2016\/09\/Logo-Europaeischen-Gesellschaft-fuer-Traumatherapie-und-EMDR-e.V.png\" \/>\n\t<meta property=\"og:image:width\" content=\"650\" \/>\n\t<meta property=\"og:image:height\" content=\"650\" \/>\n\t<meta property=\"og:image:type\" content=\"image\/png\" \/>\n<meta name=\"twitter:label1\" content=\"Dur\u00e9e de lecture estim\u00e9e\" \/>\n\t<meta name=\"twitter:data1\" content=\"1 minute\" \/>\n<script type=\"application\/ld+json\" class=\"yoast-schema-graph\">{\"@context\":\"https:\\\/\\\/schema.org\",\"@graph\":[{\"@type\":\"WebPage\",\"@id\":\"https:\\\/\\\/remstim.com\\\/fr\\\/societe-europeenne-de-therapie-traumatique-et-emdr-e-v\\\/\",\"url\":\"https:\\\/\\\/remstim.com\\\/fr\\\/societe-europeenne-de-therapie-traumatique-et-emdr-e-v\\\/\",\"name\":\"Soci\u00e9t\u00e9 europ\u00e9enne de th\u00e9rapie traumatique et EMDR e.V.\",\"isPartOf\":{\"@id\":\"https:\\\/\\\/remstim.com\\\/fr\\\/#website\"},\"primaryImageOfPage\":{\"@id\":\"https:\\\/\\\/remstim.com\\\/fr\\\/societe-europeenne-de-therapie-traumatique-et-emdr-e-v\\\/#primaryimage\"},\"image\":{\"@id\":\"https:\\\/\\\/remstim.com\\\/fr\\\/societe-europeenne-de-therapie-traumatique-et-emdr-e-v\\\/#primaryimage\"},\"thumbnailUrl\":\"https:\\\/\\\/remstim.com\\\/wp-content\\\/uploads\\\/2016\\\/09\\\/Logo-Europaeischen-Gesellschaft-fuer-Traumatherapie-und-EMDR-e.V.png\",\"datePublished\":\"2016-08-16T08:09:15+00:00\",\"dateModified\":\"2025-08-21T21:52:32+00:00\",\"description\":\"L'objectif est, entre autres, de permettre aux personnes cherchant de l'aide de trouver des th\u00e9rapeutes EMDR et traumatiques qualifi\u00e9s et form\u00e9s gr\u00e2ce \u00e0 une fonction de recherche...\",\"breadcrumb\":{\"@id\":\"https:\\\/\\\/remstim.com\\\/fr\\\/societe-europeenne-de-therapie-traumatique-et-emdr-e-v\\\/#breadcrumb\"},\"inLanguage\":\"fr-FR\",\"potentialAction\":[{\"@type\":\"ReadAction\",\"target\":[\"https:\\\/\\\/remstim.com\\\/fr\\\/societe-europeenne-de-therapie-traumatique-et-emdr-e-v\\\/\"]}]},{\"@type\":\"ImageObject\",\"inLanguage\":\"fr-FR\",\"@id\":\"https:\\\/\\\/remstim.com\\\/fr\\\/societe-europeenne-de-therapie-traumatique-et-emdr-e-v\\\/#primaryimage\",\"url\":\"https:\\\/\\\/remstim.com\\\/wp-content\\\/uploads\\\/2016\\\/09\\\/Logo-Europaeischen-Gesellschaft-fuer-Traumatherapie-und-EMDR-e.V.png\",\"contentUrl\":\"https:\\\/\\\/remstim.com\\\/wp-content\\\/uploads\\\/2016\\\/09\\\/Logo-Europaeischen-Gesellschaft-fuer-Traumatherapie-und-EMDR-e.V.png\"},{\"@type\":\"BreadcrumbList\",\"@id\":\"https:\\\/\\\/remstim.com\\\/fr\\\/societe-europeenne-de-therapie-traumatique-et-emdr-e-v\\\/#breadcrumb\",\"itemListElement\":[{\"@type\":\"ListItem\",\"position\":1,\"name\":\"Startseite\",\"item\":\"https:\\\/\\\/remstim.com\\\/fr\\\/\"},{\"@type\":\"ListItem\",\"position\":2,\"name\":\"Soci\u00e9t\u00e9 europ\u00e9enne de th\u00e9rapie traumatique et EMDR e.V.\"}]},{\"@type\":\"WebSite\",\"@id\":\"https:\\\/\\\/remstim.com\\\/fr\\\/#website\",\"url\":\"https:\\\/\\\/remstim.com\\\/fr\\\/\",\"name\":\"EMDR Ger\u00e4t REMSTIM 3000 gegen Stress\",\"description\":\"Wie wir schnell Entspannung finden.\",\"publisher\":{\"@id\":\"https:\\\/\\\/remstim.com\\\/fr\\\/#organization\"},\"potentialAction\":[{\"@type\":\"SearchAction\",\"target\":{\"@type\":\"EntryPoint\",\"urlTemplate\":\"https:\\\/\\\/remstim.com\\\/fr\\\/?s={search_term_string}\"},\"query-input\":{\"@type\":\"PropertyValueSpecification\",\"valueRequired\":true,\"valueName\":\"search_term_string\"}}],\"inLanguage\":\"fr-FR\"},{\"@type\":\"Organization\",\"@id\":\"https:\\\/\\\/remstim.com\\\/fr\\\/#organization\",\"name\":\"EMDR Ger\u00e4t REMSTIM 3000 gegen Stress\",\"url\":\"https:\\\/\\\/remstim.com\\\/fr\\\/\",\"logo\":{\"@type\":\"ImageObject\",\"inLanguage\":\"fr-FR\",\"@id\":\"https:\\\/\\\/remstim.com\\\/fr\\\/#\\\/schema\\\/logo\\\/image\\\/\",\"url\":\"https:\\\/\\\/remstim.com\\\/wp-content\\\/uploads\\\/2012\\\/06\\\/REMSTIM-Logo-mit-Untertitel_orange-e1340382850185.png\",\"contentUrl\":\"https:\\\/\\\/remstim.com\\\/wp-content\\\/uploads\\\/2012\\\/06\\\/REMSTIM-Logo-mit-Untertitel_orange-e1340382850185.png\",\"width\":304,\"height\":80,\"caption\":\"EMDR Ger\u00e4t REMSTIM 3000 gegen Stress\"},\"image\":{\"@id\":\"https:\\\/\\\/remstim.com\\\/fr\\\/#\\\/schema\\\/logo\\\/image\\\/\"}}]}<\/script>\n<!-- \/ Yoast SEO plugin. -->","yoast_head_json":{"title":"Soci\u00e9t\u00e9 europ\u00e9enne de th\u00e9rapie traumatique et EMDR e.V.","description":"L'objectif est, entre autres, de permettre aux personnes cherchant de l'aide de trouver des th\u00e9rapeutes EMDR et traumatiques qualifi\u00e9s et form\u00e9s gr\u00e2ce \u00e0 une fonction de recherche...","robots":{"index":"index","follow":"follow","max-snippet":"max-snippet:-1","max-image-preview":"max-image-preview:large","max-video-preview":"max-video-preview:-1"},"canonical":"https:\/\/remstim.com\/fr\/societe-europeenne-de-therapie-traumatique-et-emdr-e-v\/","og_locale":"fr_FR","og_type":"article","og_title":"Soci\u00e9t\u00e9 europ\u00e9enne de th\u00e9rapie traumatique et EMDR e.V.","og_description":"L'objectif est, entre autres, de permettre aux personnes cherchant de l'aide de trouver des th\u00e9rapeutes EMDR et traumatiques qualifi\u00e9s et form\u00e9s gr\u00e2ce \u00e0 une fonction de recherche...","og_url":"https:\/\/remstim.com\/fr\/societe-europeenne-de-therapie-traumatique-et-emdr-e-v\/","og_site_name":"EMDR Ger\u00e4t REMSTIM 3000 gegen Stress","article_modified_time":"2025-08-21T21:52:32+00:00","og_image":[{"width":650,"height":650,"url":"https:\/\/remstim.com\/wp-content\/uploads\/2016\/09\/Logo-Europaeischen-Gesellschaft-fuer-Traumatherapie-und-EMDR-e.V.png","type":"image\/png"}],"twitter_misc":{"Dur\u00e9e de lecture estim\u00e9e":"1 minute"},"schema":{"@context":"https:\/\/schema.org","@graph":[{"@type":"WebPage","@id":"https:\/\/remstim.com\/fr\/societe-europeenne-de-therapie-traumatique-et-emdr-e-v\/","url":"https:\/\/remstim.com\/fr\/societe-europeenne-de-therapie-traumatique-et-emdr-e-v\/","name":"Soci\u00e9t\u00e9 europ\u00e9enne de th\u00e9rapie traumatique et EMDR e.V.","isPartOf":{"@id":"https:\/\/remstim.com\/fr\/#website"},"primaryImageOfPage":{"@id":"https:\/\/remstim.com\/fr\/societe-europeenne-de-therapie-traumatique-et-emdr-e-v\/#primaryimage"},"image":{"@id":"https:\/\/remstim.com\/fr\/societe-europeenne-de-therapie-traumatique-et-emdr-e-v\/#primaryimage"},"thumbnailUrl":"https:\/\/remstim.com\/wp-content\/uploads\/2016\/09\/Logo-Europaeischen-Gesellschaft-fuer-Traumatherapie-und-EMDR-e.V.png","datePublished":"2016-08-16T08:09:15+00:00","dateModified":"2025-08-21T21:52:32+00:00","description":"L'objectif est, entre autres, de permettre aux personnes cherchant de l'aide de trouver des th\u00e9rapeutes EMDR et traumatiques qualifi\u00e9s et form\u00e9s gr\u00e2ce \u00e0 une fonction de recherche...","breadcrumb":{"@id":"https:\/\/remstim.com\/fr\/societe-europeenne-de-therapie-traumatique-et-emdr-e-v\/#breadcrumb"},"inLanguage":"fr-FR","potentialAction":[{"@type":"ReadAction","target":["https:\/\/remstim.com\/fr\/societe-europeenne-de-therapie-traumatique-et-emdr-e-v\/"]}]},{"@type":"ImageObject","inLanguage":"fr-FR","@id":"https:\/\/remstim.com\/fr\/societe-europeenne-de-therapie-traumatique-et-emdr-e-v\/#primaryimage","url":"https:\/\/remstim.com\/wp-content\/uploads\/2016\/09\/Logo-Europaeischen-Gesellschaft-fuer-Traumatherapie-und-EMDR-e.V.png","contentUrl":"https:\/\/remstim.com\/wp-content\/uploads\/2016\/09\/Logo-Europaeischen-Gesellschaft-fuer-Traumatherapie-und-EMDR-e.V.png"},{"@type":"BreadcrumbList","@id":"https:\/\/remstim.com\/fr\/societe-europeenne-de-therapie-traumatique-et-emdr-e-v\/#breadcrumb","itemListElement":[{"@type":"ListItem","position":1,"name":"Startseite","item":"https:\/\/remstim.com\/fr\/"},{"@type":"ListItem","position":2,"name":"Soci\u00e9t\u00e9 europ\u00e9enne de th\u00e9rapie traumatique et EMDR e.V."}]},{"@type":"WebSite","@id":"https:\/\/remstim.com\/fr\/#website","url":"https:\/\/remstim.com\/fr\/","name":"EMDR Ger\u00e4t REMSTIM 3000 gegen Stress","description":"Wie wir schnell Entspannung finden.","publisher":{"@id":"https:\/\/remstim.com\/fr\/#organization"},"potentialAction":[{"@type":"SearchAction","target":{"@type":"EntryPoint","urlTemplate":"https:\/\/remstim.com\/fr\/?s={search_term_string}"},"query-input":{"@type":"PropertyValueSpecification","valueRequired":true,"valueName":"search_term_string"}}],"inLanguage":"fr-FR"},{"@type":"Organization","@id":"https:\/\/remstim.com\/fr\/#organization","name":"EMDR Ger\u00e4t REMSTIM 3000 gegen Stress","url":"https:\/\/remstim.com\/fr\/","logo":{"@type":"ImageObject","inLanguage":"fr-FR","@id":"https:\/\/remstim.com\/fr\/#\/schema\/logo\/image\/","url":"https:\/\/remstim.com\/wp-content\/uploads\/2012\/06\/REMSTIM-Logo-mit-Untertitel_orange-e1340382850185.png","contentUrl":"https:\/\/remstim.com\/wp-content\/uploads\/2012\/06\/REMSTIM-Logo-mit-Untertitel_orange-e1340382850185.png","width":304,"height":80,"caption":"EMDR Ger\u00e4t REMSTIM 3000 gegen Stress"},"image":{"@id":"https:\/\/remstim.com\/fr\/#\/schema\/logo\/image\/"}}]}},"_links":{"self":[{"href":"https:\/\/remstim.com\/fr\/wp-json\/wp\/v2\/pages\/11797","targetHints":{"allow":["GET"]}}],"collection":[{"href":"https:\/\/remstim.com\/fr\/wp-json\/wp\/v2\/pages"}],"about":[{"href":"https:\/\/remstim.com\/fr\/wp-json\/wp\/v2\/types\/page"}],"author":[{"embeddable":true,"href":"https:\/\/remstim.com\/fr\/wp-json\/wp\/v2\/users\/1"}],"replies":[{"embeddable":true,"href":"https:\/\/remstim.com\/fr\/wp-json\/wp\/v2\/comments?post=11797"}],"version-history":[{"count":2,"href":"https:\/\/remstim.com\/fr\/wp-json\/wp\/v2\/pages\/11797\/revisions"}],"predecessor-version":[{"id":27488,"href":"https:\/\/remstim.com\/fr\/wp-json\/wp\/v2\/pages\/11797\/revisions\/27488"}],"wp:attachment":[{"href":"https:\/\/remstim.com\/fr\/wp-json\/wp\/v2\/media?parent=11797"}],"curies":[{"name":"wp","href":"https:\/\/api.w.org\/{rel}","templated":true}]}}