{"id":11922,"date":"2018-11-09T10:28:57","date_gmt":"2018-11-09T10:28:57","guid":{"rendered":"https:\/\/remstim.de\/remstim-3000\/pas-denvoi-direct-en-suisse\/"},"modified":"2023-11-16T09:54:22","modified_gmt":"2023-11-16T09:54:22","slug":"pas-denvoi-direct-en-suisse","status":"publish","type":"page","link":"https:\/\/remstim.com\/fr\/remstim-3000\/pas-denvoi-direct-en-suisse\/","title":{"rendered":"Pas d&#8217;envoi direct en Suisse"},"content":{"rendered":"<h1>Pas d&#8217;envoi direct en Suisse, mais&#8230; !<\/h1>\n<p style=\"text-align: justify;\"><img fetchpriority=\"high\" decoding=\"async\" class=\" wp-image-8740 alignright\" src=\"https:\/\/remstim.com\/wp-content\/uploads\/2020\/03\/Schweiz-Bern-705x1024.jpg\" alt=\"Envoi en Suisse\" width=\"299\" height=\"435\" srcset=\"https:\/\/remstim.com\/wp-content\/uploads\/2020\/03\/Schweiz-Bern-705x1024.jpg 705w, https:\/\/remstim.com\/wp-content\/uploads\/2020\/03\/Schweiz-Bern-600x871.jpg 600w, https:\/\/remstim.com\/wp-content\/uploads\/2020\/03\/Schweiz-Bern-207x300.jpg 207w, https:\/\/remstim.com\/wp-content\/uploads\/2020\/03\/Schweiz-Bern-768x1115.jpg 768w, https:\/\/remstim.com\/wp-content\/uploads\/2020\/03\/Schweiz-Bern-529x768.jpg 529w, https:\/\/remstim.com\/wp-content\/uploads\/2020\/03\/Schweiz-Bern.jpg 1000w\" sizes=\"(max-width: 299px) 100vw, 299px\" \/>Chers Suisses,<\/p>\n<p style=\"text-align: justify;\">vous n&#8217;appr\u00e9ciez certainement pas le fait que nous ne vous proposions pas d&#8217;envoi direct en Suisse. Nous vous prions de bien vouloir nous excuser et nous vous remercions de votre compr\u00e9hension.<\/p>\n<p style=\"text-align: justify;\">C&#8217;est avec plaisir que nous vous pr\u00e9sentons ici une <strong>solution<\/strong> que beaucoup de vos compatriotes utilisent d\u00e9j\u00e0 : Vous faites envoyer votre commande \u00e0 une adresse de livraison allemande proche de la fronti\u00e8re suisse \/ allemande, afin de pouvoir aller la chercher vous-m\u00eame en Allemagne et la ramener en Suisse.<\/p>\n<p style=\"text-align: justify;\">Pour ce faire, de nombreux Suisses utilisent l&#8217;offre de services de colis proches de la fronti\u00e8re, qui sont nombreux.<\/p>\n<p style=\"text-align: justify;\">Vous trouverez sur Internet les services de colis qui se trouvent \u00e0 proximit\u00e9 de la fronti\u00e8re suisse. En suivant les liens, vous trouverez ici, par exemple, 3 services de colis. Il s&#8217;agit uniquement d&#8217;une liste al\u00e9atoire.  <strong>Ce n&#8217;est pas une recommandation de notre part !<\/strong><\/p>\n<p style=\"text-align: justify;\">Veuillez choisir vous-m\u00eame votre partenaire de service. Nous n&#8217;assumons aucune responsabilit\u00e9 pour les services de ces fournisseurs de services.<\/p>\n<p><a href=\"http:\/\/www.grenzpaket.ch\/de\/\" target=\"_blank\" rel=\"noopener noreferrer\">http:\/\/www.grenzpaket.ch\/de\/<\/a><\/p>\n<p><a href=\"http:\/\/www.europaketshop.ch\/\" target=\"_blank\" rel=\"noopener noreferrer\">http:\/\/www.europaketshop.ch\/<\/a><\/p>\n<p>Vous trouverez \u00e9galement d&#8217;autres services de r\u00e9ception de colis dans votre r\u00e9gion (frontali\u00e8re) : <a href=\"https:\/\/www.google.com\/search?client=firefox-b-ab&amp;ei=Fl_lW8ifH4rLwAKhuaHYCQ&amp;q=deutsche+lieferadresse+schweiz&amp;oq=deutsche+lieferadresse+schweiz&amp;gs_l=psy-ab.12..0j0i22i30k1l9.5649.16031.0.17956.48.39.6.0.0.0.379.3695.19j11j2j1.33.0....0...1.1.64.psy-ab..9.38.3619...35i39k1j0i67k1j0i131k1j0i20i263k1j0i131i67k1j0i10k1j0i13i30k1j0i13i5i10i30k1j0i8i13i30k1j0i13k1j0i22i10i30k1.0.JTGjaEK8UVI\" target=\"_blank\" rel=\"noopener noreferrer\">Chercher une adresse de livraison allemande pour les Suisses sur google<\/a><\/p>\n<h2>Suivez les instructions de votre service de livraison<\/h2>\n<p>Veuillez suivre les instructions du service de colis de votre choix. Apr\u00e8s votre enregistrement aupr\u00e8s d&#8217;un service de colis, vous recevez en g\u00e9n\u00e9ral un num\u00e9ro de client qui doit \u00eatre mentionn\u00e9 dans l&#8217;adresse du service de colis lors d&#8217;un envoi, afin que votre envoi puisse vous \u00eatre attribu\u00e9. Vous pouvez ensuite aller y chercher personnellement votre envoi et l&#8217;emporter en Suisse.<\/p>\n<h3>Remarques sur le paiement<\/h3>\n<p><strong>Remarque concernant PayPal :<\/strong> veuillez noter que pour une commande accompagn\u00e9e d&#8217;un paiement par PayPal, la facture et l&#8217;adresse de livraison doivent \u00eatre identiques. Vous avez la possibilit\u00e9 de modifier votre adresse de facturation et donc de livraison dans le syst\u00e8me de PayPal afin d&#8217;indiquer votre adresse (temporaire) au service de livraison.<\/p>\n<p>Le mode de paiement le plus appropri\u00e9 est le paiement anticip\u00e9 par virement bancaire. Dans ce cas, l&#8217;adresse de facturation et l&#8217;adresse de livraison peuvent \u00eatre diff\u00e9rentes.<\/p>\n<p>D\u00e8s que vous avez vir\u00e9 le montant et que nous avons enregistr\u00e9 une entr\u00e9e d&#8217;argent, nous envoyons imm\u00e9diatement le REMSTIM 3000 \u00e0 l&#8217;adresse de livraison indiqu\u00e9e en Allemagne.<\/p>\n<p>Si vous avez des questions, n&#8217;h\u00e9sitez pas \u00e0 nous contacter : <a href=\"mailto:info@remstim.com\">info@remstim.com<\/a><\/p>\n","protected":false},"excerpt":{"rendered":"<p>Pas d&#8217;envoi direct en Suisse, mais&#8230; ! Chers Suisses, vous n&#8217;appr\u00e9ciez certainement pas le fait que nous ne vous proposions pas d&#8217;envoi direct en Suisse. Nous vous prions de bien vouloir nous excuser et nous vous remercions de votre compr\u00e9hension. C&#8217;est avec plaisir que nous vous pr\u00e9sentons ici une solution que beaucoup de vos compatriotes [&hellip;]<\/p>\n","protected":false},"author":1,"featured_media":0,"parent":11753,"menu_order":6,"comment_status":"closed","ping_status":"closed","template":"","meta":{"_acf_changed":false,"site-sidebar-layout":"default","site-content-layout":"default","ast-site-content-layout":"default","site-content-style":"default","site-sidebar-style":"default","ast-global-header-display":"","ast-banner-title-visibility":"","ast-main-header-display":"","ast-hfb-above-header-display":"","ast-hfb-below-header-display":"","ast-hfb-mobile-header-display":"","site-post-title":"","ast-breadcrumbs-content":"","ast-featured-img":"","footer-sml-layout":"","ast-disable-related-posts":"","theme-transparent-header-meta":"default","adv-header-id-meta":"","stick-header-meta":"default","header-above-stick-meta":"","header-main-stick-meta":"","header-below-stick-meta":"","astra-migrate-meta-layouts":"default","ast-page-background-enabled":"default","ast-page-background-meta":{"desktop":{"background-color":"var(--ast-global-color-4)","background-image":"","background-repeat":"repeat","background-position":"center center","background-size":"auto","background-attachment":"scroll","background-type":"","background-media":"","overlay-type":"","overlay-color":"","overlay-opacity":"","overlay-gradient":""},"tablet":{"background-color":"","background-image":"","background-repeat":"repeat","background-position":"center center","background-size":"auto","background-attachment":"scroll","background-type":"","background-media":"","overlay-type":"","overlay-color":"","overlay-opacity":"","overlay-gradient":""},"mobile":{"background-color":"","background-image":"","background-repeat":"repeat","background-position":"center center","background-size":"auto","background-attachment":"scroll","background-type":"","background-media":"","overlay-type":"","overlay-color":"","overlay-opacity":"","overlay-gradient":""}},"ast-content-background-meta":{"desktop":{"background-color":"var(--ast-global-color-5)","background-image":"","background-repeat":"repeat","background-position":"center center","background-size":"auto","background-attachment":"scroll","background-type":"","background-media":"","overlay-type":"","overlay-color":"","overlay-opacity":"","overlay-gradient":""},"tablet":{"background-color":"var(--ast-global-color-5)","background-image":"","background-repeat":"repeat","background-position":"center center","background-size":"auto","background-attachment":"scroll","background-type":"","background-media":"","overlay-type":"","overlay-color":"","overlay-opacity":"","overlay-gradient":""},"mobile":{"background-color":"var(--ast-global-color-5)","background-image":"","background-repeat":"repeat","background-position":"center center","background-size":"auto","background-attachment":"scroll","background-type":"","background-media":"","overlay-type":"","overlay-color":"","overlay-opacity":"","overlay-gradient":""}},"footnotes":""},"class_list":["post-11922","page","type-page","status-publish","hentry"],"acf":[],"yoast_head":"<!-- This site is optimized with the Yoast SEO plugin v27.3 - https:\/\/yoast.com\/product\/yoast-seo-wordpress\/ -->\n<title>Pas d&#039;envoi direct en Suisse - EMDR Ger\u00e4t REMSTIM 3000 gegen Stress<\/title>\n<meta name=\"robots\" content=\"index, follow, max-snippet:-1, max-image-preview:large, max-video-preview:-1\" \/>\n<link rel=\"canonical\" href=\"https:\/\/remstim.com\/fr\/remstim-3000\/pas-denvoi-direct-en-suisse\/\" \/>\n<meta property=\"og:locale\" content=\"fr_FR\" \/>\n<meta property=\"og:type\" content=\"article\" \/>\n<meta property=\"og:title\" content=\"Pas d&#039;envoi direct en Suisse - EMDR Ger\u00e4t REMSTIM 3000 gegen Stress\" \/>\n<meta property=\"og:description\" content=\"Pas d&#8217;envoi direct en Suisse, mais&#8230; ! Chers Suisses, vous n&#8217;appr\u00e9ciez certainement pas le fait que nous ne vous proposions pas d&#8217;envoi direct en Suisse. Nous vous prions de bien vouloir nous excuser et nous vous remercions de votre compr\u00e9hension. C&#8217;est avec plaisir que nous vous pr\u00e9sentons ici une solution que beaucoup de vos compatriotes [&hellip;]\" \/>\n<meta property=\"og:url\" content=\"https:\/\/remstim.com\/fr\/remstim-3000\/pas-denvoi-direct-en-suisse\/\" \/>\n<meta property=\"og:site_name\" content=\"EMDR Ger\u00e4t REMSTIM 3000 gegen Stress\" \/>\n<meta property=\"article:modified_time\" content=\"2023-11-16T09:54:22+00:00\" \/>\n<meta property=\"og:image\" content=\"https:\/\/remstim.com\/wp-content\/uploads\/2020\/03\/Schweiz-Bern-705x1024.jpg\" \/>\n<meta name=\"twitter:label1\" content=\"Dur\u00e9e de lecture estim\u00e9e\" \/>\n\t<meta name=\"twitter:data1\" content=\"2 minutes\" \/>\n<script type=\"application\/ld+json\" class=\"yoast-schema-graph\">{\"@context\":\"https:\\\/\\\/schema.org\",\"@graph\":[{\"@type\":\"WebPage\",\"@id\":\"https:\\\/\\\/remstim.com\\\/fr\\\/remstim-3000\\\/pas-denvoi-direct-en-suisse\\\/\",\"url\":\"https:\\\/\\\/remstim.com\\\/fr\\\/remstim-3000\\\/pas-denvoi-direct-en-suisse\\\/\",\"name\":\"Pas d'envoi direct en Suisse - EMDR Ger\u00e4t REMSTIM 3000 gegen Stress\",\"isPartOf\":{\"@id\":\"https:\\\/\\\/remstim.com\\\/fr\\\/#website\"},\"primaryImageOfPage\":{\"@id\":\"https:\\\/\\\/remstim.com\\\/fr\\\/remstim-3000\\\/pas-denvoi-direct-en-suisse\\\/#primaryimage\"},\"image\":{\"@id\":\"https:\\\/\\\/remstim.com\\\/fr\\\/remstim-3000\\\/pas-denvoi-direct-en-suisse\\\/#primaryimage\"},\"thumbnailUrl\":\"https:\\\/\\\/remstim.com\\\/wp-content\\\/uploads\\\/2020\\\/03\\\/Schweiz-Bern-705x1024.jpg\",\"datePublished\":\"2018-11-09T10:28:57+00:00\",\"dateModified\":\"2023-11-16T09:54:22+00:00\",\"breadcrumb\":{\"@id\":\"https:\\\/\\\/remstim.com\\\/fr\\\/remstim-3000\\\/pas-denvoi-direct-en-suisse\\\/#breadcrumb\"},\"inLanguage\":\"fr-FR\",\"potentialAction\":[{\"@type\":\"ReadAction\",\"target\":[\"https:\\\/\\\/remstim.com\\\/fr\\\/remstim-3000\\\/pas-denvoi-direct-en-suisse\\\/\"]}]},{\"@type\":\"ImageObject\",\"inLanguage\":\"fr-FR\",\"@id\":\"https:\\\/\\\/remstim.com\\\/fr\\\/remstim-3000\\\/pas-denvoi-direct-en-suisse\\\/#primaryimage\",\"url\":\"https:\\\/\\\/remstim.com\\\/wp-content\\\/uploads\\\/2020\\\/03\\\/Schweiz-Bern-705x1024.jpg\",\"contentUrl\":\"https:\\\/\\\/remstim.com\\\/wp-content\\\/uploads\\\/2020\\\/03\\\/Schweiz-Bern-705x1024.jpg\"},{\"@type\":\"BreadcrumbList\",\"@id\":\"https:\\\/\\\/remstim.com\\\/fr\\\/remstim-3000\\\/pas-denvoi-direct-en-suisse\\\/#breadcrumb\",\"itemListElement\":[{\"@type\":\"ListItem\",\"position\":1,\"name\":\"Startseite\",\"item\":\"https:\\\/\\\/remstim.com\\\/fr\\\/\"},{\"@type\":\"ListItem\",\"position\":2,\"name\":\"Lunettes EMDR REMSTIM 3000\",\"item\":\"https:\\\/\\\/remstim.com\\\/fr\\\/remstim-3000\\\/\"},{\"@type\":\"ListItem\",\"position\":3,\"name\":\"Pas d&#8217;envoi direct en Suisse\"}]},{\"@type\":\"WebSite\",\"@id\":\"https:\\\/\\\/remstim.com\\\/fr\\\/#website\",\"url\":\"https:\\\/\\\/remstim.com\\\/fr\\\/\",\"name\":\"EMDR Ger\u00e4t REMSTIM 3000 gegen Stress\",\"description\":\"Wie wir schnell Entspannung finden.\",\"publisher\":{\"@id\":\"https:\\\/\\\/remstim.com\\\/fr\\\/#organization\"},\"potentialAction\":[{\"@type\":\"SearchAction\",\"target\":{\"@type\":\"EntryPoint\",\"urlTemplate\":\"https:\\\/\\\/remstim.com\\\/fr\\\/?s={search_term_string}\"},\"query-input\":{\"@type\":\"PropertyValueSpecification\",\"valueRequired\":true,\"valueName\":\"search_term_string\"}}],\"inLanguage\":\"fr-FR\"},{\"@type\":\"Organization\",\"@id\":\"https:\\\/\\\/remstim.com\\\/fr\\\/#organization\",\"name\":\"EMDR Ger\u00e4t REMSTIM 3000 gegen Stress\",\"url\":\"https:\\\/\\\/remstim.com\\\/fr\\\/\",\"logo\":{\"@type\":\"ImageObject\",\"inLanguage\":\"fr-FR\",\"@id\":\"https:\\\/\\\/remstim.com\\\/fr\\\/#\\\/schema\\\/logo\\\/image\\\/\",\"url\":\"https:\\\/\\\/remstim.com\\\/wp-content\\\/uploads\\\/2012\\\/06\\\/REMSTIM-Logo-mit-Untertitel_orange-e1340382850185.png\",\"contentUrl\":\"https:\\\/\\\/remstim.com\\\/wp-content\\\/uploads\\\/2012\\\/06\\\/REMSTIM-Logo-mit-Untertitel_orange-e1340382850185.png\",\"width\":304,\"height\":80,\"caption\":\"EMDR Ger\u00e4t REMSTIM 3000 gegen Stress\"},\"image\":{\"@id\":\"https:\\\/\\\/remstim.com\\\/fr\\\/#\\\/schema\\\/logo\\\/image\\\/\"}}]}<\/script>\n<!-- \/ Yoast SEO plugin. -->","yoast_head_json":{"title":"Pas d'envoi direct en Suisse - EMDR Ger\u00e4t REMSTIM 3000 gegen Stress","robots":{"index":"index","follow":"follow","max-snippet":"max-snippet:-1","max-image-preview":"max-image-preview:large","max-video-preview":"max-video-preview:-1"},"canonical":"https:\/\/remstim.com\/fr\/remstim-3000\/pas-denvoi-direct-en-suisse\/","og_locale":"fr_FR","og_type":"article","og_title":"Pas d'envoi direct en Suisse - EMDR Ger\u00e4t REMSTIM 3000 gegen Stress","og_description":"Pas d&#8217;envoi direct en Suisse, mais&#8230; ! Chers Suisses, vous n&#8217;appr\u00e9ciez certainement pas le fait que nous ne vous proposions pas d&#8217;envoi direct en Suisse. Nous vous prions de bien vouloir nous excuser et nous vous remercions de votre compr\u00e9hension. C&#8217;est avec plaisir que nous vous pr\u00e9sentons ici une solution que beaucoup de vos compatriotes [&hellip;]","og_url":"https:\/\/remstim.com\/fr\/remstim-3000\/pas-denvoi-direct-en-suisse\/","og_site_name":"EMDR Ger\u00e4t REMSTIM 3000 gegen Stress","article_modified_time":"2023-11-16T09:54:22+00:00","og_image":[{"url":"https:\/\/remstim.com\/wp-content\/uploads\/2020\/03\/Schweiz-Bern-705x1024.jpg","type":"","width":"","height":""}],"twitter_misc":{"Dur\u00e9e de lecture estim\u00e9e":"2 minutes"},"schema":{"@context":"https:\/\/schema.org","@graph":[{"@type":"WebPage","@id":"https:\/\/remstim.com\/fr\/remstim-3000\/pas-denvoi-direct-en-suisse\/","url":"https:\/\/remstim.com\/fr\/remstim-3000\/pas-denvoi-direct-en-suisse\/","name":"Pas d'envoi direct en Suisse - EMDR Ger\u00e4t REMSTIM 3000 gegen Stress","isPartOf":{"@id":"https:\/\/remstim.com\/fr\/#website"},"primaryImageOfPage":{"@id":"https:\/\/remstim.com\/fr\/remstim-3000\/pas-denvoi-direct-en-suisse\/#primaryimage"},"image":{"@id":"https:\/\/remstim.com\/fr\/remstim-3000\/pas-denvoi-direct-en-suisse\/#primaryimage"},"thumbnailUrl":"https:\/\/remstim.com\/wp-content\/uploads\/2020\/03\/Schweiz-Bern-705x1024.jpg","datePublished":"2018-11-09T10:28:57+00:00","dateModified":"2023-11-16T09:54:22+00:00","breadcrumb":{"@id":"https:\/\/remstim.com\/fr\/remstim-3000\/pas-denvoi-direct-en-suisse\/#breadcrumb"},"inLanguage":"fr-FR","potentialAction":[{"@type":"ReadAction","target":["https:\/\/remstim.com\/fr\/remstim-3000\/pas-denvoi-direct-en-suisse\/"]}]},{"@type":"ImageObject","inLanguage":"fr-FR","@id":"https:\/\/remstim.com\/fr\/remstim-3000\/pas-denvoi-direct-en-suisse\/#primaryimage","url":"https:\/\/remstim.com\/wp-content\/uploads\/2020\/03\/Schweiz-Bern-705x1024.jpg","contentUrl":"https:\/\/remstim.com\/wp-content\/uploads\/2020\/03\/Schweiz-Bern-705x1024.jpg"},{"@type":"BreadcrumbList","@id":"https:\/\/remstim.com\/fr\/remstim-3000\/pas-denvoi-direct-en-suisse\/#breadcrumb","itemListElement":[{"@type":"ListItem","position":1,"name":"Startseite","item":"https:\/\/remstim.com\/fr\/"},{"@type":"ListItem","position":2,"name":"Lunettes EMDR REMSTIM 3000","item":"https:\/\/remstim.com\/fr\/remstim-3000\/"},{"@type":"ListItem","position":3,"name":"Pas d&#8217;envoi direct en Suisse"}]},{"@type":"WebSite","@id":"https:\/\/remstim.com\/fr\/#website","url":"https:\/\/remstim.com\/fr\/","name":"EMDR Ger\u00e4t REMSTIM 3000 gegen Stress","description":"Wie wir schnell Entspannung finden.","publisher":{"@id":"https:\/\/remstim.com\/fr\/#organization"},"potentialAction":[{"@type":"SearchAction","target":{"@type":"EntryPoint","urlTemplate":"https:\/\/remstim.com\/fr\/?s={search_term_string}"},"query-input":{"@type":"PropertyValueSpecification","valueRequired":true,"valueName":"search_term_string"}}],"inLanguage":"fr-FR"},{"@type":"Organization","@id":"https:\/\/remstim.com\/fr\/#organization","name":"EMDR Ger\u00e4t REMSTIM 3000 gegen Stress","url":"https:\/\/remstim.com\/fr\/","logo":{"@type":"ImageObject","inLanguage":"fr-FR","@id":"https:\/\/remstim.com\/fr\/#\/schema\/logo\/image\/","url":"https:\/\/remstim.com\/wp-content\/uploads\/2012\/06\/REMSTIM-Logo-mit-Untertitel_orange-e1340382850185.png","contentUrl":"https:\/\/remstim.com\/wp-content\/uploads\/2012\/06\/REMSTIM-Logo-mit-Untertitel_orange-e1340382850185.png","width":304,"height":80,"caption":"EMDR Ger\u00e4t REMSTIM 3000 gegen Stress"},"image":{"@id":"https:\/\/remstim.com\/fr\/#\/schema\/logo\/image\/"}}]}},"_links":{"self":[{"href":"https:\/\/remstim.com\/fr\/wp-json\/wp\/v2\/pages\/11922","targetHints":{"allow":["GET"]}}],"collection":[{"href":"https:\/\/remstim.com\/fr\/wp-json\/wp\/v2\/pages"}],"about":[{"href":"https:\/\/remstim.com\/fr\/wp-json\/wp\/v2\/types\/page"}],"author":[{"embeddable":true,"href":"https:\/\/remstim.com\/fr\/wp-json\/wp\/v2\/users\/1"}],"replies":[{"embeddable":true,"href":"https:\/\/remstim.com\/fr\/wp-json\/wp\/v2\/comments?post=11922"}],"version-history":[{"count":1,"href":"https:\/\/remstim.com\/fr\/wp-json\/wp\/v2\/pages\/11922\/revisions"}],"predecessor-version":[{"id":25834,"href":"https:\/\/remstim.com\/fr\/wp-json\/wp\/v2\/pages\/11922\/revisions\/25834"}],"up":[{"embeddable":true,"href":"https:\/\/remstim.com\/fr\/wp-json\/wp\/v2\/pages\/11753"}],"wp:attachment":[{"href":"https:\/\/remstim.com\/fr\/wp-json\/wp\/v2\/media?parent=11922"}],"curies":[{"name":"wp","href":"https:\/\/api.w.org\/{rel}","templated":true}]}}