{"id":12018,"date":"2023-04-01T10:56:18","date_gmt":"2023-04-01T10:56:18","guid":{"rendered":"https:\/\/remstim.de\/emdr-desensibilisation-et-retraitement-des-mouvements-oculaires\/"},"modified":"2023-09-15T05:58:26","modified_gmt":"2023-09-15T05:58:26","slug":"emdr-apercu","status":"publish","type":"page","link":"https:\/\/remstim.com\/fr\/emdr-apercu\/","title":{"rendered":"EMDR &#8211; Eye Movement Desensitization and Reprocessing : une vue d&#8217;ensemble"},"content":{"rendered":"<h1>EMDR : un premier aper\u00e7u<\/h1>\n\t\t<div data-elementor-type=\"section\" data-elementor-id=\"12982\" class=\"elementor elementor-12982 elementor-10789\" data-elementor-post-type=\"elementor_library\">\n\t\t\t\t\t<section class=\"elementor-section elementor-top-section elementor-element elementor-element-132d4b5 elementor-section-full_width elementor-section-height-default elementor-section-height-default\" data-id=\"132d4b5\" data-element_type=\"section\" data-e-type=\"section\">\n\t\t\t\t\t\t<div class=\"elementor-container elementor-column-gap-default\">\n\t\t\t\t\t<div class=\"elementor-column elementor-col-100 elementor-top-column elementor-element elementor-element-c6ba8e1\" data-id=\"c6ba8e1\" data-element_type=\"column\" data-e-type=\"column\">\n\t\t\t<div class=\"elementor-widget-wrap elementor-element-populated\">\n\t\t\t\t\t\t\t<\/div>\n\t\t<\/div>\n\t\t\t\t\t<\/div>\n\t\t<\/section>\n\t\t\t\t<\/div>\n\t\t\n<p>&nbsp;<\/p>\n","protected":false},"excerpt":{"rendered":"<p>EMDR : un premier aper\u00e7u &nbsp;<\/p>\n","protected":false},"author":1,"featured_media":0,"parent":0,"menu_order":2,"comment_status":"closed","ping_status":"closed","template":"","meta":{"_acf_changed":false,"site-sidebar-layout":"default","site-content-layout":"default","ast-site-content-layout":"default","site-content-style":"default","site-sidebar-style":"default","ast-global-header-display":"","ast-banner-title-visibility":"","ast-main-header-display":"","ast-hfb-above-header-display":"","ast-hfb-below-header-display":"","ast-hfb-mobile-header-display":"","site-post-title":"","ast-breadcrumbs-content":"","ast-featured-img":"","footer-sml-layout":"","ast-disable-related-posts":"","theme-transparent-header-meta":"default","adv-header-id-meta":"","stick-header-meta":"default","header-above-stick-meta":"","header-main-stick-meta":"","header-below-stick-meta":"","astra-migrate-meta-layouts":"default","ast-page-background-enabled":"default","ast-page-background-meta":{"desktop":{"background-color":"var(--ast-global-color-4)","background-image":"","background-repeat":"repeat","background-position":"center center","background-size":"auto","background-attachment":"scroll","background-type":"","background-media":"","overlay-type":"","overlay-color":"","overlay-opacity":"","overlay-gradient":""},"tablet":{"background-color":"","background-image":"","background-repeat":"repeat","background-position":"center center","background-size":"auto","background-attachment":"scroll","background-type":"","background-media":"","overlay-type":"","overlay-color":"","overlay-opacity":"","overlay-gradient":""},"mobile":{"background-color":"","background-image":"","background-repeat":"repeat","background-position":"center center","background-size":"auto","background-attachment":"scroll","background-type":"","background-media":"","overlay-type":"","overlay-color":"","overlay-opacity":"","overlay-gradient":""}},"ast-content-background-meta":{"desktop":{"background-color":"var(--ast-global-color-5)","background-image":"","background-repeat":"repeat","background-position":"center center","background-size":"auto","background-attachment":"scroll","background-type":"","background-media":"","overlay-type":"","overlay-color":"","overlay-opacity":"","overlay-gradient":""},"tablet":{"background-color":"var(--ast-global-color-5)","background-image":"","background-repeat":"repeat","background-position":"center center","background-size":"auto","background-attachment":"scroll","background-type":"","background-media":"","overlay-type":"","overlay-color":"","overlay-opacity":"","overlay-gradient":""},"mobile":{"background-color":"var(--ast-global-color-5)","background-image":"","background-repeat":"repeat","background-position":"center center","background-size":"auto","background-attachment":"scroll","background-type":"","background-media":"","overlay-type":"","overlay-color":"","overlay-opacity":"","overlay-gradient":""}},"footnotes":""},"class_list":["post-12018","page","type-page","status-publish","hentry"],"acf":[],"yoast_head":"<!-- This site is optimized with the Yoast SEO plugin v27.4 - https:\/\/yoast.com\/product\/yoast-seo-wordpress\/ -->\n<title>EMDR - La m\u00e9thode des mouvements oculaires rapides aide<\/title>\n<meta name=\"description\" content=\"Obtenez une vue d&#039;ensemble de l&#039;EMDR et de ce qu&#039;elle peut faire. 8 \u00e9tapes permettent g\u00e9n\u00e9ralement de se d\u00e9tendre profond\u00e9ment.\" \/>\n<meta name=\"robots\" content=\"index, follow, max-snippet:-1, max-image-preview:large, max-video-preview:-1\" \/>\n<link rel=\"canonical\" href=\"https:\/\/remstim.com\/fr\/emdr-apercu\/\" \/>\n<meta property=\"og:locale\" content=\"fr_FR\" \/>\n<meta property=\"og:type\" content=\"article\" \/>\n<meta property=\"og:title\" content=\"EMDR - La m\u00e9thode des mouvements oculaires rapides aide\" \/>\n<meta property=\"og:description\" content=\"Obtenez une vue d&#039;ensemble de l&#039;EMDR et de ce qu&#039;elle peut faire. 8 \u00e9tapes permettent g\u00e9n\u00e9ralement de se d\u00e9tendre profond\u00e9ment.\" \/>\n<meta property=\"og:url\" content=\"https:\/\/remstim.com\/fr\/emdr-apercu\/\" \/>\n<meta property=\"og:site_name\" content=\"EMDR Ger\u00e4t REMSTIM 3000 gegen Stress\" \/>\n<meta property=\"article:modified_time\" content=\"2023-09-15T05:58:26+00:00\" \/>\n<meta name=\"twitter:label1\" content=\"Dur\u00e9e de lecture estim\u00e9e\" \/>\n\t<meta name=\"twitter:data1\" content=\"1 minute\" \/>\n<script type=\"application\/ld+json\" class=\"yoast-schema-graph\">{\"@context\":\"https:\\\/\\\/schema.org\",\"@graph\":[{\"@type\":\"WebPage\",\"@id\":\"https:\\\/\\\/remstim.com\\\/fr\\\/emdr-apercu\\\/\",\"url\":\"https:\\\/\\\/remstim.com\\\/fr\\\/emdr-apercu\\\/\",\"name\":\"EMDR - La m\u00e9thode des mouvements oculaires rapides aide\",\"isPartOf\":{\"@id\":\"https:\\\/\\\/remstim.com\\\/fr\\\/#website\"},\"datePublished\":\"2023-04-01T10:56:18+00:00\",\"dateModified\":\"2023-09-15T05:58:26+00:00\",\"description\":\"Obtenez une vue d'ensemble de l'EMDR et de ce qu'elle peut faire. 8 \u00e9tapes permettent g\u00e9n\u00e9ralement de se d\u00e9tendre profond\u00e9ment.\",\"breadcrumb\":{\"@id\":\"https:\\\/\\\/remstim.com\\\/fr\\\/emdr-apercu\\\/#breadcrumb\"},\"inLanguage\":\"fr-FR\",\"potentialAction\":[{\"@type\":\"ReadAction\",\"target\":[\"https:\\\/\\\/remstim.com\\\/fr\\\/emdr-apercu\\\/\"]}]},{\"@type\":\"BreadcrumbList\",\"@id\":\"https:\\\/\\\/remstim.com\\\/fr\\\/emdr-apercu\\\/#breadcrumb\",\"itemListElement\":[{\"@type\":\"ListItem\",\"position\":1,\"name\":\"Startseite\",\"item\":\"https:\\\/\\\/remstim.com\\\/fr\\\/\"},{\"@type\":\"ListItem\",\"position\":2,\"name\":\"EMDR &#8211; Eye Movement Desensitization and Reprocessing : une vue d&#8217;ensemble\"}]},{\"@type\":\"WebSite\",\"@id\":\"https:\\\/\\\/remstim.com\\\/fr\\\/#website\",\"url\":\"https:\\\/\\\/remstim.com\\\/fr\\\/\",\"name\":\"EMDR Ger\u00e4t REMSTIM 3000 gegen Stress\",\"description\":\"Wie wir schnell Entspannung finden.\",\"publisher\":{\"@id\":\"https:\\\/\\\/remstim.com\\\/fr\\\/#organization\"},\"potentialAction\":[{\"@type\":\"SearchAction\",\"target\":{\"@type\":\"EntryPoint\",\"urlTemplate\":\"https:\\\/\\\/remstim.com\\\/fr\\\/?s={search_term_string}\"},\"query-input\":{\"@type\":\"PropertyValueSpecification\",\"valueRequired\":true,\"valueName\":\"search_term_string\"}}],\"inLanguage\":\"fr-FR\"},{\"@type\":\"Organization\",\"@id\":\"https:\\\/\\\/remstim.com\\\/fr\\\/#organization\",\"name\":\"EMDR Ger\u00e4t REMSTIM 3000 gegen Stress\",\"url\":\"https:\\\/\\\/remstim.com\\\/fr\\\/\",\"logo\":{\"@type\":\"ImageObject\",\"inLanguage\":\"fr-FR\",\"@id\":\"https:\\\/\\\/remstim.com\\\/fr\\\/#\\\/schema\\\/logo\\\/image\\\/\",\"url\":\"https:\\\/\\\/remstim.com\\\/wp-content\\\/uploads\\\/2012\\\/06\\\/REMSTIM-Logo-mit-Untertitel_orange-e1340382850185.png\",\"contentUrl\":\"https:\\\/\\\/remstim.com\\\/wp-content\\\/uploads\\\/2012\\\/06\\\/REMSTIM-Logo-mit-Untertitel_orange-e1340382850185.png\",\"width\":304,\"height\":80,\"caption\":\"EMDR Ger\u00e4t REMSTIM 3000 gegen Stress\"},\"image\":{\"@id\":\"https:\\\/\\\/remstim.com\\\/fr\\\/#\\\/schema\\\/logo\\\/image\\\/\"}}]}<\/script>\n<!-- \/ Yoast SEO plugin. -->","yoast_head_json":{"title":"EMDR - La m\u00e9thode des mouvements oculaires rapides aide","description":"Obtenez une vue d'ensemble de l'EMDR et de ce qu'elle peut faire. 8 \u00e9tapes permettent g\u00e9n\u00e9ralement de se d\u00e9tendre profond\u00e9ment.","robots":{"index":"index","follow":"follow","max-snippet":"max-snippet:-1","max-image-preview":"max-image-preview:large","max-video-preview":"max-video-preview:-1"},"canonical":"https:\/\/remstim.com\/fr\/emdr-apercu\/","og_locale":"fr_FR","og_type":"article","og_title":"EMDR - La m\u00e9thode des mouvements oculaires rapides aide","og_description":"Obtenez une vue d'ensemble de l'EMDR et de ce qu'elle peut faire. 8 \u00e9tapes permettent g\u00e9n\u00e9ralement de se d\u00e9tendre profond\u00e9ment.","og_url":"https:\/\/remstim.com\/fr\/emdr-apercu\/","og_site_name":"EMDR Ger\u00e4t REMSTIM 3000 gegen Stress","article_modified_time":"2023-09-15T05:58:26+00:00","twitter_misc":{"Dur\u00e9e de lecture estim\u00e9e":"1 minute"},"schema":{"@context":"https:\/\/schema.org","@graph":[{"@type":"WebPage","@id":"https:\/\/remstim.com\/fr\/emdr-apercu\/","url":"https:\/\/remstim.com\/fr\/emdr-apercu\/","name":"EMDR - La m\u00e9thode des mouvements oculaires rapides aide","isPartOf":{"@id":"https:\/\/remstim.com\/fr\/#website"},"datePublished":"2023-04-01T10:56:18+00:00","dateModified":"2023-09-15T05:58:26+00:00","description":"Obtenez une vue d'ensemble de l'EMDR et de ce qu'elle peut faire. 8 \u00e9tapes permettent g\u00e9n\u00e9ralement de se d\u00e9tendre profond\u00e9ment.","breadcrumb":{"@id":"https:\/\/remstim.com\/fr\/emdr-apercu\/#breadcrumb"},"inLanguage":"fr-FR","potentialAction":[{"@type":"ReadAction","target":["https:\/\/remstim.com\/fr\/emdr-apercu\/"]}]},{"@type":"BreadcrumbList","@id":"https:\/\/remstim.com\/fr\/emdr-apercu\/#breadcrumb","itemListElement":[{"@type":"ListItem","position":1,"name":"Startseite","item":"https:\/\/remstim.com\/fr\/"},{"@type":"ListItem","position":2,"name":"EMDR &#8211; Eye Movement Desensitization and Reprocessing : une vue d&#8217;ensemble"}]},{"@type":"WebSite","@id":"https:\/\/remstim.com\/fr\/#website","url":"https:\/\/remstim.com\/fr\/","name":"EMDR Ger\u00e4t REMSTIM 3000 gegen Stress","description":"Wie wir schnell Entspannung finden.","publisher":{"@id":"https:\/\/remstim.com\/fr\/#organization"},"potentialAction":[{"@type":"SearchAction","target":{"@type":"EntryPoint","urlTemplate":"https:\/\/remstim.com\/fr\/?s={search_term_string}"},"query-input":{"@type":"PropertyValueSpecification","valueRequired":true,"valueName":"search_term_string"}}],"inLanguage":"fr-FR"},{"@type":"Organization","@id":"https:\/\/remstim.com\/fr\/#organization","name":"EMDR Ger\u00e4t REMSTIM 3000 gegen Stress","url":"https:\/\/remstim.com\/fr\/","logo":{"@type":"ImageObject","inLanguage":"fr-FR","@id":"https:\/\/remstim.com\/fr\/#\/schema\/logo\/image\/","url":"https:\/\/remstim.com\/wp-content\/uploads\/2012\/06\/REMSTIM-Logo-mit-Untertitel_orange-e1340382850185.png","contentUrl":"https:\/\/remstim.com\/wp-content\/uploads\/2012\/06\/REMSTIM-Logo-mit-Untertitel_orange-e1340382850185.png","width":304,"height":80,"caption":"EMDR Ger\u00e4t REMSTIM 3000 gegen Stress"},"image":{"@id":"https:\/\/remstim.com\/fr\/#\/schema\/logo\/image\/"}}]}},"_links":{"self":[{"href":"https:\/\/remstim.com\/fr\/wp-json\/wp\/v2\/pages\/12018","targetHints":{"allow":["GET"]}}],"collection":[{"href":"https:\/\/remstim.com\/fr\/wp-json\/wp\/v2\/pages"}],"about":[{"href":"https:\/\/remstim.com\/fr\/wp-json\/wp\/v2\/types\/page"}],"author":[{"embeddable":true,"href":"https:\/\/remstim.com\/fr\/wp-json\/wp\/v2\/users\/1"}],"replies":[{"embeddable":true,"href":"https:\/\/remstim.com\/fr\/wp-json\/wp\/v2\/comments?post=12018"}],"version-history":[{"count":0,"href":"https:\/\/remstim.com\/fr\/wp-json\/wp\/v2\/pages\/12018\/revisions"}],"wp:attachment":[{"href":"https:\/\/remstim.com\/fr\/wp-json\/wp\/v2\/media?parent=12018"}],"curies":[{"name":"wp","href":"https:\/\/api.w.org\/{rel}","templated":true}]}}