{"id":24286,"date":"2023-09-28T08:33:36","date_gmt":"2023-09-28T08:33:36","guid":{"rendered":"https:\/\/remstim.de\/remstim-3000\/cgv-conditions-generales-de-vente\/"},"modified":"2023-09-28T08:47:25","modified_gmt":"2023-09-28T08:47:25","slug":"conditions-generales-de-vente","status":"publish","type":"page","link":"https:\/\/remstim.com\/fr\/mentions-legales\/conditions-generales-de-vente\/","title":{"rendered":"Conditions g\u00e9n\u00e9rales de vente"},"content":{"rendered":"<h1>Conditions g\u00e9n\u00e9rales de vente<\/h1>\n<h3>\u00a7 1 Validit\u00e9, d\u00e9finitions<\/h3>\n<p>(1) Thomas Buhl, Am Dachsbau 59, 13503 Berlin, Allemagne (ci-apr\u00e8s : &#8220;nous&#8221; ou &#8220;Thomas Buhl&#8221;) exploite une boutique en ligne de marchandises sur le site https:\/\/remstim.com. Il s&#8217;agit d&#8217;un site de vente en ligne de produits de consommation courante. Les conditions g\u00e9n\u00e9rales de vente suivantes s&#8217;appliquent \u00e0 toutes les prestations entre nous et nos clients (ci-apr\u00e8s d\u00e9nomm\u00e9s &#8220;client&#8221; ou &#8220;vous&#8221;) dans leur version en vigueur au moment de la commande, sauf accord contraire explicite.<\/p>\n<p>(2) &#8220;Consommateur&#8221; au sens des pr\u00e9sentes conditions g\u00e9n\u00e9rales de vente : toute personne physique qui conclut un acte juridique \u00e0 des fins qui, pour l&#8217;essentiel, ne peuvent \u00eatre imput\u00e9es ni \u00e0 son activit\u00e9 commerciale ni \u00e0 son activit\u00e9 professionnelle ind\u00e9pendante. &#8220;entrepreneur&#8221; : une personne physique ou morale ou une soci\u00e9t\u00e9 de personnes dot\u00e9e de la personnalit\u00e9 juridique qui, lors de la conclusion d&#8217;un acte juridique, agit dans l&#8217;exercice de son activit\u00e9 commerciale ou professionnelle ind\u00e9pendante, une soci\u00e9t\u00e9 de personnes dot\u00e9e de la personnalit\u00e9 juridique \u00e9tant une soci\u00e9t\u00e9 de personnes ayant la capacit\u00e9 d&#8217;acqu\u00e9rir des droits et de contracter des obligations.<\/p>\n<h3>\u00a7 2 R\u00e9alisation des contrats, enregistrement du texte du contrat<\/h3>\n<p>(1) Les r\u00e8gles suivantes relatives \u00e0 la conclusion du contrat s&#8217;appliquent aux commandes pass\u00e9es via notre boutique en ligne sur https:\/\/remstim.com.<\/p>\n<p>(2) Nos pr\u00e9sentations de produits sur Internet sont sans engagement et ne constituent pas une offre ferme pour la conclusion d&#8217;un contrat.<\/p>\n<p>(3) Les r\u00e8gles suivantes s&#8217;appliquent \u00e0 la r\u00e9ception d&#8217;une commande dans notre boutique en ligne : Le client fait une offre de contrat ferme en suivant avec succ\u00e8s la proc\u00e9dure de commande pr\u00e9vue dans notre boutique en ligne. La commande se fait selon les \u00e9tapes suivantes :<\/p>\n<ol>\n<li>S\u00e9lection de la marchandise souhait\u00e9e,<\/li>\n<li>V\u00e9rification des informations relatives \u00e0 la marchandise,<\/li>\n<li>Choix du mode de paiement, le cas \u00e9ch\u00e9ant. Saisie\/v\u00e9rification des donn\u00e9es d&#8217;adresse et de contact, confirmation des CGV et de l&#8217;information sur le droit de r\u00e9tractation,<\/li>\n<li>Dans la mesure o\u00f9 la qualit\u00e9 convenue de la marchandise s&#8217;\u00e9carte de sa qualit\u00e9 et de ses conditions d&#8217;utilisation habituelles, confirmation d&#8217;un accord n\u00e9gatif sur la qualit\u00e9,<\/li>\n<li>Conclusion de la commande en cliquant sur le bouton &#8220;Acheter&#8221; ou &#8220;Commander avec obligation de paiement&#8221;. Ceci constitue votre commande ferme.<\/li>\n<li>Le contrat est conclu lorsque vous recevez une confirmation de commande de notre part \u00e0 l&#8217;adresse e-mail indiqu\u00e9e dans un d\u00e9lai de trois jours ouvrables.<\/li>\n<\/ol>\n<p>(4) En cas de conclusion du contrat, le contrat est conclu avec Thomas Buhl, Am Dachsbau 59, 13503 Berlin, Allemagne.<\/p>\n<p>(5) Avant de passer commande, les donn\u00e9es contractuelles peuvent \u00eatre imprim\u00e9es ou sauvegard\u00e9es \u00e9lectroniquement \u00e0 l&#8217;aide de la fonction d&#8217;impression du navigateur. Le traitement de la commande et la transmission de toutes les informations n\u00e9cessaires en rapport avec la conclusion du contrat, en particulier les donn\u00e9es de la commande, les CGV et l&#8217;information sur le droit de r\u00e9tractation, s&#8217;effectuent par e-mail apr\u00e8s le d\u00e9clenchement de la commande par vos soins, en partie de mani\u00e8re automatis\u00e9e. Nous n&#8217;enregistrons pas le texte du contrat apr\u00e8s sa conclusion.<\/p>\n<p>(6) Les erreurs de saisie peuvent \u00eatre corrig\u00e9es au moyen des fonctions habituelles du clavier, de la souris et du navigateur (p. ex. &#8220;bouton retour&#8221; du navigateur). Elles peuvent \u00e9galement \u00eatre corrig\u00e9es en interrompant pr\u00e9matur\u00e9ment le processus de commande, en fermant la fen\u00eatre du navigateur et en recommen\u00e7ant le processus.<\/p>\n<p>(7) Le traitement de la commande et la transmission de toutes les informations n\u00e9cessaires \u00e0 la conclusion du contrat s&#8217;effectuent par courrier \u00e9lectronique, de mani\u00e8re partiellement automatis\u00e9e. Vous devez donc vous assurer que l&#8217;adresse e-mail que vous avez enregistr\u00e9e chez nous est correcte, que la r\u00e9ception des e-mails est techniquement garantie et qu&#8217;elle n&#8217;est notamment pas emp\u00each\u00e9e par des filtres SPAM.<\/p>\n<h3>\u00a7 3 Objet du contrat et caract\u00e9ristiques essentielles des produits<\/h3>\n<p>(1) Dans le cas de notre boutique en ligne, l&#8217;objet du contrat est<\/p>\n<ol style=\"list-style-type: lower-alpha;\">\n<li>La vente de marchandises. Les marchandises concr\u00e8tement propos\u00e9es peuvent \u00eatre consult\u00e9es sur nos pages d&#8217;articles.<\/li>\n<\/ol>\n<p>(2) Les caract\u00e9ristiques essentielles de la marchandise se trouvent dans la description de l&#8217;article. Si la qualit\u00e9 convenue de la marchandise diff\u00e8re de sa qualit\u00e9 et de ses conditions d&#8217;utilisation habituelles, cela est express\u00e9ment indiqu\u00e9 dans la description de l&#8217;article (accord n\u00e9gatif sur la qualit\u00e9). Dans la mesure o\u00f9 le client a donn\u00e9 son consentement expr\u00e8s \u00e0 l&#8217;\u00e9cart n\u00e9gatif de qualit\u00e9, celui-ci d\u00e9finit l&#8217;objet du contrat.<\/p>\n<h3>\u00a7 4 Prix, frais d&#8217;exp\u00e9dition et livraison<\/h3>\n<p>(1) Les prix indiqu\u00e9s dans les offres respectives ainsi que les frais d&#8217;exp\u00e9dition sont des prix globaux et comprennent tous les \u00e9l\u00e9ments du prix, y compris toutes les taxes applicables.<\/p>\n<p>(2) Le prix d&#8217;achat respectif doit \u00eatre pay\u00e9 avant la livraison du produit (paiement anticip\u00e9), \u00e0 moins que nous ne proposions express\u00e9ment l&#8217;achat sur facture. Les modes de paiement \u00e0 votre disposition sont indiqu\u00e9s sous un bouton d\u00e9sign\u00e9 en cons\u00e9quence dans la boutique en ligne ou dans l&#8217;offre correspondante. Sauf indication contraire dans les diff\u00e9rents modes de paiement, les droits \u00e0 paiement sont imm\u00e9diatement exigibles.<\/p>\n<p>(3) En plus des prix indiqu\u00e9s, des frais d&#8217;exp\u00e9dition sont factur\u00e9s pour la livraison des produits, sauf si l&#8217;article concern\u00e9 est indiqu\u00e9 comme \u00e9tant gratuit. Nous indiquons les frais d&#8217;exp\u00e9dition dans les <a href=\"https:\/\/remstim.com\/fr\/remstim-3000\/conditions-dexpedition-et-de-livraison\/\">conditions d&#8217;exp\u00e9dition et de livraison<\/a>. Les frais d&#8217;exp\u00e9dition vous sont \u00e0 nouveau clairement indiqu\u00e9s sur les offres, le cas \u00e9ch\u00e9ant dans le syst\u00e8me du panier et\/ou sur le r\u00e9capitulatif de la commande.<\/p>\n<p>(4) Tous les produits propos\u00e9s sont, sauf indication contraire claire dans la description du produit, pr\u00eats \u00e0 \u00eatre exp\u00e9di\u00e9s imm\u00e9diatement et vous seront envoy\u00e9s conform\u00e9ment aux <a href=\"https:\/\/remstim.com\/fr\/remstim-3000\/conditions-dexpedition-et-de-livraison\/\">d\u00e9lais de livraison<\/a> apr\u00e8s r\u00e9ception du paiement.<\/p>\n<p>(5) Les restrictions territoriales de livraison suivantes s&#8217;appliquent : La livraison est effectu\u00e9e dans les pays suivants : Belgique, Allemagne, France, Italie, Luxembourg, Pays-Bas, Pologne, Espagne, Autriche.<\/p>\n<h3>\u00a7 5 Droit de r\u00e9tention, r\u00e9serve de propri\u00e9t\u00e9<\/h3>\n<p>(1) Vous ne pouvez exercer un droit de r\u00e9tention que dans la mesure o\u00f9 il s&#8217;agit de cr\u00e9ances issues de la m\u00eame relation contractuelle.<\/p>\n<p>(2) La marchandise reste notre propri\u00e9t\u00e9 jusqu&#8217;au paiement int\u00e9gral du prix d&#8217;achat.<\/p>\n<h3>\u00a7 6 Droit de r\u00e9tractation<\/h3>\n<p>En tant que consommateur, vous disposez d&#8217;un droit de r\u00e9tractation. Celui-ci est d\u00e9termin\u00e9 par nos <a href=\"https:\/\/remstim.com\/fr\/remstim-3000\/information-sur-le-droit-de-retractation\/\">informations sur le droit de r\u00e9tractation<\/a>.<\/p>\n<h3>\u00a7 7 Responsabilit\u00e9<\/h3>\n<p>(1) Sous r\u00e9serve des exceptions suivantes, notre responsabilit\u00e9 pour les violations d&#8217;obligations contractuelles ainsi que pour les actes illicites est limit\u00e9e \u00e0 la pr\u00e9m\u00e9ditation ou \u00e0 la n\u00e9gligence grave.<\/p>\n<p>(2) Notre responsabilit\u00e9 est illimit\u00e9e en cas de n\u00e9gligence l\u00e9g\u00e8re en cas d&#8217;atteinte \u00e0 la vie, \u00e0 l&#8217;int\u00e9grit\u00e9 physique ou \u00e0 la sant\u00e9 ou en cas de violation d&#8217;une obligation essentielle du contrat. Si nous sommes en retard dans l&#8217;ex\u00e9cution de la prestation en raison d&#8217;une n\u00e9gligence l\u00e9g\u00e8re, si la prestation est devenue impossible ou si nous avons manqu\u00e9 \u00e0 une obligation essentielle du contrat, la responsabilit\u00e9 pour les dommages mat\u00e9riels et p\u00e9cuniaires qui en d\u00e9coulent est limit\u00e9e aux <strong>dommages pr\u00e9visibles typiques du contrat<\/strong>. Une obligation essentielle au contrat est une obligation dont l&#8217;ex\u00e9cution permet l&#8217;ex\u00e9cution en bonne et due forme du contrat, dont la violation met en p\u00e9ril la r\u00e9alisation de l&#8217;objectif du contrat et dont vous pouvez r\u00e9guli\u00e8rement attendre le respect. Cela inclut notamment notre obligation d&#8217;agir et d&#8217;ex\u00e9cuter la prestation due au titre du contrat, d\u00e9crite au \u00a7 3.<\/p>\n<h3>\u00a7 8 Langue du contrat<\/h3>\n<p>La langue du contrat est exclusivement l&#8217;allemand. Pour des raisons de simplicit\u00e9 et de compr\u00e9hension, nous mettons \u00e9galement les CGV \u00e0 disposition dans d&#8217;autres langues.<\/p>\n<h3>\u00a7 9 Garantie<\/h3>\n<p>(1) La garantie est r\u00e9gie par les dispositions l\u00e9gales.<\/p>\n<p>(2) En tant que consommateur, vous \u00eates pri\u00e9 de v\u00e9rifier imm\u00e9diatement, lors de l&#8217;ex\u00e9cution du contrat, si la chose\/les biens num\u00e9riques ou le service fourni est complet(s), s&#8217;il(s) pr\u00e9sente(nt) des d\u00e9fauts \u00e9vidents et des dommages dus au transport et de nous faire part, ainsi qu&#8217;au transporteur, de toute r\u00e9clamation dans les meilleurs d\u00e9lais. Si vous ne le faites pas, cela n&#8217;a bien s\u00fbr aucun effet sur vos droits de garantie l\u00e9gaux.<\/p>\n<h3>\u00a7 10 Dispositions finales\/r\u00e8glement des litiges<\/h3>\n<p>(1) Le droit allemand est applicable. Pour les consommateurs, ce choix de loi ne s&#8217;applique que dans la mesure o\u00f9 il ne prive pas de la protection accord\u00e9e par les dispositions imp\u00e9ratives de la loi du pays de r\u00e9sidence habituelle du consommateur (principe de faveur).<\/p>\n<p>(2) Les dispositions de la Convention des Nations unies sur les contrats de vente internationale de marchandises ne sont express\u00e9ment pas applicables.<\/p>\n<p>(3) Dans la mesure o\u00f9 le client est un commer\u00e7ant, une personne morale de droit public ou un fonds sp\u00e9cial de droit public, le tribunal comp\u00e9tent pour tous les litiges r\u00e9sultant des relations contractuelles entre le client et le fournisseur est celui du si\u00e8ge du fournisseur.<\/p>\n<p>(4)  <strong>R\u00e8glement extrajudiciaire des litiges conform\u00e9ment \u00e0 l&#8217;article 14, paragraphe 1, de la directive. 1 ODR-VO et \u00a7 36 VSBG :<\/strong>  La Commission europ\u00e9enne met \u00e0 disposition une plateforme de r\u00e8glement en ligne des litiges (RLL) que vous trouverez sur <a href=\"http:\/\/ec.europa.eu\/consumers\/odr\/\" target=\"_blank\" rel=\"noopener noreferrer\">http:\/\/ec.europa.eu\/consumers\/odr\/<\/a>. Nous ne sommes pas tenus de participer \u00e0 une proc\u00e9dure de r\u00e8glement des litiges devant un organisme de conciliation des consommateurs et ne sommes en principe pas dispos\u00e9s \u00e0 le faire.<\/p>\n","protected":false},"excerpt":{"rendered":"<p>Conditions g\u00e9n\u00e9rales de vente \u00a7 1 Validit\u00e9, d\u00e9finitions (1) Thomas Buhl, Am Dachsbau 59, 13503 Berlin, Allemagne (ci-apr\u00e8s : &#8220;nous&#8221; ou &#8220;Thomas Buhl&#8221;) exploite une boutique en ligne de marchandises sur le site https:\/\/remstim.com. Il s&#8217;agit d&#8217;un site de vente en ligne de produits de consommation courante. Les conditions g\u00e9n\u00e9rales de vente suivantes s&#8217;appliquent \u00e0 [&hellip;]<\/p>\n","protected":false},"author":1,"featured_media":0,"parent":11726,"menu_order":0,"comment_status":"closed","ping_status":"closed","template":"","meta":{"_acf_changed":false,"site-sidebar-layout":"default","site-content-layout":"","ast-site-content-layout":"default","site-content-style":"default","site-sidebar-style":"default","ast-global-header-display":"","ast-banner-title-visibility":"","ast-main-header-display":"","ast-hfb-above-header-display":"","ast-hfb-below-header-display":"","ast-hfb-mobile-header-display":"","site-post-title":"","ast-breadcrumbs-content":"","ast-featured-img":"","footer-sml-layout":"","ast-disable-related-posts":"","theme-transparent-header-meta":"default","adv-header-id-meta":"","stick-header-meta":"default","header-above-stick-meta":"","header-main-stick-meta":"","header-below-stick-meta":"","astra-migrate-meta-layouts":"set","ast-page-background-enabled":"default","ast-page-background-meta":{"desktop":{"background-color":"var(--ast-global-color-4)","background-image":"","background-repeat":"repeat","background-position":"center center","background-size":"auto","background-attachment":"scroll","background-type":"","background-media":"","overlay-type":"","overlay-color":"","overlay-opacity":"","overlay-gradient":""},"tablet":{"background-color":"","background-image":"","background-repeat":"repeat","background-position":"center center","background-size":"auto","background-attachment":"scroll","background-type":"","background-media":"","overlay-type":"","overlay-color":"","overlay-opacity":"","overlay-gradient":""},"mobile":{"background-color":"","background-image":"","background-repeat":"repeat","background-position":"center center","background-size":"auto","background-attachment":"scroll","background-type":"","background-media":"","overlay-type":"","overlay-color":"","overlay-opacity":"","overlay-gradient":""}},"ast-content-background-meta":{"desktop":{"background-color":"var(--ast-global-color-5)","background-image":"","background-repeat":"repeat","background-position":"center center","background-size":"auto","background-attachment":"scroll","background-type":"","background-media":"","overlay-type":"","overlay-color":"","overlay-opacity":"","overlay-gradient":""},"tablet":{"background-color":"var(--ast-global-color-5)","background-image":"","background-repeat":"repeat","background-position":"center center","background-size":"auto","background-attachment":"scroll","background-type":"","background-media":"","overlay-type":"","overlay-color":"","overlay-opacity":"","overlay-gradient":""},"mobile":{"background-color":"var(--ast-global-color-5)","background-image":"","background-repeat":"repeat","background-position":"center center","background-size":"auto","background-attachment":"scroll","background-type":"","background-media":"","overlay-type":"","overlay-color":"","overlay-opacity":"","overlay-gradient":""}},"footnotes":""},"class_list":["post-24286","page","type-page","status-publish","hentry"],"acf":[],"yoast_head":"<!-- This site is optimized with the Yoast SEO plugin v27.3 - https:\/\/yoast.com\/product\/yoast-seo-wordpress\/ -->\n<title>Conditions g\u00e9n\u00e9rales de vente - EMDR Ger\u00e4t REMSTIM 3000 gegen Stress<\/title>\n<meta name=\"robots\" content=\"noindex, follow\" \/>\n<meta property=\"og:locale\" content=\"fr_FR\" \/>\n<meta property=\"og:type\" content=\"article\" \/>\n<meta property=\"og:title\" content=\"Conditions g\u00e9n\u00e9rales de vente - EMDR Ger\u00e4t REMSTIM 3000 gegen Stress\" \/>\n<meta property=\"og:description\" content=\"Conditions g\u00e9n\u00e9rales de vente \u00a7 1 Validit\u00e9, d\u00e9finitions (1) Thomas Buhl, Am Dachsbau 59, 13503 Berlin, Allemagne (ci-apr\u00e8s : &#8220;nous&#8221; ou &#8220;Thomas Buhl&#8221;) exploite une boutique en ligne de marchandises sur le site https:\/\/remstim.com. Il s&#8217;agit d&#8217;un site de vente en ligne de produits de consommation courante. Les conditions g\u00e9n\u00e9rales de vente suivantes s&#8217;appliquent \u00e0 [&hellip;]\" \/>\n<meta property=\"og:url\" content=\"https:\/\/remstim.com\/fr\/mentions-legales\/conditions-generales-de-vente\/\" \/>\n<meta property=\"og:site_name\" content=\"EMDR Ger\u00e4t REMSTIM 3000 gegen Stress\" \/>\n<meta property=\"article:modified_time\" content=\"2023-09-28T08:47:25+00:00\" \/>\n<meta name=\"twitter:label1\" content=\"Dur\u00e9e de lecture estim\u00e9e\" \/>\n\t<meta name=\"twitter:data1\" content=\"9 minutes\" \/>\n<script type=\"application\/ld+json\" class=\"yoast-schema-graph\">{\"@context\":\"https:\\\/\\\/schema.org\",\"@graph\":[{\"@type\":\"WebPage\",\"@id\":\"https:\\\/\\\/remstim.com\\\/fr\\\/mentions-legales\\\/conditions-generales-de-vente\\\/\",\"url\":\"https:\\\/\\\/remstim.com\\\/fr\\\/mentions-legales\\\/conditions-generales-de-vente\\\/\",\"name\":\"Conditions g\u00e9n\u00e9rales de vente - EMDR Ger\u00e4t REMSTIM 3000 gegen Stress\",\"isPartOf\":{\"@id\":\"https:\\\/\\\/remstim.com\\\/fr\\\/#website\"},\"datePublished\":\"2023-09-28T08:33:36+00:00\",\"dateModified\":\"2023-09-28T08:47:25+00:00\",\"breadcrumb\":{\"@id\":\"https:\\\/\\\/remstim.com\\\/fr\\\/mentions-legales\\\/conditions-generales-de-vente\\\/#breadcrumb\"},\"inLanguage\":\"fr-FR\",\"potentialAction\":[{\"@type\":\"ReadAction\",\"target\":[\"https:\\\/\\\/remstim.com\\\/fr\\\/mentions-legales\\\/conditions-generales-de-vente\\\/\"]}]},{\"@type\":\"BreadcrumbList\",\"@id\":\"https:\\\/\\\/remstim.com\\\/fr\\\/mentions-legales\\\/conditions-generales-de-vente\\\/#breadcrumb\",\"itemListElement\":[{\"@type\":\"ListItem\",\"position\":1,\"name\":\"Startseite\",\"item\":\"https:\\\/\\\/remstim.com\\\/fr\\\/\"},{\"@type\":\"ListItem\",\"position\":2,\"name\":\"Mentions l\u00e9gales\",\"item\":\"https:\\\/\\\/remstim.com\\\/fr\\\/mentions-legales\\\/\"},{\"@type\":\"ListItem\",\"position\":3,\"name\":\"Conditions g\u00e9n\u00e9rales de vente\"}]},{\"@type\":\"WebSite\",\"@id\":\"https:\\\/\\\/remstim.com\\\/fr\\\/#website\",\"url\":\"https:\\\/\\\/remstim.com\\\/fr\\\/\",\"name\":\"EMDR Ger\u00e4t REMSTIM 3000 gegen Stress\",\"description\":\"Wie wir schnell Entspannung finden.\",\"publisher\":{\"@id\":\"https:\\\/\\\/remstim.com\\\/fr\\\/#organization\"},\"potentialAction\":[{\"@type\":\"SearchAction\",\"target\":{\"@type\":\"EntryPoint\",\"urlTemplate\":\"https:\\\/\\\/remstim.com\\\/fr\\\/?s={search_term_string}\"},\"query-input\":{\"@type\":\"PropertyValueSpecification\",\"valueRequired\":true,\"valueName\":\"search_term_string\"}}],\"inLanguage\":\"fr-FR\"},{\"@type\":\"Organization\",\"@id\":\"https:\\\/\\\/remstim.com\\\/fr\\\/#organization\",\"name\":\"EMDR Ger\u00e4t REMSTIM 3000 gegen Stress\",\"url\":\"https:\\\/\\\/remstim.com\\\/fr\\\/\",\"logo\":{\"@type\":\"ImageObject\",\"inLanguage\":\"fr-FR\",\"@id\":\"https:\\\/\\\/remstim.com\\\/fr\\\/#\\\/schema\\\/logo\\\/image\\\/\",\"url\":\"https:\\\/\\\/remstim.com\\\/wp-content\\\/uploads\\\/2012\\\/06\\\/REMSTIM-Logo-mit-Untertitel_orange-e1340382850185.png\",\"contentUrl\":\"https:\\\/\\\/remstim.com\\\/wp-content\\\/uploads\\\/2012\\\/06\\\/REMSTIM-Logo-mit-Untertitel_orange-e1340382850185.png\",\"width\":304,\"height\":80,\"caption\":\"EMDR Ger\u00e4t REMSTIM 3000 gegen Stress\"},\"image\":{\"@id\":\"https:\\\/\\\/remstim.com\\\/fr\\\/#\\\/schema\\\/logo\\\/image\\\/\"}}]}<\/script>\n<!-- \/ Yoast SEO plugin. -->","yoast_head_json":{"title":"Conditions g\u00e9n\u00e9rales de vente - EMDR Ger\u00e4t REMSTIM 3000 gegen Stress","robots":{"index":"noindex","follow":"follow"},"og_locale":"fr_FR","og_type":"article","og_title":"Conditions g\u00e9n\u00e9rales de vente - EMDR Ger\u00e4t REMSTIM 3000 gegen Stress","og_description":"Conditions g\u00e9n\u00e9rales de vente \u00a7 1 Validit\u00e9, d\u00e9finitions (1) Thomas Buhl, Am Dachsbau 59, 13503 Berlin, Allemagne (ci-apr\u00e8s : &#8220;nous&#8221; ou &#8220;Thomas Buhl&#8221;) exploite une boutique en ligne de marchandises sur le site https:\/\/remstim.com. Il s&#8217;agit d&#8217;un site de vente en ligne de produits de consommation courante. Les conditions g\u00e9n\u00e9rales de vente suivantes s&#8217;appliquent \u00e0 [&hellip;]","og_url":"https:\/\/remstim.com\/fr\/mentions-legales\/conditions-generales-de-vente\/","og_site_name":"EMDR Ger\u00e4t REMSTIM 3000 gegen Stress","article_modified_time":"2023-09-28T08:47:25+00:00","twitter_misc":{"Dur\u00e9e de lecture estim\u00e9e":"9 minutes"},"schema":{"@context":"https:\/\/schema.org","@graph":[{"@type":"WebPage","@id":"https:\/\/remstim.com\/fr\/mentions-legales\/conditions-generales-de-vente\/","url":"https:\/\/remstim.com\/fr\/mentions-legales\/conditions-generales-de-vente\/","name":"Conditions g\u00e9n\u00e9rales de vente - EMDR Ger\u00e4t REMSTIM 3000 gegen Stress","isPartOf":{"@id":"https:\/\/remstim.com\/fr\/#website"},"datePublished":"2023-09-28T08:33:36+00:00","dateModified":"2023-09-28T08:47:25+00:00","breadcrumb":{"@id":"https:\/\/remstim.com\/fr\/mentions-legales\/conditions-generales-de-vente\/#breadcrumb"},"inLanguage":"fr-FR","potentialAction":[{"@type":"ReadAction","target":["https:\/\/remstim.com\/fr\/mentions-legales\/conditions-generales-de-vente\/"]}]},{"@type":"BreadcrumbList","@id":"https:\/\/remstim.com\/fr\/mentions-legales\/conditions-generales-de-vente\/#breadcrumb","itemListElement":[{"@type":"ListItem","position":1,"name":"Startseite","item":"https:\/\/remstim.com\/fr\/"},{"@type":"ListItem","position":2,"name":"Mentions l\u00e9gales","item":"https:\/\/remstim.com\/fr\/mentions-legales\/"},{"@type":"ListItem","position":3,"name":"Conditions g\u00e9n\u00e9rales de vente"}]},{"@type":"WebSite","@id":"https:\/\/remstim.com\/fr\/#website","url":"https:\/\/remstim.com\/fr\/","name":"EMDR Ger\u00e4t REMSTIM 3000 gegen Stress","description":"Wie wir schnell Entspannung finden.","publisher":{"@id":"https:\/\/remstim.com\/fr\/#organization"},"potentialAction":[{"@type":"SearchAction","target":{"@type":"EntryPoint","urlTemplate":"https:\/\/remstim.com\/fr\/?s={search_term_string}"},"query-input":{"@type":"PropertyValueSpecification","valueRequired":true,"valueName":"search_term_string"}}],"inLanguage":"fr-FR"},{"@type":"Organization","@id":"https:\/\/remstim.com\/fr\/#organization","name":"EMDR Ger\u00e4t REMSTIM 3000 gegen Stress","url":"https:\/\/remstim.com\/fr\/","logo":{"@type":"ImageObject","inLanguage":"fr-FR","@id":"https:\/\/remstim.com\/fr\/#\/schema\/logo\/image\/","url":"https:\/\/remstim.com\/wp-content\/uploads\/2012\/06\/REMSTIM-Logo-mit-Untertitel_orange-e1340382850185.png","contentUrl":"https:\/\/remstim.com\/wp-content\/uploads\/2012\/06\/REMSTIM-Logo-mit-Untertitel_orange-e1340382850185.png","width":304,"height":80,"caption":"EMDR Ger\u00e4t REMSTIM 3000 gegen Stress"},"image":{"@id":"https:\/\/remstim.com\/fr\/#\/schema\/logo\/image\/"}}]}},"_links":{"self":[{"href":"https:\/\/remstim.com\/fr\/wp-json\/wp\/v2\/pages\/24286","targetHints":{"allow":["GET"]}}],"collection":[{"href":"https:\/\/remstim.com\/fr\/wp-json\/wp\/v2\/pages"}],"about":[{"href":"https:\/\/remstim.com\/fr\/wp-json\/wp\/v2\/types\/page"}],"author":[{"embeddable":true,"href":"https:\/\/remstim.com\/fr\/wp-json\/wp\/v2\/users\/1"}],"replies":[{"embeddable":true,"href":"https:\/\/remstim.com\/fr\/wp-json\/wp\/v2\/comments?post=24286"}],"version-history":[{"count":0,"href":"https:\/\/remstim.com\/fr\/wp-json\/wp\/v2\/pages\/24286\/revisions"}],"up":[{"embeddable":true,"href":"https:\/\/remstim.com\/fr\/wp-json\/wp\/v2\/pages\/11726"}],"wp:attachment":[{"href":"https:\/\/remstim.com\/fr\/wp-json\/wp\/v2\/media?parent=24286"}],"curies":[{"name":"wp","href":"https:\/\/api.w.org\/{rel}","templated":true}]}}