{"id":28800,"date":"2026-04-27T10:23:48","date_gmt":"2026-04-27T10:23:48","guid":{"rendered":"https:\/\/remstim.com\/module-6-integrer-lemdr\/"},"modified":"2026-04-27T10:23:48","modified_gmt":"2026-04-27T10:23:48","slug":"module-6-integrer-lemdr","status":"publish","type":"page","link":"https:\/\/remstim.com\/fr\/module-6-integrer-lemdr\/","title":{"rendered":"Module 6 \u2013 Int\u00e9grer l&#8217;EMDR"},"content":{"rendered":"<div class=\"responsive-bild-template\">\n<p><img decoding=\"async\" class=\"responsive-bild\" src=\"https:\/\/remstim.com\/wp-content\/uploads\/2026\/04\/Modul-6-\u2013-EMDR-integrieren-Sicherheit-Abschluss-Ausblick_cover.jpg\" alt=\"\"><\/p>\n<div class=\"responsive-template\">\t\t<div data-elementor-type=\"section\" data-elementor-id=\"28714\" class=\"elementor elementor-28714 elementor-28456\" data-elementor-post-type=\"elementor_library\">\n\t\t\t\t\t<section class=\"elementor-section elementor-top-section elementor-element elementor-element-3780c2cc elementor-section-boxed elementor-section-height-default elementor-section-height-default\" data-id=\"3780c2cc\" data-element_type=\"section\" data-e-type=\"section\">\n\t\t\t\t\t\t<div class=\"elementor-container elementor-column-gap-no\">\n\t\t\t\t\t<div class=\"elementor-column elementor-col-100 elementor-top-column elementor-element elementor-element-42ef232c\" data-id=\"42ef232c\" data-element_type=\"column\" data-e-type=\"column\">\n\t\t\t<div class=\"elementor-widget-wrap elementor-element-populated\">\n\t\t\t\t\t\t<section class=\"elementor-section elementor-inner-section elementor-element elementor-element-9c01e0 elementor-section-boxed elementor-section-height-default elementor-section-height-default\" data-id=\"9c01e0\" data-element_type=\"section\" data-e-type=\"section\" data-settings=\"{&quot;background_background&quot;:&quot;classic&quot;}\">\n\t\t\t\t\t\t<div class=\"elementor-container elementor-column-gap-default\">\n\t\t\t\t\t<div class=\"elementor-column elementor-col-100 elementor-inner-column elementor-element elementor-element-5513bd91\" data-id=\"5513bd91\" data-element_type=\"column\" data-e-type=\"column\" data-settings=\"{&quot;background_background&quot;:&quot;classic&quot;}\">\n\t\t\t<div class=\"elementor-widget-wrap elementor-element-populated\">\n\t\t\t\t\t\t<div class=\"elementor-element elementor-element-090ad39 elementor-widget elementor-widget-text-editor\" data-id=\"090ad39\" data-element_type=\"widget\" data-e-type=\"widget\" data-widget_type=\"text-editor.default\">\n\t\t\t\t<div class=\"elementor-widget-container\">\n\t\t\t\t\t\t\t\t\t<p><strong style=\"font-size: 24px; color: #7e9b30;\">Le tutoriel complet<\/strong><\/p><p><a href=\"https:\/\/remstim.com\/fr\/auto-coaching-emdr-le-tutoriel-video-complet-modules-1-a-6\/\">Langue : Allemand, (lire la suite&#8230;)<\/a><\/p>\t\t\t\t\t\t\t\t<\/div>\n\t\t\t\t<\/div>\n\t\t\t\t<div class=\"elementor-element elementor-element-553e114 elementor-widget elementor-widget-image\" data-id=\"553e114\" data-element_type=\"widget\" data-e-type=\"widget\" data-widget_type=\"image.default\">\n\t\t\t\t<div class=\"elementor-widget-container\">\n\t\t\t\t\t\t\t\t\t\t\t\t\t\t\t\t<a href=\"https:\/\/remstim.com\/fr\/auto-coaching-emdr-le-tutoriel-video-complet-modules-1-a-6\/\">\n\t\t\t\t\t\t\t<img fetchpriority=\"high\" decoding=\"async\" width=\"225\" height=\"300\" src=\"https:\/\/remstim.com\/wp-content\/uploads\/2026\/04\/EMDR-Selbstcoaching-\u2013-Das-komplette-Video-Tutorial-Module-1-6-225x300.jpg\" class=\"attachment-medium size-medium wp-image-28384\" alt=\"Auto-coaching EMDR \u2013 Le tutoriel vid\u00e9o complet (Modules 1-6)\" srcset=\"https:\/\/remstim.com\/wp-content\/uploads\/2026\/04\/EMDR-Selbstcoaching-\u2013-Das-komplette-Video-Tutorial-Module-1-6-225x300.jpg 225w, https:\/\/remstim.com\/wp-content\/uploads\/2026\/04\/EMDR-Selbstcoaching-\u2013-Das-komplette-Video-Tutorial-Module-1-6-768x1024.jpg 768w, https:\/\/remstim.com\/wp-content\/uploads\/2026\/04\/EMDR-Selbstcoaching-\u2013-Das-komplette-Video-Tutorial-Module-1-6-1152x1536.jpg 1152w, https:\/\/remstim.com\/wp-content\/uploads\/2026\/04\/EMDR-Selbstcoaching-\u2013-Das-komplette-Video-Tutorial-Module-1-6.jpg 1500w\" sizes=\"(max-width: 225px) 100vw, 225px\" \/>\t\t\t\t\t\t\t\t<\/a>\n\t\t\t\t\t\t\t\t\t\t\t\t\t\t\t<\/div>\n\t\t\t\t<\/div>\n\t\t\t\t<div class=\"elementor-element elementor-element-7faeb86b elementor-widget elementor-widget-text-editor\" data-id=\"7faeb86b\" data-element_type=\"widget\" data-e-type=\"widget\" data-widget_type=\"text-editor.default\">\n\t\t\t\t<div class=\"elementor-widget-container\">\n\t\t\t\t\t\t\t\t\t<p><strong style=\"font-size: 24px; color: #7e9b30;\">129,00&nbsp;EUR<\/strong><\/p><p>Tous les prix incluent TVA<\/p>\t\t\t\t\t\t\t\t<\/div>\n\t\t\t\t<\/div>\n\t\t\t\t<div class=\"elementor-element elementor-element-658d24be elementor-align-right elementor-mobile-align-right elementor-widget elementor-widget-button\" data-id=\"658d24be\" data-element_type=\"widget\" data-e-type=\"widget\" data-widget_type=\"button.default\">\n\t\t\t\t<div class=\"elementor-widget-container\">\n\t\t\t\t\t\t\t\t\t<div class=\"elementor-button-wrapper\">\n\t\t\t\t\t<a class=\"elementor-button elementor-button-link elementor-size-sm\" href=\"https:\/\/copecart.com\/products\/5d71033e\/checkout\" target=\"_blank\">\n\t\t\t\t\t\t<span class=\"elementor-button-content-wrapper\">\n\t\t\t\t\t\t\t\t\t<span class=\"elementor-button-text\">vers la boutique<\/span>\n\t\t\t\t\t<\/span>\n\t\t\t\t\t<\/a>\n\t\t\t\t<\/div>\n\t\t\t\t\t\t\t\t<\/div>\n\t\t\t\t<\/div>\n\t\t\t\t<div class=\"elementor-element elementor-element-3ab691ee elementor-widget elementor-widget-text-editor\" data-id=\"3ab691ee\" data-element_type=\"widget\" data-e-type=\"widget\" data-widget_type=\"text-editor.default\">\n\t\t\t\t<div class=\"elementor-widget-container\">\n\t\t\t\t\t\t\t\t\t<p>Achat via <a href=\"https:\/\/copecart.com\/products\/5d71033e\/checkout\" target=\"_blank\" rel=\"noopener\">Copecart<\/a>, notre partenaire pour les produits num\u00e9riques.<\/p>\t\t\t\t\t\t\t\t<\/div>\n\t\t\t\t<\/div>\n\t\t\t\t\t<\/div>\n\t\t<\/div>\n\t\t\t\t\t<\/div>\n\t\t<\/section>\n\t\t\t\t\t<\/div>\n\t\t<\/div>\n\t\t\t\t\t<\/div>\n\t\t<\/section>\n\t\t\t\t<\/div>\n\t\t<\/div>\n<\/div>\n<h2>Mener le processus \u00e0 son terme \u2013 et le conclure consciemment<\/h2>\n<p>Apr\u00e8s l&#8217;application guid\u00e9e vient l&#8217;\u00e9tape souvent n\u00e9glig\u00e9e, mais cruciale dans la pratique : la conclusion et l&#8217;int\u00e9gration conscientes de l&#8217;exp\u00e9rience v\u00e9cue.<\/p>\n<p>Ce module se penche pr\u00e9cis\u00e9ment sur ce moment.<\/p>\n<p>Il regroupe les contenus essentiels du tutoriel, les rassemble \u00e0 nouveau et clarifie ce qui a \u00e9t\u00e9 compris et appliqu\u00e9 en substance. Pour une m\u00e9thode complexe comme l&#8217;EMDR, cela cr\u00e9e une orientation qui va au-del\u00e0 de la s\u00e9ance individuelle. <\/p>\n<h2>Voir les \u00e9l\u00e9ments centraux dans leur ensemble<\/h2>\n<p>Au cours du tutoriel, il est devenu clair que l&#8217;EMDR est plus qu&#8217;une simple technique.<\/p>\n<p>Les souvenirs ne sont pas isol\u00e9s. Ils sont li\u00e9s aux \u00e9motions, aux r\u00e9actions physiques et aux \u00e9valuations internes. Ces liens fa\u00e7onnent l&#8217;exp\u00e9rience quotidienne \u2013 souvent sans que nous en soyons conscients.  <\/p>\n<p>Le travail avec les mouvements oculaires agit pr\u00e9cis\u00e9ment sur ces points. Il met en mouvement les sch\u00e9mas fig\u00e9s et permet au syst\u00e8me de r\u00e9organiser les contenus stressants. <\/p>\n<p>En m\u00eame temps, il est devenu \u00e9vident \u00e0 quel point la mise en \u0153uvre pr\u00e9cise est cruciale. Le tempo, le rythme et l&#8217;uniformit\u00e9 influencent la r\u00e9ussite du processus. La structure, d\u00e9finie par les six \u00e9tapes, est tout aussi importante et soutient le d\u00e9roulement.  <\/p>\n<p>Ce module rassemble \u00e0 nouveau ces aspects afin qu&#8217;ils soient per\u00e7us comme une unit\u00e9.<\/p>\n<h2>S\u00e9curit\u00e9 et d\u00e9limitation \u2013 conna\u00eetre ses propres limites<\/h2>\n<p>L&#8217;EMDR en autocoaching peut \u00eatre un soutien puissant, mais n\u00e9cessite une conscience claire de ses limites.<\/p>\n<p>L&#8217;application se concentre sur les probl\u00e8mes quotidiens, les stress, les tensions et les processus internes qui peuvent \u00eatre trait\u00e9s de mani\u00e8re autonome. Elle ne remplace pas un accompagnement th\u00e9rapeutique. <\/p>\n<p>Si un sujet prend de l&#8217;ampleur, si les \u00e9motions deviennent plus intenses ou accablantes, ce n&#8217;est pas une erreur. C&#8217;est une indication qu&#8217;un soutien suppl\u00e9mentaire est utile. <\/p>\n<p>Ce module clarifie pr\u00e9cis\u00e9ment ce point et montre comment une approche consciente peut \u00eatre adopt\u00e9e.<\/p>\n<p>La conclusion d&#8217;un processus est tout aussi importante. Une conclusion claire garantit que le mouvement interne ne reste pas ouvert, mais se transforme en une forme stable. Elle apporte calme et orientation apr\u00e8s l&#8217;application.  <\/p>\n<h2>Int\u00e9gration \u2013 ce qui se passe apr\u00e8s la s\u00e9ance<\/h2>\n<p>Le changement ne se produit pas seulement au moment de l&#8217;application, mais aussi apr\u00e8s.<\/p>\n<p>Les pens\u00e9es peuvent se d\u00e9placer, les \u00e9motions peuvent changer, les sensations physiques peuvent se r\u00e9organiser. Ces processus sont souvent silencieux et d\u00e9veloppent leur effet en arri\u00e8re-plan. <\/p>\n<p>Ce module clarifie comment cette phase peut \u00eatre interpr\u00e9t\u00e9e et pourquoi elle est une partie essentielle de l&#8217;ensemble du processus.<\/p>\n<p>Il ne s&#8217;agit pas de figer un r\u00e9sultat imm\u00e9diat, mais de percevoir ce qui change et comment ce changement se manifeste dans la vie quotidienne.<\/p>\n<h2>Perspective \u2013 poursuivre l&#8217;application<\/h2>\n<p>Ce module marque la fin du tutoriel, mais pas du processus.<\/p>\n<p>L&#8217;EMDR en autocoaching n&#8217;est pas une application unique, mais quelque chose qui peut \u00eatre r\u00e9p\u00e9t\u00e9 et approfondi. Chaque s\u00e9ance apporte plus de s\u00e9curit\u00e9 dans la gestion de ses propres r\u00e9actions et plus de clart\u00e9 dans l&#8217;exp\u00e9rience int\u00e9rieure. <\/p>\n<p>Le changement n&#8217;est pas toujours imm\u00e9diatement visible. Il se d\u00e9veloppe progressivement, parfois \u00e0 peine perceptible, parfois clairement. L&#8217;essentiel est qu&#8217;un cadre existe dans lequel ce d\u00e9veloppement peut avoir lieu.  <\/p>\n<p>C&#8217;est pr\u00e9cis\u00e9ment ce cadre que forme l&#8217;interaction des modules. Le module 6 boucle la boucle. <\/p>\n<p>De la classification fondamentale aux m\u00e9canismes d&#8217;action, en passant par la mise en \u0153uvre pratique et l&#8217;application guid\u00e9e, un processus coh\u00e9rent est cr\u00e9\u00e9 et consciemment men\u00e9 \u00e0 son terme ici.<\/p>\n<p>Ainsi, il ne reste pas seulement un passage unique, mais une structure qui peut \u00eatre reprise \u00e0 tout moment.<\/p>\n","protected":false},"excerpt":{"rendered":"<p>Mener le processus \u00e0 son terme \u2013 et le conclure consciemment Apr\u00e8s l&#8217;application guid\u00e9e vient l&#8217;\u00e9tape souvent n\u00e9glig\u00e9e, mais cruciale dans la pratique : la conclusion et l&#8217;int\u00e9gration conscientes de l&#8217;exp\u00e9rience v\u00e9cue. Ce module se penche pr\u00e9cis\u00e9ment sur ce moment. Il regroupe les contenus essentiels du tutoriel, les rassemble \u00e0 nouveau et clarifie ce qui [&hellip;]<\/p>\n","protected":false},"author":1,"featured_media":0,"parent":0,"menu_order":0,"comment_status":"closed","ping_status":"closed","template":"","meta":{"_acf_changed":false,"site-sidebar-layout":"default","site-content-layout":"","ast-site-content-layout":"default","site-content-style":"default","site-sidebar-style":"default","ast-global-header-display":"","ast-banner-title-visibility":"","ast-main-header-display":"","ast-hfb-above-header-display":"","ast-hfb-below-header-display":"","ast-hfb-mobile-header-display":"","site-post-title":"","ast-breadcrumbs-content":"","ast-featured-img":"","footer-sml-layout":"","ast-disable-related-posts":"","theme-transparent-header-meta":"default","adv-header-id-meta":"","stick-header-meta":"default","header-above-stick-meta":"","header-main-stick-meta":"","header-below-stick-meta":"","astra-migrate-meta-layouts":"default","ast-page-background-enabled":"default","ast-page-background-meta":{"desktop":{"background-color":"var(--ast-global-color-4)","background-image":"","background-repeat":"repeat","background-position":"center center","background-size":"auto","background-attachment":"scroll","background-type":"","background-media":"","overlay-type":"","overlay-color":"","overlay-opacity":"","overlay-gradient":""},"tablet":{"background-color":"","background-image":"","background-repeat":"repeat","background-position":"center center","background-size":"auto","background-attachment":"scroll","background-type":"","background-media":"","overlay-type":"","overlay-color":"","overlay-opacity":"","overlay-gradient":""},"mobile":{"background-color":"","background-image":"","background-repeat":"repeat","background-position":"center center","background-size":"auto","background-attachment":"scroll","background-type":"","background-media":"","overlay-type":"","overlay-color":"","overlay-opacity":"","overlay-gradient":""}},"ast-content-background-meta":{"desktop":{"background-color":"var(--ast-global-color-5)","background-image":"","background-repeat":"repeat","background-position":"center center","background-size":"auto","background-attachment":"scroll","background-type":"","background-media":"","overlay-type":"","overlay-color":"","overlay-opacity":"","overlay-gradient":""},"tablet":{"background-color":"var(--ast-global-color-5)","background-image":"","background-repeat":"repeat","background-position":"center center","background-size":"auto","background-attachment":"scroll","background-type":"","background-media":"","overlay-type":"","overlay-color":"","overlay-opacity":"","overlay-gradient":""},"mobile":{"background-color":"var(--ast-global-color-5)","background-image":"","background-repeat":"repeat","background-position":"center center","background-size":"auto","background-attachment":"scroll","background-type":"","background-media":"","overlay-type":"","overlay-color":"","overlay-opacity":"","overlay-gradient":""}},"footnotes":""},"class_list":["post-28800","page","type-page","status-publish","hentry"],"acf":[],"yoast_head":"<!-- This site is optimized with the Yoast SEO plugin v27.5 - https:\/\/yoast.com\/product\/yoast-seo-wordpress\/ -->\n<title>EMDR Autocoaching \u2013 Int\u00e9gration et conclusion (Module 6)<\/title>\n<meta name=\"description\" content=\"Ce module regroupe les contenus essentiels de l&#039;autocoaching EMDR, d\u00e9finit la s\u00e9curit\u00e9 et les limites, et montre comment le processus est consciemment achev\u00e9.\" \/>\n<meta name=\"robots\" content=\"index, follow, max-snippet:-1, max-image-preview:large, max-video-preview:-1\" \/>\n<link rel=\"canonical\" href=\"https:\/\/remstim.com\/fr\/module-6-integrer-lemdr\/\" \/>\n<meta property=\"og:locale\" content=\"fr_FR\" \/>\n<meta property=\"og:type\" content=\"article\" \/>\n<meta property=\"og:title\" content=\"EMDR Autocoaching \u2013 Int\u00e9gration et conclusion (Module 6)\" \/>\n<meta property=\"og:description\" content=\"Ce module regroupe les contenus essentiels de l&#039;autocoaching EMDR, d\u00e9finit la s\u00e9curit\u00e9 et les limites, et montre comment le processus est consciemment achev\u00e9.\" \/>\n<meta property=\"og:url\" content=\"https:\/\/remstim.com\/fr\/module-6-integrer-lemdr\/\" \/>\n<meta property=\"og:site_name\" content=\"EMDR Ger\u00e4t REMSTIM 3000 gegen Stress\" \/>\n<meta name=\"twitter:label1\" content=\"Dur\u00e9e de lecture estim\u00e9e\" \/>\n\t<meta name=\"twitter:data1\" content=\"3 minutes\" \/>\n<script type=\"application\/ld+json\" class=\"yoast-schema-graph\">{\"@context\":\"https:\\\/\\\/schema.org\",\"@graph\":[{\"@type\":\"WebPage\",\"@id\":\"https:\\\/\\\/remstim.com\\\/fr\\\/module-6-integrer-lemdr\\\/\",\"url\":\"https:\\\/\\\/remstim.com\\\/fr\\\/module-6-integrer-lemdr\\\/\",\"name\":\"EMDR Autocoaching \u2013 Int\u00e9gration et conclusion (Module 6)\",\"isPartOf\":{\"@id\":\"https:\\\/\\\/remstim.com\\\/fr\\\/#website\"},\"datePublished\":\"2026-04-27T10:23:48+00:00\",\"description\":\"Ce module regroupe les contenus essentiels de l'autocoaching EMDR, d\u00e9finit la s\u00e9curit\u00e9 et les limites, et montre comment le processus est consciemment achev\u00e9.\",\"breadcrumb\":{\"@id\":\"https:\\\/\\\/remstim.com\\\/fr\\\/module-6-integrer-lemdr\\\/#breadcrumb\"},\"inLanguage\":\"fr-FR\",\"potentialAction\":[{\"@type\":\"ReadAction\",\"target\":[\"https:\\\/\\\/remstim.com\\\/fr\\\/module-6-integrer-lemdr\\\/\"]}]},{\"@type\":\"BreadcrumbList\",\"@id\":\"https:\\\/\\\/remstim.com\\\/fr\\\/module-6-integrer-lemdr\\\/#breadcrumb\",\"itemListElement\":[{\"@type\":\"ListItem\",\"position\":1,\"name\":\"Startseite\",\"item\":\"https:\\\/\\\/remstim.com\\\/fr\\\/page-principale\\\/\"},{\"@type\":\"ListItem\",\"position\":2,\"name\":\"Module 6 \u2013 Int\u00e9grer l&#8217;EMDR\"}]},{\"@type\":\"WebSite\",\"@id\":\"https:\\\/\\\/remstim.com\\\/fr\\\/#website\",\"url\":\"https:\\\/\\\/remstim.com\\\/fr\\\/\",\"name\":\"EMDR Ger\u00e4t REMSTIM 3000 gegen Stress\",\"description\":\"Wie wir schnell Entspannung finden.\",\"publisher\":{\"@id\":\"https:\\\/\\\/remstim.com\\\/fr\\\/#organization\"},\"potentialAction\":[{\"@type\":\"SearchAction\",\"target\":{\"@type\":\"EntryPoint\",\"urlTemplate\":\"https:\\\/\\\/remstim.com\\\/fr\\\/?s={search_term_string}\"},\"query-input\":{\"@type\":\"PropertyValueSpecification\",\"valueRequired\":true,\"valueName\":\"search_term_string\"}}],\"inLanguage\":\"fr-FR\"},{\"@type\":\"Organization\",\"@id\":\"https:\\\/\\\/remstim.com\\\/fr\\\/#organization\",\"name\":\"EMDR Ger\u00e4t REMSTIM 3000 gegen Stress\",\"url\":\"https:\\\/\\\/remstim.com\\\/fr\\\/\",\"logo\":{\"@type\":\"ImageObject\",\"inLanguage\":\"fr-FR\",\"@id\":\"https:\\\/\\\/remstim.com\\\/fr\\\/#\\\/schema\\\/logo\\\/image\\\/\",\"url\":\"https:\\\/\\\/remstim.com\\\/wp-content\\\/uploads\\\/2012\\\/06\\\/REMSTIM-Logo-mit-Untertitel_orange-e1340382850185.png\",\"contentUrl\":\"https:\\\/\\\/remstim.com\\\/wp-content\\\/uploads\\\/2012\\\/06\\\/REMSTIM-Logo-mit-Untertitel_orange-e1340382850185.png\",\"width\":304,\"height\":80,\"caption\":\"EMDR Ger\u00e4t REMSTIM 3000 gegen Stress\"},\"image\":{\"@id\":\"https:\\\/\\\/remstim.com\\\/fr\\\/#\\\/schema\\\/logo\\\/image\\\/\"}}]}<\/script>\n<!-- \/ Yoast SEO plugin. -->","yoast_head_json":{"title":"EMDR Autocoaching \u2013 Int\u00e9gration et conclusion (Module 6)","description":"Ce module regroupe les contenus essentiels de l'autocoaching EMDR, d\u00e9finit la s\u00e9curit\u00e9 et les limites, et montre comment le processus est consciemment achev\u00e9.","robots":{"index":"index","follow":"follow","max-snippet":"max-snippet:-1","max-image-preview":"max-image-preview:large","max-video-preview":"max-video-preview:-1"},"canonical":"https:\/\/remstim.com\/fr\/module-6-integrer-lemdr\/","og_locale":"fr_FR","og_type":"article","og_title":"EMDR Autocoaching \u2013 Int\u00e9gration et conclusion (Module 6)","og_description":"Ce module regroupe les contenus essentiels de l'autocoaching EMDR, d\u00e9finit la s\u00e9curit\u00e9 et les limites, et montre comment le processus est consciemment achev\u00e9.","og_url":"https:\/\/remstim.com\/fr\/module-6-integrer-lemdr\/","og_site_name":"EMDR Ger\u00e4t REMSTIM 3000 gegen Stress","twitter_misc":{"Dur\u00e9e de lecture estim\u00e9e":"3 minutes"},"schema":{"@context":"https:\/\/schema.org","@graph":[{"@type":"WebPage","@id":"https:\/\/remstim.com\/fr\/module-6-integrer-lemdr\/","url":"https:\/\/remstim.com\/fr\/module-6-integrer-lemdr\/","name":"EMDR Autocoaching \u2013 Int\u00e9gration et conclusion (Module 6)","isPartOf":{"@id":"https:\/\/remstim.com\/fr\/#website"},"datePublished":"2026-04-27T10:23:48+00:00","description":"Ce module regroupe les contenus essentiels de l'autocoaching EMDR, d\u00e9finit la s\u00e9curit\u00e9 et les limites, et montre comment le processus est consciemment achev\u00e9.","breadcrumb":{"@id":"https:\/\/remstim.com\/fr\/module-6-integrer-lemdr\/#breadcrumb"},"inLanguage":"fr-FR","potentialAction":[{"@type":"ReadAction","target":["https:\/\/remstim.com\/fr\/module-6-integrer-lemdr\/"]}]},{"@type":"BreadcrumbList","@id":"https:\/\/remstim.com\/fr\/module-6-integrer-lemdr\/#breadcrumb","itemListElement":[{"@type":"ListItem","position":1,"name":"Startseite","item":"https:\/\/remstim.com\/fr\/page-principale\/"},{"@type":"ListItem","position":2,"name":"Module 6 \u2013 Int\u00e9grer l&#8217;EMDR"}]},{"@type":"WebSite","@id":"https:\/\/remstim.com\/fr\/#website","url":"https:\/\/remstim.com\/fr\/","name":"EMDR Ger\u00e4t REMSTIM 3000 gegen Stress","description":"Wie wir schnell Entspannung finden.","publisher":{"@id":"https:\/\/remstim.com\/fr\/#organization"},"potentialAction":[{"@type":"SearchAction","target":{"@type":"EntryPoint","urlTemplate":"https:\/\/remstim.com\/fr\/?s={search_term_string}"},"query-input":{"@type":"PropertyValueSpecification","valueRequired":true,"valueName":"search_term_string"}}],"inLanguage":"fr-FR"},{"@type":"Organization","@id":"https:\/\/remstim.com\/fr\/#organization","name":"EMDR Ger\u00e4t REMSTIM 3000 gegen Stress","url":"https:\/\/remstim.com\/fr\/","logo":{"@type":"ImageObject","inLanguage":"fr-FR","@id":"https:\/\/remstim.com\/fr\/#\/schema\/logo\/image\/","url":"https:\/\/remstim.com\/wp-content\/uploads\/2012\/06\/REMSTIM-Logo-mit-Untertitel_orange-e1340382850185.png","contentUrl":"https:\/\/remstim.com\/wp-content\/uploads\/2012\/06\/REMSTIM-Logo-mit-Untertitel_orange-e1340382850185.png","width":304,"height":80,"caption":"EMDR Ger\u00e4t REMSTIM 3000 gegen Stress"},"image":{"@id":"https:\/\/remstim.com\/fr\/#\/schema\/logo\/image\/"}}]}},"_links":{"self":[{"href":"https:\/\/remstim.com\/fr\/wp-json\/wp\/v2\/pages\/28800","targetHints":{"allow":["GET"]}}],"collection":[{"href":"https:\/\/remstim.com\/fr\/wp-json\/wp\/v2\/pages"}],"about":[{"href":"https:\/\/remstim.com\/fr\/wp-json\/wp\/v2\/types\/page"}],"author":[{"embeddable":true,"href":"https:\/\/remstim.com\/fr\/wp-json\/wp\/v2\/users\/1"}],"replies":[{"embeddable":true,"href":"https:\/\/remstim.com\/fr\/wp-json\/wp\/v2\/comments?post=28800"}],"version-history":[{"count":0,"href":"https:\/\/remstim.com\/fr\/wp-json\/wp\/v2\/pages\/28800\/revisions"}],"wp:attachment":[{"href":"https:\/\/remstim.com\/fr\/wp-json\/wp\/v2\/media?parent=28800"}],"curies":[{"name":"wp","href":"https:\/\/api.w.org\/{rel}","templated":true}]}}