{"id":28819,"date":"2026-04-27T10:23:39","date_gmt":"2026-04-27T10:23:39","guid":{"rendered":"https:\/\/remstim.com\/module-3-2-mouvements-oculaires-techniques-et-outils\/"},"modified":"2026-04-27T10:23:39","modified_gmt":"2026-04-27T10:23:39","slug":"module-3-2-mouvements-oculaires-techniques-et-outils","status":"publish","type":"page","link":"https:\/\/remstim.com\/fr\/module-3-2-mouvements-oculaires-techniques-et-outils\/","title":{"rendered":"Module 3.2 \u2013 Mouvements oculaires &#8211; Techniques et outils"},"content":{"rendered":"<div class=\"responsive-bild-template\">\n<p><img decoding=\"async\" class=\"responsive-bild\" src=\"https:\/\/remstim.com\/wp-content\/uploads\/2026\/04\/Modul-3.2-\u2013-Augenbewegungen-Techniken-Hilfsmittel_Cover.jpg\" alt=\"\"><\/p>\n<div class=\"responsive-template\">\t\t<div data-elementor-type=\"section\" data-elementor-id=\"28714\" class=\"elementor elementor-28714 elementor-28456\" data-elementor-post-type=\"elementor_library\">\n\t\t\t\t\t<section class=\"elementor-section elementor-top-section elementor-element elementor-element-3780c2cc elementor-section-boxed elementor-section-height-default elementor-section-height-default\" data-id=\"3780c2cc\" data-element_type=\"section\" data-e-type=\"section\">\n\t\t\t\t\t\t<div class=\"elementor-container elementor-column-gap-no\">\n\t\t\t\t\t<div class=\"elementor-column elementor-col-100 elementor-top-column elementor-element elementor-element-42ef232c\" data-id=\"42ef232c\" data-element_type=\"column\" data-e-type=\"column\">\n\t\t\t<div class=\"elementor-widget-wrap elementor-element-populated\">\n\t\t\t\t\t\t<section class=\"elementor-section elementor-inner-section elementor-element elementor-element-9c01e0 elementor-section-boxed elementor-section-height-default elementor-section-height-default\" data-id=\"9c01e0\" data-element_type=\"section\" data-e-type=\"section\" data-settings=\"{&quot;background_background&quot;:&quot;classic&quot;}\">\n\t\t\t\t\t\t<div class=\"elementor-container elementor-column-gap-default\">\n\t\t\t\t\t<div class=\"elementor-column elementor-col-100 elementor-inner-column elementor-element elementor-element-5513bd91\" data-id=\"5513bd91\" data-element_type=\"column\" data-e-type=\"column\" data-settings=\"{&quot;background_background&quot;:&quot;classic&quot;}\">\n\t\t\t<div class=\"elementor-widget-wrap elementor-element-populated\">\n\t\t\t\t\t\t<div class=\"elementor-element elementor-element-090ad39 elementor-widget elementor-widget-text-editor\" data-id=\"090ad39\" data-element_type=\"widget\" data-e-type=\"widget\" data-widget_type=\"text-editor.default\">\n\t\t\t\t<div class=\"elementor-widget-container\">\n\t\t\t\t\t\t\t\t\t<p><strong style=\"font-size: 24px; color: #7e9b30;\">Le tutoriel complet<\/strong><\/p><p><a href=\"https:\/\/remstim.com\/fr\/auto-coaching-emdr-le-tutoriel-video-complet-modules-1-a-6\/\">Langue : Allemand, (lire la suite&#8230;)<\/a><\/p>\t\t\t\t\t\t\t\t<\/div>\n\t\t\t\t<\/div>\n\t\t\t\t<div class=\"elementor-element elementor-element-553e114 elementor-widget elementor-widget-image\" data-id=\"553e114\" data-element_type=\"widget\" data-e-type=\"widget\" data-widget_type=\"image.default\">\n\t\t\t\t<div class=\"elementor-widget-container\">\n\t\t\t\t\t\t\t\t\t\t\t\t\t\t\t\t<a href=\"https:\/\/remstim.com\/fr\/auto-coaching-emdr-le-tutoriel-video-complet-modules-1-a-6\/\">\n\t\t\t\t\t\t\t<img fetchpriority=\"high\" decoding=\"async\" width=\"225\" height=\"300\" src=\"https:\/\/remstim.com\/wp-content\/uploads\/2026\/04\/EMDR-Selbstcoaching-\u2013-Das-komplette-Video-Tutorial-Module-1-6-225x300.jpg\" class=\"attachment-medium size-medium wp-image-28384\" alt=\"Auto-coaching EMDR \u2013 Le tutoriel vid\u00e9o complet (Modules 1-6)\" srcset=\"https:\/\/remstim.com\/wp-content\/uploads\/2026\/04\/EMDR-Selbstcoaching-\u2013-Das-komplette-Video-Tutorial-Module-1-6-225x300.jpg 225w, https:\/\/remstim.com\/wp-content\/uploads\/2026\/04\/EMDR-Selbstcoaching-\u2013-Das-komplette-Video-Tutorial-Module-1-6-768x1024.jpg 768w, https:\/\/remstim.com\/wp-content\/uploads\/2026\/04\/EMDR-Selbstcoaching-\u2013-Das-komplette-Video-Tutorial-Module-1-6-1152x1536.jpg 1152w, https:\/\/remstim.com\/wp-content\/uploads\/2026\/04\/EMDR-Selbstcoaching-\u2013-Das-komplette-Video-Tutorial-Module-1-6.jpg 1500w\" sizes=\"(max-width: 225px) 100vw, 225px\" \/>\t\t\t\t\t\t\t\t<\/a>\n\t\t\t\t\t\t\t\t\t\t\t\t\t\t\t<\/div>\n\t\t\t\t<\/div>\n\t\t\t\t<div class=\"elementor-element elementor-element-7faeb86b elementor-widget elementor-widget-text-editor\" data-id=\"7faeb86b\" data-element_type=\"widget\" data-e-type=\"widget\" data-widget_type=\"text-editor.default\">\n\t\t\t\t<div class=\"elementor-widget-container\">\n\t\t\t\t\t\t\t\t\t<p><strong style=\"font-size: 24px; color: #7e9b30;\">129,00&nbsp;EUR<\/strong><\/p><p>Tous les prix incluent TVA<\/p>\t\t\t\t\t\t\t\t<\/div>\n\t\t\t\t<\/div>\n\t\t\t\t<div class=\"elementor-element elementor-element-658d24be elementor-align-right elementor-mobile-align-right elementor-widget elementor-widget-button\" data-id=\"658d24be\" data-element_type=\"widget\" data-e-type=\"widget\" data-widget_type=\"button.default\">\n\t\t\t\t<div class=\"elementor-widget-container\">\n\t\t\t\t\t\t\t\t\t<div class=\"elementor-button-wrapper\">\n\t\t\t\t\t<a class=\"elementor-button elementor-button-link elementor-size-sm\" href=\"https:\/\/copecart.com\/products\/5d71033e\/checkout\" target=\"_blank\">\n\t\t\t\t\t\t<span class=\"elementor-button-content-wrapper\">\n\t\t\t\t\t\t\t\t\t<span class=\"elementor-button-text\">vers la boutique<\/span>\n\t\t\t\t\t<\/span>\n\t\t\t\t\t<\/a>\n\t\t\t\t<\/div>\n\t\t\t\t\t\t\t\t<\/div>\n\t\t\t\t<\/div>\n\t\t\t\t<div class=\"elementor-element elementor-element-3ab691ee elementor-widget elementor-widget-text-editor\" data-id=\"3ab691ee\" data-element_type=\"widget\" data-e-type=\"widget\" data-widget_type=\"text-editor.default\">\n\t\t\t\t<div class=\"elementor-widget-container\">\n\t\t\t\t\t\t\t\t\t<p>Achat via <a href=\"https:\/\/copecart.com\/products\/5d71033e\/checkout\" target=\"_blank\" rel=\"noopener\">Copecart<\/a>, notre partenaire pour les produits num\u00e9riques.<\/p>\t\t\t\t\t\t\t\t<\/div>\n\t\t\t\t<\/div>\n\t\t\t\t\t<\/div>\n\t\t<\/div>\n\t\t\t\t\t<\/div>\n\t\t<\/section>\n\t\t\t\t\t<\/div>\n\t\t<\/div>\n\t\t\t\t\t<\/div>\n\t\t<\/section>\n\t\t\t\t<\/div>\n\t\t<\/div>\n<\/div>\n<h2>Le passage \u00e0 la mise en \u0153uvre \u2013 et pourquoi ce point fait la diff\u00e9rence<\/h2>\n<p>Apr\u00e8s avoir pr\u00e9cis\u00e9ment d\u00e9fini le r\u00f4le des mouvements oculaires dans le module pr\u00e9c\u00e9dent, nous abordons maintenant la transition vers l\u2019application pratique. C\u2019est \u00e0 ce stade que se d\u00e9cide si la compr\u00e9hension acquise jusqu\u2019\u00e0 pr\u00e9sent devient r\u00e9ellement utilisable. <\/p>\n<p>Jusqu\u2019\u00e0 pr\u00e9sent, il a \u00e9t\u00e9 clairement \u00e9tabli quels facteurs d\u00e9terminent la qualit\u00e9 d\u2019un processus. Ce module montre comment ces facteurs peuvent \u00eatre concr\u00e8tement mis en \u0153uvre \u2013 non pas de mani\u00e8re abstraite, mais sous une forme imm\u00e9diatement applicable. L\u2019application est d\u00e9lib\u00e9r\u00e9ment con\u00e7ue pour se passer d\u2019outils sp\u00e9cifiques et pouvoir \u00eatre mise en \u0153uvre imm\u00e9diatement.  <\/p>\n<p>D\u00e8s ce point, une diff\u00e9rence d\u00e9cisive appara\u00eet : la mise en \u0153uvre ne se limite pas \u00e0 la simple explication, mais est rendue exp\u00e9rimentable \u00e9tape par \u00e9tape. Cela ne cr\u00e9e pas seulement une compr\u00e9hension, mais une premi\u00e8re exp\u00e9rience personnelle de l\u2019effet. <\/p>\n<p>C\u2019est pr\u00e9cis\u00e9ment l\u00e0 que r\u00e9side la particularit\u00e9 de cette section.<\/p>\n<h2>Mise en \u0153uvre au quotidien \u2013 sans d\u00e9pendance \u00e0 des outils sp\u00e9cifiques<\/h2>\n<p>Une question fr\u00e9quente li\u00e9e \u00e0 l\u2019EMDR est celle des outils appropri\u00e9s. Les appareils, les stimuli visuels ou les solutions techniques sont souvent au premier plan. <\/p>\n<p>Ce module adopte d\u00e9lib\u00e9r\u00e9ment une approche diff\u00e9rente.<\/p>\n<p>La mise en \u0153uvre s\u2019oriente vers ce qui est disponible au quotidien et peut \u00eatre utilis\u00e9 directement. Cela cr\u00e9e une forme d\u2019application qui ne d\u00e9pend pas de conditions externes, mais peut \u00eatre commenc\u00e9e \u00e0 tout moment. <\/p>\n<p>Cette approche n\u2019est pas un renoncement, mais une d\u00e9cision consciente. Elle garantit que la qualit\u00e9 de l\u2019application n\u2019est pas d\u00e9termin\u00e9e par la pr\u00e9sence d\u2019un outil sp\u00e9cifique, mais par la compr\u00e9hension et le mode de mise en \u0153uvre. <\/p>\n<p>C\u2019est pr\u00e9cis\u00e9ment cette transf\u00e9rabilit\u00e9 imm\u00e9diate dans le quotidien qui fait la diff\u00e9rence. Il n\u2019y a pas de distance entre la th\u00e9orie et l\u2019application, mais une transition directe vers l\u2019action personnelle. <\/p>\n<h2>Diff\u00e9rentes approches \u2013 et comment en d\u00e9coule une forme d\u2019application propre<\/h2>\n<p>Dans la mise en \u0153uvre pratique, il existe diff\u00e9rentes mani\u00e8res d\u2019int\u00e9grer les mouvements oculaires dans le processus. Ces voies se distinguent moins par leur forme ext\u00e9rieure que par leur effet sur l\u2019attention, la stabilit\u00e9 et la perception. <\/p>\n<p>Certaines variantes permettent un d\u00e9marrage direct, d\u2019autres cr\u00e9ent une conduite de processus plus calme et plus r\u00e9guli\u00e8re. Certaines soutiennent l\u2019orientation de mani\u00e8re particuli\u00e8rement claire, tandis que d\u2019autres impliquent davantage la perception interne. <\/p>\n<p>Ce module ne juxtapose pas ces approches de mani\u00e8re isol\u00e9e, mais les classe de mani\u00e8re \u00e0 ce que leur effet potentiel devienne clair. Cela permet de choisir une forme d\u2019application adapt\u00e9e \u00e0 sa propre situation. <\/p>\n<p>Au fur et \u00e0 mesure, les diff\u00e9rentes techniques de mouvement oculaire ne sont pas seulement montr\u00e9es, mais sont \u00e9galement mises en \u0153uvre directement ensemble lors de courtes <strong>phases d\u2019exercice<\/strong>. Chaque variante pr\u00e9sent\u00e9e est suivie d\u2019une <strong>partie d\u2019exercice compacte<\/strong>, qui permet de d\u00e9velopper imm\u00e9diatement une sensation pour l\u2019effet respectif. <\/p>\n<p>C\u2019est pr\u00e9cis\u00e9ment cette alternance entre explication et application imm\u00e9diate qui garantit que les diff\u00e9rences ne sont pas seulement comprises, mais r\u00e9ellement v\u00e9cues.<\/p>\n<p>Comme la vid\u00e9o peut \u00eatre mise en pause et rembobin\u00e9e \u00e0 tout moment, ces s\u00e9quences d\u2019exercices peuvent \u00eatre r\u00e9p\u00e9t\u00e9es aussi souvent que souhait\u00e9. Cela cr\u00e9e une forme d\u2019apprentissage qui va bien au-del\u00e0 de la simple compr\u00e9hension ponctuelle. <\/p>\n<p>De cette mani\u00e8re, une premi\u00e8re confiance dans sa propre mise en \u0153uvre se d\u00e9veloppe d\u00e9j\u00e0 pendant le module, car l\u2019effet ne reste pas th\u00e9orique, mais devient directement v\u00e9rifiable.<\/p>\n<p>La d\u00e9cision pour une certaine mise en \u0153uvre n\u2019est donc pas prise au hasard, mais de mani\u00e8re compr\u00e9hensible.<\/p>\n<h2>De la possibilit\u00e9 \u00e0 l\u2019application \u2013 et pourquoi commencer pr\u00e9cis\u00e9ment ici<\/h2>\n<p>Le point d\u00e9cisif de ce module est que les connaissances th\u00e9oriques se transforment en actions concr\u00e8tes. Les param\u00e8tres d\u00e9crits jusqu\u2019\u00e0 pr\u00e9sent sont mis sous une forme qui peut \u00eatre imm\u00e9diatement mise en \u0153uvre. <\/p>\n<p>Cela cr\u00e9e une nouvelle qualit\u00e9.<\/p>\n<p>L\u2019application ne reste plus abstraite, mais devient tangible. Il devient clair comment un processus peut \u00eatre commenc\u00e9, comment il est maintenu et comment reconna\u00eetre s\u2019il se d\u00e9roule de mani\u00e8re stable. <\/p>\n<p>En m\u00eame temps, une premi\u00e8re s\u00e9curit\u00e9 dans sa propre application se d\u00e9veloppe d\u00e9j\u00e0 ici, car les \u00e9l\u00e9ments individuels ne restent pas isol\u00e9s, mais peuvent \u00eatre directement exp\u00e9riment\u00e9s.<\/p>\n<p>Cette exp\u00e9rience pratique pr\u00e9coce garantit que les \u00e9tapes suivantes n\u2019ont plus besoin d\u2019\u00eatre r\u00e9apprises, mais s\u2019appuient sur des exp\u00e9riences d\u00e9j\u00e0 acquises.<\/p>\n<p>En m\u00eame temps, il devient visible que toutes les mises en \u0153uvre ne m\u00e8nent pas automatiquement \u00e0 un r\u00e9sultat clair. C\u2019est pr\u00e9cis\u00e9ment pourquoi la classification des diff\u00e9rentes possibilit\u00e9s est cruciale. <\/p>\n<p>Ce module jette les bases pour que les premi\u00e8res applications personnelles ne reposent pas sur des essais et erreurs, mais sur une structure compr\u00e9hensible.<\/p>\n<h2>Classification des outils \u2013 utiles, mais non obligatoires<\/h2>\n<p>Dans ce contexte, il est important de clarifier le r\u00f4le des outils techniques EMDR. L\u2019utilisation de tels appareils sp\u00e9cifiques \u2013 comme par exemple des lunettes EMDR con\u00e7ues \u00e0 cet effet (REMSTIM 3000) pour guider les mouvements oculaires externes \u2013 peut soutenir de mani\u00e8re stable l\u2019application et constituer un compl\u00e9ment utile dans certaines situations ; mais ce n\u2019est pas une condition pr\u00e9alable. <\/p>\n<p>Au contraire, ce tutoriel est d\u00e9lib\u00e9r\u00e9ment con\u00e7u de mani\u00e8re \u00e0 ce que de tels dispositifs ne soient pas n\u00e9cessaires. L\u2019application fonctionne enti\u00e8rement sans appareils EMDR suppl\u00e9mentaires et peut \u00eatre commenc\u00e9e imm\u00e9diatement avec des moyens simples et disponibles. <\/p>\n<p>Cette ind\u00e9pendance vis-\u00e0-vis des appareils EMDR sp\u00e9cifiques est un \u00e9l\u00e9ment central de cette approche et garantit que la mise en \u0153uvre ne d\u00e9pend pas de conditions externes. <a href=\"https:\/\/remstim.com\/emdr-selbstcoaching-ablauf-6-schritte-modul-4\/\">En savoir plus sur le module 4\u2026<\/a><\/p>\n","protected":false},"excerpt":{"rendered":"<p>Le passage \u00e0 la mise en \u0153uvre \u2013 et pourquoi ce point fait la diff\u00e9rence Apr\u00e8s avoir pr\u00e9cis\u00e9ment d\u00e9fini le r\u00f4le des mouvements oculaires dans le module pr\u00e9c\u00e9dent, nous abordons maintenant la transition vers l\u2019application pratique. C\u2019est \u00e0 ce stade que se d\u00e9cide si la compr\u00e9hension acquise jusqu\u2019\u00e0 pr\u00e9sent devient r\u00e9ellement utilisable. Jusqu\u2019\u00e0 pr\u00e9sent, il [&hellip;]<\/p>\n","protected":false},"author":1,"featured_media":0,"parent":0,"menu_order":0,"comment_status":"closed","ping_status":"closed","template":"","meta":{"_acf_changed":false,"site-sidebar-layout":"default","site-content-layout":"","ast-site-content-layout":"default","site-content-style":"default","site-sidebar-style":"default","ast-global-header-display":"","ast-banner-title-visibility":"","ast-main-header-display":"","ast-hfb-above-header-display":"","ast-hfb-below-header-display":"","ast-hfb-mobile-header-display":"","site-post-title":"","ast-breadcrumbs-content":"","ast-featured-img":"","footer-sml-layout":"","ast-disable-related-posts":"","theme-transparent-header-meta":"default","adv-header-id-meta":"","stick-header-meta":"default","header-above-stick-meta":"","header-main-stick-meta":"","header-below-stick-meta":"","astra-migrate-meta-layouts":"default","ast-page-background-enabled":"default","ast-page-background-meta":{"desktop":{"background-color":"var(--ast-global-color-4)","background-image":"","background-repeat":"repeat","background-position":"center center","background-size":"auto","background-attachment":"scroll","background-type":"","background-media":"","overlay-type":"","overlay-color":"","overlay-opacity":"","overlay-gradient":""},"tablet":{"background-color":"","background-image":"","background-repeat":"repeat","background-position":"center center","background-size":"auto","background-attachment":"scroll","background-type":"","background-media":"","overlay-type":"","overlay-color":"","overlay-opacity":"","overlay-gradient":""},"mobile":{"background-color":"","background-image":"","background-repeat":"repeat","background-position":"center center","background-size":"auto","background-attachment":"scroll","background-type":"","background-media":"","overlay-type":"","overlay-color":"","overlay-opacity":"","overlay-gradient":""}},"ast-content-background-meta":{"desktop":{"background-color":"var(--ast-global-color-5)","background-image":"","background-repeat":"repeat","background-position":"center center","background-size":"auto","background-attachment":"scroll","background-type":"","background-media":"","overlay-type":"","overlay-color":"","overlay-opacity":"","overlay-gradient":""},"tablet":{"background-color":"var(--ast-global-color-5)","background-image":"","background-repeat":"repeat","background-position":"center center","background-size":"auto","background-attachment":"scroll","background-type":"","background-media":"","overlay-type":"","overlay-color":"","overlay-opacity":"","overlay-gradient":""},"mobile":{"background-color":"var(--ast-global-color-5)","background-image":"","background-repeat":"repeat","background-position":"center center","background-size":"auto","background-attachment":"scroll","background-type":"","background-media":"","overlay-type":"","overlay-color":"","overlay-opacity":"","overlay-gradient":""}},"footnotes":""},"class_list":["post-28819","page","type-page","status-publish","hentry"],"acf":[],"yoast_head":"<!-- This site is optimized with the Yoast SEO plugin v27.5 - https:\/\/yoast.com\/product\/yoast-seo-wordpress\/ -->\n<title>EMDR Autocoaching \u2013 Techniques &amp; Outils (Module 3.2)<\/title>\n<meta name=\"description\" content=\"Ce module montre comment les mouvements oculaires peuvent \u00eatre mis en \u0153uvre de mani\u00e8re pratique dans l\u2019autocoaching EMDR \u2013 sans outils sp\u00e9cifiques et directement applicables au quotidien.\" \/>\n<meta name=\"robots\" content=\"index, follow, max-snippet:-1, max-image-preview:large, max-video-preview:-1\" \/>\n<link rel=\"canonical\" href=\"https:\/\/remstim.com\/fr\/module-3-2-mouvements-oculaires-techniques-et-outils\/\" \/>\n<meta property=\"og:locale\" content=\"fr_FR\" \/>\n<meta property=\"og:type\" content=\"article\" \/>\n<meta property=\"og:title\" content=\"EMDR Autocoaching \u2013 Techniques &amp; Outils (Module 3.2)\" \/>\n<meta property=\"og:description\" content=\"Ce module montre comment les mouvements oculaires peuvent \u00eatre mis en \u0153uvre de mani\u00e8re pratique dans l\u2019autocoaching EMDR \u2013 sans outils sp\u00e9cifiques et directement applicables au quotidien.\" \/>\n<meta property=\"og:url\" content=\"https:\/\/remstim.com\/fr\/module-3-2-mouvements-oculaires-techniques-et-outils\/\" \/>\n<meta property=\"og:site_name\" content=\"EMDR Ger\u00e4t REMSTIM 3000 gegen Stress\" \/>\n<meta name=\"twitter:label1\" content=\"Dur\u00e9e de lecture estim\u00e9e\" \/>\n\t<meta name=\"twitter:data1\" content=\"5 minutes\" \/>\n<script type=\"application\/ld+json\" class=\"yoast-schema-graph\">{\"@context\":\"https:\\\/\\\/schema.org\",\"@graph\":[{\"@type\":\"WebPage\",\"@id\":\"https:\\\/\\\/remstim.com\\\/fr\\\/module-3-2-mouvements-oculaires-techniques-et-outils\\\/\",\"url\":\"https:\\\/\\\/remstim.com\\\/fr\\\/module-3-2-mouvements-oculaires-techniques-et-outils\\\/\",\"name\":\"EMDR Autocoaching \u2013 Techniques & Outils (Module 3.2)\",\"isPartOf\":{\"@id\":\"https:\\\/\\\/remstim.com\\\/fr\\\/#website\"},\"datePublished\":\"2026-04-27T10:23:39+00:00\",\"description\":\"Ce module montre comment les mouvements oculaires peuvent \u00eatre mis en \u0153uvre de mani\u00e8re pratique dans l\u2019autocoaching EMDR \u2013 sans outils sp\u00e9cifiques et directement applicables au quotidien.\",\"breadcrumb\":{\"@id\":\"https:\\\/\\\/remstim.com\\\/fr\\\/module-3-2-mouvements-oculaires-techniques-et-outils\\\/#breadcrumb\"},\"inLanguage\":\"fr-FR\",\"potentialAction\":[{\"@type\":\"ReadAction\",\"target\":[\"https:\\\/\\\/remstim.com\\\/fr\\\/module-3-2-mouvements-oculaires-techniques-et-outils\\\/\"]}]},{\"@type\":\"BreadcrumbList\",\"@id\":\"https:\\\/\\\/remstim.com\\\/fr\\\/module-3-2-mouvements-oculaires-techniques-et-outils\\\/#breadcrumb\",\"itemListElement\":[{\"@type\":\"ListItem\",\"position\":1,\"name\":\"Startseite\",\"item\":\"https:\\\/\\\/remstim.com\\\/fr\\\/page-principale\\\/\"},{\"@type\":\"ListItem\",\"position\":2,\"name\":\"Module 3.2 \u2013 Mouvements oculaires &#8211; Techniques et outils\"}]},{\"@type\":\"WebSite\",\"@id\":\"https:\\\/\\\/remstim.com\\\/fr\\\/#website\",\"url\":\"https:\\\/\\\/remstim.com\\\/fr\\\/\",\"name\":\"EMDR Ger\u00e4t REMSTIM 3000 gegen Stress\",\"description\":\"Wie wir schnell Entspannung finden.\",\"publisher\":{\"@id\":\"https:\\\/\\\/remstim.com\\\/fr\\\/#organization\"},\"potentialAction\":[{\"@type\":\"SearchAction\",\"target\":{\"@type\":\"EntryPoint\",\"urlTemplate\":\"https:\\\/\\\/remstim.com\\\/fr\\\/?s={search_term_string}\"},\"query-input\":{\"@type\":\"PropertyValueSpecification\",\"valueRequired\":true,\"valueName\":\"search_term_string\"}}],\"inLanguage\":\"fr-FR\"},{\"@type\":\"Organization\",\"@id\":\"https:\\\/\\\/remstim.com\\\/fr\\\/#organization\",\"name\":\"EMDR Ger\u00e4t REMSTIM 3000 gegen Stress\",\"url\":\"https:\\\/\\\/remstim.com\\\/fr\\\/\",\"logo\":{\"@type\":\"ImageObject\",\"inLanguage\":\"fr-FR\",\"@id\":\"https:\\\/\\\/remstim.com\\\/fr\\\/#\\\/schema\\\/logo\\\/image\\\/\",\"url\":\"https:\\\/\\\/remstim.com\\\/wp-content\\\/uploads\\\/2012\\\/06\\\/REMSTIM-Logo-mit-Untertitel_orange-e1340382850185.png\",\"contentUrl\":\"https:\\\/\\\/remstim.com\\\/wp-content\\\/uploads\\\/2012\\\/06\\\/REMSTIM-Logo-mit-Untertitel_orange-e1340382850185.png\",\"width\":304,\"height\":80,\"caption\":\"EMDR Ger\u00e4t REMSTIM 3000 gegen Stress\"},\"image\":{\"@id\":\"https:\\\/\\\/remstim.com\\\/fr\\\/#\\\/schema\\\/logo\\\/image\\\/\"}}]}<\/script>\n<!-- \/ Yoast SEO plugin. -->","yoast_head_json":{"title":"EMDR Autocoaching \u2013 Techniques & Outils (Module 3.2)","description":"Ce module montre comment les mouvements oculaires peuvent \u00eatre mis en \u0153uvre de mani\u00e8re pratique dans l\u2019autocoaching EMDR \u2013 sans outils sp\u00e9cifiques et directement applicables au quotidien.","robots":{"index":"index","follow":"follow","max-snippet":"max-snippet:-1","max-image-preview":"max-image-preview:large","max-video-preview":"max-video-preview:-1"},"canonical":"https:\/\/remstim.com\/fr\/module-3-2-mouvements-oculaires-techniques-et-outils\/","og_locale":"fr_FR","og_type":"article","og_title":"EMDR Autocoaching \u2013 Techniques & Outils (Module 3.2)","og_description":"Ce module montre comment les mouvements oculaires peuvent \u00eatre mis en \u0153uvre de mani\u00e8re pratique dans l\u2019autocoaching EMDR \u2013 sans outils sp\u00e9cifiques et directement applicables au quotidien.","og_url":"https:\/\/remstim.com\/fr\/module-3-2-mouvements-oculaires-techniques-et-outils\/","og_site_name":"EMDR Ger\u00e4t REMSTIM 3000 gegen Stress","twitter_misc":{"Dur\u00e9e de lecture estim\u00e9e":"5 minutes"},"schema":{"@context":"https:\/\/schema.org","@graph":[{"@type":"WebPage","@id":"https:\/\/remstim.com\/fr\/module-3-2-mouvements-oculaires-techniques-et-outils\/","url":"https:\/\/remstim.com\/fr\/module-3-2-mouvements-oculaires-techniques-et-outils\/","name":"EMDR Autocoaching \u2013 Techniques & Outils (Module 3.2)","isPartOf":{"@id":"https:\/\/remstim.com\/fr\/#website"},"datePublished":"2026-04-27T10:23:39+00:00","description":"Ce module montre comment les mouvements oculaires peuvent \u00eatre mis en \u0153uvre de mani\u00e8re pratique dans l\u2019autocoaching EMDR \u2013 sans outils sp\u00e9cifiques et directement applicables au quotidien.","breadcrumb":{"@id":"https:\/\/remstim.com\/fr\/module-3-2-mouvements-oculaires-techniques-et-outils\/#breadcrumb"},"inLanguage":"fr-FR","potentialAction":[{"@type":"ReadAction","target":["https:\/\/remstim.com\/fr\/module-3-2-mouvements-oculaires-techniques-et-outils\/"]}]},{"@type":"BreadcrumbList","@id":"https:\/\/remstim.com\/fr\/module-3-2-mouvements-oculaires-techniques-et-outils\/#breadcrumb","itemListElement":[{"@type":"ListItem","position":1,"name":"Startseite","item":"https:\/\/remstim.com\/fr\/page-principale\/"},{"@type":"ListItem","position":2,"name":"Module 3.2 \u2013 Mouvements oculaires &#8211; Techniques et outils"}]},{"@type":"WebSite","@id":"https:\/\/remstim.com\/fr\/#website","url":"https:\/\/remstim.com\/fr\/","name":"EMDR Ger\u00e4t REMSTIM 3000 gegen Stress","description":"Wie wir schnell Entspannung finden.","publisher":{"@id":"https:\/\/remstim.com\/fr\/#organization"},"potentialAction":[{"@type":"SearchAction","target":{"@type":"EntryPoint","urlTemplate":"https:\/\/remstim.com\/fr\/?s={search_term_string}"},"query-input":{"@type":"PropertyValueSpecification","valueRequired":true,"valueName":"search_term_string"}}],"inLanguage":"fr-FR"},{"@type":"Organization","@id":"https:\/\/remstim.com\/fr\/#organization","name":"EMDR Ger\u00e4t REMSTIM 3000 gegen Stress","url":"https:\/\/remstim.com\/fr\/","logo":{"@type":"ImageObject","inLanguage":"fr-FR","@id":"https:\/\/remstim.com\/fr\/#\/schema\/logo\/image\/","url":"https:\/\/remstim.com\/wp-content\/uploads\/2012\/06\/REMSTIM-Logo-mit-Untertitel_orange-e1340382850185.png","contentUrl":"https:\/\/remstim.com\/wp-content\/uploads\/2012\/06\/REMSTIM-Logo-mit-Untertitel_orange-e1340382850185.png","width":304,"height":80,"caption":"EMDR Ger\u00e4t REMSTIM 3000 gegen Stress"},"image":{"@id":"https:\/\/remstim.com\/fr\/#\/schema\/logo\/image\/"}}]}},"_links":{"self":[{"href":"https:\/\/remstim.com\/fr\/wp-json\/wp\/v2\/pages\/28819","targetHints":{"allow":["GET"]}}],"collection":[{"href":"https:\/\/remstim.com\/fr\/wp-json\/wp\/v2\/pages"}],"about":[{"href":"https:\/\/remstim.com\/fr\/wp-json\/wp\/v2\/types\/page"}],"author":[{"embeddable":true,"href":"https:\/\/remstim.com\/fr\/wp-json\/wp\/v2\/users\/1"}],"replies":[{"embeddable":true,"href":"https:\/\/remstim.com\/fr\/wp-json\/wp\/v2\/comments?post=28819"}],"version-history":[{"count":0,"href":"https:\/\/remstim.com\/fr\/wp-json\/wp\/v2\/pages\/28819\/revisions"}],"wp:attachment":[{"href":"https:\/\/remstim.com\/fr\/wp-json\/wp\/v2\/media?parent=28819"}],"curies":[{"name":"wp","href":"https:\/\/api.w.org\/{rel}","templated":true}]}}