{"id":28825,"date":"2026-04-27T10:23:37","date_gmt":"2026-04-27T10:23:37","guid":{"rendered":"https:\/\/remstim.com\/module-3-1-comprendre-les-mouvements-oculaires\/"},"modified":"2026-04-27T10:23:37","modified_gmt":"2026-04-27T10:23:37","slug":"module-3-1-comprendre-les-mouvements-oculaires","status":"publish","type":"page","link":"https:\/\/remstim.com\/fr\/module-3-1-comprendre-les-mouvements-oculaires\/","title":{"rendered":"Module 3.1 \u2013 Comprendre les mouvements oculaires"},"content":{"rendered":"<div class=\"responsive-bild-template\">\n<p><img decoding=\"async\" class=\"responsive-bild\" src=\"https:\/\/remstim.com\/wp-content\/uploads\/2026\/04\/Modul_3_1-\u2013-Augenbewegungen-verstehen_cover_v2.jpg\" alt=\"\"><\/p>\n<div class=\"responsive-template\">\t\t<div data-elementor-type=\"section\" data-elementor-id=\"28714\" class=\"elementor elementor-28714 elementor-28456\" data-elementor-post-type=\"elementor_library\">\n\t\t\t\t\t<section class=\"elementor-section elementor-top-section elementor-element elementor-element-3780c2cc elementor-section-boxed elementor-section-height-default elementor-section-height-default\" data-id=\"3780c2cc\" data-element_type=\"section\" data-e-type=\"section\">\n\t\t\t\t\t\t<div class=\"elementor-container elementor-column-gap-no\">\n\t\t\t\t\t<div class=\"elementor-column elementor-col-100 elementor-top-column elementor-element elementor-element-42ef232c\" data-id=\"42ef232c\" data-element_type=\"column\" data-e-type=\"column\">\n\t\t\t<div class=\"elementor-widget-wrap elementor-element-populated\">\n\t\t\t\t\t\t<section class=\"elementor-section elementor-inner-section elementor-element elementor-element-9c01e0 elementor-section-boxed elementor-section-height-default elementor-section-height-default\" data-id=\"9c01e0\" data-element_type=\"section\" data-e-type=\"section\" data-settings=\"{&quot;background_background&quot;:&quot;classic&quot;}\">\n\t\t\t\t\t\t<div class=\"elementor-container elementor-column-gap-default\">\n\t\t\t\t\t<div class=\"elementor-column elementor-col-100 elementor-inner-column elementor-element elementor-element-5513bd91\" data-id=\"5513bd91\" data-element_type=\"column\" data-e-type=\"column\" data-settings=\"{&quot;background_background&quot;:&quot;classic&quot;}\">\n\t\t\t<div class=\"elementor-widget-wrap elementor-element-populated\">\n\t\t\t\t\t\t<div class=\"elementor-element elementor-element-090ad39 elementor-widget elementor-widget-text-editor\" data-id=\"090ad39\" data-element_type=\"widget\" data-e-type=\"widget\" data-widget_type=\"text-editor.default\">\n\t\t\t\t<div class=\"elementor-widget-container\">\n\t\t\t\t\t\t\t\t\t<p><strong style=\"font-size: 24px; color: #7e9b30;\">Le tutoriel complet<\/strong><\/p><p><a href=\"https:\/\/remstim.com\/fr\/auto-coaching-emdr-le-tutoriel-video-complet-modules-1-a-6\/\">Langue : Allemand, (lire la suite&#8230;)<\/a><\/p>\t\t\t\t\t\t\t\t<\/div>\n\t\t\t\t<\/div>\n\t\t\t\t<div class=\"elementor-element elementor-element-553e114 elementor-widget elementor-widget-image\" data-id=\"553e114\" data-element_type=\"widget\" data-e-type=\"widget\" data-widget_type=\"image.default\">\n\t\t\t\t<div class=\"elementor-widget-container\">\n\t\t\t\t\t\t\t\t\t\t\t\t\t\t\t\t<a href=\"https:\/\/remstim.com\/fr\/auto-coaching-emdr-le-tutoriel-video-complet-modules-1-a-6\/\">\n\t\t\t\t\t\t\t<img fetchpriority=\"high\" decoding=\"async\" width=\"225\" height=\"300\" src=\"https:\/\/remstim.com\/wp-content\/uploads\/2026\/04\/EMDR-Selbstcoaching-\u2013-Das-komplette-Video-Tutorial-Module-1-6-225x300.jpg\" class=\"attachment-medium size-medium wp-image-28384\" alt=\"Auto-coaching EMDR \u2013 Le tutoriel vid\u00e9o complet (Modules 1-6)\" srcset=\"https:\/\/remstim.com\/wp-content\/uploads\/2026\/04\/EMDR-Selbstcoaching-\u2013-Das-komplette-Video-Tutorial-Module-1-6-225x300.jpg 225w, https:\/\/remstim.com\/wp-content\/uploads\/2026\/04\/EMDR-Selbstcoaching-\u2013-Das-komplette-Video-Tutorial-Module-1-6-768x1024.jpg 768w, https:\/\/remstim.com\/wp-content\/uploads\/2026\/04\/EMDR-Selbstcoaching-\u2013-Das-komplette-Video-Tutorial-Module-1-6-1152x1536.jpg 1152w, https:\/\/remstim.com\/wp-content\/uploads\/2026\/04\/EMDR-Selbstcoaching-\u2013-Das-komplette-Video-Tutorial-Module-1-6.jpg 1500w\" sizes=\"(max-width: 225px) 100vw, 225px\" \/>\t\t\t\t\t\t\t\t<\/a>\n\t\t\t\t\t\t\t\t\t\t\t\t\t\t\t<\/div>\n\t\t\t\t<\/div>\n\t\t\t\t<div class=\"elementor-element elementor-element-7faeb86b elementor-widget elementor-widget-text-editor\" data-id=\"7faeb86b\" data-element_type=\"widget\" data-e-type=\"widget\" data-widget_type=\"text-editor.default\">\n\t\t\t\t<div class=\"elementor-widget-container\">\n\t\t\t\t\t\t\t\t\t<p><strong style=\"font-size: 24px; color: #7e9b30;\">129,00&nbsp;EUR<\/strong><\/p><p>Tous les prix incluent TVA<\/p>\t\t\t\t\t\t\t\t<\/div>\n\t\t\t\t<\/div>\n\t\t\t\t<div class=\"elementor-element elementor-element-658d24be elementor-align-right elementor-mobile-align-right elementor-widget elementor-widget-button\" data-id=\"658d24be\" data-element_type=\"widget\" data-e-type=\"widget\" data-widget_type=\"button.default\">\n\t\t\t\t<div class=\"elementor-widget-container\">\n\t\t\t\t\t\t\t\t\t<div class=\"elementor-button-wrapper\">\n\t\t\t\t\t<a class=\"elementor-button elementor-button-link elementor-size-sm\" href=\"https:\/\/copecart.com\/products\/5d71033e\/checkout\" target=\"_blank\">\n\t\t\t\t\t\t<span class=\"elementor-button-content-wrapper\">\n\t\t\t\t\t\t\t\t\t<span class=\"elementor-button-text\">vers la boutique<\/span>\n\t\t\t\t\t<\/span>\n\t\t\t\t\t<\/a>\n\t\t\t\t<\/div>\n\t\t\t\t\t\t\t\t<\/div>\n\t\t\t\t<\/div>\n\t\t\t\t<div class=\"elementor-element elementor-element-3ab691ee elementor-widget elementor-widget-text-editor\" data-id=\"3ab691ee\" data-element_type=\"widget\" data-e-type=\"widget\" data-widget_type=\"text-editor.default\">\n\t\t\t\t<div class=\"elementor-widget-container\">\n\t\t\t\t\t\t\t\t\t<p>Achat via <a href=\"https:\/\/copecart.com\/products\/5d71033e\/checkout\" target=\"_blank\" rel=\"noopener\">Copecart<\/a>, notre partenaire pour les produits num\u00e9riques.<\/p>\t\t\t\t\t\t\t\t<\/div>\n\t\t\t\t<\/div>\n\t\t\t\t\t<\/div>\n\t\t<\/div>\n\t\t\t\t\t<\/div>\n\t\t<\/section>\n\t\t\t\t\t<\/div>\n\t\t<\/div>\n\t\t\t\t\t<\/div>\n\t\t<\/section>\n\t\t\t\t<\/div>\n\t\t<\/div>\n<\/div>\n<h2>La partie cruciale de l\u2019application \u2013 et pourquoi la pr\u00e9cision fait ici toute la diff\u00e9rence<\/h2>\n<p>Apr\u00e8s avoir rendu compr\u00e9hensible le m\u00e9canisme d\u2019action de l\u2019EMDR dans le deuxi\u00e8me module, l\u2019accent est d\u00e9sormais mis sur la partie la plus visible de l\u2019ext\u00e9rieur et, en m\u00eame temps, la plus souvent sous-estim\u00e9e : les mouvements oculaires.<\/p>\n<p>\u00c0 premi\u00e8re vue, ils paraissent simples. Le regard se d\u00e9place, l\u2019attention suit. Il en r\u00e9sulte facilement l\u2019impression qu\u2019il s\u2019agit d\u2019un composant interchangeable qui peut \u00eatre remplac\u00e9 ou simplifi\u00e9 \u00e0 volont\u00e9.  <\/p>\n<p>C\u2019est pr\u00e9cis\u00e9ment l\u00e0 que se cr\u00e9ent les plus grandes diff\u00e9rences dans la qualit\u00e9 de l\u2019application.<\/p>\n<p>Ce module aborde ce point pr\u00e9cis. Il clarifie la fonction que les mouvements oculaires remplissent r\u00e9ellement dans le processus global et pourquoi leur ex\u00e9cution n\u2019est pas accessoire, mais doit \u00eatre comprise avec pr\u00e9cision. <\/p>\n<h2>Pourquoi l\u2019ex\u00e9cution des mouvements oculaires est plus qu\u2019un simple \u00e9l\u00e9ment d\u2019accompagnement<\/h2>\n<p>Dans le contexte de l\u2019EMDR, les mouvements oculaires sont souvent consid\u00e9r\u00e9s comme un pur outil auxiliaire. Ils semblent accompagner le processus sans l\u2019influencer de mani\u00e8re significative. <\/p>\n<p>Cette \u00e9valuation est trop r\u00e9ductrice.<\/p>\n<p>La mani\u00e8re dont les mouvements oculaires sont mis en \u0153uvre a une influence directe sur le d\u00e9clenchement ou non des processus d\u00e9crits dans le module pr\u00e9c\u00e9dent. Ils n\u2019agissent pas de mani\u00e8re isol\u00e9e, mais en lien avec l\u2019activation, l\u2019attention et le traitement interne. <\/p>\n<p>Ce qui importe n\u2019est pas la mani\u00e8re dont le mouvement est d\u00e9clench\u00e9, mais la fa\u00e7on dont il est int\u00e9gr\u00e9 dans le d\u00e9roulement. Que ce soit avec les yeux ouverts ou ferm\u00e9s, avec une orientation externe ou un guidage purement interne \u2013 la qualit\u00e9 de l\u2019ex\u00e9cution d\u00e9termine si le processus est soutenu de mani\u00e8re stable. <\/p>\n<p>Ce module rend ces corr\u00e9lations compr\u00e9hensibles sans se limiter \u00e0 des repr\u00e9sentations simplifi\u00e9es.<\/p>\n<h2>Malentendus typiques \u2013 et pourquoi ils entravent le processus<\/h2>\n<p>C\u2019est pr\u00e9cis\u00e9ment parce que les mouvements oculaires semblent si accessibles que de nombreuses hypoth\u00e8ses simplistes se sont d\u00e9velopp\u00e9es \u00e0 leur sujet.<\/p>\n<p>Cela inclut l\u2019id\u00e9e que la vitesse, le rythme ou l\u2019amplitude du mouvement ne jouent qu\u2019un r\u00f4le secondaire. Tout aussi r\u00e9pandue est l\u2019id\u00e9e que toute forme de mouvement est fondamentalement suffisante, tant qu\u2019elle est pr\u00e9sente d\u2019une mani\u00e8re ou d\u2019une autre. <\/p>\n<p>Dans l\u2019application pratique, cependant, une image diff\u00e9rente se dessine.<\/p>\n<p>Certains \u00e9carts font que le processus devient instable ou ne d\u00e9marre pas du tout. D\u2019autres modifient la perception de telle sorte que le traitement proprement dit est occult\u00e9. <\/p>\n<p>Ces effets ne sont pas imm\u00e9diatement \u00e9vidents, mais ils impactent directement le r\u00e9sultat.<\/p>\n<p>Ce module reprend ces points et les classe syst\u00e9matiquement, afin de mettre en \u00e9vidence ce qui est essentiel et quels aspects ne sont pas arbitraires.<\/p>\n<h2>La base d\u2019une application pr\u00e9cise \u2013 et la transition vers l\u2019\u00e9tape suivante<\/h2>\n<p>L\u2019objectif de ce module n\u2019est pas une imitation m\u00e9canique de proc\u00e9dures, mais une compr\u00e9hension claire du r\u00f4le que jouent les mouvements oculaires dans le processus global.<\/p>\n<p>Celui qui reconna\u00eet ce lien peut structurer la mise en \u0153uvre des mouvements oculaires de mani\u00e8re plus cibl\u00e9e et mieux situer sa propre perception pendant l\u2019application. Cela cr\u00e9e une base nettement plus stable pour les \u00e9tapes ult\u00e9rieures. <\/p>\n<p>La structure de ce tutoriel suit ici aussi l\u2019exp\u00e9rience issue du travail pratique. Sur une longue p\u00e9riode, il est apparu que ce domaine pr\u00e9cis est souvent simplifi\u00e9 et perd ainsi en efficacit\u00e9. C\u2019est pourquoi il est trait\u00e9 ici de mani\u00e8re approfondie et d\u00e9lib\u00e9r\u00e9e.  <\/p>\n<p>Gr\u00e2ce \u00e0 cette compr\u00e9hension, on comprend pourquoi, dans le module suivant, la mise en \u0153uvre concr\u00e8te est transpos\u00e9e dans une structure claire, \u00e9tape par \u00e9tape. Les proc\u00e9dures qui y sont d\u00e9crites s\u2019appuient directement sur les connaissances transmises ici et les rendent utilisables dans l\u2019application. <\/p>\n<p>Ce module constitue ainsi le lien entre le m\u00e9canisme d\u2019action th\u00e9orique et la r\u00e9alisation pratique. Il veille \u00e0 ce que les \u00e9tapes suivantes n\u2019agissent pas de mani\u00e8re isol\u00e9e, mais soient comprises comme faisant partie d\u2019un processus coh\u00e9rent.  <a href=\"https:\/\/remstim.com\/emdr-selbstcoaching-augenbewegungen-techniken-hilfsmittel-modul-3-2\/\">Lire la suite du module 3.2\u2026<\/a><\/p>\n","protected":false},"excerpt":{"rendered":"<p>La partie cruciale de l\u2019application \u2013 et pourquoi la pr\u00e9cision fait ici toute la diff\u00e9rence Apr\u00e8s avoir rendu compr\u00e9hensible le m\u00e9canisme d\u2019action de l\u2019EMDR dans le deuxi\u00e8me module, l\u2019accent est d\u00e9sormais mis sur la partie la plus visible de l\u2019ext\u00e9rieur et, en m\u00eame temps, la plus souvent sous-estim\u00e9e : les mouvements oculaires. \u00c0 premi\u00e8re vue, [&hellip;]<\/p>\n","protected":false},"author":1,"featured_media":0,"parent":0,"menu_order":0,"comment_status":"closed","ping_status":"closed","template":"","meta":{"_acf_changed":false,"site-sidebar-layout":"default","site-content-layout":"","ast-site-content-layout":"default","site-content-style":"default","site-sidebar-style":"default","ast-global-header-display":"","ast-banner-title-visibility":"","ast-main-header-display":"","ast-hfb-above-header-display":"","ast-hfb-below-header-display":"","ast-hfb-mobile-header-display":"","site-post-title":"","ast-breadcrumbs-content":"","ast-featured-img":"","footer-sml-layout":"","ast-disable-related-posts":"","theme-transparent-header-meta":"default","adv-header-id-meta":"","stick-header-meta":"default","header-above-stick-meta":"","header-main-stick-meta":"","header-below-stick-meta":"","astra-migrate-meta-layouts":"default","ast-page-background-enabled":"default","ast-page-background-meta":{"desktop":{"background-color":"var(--ast-global-color-4)","background-image":"","background-repeat":"repeat","background-position":"center center","background-size":"auto","background-attachment":"scroll","background-type":"","background-media":"","overlay-type":"","overlay-color":"","overlay-opacity":"","overlay-gradient":""},"tablet":{"background-color":"","background-image":"","background-repeat":"repeat","background-position":"center center","background-size":"auto","background-attachment":"scroll","background-type":"","background-media":"","overlay-type":"","overlay-color":"","overlay-opacity":"","overlay-gradient":""},"mobile":{"background-color":"","background-image":"","background-repeat":"repeat","background-position":"center center","background-size":"auto","background-attachment":"scroll","background-type":"","background-media":"","overlay-type":"","overlay-color":"","overlay-opacity":"","overlay-gradient":""}},"ast-content-background-meta":{"desktop":{"background-color":"var(--ast-global-color-5)","background-image":"","background-repeat":"repeat","background-position":"center center","background-size":"auto","background-attachment":"scroll","background-type":"","background-media":"","overlay-type":"","overlay-color":"","overlay-opacity":"","overlay-gradient":""},"tablet":{"background-color":"var(--ast-global-color-5)","background-image":"","background-repeat":"repeat","background-position":"center center","background-size":"auto","background-attachment":"scroll","background-type":"","background-media":"","overlay-type":"","overlay-color":"","overlay-opacity":"","overlay-gradient":""},"mobile":{"background-color":"var(--ast-global-color-5)","background-image":"","background-repeat":"repeat","background-position":"center center","background-size":"auto","background-attachment":"scroll","background-type":"","background-media":"","overlay-type":"","overlay-color":"","overlay-opacity":"","overlay-gradient":""}},"footnotes":""},"class_list":["post-28825","page","type-page","status-publish","hentry"],"acf":[],"yoast_head":"<!-- This site is optimized with the Yoast SEO plugin v27.5 - https:\/\/yoast.com\/product\/yoast-seo-wordpress\/ -->\n<title>Auto-coaching EMDR \u2013 Comprendre les mouvements oculaires (Module 3.1)<\/title>\n<meta name=\"description\" content=\"Comment les mouvements oculaires sont-ils correctement mis en \u0153uvre dans l\u2019auto-coaching EMDR ? Ce module montre pourquoi leur ex\u00e9cution est d\u00e9terminante pour un traitement stable.\" \/>\n<meta name=\"robots\" content=\"index, follow, max-snippet:-1, max-image-preview:large, max-video-preview:-1\" \/>\n<link rel=\"canonical\" href=\"https:\/\/remstim.com\/fr\/module-3-1-comprendre-les-mouvements-oculaires\/\" \/>\n<meta property=\"og:locale\" content=\"fr_FR\" \/>\n<meta property=\"og:type\" content=\"article\" \/>\n<meta property=\"og:title\" content=\"Auto-coaching EMDR \u2013 Comprendre les mouvements oculaires (Module 3.1)\" \/>\n<meta property=\"og:description\" content=\"Comment les mouvements oculaires sont-ils correctement mis en \u0153uvre dans l\u2019auto-coaching EMDR ? Ce module montre pourquoi leur ex\u00e9cution est d\u00e9terminante pour un traitement stable.\" \/>\n<meta property=\"og:url\" content=\"https:\/\/remstim.com\/fr\/module-3-1-comprendre-les-mouvements-oculaires\/\" \/>\n<meta property=\"og:site_name\" content=\"EMDR Ger\u00e4t REMSTIM 3000 gegen Stress\" \/>\n<meta name=\"twitter:label1\" content=\"Dur\u00e9e de lecture estim\u00e9e\" \/>\n\t<meta name=\"twitter:data1\" content=\"4 minutes\" \/>\n<script type=\"application\/ld+json\" class=\"yoast-schema-graph\">{\"@context\":\"https:\\\/\\\/schema.org\",\"@graph\":[{\"@type\":\"WebPage\",\"@id\":\"https:\\\/\\\/remstim.com\\\/fr\\\/module-3-1-comprendre-les-mouvements-oculaires\\\/\",\"url\":\"https:\\\/\\\/remstim.com\\\/fr\\\/module-3-1-comprendre-les-mouvements-oculaires\\\/\",\"name\":\"Auto-coaching EMDR \u2013 Comprendre les mouvements oculaires (Module 3.1)\",\"isPartOf\":{\"@id\":\"https:\\\/\\\/remstim.com\\\/fr\\\/#website\"},\"datePublished\":\"2026-04-27T10:23:37+00:00\",\"description\":\"Comment les mouvements oculaires sont-ils correctement mis en \u0153uvre dans l\u2019auto-coaching EMDR ? Ce module montre pourquoi leur ex\u00e9cution est d\u00e9terminante pour un traitement stable.\",\"breadcrumb\":{\"@id\":\"https:\\\/\\\/remstim.com\\\/fr\\\/module-3-1-comprendre-les-mouvements-oculaires\\\/#breadcrumb\"},\"inLanguage\":\"fr-FR\",\"potentialAction\":[{\"@type\":\"ReadAction\",\"target\":[\"https:\\\/\\\/remstim.com\\\/fr\\\/module-3-1-comprendre-les-mouvements-oculaires\\\/\"]}]},{\"@type\":\"BreadcrumbList\",\"@id\":\"https:\\\/\\\/remstim.com\\\/fr\\\/module-3-1-comprendre-les-mouvements-oculaires\\\/#breadcrumb\",\"itemListElement\":[{\"@type\":\"ListItem\",\"position\":1,\"name\":\"Startseite\",\"item\":\"https:\\\/\\\/remstim.com\\\/fr\\\/page-principale\\\/\"},{\"@type\":\"ListItem\",\"position\":2,\"name\":\"Module 3.1 \u2013 Comprendre les mouvements oculaires\"}]},{\"@type\":\"WebSite\",\"@id\":\"https:\\\/\\\/remstim.com\\\/fr\\\/#website\",\"url\":\"https:\\\/\\\/remstim.com\\\/fr\\\/\",\"name\":\"EMDR Ger\u00e4t REMSTIM 3000 gegen Stress\",\"description\":\"Wie wir schnell Entspannung finden.\",\"publisher\":{\"@id\":\"https:\\\/\\\/remstim.com\\\/fr\\\/#organization\"},\"potentialAction\":[{\"@type\":\"SearchAction\",\"target\":{\"@type\":\"EntryPoint\",\"urlTemplate\":\"https:\\\/\\\/remstim.com\\\/fr\\\/?s={search_term_string}\"},\"query-input\":{\"@type\":\"PropertyValueSpecification\",\"valueRequired\":true,\"valueName\":\"search_term_string\"}}],\"inLanguage\":\"fr-FR\"},{\"@type\":\"Organization\",\"@id\":\"https:\\\/\\\/remstim.com\\\/fr\\\/#organization\",\"name\":\"EMDR Ger\u00e4t REMSTIM 3000 gegen Stress\",\"url\":\"https:\\\/\\\/remstim.com\\\/fr\\\/\",\"logo\":{\"@type\":\"ImageObject\",\"inLanguage\":\"fr-FR\",\"@id\":\"https:\\\/\\\/remstim.com\\\/fr\\\/#\\\/schema\\\/logo\\\/image\\\/\",\"url\":\"https:\\\/\\\/remstim.com\\\/wp-content\\\/uploads\\\/2012\\\/06\\\/REMSTIM-Logo-mit-Untertitel_orange-e1340382850185.png\",\"contentUrl\":\"https:\\\/\\\/remstim.com\\\/wp-content\\\/uploads\\\/2012\\\/06\\\/REMSTIM-Logo-mit-Untertitel_orange-e1340382850185.png\",\"width\":304,\"height\":80,\"caption\":\"EMDR Ger\u00e4t REMSTIM 3000 gegen Stress\"},\"image\":{\"@id\":\"https:\\\/\\\/remstim.com\\\/fr\\\/#\\\/schema\\\/logo\\\/image\\\/\"}}]}<\/script>\n<!-- \/ Yoast SEO plugin. -->","yoast_head_json":{"title":"Auto-coaching EMDR \u2013 Comprendre les mouvements oculaires (Module 3.1)","description":"Comment les mouvements oculaires sont-ils correctement mis en \u0153uvre dans l\u2019auto-coaching EMDR ? Ce module montre pourquoi leur ex\u00e9cution est d\u00e9terminante pour un traitement stable.","robots":{"index":"index","follow":"follow","max-snippet":"max-snippet:-1","max-image-preview":"max-image-preview:large","max-video-preview":"max-video-preview:-1"},"canonical":"https:\/\/remstim.com\/fr\/module-3-1-comprendre-les-mouvements-oculaires\/","og_locale":"fr_FR","og_type":"article","og_title":"Auto-coaching EMDR \u2013 Comprendre les mouvements oculaires (Module 3.1)","og_description":"Comment les mouvements oculaires sont-ils correctement mis en \u0153uvre dans l\u2019auto-coaching EMDR ? Ce module montre pourquoi leur ex\u00e9cution est d\u00e9terminante pour un traitement stable.","og_url":"https:\/\/remstim.com\/fr\/module-3-1-comprendre-les-mouvements-oculaires\/","og_site_name":"EMDR Ger\u00e4t REMSTIM 3000 gegen Stress","twitter_misc":{"Dur\u00e9e de lecture estim\u00e9e":"4 minutes"},"schema":{"@context":"https:\/\/schema.org","@graph":[{"@type":"WebPage","@id":"https:\/\/remstim.com\/fr\/module-3-1-comprendre-les-mouvements-oculaires\/","url":"https:\/\/remstim.com\/fr\/module-3-1-comprendre-les-mouvements-oculaires\/","name":"Auto-coaching EMDR \u2013 Comprendre les mouvements oculaires (Module 3.1)","isPartOf":{"@id":"https:\/\/remstim.com\/fr\/#website"},"datePublished":"2026-04-27T10:23:37+00:00","description":"Comment les mouvements oculaires sont-ils correctement mis en \u0153uvre dans l\u2019auto-coaching EMDR ? Ce module montre pourquoi leur ex\u00e9cution est d\u00e9terminante pour un traitement stable.","breadcrumb":{"@id":"https:\/\/remstim.com\/fr\/module-3-1-comprendre-les-mouvements-oculaires\/#breadcrumb"},"inLanguage":"fr-FR","potentialAction":[{"@type":"ReadAction","target":["https:\/\/remstim.com\/fr\/module-3-1-comprendre-les-mouvements-oculaires\/"]}]},{"@type":"BreadcrumbList","@id":"https:\/\/remstim.com\/fr\/module-3-1-comprendre-les-mouvements-oculaires\/#breadcrumb","itemListElement":[{"@type":"ListItem","position":1,"name":"Startseite","item":"https:\/\/remstim.com\/fr\/page-principale\/"},{"@type":"ListItem","position":2,"name":"Module 3.1 \u2013 Comprendre les mouvements oculaires"}]},{"@type":"WebSite","@id":"https:\/\/remstim.com\/fr\/#website","url":"https:\/\/remstim.com\/fr\/","name":"EMDR Ger\u00e4t REMSTIM 3000 gegen Stress","description":"Wie wir schnell Entspannung finden.","publisher":{"@id":"https:\/\/remstim.com\/fr\/#organization"},"potentialAction":[{"@type":"SearchAction","target":{"@type":"EntryPoint","urlTemplate":"https:\/\/remstim.com\/fr\/?s={search_term_string}"},"query-input":{"@type":"PropertyValueSpecification","valueRequired":true,"valueName":"search_term_string"}}],"inLanguage":"fr-FR"},{"@type":"Organization","@id":"https:\/\/remstim.com\/fr\/#organization","name":"EMDR Ger\u00e4t REMSTIM 3000 gegen Stress","url":"https:\/\/remstim.com\/fr\/","logo":{"@type":"ImageObject","inLanguage":"fr-FR","@id":"https:\/\/remstim.com\/fr\/#\/schema\/logo\/image\/","url":"https:\/\/remstim.com\/wp-content\/uploads\/2012\/06\/REMSTIM-Logo-mit-Untertitel_orange-e1340382850185.png","contentUrl":"https:\/\/remstim.com\/wp-content\/uploads\/2012\/06\/REMSTIM-Logo-mit-Untertitel_orange-e1340382850185.png","width":304,"height":80,"caption":"EMDR Ger\u00e4t REMSTIM 3000 gegen Stress"},"image":{"@id":"https:\/\/remstim.com\/fr\/#\/schema\/logo\/image\/"}}]}},"_links":{"self":[{"href":"https:\/\/remstim.com\/fr\/wp-json\/wp\/v2\/pages\/28825","targetHints":{"allow":["GET"]}}],"collection":[{"href":"https:\/\/remstim.com\/fr\/wp-json\/wp\/v2\/pages"}],"about":[{"href":"https:\/\/remstim.com\/fr\/wp-json\/wp\/v2\/types\/page"}],"author":[{"embeddable":true,"href":"https:\/\/remstim.com\/fr\/wp-json\/wp\/v2\/users\/1"}],"replies":[{"embeddable":true,"href":"https:\/\/remstim.com\/fr\/wp-json\/wp\/v2\/comments?post=28825"}],"version-history":[{"count":0,"href":"https:\/\/remstim.com\/fr\/wp-json\/wp\/v2\/pages\/28825\/revisions"}],"wp:attachment":[{"href":"https:\/\/remstim.com\/fr\/wp-json\/wp\/v2\/media?parent=28825"}],"curies":[{"name":"wp","href":"https:\/\/api.w.org\/{rel}","templated":true}]}}