{"id":17654,"date":"2011-01-27T12:09:11","date_gmt":"2011-01-27T12:09:11","guid":{"rendered":"https:\/\/remstim.de\/disclaimer-informazioni-legali\/"},"modified":"2023-09-15T07:48:19","modified_gmt":"2023-09-15T07:48:19","slug":"disclaimer-informazioni-legali","status":"publish","type":"page","link":"https:\/\/remstim.com\/it\/impronta\/disclaimer-informazioni-legali\/","title":{"rendered":"Disclaimer &#8211; informazioni legali"},"content":{"rendered":"<h1>Disclaimer &#8211; informazioni legali<\/h1>\n<div>\n<h2 style=\"text-align: justify;\">1. limitazione di responsabilit\u00e0<\/h2>\n<p style=\"text-align: justify;\">I contenuti di questo sito web sono stati creati con la massima cura possibile. L&#8217;uso dei contenuti del sito web \u00e8 a rischio e pericolo dell&#8217;utente. I contributi identificati con il nome riflettono l&#8217;opinione del rispettivo autore e non sempre l&#8217;opinione del fornitore. Il semplice utilizzo del sito web del fornitore non costituisce alcun rapporto contrattuale tra l&#8217;utente e il fornitore.<\/p>\n<h2 style=\"text-align: justify;\">2. collegamenti esterni<\/h2>\n<p style=\"text-align: justify;\">Questo sito web contiene link a siti web di terzi (&#8220;link esterni&#8221;). Questi siti web sono soggetti alla responsabilit\u00e0 dei rispettivi operatori. Quando i link esterni sono stati creati per la prima volta, il provider ha controllato che i contenuti esterni non violassero le leggi. Al momento non sono state riscontrate violazioni di legge. L&#8217;offerente non ha alcuna influenza sulla struttura e sui contenuti attuali e futuri delle pagine collegate. L&#8217;inserimento di link esterni non implica che il fornitore adotti come proprio il contenuto che si cela dietro il riferimento o il link. Il monitoraggio costante di questi link esterni non \u00e8 ragionevole per il provider senza prove concrete di violazioni legali. Tuttavia, tali link esterni saranno cancellati immediatamente qualora si venisse a conoscenza di violazioni di legge.<\/p>\n<h2 style=\"text-align: justify;\">3. diritti d&#8217;autore e diritti d&#8217;autore accessori<\/h2>\n<p style=\"text-align: justify;\">I contenuti pubblicati su questo sito web sono soggetti alle leggi tedesche sul diritto d&#8217;autore e sui diritti accessori. Qualsiasi utilizzo non consentito dalle leggi tedesche sul diritto d&#8217;autore e sui diritti accessori richiede il previo consenso scritto del fornitore o del rispettivo titolare dei diritti. Ci\u00f2 vale in particolare per la copia, la modifica, la traduzione, la memorizzazione, l&#8217;elaborazione o la riproduzione di contenuti in banche dati o altri supporti e sistemi elettronici. I contenuti e i diritti di terzi sono contrassegnati come tali. La riproduzione o la distribuzione non autorizzata di singoli contenuti o di pagine complete non \u00e8 consentita ed \u00e8 punita dalla legge. \u00c8 consentita solo la produzione di copie e download per uso personale, privato e non commerciale.<\/p>\n<p style=\"text-align: justify;\">La visualizzazione di questo sito web in frame esterni \u00e8 consentita solo previa autorizzazione scritta.<\/p>\n<h2 style=\"text-align: justify;\">4. condizioni speciali di utilizzo<\/h2>\n<p style=\"text-align: justify;\">Nella misura in cui le condizioni speciali per l&#8217;utilizzo individuale di questo sito web si discostano dai numeri da 1 a 3 sopra citati, ci\u00f2 sar\u00e0 espressamente indicato nel luogo appropriato. In questo caso, si applicano le condizioni speciali di utilizzo nel singolo caso.<\/p>\n<\/div>\n","protected":false},"excerpt":{"rendered":"<p>Disclaimer &#8211; informazioni legali 1. limitazione di responsabilit\u00e0 I contenuti di questo sito web sono stati creati con la massima cura possibile. L&#8217;uso dei contenuti del sito web \u00e8 a rischio e pericolo dell&#8217;utente. I contributi identificati con il nome riflettono l&#8217;opinione del rispettivo autore e non sempre l&#8217;opinione del fornitore. Il semplice utilizzo del [&hellip;]<\/p>\n","protected":false},"author":1,"featured_media":0,"parent":17659,"menu_order":4,"comment_status":"closed","ping_status":"closed","template":"","meta":{"_acf_changed":false,"site-sidebar-layout":"default","site-content-layout":"default","ast-site-content-layout":"default","site-content-style":"default","site-sidebar-style":"default","ast-global-header-display":"","ast-banner-title-visibility":"","ast-main-header-display":"","ast-hfb-above-header-display":"","ast-hfb-below-header-display":"","ast-hfb-mobile-header-display":"","site-post-title":"","ast-breadcrumbs-content":"","ast-featured-img":"","footer-sml-layout":"","ast-disable-related-posts":"","theme-transparent-header-meta":"default","adv-header-id-meta":"","stick-header-meta":"default","header-above-stick-meta":"","header-main-stick-meta":"","header-below-stick-meta":"","astra-migrate-meta-layouts":"default","ast-page-background-enabled":"default","ast-page-background-meta":{"desktop":{"background-color":"var(--ast-global-color-4)","background-image":"","background-repeat":"repeat","background-position":"center center","background-size":"auto","background-attachment":"scroll","background-type":"","background-media":"","overlay-type":"","overlay-color":"","overlay-opacity":"","overlay-gradient":""},"tablet":{"background-color":"","background-image":"","background-repeat":"repeat","background-position":"center center","background-size":"auto","background-attachment":"scroll","background-type":"","background-media":"","overlay-type":"","overlay-color":"","overlay-opacity":"","overlay-gradient":""},"mobile":{"background-color":"","background-image":"","background-repeat":"repeat","background-position":"center center","background-size":"auto","background-attachment":"scroll","background-type":"","background-media":"","overlay-type":"","overlay-color":"","overlay-opacity":"","overlay-gradient":""}},"ast-content-background-meta":{"desktop":{"background-color":"var(--ast-global-color-5)","background-image":"","background-repeat":"repeat","background-position":"center center","background-size":"auto","background-attachment":"scroll","background-type":"","background-media":"","overlay-type":"","overlay-color":"","overlay-opacity":"","overlay-gradient":""},"tablet":{"background-color":"var(--ast-global-color-5)","background-image":"","background-repeat":"repeat","background-position":"center center","background-size":"auto","background-attachment":"scroll","background-type":"","background-media":"","overlay-type":"","overlay-color":"","overlay-opacity":"","overlay-gradient":""},"mobile":{"background-color":"var(--ast-global-color-5)","background-image":"","background-repeat":"repeat","background-position":"center center","background-size":"auto","background-attachment":"scroll","background-type":"","background-media":"","overlay-type":"","overlay-color":"","overlay-opacity":"","overlay-gradient":""}},"footnotes":""},"class_list":["post-17654","page","type-page","status-publish","hentry"],"acf":[],"yoast_head":"<!-- This site is optimized with the Yoast SEO plugin v27.3 - https:\/\/yoast.com\/product\/yoast-seo-wordpress\/ -->\n<title>Disclaimer - informazioni legali - EMDR Ger\u00e4t REMSTIM 3000 gegen Stress<\/title>\n<meta name=\"robots\" content=\"index, follow, max-snippet:-1, max-image-preview:large, max-video-preview:-1\" \/>\n<link rel=\"canonical\" href=\"https:\/\/remstim.com\/it\/impronta\/disclaimer-informazioni-legali\/\" \/>\n<meta property=\"og:locale\" content=\"it_IT\" \/>\n<meta property=\"og:type\" content=\"article\" \/>\n<meta property=\"og:title\" content=\"Disclaimer - informazioni legali - EMDR Ger\u00e4t REMSTIM 3000 gegen Stress\" \/>\n<meta property=\"og:description\" content=\"Disclaimer &#8211; informazioni legali 1. limitazione di responsabilit\u00e0 I contenuti di questo sito web sono stati creati con la massima cura possibile. L&#8217;uso dei contenuti del sito web \u00e8 a rischio e pericolo dell&#8217;utente. I contributi identificati con il nome riflettono l&#8217;opinione del rispettivo autore e non sempre l&#8217;opinione del fornitore. Il semplice utilizzo del [&hellip;]\" \/>\n<meta property=\"og:url\" content=\"https:\/\/remstim.com\/it\/impronta\/disclaimer-informazioni-legali\/\" \/>\n<meta property=\"og:site_name\" content=\"EMDR Ger\u00e4t REMSTIM 3000 gegen Stress\" \/>\n<meta property=\"article:modified_time\" content=\"2023-09-15T07:48:19+00:00\" \/>\n<meta name=\"twitter:label1\" content=\"Tempo di lettura stimato\" \/>\n\t<meta name=\"twitter:data1\" content=\"3 minuti\" \/>\n<script type=\"application\/ld+json\" class=\"yoast-schema-graph\">{\"@context\":\"https:\\\/\\\/schema.org\",\"@graph\":[{\"@type\":\"WebPage\",\"@id\":\"https:\\\/\\\/remstim.com\\\/it\\\/impronta\\\/disclaimer-informazioni-legali\\\/\",\"url\":\"https:\\\/\\\/remstim.com\\\/it\\\/impronta\\\/disclaimer-informazioni-legali\\\/\",\"name\":\"Disclaimer - informazioni legali - EMDR Ger\u00e4t REMSTIM 3000 gegen Stress\",\"isPartOf\":{\"@id\":\"https:\\\/\\\/remstim.com\\\/it\\\/#website\"},\"datePublished\":\"2011-01-27T12:09:11+00:00\",\"dateModified\":\"2023-09-15T07:48:19+00:00\",\"breadcrumb\":{\"@id\":\"https:\\\/\\\/remstim.com\\\/it\\\/impronta\\\/disclaimer-informazioni-legali\\\/#breadcrumb\"},\"inLanguage\":\"it-IT\",\"potentialAction\":[{\"@type\":\"ReadAction\",\"target\":[\"https:\\\/\\\/remstim.com\\\/it\\\/impronta\\\/disclaimer-informazioni-legali\\\/\"]}]},{\"@type\":\"BreadcrumbList\",\"@id\":\"https:\\\/\\\/remstim.com\\\/it\\\/impronta\\\/disclaimer-informazioni-legali\\\/#breadcrumb\",\"itemListElement\":[{\"@type\":\"ListItem\",\"position\":1,\"name\":\"Startseite\",\"item\":\"https:\\\/\\\/remstim.com\\\/it\\\/\"},{\"@type\":\"ListItem\",\"position\":2,\"name\":\"Impronta\",\"item\":\"https:\\\/\\\/remstim.com\\\/it\\\/impronta\\\/\"},{\"@type\":\"ListItem\",\"position\":3,\"name\":\"Disclaimer &#8211; informazioni legali\"}]},{\"@type\":\"WebSite\",\"@id\":\"https:\\\/\\\/remstim.com\\\/it\\\/#website\",\"url\":\"https:\\\/\\\/remstim.com\\\/it\\\/\",\"name\":\"EMDR Ger\u00e4t REMSTIM 3000 gegen Stress\",\"description\":\"Wie wir schnell Entspannung finden.\",\"publisher\":{\"@id\":\"https:\\\/\\\/remstim.com\\\/it\\\/#organization\"},\"potentialAction\":[{\"@type\":\"SearchAction\",\"target\":{\"@type\":\"EntryPoint\",\"urlTemplate\":\"https:\\\/\\\/remstim.com\\\/it\\\/?s={search_term_string}\"},\"query-input\":{\"@type\":\"PropertyValueSpecification\",\"valueRequired\":true,\"valueName\":\"search_term_string\"}}],\"inLanguage\":\"it-IT\"},{\"@type\":\"Organization\",\"@id\":\"https:\\\/\\\/remstim.com\\\/it\\\/#organization\",\"name\":\"EMDR Ger\u00e4t REMSTIM 3000 gegen Stress\",\"url\":\"https:\\\/\\\/remstim.com\\\/it\\\/\",\"logo\":{\"@type\":\"ImageObject\",\"inLanguage\":\"it-IT\",\"@id\":\"https:\\\/\\\/remstim.com\\\/it\\\/#\\\/schema\\\/logo\\\/image\\\/\",\"url\":\"https:\\\/\\\/remstim.com\\\/wp-content\\\/uploads\\\/2012\\\/06\\\/REMSTIM-Logo-mit-Untertitel_orange-e1340382850185.png\",\"contentUrl\":\"https:\\\/\\\/remstim.com\\\/wp-content\\\/uploads\\\/2012\\\/06\\\/REMSTIM-Logo-mit-Untertitel_orange-e1340382850185.png\",\"width\":304,\"height\":80,\"caption\":\"EMDR Ger\u00e4t REMSTIM 3000 gegen Stress\"},\"image\":{\"@id\":\"https:\\\/\\\/remstim.com\\\/it\\\/#\\\/schema\\\/logo\\\/image\\\/\"}}]}<\/script>\n<!-- \/ Yoast SEO plugin. -->","yoast_head_json":{"title":"Disclaimer - informazioni legali - EMDR Ger\u00e4t REMSTIM 3000 gegen Stress","robots":{"index":"index","follow":"follow","max-snippet":"max-snippet:-1","max-image-preview":"max-image-preview:large","max-video-preview":"max-video-preview:-1"},"canonical":"https:\/\/remstim.com\/it\/impronta\/disclaimer-informazioni-legali\/","og_locale":"it_IT","og_type":"article","og_title":"Disclaimer - informazioni legali - EMDR Ger\u00e4t REMSTIM 3000 gegen Stress","og_description":"Disclaimer &#8211; informazioni legali 1. limitazione di responsabilit\u00e0 I contenuti di questo sito web sono stati creati con la massima cura possibile. L&#8217;uso dei contenuti del sito web \u00e8 a rischio e pericolo dell&#8217;utente. I contributi identificati con il nome riflettono l&#8217;opinione del rispettivo autore e non sempre l&#8217;opinione del fornitore. Il semplice utilizzo del [&hellip;]","og_url":"https:\/\/remstim.com\/it\/impronta\/disclaimer-informazioni-legali\/","og_site_name":"EMDR Ger\u00e4t REMSTIM 3000 gegen Stress","article_modified_time":"2023-09-15T07:48:19+00:00","twitter_misc":{"Tempo di lettura stimato":"3 minuti"},"schema":{"@context":"https:\/\/schema.org","@graph":[{"@type":"WebPage","@id":"https:\/\/remstim.com\/it\/impronta\/disclaimer-informazioni-legali\/","url":"https:\/\/remstim.com\/it\/impronta\/disclaimer-informazioni-legali\/","name":"Disclaimer - informazioni legali - EMDR Ger\u00e4t REMSTIM 3000 gegen Stress","isPartOf":{"@id":"https:\/\/remstim.com\/it\/#website"},"datePublished":"2011-01-27T12:09:11+00:00","dateModified":"2023-09-15T07:48:19+00:00","breadcrumb":{"@id":"https:\/\/remstim.com\/it\/impronta\/disclaimer-informazioni-legali\/#breadcrumb"},"inLanguage":"it-IT","potentialAction":[{"@type":"ReadAction","target":["https:\/\/remstim.com\/it\/impronta\/disclaimer-informazioni-legali\/"]}]},{"@type":"BreadcrumbList","@id":"https:\/\/remstim.com\/it\/impronta\/disclaimer-informazioni-legali\/#breadcrumb","itemListElement":[{"@type":"ListItem","position":1,"name":"Startseite","item":"https:\/\/remstim.com\/it\/"},{"@type":"ListItem","position":2,"name":"Impronta","item":"https:\/\/remstim.com\/it\/impronta\/"},{"@type":"ListItem","position":3,"name":"Disclaimer &#8211; informazioni legali"}]},{"@type":"WebSite","@id":"https:\/\/remstim.com\/it\/#website","url":"https:\/\/remstim.com\/it\/","name":"EMDR Ger\u00e4t REMSTIM 3000 gegen Stress","description":"Wie wir schnell Entspannung finden.","publisher":{"@id":"https:\/\/remstim.com\/it\/#organization"},"potentialAction":[{"@type":"SearchAction","target":{"@type":"EntryPoint","urlTemplate":"https:\/\/remstim.com\/it\/?s={search_term_string}"},"query-input":{"@type":"PropertyValueSpecification","valueRequired":true,"valueName":"search_term_string"}}],"inLanguage":"it-IT"},{"@type":"Organization","@id":"https:\/\/remstim.com\/it\/#organization","name":"EMDR Ger\u00e4t REMSTIM 3000 gegen Stress","url":"https:\/\/remstim.com\/it\/","logo":{"@type":"ImageObject","inLanguage":"it-IT","@id":"https:\/\/remstim.com\/it\/#\/schema\/logo\/image\/","url":"https:\/\/remstim.com\/wp-content\/uploads\/2012\/06\/REMSTIM-Logo-mit-Untertitel_orange-e1340382850185.png","contentUrl":"https:\/\/remstim.com\/wp-content\/uploads\/2012\/06\/REMSTIM-Logo-mit-Untertitel_orange-e1340382850185.png","width":304,"height":80,"caption":"EMDR Ger\u00e4t REMSTIM 3000 gegen Stress"},"image":{"@id":"https:\/\/remstim.com\/it\/#\/schema\/logo\/image\/"}}]}},"_links":{"self":[{"href":"https:\/\/remstim.com\/it\/wp-json\/wp\/v2\/pages\/17654","targetHints":{"allow":["GET"]}}],"collection":[{"href":"https:\/\/remstim.com\/it\/wp-json\/wp\/v2\/pages"}],"about":[{"href":"https:\/\/remstim.com\/it\/wp-json\/wp\/v2\/types\/page"}],"author":[{"embeddable":true,"href":"https:\/\/remstim.com\/it\/wp-json\/wp\/v2\/users\/1"}],"replies":[{"embeddable":true,"href":"https:\/\/remstim.com\/it\/wp-json\/wp\/v2\/comments?post=17654"}],"version-history":[{"count":0,"href":"https:\/\/remstim.com\/it\/wp-json\/wp\/v2\/pages\/17654\/revisions"}],"up":[{"embeddable":true,"href":"https:\/\/remstim.com\/it\/wp-json\/wp\/v2\/pages\/17659"}],"wp:attachment":[{"href":"https:\/\/remstim.com\/it\/wp-json\/wp\/v2\/media?parent=17654"}],"curies":[{"name":"wp","href":"https:\/\/api.w.org\/{rel}","templated":true}]}}