{"id":17660,"date":"2011-03-14T11:12:43","date_gmt":"2011-03-14T11:12:43","guid":{"rendered":"https:\/\/remstim.de\/fondamenti-dellutilizzo-dellemdr-nel-coaching-con-il-remstim-3000\/"},"modified":"2023-09-15T06:58:33","modified_gmt":"2023-09-15T06:58:33","slug":"fondamenti-dellutilizzo-dellemdr-nel-coaching-con-il-remstim-3000","status":"publish","type":"page","link":"https:\/\/remstim.com\/it\/fondamenti-dellutilizzo-dellemdr-nel-coaching-con-il-remstim-3000\/","title":{"rendered":"Fondamenti dell&#8217;utilizzo dell&#8217;EMDR nel coaching con il REMSTIM 3000"},"content":{"rendered":"<p style=\"text-align: justify;\"><img fetchpriority=\"high\" decoding=\"async\" class=\"alignleft wp-image-718\" title=\"EMDR nel coaching con il REMSTIM 3000\" src=\"https:\/\/remstim.com\/wp-content\/uploads\/2011\/03\/Nervenbahnen.jpg\" alt=\"EMDR nel coaching con il REMSTIM 3000\" width=\"350\" height=\"219\" srcset=\"https:\/\/remstim.com\/wp-content\/uploads\/2011\/03\/Nervenbahnen.jpg 438w, https:\/\/remstim.com\/wp-content\/uploads\/2011\/03\/Nervenbahnen-300x187.jpg 300w\" sizes=\"(max-width: 350px) 100vw, 350px\" \/>La <a href=\"https:\/\/remstim.com\/it\/fondamenti-dellutilizzo-dellemdr-nel-coaching-con-il-remstim-3000\/stimolazione-dei-movimenti-oculari-rapidi\/\">stimolazione rapida dei movimenti oculari<\/a> con il <a href=\"https:\/\/remstim.com\/it\/remstim-3000\/\">REMSTIM 3000<\/a> si caratterizza per il fatto che di solito porta alla calma in modo rapido e semplice. Per un&#8217;applicazione efficace non sono necessarie n\u00e9 conoscenze n\u00e9 competenze. La stimolazione dei movimenti oculari rapidi \u00e8 il metodo di intervento dell&#8217;<a title=\"L'EMDR nel self-coaching\" href=\"https:\/\/remstim.com\/it\/fondamenti-dellutilizzo-dellemdr-nel-coaching-con-il-remstim-3000\/utilizzo-dellemdr-nellauto-coaching-con-il-remstim-3000\/\">EMDR<\/a> e simula il <a title=\"Movimento oculare rapido - monitoraggio del sonno REM\" href=\"https:\/\/remstim.com\/it\/movimento-oculare-rapido-monitoraggio-del-sonno-rem\/\">sonno REM<\/a> con i suoi tipici <a title=\"Rapid Eye Movement: come influisce il sonno REM sul nostro benessere?\" href=\"https:\/\/remstim.com\/it\/rapid-eye-movement-come-influisce-il-sonno-rem-sul-nostro-benessere\/\">movimenti oculari rapidi<\/a> durante la veglia.<\/p>\n<p style=\"text-align: justify;\">Il solo cambiamento nella <a href=\"https:\/\/remstim.com\/it\/fondamenti-dellutilizzo-dellemdr-nel-coaching-con-il-remstim-3000\/movimenti-oculari-flessibili\/\">flessibilit\u00e0 dei movimenti oculari<\/a> pu\u00f2 spesso fornire informazioni visibili sul miglioramento della costituzione emotiva e mentale personale. I benefici <a href=\"https:\/\/remstim.com\/it\/fondamenti-dellutilizzo-dellemdr-nel-coaching-con-il-remstim-3000\/effetti-di-stimolazione-dellemdr\/\">effetti di stimolazione di<\/a> un&#8217;applicazione con <a href=\"https:\/\/remstim.com\/it\/remstim-3000\/\">REMSTIM 3000<\/a> sono generalmente percepibili in pochi minuti.<\/p>\n<p style=\"text-align: justify;\">L&#8217;<strong>auto-coaching<\/strong> non \u00e8 mai stato cos\u00ec facile. I <a href=\"https:\/\/remstim.com\/it\/aree-di-applicazione-dellemdr-nel-coaching\/sciogliere-i-blocchi-mentali-da-soli-con-lemdr-e-il-remstim-3000\/\">blocchi mentali<\/a>, che spesso influiscono sul nostro benessere, possono essere ridotti con successo e spesso persino dissolti con la <a href=\"https:\/\/remstim.com\/it\/fondamenti-dellutilizzo-dellemdr-nel-coaching-con-il-remstim-3000\/stimolazione-dei-movimenti-oculari-rapidi\/\">stimolazione dei movimenti oculari rapidi<\/a>.<\/p>\n\t\t<div data-elementor-type=\"section\" data-elementor-id=\"18193\" class=\"elementor elementor-18193 elementor-9381\" data-elementor-post-type=\"elementor_library\">\n\t\t\t\t\t<section class=\"elementor-section elementor-top-section elementor-element elementor-element-65ee76a4 elementor-section-full_width elementor-section-height-default elementor-section-height-default\" data-id=\"65ee76a4\" data-element_type=\"section\" data-e-type=\"section\">\n\t\t\t\t\t\t<div class=\"elementor-container elementor-column-gap-no\">\n\t\t\t\t\t<div class=\"elementor-column elementor-col-100 elementor-top-column elementor-element elementor-element-15bb9159\" data-id=\"15bb9159\" data-element_type=\"column\" data-e-type=\"column\">\n\t\t\t<div class=\"elementor-widget-wrap elementor-element-populated\">\n\t\t\t\t\t\t<section class=\"elementor-section elementor-inner-section elementor-element elementor-element-3cbd8e42 elementor-section-boxed elementor-section-height-default elementor-section-height-default\" data-id=\"3cbd8e42\" data-element_type=\"section\" data-e-type=\"section\" data-settings=\"{&quot;background_background&quot;:&quot;classic&quot;}\">\n\t\t\t\t\t\t<div class=\"elementor-container elementor-column-gap-default\">\n\t\t\t\t\t<div class=\"elementor-column elementor-col-100 elementor-inner-column elementor-element elementor-element-3aee8a0e\" data-id=\"3aee8a0e\" data-element_type=\"column\" data-e-type=\"column\">\n\t\t\t<div class=\"elementor-widget-wrap elementor-element-populated\">\n\t\t\t\t\t\t<div class=\"elementor-element elementor-element-76af20ab elementor-widget elementor-widget-heading\" data-id=\"76af20ab\" data-element_type=\"widget\" data-e-type=\"widget\" data-widget_type=\"heading.default\">\n\t\t\t\t<div class=\"elementor-widget-container\">\n\t\t\t\t\t<h2 class=\"elementor-heading-title elementor-size-default\">Per saperne di pi\u00f9 sulle basi del coaching EMDR<\/h2>\t\t\t\t<\/div>\n\t\t\t\t<\/div>\n\t\t\t\t\t<\/div>\n\t\t<\/div>\n\t\t\t\t\t<\/div>\n\t\t<\/section>\n\t\t\t\t<section class=\"elementor-section elementor-inner-section elementor-element elementor-element-55732c58 elementor-section-boxed elementor-section-height-default elementor-section-height-default\" data-id=\"55732c58\" data-element_type=\"section\" data-e-type=\"section\">\n\t\t\t\t\t\t<div class=\"elementor-container elementor-column-gap-default\">\n\t\t\t\t\t<div class=\"elementor-column elementor-col-100 elementor-inner-column elementor-element elementor-element-4565e44d\" data-id=\"4565e44d\" data-element_type=\"column\" data-e-type=\"column\">\n\t\t\t<div class=\"elementor-widget-wrap elementor-element-populated\">\n\t\t\t\t\t\t<div class=\"elementor-element elementor-element-b14b0ad elementor-icon-list--layout-traditional elementor-list-item-link-full_width elementor-widget elementor-widget-icon-list\" data-id=\"b14b0ad\" data-element_type=\"widget\" data-e-type=\"widget\" data-widget_type=\"icon-list.default\">\n\t\t\t\t<div class=\"elementor-widget-container\">\n\t\t\t\t\t\t\t<ul class=\"elementor-icon-list-items\">\n\t\t\t\t\t\t\t<li class=\"elementor-icon-list-item\">\n\t\t\t\t\t\t\t\t\t\t\t<a href=\"https:\/\/remstim.com\/it\/fondamenti-dellutilizzo-dellemdr-nel-coaching-con-il-remstim-3000\/stimolazione-dei-movimenti-oculari-rapidi\/\">\n\n\t\t\t\t\t\t\t\t\t\t\t\t<span class=\"elementor-icon-list-icon\">\n\t\t\t\t\t\t\t<i aria-hidden=\"true\" class=\"fas fa-arrow-circle-right\"><\/i>\t\t\t\t\t\t<\/span>\n\t\t\t\t\t\t\t\t\t\t<span class=\"elementor-icon-list-text\">Stimolazione dei movimenti oculari rapidi (stimolazione emisferica bilaterale)<\/span>\n\t\t\t\t\t\t\t\t\t\t\t<\/a>\n\t\t\t\t\t\t\t\t\t<\/li>\n\t\t\t\t\t\t\t\t<li class=\"elementor-icon-list-item\">\n\t\t\t\t\t\t\t\t\t\t\t<a href=\"https:\/\/remstim.com\/it\/rapid-eye-movement-come-influisce-il-sonno-rem-sul-nostro-benessere\/\">\n\n\t\t\t\t\t\t\t\t\t\t\t\t<span class=\"elementor-icon-list-icon\">\n\t\t\t\t\t\t\t<i aria-hidden=\"true\" class=\"fas fa-arrow-circle-right\"><\/i>\t\t\t\t\t\t<\/span>\n\t\t\t\t\t\t\t\t\t\t<span class=\"elementor-icon-list-text\">Rapid Eye Movement: come influisce il sonno REM sul nostro benessere?<\/span>\n\t\t\t\t\t\t\t\t\t\t\t<\/a>\n\t\t\t\t\t\t\t\t\t<\/li>\n\t\t\t\t\t\t\t\t<li class=\"elementor-icon-list-item\">\n\t\t\t\t\t\t\t\t\t\t\t<a href=\"https:\/\/remstim.com\/it\/movimento-oculare-rapido-monitoraggio-del-sonno-rem\/\">\n\n\t\t\t\t\t\t\t\t\t\t\t\t<span class=\"elementor-icon-list-icon\">\n\t\t\t\t\t\t\t<i aria-hidden=\"true\" class=\"fas fa-arrow-circle-right\"><\/i>\t\t\t\t\t\t<\/span>\n\t\t\t\t\t\t\t\t\t\t<span class=\"elementor-icon-list-text\">Movimento oculare rapido: i fatti sul sonno REM<\/span>\n\t\t\t\t\t\t\t\t\t\t\t<\/a>\n\t\t\t\t\t\t\t\t\t<\/li>\n\t\t\t\t\t\t\t\t<li class=\"elementor-icon-list-item\">\n\t\t\t\t\t\t\t\t\t\t\t<a href=\"https:\/\/remstim.com\/it\/fondamenti-dellutilizzo-dellemdr-nel-coaching-con-il-remstim-3000\/movimenti-oculari-flessibili\/\">\n\n\t\t\t\t\t\t\t\t\t\t\t\t<span class=\"elementor-icon-list-icon\">\n\t\t\t\t\t\t\t<i aria-hidden=\"true\" class=\"fas fa-arrow-circle-right\"><\/i>\t\t\t\t\t\t<\/span>\n\t\t\t\t\t\t\t\t\t\t<span class=\"elementor-icon-list-text\">Movimenti oculari flessibili<\/span>\n\t\t\t\t\t\t\t\t\t\t\t<\/a>\n\t\t\t\t\t\t\t\t\t<\/li>\n\t\t\t\t\t\t\t\t<li class=\"elementor-icon-list-item\">\n\t\t\t\t\t\t\t\t\t\t\t<a href=\"https:\/\/remstim.com\/it\/fondamenti-dellutilizzo-dellemdr-nel-coaching-con-il-remstim-3000\/effetti-di-stimolazione-dellemdr\/\">\n\n\t\t\t\t\t\t\t\t\t\t\t\t<span class=\"elementor-icon-list-icon\">\n\t\t\t\t\t\t\t<i aria-hidden=\"true\" class=\"fas fa-arrow-circle-right\"><\/i>\t\t\t\t\t\t<\/span>\n\t\t\t\t\t\t\t\t\t\t<span class=\"elementor-icon-list-text\">Effetti di stimolazione dell'EMDR<\/span>\n\t\t\t\t\t\t\t\t\t\t\t<\/a>\n\t\t\t\t\t\t\t\t\t<\/li>\n\t\t\t\t\t\t\t\t<li class=\"elementor-icon-list-item\">\n\t\t\t\t\t\t\t\t\t\t\t<a href=\"https:\/\/remstim.com\/it\/fondamenti-dellutilizzo-dellemdr-nel-coaching-con-il-remstim-3000\/utilizzo-dellemdr-nellauto-coaching-con-il-remstim-3000\/\">\n\n\t\t\t\t\t\t\t\t\t\t\t\t<span class=\"elementor-icon-list-icon\">\n\t\t\t\t\t\t\t<i aria-hidden=\"true\" class=\"fas fa-arrow-circle-right\"><\/i>\t\t\t\t\t\t<\/span>\n\t\t\t\t\t\t\t\t\t\t<span class=\"elementor-icon-list-text\">L'EMDR nel self-coaching<\/span>\n\t\t\t\t\t\t\t\t\t\t\t<\/a>\n\t\t\t\t\t\t\t\t\t<\/li>\n\t\t\t\t\t\t\t\t<li class=\"elementor-icon-list-item\">\n\t\t\t\t\t\t\t\t\t\t\t<a href=\"https:\/\/remstim.com\/it\/fondamenti-dellutilizzo-dellemdr-nel-coaching-con-il-remstim-3000\/informazioni-importanti\/\">\n\n\t\t\t\t\t\t\t\t\t\t\t\t<span class=\"elementor-icon-list-icon\">\n\t\t\t\t\t\t\t<i aria-hidden=\"true\" class=\"fas fa-arrow-circle-right\"><\/i>\t\t\t\t\t\t<\/span>\n\t\t\t\t\t\t\t\t\t\t<span class=\"elementor-icon-list-text\">Informazioni importanti<\/span>\n\t\t\t\t\t\t\t\t\t\t\t<\/a>\n\t\t\t\t\t\t\t\t\t<\/li>\n\t\t\t\t\t\t<\/ul>\n\t\t\t\t\t\t<\/div>\n\t\t\t\t<\/div>\n\t\t\t\t\t<\/div>\n\t\t<\/div>\n\t\t\t\t\t<\/div>\n\t\t<\/section>\n\t\t\t\t\t<\/div>\n\t\t<\/div>\n\t\t\t\t\t<\/div>\n\t\t<\/section>\n\t\t\t\t<\/div>\n\t\t\n<hr class=\"divider-html\" style=\"border-top: 1px solid #bbb; margin-top: 30px; margin-bottom: 30px;\">\n<h2 style=\"text-align: justify;\">Per saperne di pi\u00f9 sull&#8217;EMDR nel coaching<\/h2>\n\t\t<div data-elementor-type=\"section\" data-elementor-id=\"18263\" class=\"elementor elementor-18263 elementor-9385\" data-elementor-post-type=\"elementor_library\">\n\t\t\t\t\t<section class=\"elementor-section elementor-top-section elementor-element elementor-element-346b0ac8 elementor-section-full_width elementor-section-height-default elementor-section-height-default\" data-id=\"346b0ac8\" data-element_type=\"section\" data-e-type=\"section\">\n\t\t\t\t\t\t<div class=\"elementor-container elementor-column-gap-no\">\n\t\t\t\t\t<div class=\"elementor-column elementor-col-100 elementor-top-column elementor-element elementor-element-748c299b\" data-id=\"748c299b\" data-element_type=\"column\" data-e-type=\"column\">\n\t\t\t<div class=\"elementor-widget-wrap elementor-element-populated\">\n\t\t\t\t\t\t<section class=\"elementor-section elementor-inner-section elementor-element elementor-element-5e6e43b5 elementor-section-full_width elementor-section-height-default elementor-section-height-default\" data-id=\"5e6e43b5\" data-element_type=\"section\" data-e-type=\"section\">\n\t\t\t\t\t\t<div class=\"elementor-container elementor-column-gap-default\">\n\t\t\t\t\t<div class=\"elementor-column elementor-col-100 elementor-inner-column elementor-element elementor-element-54d08484\" data-id=\"54d08484\" data-element_type=\"column\" data-e-type=\"column\">\n\t\t\t<div class=\"elementor-widget-wrap elementor-element-populated\">\n\t\t\t\t\t\t\t<\/div>\n\t\t<\/div>\n\t\t\t\t\t<\/div>\n\t\t<\/section>\n\t\t\t\t\t<\/div>\n\t\t<\/div>\n\t\t\t\t\t<\/div>\n\t\t<\/section>\n\t\t\t\t<\/div>\n\t\t\n","protected":false},"excerpt":{"rendered":"<p>La stimolazione rapida dei movimenti oculari con il REMSTIM 3000 si caratterizza per il fatto che di solito porta alla calma in modo rapido e semplice. Per un&#8217;applicazione efficace non sono necessarie n\u00e9 conoscenze n\u00e9 competenze. La stimolazione dei movimenti oculari rapidi \u00e8 il metodo di intervento dell&#8217;EMDR e simula il sonno REM con i [&hellip;]<\/p>\n","protected":false},"author":1,"featured_media":0,"parent":0,"menu_order":10,"comment_status":"closed","ping_status":"closed","template":"","meta":{"_acf_changed":false,"site-sidebar-layout":"default","site-content-layout":"default","ast-site-content-layout":"default","site-content-style":"default","site-sidebar-style":"default","ast-global-header-display":"","ast-banner-title-visibility":"","ast-main-header-display":"","ast-hfb-above-header-display":"","ast-hfb-below-header-display":"","ast-hfb-mobile-header-display":"","site-post-title":"","ast-breadcrumbs-content":"","ast-featured-img":"","footer-sml-layout":"","ast-disable-related-posts":"","theme-transparent-header-meta":"default","adv-header-id-meta":"","stick-header-meta":"default","header-above-stick-meta":"","header-main-stick-meta":"","header-below-stick-meta":"","astra-migrate-meta-layouts":"default","ast-page-background-enabled":"default","ast-page-background-meta":{"desktop":{"background-color":"var(--ast-global-color-4)","background-image":"","background-repeat":"repeat","background-position":"center center","background-size":"auto","background-attachment":"scroll","background-type":"","background-media":"","overlay-type":"","overlay-color":"","overlay-opacity":"","overlay-gradient":""},"tablet":{"background-color":"","background-image":"","background-repeat":"repeat","background-position":"center center","background-size":"auto","background-attachment":"scroll","background-type":"","background-media":"","overlay-type":"","overlay-color":"","overlay-opacity":"","overlay-gradient":""},"mobile":{"background-color":"","background-image":"","background-repeat":"repeat","background-position":"center center","background-size":"auto","background-attachment":"scroll","background-type":"","background-media":"","overlay-type":"","overlay-color":"","overlay-opacity":"","overlay-gradient":""}},"ast-content-background-meta":{"desktop":{"background-color":"var(--ast-global-color-5)","background-image":"","background-repeat":"repeat","background-position":"center center","background-size":"auto","background-attachment":"scroll","background-type":"","background-media":"","overlay-type":"","overlay-color":"","overlay-opacity":"","overlay-gradient":""},"tablet":{"background-color":"var(--ast-global-color-5)","background-image":"","background-repeat":"repeat","background-position":"center center","background-size":"auto","background-attachment":"scroll","background-type":"","background-media":"","overlay-type":"","overlay-color":"","overlay-opacity":"","overlay-gradient":""},"mobile":{"background-color":"var(--ast-global-color-5)","background-image":"","background-repeat":"repeat","background-position":"center center","background-size":"auto","background-attachment":"scroll","background-type":"","background-media":"","overlay-type":"","overlay-color":"","overlay-opacity":"","overlay-gradient":""}},"footnotes":""},"class_list":["post-17660","page","type-page","status-publish","hentry"],"acf":[],"yoast_head":"<!-- This site is optimized with the Yoast SEO plugin v27.4 - https:\/\/yoast.com\/product\/yoast-seo-wordpress\/ -->\n<title>Basi per l&#039;applicazione dell&#039;EMDR con REMSTIM 3000<\/title>\n<meta name=\"description\" content=\"La stimolazione rapida dei movimenti oculari \u00e8 il principale metodo di intervento dell&#039;EMDR. Il REMSTIM 3000 \u00e8 un dispositivo EMDR di provata efficacia.\" \/>\n<meta name=\"robots\" content=\"index, follow, max-snippet:-1, max-image-preview:large, max-video-preview:-1\" \/>\n<link rel=\"canonical\" href=\"https:\/\/remstim.com\/it\/fondamenti-dellutilizzo-dellemdr-nel-coaching-con-il-remstim-3000\/\" \/>\n<meta property=\"og:locale\" content=\"it_IT\" \/>\n<meta property=\"og:type\" content=\"article\" \/>\n<meta property=\"og:title\" content=\"Basi per l&#039;applicazione dell&#039;EMDR con REMSTIM 3000\" \/>\n<meta property=\"og:description\" content=\"La stimolazione rapida dei movimenti oculari \u00e8 il principale metodo di intervento dell&#039;EMDR. Il REMSTIM 3000 \u00e8 un dispositivo EMDR di provata efficacia.\" \/>\n<meta property=\"og:url\" content=\"https:\/\/remstim.com\/it\/fondamenti-dellutilizzo-dellemdr-nel-coaching-con-il-remstim-3000\/\" \/>\n<meta property=\"og:site_name\" content=\"EMDR Ger\u00e4t REMSTIM 3000 gegen Stress\" \/>\n<meta property=\"article:modified_time\" content=\"2023-09-15T06:58:33+00:00\" \/>\n<meta property=\"og:image\" content=\"https:\/\/remstim.com\/wp-content\/uploads\/2011\/03\/Nervenbahnen.jpg\" \/>\n<meta name=\"twitter:label1\" content=\"Tempo di lettura stimato\" \/>\n\t<meta name=\"twitter:data1\" content=\"2 minuti\" \/>\n<script type=\"application\/ld+json\" class=\"yoast-schema-graph\">{\"@context\":\"https:\\\/\\\/schema.org\",\"@graph\":[{\"@type\":\"WebPage\",\"@id\":\"https:\\\/\\\/remstim.com\\\/it\\\/fondamenti-dellutilizzo-dellemdr-nel-coaching-con-il-remstim-3000\\\/\",\"url\":\"https:\\\/\\\/remstim.com\\\/it\\\/fondamenti-dellutilizzo-dellemdr-nel-coaching-con-il-remstim-3000\\\/\",\"name\":\"Basi per l'applicazione dell'EMDR con REMSTIM 3000\",\"isPartOf\":{\"@id\":\"https:\\\/\\\/remstim.com\\\/it\\\/#website\"},\"primaryImageOfPage\":{\"@id\":\"https:\\\/\\\/remstim.com\\\/it\\\/fondamenti-dellutilizzo-dellemdr-nel-coaching-con-il-remstim-3000\\\/#primaryimage\"},\"image\":{\"@id\":\"https:\\\/\\\/remstim.com\\\/it\\\/fondamenti-dellutilizzo-dellemdr-nel-coaching-con-il-remstim-3000\\\/#primaryimage\"},\"thumbnailUrl\":\"https:\\\/\\\/remstim.com\\\/wp-content\\\/uploads\\\/2011\\\/03\\\/Nervenbahnen.jpg\",\"datePublished\":\"2011-03-14T11:12:43+00:00\",\"dateModified\":\"2023-09-15T06:58:33+00:00\",\"description\":\"La stimolazione rapida dei movimenti oculari \u00e8 il principale metodo di intervento dell'EMDR. Il REMSTIM 3000 \u00e8 un dispositivo EMDR di provata efficacia.\",\"breadcrumb\":{\"@id\":\"https:\\\/\\\/remstim.com\\\/it\\\/fondamenti-dellutilizzo-dellemdr-nel-coaching-con-il-remstim-3000\\\/#breadcrumb\"},\"inLanguage\":\"it-IT\",\"potentialAction\":[{\"@type\":\"ReadAction\",\"target\":[\"https:\\\/\\\/remstim.com\\\/it\\\/fondamenti-dellutilizzo-dellemdr-nel-coaching-con-il-remstim-3000\\\/\"]}]},{\"@type\":\"ImageObject\",\"inLanguage\":\"it-IT\",\"@id\":\"https:\\\/\\\/remstim.com\\\/it\\\/fondamenti-dellutilizzo-dellemdr-nel-coaching-con-il-remstim-3000\\\/#primaryimage\",\"url\":\"https:\\\/\\\/remstim.com\\\/wp-content\\\/uploads\\\/2011\\\/03\\\/Nervenbahnen.jpg\",\"contentUrl\":\"https:\\\/\\\/remstim.com\\\/wp-content\\\/uploads\\\/2011\\\/03\\\/Nervenbahnen.jpg\"},{\"@type\":\"BreadcrumbList\",\"@id\":\"https:\\\/\\\/remstim.com\\\/it\\\/fondamenti-dellutilizzo-dellemdr-nel-coaching-con-il-remstim-3000\\\/#breadcrumb\",\"itemListElement\":[{\"@type\":\"ListItem\",\"position\":1,\"name\":\"Startseite\",\"item\":\"https:\\\/\\\/remstim.com\\\/it\\\/\"},{\"@type\":\"ListItem\",\"position\":2,\"name\":\"Fondamenti dell&#8217;utilizzo dell&#8217;EMDR nel coaching con il REMSTIM 3000\"}]},{\"@type\":\"WebSite\",\"@id\":\"https:\\\/\\\/remstim.com\\\/it\\\/#website\",\"url\":\"https:\\\/\\\/remstim.com\\\/it\\\/\",\"name\":\"EMDR Ger\u00e4t REMSTIM 3000 gegen Stress\",\"description\":\"Wie wir schnell Entspannung finden.\",\"publisher\":{\"@id\":\"https:\\\/\\\/remstim.com\\\/it\\\/#organization\"},\"potentialAction\":[{\"@type\":\"SearchAction\",\"target\":{\"@type\":\"EntryPoint\",\"urlTemplate\":\"https:\\\/\\\/remstim.com\\\/it\\\/?s={search_term_string}\"},\"query-input\":{\"@type\":\"PropertyValueSpecification\",\"valueRequired\":true,\"valueName\":\"search_term_string\"}}],\"inLanguage\":\"it-IT\"},{\"@type\":\"Organization\",\"@id\":\"https:\\\/\\\/remstim.com\\\/it\\\/#organization\",\"name\":\"EMDR Ger\u00e4t REMSTIM 3000 gegen Stress\",\"url\":\"https:\\\/\\\/remstim.com\\\/it\\\/\",\"logo\":{\"@type\":\"ImageObject\",\"inLanguage\":\"it-IT\",\"@id\":\"https:\\\/\\\/remstim.com\\\/it\\\/#\\\/schema\\\/logo\\\/image\\\/\",\"url\":\"https:\\\/\\\/remstim.com\\\/wp-content\\\/uploads\\\/2012\\\/06\\\/REMSTIM-Logo-mit-Untertitel_orange-e1340382850185.png\",\"contentUrl\":\"https:\\\/\\\/remstim.com\\\/wp-content\\\/uploads\\\/2012\\\/06\\\/REMSTIM-Logo-mit-Untertitel_orange-e1340382850185.png\",\"width\":304,\"height\":80,\"caption\":\"EMDR Ger\u00e4t REMSTIM 3000 gegen Stress\"},\"image\":{\"@id\":\"https:\\\/\\\/remstim.com\\\/it\\\/#\\\/schema\\\/logo\\\/image\\\/\"}}]}<\/script>\n<!-- \/ Yoast SEO plugin. -->","yoast_head_json":{"title":"Basi per l'applicazione dell'EMDR con REMSTIM 3000","description":"La stimolazione rapida dei movimenti oculari \u00e8 il principale metodo di intervento dell'EMDR. Il REMSTIM 3000 \u00e8 un dispositivo EMDR di provata efficacia.","robots":{"index":"index","follow":"follow","max-snippet":"max-snippet:-1","max-image-preview":"max-image-preview:large","max-video-preview":"max-video-preview:-1"},"canonical":"https:\/\/remstim.com\/it\/fondamenti-dellutilizzo-dellemdr-nel-coaching-con-il-remstim-3000\/","og_locale":"it_IT","og_type":"article","og_title":"Basi per l'applicazione dell'EMDR con REMSTIM 3000","og_description":"La stimolazione rapida dei movimenti oculari \u00e8 il principale metodo di intervento dell'EMDR. Il REMSTIM 3000 \u00e8 un dispositivo EMDR di provata efficacia.","og_url":"https:\/\/remstim.com\/it\/fondamenti-dellutilizzo-dellemdr-nel-coaching-con-il-remstim-3000\/","og_site_name":"EMDR Ger\u00e4t REMSTIM 3000 gegen Stress","article_modified_time":"2023-09-15T06:58:33+00:00","og_image":[{"url":"https:\/\/remstim.com\/wp-content\/uploads\/2011\/03\/Nervenbahnen.jpg","type":"","width":"","height":""}],"twitter_misc":{"Tempo di lettura stimato":"2 minuti"},"schema":{"@context":"https:\/\/schema.org","@graph":[{"@type":"WebPage","@id":"https:\/\/remstim.com\/it\/fondamenti-dellutilizzo-dellemdr-nel-coaching-con-il-remstim-3000\/","url":"https:\/\/remstim.com\/it\/fondamenti-dellutilizzo-dellemdr-nel-coaching-con-il-remstim-3000\/","name":"Basi per l'applicazione dell'EMDR con REMSTIM 3000","isPartOf":{"@id":"https:\/\/remstim.com\/it\/#website"},"primaryImageOfPage":{"@id":"https:\/\/remstim.com\/it\/fondamenti-dellutilizzo-dellemdr-nel-coaching-con-il-remstim-3000\/#primaryimage"},"image":{"@id":"https:\/\/remstim.com\/it\/fondamenti-dellutilizzo-dellemdr-nel-coaching-con-il-remstim-3000\/#primaryimage"},"thumbnailUrl":"https:\/\/remstim.com\/wp-content\/uploads\/2011\/03\/Nervenbahnen.jpg","datePublished":"2011-03-14T11:12:43+00:00","dateModified":"2023-09-15T06:58:33+00:00","description":"La stimolazione rapida dei movimenti oculari \u00e8 il principale metodo di intervento dell'EMDR. Il REMSTIM 3000 \u00e8 un dispositivo EMDR di provata efficacia.","breadcrumb":{"@id":"https:\/\/remstim.com\/it\/fondamenti-dellutilizzo-dellemdr-nel-coaching-con-il-remstim-3000\/#breadcrumb"},"inLanguage":"it-IT","potentialAction":[{"@type":"ReadAction","target":["https:\/\/remstim.com\/it\/fondamenti-dellutilizzo-dellemdr-nel-coaching-con-il-remstim-3000\/"]}]},{"@type":"ImageObject","inLanguage":"it-IT","@id":"https:\/\/remstim.com\/it\/fondamenti-dellutilizzo-dellemdr-nel-coaching-con-il-remstim-3000\/#primaryimage","url":"https:\/\/remstim.com\/wp-content\/uploads\/2011\/03\/Nervenbahnen.jpg","contentUrl":"https:\/\/remstim.com\/wp-content\/uploads\/2011\/03\/Nervenbahnen.jpg"},{"@type":"BreadcrumbList","@id":"https:\/\/remstim.com\/it\/fondamenti-dellutilizzo-dellemdr-nel-coaching-con-il-remstim-3000\/#breadcrumb","itemListElement":[{"@type":"ListItem","position":1,"name":"Startseite","item":"https:\/\/remstim.com\/it\/"},{"@type":"ListItem","position":2,"name":"Fondamenti dell&#8217;utilizzo dell&#8217;EMDR nel coaching con il REMSTIM 3000"}]},{"@type":"WebSite","@id":"https:\/\/remstim.com\/it\/#website","url":"https:\/\/remstim.com\/it\/","name":"EMDR Ger\u00e4t REMSTIM 3000 gegen Stress","description":"Wie wir schnell Entspannung finden.","publisher":{"@id":"https:\/\/remstim.com\/it\/#organization"},"potentialAction":[{"@type":"SearchAction","target":{"@type":"EntryPoint","urlTemplate":"https:\/\/remstim.com\/it\/?s={search_term_string}"},"query-input":{"@type":"PropertyValueSpecification","valueRequired":true,"valueName":"search_term_string"}}],"inLanguage":"it-IT"},{"@type":"Organization","@id":"https:\/\/remstim.com\/it\/#organization","name":"EMDR Ger\u00e4t REMSTIM 3000 gegen Stress","url":"https:\/\/remstim.com\/it\/","logo":{"@type":"ImageObject","inLanguage":"it-IT","@id":"https:\/\/remstim.com\/it\/#\/schema\/logo\/image\/","url":"https:\/\/remstim.com\/wp-content\/uploads\/2012\/06\/REMSTIM-Logo-mit-Untertitel_orange-e1340382850185.png","contentUrl":"https:\/\/remstim.com\/wp-content\/uploads\/2012\/06\/REMSTIM-Logo-mit-Untertitel_orange-e1340382850185.png","width":304,"height":80,"caption":"EMDR Ger\u00e4t REMSTIM 3000 gegen Stress"},"image":{"@id":"https:\/\/remstim.com\/it\/#\/schema\/logo\/image\/"}}]}},"_links":{"self":[{"href":"https:\/\/remstim.com\/it\/wp-json\/wp\/v2\/pages\/17660","targetHints":{"allow":["GET"]}}],"collection":[{"href":"https:\/\/remstim.com\/it\/wp-json\/wp\/v2\/pages"}],"about":[{"href":"https:\/\/remstim.com\/it\/wp-json\/wp\/v2\/types\/page"}],"author":[{"embeddable":true,"href":"https:\/\/remstim.com\/it\/wp-json\/wp\/v2\/users\/1"}],"replies":[{"embeddable":true,"href":"https:\/\/remstim.com\/it\/wp-json\/wp\/v2\/comments?post=17660"}],"version-history":[{"count":0,"href":"https:\/\/remstim.com\/it\/wp-json\/wp\/v2\/pages\/17660\/revisions"}],"wp:attachment":[{"href":"https:\/\/remstim.com\/it\/wp-json\/wp\/v2\/media?parent=17660"}],"curies":[{"name":"wp","href":"https:\/\/api.w.org\/{rel}","templated":true}]}}