{"id":17662,"date":"2011-05-03T15:42:43","date_gmt":"2011-05-03T15:42:43","guid":{"rendered":"https:\/\/remstim.de\/creare-chiarezza-di-intenti-e-risolvere-i-conflitti\/"},"modified":"2023-09-15T07:29:45","modified_gmt":"2023-09-15T07:29:45","slug":"creare-chiarezza-di-intenti-e-risolvere-i-conflitti","status":"publish","type":"page","link":"https:\/\/remstim.com\/it\/aree-di-applicazione-dellemdr-nel-coaching\/creare-chiarezza-di-intenti-e-risolvere-i-conflitti\/","title":{"rendered":"Creare chiarezza di intenti e risolvere i conflitti"},"content":{"rendered":"<h1 style=\"text-align: justify;\">Creare chiarezza sugli obiettivi e risolvere i conflitti con l&#8217;EMDR nell&#8217;auto-coaching<\/h1>\n<p style=\"text-align: justify;\">Avere un obiettivo chiaro in mente \u00e8 una sensazione sublime e motivante. La visione di un futuro cambiato gioca un ruolo decisivo. Siete voi stessi a rimodellare il vostro ambiente nello stato desiderato. Solo l&#8217;idea di come il cambiamento, lo stato finale positivo, sia raggiunto attraverso l&#8217;azione personale rende orgogliosi.<\/p>\n<p style=\"text-align: justify;\">Nella nostra mente si forma un obiettivo: Vediamo davanti al nostro occhio interiore il periodo di tempo in cui vogliamo raggiungerlo. Stabiliamo obiettivi parziali e il loro grado di realizzazione. E anticipiamo i possibili ostacoli che devono essere eliminati. E mettetevi al lavoro.<\/p>\n<p style=\"text-align: justify;\">Tutto questo si ripercuote sulla nostra voglia di fare e sul nostro benessere. Gli obiettivi sono importanti per la nostra stabilit\u00e0 psicologica. Gli obiettivi ci danno struttura e significato. Equipariamo il loro raggiungimento alla felicit\u00e0.<\/p>\n<p style=\"text-align: justify;\">Ma guai a chi non ha pi\u00f9 obiettivi o a chi spesso non li raggiunge. Cos\u00ec alcune persone non partono nemmeno pi\u00f9 per qualcosa di nuovo. Per lui la sola idea di un&#8217;altra sconfitta \u00e8 troppo frustrante. I blocchi mentali lo rallentano e creano strategie astute per una presunta protezione.<\/p>\n<p style=\"text-align: justify;\">Poi ci sono quelli che perseguono innumerevoli obiettivi fino a dimenticare come si possa notare che li hanno raggiunti. E gli obiettivi impossibili proteggono dalla sconfitta, ma non rendono nemmeno felici.<\/p>\n<p style=\"text-align: justify;\">L&#8217;assenza di ambivalenza \u00e8 necessaria per un obiettivo chiaro e per la sua realizzazione. L&#8217;ambivalenza \u00e8 la ben nota sensazione di dualit\u00e0. Almeno due cose, o molte, sono ugualmente importanti e molto pi\u00f9 cruciali: nessuna di esse sembra compatibile con le altre. Le persone che hanno dentro di s\u00e9 questo sentimento raramente riescono a prendere una decisione o a cercare di occuparsi di tutto allo stesso tempo. Cos\u00ec o costringe l&#8217;uomo all&#8217;inazione o lo spinge all&#8217;azionismo.<\/p>\n<p style=\"text-align: justify;\">Psicologicamente, lo percepisce come un conflitto. Sia internamente con se stesso e i suoi desideri che si escludono a vicenda, sia esternamente con coloro che lo circondano e che possono solo sopportare i suoi tentennamenti o i suoi giri di parole scuotendo la testa.<\/p>\n<p style=\"text-align: justify;\">A prescindere dall&#8217;intensit\u00e0 con cui si vive l&#8217;ambiguit\u00e0 dei propri obiettivi, a tutti piace ricordare quanto ci si senta rinfrescati dalla propria chiarezza di intenti. Senza dubbi e conflitti, entriamo nel sentiero e muoviamo i primi incrollabili passi.<\/p>\n<p style=\"text-align: justify;\">Attraverso la <a href=\"https:\/\/remstim.com\/it\/fondamenti-dellutilizzo-dellemdr-nel-coaching-con-il-remstim-3000\/stimolazione-dei-movimenti-oculari-rapidi\/\">Stimolazione Rapida dei Movimenti Oculari<\/a> &#8211; l&#8217;intervento di base dell&#8217;<a title=\"EMDR - Desensibilizzazione e rielaborazione attraverso i movimenti oculari\" href=\"https:\/\/remstim.com\/it\/emdr-desensibilizzazione-e-rielaborazione-attraverso-i-movimenti-oculari\/\">EMDR<\/a> &#8211; \u00e8 possibile placare i sentimenti esuberanti e ridurre le emozioni di dubbio. Anche l&#8217;ambivalenza pu\u00f2 lasciare il posto a una nuova capacit\u00e0 di prendere decisioni e le cose importanti possono finalmente essere riconosciute come tali. Tutto questo crea spazio per nuovi pensieri positivi che ispirano le nostre azioni. In questi momenti, i desideri germogliano particolarmente bene. Quelli vecchi si risvegliano di nuovo e quelli precedentemente impensati sono appena nati.<\/p>\n<p style=\"text-align: justify;\">Andiamo!<\/p>\n<hr class=\"divider-html\" style=\"border-top: 1px solid #bbb; margin-top: 30px; margin-bottom: 30px;\">\n<h2>Per saperne di pi\u00f9 sull&#8217;EMDR<\/h2>\n\t\t<div data-elementor-type=\"section\" data-elementor-id=\"18255\" class=\"elementor elementor-18255 elementor-9347\" data-elementor-post-type=\"elementor_library\">\n\t\t\t\t\t<section class=\"elementor-section elementor-top-section elementor-element elementor-element-619a94b elementor-section-full_width elementor-section-height-default elementor-section-height-default\" data-id=\"619a94b\" data-element_type=\"section\" data-e-type=\"section\">\n\t\t\t\t\t\t<div class=\"elementor-container elementor-column-gap-no\">\n\t\t\t\t\t<div class=\"elementor-column elementor-col-100 elementor-top-column elementor-element elementor-element-dd78573\" data-id=\"dd78573\" data-element_type=\"column\" data-e-type=\"column\">\n\t\t\t<div class=\"elementor-widget-wrap elementor-element-populated\">\n\t\t\t\t\t\t<section class=\"elementor-section elementor-inner-section elementor-element elementor-element-0209641 elementor-section-full_width elementor-section-height-default elementor-section-height-default\" data-id=\"0209641\" data-element_type=\"section\" data-e-type=\"section\">\n\t\t\t\t\t\t<div class=\"elementor-container elementor-column-gap-default\">\n\t\t\t\t\t<div class=\"elementor-column elementor-col-100 elementor-inner-column elementor-element elementor-element-38da17f\" data-id=\"38da17f\" data-element_type=\"column\" data-e-type=\"column\">\n\t\t\t<div class=\"elementor-widget-wrap elementor-element-populated\">\n\t\t\t\t\t\t\t<\/div>\n\t\t<\/div>\n\t\t\t\t\t<\/div>\n\t\t<\/section>\n\t\t\t\t\t<\/div>\n\t\t<\/div>\n\t\t\t\t\t<\/div>\n\t\t<\/section>\n\t\t\t\t<\/div>\n\t\t\n","protected":false},"excerpt":{"rendered":"<p>Creare chiarezza sugli obiettivi e risolvere i conflitti con l&#8217;EMDR nell&#8217;auto-coaching Avere un obiettivo chiaro in mente \u00e8 una sensazione sublime e motivante. La visione di un futuro cambiato gioca un ruolo decisivo. Siete voi stessi a rimodellare il vostro ambiente nello stato desiderato. Solo l&#8217;idea di come il cambiamento, lo stato finale positivo, sia [&hellip;]<\/p>\n","protected":false},"author":1,"featured_media":0,"parent":17663,"menu_order":4,"comment_status":"closed","ping_status":"closed","template":"","meta":{"_acf_changed":false,"site-sidebar-layout":"default","site-content-layout":"default","ast-site-content-layout":"default","site-content-style":"default","site-sidebar-style":"default","ast-global-header-display":"","ast-banner-title-visibility":"","ast-main-header-display":"","ast-hfb-above-header-display":"","ast-hfb-below-header-display":"","ast-hfb-mobile-header-display":"","site-post-title":"","ast-breadcrumbs-content":"","ast-featured-img":"","footer-sml-layout":"","ast-disable-related-posts":"","theme-transparent-header-meta":"default","adv-header-id-meta":"","stick-header-meta":"default","header-above-stick-meta":"","header-main-stick-meta":"","header-below-stick-meta":"","astra-migrate-meta-layouts":"default","ast-page-background-enabled":"default","ast-page-background-meta":{"desktop":{"background-color":"var(--ast-global-color-4)","background-image":"","background-repeat":"repeat","background-position":"center center","background-size":"auto","background-attachment":"scroll","background-type":"","background-media":"","overlay-type":"","overlay-color":"","overlay-opacity":"","overlay-gradient":""},"tablet":{"background-color":"","background-image":"","background-repeat":"repeat","background-position":"center center","background-size":"auto","background-attachment":"scroll","background-type":"","background-media":"","overlay-type":"","overlay-color":"","overlay-opacity":"","overlay-gradient":""},"mobile":{"background-color":"","background-image":"","background-repeat":"repeat","background-position":"center center","background-size":"auto","background-attachment":"scroll","background-type":"","background-media":"","overlay-type":"","overlay-color":"","overlay-opacity":"","overlay-gradient":""}},"ast-content-background-meta":{"desktop":{"background-color":"var(--ast-global-color-5)","background-image":"","background-repeat":"repeat","background-position":"center center","background-size":"auto","background-attachment":"scroll","background-type":"","background-media":"","overlay-type":"","overlay-color":"","overlay-opacity":"","overlay-gradient":""},"tablet":{"background-color":"var(--ast-global-color-5)","background-image":"","background-repeat":"repeat","background-position":"center center","background-size":"auto","background-attachment":"scroll","background-type":"","background-media":"","overlay-type":"","overlay-color":"","overlay-opacity":"","overlay-gradient":""},"mobile":{"background-color":"var(--ast-global-color-5)","background-image":"","background-repeat":"repeat","background-position":"center center","background-size":"auto","background-attachment":"scroll","background-type":"","background-media":"","overlay-type":"","overlay-color":"","overlay-opacity":"","overlay-gradient":""}},"footnotes":""},"class_list":["post-17662","page","type-page","status-publish","hentry"],"acf":[],"yoast_head":"<!-- This site is optimized with the Yoast SEO plugin v27.3 - https:\/\/yoast.com\/product\/yoast-seo-wordpress\/ -->\n<title>Creare chiarezza di intenti e risolvere i conflitti - EMDR Ger\u00e4t REMSTIM 3000 gegen Stress<\/title>\n<meta name=\"robots\" content=\"index, follow, max-snippet:-1, max-image-preview:large, max-video-preview:-1\" \/>\n<link rel=\"canonical\" href=\"https:\/\/remstim.com\/it\/aree-di-applicazione-dellemdr-nel-coaching\/creare-chiarezza-di-intenti-e-risolvere-i-conflitti\/\" \/>\n<meta property=\"og:locale\" content=\"it_IT\" \/>\n<meta property=\"og:type\" content=\"article\" \/>\n<meta property=\"og:title\" content=\"Creare chiarezza di intenti e risolvere i conflitti - EMDR Ger\u00e4t REMSTIM 3000 gegen Stress\" \/>\n<meta property=\"og:description\" content=\"Creare chiarezza sugli obiettivi e risolvere i conflitti con l&#8217;EMDR nell&#8217;auto-coaching Avere un obiettivo chiaro in mente \u00e8 una sensazione sublime e motivante. La visione di un futuro cambiato gioca un ruolo decisivo. Siete voi stessi a rimodellare il vostro ambiente nello stato desiderato. Solo l&#8217;idea di come il cambiamento, lo stato finale positivo, sia [&hellip;]\" \/>\n<meta property=\"og:url\" content=\"https:\/\/remstim.com\/it\/aree-di-applicazione-dellemdr-nel-coaching\/creare-chiarezza-di-intenti-e-risolvere-i-conflitti\/\" \/>\n<meta property=\"og:site_name\" content=\"EMDR Ger\u00e4t REMSTIM 3000 gegen Stress\" \/>\n<meta property=\"article:modified_time\" content=\"2023-09-15T07:29:45+00:00\" \/>\n<meta name=\"twitter:label1\" content=\"Tempo di lettura stimato\" \/>\n\t<meta name=\"twitter:data1\" content=\"3 minuti\" \/>\n<script type=\"application\/ld+json\" class=\"yoast-schema-graph\">{\"@context\":\"https:\\\/\\\/schema.org\",\"@graph\":[{\"@type\":\"WebPage\",\"@id\":\"https:\\\/\\\/remstim.com\\\/it\\\/aree-di-applicazione-dellemdr-nel-coaching\\\/creare-chiarezza-di-intenti-e-risolvere-i-conflitti\\\/\",\"url\":\"https:\\\/\\\/remstim.com\\\/it\\\/aree-di-applicazione-dellemdr-nel-coaching\\\/creare-chiarezza-di-intenti-e-risolvere-i-conflitti\\\/\",\"name\":\"Creare chiarezza di intenti e risolvere i conflitti - EMDR Ger\u00e4t REMSTIM 3000 gegen Stress\",\"isPartOf\":{\"@id\":\"https:\\\/\\\/remstim.com\\\/it\\\/#website\"},\"datePublished\":\"2011-05-03T15:42:43+00:00\",\"dateModified\":\"2023-09-15T07:29:45+00:00\",\"breadcrumb\":{\"@id\":\"https:\\\/\\\/remstim.com\\\/it\\\/aree-di-applicazione-dellemdr-nel-coaching\\\/creare-chiarezza-di-intenti-e-risolvere-i-conflitti\\\/#breadcrumb\"},\"inLanguage\":\"it-IT\",\"potentialAction\":[{\"@type\":\"ReadAction\",\"target\":[\"https:\\\/\\\/remstim.com\\\/it\\\/aree-di-applicazione-dellemdr-nel-coaching\\\/creare-chiarezza-di-intenti-e-risolvere-i-conflitti\\\/\"]}]},{\"@type\":\"BreadcrumbList\",\"@id\":\"https:\\\/\\\/remstim.com\\\/it\\\/aree-di-applicazione-dellemdr-nel-coaching\\\/creare-chiarezza-di-intenti-e-risolvere-i-conflitti\\\/#breadcrumb\",\"itemListElement\":[{\"@type\":\"ListItem\",\"position\":1,\"name\":\"Startseite\",\"item\":\"https:\\\/\\\/remstim.com\\\/it\\\/\"},{\"@type\":\"ListItem\",\"position\":2,\"name\":\"Aree di applicazione dell&#8217;EMDR nel coaching\",\"item\":\"https:\\\/\\\/remstim.com\\\/it\\\/aree-di-applicazione-dellemdr-nel-coaching\\\/\"},{\"@type\":\"ListItem\",\"position\":3,\"name\":\"Creare chiarezza di intenti e risolvere i conflitti\"}]},{\"@type\":\"WebSite\",\"@id\":\"https:\\\/\\\/remstim.com\\\/it\\\/#website\",\"url\":\"https:\\\/\\\/remstim.com\\\/it\\\/\",\"name\":\"EMDR Ger\u00e4t REMSTIM 3000 gegen Stress\",\"description\":\"Wie wir schnell Entspannung finden.\",\"publisher\":{\"@id\":\"https:\\\/\\\/remstim.com\\\/it\\\/#organization\"},\"potentialAction\":[{\"@type\":\"SearchAction\",\"target\":{\"@type\":\"EntryPoint\",\"urlTemplate\":\"https:\\\/\\\/remstim.com\\\/it\\\/?s={search_term_string}\"},\"query-input\":{\"@type\":\"PropertyValueSpecification\",\"valueRequired\":true,\"valueName\":\"search_term_string\"}}],\"inLanguage\":\"it-IT\"},{\"@type\":\"Organization\",\"@id\":\"https:\\\/\\\/remstim.com\\\/it\\\/#organization\",\"name\":\"EMDR Ger\u00e4t REMSTIM 3000 gegen Stress\",\"url\":\"https:\\\/\\\/remstim.com\\\/it\\\/\",\"logo\":{\"@type\":\"ImageObject\",\"inLanguage\":\"it-IT\",\"@id\":\"https:\\\/\\\/remstim.com\\\/it\\\/#\\\/schema\\\/logo\\\/image\\\/\",\"url\":\"https:\\\/\\\/remstim.com\\\/wp-content\\\/uploads\\\/2012\\\/06\\\/REMSTIM-Logo-mit-Untertitel_orange-e1340382850185.png\",\"contentUrl\":\"https:\\\/\\\/remstim.com\\\/wp-content\\\/uploads\\\/2012\\\/06\\\/REMSTIM-Logo-mit-Untertitel_orange-e1340382850185.png\",\"width\":304,\"height\":80,\"caption\":\"EMDR Ger\u00e4t REMSTIM 3000 gegen Stress\"},\"image\":{\"@id\":\"https:\\\/\\\/remstim.com\\\/it\\\/#\\\/schema\\\/logo\\\/image\\\/\"}}]}<\/script>\n<!-- \/ Yoast SEO plugin. -->","yoast_head_json":{"title":"Creare chiarezza di intenti e risolvere i conflitti - EMDR Ger\u00e4t REMSTIM 3000 gegen Stress","robots":{"index":"index","follow":"follow","max-snippet":"max-snippet:-1","max-image-preview":"max-image-preview:large","max-video-preview":"max-video-preview:-1"},"canonical":"https:\/\/remstim.com\/it\/aree-di-applicazione-dellemdr-nel-coaching\/creare-chiarezza-di-intenti-e-risolvere-i-conflitti\/","og_locale":"it_IT","og_type":"article","og_title":"Creare chiarezza di intenti e risolvere i conflitti - EMDR Ger\u00e4t REMSTIM 3000 gegen Stress","og_description":"Creare chiarezza sugli obiettivi e risolvere i conflitti con l&#8217;EMDR nell&#8217;auto-coaching Avere un obiettivo chiaro in mente \u00e8 una sensazione sublime e motivante. La visione di un futuro cambiato gioca un ruolo decisivo. Siete voi stessi a rimodellare il vostro ambiente nello stato desiderato. Solo l&#8217;idea di come il cambiamento, lo stato finale positivo, sia [&hellip;]","og_url":"https:\/\/remstim.com\/it\/aree-di-applicazione-dellemdr-nel-coaching\/creare-chiarezza-di-intenti-e-risolvere-i-conflitti\/","og_site_name":"EMDR Ger\u00e4t REMSTIM 3000 gegen Stress","article_modified_time":"2023-09-15T07:29:45+00:00","twitter_misc":{"Tempo di lettura stimato":"3 minuti"},"schema":{"@context":"https:\/\/schema.org","@graph":[{"@type":"WebPage","@id":"https:\/\/remstim.com\/it\/aree-di-applicazione-dellemdr-nel-coaching\/creare-chiarezza-di-intenti-e-risolvere-i-conflitti\/","url":"https:\/\/remstim.com\/it\/aree-di-applicazione-dellemdr-nel-coaching\/creare-chiarezza-di-intenti-e-risolvere-i-conflitti\/","name":"Creare chiarezza di intenti e risolvere i conflitti - EMDR Ger\u00e4t REMSTIM 3000 gegen Stress","isPartOf":{"@id":"https:\/\/remstim.com\/it\/#website"},"datePublished":"2011-05-03T15:42:43+00:00","dateModified":"2023-09-15T07:29:45+00:00","breadcrumb":{"@id":"https:\/\/remstim.com\/it\/aree-di-applicazione-dellemdr-nel-coaching\/creare-chiarezza-di-intenti-e-risolvere-i-conflitti\/#breadcrumb"},"inLanguage":"it-IT","potentialAction":[{"@type":"ReadAction","target":["https:\/\/remstim.com\/it\/aree-di-applicazione-dellemdr-nel-coaching\/creare-chiarezza-di-intenti-e-risolvere-i-conflitti\/"]}]},{"@type":"BreadcrumbList","@id":"https:\/\/remstim.com\/it\/aree-di-applicazione-dellemdr-nel-coaching\/creare-chiarezza-di-intenti-e-risolvere-i-conflitti\/#breadcrumb","itemListElement":[{"@type":"ListItem","position":1,"name":"Startseite","item":"https:\/\/remstim.com\/it\/"},{"@type":"ListItem","position":2,"name":"Aree di applicazione dell&#8217;EMDR nel coaching","item":"https:\/\/remstim.com\/it\/aree-di-applicazione-dellemdr-nel-coaching\/"},{"@type":"ListItem","position":3,"name":"Creare chiarezza di intenti e risolvere i conflitti"}]},{"@type":"WebSite","@id":"https:\/\/remstim.com\/it\/#website","url":"https:\/\/remstim.com\/it\/","name":"EMDR Ger\u00e4t REMSTIM 3000 gegen Stress","description":"Wie wir schnell Entspannung finden.","publisher":{"@id":"https:\/\/remstim.com\/it\/#organization"},"potentialAction":[{"@type":"SearchAction","target":{"@type":"EntryPoint","urlTemplate":"https:\/\/remstim.com\/it\/?s={search_term_string}"},"query-input":{"@type":"PropertyValueSpecification","valueRequired":true,"valueName":"search_term_string"}}],"inLanguage":"it-IT"},{"@type":"Organization","@id":"https:\/\/remstim.com\/it\/#organization","name":"EMDR Ger\u00e4t REMSTIM 3000 gegen Stress","url":"https:\/\/remstim.com\/it\/","logo":{"@type":"ImageObject","inLanguage":"it-IT","@id":"https:\/\/remstim.com\/it\/#\/schema\/logo\/image\/","url":"https:\/\/remstim.com\/wp-content\/uploads\/2012\/06\/REMSTIM-Logo-mit-Untertitel_orange-e1340382850185.png","contentUrl":"https:\/\/remstim.com\/wp-content\/uploads\/2012\/06\/REMSTIM-Logo-mit-Untertitel_orange-e1340382850185.png","width":304,"height":80,"caption":"EMDR Ger\u00e4t REMSTIM 3000 gegen Stress"},"image":{"@id":"https:\/\/remstim.com\/it\/#\/schema\/logo\/image\/"}}]}},"_links":{"self":[{"href":"https:\/\/remstim.com\/it\/wp-json\/wp\/v2\/pages\/17662","targetHints":{"allow":["GET"]}}],"collection":[{"href":"https:\/\/remstim.com\/it\/wp-json\/wp\/v2\/pages"}],"about":[{"href":"https:\/\/remstim.com\/it\/wp-json\/wp\/v2\/types\/page"}],"author":[{"embeddable":true,"href":"https:\/\/remstim.com\/it\/wp-json\/wp\/v2\/users\/1"}],"replies":[{"embeddable":true,"href":"https:\/\/remstim.com\/it\/wp-json\/wp\/v2\/comments?post=17662"}],"version-history":[{"count":0,"href":"https:\/\/remstim.com\/it\/wp-json\/wp\/v2\/pages\/17662\/revisions"}],"up":[{"embeddable":true,"href":"https:\/\/remstim.com\/it\/wp-json\/wp\/v2\/pages\/17663"}],"wp:attachment":[{"href":"https:\/\/remstim.com\/it\/wp-json\/wp\/v2\/media?parent=17662"}],"curies":[{"name":"wp","href":"https:\/\/api.w.org\/{rel}","templated":true}]}}