{"id":17663,"date":"2011-03-14T11:09:48","date_gmt":"2011-03-14T11:09:48","guid":{"rendered":"https:\/\/remstim.de\/aree-di-applicazione-dellemdr-nel-coaching\/"},"modified":"2023-09-15T06:59:00","modified_gmt":"2023-09-15T06:59:00","slug":"aree-di-applicazione-dellemdr-nel-coaching","status":"publish","type":"page","link":"https:\/\/remstim.com\/it\/aree-di-applicazione-dellemdr-nel-coaching\/","title":{"rendered":"Aree di applicazione dell&#8217;EMDR nel coaching"},"content":{"rendered":"<h1 style=\"text-align: justify;\">Aree di applicazione del coaching EMDR<\/h1>\n<p style=\"text-align: justify;\"><img fetchpriority=\"high\" decoding=\"async\" class=\"alignleft wp-image-8131 \" title=\"Coaching EMDR con il REMSTIM 3000\" src=\"https:\/\/remstim.com\/wp-content\/uploads\/2018\/04\/glueckliche-Frau-dank-EMDR-Selbstcoaching-e1524470283930.jpg\" alt=\"Donna felice grazie all'auto-coaching EMDR\" width=\"381\" height=\"254\">La <a href=\"https:\/\/remstim.com\/it\/fondamenti-dellutilizzo-dellemdr-nel-coaching-con-il-remstim-3000\/stimolazione-dei-movimenti-oculari-rapidi\/\">Stimolazione Rapida dei Movimenti Oculari<\/a> applicata con l&#8217;ausilio del <a title=\"REMSTIM 3000\" href=\"https:\/\/remstim.com\/it\/remstim-3000\/\">REMSTIM 3000<\/a>, che viene utilizzato come intervento di base nell&#8217;ambito del <a title=\"L'EMDR nel self-coaching\" href=\"https:\/\/remstim.com\/it\/fondamenti-dellutilizzo-dellemdr-nel-coaching-con-il-remstim-3000\/utilizzo-dellemdr-nellauto-coaching-con-il-remstim-3000\/\">metodo EMDR<\/a>, pu\u00f2 creare sollievo mentale ed emotivo e aumentare le prestazioni in vari ambiti di applicazione e sostenere nella prevenzione del burnout.<\/p>\n<p style=\"text-align: justify;\">Non si tratta principalmente di comprensione e di nuove intuizioni, ma piuttosto di &#8220;rilassarsi&#8221; rispetto a ci\u00f2 che \u00e8 stato sperimentato. Perch\u00e9 spesso l&#8217;individuo si trova in un cul-de-sac mentale. In questa situazione, i consigli e i nuovi pensieri tendono ad avere un ulteriore effetto di stress e confusione.<\/p>\n<p style=\"text-align: justify;\">Se, invece, i pensieri stressanti perdono la loro minaccia emotiva, spesso si instaura la calma e la compostezza. La fine del rimuginio e dei loop di pensiero pu\u00f2 quindi portare a un profondo distacco interiore. Spesso, poi, nuove soluzioni e alternative appaiono davanti ai nostri occhi come per magia.<\/p>\n<p style=\"text-align: justify;\">Con l&#8217;aiuto del <a href=\"https:\/\/remstim.com\/it\/remstim-3000\/\">REMSTIM 3000<\/a>, l&#8217;applicazione della <a href=\"https:\/\/remstim.com\/it\/fondamenti-dellutilizzo-dellemdr-nel-coaching-con-il-remstim-3000\/stimolazione-dei-movimenti-oculari-rapidi\/\">Stimolazione Rapida dei Movimenti Oculari<\/a> \u00e8 rapida, facile e corretta. Fornisce supporto in numerosi casi.<\/p>\n\t\t<div data-elementor-type=\"section\" data-elementor-id=\"18177\" class=\"elementor elementor-18177 elementor-9748\" data-elementor-post-type=\"elementor_library\">\n\t\t\t\t\t<section class=\"elementor-section elementor-top-section elementor-element elementor-element-3ef49cac elementor-section-full_width elementor-section-height-default elementor-section-height-default\" data-id=\"3ef49cac\" data-element_type=\"section\" data-e-type=\"section\">\n\t\t\t\t\t\t<div class=\"elementor-container elementor-column-gap-no\">\n\t\t\t\t\t<div class=\"elementor-column elementor-col-100 elementor-top-column elementor-element elementor-element-88b794b\" data-id=\"88b794b\" data-element_type=\"column\" data-e-type=\"column\">\n\t\t\t<div class=\"elementor-widget-wrap elementor-element-populated\">\n\t\t\t\t\t\t<section class=\"elementor-section elementor-inner-section elementor-element elementor-element-39cf0032 elementor-section-boxed elementor-section-height-default elementor-section-height-default\" data-id=\"39cf0032\" data-element_type=\"section\" data-e-type=\"section\" data-settings=\"{&quot;background_background&quot;:&quot;classic&quot;}\">\n\t\t\t\t\t\t<div class=\"elementor-container elementor-column-gap-default\">\n\t\t\t\t\t<div class=\"elementor-column elementor-col-100 elementor-inner-column elementor-element elementor-element-24d2522e\" data-id=\"24d2522e\" data-element_type=\"column\" data-e-type=\"column\">\n\t\t\t<div class=\"elementor-widget-wrap elementor-element-populated\">\n\t\t\t\t\t\t<div class=\"elementor-element elementor-element-40127dc3 elementor-widget elementor-widget-heading\" data-id=\"40127dc3\" data-element_type=\"widget\" data-e-type=\"widget\" data-widget_type=\"heading.default\">\n\t\t\t\t<div class=\"elementor-widget-container\">\n\t\t\t\t\t<h2 class=\"elementor-heading-title elementor-size-default\">Per saperne di pi\u00f9 sulle aree di applicazione del coaching EMDR<\/h2>\t\t\t\t<\/div>\n\t\t\t\t<\/div>\n\t\t\t\t\t<\/div>\n\t\t<\/div>\n\t\t\t\t\t<\/div>\n\t\t<\/section>\n\t\t\t\t<section class=\"elementor-section elementor-inner-section elementor-element elementor-element-13c6e6e elementor-section-content-top elementor-section-boxed elementor-section-height-default elementor-section-height-default\" data-id=\"13c6e6e\" data-element_type=\"section\" data-e-type=\"section\">\n\t\t\t\t\t\t<div class=\"elementor-container elementor-column-gap-default\">\n\t\t\t\t\t<div class=\"elementor-column elementor-col-100 elementor-inner-column elementor-element elementor-element-5e58d838\" data-id=\"5e58d838\" data-element_type=\"column\" data-e-type=\"column\">\n\t\t\t<div class=\"elementor-widget-wrap elementor-element-populated\">\n\t\t\t\t\t\t<div class=\"elementor-element elementor-element-15b1d0f6 elementor-icon-list--layout-traditional elementor-list-item-link-full_width elementor-widget elementor-widget-icon-list\" data-id=\"15b1d0f6\" data-element_type=\"widget\" data-e-type=\"widget\" data-widget_type=\"icon-list.default\">\n\t\t\t\t<div class=\"elementor-widget-container\">\n\t\t\t\t\t\t\t<ul class=\"elementor-icon-list-items\">\n\t\t\t\t\t\t\t<li class=\"elementor-icon-list-item\">\n\t\t\t\t\t\t\t\t\t\t\t<a href=\"https:\/\/remstim.com\/it\/superare-la-paura-nellauto-coaching-emdr-con-gli-occhiali-emdr-remstim-3000\/\">\n\n\t\t\t\t\t\t\t\t\t\t\t\t<span class=\"elementor-icon-list-icon\">\n\t\t\t\t\t\t\t<i aria-hidden=\"true\" class=\"fas fa-check\"><\/i>\t\t\t\t\t\t<\/span>\n\t\t\t\t\t\t\t\t\t\t<span class=\"elementor-icon-list-text\">Superare le paure<\/span>\n\t\t\t\t\t\t\t\t\t\t\t<\/a>\n\t\t\t\t\t\t\t\t\t<\/li>\n\t\t\t\t\t\t\t\t<li class=\"elementor-icon-list-item\">\n\t\t\t\t\t\t\t\t\t\t\t<a href=\"https:\/\/remstim.com\/it\/superare-piu-velocemente-il-crepacuore-con-lemdr-come-sopportarlo-piu-facilmente\/\">\n\n\t\t\t\t\t\t\t\t\t\t\t\t<span class=\"elementor-icon-list-icon\">\n\t\t\t\t\t\t\t<i aria-hidden=\"true\" class=\"fas fa-check\"><\/i>\t\t\t\t\t\t<\/span>\n\t\t\t\t\t\t\t\t\t\t<span class=\"elementor-icon-list-text\">Superare pi\u00f9 rapidamente il dolore del cuore<\/span>\n\t\t\t\t\t\t\t\t\t\t\t<\/a>\n\t\t\t\t\t\t\t\t\t<\/li>\n\t\t\t\t\t\t\t\t<li class=\"elementor-icon-list-item\">\n\t\t\t\t\t\t\t\t\t\t\t<a href=\"https:\/\/remstim.com\/it\/aree-di-applicazione-dellemdr-nel-coaching\/ridurre-lo-stress-e-la-tensione\/\">\n\n\t\t\t\t\t\t\t\t\t\t\t\t<span class=\"elementor-icon-list-icon\">\n\t\t\t\t\t\t\t<i aria-hidden=\"true\" class=\"fas fa-check\"><\/i>\t\t\t\t\t\t<\/span>\n\t\t\t\t\t\t\t\t\t\t<span class=\"elementor-icon-list-text\">Ridurre lo stress e la tensione<\/span>\n\t\t\t\t\t\t\t\t\t\t\t<\/a>\n\t\t\t\t\t\t\t\t\t<\/li>\n\t\t\t\t\t\t\t\t<li class=\"elementor-icon-list-item\">\n\t\t\t\t\t\t\t\t\t\t\t<a href=\"https:\/\/remstim.com\/it\/aree-di-applicazione-dellemdr-nel-coaching\/sciogliere-i-blocchi-mentali-da-soli-con-lemdr-e-il-remstim-3000\/\">\n\n\t\t\t\t\t\t\t\t\t\t\t\t<span class=\"elementor-icon-list-icon\">\n\t\t\t\t\t\t\t<i aria-hidden=\"true\" class=\"fas fa-check\"><\/i>\t\t\t\t\t\t<\/span>\n\t\t\t\t\t\t\t\t\t\t<span class=\"elementor-icon-list-text\">Sciogliere i blocchi mentali da soli con l'EMDR<\/span>\n\t\t\t\t\t\t\t\t\t\t\t<\/a>\n\t\t\t\t\t\t\t\t\t<\/li>\n\t\t\t\t\t\t\t\t<li class=\"elementor-icon-list-item\">\n\t\t\t\t\t\t\t\t\t\t\t<a href=\"https:\/\/remstim.com\/it\/aree-di-applicazione-dellemdr-nel-coaching\/affrontare-la-preoccupazione-e-il-dolore\/\">\n\n\t\t\t\t\t\t\t\t\t\t\t\t<span class=\"elementor-icon-list-icon\">\n\t\t\t\t\t\t\t<i aria-hidden=\"true\" class=\"fas fa-check\"><\/i>\t\t\t\t\t\t<\/span>\n\t\t\t\t\t\t\t\t\t\t<span class=\"elementor-icon-list-text\">Affrontare la preoccupazione e il dolore<\/span>\n\t\t\t\t\t\t\t\t\t\t\t<\/a>\n\t\t\t\t\t\t\t\t\t<\/li>\n\t\t\t\t\t\t\t\t<li class=\"elementor-icon-list-item\">\n\t\t\t\t\t\t\t\t\t\t\t<a href=\"https:\/\/remstim.com\/it\/aree-di-applicazione-dellemdr-nel-coaching\/creare-chiarezza-di-intenti-e-risolvere-i-conflitti\/\">\n\n\t\t\t\t\t\t\t\t\t\t\t\t<span class=\"elementor-icon-list-icon\">\n\t\t\t\t\t\t\t<i aria-hidden=\"true\" class=\"fas fa-check\"><\/i>\t\t\t\t\t\t<\/span>\n\t\t\t\t\t\t\t\t\t\t<span class=\"elementor-icon-list-text\">Creare chiarezza di intenti e risolvere i conflitti<\/span>\n\t\t\t\t\t\t\t\t\t\t\t<\/a>\n\t\t\t\t\t\t\t\t\t<\/li>\n\t\t\t\t\t\t\t\t<li class=\"elementor-icon-list-item\">\n\t\t\t\t\t\t\t\t\t\t\t<a href=\"https:\/\/remstim.com\/it\/aree-di-applicazione-dellemdr-nel-coaching\/rafforzare-la-propria-immagine-e-fiducia-in-se-stessi\/\">\n\n\t\t\t\t\t\t\t\t\t\t\t\t<span class=\"elementor-icon-list-icon\">\n\t\t\t\t\t\t\t<i aria-hidden=\"true\" class=\"fas fa-check\"><\/i>\t\t\t\t\t\t<\/span>\n\t\t\t\t\t\t\t\t\t\t<span class=\"elementor-icon-list-text\">Rafforzare la fiducia in se stessi e l'immagine di s\u00e9<\/span>\n\t\t\t\t\t\t\t\t\t\t\t<\/a>\n\t\t\t\t\t\t\t\t\t<\/li>\n\t\t\t\t\t\t\t\t<li class=\"elementor-icon-list-item\">\n\t\t\t\t\t\t\t\t\t\t\t<span class=\"elementor-icon-list-icon\">\n\t\t\t\t\t\t\t<i aria-hidden=\"true\" class=\"fas fa-check\"><\/i>\t\t\t\t\t\t<\/span>\n\t\t\t\t\t\t\t\t\t\t<span class=\"elementor-icon-list-text\">Aumentare la creativit\u00e0 e la capacit\u00e0 di risolvere i problemi<\/span>\n\t\t\t\t\t\t\t\t\t<\/li>\n\t\t\t\t\t\t\t\t<li class=\"elementor-icon-list-item\">\n\t\t\t\t\t\t\t\t\t\t\t<span class=\"elementor-icon-list-icon\">\n\t\t\t\t\t\t\t<i aria-hidden=\"true\" class=\"fas fa-check\"><\/i>\t\t\t\t\t\t<\/span>\n\t\t\t\t\t\t\t\t\t\t<span class=\"elementor-icon-list-text\">Aumentare la motivazione e la volont\u00e0 di lavorare<\/span>\n\t\t\t\t\t\t\t\t\t<\/li>\n\t\t\t\t\t\t<\/ul>\n\t\t\t\t\t\t<\/div>\n\t\t\t\t<\/div>\n\t\t\t\t\t<\/div>\n\t\t<\/div>\n\t\t\t\t\t<\/div>\n\t\t<\/section>\n\t\t\t\t\t<\/div>\n\t\t<\/div>\n\t\t\t\t\t<\/div>\n\t\t<\/section>\n\t\t\t\t<\/div>\n\t\t\nLeggete anche le <a href=\"https:\/\/remstim.com\/remstim-entdecken\/wichtige-informationen\/\">informazioni importanti<\/a>.<\/p>\n<hr class=\"divider-html\" style=\"border-top: 1px solid #bbb; margin-top: 30px; margin-bottom: 30px;\">\n<h2>Per saperne di pi\u00f9 sull&#8217;EMDR<\/h2>\n\t\t<div data-elementor-type=\"section\" data-elementor-id=\"18169\" class=\"elementor elementor-18169 elementor-9751\" data-elementor-post-type=\"elementor_library\">\n\t\t\t\t\t<section class=\"elementor-section elementor-top-section elementor-element elementor-element-61ac7ca3 elementor-section-full_width elementor-section-height-default elementor-section-height-default\" data-id=\"61ac7ca3\" data-element_type=\"section\" data-e-type=\"section\">\n\t\t\t\t\t\t<div class=\"elementor-container elementor-column-gap-no\">\n\t\t\t\t\t<div class=\"elementor-column elementor-col-100 elementor-top-column elementor-element elementor-element-306448c4\" data-id=\"306448c4\" data-element_type=\"column\" data-e-type=\"column\">\n\t\t\t<div class=\"elementor-widget-wrap elementor-element-populated\">\n\t\t\t\t\t\t<section class=\"elementor-section elementor-inner-section elementor-element elementor-element-18cc83c1 elementor-section-full_width elementor-section-height-default elementor-section-height-default\" data-id=\"18cc83c1\" data-element_type=\"section\" data-e-type=\"section\">\n\t\t\t\t\t\t<div class=\"elementor-container elementor-column-gap-default\">\n\t\t\t\t\t<div class=\"elementor-column elementor-col-100 elementor-inner-column elementor-element elementor-element-1b0eb42b\" data-id=\"1b0eb42b\" data-element_type=\"column\" data-e-type=\"column\">\n\t\t\t<div class=\"elementor-widget-wrap elementor-element-populated\">\n\t\t\t\t\t\t\t<\/div>\n\t\t<\/div>\n\t\t\t\t\t<\/div>\n\t\t<\/section>\n\t\t\t\t\t<\/div>\n\t\t<\/div>\n\t\t\t\t\t<\/div>\n\t\t<\/section>\n\t\t\t\t<\/div>\n\t\t\n","protected":false},"excerpt":{"rendered":"<p>Aree di applicazione del coaching EMDR La Stimolazione Rapida dei Movimenti Oculari applicata con l&#8217;ausilio del REMSTIM 3000, che viene utilizzato come intervento di base nell&#8217;ambito del metodo EMDR, pu\u00f2 creare sollievo mentale ed emotivo e aumentare le prestazioni in vari ambiti di applicazione e sostenere nella prevenzione del burnout. Non si tratta principalmente di [&hellip;]<\/p>\n","protected":false},"author":1,"featured_media":17586,"parent":0,"menu_order":11,"comment_status":"closed","ping_status":"closed","template":"","meta":{"_acf_changed":false,"site-sidebar-layout":"default","site-content-layout":"default","ast-site-content-layout":"default","site-content-style":"default","site-sidebar-style":"default","ast-global-header-display":"","ast-banner-title-visibility":"","ast-main-header-display":"","ast-hfb-above-header-display":"","ast-hfb-below-header-display":"","ast-hfb-mobile-header-display":"","site-post-title":"","ast-breadcrumbs-content":"","ast-featured-img":"","footer-sml-layout":"","ast-disable-related-posts":"","theme-transparent-header-meta":"default","adv-header-id-meta":"","stick-header-meta":"default","header-above-stick-meta":"","header-main-stick-meta":"","header-below-stick-meta":"","astra-migrate-meta-layouts":"default","ast-page-background-enabled":"default","ast-page-background-meta":{"desktop":{"background-color":"var(--ast-global-color-4)","background-image":"","background-repeat":"repeat","background-position":"center center","background-size":"auto","background-attachment":"scroll","background-type":"","background-media":"","overlay-type":"","overlay-color":"","overlay-opacity":"","overlay-gradient":""},"tablet":{"background-color":"","background-image":"","background-repeat":"repeat","background-position":"center center","background-size":"auto","background-attachment":"scroll","background-type":"","background-media":"","overlay-type":"","overlay-color":"","overlay-opacity":"","overlay-gradient":""},"mobile":{"background-color":"","background-image":"","background-repeat":"repeat","background-position":"center center","background-size":"auto","background-attachment":"scroll","background-type":"","background-media":"","overlay-type":"","overlay-color":"","overlay-opacity":"","overlay-gradient":""}},"ast-content-background-meta":{"desktop":{"background-color":"var(--ast-global-color-5)","background-image":"","background-repeat":"repeat","background-position":"center center","background-size":"auto","background-attachment":"scroll","background-type":"","background-media":"","overlay-type":"","overlay-color":"","overlay-opacity":"","overlay-gradient":""},"tablet":{"background-color":"var(--ast-global-color-5)","background-image":"","background-repeat":"repeat","background-position":"center center","background-size":"auto","background-attachment":"scroll","background-type":"","background-media":"","overlay-type":"","overlay-color":"","overlay-opacity":"","overlay-gradient":""},"mobile":{"background-color":"var(--ast-global-color-5)","background-image":"","background-repeat":"repeat","background-position":"center center","background-size":"auto","background-attachment":"scroll","background-type":"","background-media":"","overlay-type":"","overlay-color":"","overlay-opacity":"","overlay-gradient":""}},"footnotes":""},"class_list":["post-17663","page","type-page","status-publish","has-post-thumbnail","hentry"],"acf":[],"yoast_head":"<!-- This site is optimized with the Yoast SEO plugin v27.3 - https:\/\/yoast.com\/product\/yoast-seo-wordpress\/ -->\n<title>Aree di applicazione dell&#039;EMDR nel coaching<\/title>\n<meta name=\"description\" content=\"La stimolazione rapida dei movimenti oculari, l&#039;intervento di base dell&#039;EMDR, pu\u00f2 fornire un sollievo mentale ed emotivo in vari ambiti di applicazione.\" \/>\n<meta name=\"robots\" content=\"index, follow, max-snippet:-1, max-image-preview:large, max-video-preview:-1\" \/>\n<link rel=\"canonical\" href=\"https:\/\/remstim.com\/it\/aree-di-applicazione-dellemdr-nel-coaching\/\" \/>\n<meta property=\"og:locale\" content=\"it_IT\" \/>\n<meta property=\"og:type\" content=\"article\" \/>\n<meta property=\"og:title\" content=\"Aree di applicazione dell&#039;EMDR nel coaching\" \/>\n<meta property=\"og:description\" content=\"La stimolazione rapida dei movimenti oculari, l&#039;intervento di base dell&#039;EMDR, pu\u00f2 fornire un sollievo mentale ed emotivo in vari ambiti di applicazione.\" \/>\n<meta property=\"og:url\" content=\"https:\/\/remstim.com\/it\/aree-di-applicazione-dellemdr-nel-coaching\/\" \/>\n<meta property=\"og:site_name\" content=\"EMDR Ger\u00e4t REMSTIM 3000 gegen Stress\" \/>\n<meta property=\"article:modified_time\" content=\"2023-09-15T06:59:00+00:00\" \/>\n<meta property=\"og:image\" content=\"https:\/\/remstim.com\/wp-content\/uploads\/2018\/04\/glueckliche-Frau-dank-EMDR-Selbstcoaching-e1524470283930.jpg\" \/>\n\t<meta property=\"og:image:width\" content=\"283\" \/>\n\t<meta property=\"og:image:height\" content=\"283\" \/>\n\t<meta property=\"og:image:type\" content=\"image\/jpeg\" \/>\n<meta name=\"twitter:label1\" content=\"Tempo di lettura stimato\" \/>\n\t<meta name=\"twitter:data1\" content=\"2 minuti\" \/>\n<script type=\"application\/ld+json\" class=\"yoast-schema-graph\">{\"@context\":\"https:\\\/\\\/schema.org\",\"@graph\":[{\"@type\":\"WebPage\",\"@id\":\"https:\\\/\\\/remstim.com\\\/it\\\/aree-di-applicazione-dellemdr-nel-coaching\\\/\",\"url\":\"https:\\\/\\\/remstim.com\\\/it\\\/aree-di-applicazione-dellemdr-nel-coaching\\\/\",\"name\":\"Aree di applicazione dell'EMDR nel coaching\",\"isPartOf\":{\"@id\":\"https:\\\/\\\/remstim.com\\\/it\\\/#website\"},\"primaryImageOfPage\":{\"@id\":\"https:\\\/\\\/remstim.com\\\/it\\\/aree-di-applicazione-dellemdr-nel-coaching\\\/#primaryimage\"},\"image\":{\"@id\":\"https:\\\/\\\/remstim.com\\\/it\\\/aree-di-applicazione-dellemdr-nel-coaching\\\/#primaryimage\"},\"thumbnailUrl\":\"https:\\\/\\\/remstim.com\\\/wp-content\\\/uploads\\\/2018\\\/04\\\/glueckliche-Frau-dank-EMDR-Selbstcoaching-e1524470283930.jpg\",\"datePublished\":\"2011-03-14T11:09:48+00:00\",\"dateModified\":\"2023-09-15T06:59:00+00:00\",\"description\":\"La stimolazione rapida dei movimenti oculari, l'intervento di base dell'EMDR, pu\u00f2 fornire un sollievo mentale ed emotivo in vari ambiti di applicazione.\",\"breadcrumb\":{\"@id\":\"https:\\\/\\\/remstim.com\\\/it\\\/aree-di-applicazione-dellemdr-nel-coaching\\\/#breadcrumb\"},\"inLanguage\":\"it-IT\",\"potentialAction\":[{\"@type\":\"ReadAction\",\"target\":[\"https:\\\/\\\/remstim.com\\\/it\\\/aree-di-applicazione-dellemdr-nel-coaching\\\/\"]}]},{\"@type\":\"ImageObject\",\"inLanguage\":\"it-IT\",\"@id\":\"https:\\\/\\\/remstim.com\\\/it\\\/aree-di-applicazione-dellemdr-nel-coaching\\\/#primaryimage\",\"url\":\"https:\\\/\\\/remstim.com\\\/wp-content\\\/uploads\\\/2018\\\/04\\\/glueckliche-Frau-dank-EMDR-Selbstcoaching-e1524470283930.jpg\",\"contentUrl\":\"https:\\\/\\\/remstim.com\\\/wp-content\\\/uploads\\\/2018\\\/04\\\/glueckliche-Frau-dank-EMDR-Selbstcoaching-e1524470283930.jpg\",\"width\":283,\"height\":283},{\"@type\":\"BreadcrumbList\",\"@id\":\"https:\\\/\\\/remstim.com\\\/it\\\/aree-di-applicazione-dellemdr-nel-coaching\\\/#breadcrumb\",\"itemListElement\":[{\"@type\":\"ListItem\",\"position\":1,\"name\":\"Startseite\",\"item\":\"https:\\\/\\\/remstim.com\\\/it\\\/\"},{\"@type\":\"ListItem\",\"position\":2,\"name\":\"Aree di applicazione dell&#8217;EMDR nel coaching\"}]},{\"@type\":\"WebSite\",\"@id\":\"https:\\\/\\\/remstim.com\\\/it\\\/#website\",\"url\":\"https:\\\/\\\/remstim.com\\\/it\\\/\",\"name\":\"EMDR Ger\u00e4t REMSTIM 3000 gegen Stress\",\"description\":\"Wie wir schnell Entspannung finden.\",\"publisher\":{\"@id\":\"https:\\\/\\\/remstim.com\\\/it\\\/#organization\"},\"potentialAction\":[{\"@type\":\"SearchAction\",\"target\":{\"@type\":\"EntryPoint\",\"urlTemplate\":\"https:\\\/\\\/remstim.com\\\/it\\\/?s={search_term_string}\"},\"query-input\":{\"@type\":\"PropertyValueSpecification\",\"valueRequired\":true,\"valueName\":\"search_term_string\"}}],\"inLanguage\":\"it-IT\"},{\"@type\":\"Organization\",\"@id\":\"https:\\\/\\\/remstim.com\\\/it\\\/#organization\",\"name\":\"EMDR Ger\u00e4t REMSTIM 3000 gegen Stress\",\"url\":\"https:\\\/\\\/remstim.com\\\/it\\\/\",\"logo\":{\"@type\":\"ImageObject\",\"inLanguage\":\"it-IT\",\"@id\":\"https:\\\/\\\/remstim.com\\\/it\\\/#\\\/schema\\\/logo\\\/image\\\/\",\"url\":\"https:\\\/\\\/remstim.com\\\/wp-content\\\/uploads\\\/2012\\\/06\\\/REMSTIM-Logo-mit-Untertitel_orange-e1340382850185.png\",\"contentUrl\":\"https:\\\/\\\/remstim.com\\\/wp-content\\\/uploads\\\/2012\\\/06\\\/REMSTIM-Logo-mit-Untertitel_orange-e1340382850185.png\",\"width\":304,\"height\":80,\"caption\":\"EMDR Ger\u00e4t REMSTIM 3000 gegen Stress\"},\"image\":{\"@id\":\"https:\\\/\\\/remstim.com\\\/it\\\/#\\\/schema\\\/logo\\\/image\\\/\"}}]}<\/script>\n<!-- \/ Yoast SEO plugin. -->","yoast_head_json":{"title":"Aree di applicazione dell'EMDR nel coaching","description":"La stimolazione rapida dei movimenti oculari, l'intervento di base dell'EMDR, pu\u00f2 fornire un sollievo mentale ed emotivo in vari ambiti di applicazione.","robots":{"index":"index","follow":"follow","max-snippet":"max-snippet:-1","max-image-preview":"max-image-preview:large","max-video-preview":"max-video-preview:-1"},"canonical":"https:\/\/remstim.com\/it\/aree-di-applicazione-dellemdr-nel-coaching\/","og_locale":"it_IT","og_type":"article","og_title":"Aree di applicazione dell'EMDR nel coaching","og_description":"La stimolazione rapida dei movimenti oculari, l'intervento di base dell'EMDR, pu\u00f2 fornire un sollievo mentale ed emotivo in vari ambiti di applicazione.","og_url":"https:\/\/remstim.com\/it\/aree-di-applicazione-dellemdr-nel-coaching\/","og_site_name":"EMDR Ger\u00e4t REMSTIM 3000 gegen Stress","article_modified_time":"2023-09-15T06:59:00+00:00","og_image":[{"width":283,"height":283,"url":"https:\/\/remstim.com\/wp-content\/uploads\/2018\/04\/glueckliche-Frau-dank-EMDR-Selbstcoaching-e1524470283930.jpg","type":"image\/jpeg"}],"twitter_misc":{"Tempo di lettura stimato":"2 minuti"},"schema":{"@context":"https:\/\/schema.org","@graph":[{"@type":"WebPage","@id":"https:\/\/remstim.com\/it\/aree-di-applicazione-dellemdr-nel-coaching\/","url":"https:\/\/remstim.com\/it\/aree-di-applicazione-dellemdr-nel-coaching\/","name":"Aree di applicazione dell'EMDR nel coaching","isPartOf":{"@id":"https:\/\/remstim.com\/it\/#website"},"primaryImageOfPage":{"@id":"https:\/\/remstim.com\/it\/aree-di-applicazione-dellemdr-nel-coaching\/#primaryimage"},"image":{"@id":"https:\/\/remstim.com\/it\/aree-di-applicazione-dellemdr-nel-coaching\/#primaryimage"},"thumbnailUrl":"https:\/\/remstim.com\/wp-content\/uploads\/2018\/04\/glueckliche-Frau-dank-EMDR-Selbstcoaching-e1524470283930.jpg","datePublished":"2011-03-14T11:09:48+00:00","dateModified":"2023-09-15T06:59:00+00:00","description":"La stimolazione rapida dei movimenti oculari, l'intervento di base dell'EMDR, pu\u00f2 fornire un sollievo mentale ed emotivo in vari ambiti di applicazione.","breadcrumb":{"@id":"https:\/\/remstim.com\/it\/aree-di-applicazione-dellemdr-nel-coaching\/#breadcrumb"},"inLanguage":"it-IT","potentialAction":[{"@type":"ReadAction","target":["https:\/\/remstim.com\/it\/aree-di-applicazione-dellemdr-nel-coaching\/"]}]},{"@type":"ImageObject","inLanguage":"it-IT","@id":"https:\/\/remstim.com\/it\/aree-di-applicazione-dellemdr-nel-coaching\/#primaryimage","url":"https:\/\/remstim.com\/wp-content\/uploads\/2018\/04\/glueckliche-Frau-dank-EMDR-Selbstcoaching-e1524470283930.jpg","contentUrl":"https:\/\/remstim.com\/wp-content\/uploads\/2018\/04\/glueckliche-Frau-dank-EMDR-Selbstcoaching-e1524470283930.jpg","width":283,"height":283},{"@type":"BreadcrumbList","@id":"https:\/\/remstim.com\/it\/aree-di-applicazione-dellemdr-nel-coaching\/#breadcrumb","itemListElement":[{"@type":"ListItem","position":1,"name":"Startseite","item":"https:\/\/remstim.com\/it\/"},{"@type":"ListItem","position":2,"name":"Aree di applicazione dell&#8217;EMDR nel coaching"}]},{"@type":"WebSite","@id":"https:\/\/remstim.com\/it\/#website","url":"https:\/\/remstim.com\/it\/","name":"EMDR Ger\u00e4t REMSTIM 3000 gegen Stress","description":"Wie wir schnell Entspannung finden.","publisher":{"@id":"https:\/\/remstim.com\/it\/#organization"},"potentialAction":[{"@type":"SearchAction","target":{"@type":"EntryPoint","urlTemplate":"https:\/\/remstim.com\/it\/?s={search_term_string}"},"query-input":{"@type":"PropertyValueSpecification","valueRequired":true,"valueName":"search_term_string"}}],"inLanguage":"it-IT"},{"@type":"Organization","@id":"https:\/\/remstim.com\/it\/#organization","name":"EMDR Ger\u00e4t REMSTIM 3000 gegen Stress","url":"https:\/\/remstim.com\/it\/","logo":{"@type":"ImageObject","inLanguage":"it-IT","@id":"https:\/\/remstim.com\/it\/#\/schema\/logo\/image\/","url":"https:\/\/remstim.com\/wp-content\/uploads\/2012\/06\/REMSTIM-Logo-mit-Untertitel_orange-e1340382850185.png","contentUrl":"https:\/\/remstim.com\/wp-content\/uploads\/2012\/06\/REMSTIM-Logo-mit-Untertitel_orange-e1340382850185.png","width":304,"height":80,"caption":"EMDR Ger\u00e4t REMSTIM 3000 gegen Stress"},"image":{"@id":"https:\/\/remstim.com\/it\/#\/schema\/logo\/image\/"}}]}},"_links":{"self":[{"href":"https:\/\/remstim.com\/it\/wp-json\/wp\/v2\/pages\/17663","targetHints":{"allow":["GET"]}}],"collection":[{"href":"https:\/\/remstim.com\/it\/wp-json\/wp\/v2\/pages"}],"about":[{"href":"https:\/\/remstim.com\/it\/wp-json\/wp\/v2\/types\/page"}],"author":[{"embeddable":true,"href":"https:\/\/remstim.com\/it\/wp-json\/wp\/v2\/users\/1"}],"replies":[{"embeddable":true,"href":"https:\/\/remstim.com\/it\/wp-json\/wp\/v2\/comments?post=17663"}],"version-history":[{"count":0,"href":"https:\/\/remstim.com\/it\/wp-json\/wp\/v2\/pages\/17663\/revisions"}],"wp:featuredmedia":[{"embeddable":true,"href":"https:\/\/remstim.com\/it\/wp-json\/wp\/v2\/media\/17586"}],"wp:attachment":[{"href":"https:\/\/remstim.com\/it\/wp-json\/wp\/v2\/media?parent=17663"}],"curies":[{"name":"wp","href":"https:\/\/api.w.org\/{rel}","templated":true}]}}