{"id":17668,"date":"2011-05-02T07:28:25","date_gmt":"2011-05-02T07:28:25","guid":{"rendered":"https:\/\/remstim.de\/aree-di-applicazione-dellemdr-nel-coaching\/affrontare-la-preoccupazione-e-il-dolore\/"},"modified":"2023-09-15T06:59:14","modified_gmt":"2023-09-15T06:59:14","slug":"affrontare-la-preoccupazione-e-il-dolore","status":"publish","type":"page","link":"https:\/\/remstim.com\/it\/aree-di-applicazione-dellemdr-nel-coaching\/affrontare-la-preoccupazione-e-il-dolore\/","title":{"rendered":"Affrontare la preoccupazione e il dolore"},"content":{"rendered":"<h1>Superare la preoccupazione e il dolore nell&#8217;auto-coaching con l&#8217;EMDR<\/h1>\n<p style=\"text-align: justify;\">Chi percepisce l&#8217;ambiente con lungimirante simpatia e allo stesso tempo prevede le difficolt\u00e0 \u00e8 in uno stato di ansia. I suoi sentimenti, pensieri e azioni sono caratterizzati dal sospetto. Le paure sono a volte pi\u00f9 e a volte meno concrete. Come spesso accade, l&#8217;interpretazione soggettiva del proprio ambiente gioca un ruolo decisivo nella preoccupazione stessa. Non sono le cose in s\u00e9 a farci paura, ma l&#8217;idea di esse.<\/p>\n<p style=\"text-align: justify;\">L&#8217;attenzione personale si concentra sulle paure e sulle possibili conseguenze negative.<\/p>\n<p style=\"text-align: justify;\">Con l&#8217;aumentare dell&#8217;ansia, si perde visibilmente la capacit\u00e0 di rilassarsi. L&#8217;irrequietezza caratterizza lo stato mentale ed emotivo di chi si preoccupa. Il pericolo di generalizzazione aumenta. Le cure vengono poi trasferite ad altre situazioni.<\/p>\n<p style=\"text-align: justify;\">Ora, al pi\u00f9 tardi, \u00e8 importante arginare la marea crescente di pensieri e sentimenti negativi.<\/p>\n<p style=\"text-align: justify;\">Con l&#8217;aiuto della <a href=\"https:\/\/remstim.com\/it\/fondamenti-dellutilizzo-dellemdr-nel-coaching-con-il-remstim-3000\/stimolazione-dei-movimenti-oculari-rapidi\/\">Stimolazione Rapida dei Movimenti Oculari<\/a> &#8211; l&#8217;intervento EMDR &#8211; e del <a href=\"https:\/\/remstim.com\/it\/remstim-3000\/\">REMSTIM 3000<\/a>, in molti casi \u00e8 possibile interrompere le catene di pensieri percepiti come minacciosi.<\/p>\n<p style=\"text-align: justify;\">Un nuovo senso della realt\u00e0 pu\u00f2 tornare nel proprio mondo di pensiero, sia che si tratti di preoccupazioni per la propria situazione finanziaria, sia che si tratti di cupe previsioni di un futuro sconfortante o di una diffusa &#8220;cattiva&#8221; premonizione.<\/p>\n<p style=\"text-align: justify;\">Lo stato emotivo individuale spesso migliora visibilmente una volta che le proprie aspettative, che creano un futuro cupo, sono state interrotte.<\/p>\n<hr class=\"divider-html\" style=\"border-top: 1px solid #bbb;\">\n<p>&nbsp;<\/p>\n<h2>Per saperne di pi\u00f9 sull&#8217;EMDR<\/h2>\n<p>&nbsp;<\/p>\n\t\t<div data-elementor-type=\"section\" data-elementor-id=\"18255\" class=\"elementor elementor-18255 elementor-9347\" data-elementor-post-type=\"elementor_library\">\n\t\t\t\t\t<section class=\"elementor-section elementor-top-section elementor-element elementor-element-619a94b elementor-section-full_width elementor-section-height-default elementor-section-height-default\" data-id=\"619a94b\" data-element_type=\"section\" data-e-type=\"section\">\n\t\t\t\t\t\t<div class=\"elementor-container elementor-column-gap-no\">\n\t\t\t\t\t<div class=\"elementor-column elementor-col-100 elementor-top-column elementor-element elementor-element-dd78573\" data-id=\"dd78573\" data-element_type=\"column\" data-e-type=\"column\">\n\t\t\t<div class=\"elementor-widget-wrap elementor-element-populated\">\n\t\t\t\t\t\t<section class=\"elementor-section elementor-inner-section elementor-element elementor-element-0209641 elementor-section-full_width elementor-section-height-default elementor-section-height-default\" data-id=\"0209641\" data-element_type=\"section\" data-e-type=\"section\">\n\t\t\t\t\t\t<div class=\"elementor-container elementor-column-gap-default\">\n\t\t\t\t\t<div class=\"elementor-column elementor-col-100 elementor-inner-column elementor-element elementor-element-38da17f\" data-id=\"38da17f\" data-element_type=\"column\" data-e-type=\"column\">\n\t\t\t<div class=\"elementor-widget-wrap elementor-element-populated\">\n\t\t\t\t\t\t\t<\/div>\n\t\t<\/div>\n\t\t\t\t\t<\/div>\n\t\t<\/section>\n\t\t\t\t\t<\/div>\n\t\t<\/div>\n\t\t\t\t\t<\/div>\n\t\t<\/section>\n\t\t\t\t<\/div>\n\t\t\n","protected":false},"excerpt":{"rendered":"<p>Superare la preoccupazione e il dolore nell&#8217;auto-coaching con l&#8217;EMDR Chi percepisce l&#8217;ambiente con lungimirante simpatia e allo stesso tempo prevede le difficolt\u00e0 \u00e8 in uno stato di ansia. I suoi sentimenti, pensieri e azioni sono caratterizzati dal sospetto. Le paure sono a volte pi\u00f9 e a volte meno concrete. Come spesso accade, l&#8217;interpretazione soggettiva del [&hellip;]<\/p>\n","protected":false},"author":1,"featured_media":0,"parent":17663,"menu_order":3,"comment_status":"closed","ping_status":"closed","template":"","meta":{"_acf_changed":false,"site-sidebar-layout":"default","site-content-layout":"default","ast-site-content-layout":"default","site-content-style":"default","site-sidebar-style":"default","ast-global-header-display":"","ast-banner-title-visibility":"","ast-main-header-display":"","ast-hfb-above-header-display":"","ast-hfb-below-header-display":"","ast-hfb-mobile-header-display":"","site-post-title":"","ast-breadcrumbs-content":"","ast-featured-img":"","footer-sml-layout":"","ast-disable-related-posts":"","theme-transparent-header-meta":"default","adv-header-id-meta":"","stick-header-meta":"default","header-above-stick-meta":"","header-main-stick-meta":"","header-below-stick-meta":"","astra-migrate-meta-layouts":"default","ast-page-background-enabled":"default","ast-page-background-meta":{"desktop":{"background-color":"var(--ast-global-color-4)","background-image":"","background-repeat":"repeat","background-position":"center center","background-size":"auto","background-attachment":"scroll","background-type":"","background-media":"","overlay-type":"","overlay-color":"","overlay-opacity":"","overlay-gradient":""},"tablet":{"background-color":"","background-image":"","background-repeat":"repeat","background-position":"center center","background-size":"auto","background-attachment":"scroll","background-type":"","background-media":"","overlay-type":"","overlay-color":"","overlay-opacity":"","overlay-gradient":""},"mobile":{"background-color":"","background-image":"","background-repeat":"repeat","background-position":"center center","background-size":"auto","background-attachment":"scroll","background-type":"","background-media":"","overlay-type":"","overlay-color":"","overlay-opacity":"","overlay-gradient":""}},"ast-content-background-meta":{"desktop":{"background-color":"var(--ast-global-color-5)","background-image":"","background-repeat":"repeat","background-position":"center center","background-size":"auto","background-attachment":"scroll","background-type":"","background-media":"","overlay-type":"","overlay-color":"","overlay-opacity":"","overlay-gradient":""},"tablet":{"background-color":"var(--ast-global-color-5)","background-image":"","background-repeat":"repeat","background-position":"center center","background-size":"auto","background-attachment":"scroll","background-type":"","background-media":"","overlay-type":"","overlay-color":"","overlay-opacity":"","overlay-gradient":""},"mobile":{"background-color":"var(--ast-global-color-5)","background-image":"","background-repeat":"repeat","background-position":"center center","background-size":"auto","background-attachment":"scroll","background-type":"","background-media":"","overlay-type":"","overlay-color":"","overlay-opacity":"","overlay-gradient":""}},"footnotes":""},"class_list":["post-17668","page","type-page","status-publish","hentry"],"acf":[],"yoast_head":"<!-- This site is optimized with the Yoast SEO plugin v27.3 - https:\/\/yoast.com\/product\/yoast-seo-wordpress\/ -->\n<title>Affrontare la preoccupazione e il dolore - EMDR Ger\u00e4t REMSTIM 3000 gegen Stress<\/title>\n<meta name=\"robots\" content=\"index, follow, max-snippet:-1, max-image-preview:large, max-video-preview:-1\" \/>\n<link rel=\"canonical\" href=\"https:\/\/remstim.com\/it\/aree-di-applicazione-dellemdr-nel-coaching\/affrontare-la-preoccupazione-e-il-dolore\/\" \/>\n<meta property=\"og:locale\" content=\"it_IT\" \/>\n<meta property=\"og:type\" content=\"article\" \/>\n<meta property=\"og:title\" content=\"Affrontare la preoccupazione e il dolore - EMDR Ger\u00e4t REMSTIM 3000 gegen Stress\" \/>\n<meta property=\"og:description\" content=\"Superare la preoccupazione e il dolore nell&#8217;auto-coaching con l&#8217;EMDR Chi percepisce l&#8217;ambiente con lungimirante simpatia e allo stesso tempo prevede le difficolt\u00e0 \u00e8 in uno stato di ansia. I suoi sentimenti, pensieri e azioni sono caratterizzati dal sospetto. Le paure sono a volte pi\u00f9 e a volte meno concrete. Come spesso accade, l&#8217;interpretazione soggettiva del [&hellip;]\" \/>\n<meta property=\"og:url\" content=\"https:\/\/remstim.com\/it\/aree-di-applicazione-dellemdr-nel-coaching\/affrontare-la-preoccupazione-e-il-dolore\/\" \/>\n<meta property=\"og:site_name\" content=\"EMDR Ger\u00e4t REMSTIM 3000 gegen Stress\" \/>\n<meta property=\"article:modified_time\" content=\"2023-09-15T06:59:14+00:00\" \/>\n<meta name=\"twitter:label1\" content=\"Tempo di lettura stimato\" \/>\n\t<meta name=\"twitter:data1\" content=\"2 minuti\" \/>\n<script type=\"application\/ld+json\" class=\"yoast-schema-graph\">{\"@context\":\"https:\\\/\\\/schema.org\",\"@graph\":[{\"@type\":\"WebPage\",\"@id\":\"https:\\\/\\\/remstim.com\\\/it\\\/aree-di-applicazione-dellemdr-nel-coaching\\\/affrontare-la-preoccupazione-e-il-dolore\\\/\",\"url\":\"https:\\\/\\\/remstim.com\\\/it\\\/aree-di-applicazione-dellemdr-nel-coaching\\\/affrontare-la-preoccupazione-e-il-dolore\\\/\",\"name\":\"Affrontare la preoccupazione e il dolore - EMDR Ger\u00e4t REMSTIM 3000 gegen Stress\",\"isPartOf\":{\"@id\":\"https:\\\/\\\/remstim.com\\\/it\\\/#website\"},\"datePublished\":\"2011-05-02T07:28:25+00:00\",\"dateModified\":\"2023-09-15T06:59:14+00:00\",\"breadcrumb\":{\"@id\":\"https:\\\/\\\/remstim.com\\\/it\\\/aree-di-applicazione-dellemdr-nel-coaching\\\/affrontare-la-preoccupazione-e-il-dolore\\\/#breadcrumb\"},\"inLanguage\":\"it-IT\",\"potentialAction\":[{\"@type\":\"ReadAction\",\"target\":[\"https:\\\/\\\/remstim.com\\\/it\\\/aree-di-applicazione-dellemdr-nel-coaching\\\/affrontare-la-preoccupazione-e-il-dolore\\\/\"]}]},{\"@type\":\"BreadcrumbList\",\"@id\":\"https:\\\/\\\/remstim.com\\\/it\\\/aree-di-applicazione-dellemdr-nel-coaching\\\/affrontare-la-preoccupazione-e-il-dolore\\\/#breadcrumb\",\"itemListElement\":[{\"@type\":\"ListItem\",\"position\":1,\"name\":\"Startseite\",\"item\":\"https:\\\/\\\/remstim.com\\\/it\\\/\"},{\"@type\":\"ListItem\",\"position\":2,\"name\":\"Aree di applicazione dell&#8217;EMDR nel coaching\",\"item\":\"https:\\\/\\\/remstim.com\\\/it\\\/aree-di-applicazione-dellemdr-nel-coaching\\\/\"},{\"@type\":\"ListItem\",\"position\":3,\"name\":\"Affrontare la preoccupazione e il dolore\"}]},{\"@type\":\"WebSite\",\"@id\":\"https:\\\/\\\/remstim.com\\\/it\\\/#website\",\"url\":\"https:\\\/\\\/remstim.com\\\/it\\\/\",\"name\":\"EMDR Ger\u00e4t REMSTIM 3000 gegen Stress\",\"description\":\"Wie wir schnell Entspannung finden.\",\"publisher\":{\"@id\":\"https:\\\/\\\/remstim.com\\\/it\\\/#organization\"},\"potentialAction\":[{\"@type\":\"SearchAction\",\"target\":{\"@type\":\"EntryPoint\",\"urlTemplate\":\"https:\\\/\\\/remstim.com\\\/it\\\/?s={search_term_string}\"},\"query-input\":{\"@type\":\"PropertyValueSpecification\",\"valueRequired\":true,\"valueName\":\"search_term_string\"}}],\"inLanguage\":\"it-IT\"},{\"@type\":\"Organization\",\"@id\":\"https:\\\/\\\/remstim.com\\\/it\\\/#organization\",\"name\":\"EMDR Ger\u00e4t REMSTIM 3000 gegen Stress\",\"url\":\"https:\\\/\\\/remstim.com\\\/it\\\/\",\"logo\":{\"@type\":\"ImageObject\",\"inLanguage\":\"it-IT\",\"@id\":\"https:\\\/\\\/remstim.com\\\/it\\\/#\\\/schema\\\/logo\\\/image\\\/\",\"url\":\"https:\\\/\\\/remstim.com\\\/wp-content\\\/uploads\\\/2012\\\/06\\\/REMSTIM-Logo-mit-Untertitel_orange-e1340382850185.png\",\"contentUrl\":\"https:\\\/\\\/remstim.com\\\/wp-content\\\/uploads\\\/2012\\\/06\\\/REMSTIM-Logo-mit-Untertitel_orange-e1340382850185.png\",\"width\":304,\"height\":80,\"caption\":\"EMDR Ger\u00e4t REMSTIM 3000 gegen Stress\"},\"image\":{\"@id\":\"https:\\\/\\\/remstim.com\\\/it\\\/#\\\/schema\\\/logo\\\/image\\\/\"}}]}<\/script>\n<!-- \/ Yoast SEO plugin. -->","yoast_head_json":{"title":"Affrontare la preoccupazione e il dolore - EMDR Ger\u00e4t REMSTIM 3000 gegen Stress","robots":{"index":"index","follow":"follow","max-snippet":"max-snippet:-1","max-image-preview":"max-image-preview:large","max-video-preview":"max-video-preview:-1"},"canonical":"https:\/\/remstim.com\/it\/aree-di-applicazione-dellemdr-nel-coaching\/affrontare-la-preoccupazione-e-il-dolore\/","og_locale":"it_IT","og_type":"article","og_title":"Affrontare la preoccupazione e il dolore - EMDR Ger\u00e4t REMSTIM 3000 gegen Stress","og_description":"Superare la preoccupazione e il dolore nell&#8217;auto-coaching con l&#8217;EMDR Chi percepisce l&#8217;ambiente con lungimirante simpatia e allo stesso tempo prevede le difficolt\u00e0 \u00e8 in uno stato di ansia. I suoi sentimenti, pensieri e azioni sono caratterizzati dal sospetto. Le paure sono a volte pi\u00f9 e a volte meno concrete. Come spesso accade, l&#8217;interpretazione soggettiva del [&hellip;]","og_url":"https:\/\/remstim.com\/it\/aree-di-applicazione-dellemdr-nel-coaching\/affrontare-la-preoccupazione-e-il-dolore\/","og_site_name":"EMDR Ger\u00e4t REMSTIM 3000 gegen Stress","article_modified_time":"2023-09-15T06:59:14+00:00","twitter_misc":{"Tempo di lettura stimato":"2 minuti"},"schema":{"@context":"https:\/\/schema.org","@graph":[{"@type":"WebPage","@id":"https:\/\/remstim.com\/it\/aree-di-applicazione-dellemdr-nel-coaching\/affrontare-la-preoccupazione-e-il-dolore\/","url":"https:\/\/remstim.com\/it\/aree-di-applicazione-dellemdr-nel-coaching\/affrontare-la-preoccupazione-e-il-dolore\/","name":"Affrontare la preoccupazione e il dolore - EMDR Ger\u00e4t REMSTIM 3000 gegen Stress","isPartOf":{"@id":"https:\/\/remstim.com\/it\/#website"},"datePublished":"2011-05-02T07:28:25+00:00","dateModified":"2023-09-15T06:59:14+00:00","breadcrumb":{"@id":"https:\/\/remstim.com\/it\/aree-di-applicazione-dellemdr-nel-coaching\/affrontare-la-preoccupazione-e-il-dolore\/#breadcrumb"},"inLanguage":"it-IT","potentialAction":[{"@type":"ReadAction","target":["https:\/\/remstim.com\/it\/aree-di-applicazione-dellemdr-nel-coaching\/affrontare-la-preoccupazione-e-il-dolore\/"]}]},{"@type":"BreadcrumbList","@id":"https:\/\/remstim.com\/it\/aree-di-applicazione-dellemdr-nel-coaching\/affrontare-la-preoccupazione-e-il-dolore\/#breadcrumb","itemListElement":[{"@type":"ListItem","position":1,"name":"Startseite","item":"https:\/\/remstim.com\/it\/"},{"@type":"ListItem","position":2,"name":"Aree di applicazione dell&#8217;EMDR nel coaching","item":"https:\/\/remstim.com\/it\/aree-di-applicazione-dellemdr-nel-coaching\/"},{"@type":"ListItem","position":3,"name":"Affrontare la preoccupazione e il dolore"}]},{"@type":"WebSite","@id":"https:\/\/remstim.com\/it\/#website","url":"https:\/\/remstim.com\/it\/","name":"EMDR Ger\u00e4t REMSTIM 3000 gegen Stress","description":"Wie wir schnell Entspannung finden.","publisher":{"@id":"https:\/\/remstim.com\/it\/#organization"},"potentialAction":[{"@type":"SearchAction","target":{"@type":"EntryPoint","urlTemplate":"https:\/\/remstim.com\/it\/?s={search_term_string}"},"query-input":{"@type":"PropertyValueSpecification","valueRequired":true,"valueName":"search_term_string"}}],"inLanguage":"it-IT"},{"@type":"Organization","@id":"https:\/\/remstim.com\/it\/#organization","name":"EMDR Ger\u00e4t REMSTIM 3000 gegen Stress","url":"https:\/\/remstim.com\/it\/","logo":{"@type":"ImageObject","inLanguage":"it-IT","@id":"https:\/\/remstim.com\/it\/#\/schema\/logo\/image\/","url":"https:\/\/remstim.com\/wp-content\/uploads\/2012\/06\/REMSTIM-Logo-mit-Untertitel_orange-e1340382850185.png","contentUrl":"https:\/\/remstim.com\/wp-content\/uploads\/2012\/06\/REMSTIM-Logo-mit-Untertitel_orange-e1340382850185.png","width":304,"height":80,"caption":"EMDR Ger\u00e4t REMSTIM 3000 gegen Stress"},"image":{"@id":"https:\/\/remstim.com\/it\/#\/schema\/logo\/image\/"}}]}},"_links":{"self":[{"href":"https:\/\/remstim.com\/it\/wp-json\/wp\/v2\/pages\/17668","targetHints":{"allow":["GET"]}}],"collection":[{"href":"https:\/\/remstim.com\/it\/wp-json\/wp\/v2\/pages"}],"about":[{"href":"https:\/\/remstim.com\/it\/wp-json\/wp\/v2\/types\/page"}],"author":[{"embeddable":true,"href":"https:\/\/remstim.com\/it\/wp-json\/wp\/v2\/users\/1"}],"replies":[{"embeddable":true,"href":"https:\/\/remstim.com\/it\/wp-json\/wp\/v2\/comments?post=17668"}],"version-history":[{"count":0,"href":"https:\/\/remstim.com\/it\/wp-json\/wp\/v2\/pages\/17668\/revisions"}],"up":[{"embeddable":true,"href":"https:\/\/remstim.com\/it\/wp-json\/wp\/v2\/pages\/17663"}],"wp:attachment":[{"href":"https:\/\/remstim.com\/it\/wp-json\/wp\/v2\/media?parent=17668"}],"curies":[{"name":"wp","href":"https:\/\/api.w.org\/{rel}","templated":true}]}}