{"id":17670,"date":"2011-03-18T17:12:28","date_gmt":"2011-03-18T17:12:28","guid":{"rendered":"https:\/\/remstim.de\/fondamenti-dellutilizzo-dellemdr-nel-coaching-con-il-remstim-3000\/informazioni-importanti\/"},"modified":"2023-09-15T06:59:05","modified_gmt":"2023-09-15T06:59:05","slug":"informazioni-importanti","status":"publish","type":"page","link":"https:\/\/remstim.com\/it\/fondamenti-dellutilizzo-dellemdr-nel-coaching-con-il-remstim-3000\/informazioni-importanti\/","title":{"rendered":"Informazioni importanti"},"content":{"rendered":"<h1 style=\"text-align: justify;\">Informazioni importanti<\/h1>\n<p style=\"text-align: justify;\">Il REMSTIM 3000 \u00e8 un dispositivo di stimolazione del movimento oculare. L&#8217;uso del REMSTIM 3000 per stimolare i movimenti oculari \u00e8 inteso come un allenamento mentale che migliora le prestazioni. Non \u00e8 una procedura diagnostica, un dispositivo medico, una terapia medica o qualsiasi altra forma di cura, non tratta malattie o sintomi di malattie. Non vengono fatte promesse di guarigione, in modo da suscitare false speranze nell&#8217;utente.<\/p>\n<p style=\"text-align: justify;\">L&#8217;uso di REMSTIM 3000 non intende sostituire il lavoro di uno psicoterapeuta, di un medico o di un operatore alternativo. Pertanto, il trattamento in corso non deve essere interrotto o sospeso, o il futuro trattamento necessario non deve essere rinviato o omesso del tutto.<\/p>\n<p style=\"text-align: justify;\">3. l&#8217;utilizzo del REMSTIM 3000 non annulla in alcun caso gli ordini medici. La responsabilit\u00e0 \u00e8 interamente dell&#8217;utente.<\/p>\n<p style=\"text-align: justify;\">4. la descrizione di stati fisici, emotivi e mentali &#8211; in particolare attraverso l&#8217;uso di parole come stress, tensione, preoccupazione, dolore, inquietudine, ansia, tensione e termini simili &#8211; \u00e8 qui esclusivamente una descrizione dello stato di salute di persone sane all&#8217;interno di un range naturale di variazione. In nessun caso si deve dare l&#8217;impressione che le sensibilit\u00e0 rappresentate vadano oltre un certo grado di compromissione e tentino di descrivere o rappresentare malattie, sofferenze, danni fisici o disturbi patologici.<\/p>\n<p style=\"text-align: justify;\">5. un prerequisito per l&#8217;utente \u00e8 &#8211; come di solito accade nel coaching &#8211; una normale capacit\u00e0 di recupero mentale e fisico.<\/p>\n<p style=\"text-align: justify;\">6. L&#8217;uso di REMSTIM 3000 non \u00e8 mai adatto a persone che soffrono o hanno sofferto delle seguenti malattie:<\/p>\n<ul style=\"text-align: justify;\">\n<li>Epilessia<\/li>\n<li>Malattie degli occhi<\/li>\n<li>Malattie organiche del cervello<\/li>\n<li>Disturbi da dipendenza<\/li>\n<li>Disturbi dissociativi<\/li>\n<li>Disturbi dell&#8217;ego<\/li>\n<\/ul>\n<p style=\"text-align: justify;\">La decisione di iniziare, continuare o interrompere l&#8217;uso del REMSTIM 3000 \u00e8 di libera responsabilit\u00e0 dell&#8217;utente.<\/p>\n<p style=\"text-align: justify;\">8. l&#8217;uso di REMSTIM 3000 pu\u00f2 provocare emozioni intense e temporanee.<\/p>\n<p style=\"text-align: justify;\">9. utilizzare il REMSTIM 3000 solo per lo scopo per cui \u00e8 stato realizzato. Si noti che quando REMSTIM 3000 \u00e8 in posizione, riempie completamente il campo visivo e blocca completamente la vista dell&#8217;ambiente circostante.<\/p>\n<p style=\"text-align: justify;\">10. Il REMSTIM 3000 \u00e8 destinato all&#8217;uso personale autonomo in posizione seduta o sdraiata. Il REMSTIM 3000 non \u00e8 destinato all&#8217;uso commerciale. Si consigliano fino a 3 applicazioni consecutive di 30 secondi ciascuna.<\/p>\n<p style=\"text-align: justify;\">Se i movimenti oculari sono percepiti come fastidiosi, soprattutto durante le prime applicazioni, \u00e8 necessario ottimizzare (a piccoli passi) le impostazioni del dispositivo personale di deflessione e\/o velocit\u00e0 e\/o luminosit\u00e0. In caso di vertigini, nausea o dolore agli occhi, interrompere REMSTIM 3000 e regolare le impostazioni.<\/p>\n<p style=\"text-align: justify;\">12. la messa a fuoco dei punti luce (in movimento) \u00e8 difficilmente possibile e non \u00e8 una condizione n\u00e9 prevista n\u00e9 richiesta per il successo dell&#8217;applicazione.<\/p>\n<p style=\"text-align: justify;\">REMSTIM 3000 non \u00e8 adatto all&#8217;uso da parte dei bambini e deve essere tenuto fuori dalla loro portata.<\/p>\n<p style=\"text-align: justify;\">14. i materiali utilizzati per la fabbricazione del REMSTIM 3000 possono provocare una reazione allergica della pelle in utenti sensibili. In questo caso, consultare immediatamente un medico.<\/p>\n<p style=\"text-align: justify;\">Se le istruzioni del produttore vengono rispettate durante l&#8217;uso e la manipolazione delle celle a bottone al litio ben chiuse, esse sono innocue o non pericolose. In assenza di ipersensibilit\u00e0 a determinate sostanze (reazioni allergiche), il contatto della pelle con le cellule del bottone di litio \u00e8 innocuo.<\/p>\n<p style=\"text-align: justify;\">Non esporre il REMSTIM 3000 a condizioni climatiche estreme (pioggia, neve, sole, vento).<\/p>\n<p style=\"text-align: justify;\">Proteggere il REMSTIM 3000 dall&#8217;acqua.<\/p>\n","protected":false},"excerpt":{"rendered":"<p>Informazioni importanti Il REMSTIM 3000 \u00e8 un dispositivo di stimolazione del movimento oculare. L&#8217;uso del REMSTIM 3000 per stimolare i movimenti oculari \u00e8 inteso come un allenamento mentale che migliora le prestazioni. Non \u00e8 una procedura diagnostica, un dispositivo medico, una terapia medica o qualsiasi altra forma di cura, non tratta malattie o sintomi di [&hellip;]<\/p>\n","protected":false},"author":1,"featured_media":0,"parent":17660,"menu_order":5,"comment_status":"closed","ping_status":"closed","template":"","meta":{"_acf_changed":false,"site-sidebar-layout":"default","site-content-layout":"default","ast-site-content-layout":"default","site-content-style":"default","site-sidebar-style":"default","ast-global-header-display":"","ast-banner-title-visibility":"","ast-main-header-display":"","ast-hfb-above-header-display":"","ast-hfb-below-header-display":"","ast-hfb-mobile-header-display":"","site-post-title":"","ast-breadcrumbs-content":"","ast-featured-img":"","footer-sml-layout":"","ast-disable-related-posts":"","theme-transparent-header-meta":"default","adv-header-id-meta":"","stick-header-meta":"default","header-above-stick-meta":"","header-main-stick-meta":"","header-below-stick-meta":"","astra-migrate-meta-layouts":"default","ast-page-background-enabled":"default","ast-page-background-meta":{"desktop":{"background-color":"var(--ast-global-color-4)","background-image":"","background-repeat":"repeat","background-position":"center center","background-size":"auto","background-attachment":"scroll","background-type":"","background-media":"","overlay-type":"","overlay-color":"","overlay-opacity":"","overlay-gradient":""},"tablet":{"background-color":"","background-image":"","background-repeat":"repeat","background-position":"center center","background-size":"auto","background-attachment":"scroll","background-type":"","background-media":"","overlay-type":"","overlay-color":"","overlay-opacity":"","overlay-gradient":""},"mobile":{"background-color":"","background-image":"","background-repeat":"repeat","background-position":"center center","background-size":"auto","background-attachment":"scroll","background-type":"","background-media":"","overlay-type":"","overlay-color":"","overlay-opacity":"","overlay-gradient":""}},"ast-content-background-meta":{"desktop":{"background-color":"var(--ast-global-color-5)","background-image":"","background-repeat":"repeat","background-position":"center center","background-size":"auto","background-attachment":"scroll","background-type":"","background-media":"","overlay-type":"","overlay-color":"","overlay-opacity":"","overlay-gradient":""},"tablet":{"background-color":"var(--ast-global-color-5)","background-image":"","background-repeat":"repeat","background-position":"center center","background-size":"auto","background-attachment":"scroll","background-type":"","background-media":"","overlay-type":"","overlay-color":"","overlay-opacity":"","overlay-gradient":""},"mobile":{"background-color":"var(--ast-global-color-5)","background-image":"","background-repeat":"repeat","background-position":"center center","background-size":"auto","background-attachment":"scroll","background-type":"","background-media":"","overlay-type":"","overlay-color":"","overlay-opacity":"","overlay-gradient":""}},"footnotes":""},"class_list":["post-17670","page","type-page","status-publish","hentry"],"acf":[],"yoast_head":"<!-- This site is optimized with the Yoast SEO plugin v27.3 - https:\/\/yoast.com\/product\/yoast-seo-wordpress\/ -->\n<title>Informazioni importanti - EMDR Ger\u00e4t REMSTIM 3000 gegen Stress<\/title>\n<meta name=\"robots\" content=\"index, follow, max-snippet:-1, max-image-preview:large, max-video-preview:-1\" \/>\n<link rel=\"canonical\" href=\"https:\/\/remstim.com\/it\/fondamenti-dellutilizzo-dellemdr-nel-coaching-con-il-remstim-3000\/informazioni-importanti\/\" \/>\n<meta property=\"og:locale\" content=\"it_IT\" \/>\n<meta property=\"og:type\" content=\"article\" \/>\n<meta property=\"og:title\" content=\"Informazioni importanti - EMDR Ger\u00e4t REMSTIM 3000 gegen Stress\" \/>\n<meta property=\"og:description\" content=\"Informazioni importanti Il REMSTIM 3000 \u00e8 un dispositivo di stimolazione del movimento oculare. L&#8217;uso del REMSTIM 3000 per stimolare i movimenti oculari \u00e8 inteso come un allenamento mentale che migliora le prestazioni. Non \u00e8 una procedura diagnostica, un dispositivo medico, una terapia medica o qualsiasi altra forma di cura, non tratta malattie o sintomi di [&hellip;]\" \/>\n<meta property=\"og:url\" content=\"https:\/\/remstim.com\/it\/fondamenti-dellutilizzo-dellemdr-nel-coaching-con-il-remstim-3000\/informazioni-importanti\/\" \/>\n<meta property=\"og:site_name\" content=\"EMDR Ger\u00e4t REMSTIM 3000 gegen Stress\" \/>\n<meta property=\"article:modified_time\" content=\"2023-09-15T06:59:05+00:00\" \/>\n<meta name=\"twitter:label1\" content=\"Tempo di lettura stimato\" \/>\n\t<meta name=\"twitter:data1\" content=\"4 minuti\" \/>\n<script type=\"application\/ld+json\" class=\"yoast-schema-graph\">{\"@context\":\"https:\\\/\\\/schema.org\",\"@graph\":[{\"@type\":\"WebPage\",\"@id\":\"https:\\\/\\\/remstim.com\\\/it\\\/fondamenti-dellutilizzo-dellemdr-nel-coaching-con-il-remstim-3000\\\/informazioni-importanti\\\/\",\"url\":\"https:\\\/\\\/remstim.com\\\/it\\\/fondamenti-dellutilizzo-dellemdr-nel-coaching-con-il-remstim-3000\\\/informazioni-importanti\\\/\",\"name\":\"Informazioni importanti - EMDR Ger\u00e4t REMSTIM 3000 gegen Stress\",\"isPartOf\":{\"@id\":\"https:\\\/\\\/remstim.com\\\/it\\\/#website\"},\"datePublished\":\"2011-03-18T17:12:28+00:00\",\"dateModified\":\"2023-09-15T06:59:05+00:00\",\"breadcrumb\":{\"@id\":\"https:\\\/\\\/remstim.com\\\/it\\\/fondamenti-dellutilizzo-dellemdr-nel-coaching-con-il-remstim-3000\\\/informazioni-importanti\\\/#breadcrumb\"},\"inLanguage\":\"it-IT\",\"potentialAction\":[{\"@type\":\"ReadAction\",\"target\":[\"https:\\\/\\\/remstim.com\\\/it\\\/fondamenti-dellutilizzo-dellemdr-nel-coaching-con-il-remstim-3000\\\/informazioni-importanti\\\/\"]}]},{\"@type\":\"BreadcrumbList\",\"@id\":\"https:\\\/\\\/remstim.com\\\/it\\\/fondamenti-dellutilizzo-dellemdr-nel-coaching-con-il-remstim-3000\\\/informazioni-importanti\\\/#breadcrumb\",\"itemListElement\":[{\"@type\":\"ListItem\",\"position\":1,\"name\":\"Startseite\",\"item\":\"https:\\\/\\\/remstim.com\\\/it\\\/\"},{\"@type\":\"ListItem\",\"position\":2,\"name\":\"Fondamenti dell&#8217;utilizzo dell&#8217;EMDR nel coaching con il REMSTIM 3000\",\"item\":\"https:\\\/\\\/remstim.com\\\/it\\\/fondamenti-dellutilizzo-dellemdr-nel-coaching-con-il-remstim-3000\\\/\"},{\"@type\":\"ListItem\",\"position\":3,\"name\":\"Informazioni importanti\"}]},{\"@type\":\"WebSite\",\"@id\":\"https:\\\/\\\/remstim.com\\\/it\\\/#website\",\"url\":\"https:\\\/\\\/remstim.com\\\/it\\\/\",\"name\":\"EMDR Ger\u00e4t REMSTIM 3000 gegen Stress\",\"description\":\"Wie wir schnell Entspannung finden.\",\"publisher\":{\"@id\":\"https:\\\/\\\/remstim.com\\\/it\\\/#organization\"},\"potentialAction\":[{\"@type\":\"SearchAction\",\"target\":{\"@type\":\"EntryPoint\",\"urlTemplate\":\"https:\\\/\\\/remstim.com\\\/it\\\/?s={search_term_string}\"},\"query-input\":{\"@type\":\"PropertyValueSpecification\",\"valueRequired\":true,\"valueName\":\"search_term_string\"}}],\"inLanguage\":\"it-IT\"},{\"@type\":\"Organization\",\"@id\":\"https:\\\/\\\/remstim.com\\\/it\\\/#organization\",\"name\":\"EMDR Ger\u00e4t REMSTIM 3000 gegen Stress\",\"url\":\"https:\\\/\\\/remstim.com\\\/it\\\/\",\"logo\":{\"@type\":\"ImageObject\",\"inLanguage\":\"it-IT\",\"@id\":\"https:\\\/\\\/remstim.com\\\/it\\\/#\\\/schema\\\/logo\\\/image\\\/\",\"url\":\"https:\\\/\\\/remstim.com\\\/wp-content\\\/uploads\\\/2012\\\/06\\\/REMSTIM-Logo-mit-Untertitel_orange-e1340382850185.png\",\"contentUrl\":\"https:\\\/\\\/remstim.com\\\/wp-content\\\/uploads\\\/2012\\\/06\\\/REMSTIM-Logo-mit-Untertitel_orange-e1340382850185.png\",\"width\":304,\"height\":80,\"caption\":\"EMDR Ger\u00e4t REMSTIM 3000 gegen Stress\"},\"image\":{\"@id\":\"https:\\\/\\\/remstim.com\\\/it\\\/#\\\/schema\\\/logo\\\/image\\\/\"}}]}<\/script>\n<!-- \/ Yoast SEO plugin. -->","yoast_head_json":{"title":"Informazioni importanti - EMDR Ger\u00e4t REMSTIM 3000 gegen Stress","robots":{"index":"index","follow":"follow","max-snippet":"max-snippet:-1","max-image-preview":"max-image-preview:large","max-video-preview":"max-video-preview:-1"},"canonical":"https:\/\/remstim.com\/it\/fondamenti-dellutilizzo-dellemdr-nel-coaching-con-il-remstim-3000\/informazioni-importanti\/","og_locale":"it_IT","og_type":"article","og_title":"Informazioni importanti - EMDR Ger\u00e4t REMSTIM 3000 gegen Stress","og_description":"Informazioni importanti Il REMSTIM 3000 \u00e8 un dispositivo di stimolazione del movimento oculare. L&#8217;uso del REMSTIM 3000 per stimolare i movimenti oculari \u00e8 inteso come un allenamento mentale che migliora le prestazioni. Non \u00e8 una procedura diagnostica, un dispositivo medico, una terapia medica o qualsiasi altra forma di cura, non tratta malattie o sintomi di [&hellip;]","og_url":"https:\/\/remstim.com\/it\/fondamenti-dellutilizzo-dellemdr-nel-coaching-con-il-remstim-3000\/informazioni-importanti\/","og_site_name":"EMDR Ger\u00e4t REMSTIM 3000 gegen Stress","article_modified_time":"2023-09-15T06:59:05+00:00","twitter_misc":{"Tempo di lettura stimato":"4 minuti"},"schema":{"@context":"https:\/\/schema.org","@graph":[{"@type":"WebPage","@id":"https:\/\/remstim.com\/it\/fondamenti-dellutilizzo-dellemdr-nel-coaching-con-il-remstim-3000\/informazioni-importanti\/","url":"https:\/\/remstim.com\/it\/fondamenti-dellutilizzo-dellemdr-nel-coaching-con-il-remstim-3000\/informazioni-importanti\/","name":"Informazioni importanti - EMDR Ger\u00e4t REMSTIM 3000 gegen Stress","isPartOf":{"@id":"https:\/\/remstim.com\/it\/#website"},"datePublished":"2011-03-18T17:12:28+00:00","dateModified":"2023-09-15T06:59:05+00:00","breadcrumb":{"@id":"https:\/\/remstim.com\/it\/fondamenti-dellutilizzo-dellemdr-nel-coaching-con-il-remstim-3000\/informazioni-importanti\/#breadcrumb"},"inLanguage":"it-IT","potentialAction":[{"@type":"ReadAction","target":["https:\/\/remstim.com\/it\/fondamenti-dellutilizzo-dellemdr-nel-coaching-con-il-remstim-3000\/informazioni-importanti\/"]}]},{"@type":"BreadcrumbList","@id":"https:\/\/remstim.com\/it\/fondamenti-dellutilizzo-dellemdr-nel-coaching-con-il-remstim-3000\/informazioni-importanti\/#breadcrumb","itemListElement":[{"@type":"ListItem","position":1,"name":"Startseite","item":"https:\/\/remstim.com\/it\/"},{"@type":"ListItem","position":2,"name":"Fondamenti dell&#8217;utilizzo dell&#8217;EMDR nel coaching con il REMSTIM 3000","item":"https:\/\/remstim.com\/it\/fondamenti-dellutilizzo-dellemdr-nel-coaching-con-il-remstim-3000\/"},{"@type":"ListItem","position":3,"name":"Informazioni importanti"}]},{"@type":"WebSite","@id":"https:\/\/remstim.com\/it\/#website","url":"https:\/\/remstim.com\/it\/","name":"EMDR Ger\u00e4t REMSTIM 3000 gegen Stress","description":"Wie wir schnell Entspannung finden.","publisher":{"@id":"https:\/\/remstim.com\/it\/#organization"},"potentialAction":[{"@type":"SearchAction","target":{"@type":"EntryPoint","urlTemplate":"https:\/\/remstim.com\/it\/?s={search_term_string}"},"query-input":{"@type":"PropertyValueSpecification","valueRequired":true,"valueName":"search_term_string"}}],"inLanguage":"it-IT"},{"@type":"Organization","@id":"https:\/\/remstim.com\/it\/#organization","name":"EMDR Ger\u00e4t REMSTIM 3000 gegen Stress","url":"https:\/\/remstim.com\/it\/","logo":{"@type":"ImageObject","inLanguage":"it-IT","@id":"https:\/\/remstim.com\/it\/#\/schema\/logo\/image\/","url":"https:\/\/remstim.com\/wp-content\/uploads\/2012\/06\/REMSTIM-Logo-mit-Untertitel_orange-e1340382850185.png","contentUrl":"https:\/\/remstim.com\/wp-content\/uploads\/2012\/06\/REMSTIM-Logo-mit-Untertitel_orange-e1340382850185.png","width":304,"height":80,"caption":"EMDR Ger\u00e4t REMSTIM 3000 gegen Stress"},"image":{"@id":"https:\/\/remstim.com\/it\/#\/schema\/logo\/image\/"}}]}},"_links":{"self":[{"href":"https:\/\/remstim.com\/it\/wp-json\/wp\/v2\/pages\/17670","targetHints":{"allow":["GET"]}}],"collection":[{"href":"https:\/\/remstim.com\/it\/wp-json\/wp\/v2\/pages"}],"about":[{"href":"https:\/\/remstim.com\/it\/wp-json\/wp\/v2\/types\/page"}],"author":[{"embeddable":true,"href":"https:\/\/remstim.com\/it\/wp-json\/wp\/v2\/users\/1"}],"replies":[{"embeddable":true,"href":"https:\/\/remstim.com\/it\/wp-json\/wp\/v2\/comments?post=17670"}],"version-history":[{"count":0,"href":"https:\/\/remstim.com\/it\/wp-json\/wp\/v2\/pages\/17670\/revisions"}],"up":[{"embeddable":true,"href":"https:\/\/remstim.com\/it\/wp-json\/wp\/v2\/pages\/17660"}],"wp:attachment":[{"href":"https:\/\/remstim.com\/it\/wp-json\/wp\/v2\/media?parent=17670"}],"curies":[{"name":"wp","href":"https:\/\/api.w.org\/{rel}","templated":true}]}}