{"id":17673,"date":"2011-06-08T14:25:45","date_gmt":"2011-06-08T14:25:45","guid":{"rendered":"https:\/\/remstim.de\/remstim-3000\/nota-in-conformita-alla-legge-sulle-batterie-battg\/"},"modified":"2023-09-15T07:39:52","modified_gmt":"2023-09-15T07:39:52","slug":"nota-in-conformita-alla-legge-sulle-batterie-battg","status":"publish","type":"page","link":"https:\/\/remstim.com\/it\/remstim-3000\/nota-in-conformita-alla-legge-sulle-batterie-battg\/","title":{"rendered":"Nota in conformit\u00e0 alla legge sulle batterie (BattG)"},"content":{"rendered":"<h1>Nota in conformit\u00e0 alla legge sulle batterie (BattG)<\/h1>\n<p style=\"text-align: justify;\"><img decoding=\"async\" class=\"alignleft size-full wp-image-1143\" style=\"margin: 5px; border: 3px solid white;\" title=\"batteria legge bidone\" src=\"https:\/\/remstim.com\/wp-content\/uploads\/2011\/06\/batteriegesetz-muelltonne.jpg\" alt=\"\" width=\"170\" height=\"175\">Il <a title=\"REMSTIM 3000\" href=\"https:\/\/remstim.com\/it\/remstim-3000\/\">REMSTIM 3000<\/a> \u00e8 alimentato da una <a title=\"Informazioni sulla batteria a bottone del REMSTIM 3000\" href=\"https:\/\/remstim.com\/it\/remstim-3000\/informazioni-sulla-batteria-a-bottone-del-remstim-3000\/\">batteria<\/a>, inclusa nella fornitura. Pertanto, in conformit\u00e0 alla legge sulle batterie (BattG), siamo tenuti a informarvi di quanto segue:<\/p>\n<p style=\"text-align: justify;\"><strong>Le pile e le batterie ricaricabili non devono essere smaltite nei rifiuti domestici. Siete obbligati per legge a restituire le pile e le batterie ricaricabili usate!<\/strong><\/p>\n<p style=\"text-align: justify;\">Le batterie esauste possono contenere sostanze nocive che possono danneggiare l&#8217;ambiente o la salute se non vengono conservate o smaltite correttamente. Tuttavia, le batterie contengono anche importanti materie prime come ferro, zinco, manganese o nichel e vengono riciclate.<\/p>\n<p style=\"text-align: justify;\">Dopo l&#8217;uso, \u00e8 possibile sostituire le batterie<\/p>\n<ul style=\"text-align: justify;\">\n<li>restituirci (Thomas P.H. Buhl Coaching Instrumente, Am Dachsbau 59, 13503 Berlino)<\/li>\n<li>o nelle immediate vicinanze (ad esempio nei negozi o nei punti di raccolta comunali) gratuitamente.<\/li>\n<\/ul>\n<p style=\"text-align: justify;\">La distribuzione presso i punti vendita deve essere limitata alle quantit\u00e0 abituali per lo smaltimento da parte degli utenti finali e alle batterie esauste che il distributore trasporta o ha trasportato come batterie nuove nella sua gamma di prodotti.<\/p>\n<p style=\"text-align: justify;\">La pattumiera barrata significa che non si devono smaltire le pile e le batterie ricaricabili nei rifiuti domestici.<\/p>\n<p style=\"text-align: justify;\"><strong>Le scritte sotto la pattumiera delle pile e degli accumulatori stanno per:<\/strong><\/p>\n<ul style=\"text-align: justify;\">\n<li>Pb: la batteria contiene piombo<\/li>\n<li>Cd: La batteria contiene cadmio<\/li>\n<li>Hg: la batteria contiene mercurio<\/li>\n<\/ul>\n<p style=\"text-align: justify;\">Queste informazioni si trovano anche nei documenti di accompagnamento<a title=\"Istruzioni per l'uso REMSTIM 3000\" href=\"https:\/\/remstim.com\/it\/remstim-3000\/istruzioni-per-luso-remstim-3000\/\">(istruzioni per l&#8217;uso<\/a>) del <a title=\"REMSTIM 3000\" href=\"https:\/\/remstim.com\/it\/remstim-3000\/\">REMSTIM 3000<\/a>.<\/p>\n","protected":false},"excerpt":{"rendered":"<p>Nota in conformit\u00e0 alla legge sulle batterie (BattG) Il REMSTIM 3000 \u00e8 alimentato da una batteria, inclusa nella fornitura. Pertanto, in conformit\u00e0 alla legge sulle batterie (BattG), siamo tenuti a informarvi di quanto segue: Le pile e le batterie ricaricabili non devono essere smaltite nei rifiuti domestici. Siete obbligati per legge a restituire le pile [&hellip;]<\/p>\n","protected":false},"author":1,"featured_media":0,"parent":17658,"menu_order":10,"comment_status":"closed","ping_status":"closed","template":"","meta":{"_acf_changed":false,"site-sidebar-layout":"default","site-content-layout":"default","ast-site-content-layout":"default","site-content-style":"default","site-sidebar-style":"default","ast-global-header-display":"","ast-banner-title-visibility":"","ast-main-header-display":"","ast-hfb-above-header-display":"","ast-hfb-below-header-display":"","ast-hfb-mobile-header-display":"","site-post-title":"","ast-breadcrumbs-content":"","ast-featured-img":"","footer-sml-layout":"","ast-disable-related-posts":"","theme-transparent-header-meta":"default","adv-header-id-meta":"","stick-header-meta":"default","header-above-stick-meta":"","header-main-stick-meta":"","header-below-stick-meta":"","astra-migrate-meta-layouts":"default","ast-page-background-enabled":"default","ast-page-background-meta":{"desktop":{"background-color":"var(--ast-global-color-4)","background-image":"","background-repeat":"repeat","background-position":"center center","background-size":"auto","background-attachment":"scroll","background-type":"","background-media":"","overlay-type":"","overlay-color":"","overlay-opacity":"","overlay-gradient":""},"tablet":{"background-color":"","background-image":"","background-repeat":"repeat","background-position":"center center","background-size":"auto","background-attachment":"scroll","background-type":"","background-media":"","overlay-type":"","overlay-color":"","overlay-opacity":"","overlay-gradient":""},"mobile":{"background-color":"","background-image":"","background-repeat":"repeat","background-position":"center center","background-size":"auto","background-attachment":"scroll","background-type":"","background-media":"","overlay-type":"","overlay-color":"","overlay-opacity":"","overlay-gradient":""}},"ast-content-background-meta":{"desktop":{"background-color":"var(--ast-global-color-5)","background-image":"","background-repeat":"repeat","background-position":"center center","background-size":"auto","background-attachment":"scroll","background-type":"","background-media":"","overlay-type":"","overlay-color":"","overlay-opacity":"","overlay-gradient":""},"tablet":{"background-color":"var(--ast-global-color-5)","background-image":"","background-repeat":"repeat","background-position":"center center","background-size":"auto","background-attachment":"scroll","background-type":"","background-media":"","overlay-type":"","overlay-color":"","overlay-opacity":"","overlay-gradient":""},"mobile":{"background-color":"var(--ast-global-color-5)","background-image":"","background-repeat":"repeat","background-position":"center center","background-size":"auto","background-attachment":"scroll","background-type":"","background-media":"","overlay-type":"","overlay-color":"","overlay-opacity":"","overlay-gradient":""}},"footnotes":""},"class_list":["post-17673","page","type-page","status-publish","hentry"],"acf":[],"yoast_head":"<!-- This site is optimized with the Yoast SEO plugin v27.3 - https:\/\/yoast.com\/product\/yoast-seo-wordpress\/ -->\n<title>Nota in conformit\u00e0 alla legge sulle batterie (BattG) - EMDR Ger\u00e4t REMSTIM 3000 gegen Stress<\/title>\n<meta name=\"robots\" content=\"noindex, nofollow\" \/>\n<meta property=\"og:locale\" content=\"it_IT\" \/>\n<meta property=\"og:type\" content=\"article\" \/>\n<meta property=\"og:title\" content=\"Nota in conformit\u00e0 alla legge sulle batterie (BattG) - EMDR Ger\u00e4t REMSTIM 3000 gegen Stress\" \/>\n<meta property=\"og:description\" content=\"Nota in conformit\u00e0 alla legge sulle batterie (BattG) Il REMSTIM 3000 \u00e8 alimentato da una batteria, inclusa nella fornitura. Pertanto, in conformit\u00e0 alla legge sulle batterie (BattG), siamo tenuti a informarvi di quanto segue: Le pile e le batterie ricaricabili non devono essere smaltite nei rifiuti domestici. Siete obbligati per legge a restituire le pile [&hellip;]\" \/>\n<meta property=\"og:url\" content=\"https:\/\/remstim.com\/it\/remstim-3000\/nota-in-conformita-alla-legge-sulle-batterie-battg\/\" \/>\n<meta property=\"og:site_name\" content=\"EMDR Ger\u00e4t REMSTIM 3000 gegen Stress\" \/>\n<meta property=\"article:modified_time\" content=\"2023-09-15T07:39:52+00:00\" \/>\n<meta property=\"og:image\" content=\"https:\/\/remstim.com\/wp-content\/uploads\/2011\/06\/batteriegesetz-muelltonne.jpg\" \/>\n<meta name=\"twitter:label1\" content=\"Tempo di lettura stimato\" \/>\n\t<meta name=\"twitter:data1\" content=\"2 minuti\" \/>\n<script type=\"application\/ld+json\" class=\"yoast-schema-graph\">{\"@context\":\"https:\\\/\\\/schema.org\",\"@graph\":[{\"@type\":\"WebPage\",\"@id\":\"https:\\\/\\\/remstim.com\\\/it\\\/remstim-3000\\\/nota-in-conformita-alla-legge-sulle-batterie-battg\\\/\",\"url\":\"https:\\\/\\\/remstim.com\\\/it\\\/remstim-3000\\\/nota-in-conformita-alla-legge-sulle-batterie-battg\\\/\",\"name\":\"Nota in conformit\u00e0 alla legge sulle batterie (BattG) - EMDR Ger\u00e4t REMSTIM 3000 gegen Stress\",\"isPartOf\":{\"@id\":\"https:\\\/\\\/remstim.com\\\/it\\\/#website\"},\"primaryImageOfPage\":{\"@id\":\"https:\\\/\\\/remstim.com\\\/it\\\/remstim-3000\\\/nota-in-conformita-alla-legge-sulle-batterie-battg\\\/#primaryimage\"},\"image\":{\"@id\":\"https:\\\/\\\/remstim.com\\\/it\\\/remstim-3000\\\/nota-in-conformita-alla-legge-sulle-batterie-battg\\\/#primaryimage\"},\"thumbnailUrl\":\"https:\\\/\\\/remstim.com\\\/wp-content\\\/uploads\\\/2011\\\/06\\\/batteriegesetz-muelltonne.jpg\",\"datePublished\":\"2011-06-08T14:25:45+00:00\",\"dateModified\":\"2023-09-15T07:39:52+00:00\",\"breadcrumb\":{\"@id\":\"https:\\\/\\\/remstim.com\\\/it\\\/remstim-3000\\\/nota-in-conformita-alla-legge-sulle-batterie-battg\\\/#breadcrumb\"},\"inLanguage\":\"it-IT\",\"potentialAction\":[{\"@type\":\"ReadAction\",\"target\":[\"https:\\\/\\\/remstim.com\\\/it\\\/remstim-3000\\\/nota-in-conformita-alla-legge-sulle-batterie-battg\\\/\"]}]},{\"@type\":\"ImageObject\",\"inLanguage\":\"it-IT\",\"@id\":\"https:\\\/\\\/remstim.com\\\/it\\\/remstim-3000\\\/nota-in-conformita-alla-legge-sulle-batterie-battg\\\/#primaryimage\",\"url\":\"https:\\\/\\\/remstim.com\\\/wp-content\\\/uploads\\\/2011\\\/06\\\/batteriegesetz-muelltonne.jpg\",\"contentUrl\":\"https:\\\/\\\/remstim.com\\\/wp-content\\\/uploads\\\/2011\\\/06\\\/batteriegesetz-muelltonne.jpg\"},{\"@type\":\"BreadcrumbList\",\"@id\":\"https:\\\/\\\/remstim.com\\\/it\\\/remstim-3000\\\/nota-in-conformita-alla-legge-sulle-batterie-battg\\\/#breadcrumb\",\"itemListElement\":[{\"@type\":\"ListItem\",\"position\":1,\"name\":\"Startseite\",\"item\":\"https:\\\/\\\/remstim.com\\\/it\\\/\"},{\"@type\":\"ListItem\",\"position\":2,\"name\":\"Occhiali EMDR REMSTIM 3000\",\"item\":\"https:\\\/\\\/remstim.com\\\/it\\\/remstim-3000\\\/\"},{\"@type\":\"ListItem\",\"position\":3,\"name\":\"Nota in conformit\u00e0 alla legge sulle batterie (BattG)\"}]},{\"@type\":\"WebSite\",\"@id\":\"https:\\\/\\\/remstim.com\\\/it\\\/#website\",\"url\":\"https:\\\/\\\/remstim.com\\\/it\\\/\",\"name\":\"EMDR Ger\u00e4t REMSTIM 3000 gegen Stress\",\"description\":\"Wie wir schnell Entspannung finden.\",\"publisher\":{\"@id\":\"https:\\\/\\\/remstim.com\\\/it\\\/#organization\"},\"potentialAction\":[{\"@type\":\"SearchAction\",\"target\":{\"@type\":\"EntryPoint\",\"urlTemplate\":\"https:\\\/\\\/remstim.com\\\/it\\\/?s={search_term_string}\"},\"query-input\":{\"@type\":\"PropertyValueSpecification\",\"valueRequired\":true,\"valueName\":\"search_term_string\"}}],\"inLanguage\":\"it-IT\"},{\"@type\":\"Organization\",\"@id\":\"https:\\\/\\\/remstim.com\\\/it\\\/#organization\",\"name\":\"EMDR Ger\u00e4t REMSTIM 3000 gegen Stress\",\"url\":\"https:\\\/\\\/remstim.com\\\/it\\\/\",\"logo\":{\"@type\":\"ImageObject\",\"inLanguage\":\"it-IT\",\"@id\":\"https:\\\/\\\/remstim.com\\\/it\\\/#\\\/schema\\\/logo\\\/image\\\/\",\"url\":\"https:\\\/\\\/remstim.com\\\/wp-content\\\/uploads\\\/2012\\\/06\\\/REMSTIM-Logo-mit-Untertitel_orange-e1340382850185.png\",\"contentUrl\":\"https:\\\/\\\/remstim.com\\\/wp-content\\\/uploads\\\/2012\\\/06\\\/REMSTIM-Logo-mit-Untertitel_orange-e1340382850185.png\",\"width\":304,\"height\":80,\"caption\":\"EMDR Ger\u00e4t REMSTIM 3000 gegen Stress\"},\"image\":{\"@id\":\"https:\\\/\\\/remstim.com\\\/it\\\/#\\\/schema\\\/logo\\\/image\\\/\"}}]}<\/script>\n<!-- \/ Yoast SEO plugin. -->","yoast_head_json":{"title":"Nota in conformit\u00e0 alla legge sulle batterie (BattG) - EMDR Ger\u00e4t REMSTIM 3000 gegen Stress","robots":{"index":"noindex","follow":"nofollow"},"og_locale":"it_IT","og_type":"article","og_title":"Nota in conformit\u00e0 alla legge sulle batterie (BattG) - EMDR Ger\u00e4t REMSTIM 3000 gegen Stress","og_description":"Nota in conformit\u00e0 alla legge sulle batterie (BattG) Il REMSTIM 3000 \u00e8 alimentato da una batteria, inclusa nella fornitura. Pertanto, in conformit\u00e0 alla legge sulle batterie (BattG), siamo tenuti a informarvi di quanto segue: Le pile e le batterie ricaricabili non devono essere smaltite nei rifiuti domestici. Siete obbligati per legge a restituire le pile [&hellip;]","og_url":"https:\/\/remstim.com\/it\/remstim-3000\/nota-in-conformita-alla-legge-sulle-batterie-battg\/","og_site_name":"EMDR Ger\u00e4t REMSTIM 3000 gegen Stress","article_modified_time":"2023-09-15T07:39:52+00:00","og_image":[{"url":"https:\/\/remstim.com\/wp-content\/uploads\/2011\/06\/batteriegesetz-muelltonne.jpg","type":"","width":"","height":""}],"twitter_misc":{"Tempo di lettura stimato":"2 minuti"},"schema":{"@context":"https:\/\/schema.org","@graph":[{"@type":"WebPage","@id":"https:\/\/remstim.com\/it\/remstim-3000\/nota-in-conformita-alla-legge-sulle-batterie-battg\/","url":"https:\/\/remstim.com\/it\/remstim-3000\/nota-in-conformita-alla-legge-sulle-batterie-battg\/","name":"Nota in conformit\u00e0 alla legge sulle batterie (BattG) - EMDR Ger\u00e4t REMSTIM 3000 gegen Stress","isPartOf":{"@id":"https:\/\/remstim.com\/it\/#website"},"primaryImageOfPage":{"@id":"https:\/\/remstim.com\/it\/remstim-3000\/nota-in-conformita-alla-legge-sulle-batterie-battg\/#primaryimage"},"image":{"@id":"https:\/\/remstim.com\/it\/remstim-3000\/nota-in-conformita-alla-legge-sulle-batterie-battg\/#primaryimage"},"thumbnailUrl":"https:\/\/remstim.com\/wp-content\/uploads\/2011\/06\/batteriegesetz-muelltonne.jpg","datePublished":"2011-06-08T14:25:45+00:00","dateModified":"2023-09-15T07:39:52+00:00","breadcrumb":{"@id":"https:\/\/remstim.com\/it\/remstim-3000\/nota-in-conformita-alla-legge-sulle-batterie-battg\/#breadcrumb"},"inLanguage":"it-IT","potentialAction":[{"@type":"ReadAction","target":["https:\/\/remstim.com\/it\/remstim-3000\/nota-in-conformita-alla-legge-sulle-batterie-battg\/"]}]},{"@type":"ImageObject","inLanguage":"it-IT","@id":"https:\/\/remstim.com\/it\/remstim-3000\/nota-in-conformita-alla-legge-sulle-batterie-battg\/#primaryimage","url":"https:\/\/remstim.com\/wp-content\/uploads\/2011\/06\/batteriegesetz-muelltonne.jpg","contentUrl":"https:\/\/remstim.com\/wp-content\/uploads\/2011\/06\/batteriegesetz-muelltonne.jpg"},{"@type":"BreadcrumbList","@id":"https:\/\/remstim.com\/it\/remstim-3000\/nota-in-conformita-alla-legge-sulle-batterie-battg\/#breadcrumb","itemListElement":[{"@type":"ListItem","position":1,"name":"Startseite","item":"https:\/\/remstim.com\/it\/"},{"@type":"ListItem","position":2,"name":"Occhiali EMDR REMSTIM 3000","item":"https:\/\/remstim.com\/it\/remstim-3000\/"},{"@type":"ListItem","position":3,"name":"Nota in conformit\u00e0 alla legge sulle batterie (BattG)"}]},{"@type":"WebSite","@id":"https:\/\/remstim.com\/it\/#website","url":"https:\/\/remstim.com\/it\/","name":"EMDR Ger\u00e4t REMSTIM 3000 gegen Stress","description":"Wie wir schnell Entspannung finden.","publisher":{"@id":"https:\/\/remstim.com\/it\/#organization"},"potentialAction":[{"@type":"SearchAction","target":{"@type":"EntryPoint","urlTemplate":"https:\/\/remstim.com\/it\/?s={search_term_string}"},"query-input":{"@type":"PropertyValueSpecification","valueRequired":true,"valueName":"search_term_string"}}],"inLanguage":"it-IT"},{"@type":"Organization","@id":"https:\/\/remstim.com\/it\/#organization","name":"EMDR Ger\u00e4t REMSTIM 3000 gegen Stress","url":"https:\/\/remstim.com\/it\/","logo":{"@type":"ImageObject","inLanguage":"it-IT","@id":"https:\/\/remstim.com\/it\/#\/schema\/logo\/image\/","url":"https:\/\/remstim.com\/wp-content\/uploads\/2012\/06\/REMSTIM-Logo-mit-Untertitel_orange-e1340382850185.png","contentUrl":"https:\/\/remstim.com\/wp-content\/uploads\/2012\/06\/REMSTIM-Logo-mit-Untertitel_orange-e1340382850185.png","width":304,"height":80,"caption":"EMDR Ger\u00e4t REMSTIM 3000 gegen Stress"},"image":{"@id":"https:\/\/remstim.com\/it\/#\/schema\/logo\/image\/"}}]}},"_links":{"self":[{"href":"https:\/\/remstim.com\/it\/wp-json\/wp\/v2\/pages\/17673","targetHints":{"allow":["GET"]}}],"collection":[{"href":"https:\/\/remstim.com\/it\/wp-json\/wp\/v2\/pages"}],"about":[{"href":"https:\/\/remstim.com\/it\/wp-json\/wp\/v2\/types\/page"}],"author":[{"embeddable":true,"href":"https:\/\/remstim.com\/it\/wp-json\/wp\/v2\/users\/1"}],"replies":[{"embeddable":true,"href":"https:\/\/remstim.com\/it\/wp-json\/wp\/v2\/comments?post=17673"}],"version-history":[{"count":0,"href":"https:\/\/remstim.com\/it\/wp-json\/wp\/v2\/pages\/17673\/revisions"}],"up":[{"embeddable":true,"href":"https:\/\/remstim.com\/it\/wp-json\/wp\/v2\/pages\/17658"}],"wp:attachment":[{"href":"https:\/\/remstim.com\/it\/wp-json\/wp\/v2\/media?parent=17673"}],"curies":[{"name":"wp","href":"https:\/\/api.w.org\/{rel}","templated":true}]}}