{"id":17678,"date":"2011-11-05T15:30:19","date_gmt":"2011-11-05T15:30:19","guid":{"rendered":"https:\/\/remstim.de\/auto-allenamento-in-6-passi-con-lemdr-grazie-a-remstim-3000\/fase-4-dellautoapprendimento-emdr-intervento-con-il-remstim-3000-elaborazione\/"},"modified":"2023-09-15T07:39:56","modified_gmt":"2023-09-15T07:39:56","slug":"fase-4-dellautoapprendimento-emdr-intervento-con-il-remstim-3000-elaborazione","status":"publish","type":"page","link":"https:\/\/remstim.com\/it\/auto-allenamento-in-6-passi-con-lemdr-grazie-a-remstim-3000\/fase-4-dellautoapprendimento-emdr-intervento-con-il-remstim-3000-elaborazione\/","title":{"rendered":"Fase 4 dell&#8217;autoapprendimento EMDR: intervento con il REMSTIM 3000 (elaborazione)"},"content":{"rendered":"<p>Torniamo alla <a title=\"Fase 3 del self-coaching: determinare le sensazioni del corpo\" href=\"https:\/\/remstim.com\/it\/auto-allenamento-in-6-passi-con-lemdr-grazie-a-remstim-3000\/fase-3-dellauto-coaching-emdr-determinare-le-sensazioni-corporee\/\">fase 3: determinare le sensazioni corporee<\/a>&#8230;<\/p>\n\t\t<div data-elementor-type=\"section\" data-elementor-id=\"18092\" class=\"elementor elementor-18092 elementor-9817\" data-elementor-post-type=\"elementor_library\">\n\t\t\t\t\t<section class=\"elementor-section elementor-top-section elementor-element elementor-element-47efeee0 elementor-section-full_width elementor-section-height-default elementor-section-height-default\" data-id=\"47efeee0\" data-element_type=\"section\" data-e-type=\"section\">\n\t\t\t\t\t\t<div class=\"elementor-container elementor-column-gap-default\">\n\t\t\t\t\t<div class=\"elementor-column elementor-col-100 elementor-top-column elementor-element elementor-element-37de530b\" data-id=\"37de530b\" data-element_type=\"column\" data-e-type=\"column\">\n\t\t\t<div class=\"elementor-widget-wrap elementor-element-populated\">\n\t\t\t\t\t\t<section class=\"elementor-section elementor-inner-section elementor-element elementor-element-2b341550 elementor-section-full_width elementor-section-height-default elementor-section-height-default\" data-id=\"2b341550\" data-element_type=\"section\" data-e-type=\"section\">\n\t\t\t\t\t\t<div class=\"elementor-container elementor-column-gap-default\">\n\t\t\t\t\t<div class=\"elementor-column elementor-col-100 elementor-inner-column elementor-element elementor-element-5ab8aa5c\" data-id=\"5ab8aa5c\" data-element_type=\"column\" data-e-type=\"column\">\n\t\t\t<div class=\"elementor-widget-wrap elementor-element-populated\">\n\t\t\t\t\t\t<div class=\"elementor-element elementor-element-72480929 elementor-widget elementor-widget-heading\" data-id=\"72480929\" data-element_type=\"widget\" data-e-type=\"widget\" data-widget_type=\"heading.default\">\n\t\t\t\t<div class=\"elementor-widget-container\">\n\t\t\t\t\t<h2 class=\"elementor-heading-title elementor-size-default\">Quarta fase dell'auto-coaching EMDR:\nIntervento con il REMSTIM 3000 (elaborazione)<\/h2>\t\t\t\t<\/div>\n\t\t\t\t<\/div>\n\t\t\t\t<div class=\"elementor-element elementor-element-1a73298d elementor-icon-list--layout-traditional elementor-list-item-link-full_width elementor-widget elementor-widget-icon-list\" data-id=\"1a73298d\" data-element_type=\"widget\" data-e-type=\"widget\" data-widget_type=\"icon-list.default\">\n\t\t\t\t<div class=\"elementor-widget-container\">\n\t\t\t\t\t\t\t<ul class=\"elementor-icon-list-items\">\n\t\t\t\t\t\t\t<li class=\"elementor-icon-list-item\">\n\t\t\t\t\t\t\t\t\t\t\t<span class=\"elementor-icon-list-icon\">\n\t\t\t\t\t\t\t<i aria-hidden=\"true\" class=\"fas fa-arrow-right\"><\/i>\t\t\t\t\t\t<\/span>\n\t\t\t\t\t\t\t\t\t\t<span class=\"elementor-icon-list-text\">Siate consapevoli del vostro soggetto e delle vostre emozioni. Sentite la vostra sensazione fisica (anche la non-sensazione) adesso!<\/span>\n\t\t\t\t\t\t\t\t\t<\/li>\n\t\t\t\t\t\t\t\t<li class=\"elementor-icon-list-item\">\n\t\t\t\t\t\t\t\t\t\t\t<span class=\"elementor-icon-list-icon\">\n\t\t\t\t\t\t\t<i aria-hidden=\"true\" class=\"fas fa-arrow-right\"><\/i>\t\t\t\t\t\t<\/span>\n\t\t\t\t\t\t\t\t\t\t<span class=\"elementor-icon-list-text\">Avviare ora un'applicazione del REMSTIM 3000<\/span>\n\t\t\t\t\t\t\t\t\t<\/li>\n\t\t\t\t\t\t\t\t<li class=\"elementor-icon-list-item\">\n\t\t\t\t\t\t\t\t\t\t\t<span class=\"elementor-icon-list-icon\">\n\t\t\t\t\t\t\t<i aria-hidden=\"true\" class=\"fas fa-arrow-right\"><\/i>\t\t\t\t\t\t<\/span>\n\t\t\t\t\t\t\t\t\t\t<span class=\"elementor-icon-list-text\">Respirate con calma e regolarmente!<\/span>\n\t\t\t\t\t\t\t\t\t<\/li>\n\t\t\t\t\t\t\t\t<li class=\"elementor-icon-list-item\">\n\t\t\t\t\t\t\t\t\t\t\t<span class=\"elementor-icon-list-icon\">\n\t\t\t\t\t\t\t<i aria-hidden=\"true\" class=\"fas fa-arrow-right\"><\/i>\t\t\t\t\t\t<\/span>\n\t\t\t\t\t\t\t\t\t\t<span class=\"elementor-icon-list-text\">Al termine dell'applicazione di REMSTIM 3000, inspirare profondamente e lasciare andare l'espirazione.<\/span>\n\t\t\t\t\t\t\t\t\t<\/li>\n\t\t\t\t\t\t\t\t<li class=\"elementor-icon-list-item\">\n\t\t\t\t\t\t\t\t\t\t\t<span class=\"elementor-icon-list-icon\">\n\t\t\t\t\t\t\t<i aria-hidden=\"true\" class=\"fas fa-arrow-right\"><\/i>\t\t\t\t\t\t<\/span>\n\t\t\t\t\t\t\t\t\t\t<span class=\"elementor-icon-list-text\">Cosa \u00e8 cambiato all'interno? Osservate le vostre emozioni, le sensazioni del vostro corpo, quando pensate al vostro tema dall'inizio (associazioni?).<\/span>\n\t\t\t\t\t\t\t\t\t<\/li>\n\t\t\t\t\t\t<\/ul>\n\t\t\t\t\t\t<\/div>\n\t\t\t\t<\/div>\n\t\t\t\t<div class=\"elementor-element elementor-element-2fd722b elementor-widget elementor-widget-text-editor\" data-id=\"2fd722b\" data-element_type=\"widget\" data-e-type=\"widget\" data-widget_type=\"text-editor.default\">\n\t\t\t\t<div class=\"elementor-widget-container\">\n\t\t\t\t\t\t\t\t\t<p>Tornate all&#8217;inizio, al primo punto dell&#8217;intervento (Fase 4) e ricominciate il processo. Ripetete il processo tutte le volte che volete. Ad esempio, fino a quando non vi sentirete allontanati e liberati dal vostro problema.<\/p>\n\t\t\t\t\t\t\t\t<\/div>\n\t\t\t\t<\/div>\n\t\t\t\t\t<\/div>\n\t\t<\/div>\n\t\t\t\t\t<\/div>\n\t\t<\/section>\n\t\t\t\t\t<\/div>\n\t\t<\/div>\n\t\t\t\t\t<\/div>\n\t\t<\/section>\n\t\t\t\t<\/div>\n\t\t\n<p>Continuare con il <a title=\"Fase 5 del self-coaching: rivelare ed elaborare i sentimenti residui\" href=\"https:\/\/remstim.com\/it\/auto-allenamento-in-6-passi-con-lemdr-grazie-a-remstim-3000\/fase-5-dellautoapprendimento-emdr-rivelare-ed-elaborare-le-sensazioni-residue\/\">5\u00b0 passo del self-coaching: elaborare i sentimenti residui<\/a>&#8230;<\/p>\n<p><iframe src=\"https:\/\/www.youtube.com\/embed\/mqMflRFUjW0?rel=0\" width=\"560\" height=\"315\" frameborder=\"0\" allowfullscreen=\"allowfullscreen\"><\/iframe><br \/>\nPer saperne di pi\u00f9 sulla <a href=\"https:\/\/remstim.com\/it\/unadeguata-stimolazione-visiva-e-essenziale-per-lemdr-e-la-sua-efficacia\/\">corretta esecuzione dei movimenti oculari rapidi (continua)<\/a><\/p>\n<p><strong>Consigli utili:<\/strong><\/p>\n<h2>Applicare l&#8217;intervento (elaborazione) con l&#8217;aiuto del REMSTIM 3000 nell&#8217;auto-istruzione con EMDR.<\/h2>\n<p>La quarta fase consiste nell&#8217;intervento centrale. Si chiama anche &#8220;elaborazione&#8221; perch\u00e9 gli stati mentali, emotivi e fisici vengono &#8220;elaborati&#8221; con l&#8217;aiuto della stimolazione visiva. \u00c8 qui che interviene la <a title=\"Stimolazione dei movimenti oculari rapidi\" href=\"https:\/\/remstim.com\/it\/fondamenti-dellutilizzo-dellemdr-nel-coaching-con-il-remstim-3000\/stimolazione-dei-movimenti-oculari-rapidi\/\">Stimolazione Rapida dei Movimenti Oculari<\/a>. Naturalmente, la stimolazione bilaterale pu\u00f2 essere eseguita anche in modo uditivo o tattile. Tuttavia, il metodo EMDR \u00e8 diventato famoso per i suoi movimenti oculari rapidi, che ricordano le fasi REM del sonno. Le osservazioni suggeriscono che la stimolazione visiva \u00e8 superiore alle altre forme, il che varia in ultima analisi da utente a utente.<\/p>\n<h3>\u00c8 particolarmente utile prestare attenzione nella fase di intervento dell&#8217;EMDR.<\/h3>\n<p>Quindi, poco prima di un intervento, concentratevi sul vostro problema, notate le vostre emozioni e sentite dentro di voi per prendere coscienza delle vostre sensazioni fisiche. Una volta trovato ci\u00f2 che cercate, iniziate una serie di rapidi movimenti oculari. Il modo migliore \u00e8 quello di utilizzare il <a title=\"REMSTIM 3000\" href=\"https:\/\/remstim.com\/it\/remstim-3000\/\">REMSTIM 3000<\/a>. Questo perch\u00e9 il dispositivo EMDR ha il vantaggio di guidare gli occhi in un rapido avanti e indietro. \u00c8 sufficiente seguire con gli occhi il sottile impulso luminoso. Allo stesso tempo, ci si pu\u00f2 concentrare sul proprio io interiore per vedere cosa succede durante e dopo un intervento. Qualsiasi cosa sia, prendetela e seguitela.<\/p>\n<p>Dopo ogni serie di stimoli visivi, prendetevi un momento per scoprire cosa \u00e8 cambiato nel vostro problema, nelle vostre emozioni e nelle sensazioni del vostro corpo. \u00c8 forse sorta una nuova immagine nella vostra mente? Ci sono nuove associazioni? Nuove emozioni? Oppure il luogo della vostra sensazione fisica \u00e8 cambiato dentro di voi? Il <a title=\"I marcatori emotivi vagano\" href=\"https:\/\/remstim.com\/it\/sciogliere-i-marcatori-somatici-grazie-allemdr\/\">marcatore del corpo emotivo dentro di voi<\/a> ha <a title=\"I marcatori emotivi vagano\" href=\"https:\/\/remstim.com\/it\/sciogliere-i-marcatori-somatici-grazie-allemdr\/\">vagato<\/a> e si sta facendo sentire in un&#8217;altra parte del vostro corpo?<\/p>\n<p>Non importa cosa sia. Basta notarlo e ricominciare il processo di intervento EMDR della quarta fase fino a quando non si \u00e8 raggiunto uno stato emotivo e fisico, ma anche mentale, che si sente meglio rispetto al tema iniziale e che non si vuole ottimizzare ulteriormente per il momento. Perch\u00e9 avete l&#8217;opportunit\u00e0 di farlo <a title=\"Fase 5 dell'autoapprendimento EMDR: rivelare ed elaborare le sensazioni residue\" href=\"https:\/\/remstim.com\/it\/auto-allenamento-in-6-passi-con-lemdr-grazie-a-remstim-3000\/fase-5-dellautoapprendimento-emdr-rivelare-ed-elaborare-le-sensazioni-residue\/\">nel prossimo 5\u00b0 passo<\/a>.<\/p>\n","protected":false},"excerpt":{"rendered":"<p>Torniamo alla fase 3: determinare le sensazioni corporee&#8230; Continuare con il 5\u00b0 passo del self-coaching: elaborare i sentimenti residui&#8230; Per saperne di pi\u00f9 sulla corretta esecuzione dei movimenti oculari rapidi (continua) Consigli utili: Applicare l&#8217;intervento (elaborazione) con l&#8217;aiuto del REMSTIM 3000 nell&#8217;auto-istruzione con EMDR. La quarta fase consiste nell&#8217;intervento centrale. Si chiama anche &#8220;elaborazione&#8221; perch\u00e9 [&hellip;]<\/p>\n","protected":false},"author":1,"featured_media":0,"parent":17675,"menu_order":4,"comment_status":"closed","ping_status":"closed","template":"","meta":{"_acf_changed":false,"site-sidebar-layout":"default","site-content-layout":"default","ast-site-content-layout":"default","site-content-style":"default","site-sidebar-style":"default","ast-global-header-display":"","ast-banner-title-visibility":"","ast-main-header-display":"","ast-hfb-above-header-display":"","ast-hfb-below-header-display":"","ast-hfb-mobile-header-display":"","site-post-title":"","ast-breadcrumbs-content":"","ast-featured-img":"","footer-sml-layout":"","ast-disable-related-posts":"","theme-transparent-header-meta":"default","adv-header-id-meta":"","stick-header-meta":"default","header-above-stick-meta":"","header-main-stick-meta":"","header-below-stick-meta":"","astra-migrate-meta-layouts":"default","ast-page-background-enabled":"default","ast-page-background-meta":{"desktop":{"background-color":"var(--ast-global-color-4)","background-image":"","background-repeat":"repeat","background-position":"center center","background-size":"auto","background-attachment":"scroll","background-type":"","background-media":"","overlay-type":"","overlay-color":"","overlay-opacity":"","overlay-gradient":""},"tablet":{"background-color":"","background-image":"","background-repeat":"repeat","background-position":"center center","background-size":"auto","background-attachment":"scroll","background-type":"","background-media":"","overlay-type":"","overlay-color":"","overlay-opacity":"","overlay-gradient":""},"mobile":{"background-color":"","background-image":"","background-repeat":"repeat","background-position":"center center","background-size":"auto","background-attachment":"scroll","background-type":"","background-media":"","overlay-type":"","overlay-color":"","overlay-opacity":"","overlay-gradient":""}},"ast-content-background-meta":{"desktop":{"background-color":"var(--ast-global-color-5)","background-image":"","background-repeat":"repeat","background-position":"center center","background-size":"auto","background-attachment":"scroll","background-type":"","background-media":"","overlay-type":"","overlay-color":"","overlay-opacity":"","overlay-gradient":""},"tablet":{"background-color":"var(--ast-global-color-5)","background-image":"","background-repeat":"repeat","background-position":"center center","background-size":"auto","background-attachment":"scroll","background-type":"","background-media":"","overlay-type":"","overlay-color":"","overlay-opacity":"","overlay-gradient":""},"mobile":{"background-color":"var(--ast-global-color-5)","background-image":"","background-repeat":"repeat","background-position":"center center","background-size":"auto","background-attachment":"scroll","background-type":"","background-media":"","overlay-type":"","overlay-color":"","overlay-opacity":"","overlay-gradient":""}},"footnotes":""},"class_list":["post-17678","page","type-page","status-publish","hentry"],"acf":[],"yoast_head":"<!-- This site is optimized with the Yoast SEO plugin v27.3 - https:\/\/yoast.com\/product\/yoast-seo-wordpress\/ -->\n<title>Fase 4 dell&#039;autoapprendimento EMDR con il REMSTIM 3000: intervento<\/title>\n<meta name=\"description\" content=\"Durante la quarta fase dell&#039;autoapprendimento EMDR con il REMSTIM 3000 si verifica l&#039;intervento, l&#039;elaborazione, che ha reso l&#039;EMDR famoso in tutto il mondo.\" \/>\n<meta name=\"robots\" content=\"index, follow, max-snippet:-1, max-image-preview:large, max-video-preview:-1\" \/>\n<link rel=\"canonical\" href=\"https:\/\/remstim.com\/it\/auto-allenamento-in-6-passi-con-lemdr-grazie-a-remstim-3000\/fase-4-dellautoapprendimento-emdr-intervento-con-il-remstim-3000-elaborazione\/\" \/>\n<meta property=\"og:locale\" content=\"it_IT\" \/>\n<meta property=\"og:type\" content=\"article\" \/>\n<meta property=\"og:title\" content=\"Fase 4 dell&#039;autoapprendimento EMDR con il REMSTIM 3000: intervento\" \/>\n<meta property=\"og:description\" content=\"Durante la quarta fase dell&#039;autoapprendimento EMDR con il REMSTIM 3000 si verifica l&#039;intervento, l&#039;elaborazione, che ha reso l&#039;EMDR famoso in tutto il mondo.\" \/>\n<meta property=\"og:url\" content=\"https:\/\/remstim.com\/it\/auto-allenamento-in-6-passi-con-lemdr-grazie-a-remstim-3000\/fase-4-dellautoapprendimento-emdr-intervento-con-il-remstim-3000-elaborazione\/\" \/>\n<meta property=\"og:site_name\" content=\"EMDR Ger\u00e4t REMSTIM 3000 gegen Stress\" \/>\n<meta property=\"article:modified_time\" content=\"2023-09-15T07:39:56+00:00\" \/>\n<meta name=\"twitter:label1\" content=\"Tempo di lettura stimato\" \/>\n\t<meta name=\"twitter:data1\" content=\"3 minuti\" \/>\n<script type=\"application\/ld+json\" class=\"yoast-schema-graph\">{\"@context\":\"https:\\\/\\\/schema.org\",\"@graph\":[{\"@type\":\"WebPage\",\"@id\":\"https:\\\/\\\/remstim.com\\\/it\\\/auto-allenamento-in-6-passi-con-lemdr-grazie-a-remstim-3000\\\/fase-4-dellautoapprendimento-emdr-intervento-con-il-remstim-3000-elaborazione\\\/\",\"url\":\"https:\\\/\\\/remstim.com\\\/it\\\/auto-allenamento-in-6-passi-con-lemdr-grazie-a-remstim-3000\\\/fase-4-dellautoapprendimento-emdr-intervento-con-il-remstim-3000-elaborazione\\\/\",\"name\":\"Fase 4 dell'autoapprendimento EMDR con il REMSTIM 3000: intervento\",\"isPartOf\":{\"@id\":\"https:\\\/\\\/remstim.com\\\/it\\\/#website\"},\"datePublished\":\"2011-11-05T15:30:19+00:00\",\"dateModified\":\"2023-09-15T07:39:56+00:00\",\"description\":\"Durante la quarta fase dell'autoapprendimento EMDR con il REMSTIM 3000 si verifica l'intervento, l'elaborazione, che ha reso l'EMDR famoso in tutto il mondo.\",\"breadcrumb\":{\"@id\":\"https:\\\/\\\/remstim.com\\\/it\\\/auto-allenamento-in-6-passi-con-lemdr-grazie-a-remstim-3000\\\/fase-4-dellautoapprendimento-emdr-intervento-con-il-remstim-3000-elaborazione\\\/#breadcrumb\"},\"inLanguage\":\"it-IT\",\"potentialAction\":[{\"@type\":\"ReadAction\",\"target\":[\"https:\\\/\\\/remstim.com\\\/it\\\/auto-allenamento-in-6-passi-con-lemdr-grazie-a-remstim-3000\\\/fase-4-dellautoapprendimento-emdr-intervento-con-il-remstim-3000-elaborazione\\\/\"]}]},{\"@type\":\"BreadcrumbList\",\"@id\":\"https:\\\/\\\/remstim.com\\\/it\\\/auto-allenamento-in-6-passi-con-lemdr-grazie-a-remstim-3000\\\/fase-4-dellautoapprendimento-emdr-intervento-con-il-remstim-3000-elaborazione\\\/#breadcrumb\",\"itemListElement\":[{\"@type\":\"ListItem\",\"position\":1,\"name\":\"Startseite\",\"item\":\"https:\\\/\\\/remstim.com\\\/it\\\/\"},{\"@type\":\"ListItem\",\"position\":2,\"name\":\"Auto-allenamento in 6 passi con l&#8217;EMDR grazie a REMSTIM 3000\",\"item\":\"https:\\\/\\\/remstim.com\\\/it\\\/auto-allenamento-in-6-passi-con-lemdr-grazie-a-remstim-3000\\\/\"},{\"@type\":\"ListItem\",\"position\":3,\"name\":\"Fase 4 dell&#8217;autoapprendimento EMDR: intervento con il REMSTIM 3000 (elaborazione)\"}]},{\"@type\":\"WebSite\",\"@id\":\"https:\\\/\\\/remstim.com\\\/it\\\/#website\",\"url\":\"https:\\\/\\\/remstim.com\\\/it\\\/\",\"name\":\"EMDR Ger\u00e4t REMSTIM 3000 gegen Stress\",\"description\":\"Wie wir schnell Entspannung finden.\",\"publisher\":{\"@id\":\"https:\\\/\\\/remstim.com\\\/it\\\/#organization\"},\"potentialAction\":[{\"@type\":\"SearchAction\",\"target\":{\"@type\":\"EntryPoint\",\"urlTemplate\":\"https:\\\/\\\/remstim.com\\\/it\\\/?s={search_term_string}\"},\"query-input\":{\"@type\":\"PropertyValueSpecification\",\"valueRequired\":true,\"valueName\":\"search_term_string\"}}],\"inLanguage\":\"it-IT\"},{\"@type\":\"Organization\",\"@id\":\"https:\\\/\\\/remstim.com\\\/it\\\/#organization\",\"name\":\"EMDR Ger\u00e4t REMSTIM 3000 gegen Stress\",\"url\":\"https:\\\/\\\/remstim.com\\\/it\\\/\",\"logo\":{\"@type\":\"ImageObject\",\"inLanguage\":\"it-IT\",\"@id\":\"https:\\\/\\\/remstim.com\\\/it\\\/#\\\/schema\\\/logo\\\/image\\\/\",\"url\":\"https:\\\/\\\/remstim.com\\\/wp-content\\\/uploads\\\/2012\\\/06\\\/REMSTIM-Logo-mit-Untertitel_orange-e1340382850185.png\",\"contentUrl\":\"https:\\\/\\\/remstim.com\\\/wp-content\\\/uploads\\\/2012\\\/06\\\/REMSTIM-Logo-mit-Untertitel_orange-e1340382850185.png\",\"width\":304,\"height\":80,\"caption\":\"EMDR Ger\u00e4t REMSTIM 3000 gegen Stress\"},\"image\":{\"@id\":\"https:\\\/\\\/remstim.com\\\/it\\\/#\\\/schema\\\/logo\\\/image\\\/\"}}]}<\/script>\n<!-- \/ Yoast SEO plugin. -->","yoast_head_json":{"title":"Fase 4 dell'autoapprendimento EMDR con il REMSTIM 3000: intervento","description":"Durante la quarta fase dell'autoapprendimento EMDR con il REMSTIM 3000 si verifica l'intervento, l'elaborazione, che ha reso l'EMDR famoso in tutto il mondo.","robots":{"index":"index","follow":"follow","max-snippet":"max-snippet:-1","max-image-preview":"max-image-preview:large","max-video-preview":"max-video-preview:-1"},"canonical":"https:\/\/remstim.com\/it\/auto-allenamento-in-6-passi-con-lemdr-grazie-a-remstim-3000\/fase-4-dellautoapprendimento-emdr-intervento-con-il-remstim-3000-elaborazione\/","og_locale":"it_IT","og_type":"article","og_title":"Fase 4 dell'autoapprendimento EMDR con il REMSTIM 3000: intervento","og_description":"Durante la quarta fase dell'autoapprendimento EMDR con il REMSTIM 3000 si verifica l'intervento, l'elaborazione, che ha reso l'EMDR famoso in tutto il mondo.","og_url":"https:\/\/remstim.com\/it\/auto-allenamento-in-6-passi-con-lemdr-grazie-a-remstim-3000\/fase-4-dellautoapprendimento-emdr-intervento-con-il-remstim-3000-elaborazione\/","og_site_name":"EMDR Ger\u00e4t REMSTIM 3000 gegen Stress","article_modified_time":"2023-09-15T07:39:56+00:00","twitter_misc":{"Tempo di lettura stimato":"3 minuti"},"schema":{"@context":"https:\/\/schema.org","@graph":[{"@type":"WebPage","@id":"https:\/\/remstim.com\/it\/auto-allenamento-in-6-passi-con-lemdr-grazie-a-remstim-3000\/fase-4-dellautoapprendimento-emdr-intervento-con-il-remstim-3000-elaborazione\/","url":"https:\/\/remstim.com\/it\/auto-allenamento-in-6-passi-con-lemdr-grazie-a-remstim-3000\/fase-4-dellautoapprendimento-emdr-intervento-con-il-remstim-3000-elaborazione\/","name":"Fase 4 dell'autoapprendimento EMDR con il REMSTIM 3000: intervento","isPartOf":{"@id":"https:\/\/remstim.com\/it\/#website"},"datePublished":"2011-11-05T15:30:19+00:00","dateModified":"2023-09-15T07:39:56+00:00","description":"Durante la quarta fase dell'autoapprendimento EMDR con il REMSTIM 3000 si verifica l'intervento, l'elaborazione, che ha reso l'EMDR famoso in tutto il mondo.","breadcrumb":{"@id":"https:\/\/remstim.com\/it\/auto-allenamento-in-6-passi-con-lemdr-grazie-a-remstim-3000\/fase-4-dellautoapprendimento-emdr-intervento-con-il-remstim-3000-elaborazione\/#breadcrumb"},"inLanguage":"it-IT","potentialAction":[{"@type":"ReadAction","target":["https:\/\/remstim.com\/it\/auto-allenamento-in-6-passi-con-lemdr-grazie-a-remstim-3000\/fase-4-dellautoapprendimento-emdr-intervento-con-il-remstim-3000-elaborazione\/"]}]},{"@type":"BreadcrumbList","@id":"https:\/\/remstim.com\/it\/auto-allenamento-in-6-passi-con-lemdr-grazie-a-remstim-3000\/fase-4-dellautoapprendimento-emdr-intervento-con-il-remstim-3000-elaborazione\/#breadcrumb","itemListElement":[{"@type":"ListItem","position":1,"name":"Startseite","item":"https:\/\/remstim.com\/it\/"},{"@type":"ListItem","position":2,"name":"Auto-allenamento in 6 passi con l&#8217;EMDR grazie a REMSTIM 3000","item":"https:\/\/remstim.com\/it\/auto-allenamento-in-6-passi-con-lemdr-grazie-a-remstim-3000\/"},{"@type":"ListItem","position":3,"name":"Fase 4 dell&#8217;autoapprendimento EMDR: intervento con il REMSTIM 3000 (elaborazione)"}]},{"@type":"WebSite","@id":"https:\/\/remstim.com\/it\/#website","url":"https:\/\/remstim.com\/it\/","name":"EMDR Ger\u00e4t REMSTIM 3000 gegen Stress","description":"Wie wir schnell Entspannung finden.","publisher":{"@id":"https:\/\/remstim.com\/it\/#organization"},"potentialAction":[{"@type":"SearchAction","target":{"@type":"EntryPoint","urlTemplate":"https:\/\/remstim.com\/it\/?s={search_term_string}"},"query-input":{"@type":"PropertyValueSpecification","valueRequired":true,"valueName":"search_term_string"}}],"inLanguage":"it-IT"},{"@type":"Organization","@id":"https:\/\/remstim.com\/it\/#organization","name":"EMDR Ger\u00e4t REMSTIM 3000 gegen Stress","url":"https:\/\/remstim.com\/it\/","logo":{"@type":"ImageObject","inLanguage":"it-IT","@id":"https:\/\/remstim.com\/it\/#\/schema\/logo\/image\/","url":"https:\/\/remstim.com\/wp-content\/uploads\/2012\/06\/REMSTIM-Logo-mit-Untertitel_orange-e1340382850185.png","contentUrl":"https:\/\/remstim.com\/wp-content\/uploads\/2012\/06\/REMSTIM-Logo-mit-Untertitel_orange-e1340382850185.png","width":304,"height":80,"caption":"EMDR Ger\u00e4t REMSTIM 3000 gegen Stress"},"image":{"@id":"https:\/\/remstim.com\/it\/#\/schema\/logo\/image\/"}}]}},"_links":{"self":[{"href":"https:\/\/remstim.com\/it\/wp-json\/wp\/v2\/pages\/17678","targetHints":{"allow":["GET"]}}],"collection":[{"href":"https:\/\/remstim.com\/it\/wp-json\/wp\/v2\/pages"}],"about":[{"href":"https:\/\/remstim.com\/it\/wp-json\/wp\/v2\/types\/page"}],"author":[{"embeddable":true,"href":"https:\/\/remstim.com\/it\/wp-json\/wp\/v2\/users\/1"}],"replies":[{"embeddable":true,"href":"https:\/\/remstim.com\/it\/wp-json\/wp\/v2\/comments?post=17678"}],"version-history":[{"count":0,"href":"https:\/\/remstim.com\/it\/wp-json\/wp\/v2\/pages\/17678\/revisions"}],"up":[{"embeddable":true,"href":"https:\/\/remstim.com\/it\/wp-json\/wp\/v2\/pages\/17675"}],"wp:attachment":[{"href":"https:\/\/remstim.com\/it\/wp-json\/wp\/v2\/media?parent=17678"}],"curies":[{"name":"wp","href":"https:\/\/api.w.org\/{rel}","templated":true}]}}