{"id":17689,"date":"2013-09-21T17:54:12","date_gmt":"2013-09-21T17:54:12","guid":{"rendered":"https:\/\/remstim.de\/remstim-3000\/informazioni-sulla-batteria-a-bottone-del-remstim-3000\/"},"modified":"2023-09-15T07:40:00","modified_gmt":"2023-09-15T07:40:00","slug":"informazioni-sulla-batteria-a-bottone-del-remstim-3000","status":"publish","type":"page","link":"https:\/\/remstim.com\/it\/remstim-3000\/informazioni-sulla-batteria-a-bottone-del-remstim-3000\/","title":{"rendered":"Informazioni sulla batteria a bottone del REMSTIM 3000"},"content":{"rendered":"<h1>Informazioni sulla batteria a bottone del REMSTIM 3000<\/h1>\n<p><img decoding=\"async\" class=\"alignleft wp-image-3868\" src=\"https:\/\/remstim.com\/wp-content\/uploads\/2013\/09\/Varta-CR1620.jpg\" alt=\"Batteria a bottone per unit\u00e0 EMDR REMSTIM 3000\" width=\"252\" height=\"188\" srcset=\"https:\/\/remstim.com\/wp-content\/uploads\/2013\/09\/Varta-CR1620.jpg 600w, https:\/\/remstim.com\/wp-content\/uploads\/2013\/09\/Varta-CR1620-300x224.jpg 300w\" sizes=\"(max-width: 252px) 100vw, 252px\" \/>Grazie alla loro struttura (elettronica, chip, LED, ecc.), gli occhiali <a title=\"REMSTIM 3000\" href=\"https:\/\/remstim.com\/it\/remstim-3000\/\">REMSTIM 3000<\/a> EMDR richiedono pochissima energia durante il funzionamento, tanto che \u00e8 sufficiente una piccola batteria standard a bottone.<\/p>\n<p>La potenza della batteria a bottone utilizzata \u00e8 molte volte inferiore a quella di una normale batteria ricaricabile di un telefono cellulare. Il REMSTIM 3000 non produce alcuna potenza di trasmissione o ricezione come un telefono cellulare.<\/p>\n<p>Le celle a bottone di questo tipo sono regolarmente utilizzate, tra l&#8217;altro, negli orologi da polso.<\/p>\n<p>L&#8217;unit\u00e0 EMDR <a title=\"REMSTIM 3000\" href=\"https:\/\/remstim.com\/it\/remstim-3000\/\">REMSTIM 3000<\/a> \u00e8 alimentata da <strong>una sola batteria a bottone da 3 V<\/strong>.<\/p>\n<p>Il supporto per le pile a bottone e la batteria a bottone sono facilmente accessibili per una rapida sostituzione della batteria a bottone.<\/p>\n<p><img fetchpriority=\"high\" decoding=\"async\" class=\" wp-image-3869 alignright\" src=\"https:\/\/remstim.com\/wp-content\/uploads\/2013\/09\/Varta-CR1620-Finger.jpg\" alt=\"Batteria a bottone per occhiali EMDR REMSTIM 3000 sicura da tenere con le dita\" width=\"259\" height=\"194\" srcset=\"https:\/\/remstim.com\/wp-content\/uploads\/2013\/09\/Varta-CR1620-Finger.jpg 600w, https:\/\/remstim.com\/wp-content\/uploads\/2013\/09\/Varta-CR1620-Finger-300x225.jpg 300w\" sizes=\"(max-width: 259px) 100vw, 259px\" \/>Se le istruzioni del produttore vengono rispettate durante l&#8217;uso e la manipolazione della pila a bottone al litio ben sigillata, essa \u00e8 innocua e sicura. In assenza di ipersensibilit\u00e0 a determinate sostanze (reazioni allergiche), il contatto della pelle con la cella a bottone di litio \u00e8 innocuo.<\/p>\n<p>Quando si <a title=\"Istruzioni per l'uso: Sostituzione della batteria a bottone del REMSTIM 3000\" href=\"https:\/\/remstim.com\/it\/remstim-3000\/istruzioni-per-luso-remstim-3000\/#Auswechseln%20der%20Batterie\">sostituisce la pila a bottone<\/a>, il contatto della pelle con entrambi i poli contemporaneamente non \u00e8 evidente e non \u00e8 pericoloso. Se la batteria \u00e8 stata inserita correttamente nell&#8217;alloggiamento delle pile a bottone, non \u00e8 possibile il contatto simultaneo della pelle con entrambi i poli.<\/p>\n<p><strong>Importante: tenere le batterie a bottone lontano dalla portata dei bambini che potrebbero ingerirle.<\/strong><\/p>\n<p>Si prega di osservare le <a title=\"Nota in conformit\u00e0 alla legge sulle batterie (BattG)\" href=\"https:\/\/remstim.com\/it\/remstim-3000\/nota-in-conformita-alla-legge-sulle-batterie-battg\/\">informazioni in conformit\u00e0 con la legge sulle batterie (BattG)<\/a>.<\/p>\n","protected":false},"excerpt":{"rendered":"<p>Informazioni sulla batteria a bottone del REMSTIM 3000 Grazie alla loro struttura (elettronica, chip, LED, ecc.), gli occhiali REMSTIM 3000 EMDR richiedono pochissima energia durante il funzionamento, tanto che \u00e8 sufficiente una piccola batteria standard a bottone. La potenza della batteria a bottone utilizzata \u00e8 molte volte inferiore a quella di una normale batteria ricaricabile [&hellip;]<\/p>\n","protected":false},"author":1,"featured_media":0,"parent":17658,"menu_order":9,"comment_status":"closed","ping_status":"closed","template":"","meta":{"_acf_changed":false,"site-sidebar-layout":"default","site-content-layout":"default","ast-site-content-layout":"default","site-content-style":"default","site-sidebar-style":"default","ast-global-header-display":"","ast-banner-title-visibility":"","ast-main-header-display":"","ast-hfb-above-header-display":"","ast-hfb-below-header-display":"","ast-hfb-mobile-header-display":"","site-post-title":"","ast-breadcrumbs-content":"","ast-featured-img":"","footer-sml-layout":"","ast-disable-related-posts":"","theme-transparent-header-meta":"default","adv-header-id-meta":"","stick-header-meta":"default","header-above-stick-meta":"","header-main-stick-meta":"","header-below-stick-meta":"","astra-migrate-meta-layouts":"default","ast-page-background-enabled":"default","ast-page-background-meta":{"desktop":{"background-color":"var(--ast-global-color-4)","background-image":"","background-repeat":"repeat","background-position":"center center","background-size":"auto","background-attachment":"scroll","background-type":"","background-media":"","overlay-type":"","overlay-color":"","overlay-opacity":"","overlay-gradient":""},"tablet":{"background-color":"","background-image":"","background-repeat":"repeat","background-position":"center center","background-size":"auto","background-attachment":"scroll","background-type":"","background-media":"","overlay-type":"","overlay-color":"","overlay-opacity":"","overlay-gradient":""},"mobile":{"background-color":"","background-image":"","background-repeat":"repeat","background-position":"center center","background-size":"auto","background-attachment":"scroll","background-type":"","background-media":"","overlay-type":"","overlay-color":"","overlay-opacity":"","overlay-gradient":""}},"ast-content-background-meta":{"desktop":{"background-color":"var(--ast-global-color-5)","background-image":"","background-repeat":"repeat","background-position":"center center","background-size":"auto","background-attachment":"scroll","background-type":"","background-media":"","overlay-type":"","overlay-color":"","overlay-opacity":"","overlay-gradient":""},"tablet":{"background-color":"var(--ast-global-color-5)","background-image":"","background-repeat":"repeat","background-position":"center center","background-size":"auto","background-attachment":"scroll","background-type":"","background-media":"","overlay-type":"","overlay-color":"","overlay-opacity":"","overlay-gradient":""},"mobile":{"background-color":"var(--ast-global-color-5)","background-image":"","background-repeat":"repeat","background-position":"center center","background-size":"auto","background-attachment":"scroll","background-type":"","background-media":"","overlay-type":"","overlay-color":"","overlay-opacity":"","overlay-gradient":""}},"footnotes":""},"class_list":["post-17689","page","type-page","status-publish","hentry"],"acf":[],"yoast_head":"<!-- This site is optimized with the Yoast SEO plugin v27.4 - https:\/\/yoast.com\/product\/yoast-seo-wordpress\/ -->\n<title>Il contatto della pelle con la batteria a bottone del REMSTIM 3000 \u00e8 innocuo.<\/title>\n<meta name=\"description\" content=\"Grazie al suo design, il REMSTIM 3000 richiede pochissima energia durante il funzionamento, per cui \u00e8 sufficiente una piccola batteria a bottone.\" \/>\n<meta name=\"robots\" content=\"index, follow, max-snippet:-1, max-image-preview:large, max-video-preview:-1\" \/>\n<link rel=\"canonical\" href=\"https:\/\/remstim.com\/it\/remstim-3000\/informazioni-sulla-batteria-a-bottone-del-remstim-3000\/\" \/>\n<meta property=\"og:locale\" content=\"it_IT\" \/>\n<meta property=\"og:type\" content=\"article\" \/>\n<meta property=\"og:title\" content=\"Il contatto della pelle con la batteria a bottone del REMSTIM 3000 \u00e8 innocuo.\" \/>\n<meta property=\"og:description\" content=\"Grazie al suo design, il REMSTIM 3000 richiede pochissima energia durante il funzionamento, per cui \u00e8 sufficiente una piccola batteria a bottone.\" \/>\n<meta property=\"og:url\" content=\"https:\/\/remstim.com\/it\/remstim-3000\/informazioni-sulla-batteria-a-bottone-del-remstim-3000\/\" \/>\n<meta property=\"og:site_name\" content=\"EMDR Ger\u00e4t REMSTIM 3000 gegen Stress\" \/>\n<meta property=\"article:modified_time\" content=\"2023-09-15T07:40:00+00:00\" \/>\n<meta property=\"og:image\" content=\"https:\/\/remstim.com\/wp-content\/uploads\/2013\/09\/Varta-CR1620.jpg\" \/>\n<meta name=\"twitter:label1\" content=\"Tempo di lettura stimato\" \/>\n\t<meta name=\"twitter:data1\" content=\"2 minuti\" \/>\n<script type=\"application\/ld+json\" class=\"yoast-schema-graph\">{\"@context\":\"https:\\\/\\\/schema.org\",\"@graph\":[{\"@type\":\"WebPage\",\"@id\":\"https:\\\/\\\/remstim.com\\\/it\\\/remstim-3000\\\/informazioni-sulla-batteria-a-bottone-del-remstim-3000\\\/\",\"url\":\"https:\\\/\\\/remstim.com\\\/it\\\/remstim-3000\\\/informazioni-sulla-batteria-a-bottone-del-remstim-3000\\\/\",\"name\":\"Il contatto della pelle con la batteria a bottone del REMSTIM 3000 \u00e8 innocuo.\",\"isPartOf\":{\"@id\":\"https:\\\/\\\/remstim.com\\\/it\\\/#website\"},\"primaryImageOfPage\":{\"@id\":\"https:\\\/\\\/remstim.com\\\/it\\\/remstim-3000\\\/informazioni-sulla-batteria-a-bottone-del-remstim-3000\\\/#primaryimage\"},\"image\":{\"@id\":\"https:\\\/\\\/remstim.com\\\/it\\\/remstim-3000\\\/informazioni-sulla-batteria-a-bottone-del-remstim-3000\\\/#primaryimage\"},\"thumbnailUrl\":\"https:\\\/\\\/remstim.com\\\/wp-content\\\/uploads\\\/2013\\\/09\\\/Varta-CR1620.jpg\",\"datePublished\":\"2013-09-21T17:54:12+00:00\",\"dateModified\":\"2023-09-15T07:40:00+00:00\",\"description\":\"Grazie al suo design, il REMSTIM 3000 richiede pochissima energia durante il funzionamento, per cui \u00e8 sufficiente una piccola batteria a bottone.\",\"breadcrumb\":{\"@id\":\"https:\\\/\\\/remstim.com\\\/it\\\/remstim-3000\\\/informazioni-sulla-batteria-a-bottone-del-remstim-3000\\\/#breadcrumb\"},\"inLanguage\":\"it-IT\",\"potentialAction\":[{\"@type\":\"ReadAction\",\"target\":[\"https:\\\/\\\/remstim.com\\\/it\\\/remstim-3000\\\/informazioni-sulla-batteria-a-bottone-del-remstim-3000\\\/\"]}]},{\"@type\":\"ImageObject\",\"inLanguage\":\"it-IT\",\"@id\":\"https:\\\/\\\/remstim.com\\\/it\\\/remstim-3000\\\/informazioni-sulla-batteria-a-bottone-del-remstim-3000\\\/#primaryimage\",\"url\":\"https:\\\/\\\/remstim.com\\\/wp-content\\\/uploads\\\/2013\\\/09\\\/Varta-CR1620.jpg\",\"contentUrl\":\"https:\\\/\\\/remstim.com\\\/wp-content\\\/uploads\\\/2013\\\/09\\\/Varta-CR1620.jpg\"},{\"@type\":\"BreadcrumbList\",\"@id\":\"https:\\\/\\\/remstim.com\\\/it\\\/remstim-3000\\\/informazioni-sulla-batteria-a-bottone-del-remstim-3000\\\/#breadcrumb\",\"itemListElement\":[{\"@type\":\"ListItem\",\"position\":1,\"name\":\"Startseite\",\"item\":\"https:\\\/\\\/remstim.com\\\/it\\\/\"},{\"@type\":\"ListItem\",\"position\":2,\"name\":\"Occhiali EMDR REMSTIM 3000\",\"item\":\"https:\\\/\\\/remstim.com\\\/it\\\/remstim-3000\\\/\"},{\"@type\":\"ListItem\",\"position\":3,\"name\":\"Informazioni sulla batteria a bottone del REMSTIM 3000\"}]},{\"@type\":\"WebSite\",\"@id\":\"https:\\\/\\\/remstim.com\\\/it\\\/#website\",\"url\":\"https:\\\/\\\/remstim.com\\\/it\\\/\",\"name\":\"EMDR Ger\u00e4t REMSTIM 3000 gegen Stress\",\"description\":\"Wie wir schnell Entspannung finden.\",\"publisher\":{\"@id\":\"https:\\\/\\\/remstim.com\\\/it\\\/#organization\"},\"potentialAction\":[{\"@type\":\"SearchAction\",\"target\":{\"@type\":\"EntryPoint\",\"urlTemplate\":\"https:\\\/\\\/remstim.com\\\/it\\\/?s={search_term_string}\"},\"query-input\":{\"@type\":\"PropertyValueSpecification\",\"valueRequired\":true,\"valueName\":\"search_term_string\"}}],\"inLanguage\":\"it-IT\"},{\"@type\":\"Organization\",\"@id\":\"https:\\\/\\\/remstim.com\\\/it\\\/#organization\",\"name\":\"EMDR Ger\u00e4t REMSTIM 3000 gegen Stress\",\"url\":\"https:\\\/\\\/remstim.com\\\/it\\\/\",\"logo\":{\"@type\":\"ImageObject\",\"inLanguage\":\"it-IT\",\"@id\":\"https:\\\/\\\/remstim.com\\\/it\\\/#\\\/schema\\\/logo\\\/image\\\/\",\"url\":\"https:\\\/\\\/remstim.com\\\/wp-content\\\/uploads\\\/2012\\\/06\\\/REMSTIM-Logo-mit-Untertitel_orange-e1340382850185.png\",\"contentUrl\":\"https:\\\/\\\/remstim.com\\\/wp-content\\\/uploads\\\/2012\\\/06\\\/REMSTIM-Logo-mit-Untertitel_orange-e1340382850185.png\",\"width\":304,\"height\":80,\"caption\":\"EMDR Ger\u00e4t REMSTIM 3000 gegen Stress\"},\"image\":{\"@id\":\"https:\\\/\\\/remstim.com\\\/it\\\/#\\\/schema\\\/logo\\\/image\\\/\"}}]}<\/script>\n<!-- \/ Yoast SEO plugin. -->","yoast_head_json":{"title":"Il contatto della pelle con la batteria a bottone del REMSTIM 3000 \u00e8 innocuo.","description":"Grazie al suo design, il REMSTIM 3000 richiede pochissima energia durante il funzionamento, per cui \u00e8 sufficiente una piccola batteria a bottone.","robots":{"index":"index","follow":"follow","max-snippet":"max-snippet:-1","max-image-preview":"max-image-preview:large","max-video-preview":"max-video-preview:-1"},"canonical":"https:\/\/remstim.com\/it\/remstim-3000\/informazioni-sulla-batteria-a-bottone-del-remstim-3000\/","og_locale":"it_IT","og_type":"article","og_title":"Il contatto della pelle con la batteria a bottone del REMSTIM 3000 \u00e8 innocuo.","og_description":"Grazie al suo design, il REMSTIM 3000 richiede pochissima energia durante il funzionamento, per cui \u00e8 sufficiente una piccola batteria a bottone.","og_url":"https:\/\/remstim.com\/it\/remstim-3000\/informazioni-sulla-batteria-a-bottone-del-remstim-3000\/","og_site_name":"EMDR Ger\u00e4t REMSTIM 3000 gegen Stress","article_modified_time":"2023-09-15T07:40:00+00:00","og_image":[{"url":"https:\/\/remstim.com\/wp-content\/uploads\/2013\/09\/Varta-CR1620.jpg","type":"","width":"","height":""}],"twitter_misc":{"Tempo di lettura stimato":"2 minuti"},"schema":{"@context":"https:\/\/schema.org","@graph":[{"@type":"WebPage","@id":"https:\/\/remstim.com\/it\/remstim-3000\/informazioni-sulla-batteria-a-bottone-del-remstim-3000\/","url":"https:\/\/remstim.com\/it\/remstim-3000\/informazioni-sulla-batteria-a-bottone-del-remstim-3000\/","name":"Il contatto della pelle con la batteria a bottone del REMSTIM 3000 \u00e8 innocuo.","isPartOf":{"@id":"https:\/\/remstim.com\/it\/#website"},"primaryImageOfPage":{"@id":"https:\/\/remstim.com\/it\/remstim-3000\/informazioni-sulla-batteria-a-bottone-del-remstim-3000\/#primaryimage"},"image":{"@id":"https:\/\/remstim.com\/it\/remstim-3000\/informazioni-sulla-batteria-a-bottone-del-remstim-3000\/#primaryimage"},"thumbnailUrl":"https:\/\/remstim.com\/wp-content\/uploads\/2013\/09\/Varta-CR1620.jpg","datePublished":"2013-09-21T17:54:12+00:00","dateModified":"2023-09-15T07:40:00+00:00","description":"Grazie al suo design, il REMSTIM 3000 richiede pochissima energia durante il funzionamento, per cui \u00e8 sufficiente una piccola batteria a bottone.","breadcrumb":{"@id":"https:\/\/remstim.com\/it\/remstim-3000\/informazioni-sulla-batteria-a-bottone-del-remstim-3000\/#breadcrumb"},"inLanguage":"it-IT","potentialAction":[{"@type":"ReadAction","target":["https:\/\/remstim.com\/it\/remstim-3000\/informazioni-sulla-batteria-a-bottone-del-remstim-3000\/"]}]},{"@type":"ImageObject","inLanguage":"it-IT","@id":"https:\/\/remstim.com\/it\/remstim-3000\/informazioni-sulla-batteria-a-bottone-del-remstim-3000\/#primaryimage","url":"https:\/\/remstim.com\/wp-content\/uploads\/2013\/09\/Varta-CR1620.jpg","contentUrl":"https:\/\/remstim.com\/wp-content\/uploads\/2013\/09\/Varta-CR1620.jpg"},{"@type":"BreadcrumbList","@id":"https:\/\/remstim.com\/it\/remstim-3000\/informazioni-sulla-batteria-a-bottone-del-remstim-3000\/#breadcrumb","itemListElement":[{"@type":"ListItem","position":1,"name":"Startseite","item":"https:\/\/remstim.com\/it\/"},{"@type":"ListItem","position":2,"name":"Occhiali EMDR REMSTIM 3000","item":"https:\/\/remstim.com\/it\/remstim-3000\/"},{"@type":"ListItem","position":3,"name":"Informazioni sulla batteria a bottone del REMSTIM 3000"}]},{"@type":"WebSite","@id":"https:\/\/remstim.com\/it\/#website","url":"https:\/\/remstim.com\/it\/","name":"EMDR Ger\u00e4t REMSTIM 3000 gegen Stress","description":"Wie wir schnell Entspannung finden.","publisher":{"@id":"https:\/\/remstim.com\/it\/#organization"},"potentialAction":[{"@type":"SearchAction","target":{"@type":"EntryPoint","urlTemplate":"https:\/\/remstim.com\/it\/?s={search_term_string}"},"query-input":{"@type":"PropertyValueSpecification","valueRequired":true,"valueName":"search_term_string"}}],"inLanguage":"it-IT"},{"@type":"Organization","@id":"https:\/\/remstim.com\/it\/#organization","name":"EMDR Ger\u00e4t REMSTIM 3000 gegen Stress","url":"https:\/\/remstim.com\/it\/","logo":{"@type":"ImageObject","inLanguage":"it-IT","@id":"https:\/\/remstim.com\/it\/#\/schema\/logo\/image\/","url":"https:\/\/remstim.com\/wp-content\/uploads\/2012\/06\/REMSTIM-Logo-mit-Untertitel_orange-e1340382850185.png","contentUrl":"https:\/\/remstim.com\/wp-content\/uploads\/2012\/06\/REMSTIM-Logo-mit-Untertitel_orange-e1340382850185.png","width":304,"height":80,"caption":"EMDR Ger\u00e4t REMSTIM 3000 gegen Stress"},"image":{"@id":"https:\/\/remstim.com\/it\/#\/schema\/logo\/image\/"}}]}},"_links":{"self":[{"href":"https:\/\/remstim.com\/it\/wp-json\/wp\/v2\/pages\/17689","targetHints":{"allow":["GET"]}}],"collection":[{"href":"https:\/\/remstim.com\/it\/wp-json\/wp\/v2\/pages"}],"about":[{"href":"https:\/\/remstim.com\/it\/wp-json\/wp\/v2\/types\/page"}],"author":[{"embeddable":true,"href":"https:\/\/remstim.com\/it\/wp-json\/wp\/v2\/users\/1"}],"replies":[{"embeddable":true,"href":"https:\/\/remstim.com\/it\/wp-json\/wp\/v2\/comments?post=17689"}],"version-history":[{"count":0,"href":"https:\/\/remstim.com\/it\/wp-json\/wp\/v2\/pages\/17689\/revisions"}],"up":[{"embeddable":true,"href":"https:\/\/remstim.com\/it\/wp-json\/wp\/v2\/pages\/17658"}],"wp:attachment":[{"href":"https:\/\/remstim.com\/it\/wp-json\/wp\/v2\/media?parent=17689"}],"curies":[{"name":"wp","href":"https:\/\/api.w.org\/{rel}","templated":true}]}}