{"id":24287,"date":"2023-09-28T08:33:36","date_gmt":"2023-09-28T08:33:36","guid":{"rendered":"https:\/\/remstim.de\/remstim-3000\/agb-termini-e-condizioni-generali\/"},"modified":"2023-09-28T08:47:47","modified_gmt":"2023-09-28T08:47:47","slug":"termini-e-condizioni-generali","status":"publish","type":"page","link":"https:\/\/remstim.com\/it\/impronta\/termini-e-condizioni-generali\/","title":{"rendered":"Termini e condizioni generali"},"content":{"rendered":"<h1>Termini e condizioni generali<\/h1>\n<h3>\u00a7 1 Applicabilit\u00e0, definizioni dei termini<\/h3>\n<p>(1) Thomas Buhl, Am Dachsbau 59, 13503 Berlino, Germania (di seguito: &#8220;noi&#8221; o &#8220;Thomas Buhl&#8221;) gestisce un negozio online di prodotti con il sito https:\/\/remstim.com. Le seguenti Condizioni Generali si applicano a tutti i servizi tra noi e i nostri clienti (di seguito: &#8220;Cliente&#8221; o &#8220;Lei&#8221;) nella versione valida al momento dell&#8217;ordine, se non espressamente concordato diversamente.<\/p>\n<p>(2) Per &#8220;consumatore&#8221; ai sensi dei presenti Termini e condizioni si intende qualsiasi persona fisica che stipula un negozio giuridico per scopi che non possono essere prevalentemente attribuiti n\u00e9 alla sua attivit\u00e0 commerciale n\u00e9 alla sua attivit\u00e0 professionale indipendente. Per &#8220;imprenditore&#8221; si intende una persona fisica o giuridica o una societ\u00e0 di persone dotata di capacit\u00e0 giuridica che, al momento della stipula di un negozio giuridico, agisce nell&#8217;esercizio della propria attivit\u00e0 commerciale, imprenditoriale o professionale, o in qualit\u00e0 di lavoratore autonomo; per societ\u00e0 di persone dotata di capacit\u00e0 giuridica si intende una societ\u00e0 di persone che ha la capacit\u00e0 di acquisire diritti e di assumere responsabilit\u00e0.<\/p>\n<h3>\u00a7 2 Conclusione dei contratti, conservazione del testo del contratto<\/h3>\n<p>(1) Per gli ordini effettuati tramite il nostro negozio online https:\/\/remstim.com valgono le seguenti disposizioni sulla stipula dei contratti.<\/p>\n<p>(2) Le nostre presentazioni dei prodotti su Internet non sono vincolanti e non costituiscono un&#8217;offerta vincolante per la conclusione di un contratto.<\/p>\n<p>(3) Al ricevimento di un ordine nel nostro negozio online si applicano le seguenti disposizioni: Il cliente fa un&#8217;offerta vincolante per la stipula di un contratto completando con successo la procedura d&#8217;ordine prevista nel nostro negozio online. L&#8217;ordine viene effettuato nelle seguenti fasi:<\/p>\n<ol>\n<li>Selezione della merce desiderata,<\/li>\n<li>Controllo dei dettagli della merce,<\/li>\n<li>Selezione del metodo di pagamento, se applicabile. Iscrizione\/verifica dell&#8217;indirizzo e dei dati di contatto, conferma delle CGC e della politica di cancellazione,<\/li>\n<li>Se la qualit\u00e0 concordata della merce si discosta dalla qualit\u00e0 e dalle condizioni d&#8217;uso abituali, la conferma di un accordo di qualit\u00e0 negativo,<\/li>\n<li>Completamento dell&#8217;ordine premendo il pulsante &#8220;Acquista&#8221; o &#8220;Ordine soggetto a pagamento&#8221;. Questo costituisce il vostro ordine vincolante.<\/li>\n<li>Il contratto \u00e8 concluso quando si riceve una conferma d&#8217;ordine da parte nostra entro tre giorni lavorativi all&#8217;indirizzo e-mail indicato.<\/li>\n<\/ol>\n<p>(4) In caso di stipula di un contratto, questo sar\u00e0 concluso con Thomas Buhl, Am Dachsbau 59, 13503 Berlino, Germania.<\/p>\n<p>(5) Prima di effettuare l&#8217;ordine, i dati del contratto possono essere stampati o salvati elettronicamente tramite la funzione di stampa del browser. L&#8217;elaborazione dell&#8217;ordine e la trasmissione di tutte le informazioni necessarie per la conclusione del contratto, in particolare i dati dell&#8217;ordine, le Condizioni generali di contratto e la politica di annullamento, avverr\u00e0 per e-mail dopo l&#8217;inoltro dell&#8217;ordine da parte del cliente, in parte automaticamente. Non memorizziamo il testo del contratto dopo la sua conclusione.<\/p>\n<p>(6) Gli errori di inserimento possono essere corretti utilizzando le consuete funzioni della tastiera, del mouse e del browser (ad esempio, il &#8220;pulsante indietro&#8221; del browser). \u00c8 possibile correggerli anche annullando prematuramente il processo d&#8217;ordine, chiudendo la finestra del browser e ripetendo il processo.<\/p>\n<p>(7) L&#8217;elaborazione dell&#8217;ordine e la trasmissione di tutte le informazioni necessarie per la conclusione del contratto avverranno per e-mail, in parte automaticamente. Dovete quindi assicurarvi che l&#8217;indirizzo e-mail che ci avete lasciato sia corretto, che la ricezione delle e-mail sia tecnicamente garantita e, in particolare, che non sia impedita dai filtri SPAM.<\/p>\n<h3>\u00a7 3 Oggetto del contratto e caratteristiche essenziali dei prodotti<\/h3>\n<p>(1) Nel caso del nostro negozio online, l&#8217;oggetto del contratto \u00e8:<\/p>\n<ol style=\"list-style-type: lower-alpha;\">\n<li>La vendita di beni. Potete vedere la merce effettivamente offerta nelle nostre pagine di articoli.<\/li>\n<\/ol>\n<p>(2) Le caratteristiche essenziali della merce sono riportate nella descrizione dell&#8217;articolo. Se la qualit\u00e0 concordata della merce si discosta dalla qualit\u00e0 e dalle condizioni d&#8217;uso abituali, ci\u00f2 sar\u00e0 espressamente indicato nella descrizione dell&#8217;articolo (accordo di qualit\u00e0 negativo). Se il cliente ha dato il suo consenso esplicito allo scostamento negativo della qualit\u00e0, questo definisce l&#8217;oggetto del contratto.<\/p>\n<h3>\u00a7 4 Prezzi, costi di spedizione e consegna<\/h3>\n<p>(1) I prezzi indicati nelle rispettive offerte e le spese di spedizione sono prezzi totali e comprendono tutte le componenti del prezzo, incluse le tasse applicabili.<\/p>\n<p>(2) Il rispettivo prezzo di acquisto deve essere pagato prima della consegna del prodotto (pagamento anticipato), a meno che non si offra espressamente l&#8217;acquisto in acconto. Le modalit\u00e0 di pagamento a vostra disposizione sono indicate nel negozio online o nell&#8217;offerta corrispondente, sotto un apposito pulsante. Se non diversamente indicato nelle singole modalit\u00e0 di pagamento, le richieste di pagamento devono essere pagate immediatamente.<\/p>\n<p>(3) Oltre ai prezzi indicati, per la consegna dei prodotti vengono sostenute spese di spedizione, a meno che il rispettivo articolo non sia indicato come esente da spese di spedizione. Le spese di spedizione sono indicate nelle <a href=\"https:\/\/remstim.com\/it\/remstim-3000\/condizioni-di-spedizione-e-consegna\/\">condizioni di spedizione e consegna<\/a>. Le spese di spedizione vi saranno comunicate chiaramente anche in occasione delle offerte, eventualmente nel sistema del carrello e\/o nella panoramica dell&#8217;ordine.<\/p>\n<p>(4) Tutti i prodotti offerti, se non diversamente specificato nella descrizione del prodotto, sono pronti per la spedizione immediata e verranno spediti al cliente secondo i <a href=\"https:\/\/remstim.com\/it\/remstim-3000\/condizioni-di-spedizione-e-consegna\/\">tempi di consegna<\/a> previsti dopo il ricevimento del pagamento.<\/p>\n<p>(5) Si applicano le seguenti limitazioni alla zona di consegna: La consegna viene effettuata nei seguenti paesi: Austria, Belgio, Francia, Germania, Italia, Lussemburgo, Paesi Bassi, Polonia, Spagna.<\/p>\n<h3>\u00a7 5 Diritto di ritenzione, riserva di propriet\u00e0<\/h3>\n<p>(1) Il diritto di ritenzione pu\u00f2 essere esercitato solo se riguarda crediti derivanti dallo stesso rapporto contrattuale.<\/p>\n<p>(2) La merce rimane di nostra propriet\u00e0 fino al completo pagamento del prezzo di acquisto.<\/p>\n<h3>\u00a7 6 Diritto di recesso<\/h3>\n<p>In qualit\u00e0 di consumatore, avete il diritto di recesso. Ci\u00f2 \u00e8 regolato dalla nostra <a href=\"https:\/\/remstim.com\/it\/remstim-3000\/politica-di-cancellazione\/\">politica di cancellazione<\/a>.<\/p>\n<h3>\u00a7 7 Responsabilit\u00e0<\/h3>\n<p>(1) Fatte salve le seguenti eccezioni, la nostra responsabilit\u00e0 per violazioni contrattuali e per atti illeciti \u00e8 limitata al dolo o alla colpa grave.<\/p>\n<p>(2) In caso di negligenza lieve, rispondiamo illimitatamente in caso di lesioni alla vita, all&#8217;incolumit\u00e0 fisica o alla salute o in caso di violazione di un obbligo contrattuale sostanziale. Se siamo in ritardo nell&#8217;adempimento per negligenza lieve, se l&#8217;adempimento \u00e8 diventato impossibile o se abbiamo violato un obbligo contrattuale sostanziale, la responsabilit\u00e0 per i danni materiali e le perdite finanziarie ad essi riconducibili sar\u00e0 limitata al <strong>danno prevedibile tipico del contratto<\/strong>. Un obbligo contrattuale sostanziale \u00e8 un obbligo il cui adempimento rende possibile in primo luogo la corretta esecuzione del contratto, la cui violazione mette a rischio il raggiungimento dello scopo del contratto e sulla cui osservanza si pu\u00f2 regolarmente fare affidamento. Ci\u00f2 include, in particolare, il nostro dovere di agire e di adempiere alle prestazioni dovute ai sensi del contratto, descritto al \u00a7 3.<\/p>\n<h3>\u00a7 8 Linguaggio contrattuale<\/h3>\n<p>Come lingua contrattuale \u00e8 disponibile solo il tedesco. Per semplicit\u00e0 e comprensione, forniamo le CGT anche in altre lingue.<\/p>\n<h3>\u00a7 9 Garanzia<\/h3>\n<p>(1) La garanzia \u00e8 disciplinata dalle disposizioni di legge.<\/p>\n<p>(2) In qualit\u00e0 di consumatore, siete tenuti a verificare la completezza, i difetti evidenti e i danni da trasporto dell&#8217;articolo\/merce digitale o del servizio fornito immediatamente dopo l&#8217;esecuzione del contratto e a comunicare a noi e al vettore eventuali reclami nel pi\u00f9 breve tempo possibile. L&#8217;inosservanza di questa norma non avr\u00e0 ovviamente alcun effetto sui diritti di garanzia previsti dalla legge.<\/p>\n<h3>\u00a7 10 Disposizioni finali\/Risoluzione delle controversie<\/h3>\n<p>(1) Si applica il diritto tedesco. Nel caso dei consumatori, questa scelta di legge si applicher\u00e0 solo nella misura in cui la protezione garantita dalle disposizioni obbligatorie della legge dello Stato in cui il consumatore risiede abitualmente non venga revocata (principio del favor rei).<\/p>\n<p>(2) Non si applicano espressamente le disposizioni della Convenzione delle Nazioni Unite sui contratti di vendita internazionale di merci.<\/p>\n<p>(3) Se il cliente \u00e8 un commerciante, una persona giuridica di diritto pubblico o un fondo speciale di diritto pubblico, il foro competente per tutte le controversie derivanti dai rapporti contrattuali tra il cliente e l&#8217;offerente \u00e8 la sede legale dell&#8217;offerente.<\/p>\n<p>(4)  <strong>Risoluzione alternativa delle controversie ai sensi dell&#8217;art. 14 cpv. 1 Regolamento ODR e \u00a7 36 VSBG:<\/strong>  La Commissione europea mette a disposizione una piattaforma per la risoluzione delle controversie online (ODR), che si trova all&#8217;indirizzo <a href=\"http:\/\/ec.europa.eu\/consumers\/odr\/\" target=\"_blank\" rel=\"noopener noreferrer\">http:\/\/ec.europa.eu\/consumers\/odr\/.<\/a>  Non siamo obbligati a partecipare a una procedura di risoluzione delle controversie davanti a un collegio arbitrale dei consumatori e in genere non siamo disposti a farlo.<\/p>\n","protected":false},"excerpt":{"rendered":"<p>Termini e condizioni generali \u00a7 1 Applicabilit\u00e0, definizioni dei termini (1) Thomas Buhl, Am Dachsbau 59, 13503 Berlino, Germania (di seguito: &#8220;noi&#8221; o &#8220;Thomas Buhl&#8221;) gestisce un negozio online di prodotti con il sito https:\/\/remstim.com. Le seguenti Condizioni Generali si applicano a tutti i servizi tra noi e i nostri clienti (di seguito: &#8220;Cliente&#8221; o [&hellip;]<\/p>\n","protected":false},"author":1,"featured_media":0,"parent":17659,"menu_order":0,"comment_status":"closed","ping_status":"closed","template":"","meta":{"_acf_changed":false,"site-sidebar-layout":"default","site-content-layout":"","ast-site-content-layout":"default","site-content-style":"default","site-sidebar-style":"default","ast-global-header-display":"","ast-banner-title-visibility":"","ast-main-header-display":"","ast-hfb-above-header-display":"","ast-hfb-below-header-display":"","ast-hfb-mobile-header-display":"","site-post-title":"","ast-breadcrumbs-content":"","ast-featured-img":"","footer-sml-layout":"","ast-disable-related-posts":"","theme-transparent-header-meta":"default","adv-header-id-meta":"","stick-header-meta":"default","header-above-stick-meta":"","header-main-stick-meta":"","header-below-stick-meta":"","astra-migrate-meta-layouts":"set","ast-page-background-enabled":"default","ast-page-background-meta":{"desktop":{"background-color":"var(--ast-global-color-4)","background-image":"","background-repeat":"repeat","background-position":"center center","background-size":"auto","background-attachment":"scroll","background-type":"","background-media":"","overlay-type":"","overlay-color":"","overlay-opacity":"","overlay-gradient":""},"tablet":{"background-color":"","background-image":"","background-repeat":"repeat","background-position":"center center","background-size":"auto","background-attachment":"scroll","background-type":"","background-media":"","overlay-type":"","overlay-color":"","overlay-opacity":"","overlay-gradient":""},"mobile":{"background-color":"","background-image":"","background-repeat":"repeat","background-position":"center center","background-size":"auto","background-attachment":"scroll","background-type":"","background-media":"","overlay-type":"","overlay-color":"","overlay-opacity":"","overlay-gradient":""}},"ast-content-background-meta":{"desktop":{"background-color":"var(--ast-global-color-5)","background-image":"","background-repeat":"repeat","background-position":"center center","background-size":"auto","background-attachment":"scroll","background-type":"","background-media":"","overlay-type":"","overlay-color":"","overlay-opacity":"","overlay-gradient":""},"tablet":{"background-color":"var(--ast-global-color-5)","background-image":"","background-repeat":"repeat","background-position":"center center","background-size":"auto","background-attachment":"scroll","background-type":"","background-media":"","overlay-type":"","overlay-color":"","overlay-opacity":"","overlay-gradient":""},"mobile":{"background-color":"var(--ast-global-color-5)","background-image":"","background-repeat":"repeat","background-position":"center center","background-size":"auto","background-attachment":"scroll","background-type":"","background-media":"","overlay-type":"","overlay-color":"","overlay-opacity":"","overlay-gradient":""}},"footnotes":""},"class_list":["post-24287","page","type-page","status-publish","hentry"],"acf":[],"yoast_head":"<!-- This site is optimized with the Yoast SEO plugin v27.3 - https:\/\/yoast.com\/product\/yoast-seo-wordpress\/ -->\n<title>Termini e condizioni generali - EMDR Ger\u00e4t REMSTIM 3000 gegen Stress<\/title>\n<meta name=\"robots\" content=\"noindex, follow\" \/>\n<meta property=\"og:locale\" content=\"it_IT\" \/>\n<meta property=\"og:type\" content=\"article\" \/>\n<meta property=\"og:title\" content=\"Termini e condizioni generali - EMDR Ger\u00e4t REMSTIM 3000 gegen Stress\" \/>\n<meta property=\"og:description\" content=\"Termini e condizioni generali \u00a7 1 Applicabilit\u00e0, definizioni dei termini (1) Thomas Buhl, Am Dachsbau 59, 13503 Berlino, Germania (di seguito: &#8220;noi&#8221; o &#8220;Thomas Buhl&#8221;) gestisce un negozio online di prodotti con il sito https:\/\/remstim.com. Le seguenti Condizioni Generali si applicano a tutti i servizi tra noi e i nostri clienti (di seguito: &#8220;Cliente&#8221; o [&hellip;]\" \/>\n<meta property=\"og:url\" content=\"https:\/\/remstim.com\/it\/impronta\/termini-e-condizioni-generali\/\" \/>\n<meta property=\"og:site_name\" content=\"EMDR Ger\u00e4t REMSTIM 3000 gegen Stress\" \/>\n<meta property=\"article:modified_time\" content=\"2023-09-28T08:47:47+00:00\" \/>\n<meta name=\"twitter:label1\" content=\"Tempo di lettura stimato\" \/>\n\t<meta name=\"twitter:data1\" content=\"8 minuti\" \/>\n<script type=\"application\/ld+json\" class=\"yoast-schema-graph\">{\"@context\":\"https:\\\/\\\/schema.org\",\"@graph\":[{\"@type\":\"WebPage\",\"@id\":\"https:\\\/\\\/remstim.com\\\/it\\\/impronta\\\/termini-e-condizioni-generali\\\/\",\"url\":\"https:\\\/\\\/remstim.com\\\/it\\\/impronta\\\/termini-e-condizioni-generali\\\/\",\"name\":\"Termini e condizioni generali - EMDR Ger\u00e4t REMSTIM 3000 gegen Stress\",\"isPartOf\":{\"@id\":\"https:\\\/\\\/remstim.com\\\/it\\\/#website\"},\"datePublished\":\"2023-09-28T08:33:36+00:00\",\"dateModified\":\"2023-09-28T08:47:47+00:00\",\"breadcrumb\":{\"@id\":\"https:\\\/\\\/remstim.com\\\/it\\\/impronta\\\/termini-e-condizioni-generali\\\/#breadcrumb\"},\"inLanguage\":\"it-IT\",\"potentialAction\":[{\"@type\":\"ReadAction\",\"target\":[\"https:\\\/\\\/remstim.com\\\/it\\\/impronta\\\/termini-e-condizioni-generali\\\/\"]}]},{\"@type\":\"BreadcrumbList\",\"@id\":\"https:\\\/\\\/remstim.com\\\/it\\\/impronta\\\/termini-e-condizioni-generali\\\/#breadcrumb\",\"itemListElement\":[{\"@type\":\"ListItem\",\"position\":1,\"name\":\"Startseite\",\"item\":\"https:\\\/\\\/remstim.com\\\/it\\\/\"},{\"@type\":\"ListItem\",\"position\":2,\"name\":\"Impronta\",\"item\":\"https:\\\/\\\/remstim.com\\\/it\\\/impronta\\\/\"},{\"@type\":\"ListItem\",\"position\":3,\"name\":\"Termini e condizioni generali\"}]},{\"@type\":\"WebSite\",\"@id\":\"https:\\\/\\\/remstim.com\\\/it\\\/#website\",\"url\":\"https:\\\/\\\/remstim.com\\\/it\\\/\",\"name\":\"EMDR Ger\u00e4t REMSTIM 3000 gegen Stress\",\"description\":\"Wie wir schnell Entspannung finden.\",\"publisher\":{\"@id\":\"https:\\\/\\\/remstim.com\\\/it\\\/#organization\"},\"potentialAction\":[{\"@type\":\"SearchAction\",\"target\":{\"@type\":\"EntryPoint\",\"urlTemplate\":\"https:\\\/\\\/remstim.com\\\/it\\\/?s={search_term_string}\"},\"query-input\":{\"@type\":\"PropertyValueSpecification\",\"valueRequired\":true,\"valueName\":\"search_term_string\"}}],\"inLanguage\":\"it-IT\"},{\"@type\":\"Organization\",\"@id\":\"https:\\\/\\\/remstim.com\\\/it\\\/#organization\",\"name\":\"EMDR Ger\u00e4t REMSTIM 3000 gegen Stress\",\"url\":\"https:\\\/\\\/remstim.com\\\/it\\\/\",\"logo\":{\"@type\":\"ImageObject\",\"inLanguage\":\"it-IT\",\"@id\":\"https:\\\/\\\/remstim.com\\\/it\\\/#\\\/schema\\\/logo\\\/image\\\/\",\"url\":\"https:\\\/\\\/remstim.com\\\/wp-content\\\/uploads\\\/2012\\\/06\\\/REMSTIM-Logo-mit-Untertitel_orange-e1340382850185.png\",\"contentUrl\":\"https:\\\/\\\/remstim.com\\\/wp-content\\\/uploads\\\/2012\\\/06\\\/REMSTIM-Logo-mit-Untertitel_orange-e1340382850185.png\",\"width\":304,\"height\":80,\"caption\":\"EMDR Ger\u00e4t REMSTIM 3000 gegen Stress\"},\"image\":{\"@id\":\"https:\\\/\\\/remstim.com\\\/it\\\/#\\\/schema\\\/logo\\\/image\\\/\"}}]}<\/script>\n<!-- \/ Yoast SEO plugin. -->","yoast_head_json":{"title":"Termini e condizioni generali - EMDR Ger\u00e4t REMSTIM 3000 gegen Stress","robots":{"index":"noindex","follow":"follow"},"og_locale":"it_IT","og_type":"article","og_title":"Termini e condizioni generali - EMDR Ger\u00e4t REMSTIM 3000 gegen Stress","og_description":"Termini e condizioni generali \u00a7 1 Applicabilit\u00e0, definizioni dei termini (1) Thomas Buhl, Am Dachsbau 59, 13503 Berlino, Germania (di seguito: &#8220;noi&#8221; o &#8220;Thomas Buhl&#8221;) gestisce un negozio online di prodotti con il sito https:\/\/remstim.com. Le seguenti Condizioni Generali si applicano a tutti i servizi tra noi e i nostri clienti (di seguito: &#8220;Cliente&#8221; o [&hellip;]","og_url":"https:\/\/remstim.com\/it\/impronta\/termini-e-condizioni-generali\/","og_site_name":"EMDR Ger\u00e4t REMSTIM 3000 gegen Stress","article_modified_time":"2023-09-28T08:47:47+00:00","twitter_misc":{"Tempo di lettura stimato":"8 minuti"},"schema":{"@context":"https:\/\/schema.org","@graph":[{"@type":"WebPage","@id":"https:\/\/remstim.com\/it\/impronta\/termini-e-condizioni-generali\/","url":"https:\/\/remstim.com\/it\/impronta\/termini-e-condizioni-generali\/","name":"Termini e condizioni generali - EMDR Ger\u00e4t REMSTIM 3000 gegen Stress","isPartOf":{"@id":"https:\/\/remstim.com\/it\/#website"},"datePublished":"2023-09-28T08:33:36+00:00","dateModified":"2023-09-28T08:47:47+00:00","breadcrumb":{"@id":"https:\/\/remstim.com\/it\/impronta\/termini-e-condizioni-generali\/#breadcrumb"},"inLanguage":"it-IT","potentialAction":[{"@type":"ReadAction","target":["https:\/\/remstim.com\/it\/impronta\/termini-e-condizioni-generali\/"]}]},{"@type":"BreadcrumbList","@id":"https:\/\/remstim.com\/it\/impronta\/termini-e-condizioni-generali\/#breadcrumb","itemListElement":[{"@type":"ListItem","position":1,"name":"Startseite","item":"https:\/\/remstim.com\/it\/"},{"@type":"ListItem","position":2,"name":"Impronta","item":"https:\/\/remstim.com\/it\/impronta\/"},{"@type":"ListItem","position":3,"name":"Termini e condizioni generali"}]},{"@type":"WebSite","@id":"https:\/\/remstim.com\/it\/#website","url":"https:\/\/remstim.com\/it\/","name":"EMDR Ger\u00e4t REMSTIM 3000 gegen Stress","description":"Wie wir schnell Entspannung finden.","publisher":{"@id":"https:\/\/remstim.com\/it\/#organization"},"potentialAction":[{"@type":"SearchAction","target":{"@type":"EntryPoint","urlTemplate":"https:\/\/remstim.com\/it\/?s={search_term_string}"},"query-input":{"@type":"PropertyValueSpecification","valueRequired":true,"valueName":"search_term_string"}}],"inLanguage":"it-IT"},{"@type":"Organization","@id":"https:\/\/remstim.com\/it\/#organization","name":"EMDR Ger\u00e4t REMSTIM 3000 gegen Stress","url":"https:\/\/remstim.com\/it\/","logo":{"@type":"ImageObject","inLanguage":"it-IT","@id":"https:\/\/remstim.com\/it\/#\/schema\/logo\/image\/","url":"https:\/\/remstim.com\/wp-content\/uploads\/2012\/06\/REMSTIM-Logo-mit-Untertitel_orange-e1340382850185.png","contentUrl":"https:\/\/remstim.com\/wp-content\/uploads\/2012\/06\/REMSTIM-Logo-mit-Untertitel_orange-e1340382850185.png","width":304,"height":80,"caption":"EMDR Ger\u00e4t REMSTIM 3000 gegen Stress"},"image":{"@id":"https:\/\/remstim.com\/it\/#\/schema\/logo\/image\/"}}]}},"_links":{"self":[{"href":"https:\/\/remstim.com\/it\/wp-json\/wp\/v2\/pages\/24287","targetHints":{"allow":["GET"]}}],"collection":[{"href":"https:\/\/remstim.com\/it\/wp-json\/wp\/v2\/pages"}],"about":[{"href":"https:\/\/remstim.com\/it\/wp-json\/wp\/v2\/types\/page"}],"author":[{"embeddable":true,"href":"https:\/\/remstim.com\/it\/wp-json\/wp\/v2\/users\/1"}],"replies":[{"embeddable":true,"href":"https:\/\/remstim.com\/it\/wp-json\/wp\/v2\/comments?post=24287"}],"version-history":[{"count":0,"href":"https:\/\/remstim.com\/it\/wp-json\/wp\/v2\/pages\/24287\/revisions"}],"up":[{"embeddable":true,"href":"https:\/\/remstim.com\/it\/wp-json\/wp\/v2\/pages\/17659"}],"wp:attachment":[{"href":"https:\/\/remstim.com\/it\/wp-json\/wp\/v2\/media?parent=24287"}],"curies":[{"name":"wp","href":"https:\/\/api.w.org\/{rel}","templated":true}]}}